{"id":22472,"date":"2024-03-18T13:33:25","date_gmt":"2024-03-18T13:33:25","guid":{"rendered":"https:\/\/test.esolutions.free2move.com\/eu\/governance-und-ethik\/"},"modified":"2024-03-18T13:33:25","modified_gmt":"2024-03-18T13:33:25","slug":"governance-und-ethik","status":"publish","type":"page","link":"https:\/\/test.esolutions.free2move.com\/eu\/de_at\/governance-und-ethik\/","title":{"rendered":"Governance und Ethik"},"content":{"rendered":"<div id=\"cs-content\" class=\"cs-content\"><nav class=\"x-crumbs e12563-e1 m9oz-0\" role=\"navigation\"><ol class=\"x-crumbs-list\" itemscope=\"\" itemtype=\"http:\/\/schema.org\/BreadcrumbList\" aria-label=\"Breadcrumb Navigation\"><li class=\"x-crumbs-list-item\" itemprop=\"itemListElement\" itemscope itemtype=\"http:\/\/schema.org\/ListItem\"><a class=\"x-crumbs-current x-crumbs-link\" itemtype=\"http:\/\/schema.org\/Thing\" itemprop=\"item\" href=\"https:\/\/test.esolutions.free2move.com\/eu\/de_at\/\" title=\"You Are Here\"><span itemprop=\"name\">Home<\/span><\/a><meta itemprop=\"position\" content=\"1\"><\/li><\/ol><\/nav><div class=\"x-section e12563-e2 m9oz-1 m9oz-2 m9oz-3\"><div class=\"x-row x-container max width e12563-e3 m9oz-6 m9oz-7 m9oz-8 m9oz-9 m9oz-e\"><div class=\"x-row-inner\"><div class=\"x-col e12563-e4 m9oz-y m9oz-z m9oz-10 es_gap\"><div class=\"x-div e12563-e5 m9oz-12 m9oz-13\"><div class=\"x-text x-text-headline e12563-e6 m9oz-19 m9oz-1a m9oz-1b m9oz-1c m9oz-1d\"><div class=\"x-text-content\"><div class=\"x-text-content-text\"><h2 class=\"x-text-content-text-primary\">Governance und Ethik<\/h2><\/div><\/div><\/div><div class=\"x-text x-content e12563-e7 m9oz-1i m9oz-1j m9oz-1k m9oz-1l m9oz-1m m9oz-1n m9oz-1o\"><p>Erfahren Sie mehr \u00fcber unseren&nbsp;<strong>Vorstand<\/strong>&nbsp;sehr engagiert unsere Gesch\u00e4ftsstrategie und unsere hohen ethischen Standards, die auf Integrit\u00e4t als Richtschnur f\u00fcr alle unsere Entscheidungen beruhen, \u00fcberwacht.<\/p><\/div><\/div><\/div><div class=\"x-col e12563-e8 m9oz-z m9oz-10\"><span class=\"x-image e12563-e9 m9oz-1y m9oz-1z\"><img decoding=\"async\" src=\"https:\/\/test.esolutions.free2move.com\/eu\/wp-content\/uploads\/2024\/03\/iStock-1010836150.jpg\" width=\"1382\" height=\"936\" alt=\"Image\" loading=\"lazy\"><\/span><\/div><\/div><\/div><\/div><div class=\"x-section e12563-e10 m9oz-1 m9oz-2 m9oz-4\"><div class=\"x-text x-text-headline e12563-e11 m9oz-1a m9oz-1b m9oz-1d m9oz-1e m9oz-1f\"><div class=\"x-text-content\"><div class=\"x-text-content-text\"><h3 class=\"x-text-content-text-primary\">Direktorium<\/h3><\/div><\/div><\/div><div class=\"x-row x-container max width e12563-e12 m9oz-6 m9oz-7 m9oz-a m9oz-b m9oz-c m9oz-f m9oz-g\"><div class=\"x-row-inner\"><div class=\"x-col e12563-e13 m9oz-10 m9oz-11\"><div class=\"x-row e12563-e14 m9oz-6 m9oz-7 m9oz-8 m9oz-b m9oz-c m9oz-f m9oz-h\"><div class=\"x-row-inner\"><div class=\"x-col e12563-e15 m9oz-10 m9oz-11\"><span class=\"x-image e12563-e16 m9oz-1y m9oz-20\"><img decoding=\"async\" src=\"https:\/\/test.esolutions.free2move.com\/eu\/wp-content\/uploads\/2024\/03\/GovernanceEthics_Carlalberto-Guglielminotti-copia.jpg\" width=\"146\" height=\"134\" alt=\"Image\" loading=\"lazy\"><\/span><\/div><\/div><\/div><div class=\"x-row e12563-e17 m9oz-6 m9oz-8 m9oz-c m9oz-d m9oz-f m9oz-i\"><div class=\"x-row-inner\"><div class=\"x-col e12563-e18 m9oz-10 m9oz-11\"><div class=\"x-text x-content e12563-e19 m9oz-1j m9oz-1k m9oz-1m m9oz-1o m9oz-1p m9oz-1q\"><h5>Carlalberto Guglielminotti<\/h5><\/div><div class=\"x-text x-content e12563-e20 m9oz-1j m9oz-1k m9oz-1l m9oz-1m m9oz-1q m9oz-1r m9oz-1s\"><h6>Gesch\u00e4ftsf\u00fchrender Vorsitzender<\/h6><\/div><div class=\"x-div e12563-e21 m9oz-12 m9oz-13\"><a class=\"x-div e12563-e22 m9oz-12 m9oz-14 m9oz-15 m9oz-16 es_button_hover\" href=\".\/carlalberto-guglielminotti\/\"><div class=\"x-text x-content e12563-e23 m9oz-1j m9oz-1k m9oz-1p m9oz-1q m9oz-1s m9oz-1t m9oz-1u\"><strong>Mehr erfahren<\/strong><\/div><\/a><\/div><\/div><\/div><\/div><\/div><div class=\"x-col e12563-e24 m9oz-10 m9oz-11\"><div class=\"x-row e12563-e25 m9oz-6 m9oz-7 m9oz-8 m9oz-b m9oz-c m9oz-f m9oz-j\"><div class=\"x-row-inner\"><div class=\"x-col e12563-e26 m9oz-10 m9oz-11\"><span class=\"x-image e12563-e27 m9oz-1y m9oz-20\"><img decoding=\"async\" src=\"https:\/\/test.esolutions.free2move.com\/eu\/wp-content\/uploads\/2024\/03\/MATHILDE_LHEUREUX.jpg\" width=\"146\" height=\"134\" alt=\"Image\" loading=\"lazy\"><\/span><\/div><\/div><\/div><div class=\"x-row e12563-e28 m9oz-6 m9oz-8 m9oz-c m9oz-d m9oz-f m9oz-k\"><div class=\"x-row-inner\"><div class=\"x-col e12563-e29 m9oz-10 m9oz-11\"><div class=\"x-text x-content e12563-e30 m9oz-1j m9oz-1k m9oz-1m m9oz-1o m9oz-1p m9oz-1q\"><h5>Mathilde Lheureux<\/h5><\/div><div class=\"x-text x-content e12563-e31 m9oz-1j m9oz-1k m9oz-1l m9oz-1m m9oz-1q m9oz-1r m9oz-1s\"><h6>Gesch\u00e4ftsf\u00fchrender Direktor<\/h6><\/div><div class=\"x-div e12563-e32 m9oz-12 m9oz-13\"><a class=\"x-div e12563-e33 m9oz-12 m9oz-14 m9oz-15 m9oz-16 es_button_hover\" href=\".\/mathilde-lheureux\/\"><div class=\"x-text x-content e12563-e34 m9oz-1j m9oz-1k m9oz-1p m9oz-1q m9oz-1s m9oz-1u m9oz-1v\"><strong>Mehr erfahren<\/strong><\/div><\/a><\/div><\/div><\/div><\/div><\/div><div class=\"x-col e12563-e35 m9oz-10 m9oz-11\"><div class=\"x-row e12563-e36 m9oz-6 m9oz-7 m9oz-8 m9oz-b m9oz-c m9oz-f m9oz-l\"><div class=\"x-row-inner\"><div class=\"x-col e12563-e37 m9oz-10 m9oz-11\"><span class=\"x-image e12563-e38 m9oz-1y m9oz-20\"><img decoding=\"async\" src=\"https:\/\/test.esolutions.free2move.com\/eu\/wp-content\/uploads\/2024\/03\/GovernanceEthics_Brigitte-Courtehou-copia-1.jpg\" width=\"146\" height=\"134\" alt=\"Image\" loading=\"lazy\"><\/span><\/div><\/div><\/div><div class=\"x-row e12563-e39 m9oz-6 m9oz-8 m9oz-c m9oz-d m9oz-f m9oz-m\"><div class=\"x-row-inner\"><div class=\"x-col e12563-e40 m9oz-10 m9oz-11\"><div class=\"x-text x-content e12563-e41 m9oz-1j m9oz-1k m9oz-1m m9oz-1o m9oz-1p m9oz-1q\"><h5>Brigitte Courtehoux<\/h5><\/div><div class=\"x-text x-content e12563-e42 m9oz-1j m9oz-1k m9oz-1l m9oz-1m m9oz-1q m9oz-1r m9oz-1s\"><h6>Direktor<\/h6><\/div><div class=\"x-div e12563-e43 m9oz-12 m9oz-13\"><a class=\"x-div e12563-e44 m9oz-12 m9oz-14 m9oz-15 m9oz-17 es_button_hover\" href=\".\/brigitte-courtehoux\/\"><div class=\"x-text x-content e12563-e45 m9oz-1j m9oz-1k m9oz-1p m9oz-1q m9oz-1s m9oz-1t m9oz-1u\"><p><strong>Mehr erfahren<\/strong><\/p><\/div><\/a><\/div><\/div><\/div><\/div><\/div><div class=\"x-col e12563-e46 m9oz-10 m9oz-11\"><div class=\"x-row e12563-e47 m9oz-6 m9oz-7 m9oz-8 m9oz-b m9oz-c m9oz-f m9oz-n\"><div class=\"x-row-inner\"><div class=\"x-col e12563-e48 m9oz-10 m9oz-11\"><span class=\"x-image e12563-e49 m9oz-1y m9oz-20 m9oz-21\"><img decoding=\"async\" src=\"https:\/\/test.esolutions.free2move.com\/eu\/wp-content\/uploads\/2024\/03\/GovernanceEthics_Davide-Mele-copia.jpg\" width=\"146\" height=\"134\" alt=\"Image\" loading=\"lazy\"><\/span><\/div><\/div><\/div><div class=\"x-row e12563-e50 m9oz-6 m9oz-8 m9oz-c m9oz-d m9oz-f m9oz-o\"><div class=\"x-row-inner\"><div class=\"x-col e12563-e51 m9oz-10 m9oz-11\"><div class=\"x-text x-content e12563-e52 m9oz-1j m9oz-1k m9oz-1m m9oz-1o m9oz-1p m9oz-1q\"><h5>Davide Mele<\/h5><\/div><div class=\"x-text x-content e12563-e53 m9oz-1j m9oz-1k m9oz-1l m9oz-1m m9oz-1q m9oz-1r m9oz-1s\"><h6>Direktor<\/h6><\/div><div class=\"x-div e12563-e54 m9oz-12 m9oz-13\"><a class=\"x-div e12563-e55 m9oz-12 m9oz-14 m9oz-15 m9oz-16 es_button_hover\" href=\".\/davide-mele\/\"><div class=\"x-text x-content e12563-e56 m9oz-1j m9oz-1k m9oz-1p m9oz-1q m9oz-1s m9oz-1t m9oz-1u\"><strong>Mehr erfahren<\/strong><\/div><\/a><\/div><\/div><\/div><\/div><\/div><div class=\"x-col e12563-e57 m9oz-10 m9oz-11\"><div class=\"x-row e12563-e58 m9oz-6 m9oz-7 m9oz-8 m9oz-b m9oz-c m9oz-f m9oz-p\"><div class=\"x-row-inner\"><div class=\"x-col e12563-e59 m9oz-10 m9oz-11\"><span class=\"x-image e12563-e60 m9oz-1y m9oz-20\"><img decoding=\"async\" src=\"https:\/\/test.esolutions.free2move.com\/eu\/wp-content\/uploads\/2024\/03\/GovernanceEthics_Luigi-Michi-copia.jpg\" width=\"146\" height=\"134\" alt=\"Image\" loading=\"lazy\"><\/span><\/div><\/div><\/div><div class=\"x-row e12563-e61 m9oz-6 m9oz-8 m9oz-c m9oz-d m9oz-f m9oz-q\"><div class=\"x-row-inner\"><div class=\"x-col e12563-e62 m9oz-10 m9oz-11\"><div class=\"x-text x-content e12563-e63 m9oz-1j m9oz-1k m9oz-1m m9oz-1o m9oz-1p m9oz-1q\"><h5>Luigi Michi<\/h5><\/div><div class=\"x-text x-content e12563-e64 m9oz-1j m9oz-1k m9oz-1l m9oz-1m m9oz-1q m9oz-1r m9oz-1s\"><h6>Direktor<\/h6><\/div><div class=\"x-div e12563-e65 m9oz-12 m9oz-13\"><a class=\"x-div e12563-e66 m9oz-12 m9oz-14 m9oz-15 m9oz-17 es_button_hover\" href=\".\/luigi-michi\/\"><div class=\"x-text x-content e12563-e67 m9oz-1j m9oz-1k m9oz-1p m9oz-1q m9oz-1u m9oz-1v m9oz-1w\"><strong>Mehr erfahren<\/strong><\/div><\/a><\/div><\/div><\/div><\/div><\/div><div class=\"x-col e12563-e68 m9oz-10 m9oz-11\"><div class=\"x-row e12563-e69 m9oz-6 m9oz-7 m9oz-8 m9oz-b m9oz-c m9oz-f m9oz-r\"><div class=\"x-row-inner\"><div class=\"x-col e12563-e70 m9oz-10 m9oz-11\"><span class=\"x-image e12563-e71 m9oz-1y m9oz-20\"><img decoding=\"async\" src=\"https:\/\/test.esolutions.free2move.com\/eu\/wp-content\/uploads\/2024\/03\/GovernanceEthics_Giovanni-Ravina-copia.jpg\" width=\"146\" height=\"134\" alt=\"Image\" loading=\"lazy\"><\/span><\/div><\/div><\/div><div class=\"x-row e12563-e72 m9oz-6 m9oz-8 m9oz-c m9oz-d m9oz-f m9oz-s\"><div class=\"x-row-inner\"><div class=\"x-col e12563-e73 m9oz-10 m9oz-11\"><div class=\"x-text x-content e12563-e74 m9oz-1j m9oz-1k m9oz-1m m9oz-1o m9oz-1p m9oz-1q\"><h5>Giovanni Ravina<\/h5><\/div><div class=\"x-text x-content e12563-e75 m9oz-1j m9oz-1k m9oz-1l m9oz-1m m9oz-1q m9oz-1r m9oz-1s\"><h6>Gesch\u00e4ftsf\u00fchrender Direktor<\/h6><\/div><div class=\"x-div e12563-e76 m9oz-12 m9oz-13\"><a class=\"x-div e12563-e77 m9oz-12 m9oz-14 m9oz-15 m9oz-16 es_button_hover\" href=\".\/giovanni-ravina\/\"><div class=\"x-text x-content e12563-e78 m9oz-1j m9oz-1k m9oz-1p m9oz-1q m9oz-1s m9oz-1t m9oz-1u\"><strong>Mehr erfahren<\/strong><\/div><\/a><\/div><\/div><\/div><\/div><\/div><\/div><\/div><\/div><div class=\"x-section e12563-e79 m9oz-1 m9oz-5\"><div class=\"x-row x-container max width e12563-e80 m9oz-6 m9oz-7 m9oz-8 m9oz-b m9oz-c m9oz-f m9oz-t\"><div class=\"x-row-inner\"><div class=\"x-col e12563-e81 m9oz-10 m9oz-11\"><div class=\"x-text x-text-headline e12563-e82 m9oz-1a m9oz-1b m9oz-1c m9oz-1f m9oz-1g\"><div class=\"x-text-content\"><div class=\"x-text-content-text\"><h5 class=\"x-text-content-text-primary\">Ethischer Kodex<\/h5><\/div><\/div><\/div><div class=\"x-text x-content e12563-e83 m9oz-1k m9oz-1m m9oz-1n m9oz-1o m9oz-1p m9oz-1x\"><div class=\"ewa-rteLine\">Unser Ethikkodex basiert auf Integrit\u00e4t als Leitmotiv f\u00fcr alle unsere Entscheidungen, und das hat uns dazu gebracht, die Einhaltung der Vorschriften zu integrieren, anzupassen und zu verbessern, ohne dass die Struktur besonders belastet wird.<\/div><\/div><a class=\"x-div e12563-e84 m9oz-12 m9oz-14 m9oz-16 m9oz-18 es_button_hover\" href=\"https:\/\/test.esolutions.free2move.com\/eu\/de_at\/\/pdf_code-of-ethics\/\" target=\"_blank\"><div class=\"x-text x-content e12563-e85 m9oz-1j m9oz-1k m9oz-1m m9oz-1p m9oz-1q m9oz-1s m9oz-1u\">Herunterladen<\/div><\/a><\/div><\/div><\/div><\/div><div class=\"x-section e12563-e86 m9oz-1 m9oz-5\"><div class=\"x-row x-container max width e12563-e87 m9oz-6 m9oz-7 m9oz-8 m9oz-b m9oz-c m9oz-f m9oz-u\"><div class=\"x-row-inner\"><div class=\"x-col e12563-e88 m9oz-10 m9oz-11\"><div class=\"x-text x-text-headline e12563-e89 m9oz-1a m9oz-1b m9oz-1c m9oz-1f m9oz-1g\"><div class=\"x-text-content\"><div class=\"x-text-content-text\"><h5 class=\"x-text-content-text-primary\">Free2Move eSolutions S.p.A \"Organisations-, Verwaltungs- und Kontrollmodell gem\u00e4\u00df Gesetzesdekret 231\/2001\"<\/h5><\/div><\/div><\/div><div class=\"x-text x-content e12563-e90 m9oz-1k m9oz-1m m9oz-1n m9oz-1o m9oz-1p m9oz-1x\"><div class=\"ewa-rteLine\">Das Dekret wurde am 8. Juni 2001 in Aus\u00fcbung der \u00fcbertragenen Befugnisse gem\u00e4\u00df Artikel 11 des Gesetzes Nr. 300 vom 29. September 2000 erlassen.<\/div><\/div><a class=\"x-div e12563-e91 m9oz-12 m9oz-14 m9oz-16 m9oz-18 es_button_hover\" href=\"https:\/\/test.esolutions.free2move.com\/eu\/de_at\/\/pdf_mog-231_free2move-esolutions-eng\/\" target=\"_blank\"><div class=\"x-text x-content e12563-e92 m9oz-1j m9oz-1k m9oz-1m m9oz-1p m9oz-1q m9oz-1s m9oz-1u\"><p>Herunterladen<\/p><\/div><\/a><\/div><\/div><\/div><\/div><div class=\"x-section e12563-e93 m9oz-1 m9oz-5\"><div class=\"x-row x-container max width e12563-e94 m9oz-6 m9oz-7 m9oz-8 m9oz-b m9oz-c m9oz-f m9oz-v\"><div class=\"x-row-inner\"><div class=\"x-col e12563-e95 m9oz-10 m9oz-11\"><div class=\"x-text x-text-headline e12563-e96 m9oz-1a m9oz-1b m9oz-1c m9oz-1f m9oz-1g\"><div class=\"x-text-content\"><div class=\"x-text-content-text\"><h5 class=\"x-text-content-text-primary\">Antikorruptionspolitik<\/h5><\/div><\/div><\/div><div class=\"x-text x-content e12563-e97 m9oz-1k m9oz-1m m9oz-1n m9oz-1o m9oz-1p m9oz-1x\"><div class=\"ewa-rteLine\">Die Richtlinien sollen sicherstellen, dass Free2move eSolutions und seine Stakeholder die Ethik-Charta und die Anti-Korruptionsgesetze einhalten. Dieses Dokument bietet einen systematischen Rahmen f\u00fcr das Verbot von Korruptionspraktiken f\u00fcr die Mitarbeiter und Beteiligten von Free2move eSolutions.<\/div><\/div><a class=\"x-div e12563-e98 m9oz-12 m9oz-14 m9oz-16 m9oz-18 es_button_hover\" href=\"https:\/\/test.esolutions.free2move.com\/eu\/de_at\/\/pdf_free2move-esolutions_anticorruption-guidelines_eng\/\" target=\"_blank\"><div class=\"x-text x-content e12563-e99 m9oz-1j m9oz-1k m9oz-1m m9oz-1p m9oz-1q m9oz-1s m9oz-1u\"><p>Herunterladen<\/p><\/div><\/a><\/div><\/div><\/div><\/div><div class=\"x-section e12563-e100 m9oz-1 m9oz-5\"><div class=\"x-row x-container max width e12563-e101 m9oz-6 m9oz-7 m9oz-8 m9oz-b m9oz-c m9oz-f m9oz-w\"><div class=\"x-row-inner\"><div class=\"x-col e12563-e102 m9oz-10 m9oz-11\"><div class=\"x-text x-text-headline e12563-e103 m9oz-1a m9oz-1b m9oz-1c m9oz-1f m9oz-1g\"><div class=\"x-text-content\"><div class=\"x-text-content-text\"><h5 class=\"x-text-content-text-primary\">Whistleblowing-Politik<\/h5><\/div><\/div><\/div><div class=\"x-text x-content e12563-e104 m9oz-1k m9oz-1m m9oz-1n m9oz-1o m9oz-1p m9oz-1x\"><div class=\"ewa-rteLine\">Die Whistleblowing-Richtlinie legt das interne Meldesystem von Free2move eSolutions fest und regelt den Prozess der Einreichung und Verwaltung von Meldungen.<\/div><\/div><a class=\"x-div e12563-e105 m9oz-12 m9oz-14 m9oz-16 m9oz-18 es_button_hover\" href=\"https:\/\/test.esolutions.free2move.com\/eu\/de_at\/\/pdf_f2mes_whistleblowing-policy\/\" target=\"_blank\"><div class=\"x-text x-content e12563-e106 m9oz-1j m9oz-1k m9oz-1m m9oz-1p m9oz-1q m9oz-1s m9oz-1u\"><p>Herunterladen<\/p><\/div><\/a><\/div><\/div><\/div><\/div><div class=\"x-section e12563-e107 m9oz-1 m9oz-5\"><div class=\"x-row x-container max width e12563-e108 m9oz-6 m9oz-7 m9oz-8 m9oz-b m9oz-c m9oz-f m9oz-x\"><div class=\"x-row-inner\"><div class=\"x-col e12563-e109 m9oz-10 m9oz-11\"><div class=\"x-text x-text-headline e12563-e110 m9oz-1a m9oz-1c m9oz-1f m9oz-1g m9oz-1h\"><div class=\"x-text-content\"><div class=\"x-text-content-text\"><h5 class=\"x-text-content-text-primary\">Integrit\u00e4tslinie\n<\/h5><\/div><\/div><\/div><a class=\"x-div e12563-e111 m9oz-12 m9oz-14 m9oz-16 m9oz-18 es_button_hover\" href=\"https:\/\/free2move.integrityline.com\/frontpage\" target=\"_blank\"><div class=\"x-text x-content e12563-e112 m9oz-1j m9oz-1k m9oz-1m m9oz-1p m9oz-1q m9oz-1s m9oz-1u\"><p>Einen Bericht erstellen<\/p><\/div><\/a><\/div><\/div><\/div><\/div><\/div>\n","protected":false},"excerpt":{"rendered":"<p>HomeGovernance und EthikErfahren Sie mehr \u00fcber unseren&nbsp;Vorstand&nbsp;sehr engagiert unsere Gesch\u00e4ftsstrategie und unsere hohen ethischen Standards, die auf Integrit\u00e4t als Richtschnur f\u00fcr alle unsere Entscheidungen beruhen, \u00fcberwacht.DirektoriumCarlalberto GuglielminottiGesch\u00e4ftsf\u00fchrender VorsitzenderMehr erfahrenMathilde LheureuxGesch\u00e4ftsf\u00fchrender DirektorMehr erfahrenBrigitte CourtehouxDirektorMehr erfahrenDavide MeleDirektorMehr erfahrenLuigi MichiDirektorMehr erfahrenGiovanni RavinaGesch\u00e4ftsf\u00fchrender DirektorMehr erfahrenEthischer KodexUnser Ethikkodex basiert auf Integrit\u00e4t als Leitmotiv f\u00fcr alle unsere Entscheidungen, und das hat uns dazu gebracht, die Einhaltung &#8230; <\/p>\n<div><a href=\"https:\/\/test.esolutions.free2move.com\/eu\/de_at\/governance-und-ethik\/\" class=\"more-link\">Read More<\/a><\/div>\n","protected":false},"author":1,"featured_media":0,"parent":0,"menu_order":0,"comment_status":"closed","ping_status":"closed","template":"template-blank-4.php","meta":{"_acf_changed":false,"inline_featured_image":false,"footnotes":""},"class_list":["post-22472","page","type-page","status-publish","hentry","no-post-thumbnail"],"acf":[],"yoast_head":"<!-- This site is optimized with the Yoast SEO plugin v24.4 - https:\/\/yoast.com\/wordpress\/plugins\/seo\/ -->\n<title>Governance und Ethik | Free2move eSolutions<\/title>\n<meta name=\"description\" content=\"Entdecken Sie unseren engagierten Vorstand, der die Strategie \u00fcberwacht und hohe ethische Standards einh\u00e4lt, geleitet von Integrit\u00e4t bei allen Entscheidungen.\" \/>\n<meta name=\"robots\" content=\"index, follow, max-snippet:-1, max-image-preview:large, max-video-preview:-1\" \/>\n<link rel=\"canonical\" href=\"https:\/\/test.esolutions.free2move.com\/eu\/de_at\/governance-und-ethik\/\" \/>\n<meta property=\"og:locale\" content=\"de_DE\" \/>\n<meta property=\"og:type\" content=\"article\" \/>\n<meta property=\"og:title\" content=\"Governance und Ethik | Free2move eSolutions\" \/>\n<meta property=\"og:description\" content=\"Entdecken Sie unseren engagierten Vorstand, der die Strategie \u00fcberwacht und hohe ethische Standards einh\u00e4lt, geleitet von Integrit\u00e4t bei allen Entscheidungen.\" \/>\n<meta property=\"og:url\" content=\"https:\/\/test.esolutions.free2move.com\/eu\/de_at\/governance-und-ethik\/\" \/>\n<meta property=\"og:site_name\" content=\"eSolution europe\" \/>\n<meta name=\"twitter:card\" content=\"summary_large_image\" \/>\n<meta name=\"twitter:label1\" content=\"Est. reading time\" \/>\n\t<meta name=\"twitter:data1\" content=\"6 minutes\" \/>\n<script type=\"application\/ld+json\" class=\"yoast-schema-graph\">{\"@context\":\"https:\/\/schema.org\",\"@graph\":[{\"@type\":\"WebPage\",\"@id\":\"https:\/\/test.esolutions.free2move.com\/eu\/de_at\/governance-und-ethik\/\",\"url\":\"https:\/\/test.esolutions.free2move.com\/eu\/de_at\/governance-und-ethik\/\",\"name\":\"Governance und Ethik | Free2move eSolutions\",\"isPartOf\":{\"@id\":\"https:\/\/test.esolutions.free2move.com\/eu\/en_it\/#website\"},\"datePublished\":\"2024-03-18T13:33:25+00:00\",\"description\":\"Entdecken Sie unseren engagierten Vorstand, der die Strategie \u00fcberwacht und hohe ethische Standards einh\u00e4lt, geleitet von Integrit\u00e4t bei allen Entscheidungen.\",\"breadcrumb\":{\"@id\":\"https:\/\/test.esolutions.free2move.com\/eu\/de_at\/governance-und-ethik\/#breadcrumb\"},\"inLanguage\":\"de-at\",\"potentialAction\":[{\"@type\":\"ReadAction\",\"target\":[\"https:\/\/test.esolutions.free2move.com\/eu\/de_at\/governance-und-ethik\/\"]}]},{\"@type\":\"BreadcrumbList\",\"@id\":\"https:\/\/test.esolutions.free2move.com\/eu\/de_at\/governance-und-ethik\/#breadcrumb\",\"itemListElement\":[{\"@type\":\"ListItem\",\"position\":1,\"name\":\"Home\",\"item\":\"https:\/\/test.esolutions.free2move.com\/eu\/de_at\/\"},{\"@type\":\"ListItem\",\"position\":2,\"name\":\"Governance und Ethik\"}]},{\"@type\":\"WebSite\",\"@id\":\"https:\/\/test.esolutions.free2move.com\/eu\/en_it\/#website\",\"url\":\"https:\/\/test.esolutions.free2move.com\/eu\/en_it\/\",\"name\":\"eSolutions europe\",\"description\":\"\",\"publisher\":{\"@id\":\"https:\/\/test.esolutions.free2move.com\/eu\/en_it\/#organization\"},\"potentialAction\":[{\"@type\":\"SearchAction\",\"target\":{\"@type\":\"EntryPoint\",\"urlTemplate\":\"https:\/\/test.esolutions.free2move.com\/eu\/en_it\/?s={search_term_string}\"},\"query-input\":{\"@type\":\"PropertyValueSpecification\",\"valueRequired\":true,\"valueName\":\"search_term_string\"}}],\"inLanguage\":\"de-at\"},{\"@type\":\"Organization\",\"@id\":\"https:\/\/test.esolutions.free2move.com\/eu\/en_it\/#organization\",\"name\":\"eSolutions europe\",\"url\":\"https:\/\/test.esolutions.free2move.com\/eu\/en_it\/\",\"logo\":{\"@type\":\"ImageObject\",\"inLanguage\":\"de-at\",\"@id\":\"https:\/\/test.esolutions.free2move.com\/eu\/en_it\/#\/schema\/logo\/image\/\",\"url\":\"https:\/\/www.esolutions.free2move.com\/eu\/wp-content\/uploads\/2024\/03\/logo-f2m-horizontal-1-1-1.png\",\"contentUrl\":\"https:\/\/www.esolutions.free2move.com\/eu\/wp-content\/uploads\/2024\/03\/logo-f2m-horizontal-1-1-1.png\",\"width\":865,\"height\":218,\"caption\":\"eSolutions europe\"},\"image\":{\"@id\":\"https:\/\/test.esolutions.free2move.com\/eu\/en_it\/#\/schema\/logo\/image\/\"}}]}<\/script>\n<!-- \/ Yoast SEO plugin. -->","yoast_head_json":{"title":"Governance und Ethik | Free2move eSolutions","description":"Entdecken Sie unseren engagierten Vorstand, der die Strategie \u00fcberwacht und hohe ethische Standards einh\u00e4lt, geleitet von Integrit\u00e4t bei allen Entscheidungen.","robots":{"index":"index","follow":"follow","max-snippet":"max-snippet:-1","max-image-preview":"max-image-preview:large","max-video-preview":"max-video-preview:-1"},"canonical":"https:\/\/test.esolutions.free2move.com\/eu\/de_at\/governance-und-ethik\/","og_locale":"de_DE","og_type":"article","og_title":"Governance und Ethik | Free2move eSolutions","og_description":"Entdecken Sie unseren engagierten Vorstand, der die Strategie \u00fcberwacht und hohe ethische Standards einh\u00e4lt, geleitet von Integrit\u00e4t bei allen Entscheidungen.","og_url":"https:\/\/test.esolutions.free2move.com\/eu\/de_at\/governance-und-ethik\/","og_site_name":"eSolution europe","twitter_card":"summary_large_image","twitter_misc":{"Est. reading time":"6 minutes"},"schema":{"@context":"https:\/\/schema.org","@graph":[{"@type":"WebPage","@id":"https:\/\/test.esolutions.free2move.com\/eu\/de_at\/governance-und-ethik\/","url":"https:\/\/test.esolutions.free2move.com\/eu\/de_at\/governance-und-ethik\/","name":"Governance und Ethik | Free2move eSolutions","isPartOf":{"@id":"https:\/\/test.esolutions.free2move.com\/eu\/en_it\/#website"},"datePublished":"2024-03-18T13:33:25+00:00","description":"Entdecken Sie unseren engagierten Vorstand, der die Strategie \u00fcberwacht und hohe ethische Standards einh\u00e4lt, geleitet von Integrit\u00e4t bei allen Entscheidungen.","breadcrumb":{"@id":"https:\/\/test.esolutions.free2move.com\/eu\/de_at\/governance-und-ethik\/#breadcrumb"},"inLanguage":"de-at","potentialAction":[{"@type":"ReadAction","target":["https:\/\/test.esolutions.free2move.com\/eu\/de_at\/governance-und-ethik\/"]}]},{"@type":"BreadcrumbList","@id":"https:\/\/test.esolutions.free2move.com\/eu\/de_at\/governance-und-ethik\/#breadcrumb","itemListElement":[{"@type":"ListItem","position":1,"name":"Home","item":"https:\/\/test.esolutions.free2move.com\/eu\/de_at\/"},{"@type":"ListItem","position":2,"name":"Governance und Ethik"}]},{"@type":"WebSite","@id":"https:\/\/test.esolutions.free2move.com\/eu\/en_it\/#website","url":"https:\/\/test.esolutions.free2move.com\/eu\/en_it\/","name":"eSolutions europe","description":"","publisher":{"@id":"https:\/\/test.esolutions.free2move.com\/eu\/en_it\/#organization"},"potentialAction":[{"@type":"SearchAction","target":{"@type":"EntryPoint","urlTemplate":"https:\/\/test.esolutions.free2move.com\/eu\/en_it\/?s={search_term_string}"},"query-input":{"@type":"PropertyValueSpecification","valueRequired":true,"valueName":"search_term_string"}}],"inLanguage":"de-at"},{"@type":"Organization","@id":"https:\/\/test.esolutions.free2move.com\/eu\/en_it\/#organization","name":"eSolutions europe","url":"https:\/\/test.esolutions.free2move.com\/eu\/en_it\/","logo":{"@type":"ImageObject","inLanguage":"de-at","@id":"https:\/\/test.esolutions.free2move.com\/eu\/en_it\/#\/schema\/logo\/image\/","url":"https:\/\/www.esolutions.free2move.com\/eu\/wp-content\/uploads\/2024\/03\/logo-f2m-horizontal-1-1-1.png","contentUrl":"https:\/\/www.esolutions.free2move.com\/eu\/wp-content\/uploads\/2024\/03\/logo-f2m-horizontal-1-1-1.png","width":865,"height":218,"caption":"eSolutions europe"},"image":{"@id":"https:\/\/test.esolutions.free2move.com\/eu\/en_it\/#\/schema\/logo\/image\/"}}]}},"_links":{"self":[{"href":"https:\/\/test.esolutions.free2move.com\/eu\/de_at\/wp-json\/wp\/v2\/pages\/22472","targetHints":{"allow":["GET"]}}],"collection":[{"href":"https:\/\/test.esolutions.free2move.com\/eu\/de_at\/wp-json\/wp\/v2\/pages"}],"about":[{"href":"https:\/\/test.esolutions.free2move.com\/eu\/de_at\/wp-json\/wp\/v2\/types\/page"}],"author":[{"embeddable":true,"href":"https:\/\/test.esolutions.free2move.com\/eu\/de_at\/wp-json\/wp\/v2\/users\/1"}],"replies":[{"embeddable":true,"href":"https:\/\/test.esolutions.free2move.com\/eu\/de_at\/wp-json\/wp\/v2\/comments?post=22472"}],"version-history":[{"count":0,"href":"https:\/\/test.esolutions.free2move.com\/eu\/de_at\/wp-json\/wp\/v2\/pages\/22472\/revisions"}],"wp:attachment":[{"href":"https:\/\/test.esolutions.free2move.com\/eu\/de_at\/wp-json\/wp\/v2\/media?parent=22472"}],"curies":[{"name":"wp","href":"https:\/\/api.w.org\/{rel}","templated":true}]}}