{"id":22484,"date":"2024-03-18T11:52:16","date_gmt":"2024-03-18T11:52:16","guid":{"rendered":"https:\/\/test.esolutions.free2move.com\/eu\/kontakt\/"},"modified":"2024-03-18T11:52:16","modified_gmt":"2024-03-18T11:52:16","slug":"kontakt","status":"publish","type":"page","link":"https:\/\/test.esolutions.free2move.com\/eu\/de_at\/kontakt\/","title":{"rendered":"Kontakt"},"content":{"rendered":"<div id=\"cs-content\" class=\"cs-content\"><nav class=\"x-crumbs e12511-e1 m9nj-0\" role=\"navigation\"><ol class=\"x-crumbs-list\" itemscope=\"\" itemtype=\"http:\/\/schema.org\/BreadcrumbList\" aria-label=\"Breadcrumb Navigation\"><li class=\"x-crumbs-list-item\" itemprop=\"itemListElement\" itemscope itemtype=\"http:\/\/schema.org\/ListItem\"><a class=\"x-crumbs-current x-crumbs-link\" itemtype=\"http:\/\/schema.org\/Thing\" itemprop=\"item\" href=\"https:\/\/test.esolutions.free2move.com\/eu\/de_at\/\" title=\"You Are Here\"><span itemprop=\"name\">Home<\/span><\/a><meta itemprop=\"position\" content=\"1\"><\/li><\/ol><\/nav><div class=\"x-section e12511-e2 m9nj-1 m9nj-2 m9nj-3\"><div class=\"x-row x-container max width e12511-e3 m9nj-6 m9nj-7 m9nj-9\"><div class=\"x-row-inner\"><div class=\"x-col e12511-e4 m9nj-i m9nj-j m9nj-k m9nj-l m9nj-m m9nj-n es_gap\"><div class=\"x-div e12511-e5 m9nj-t m9nj-u\"><div class=\"x-text x-text-headline e12511-e6 m9nj-w m9nj-x\"><div class=\"x-text-content\"><div class=\"x-text-content-text\"><h2 class=\"x-text-content-text-primary\">Kontakt<\/h2><\/div><\/div><\/div><div class=\"x-text x-content e12511-e7 m9nj-z m9nj-10 m9nj-11 m9nj-12\"><p>Wenn Sie Fragen haben oder weitere Informationen \u00fcber Free2move eSolutions erhalten m\u00f6chten, freuen wir uns auf Ihre Kontaktaufnahme!<\/p><\/div><\/div><\/div><div class=\"x-col e12511-e8 m9nj-k m9nj-l m9nj-m m9nj-n\"><span class=\"x-image e12511-e9 m9nj-1a m9nj-1b\"><img decoding=\"async\" src=\"https:\/\/test.esolutions.free2move.com\/eu\/wp-content\/uploads\/2024\/03\/AdobeStock_583892761-scaled.jpeg\" width=\"2560\" height=\"1414\" alt=\"Image\" loading=\"lazy\"><\/span><\/div><\/div><\/div><\/div><div class=\"x-section e12511-e10 m9nj-1 m9nj-4\"><div class=\"x-row x-container max width e12511-e11 m9nj-6 m9nj-8 m9nj-a m9nj-b\"><div class=\"x-row-inner\"><div class=\"x-col e12511-e12 m9nj-i m9nj-j m9nj-l m9nj-m m9nj-n m9nj-o mobile_hidden\"><hr class=\"x-line e12511-e13 m9nj-1d\"\/><\/div><div class=\"x-col e12511-e14 m9nj-l m9nj-m m9nj-n m9nj-o es_gap\"><div class=\"x-row e12511-e15 m9nj-6 m9nj-8 m9nj-a m9nj-c\"><div class=\"x-row-inner\"><div class=\"x-col e12511-e16 m9nj-l m9nj-m m9nj-n m9nj-o\"><div class=\"x-text x-content e12511-e17 m9nj-10 m9nj-12 m9nj-13 m9nj-14 m9nj-15\"><p>Sie k\u00f6nnen uns einfach eine E-Mail schreiben oder uns anrufen. Einer unserer Mitarbeiter wird alle Ihre Fragen beantworten.<\/p><\/div><\/div><\/div><\/div><div class=\"x-row e12511-e18 m9nj-6 m9nj-8 m9nj-a m9nj-d\"><div class=\"x-row-inner\"><div class=\"x-col e12511-e19 m9nj-i m9nj-l m9nj-m m9nj-o m9nj-p m9nj-q es_gap\"><div class=\"x-div e12511-e20 m9nj-t m9nj-u\"><a class=\"x-div e12511-e21 m9nj-t m9nj-v\" href=\"https:\/\/www.esolutionscharging.com\/en_IT\/write-us\" target=\"_blank\"><div class=\"x-text x-content e12511-e22 m9nj-10 m9nj-13 m9nj-16 m9nj-17 text-md\"><p>Kontakt<\/p><\/div><\/a><\/div><\/div><\/div><\/div><\/div><\/div><\/div><\/div><div class=\"x-section e12511-e23 m9nj-1 m9nj-2\"><div class=\"x-row x-container max width e12511-e24 m9nj-6 m9nj-8 m9nj-a m9nj-e\"><div class=\"x-row-inner\"><div class=\"x-col e12511-e25 m9nj-l m9nj-m m9nj-o m9nj-q m9nj-r\"><div class=\"x-text x-text-headline e12511-e26 m9nj-x m9nj-y\"><div class=\"x-text-content\"><div class=\"x-text-content-text\"><h1 class=\"x-text-content-text-primary\">Standorte<\/h1><\/div><\/div><\/div><\/div><\/div><\/div><div class=\"x-row x-container max width e12511-e27 m9nj-6 m9nj-8 m9nj-a m9nj-f\"><div class=\"x-row-inner\"><div class=\"x-col e12511-e28 m9nj-l m9nj-m m9nj-n m9nj-o\"><div class=\"x-row e12511-e29 m9nj-6 m9nj-8 m9nj-a m9nj-g\"><div class=\"x-row-inner\"><div class=\"x-col e12511-e30 m9nj-i m9nj-j m9nj-l m9nj-m m9nj-n m9nj-o\"><span class=\"x-image e12511-e31 m9nj-1a m9nj-1c\"><img decoding=\"async\" src=\"https:\/\/test.esolutions.free2move.com\/eu\/wp-content\/uploads\/2024\/03\/bg-row-3.png\" width=\"375\" height=\"280\" alt=\"Image\" loading=\"lazy\"><\/span><\/div><div class=\"x-col e12511-e32 m9nj-l m9nj-o m9nj-s\"><span class=\"x-image e12511-e33 m9nj-1a m9nj-1c\"><img decoding=\"async\" src=\"https:\/\/test.esolutions.free2move.com\/eu\/wp-content\/uploads\/2024\/03\/Vector-3-1-1.png\" width=\"34\" height=\"40\" alt=\"Image\" loading=\"lazy\"><\/span><div class=\"x-text x-content e12511-e34 m9nj-10 m9nj-11 m9nj-15 m9nj-16 m9nj-18 text-l\"><p>Milan<\/p><\/div><div class=\"x-text x-content e12511-e35 m9nj-10 m9nj-13 m9nj-16 m9nj-19 m9nj-5 text-md\"><p><a href=\"https:\/\/www.google.it\/maps\/place\/Piazzale+Lodi,+3,+20137+Milano+MI\/@45.4475972,9.2081837,17z\/data=!3m1!4b1!4m6!3m5!1s0x4786c42526688eb1:0x6fb0875cb44e3e06!8m2!3d45.4475935!4d9.2107586!16s%2Fg%2F11c27j_g0r?entry=ttu\">Piazzale Lodi, 3<br>20137 Mailand<br>Italien<\/a><\/p><\/div><\/div><\/div><\/div><\/div><div class=\"x-col e12511-e36 m9nj-l m9nj-m m9nj-n m9nj-o\"><div class=\"x-row e12511-e37 m9nj-6 m9nj-8 m9nj-a m9nj-h\"><div class=\"x-row-inner\"><div class=\"x-col e12511-e38 m9nj-i m9nj-j m9nj-l m9nj-m m9nj-n m9nj-o\"><span class=\"x-image e12511-e39 m9nj-1a m9nj-1c\"><img decoding=\"async\" src=\"https:\/\/test.esolutions.free2move.com\/eu\/wp-content\/uploads\/2024\/03\/bg-row-1-2.png\" width=\"375\" height=\"280\" alt=\"Image\" loading=\"lazy\"><\/span><\/div><div class=\"x-col e12511-e40 m9nj-l m9nj-o m9nj-s\"><span class=\"x-image e12511-e41 m9nj-1a m9nj-1c\"><img decoding=\"async\" src=\"https:\/\/test.esolutions.free2move.com\/eu\/wp-content\/uploads\/2024\/03\/Vector-3-1-1.png\" width=\"34\" height=\"40\" alt=\"Image\" loading=\"lazy\"><\/span><div class=\"x-text x-content e12511-e42 m9nj-10 m9nj-11 m9nj-15 m9nj-16 m9nj-18 text-l\"><p>Turin<\/p><\/div><div class=\"x-text x-content e12511-e43 m9nj-10 m9nj-13 m9nj-16 m9nj-19 m9nj-5 text-md\"><a href=\"https:\/\/www.google.it\/maps\/place\/C.so+Orbassano,+367,+10137+Torino+TO\/@45.0335519,7.6199158,17z\/data=!3m1!4b1!4m6!3m5!1s0x478813477e5fd6a5:0xcfe700ddd231cc93!8m2!3d45.0335481!4d7.6224907!16s%2Fg%2F11b8ym_prw?entry=ttu\">Mirafiori Posta 12,<br>\nC.so Orbassano 367<br>\n10137 Turin<br>\nItalien<\/a><\/div><\/div><\/div><\/div><\/div><\/div><\/div><\/div><\/div>\n","protected":false},"excerpt":{"rendered":"<p>HomeKontaktWenn Sie Fragen haben oder weitere Informationen \u00fcber Free2move eSolutions erhalten m\u00f6chten, freuen wir uns auf Ihre Kontaktaufnahme!Sie k\u00f6nnen uns einfach eine E-Mail schreiben oder uns anrufen. Einer unserer Mitarbeiter wird alle Ihre Fragen beantworten.KontaktStandorteMilanPiazzale Lodi, 320137 MailandItalienTurinMirafiori Posta 12, C.so Orbassano 367 10137 Turin Italien<\/p>\n","protected":false},"author":1,"featured_media":0,"parent":0,"menu_order":0,"comment_status":"closed","ping_status":"closed","template":"template-blank-4.php","meta":{"_acf_changed":false,"inline_featured_image":false,"footnotes":""},"class_list":["post-22484","page","type-page","status-publish","hentry","no-post-thumbnail"],"acf":[],"yoast_head":"<!-- This site is optimized with the Yoast SEO plugin v24.4 - https:\/\/yoast.com\/wordpress\/plugins\/seo\/ -->\n<title>Kontakt | Free2move eSolutions<\/title>\n<meta name=\"description\" content=\"Nehmen Sie noch heute Kontakt mit uns auf. Kontaktieren Sie uns f\u00fcr Anfragen, Unterst\u00fctzung oder Zusammenarbeit. Wir sind hier, um Ihnen zu helfen.\" \/>\n<meta name=\"robots\" content=\"index, follow, max-snippet:-1, max-image-preview:large, max-video-preview:-1\" \/>\n<link rel=\"canonical\" href=\"https:\/\/test.esolutions.free2move.com\/eu\/de_at\/kontakt\/\" \/>\n<meta property=\"og:locale\" content=\"de_DE\" \/>\n<meta property=\"og:type\" content=\"article\" \/>\n<meta property=\"og:title\" content=\"Kontakt | Free2move eSolutions\" \/>\n<meta property=\"og:description\" content=\"Nehmen Sie noch heute Kontakt mit uns auf. Kontaktieren Sie uns f\u00fcr Anfragen, Unterst\u00fctzung oder Zusammenarbeit. Wir sind hier, um Ihnen zu helfen.\" \/>\n<meta property=\"og:url\" content=\"https:\/\/test.esolutions.free2move.com\/eu\/de_at\/kontakt\/\" \/>\n<meta property=\"og:site_name\" content=\"eSolution europe\" \/>\n<meta name=\"twitter:card\" content=\"summary_large_image\" \/>\n<meta name=\"twitter:label1\" content=\"Est. reading time\" \/>\n\t<meta name=\"twitter:data1\" content=\"2 minutes\" \/>\n<script type=\"application\/ld+json\" class=\"yoast-schema-graph\">{\"@context\":\"https:\/\/schema.org\",\"@graph\":[{\"@type\":\"WebPage\",\"@id\":\"https:\/\/test.esolutions.free2move.com\/eu\/de_at\/kontakt\/\",\"url\":\"https:\/\/test.esolutions.free2move.com\/eu\/de_at\/kontakt\/\",\"name\":\"Kontakt | Free2move eSolutions\",\"isPartOf\":{\"@id\":\"https:\/\/test.esolutions.free2move.com\/eu\/en_it\/#website\"},\"datePublished\":\"2024-03-18T11:52:16+00:00\",\"description\":\"Nehmen Sie noch heute Kontakt mit uns auf. Kontaktieren Sie uns f\u00fcr Anfragen, Unterst\u00fctzung oder Zusammenarbeit. Wir sind hier, um Ihnen zu helfen.\",\"breadcrumb\":{\"@id\":\"https:\/\/test.esolutions.free2move.com\/eu\/de_at\/kontakt\/#breadcrumb\"},\"inLanguage\":\"de-at\",\"potentialAction\":[{\"@type\":\"ReadAction\",\"target\":[\"https:\/\/test.esolutions.free2move.com\/eu\/de_at\/kontakt\/\"]}]},{\"@type\":\"BreadcrumbList\",\"@id\":\"https:\/\/test.esolutions.free2move.com\/eu\/de_at\/kontakt\/#breadcrumb\",\"itemListElement\":[{\"@type\":\"ListItem\",\"position\":1,\"name\":\"Home\",\"item\":\"https:\/\/test.esolutions.free2move.com\/eu\/de_at\/\"},{\"@type\":\"ListItem\",\"position\":2,\"name\":\"Kontakt\"}]},{\"@type\":\"WebSite\",\"@id\":\"https:\/\/test.esolutions.free2move.com\/eu\/en_it\/#website\",\"url\":\"https:\/\/test.esolutions.free2move.com\/eu\/en_it\/\",\"name\":\"eSolutions europe\",\"description\":\"\",\"publisher\":{\"@id\":\"https:\/\/test.esolutions.free2move.com\/eu\/en_it\/#organization\"},\"potentialAction\":[{\"@type\":\"SearchAction\",\"target\":{\"@type\":\"EntryPoint\",\"urlTemplate\":\"https:\/\/test.esolutions.free2move.com\/eu\/en_it\/?s={search_term_string}\"},\"query-input\":{\"@type\":\"PropertyValueSpecification\",\"valueRequired\":true,\"valueName\":\"search_term_string\"}}],\"inLanguage\":\"de-at\"},{\"@type\":\"Organization\",\"@id\":\"https:\/\/test.esolutions.free2move.com\/eu\/en_it\/#organization\",\"name\":\"eSolutions europe\",\"url\":\"https:\/\/test.esolutions.free2move.com\/eu\/en_it\/\",\"logo\":{\"@type\":\"ImageObject\",\"inLanguage\":\"de-at\",\"@id\":\"https:\/\/test.esolutions.free2move.com\/eu\/en_it\/#\/schema\/logo\/image\/\",\"url\":\"https:\/\/www.esolutions.free2move.com\/eu\/wp-content\/uploads\/2024\/03\/logo-f2m-horizontal-1-1-1.png\",\"contentUrl\":\"https:\/\/www.esolutions.free2move.com\/eu\/wp-content\/uploads\/2024\/03\/logo-f2m-horizontal-1-1-1.png\",\"width\":865,\"height\":218,\"caption\":\"eSolutions europe\"},\"image\":{\"@id\":\"https:\/\/test.esolutions.free2move.com\/eu\/en_it\/#\/schema\/logo\/image\/\"}}]}<\/script>\n<!-- \/ Yoast SEO plugin. -->","yoast_head_json":{"title":"Kontakt | Free2move eSolutions","description":"Nehmen Sie noch heute Kontakt mit uns auf. Kontaktieren Sie uns f\u00fcr Anfragen, Unterst\u00fctzung oder Zusammenarbeit. Wir sind hier, um Ihnen zu helfen.","robots":{"index":"index","follow":"follow","max-snippet":"max-snippet:-1","max-image-preview":"max-image-preview:large","max-video-preview":"max-video-preview:-1"},"canonical":"https:\/\/test.esolutions.free2move.com\/eu\/de_at\/kontakt\/","og_locale":"de_DE","og_type":"article","og_title":"Kontakt | Free2move eSolutions","og_description":"Nehmen Sie noch heute Kontakt mit uns auf. Kontaktieren Sie uns f\u00fcr Anfragen, Unterst\u00fctzung oder Zusammenarbeit. Wir sind hier, um Ihnen zu helfen.","og_url":"https:\/\/test.esolutions.free2move.com\/eu\/de_at\/kontakt\/","og_site_name":"eSolution europe","twitter_card":"summary_large_image","twitter_misc":{"Est. reading time":"2 minutes"},"schema":{"@context":"https:\/\/schema.org","@graph":[{"@type":"WebPage","@id":"https:\/\/test.esolutions.free2move.com\/eu\/de_at\/kontakt\/","url":"https:\/\/test.esolutions.free2move.com\/eu\/de_at\/kontakt\/","name":"Kontakt | Free2move eSolutions","isPartOf":{"@id":"https:\/\/test.esolutions.free2move.com\/eu\/en_it\/#website"},"datePublished":"2024-03-18T11:52:16+00:00","description":"Nehmen Sie noch heute Kontakt mit uns auf. Kontaktieren Sie uns f\u00fcr Anfragen, Unterst\u00fctzung oder Zusammenarbeit. Wir sind hier, um Ihnen zu helfen.","breadcrumb":{"@id":"https:\/\/test.esolutions.free2move.com\/eu\/de_at\/kontakt\/#breadcrumb"},"inLanguage":"de-at","potentialAction":[{"@type":"ReadAction","target":["https:\/\/test.esolutions.free2move.com\/eu\/de_at\/kontakt\/"]}]},{"@type":"BreadcrumbList","@id":"https:\/\/test.esolutions.free2move.com\/eu\/de_at\/kontakt\/#breadcrumb","itemListElement":[{"@type":"ListItem","position":1,"name":"Home","item":"https:\/\/test.esolutions.free2move.com\/eu\/de_at\/"},{"@type":"ListItem","position":2,"name":"Kontakt"}]},{"@type":"WebSite","@id":"https:\/\/test.esolutions.free2move.com\/eu\/en_it\/#website","url":"https:\/\/test.esolutions.free2move.com\/eu\/en_it\/","name":"eSolutions europe","description":"","publisher":{"@id":"https:\/\/test.esolutions.free2move.com\/eu\/en_it\/#organization"},"potentialAction":[{"@type":"SearchAction","target":{"@type":"EntryPoint","urlTemplate":"https:\/\/test.esolutions.free2move.com\/eu\/en_it\/?s={search_term_string}"},"query-input":{"@type":"PropertyValueSpecification","valueRequired":true,"valueName":"search_term_string"}}],"inLanguage":"de-at"},{"@type":"Organization","@id":"https:\/\/test.esolutions.free2move.com\/eu\/en_it\/#organization","name":"eSolutions europe","url":"https:\/\/test.esolutions.free2move.com\/eu\/en_it\/","logo":{"@type":"ImageObject","inLanguage":"de-at","@id":"https:\/\/test.esolutions.free2move.com\/eu\/en_it\/#\/schema\/logo\/image\/","url":"https:\/\/www.esolutions.free2move.com\/eu\/wp-content\/uploads\/2024\/03\/logo-f2m-horizontal-1-1-1.png","contentUrl":"https:\/\/www.esolutions.free2move.com\/eu\/wp-content\/uploads\/2024\/03\/logo-f2m-horizontal-1-1-1.png","width":865,"height":218,"caption":"eSolutions europe"},"image":{"@id":"https:\/\/test.esolutions.free2move.com\/eu\/en_it\/#\/schema\/logo\/image\/"}}]}},"_links":{"self":[{"href":"https:\/\/test.esolutions.free2move.com\/eu\/de_at\/wp-json\/wp\/v2\/pages\/22484","targetHints":{"allow":["GET"]}}],"collection":[{"href":"https:\/\/test.esolutions.free2move.com\/eu\/de_at\/wp-json\/wp\/v2\/pages"}],"about":[{"href":"https:\/\/test.esolutions.free2move.com\/eu\/de_at\/wp-json\/wp\/v2\/types\/page"}],"author":[{"embeddable":true,"href":"https:\/\/test.esolutions.free2move.com\/eu\/de_at\/wp-json\/wp\/v2\/users\/1"}],"replies":[{"embeddable":true,"href":"https:\/\/test.esolutions.free2move.com\/eu\/de_at\/wp-json\/wp\/v2\/comments?post=22484"}],"version-history":[{"count":0,"href":"https:\/\/test.esolutions.free2move.com\/eu\/de_at\/wp-json\/wp\/v2\/pages\/22484\/revisions"}],"wp:attachment":[{"href":"https:\/\/test.esolutions.free2move.com\/eu\/de_at\/wp-json\/wp\/v2\/media?parent=22484"}],"curies":[{"name":"wp","href":"https:\/\/api.w.org\/{rel}","templated":true}]}}