{"id":22492,"date":"2024-03-18T14:46:46","date_gmt":"2024-03-18T14:46:46","guid":{"rendered":"https:\/\/test.esolutions.free2move.com\/eu\/governance-und-ethik\/luigi-michi\/"},"modified":"2024-03-18T14:46:46","modified_gmt":"2024-03-18T14:46:46","slug":"luigi-michi","status":"publish","type":"page","link":"https:\/\/test.esolutions.free2move.com\/eu\/de_at\/governance-und-ethik\/luigi-michi\/","title":{"rendered":"Luigi Michi"},"content":{"rendered":"<div id=\"cs-content\" class=\"cs-content\"><nav class=\"x-crumbs e12631-e1 m9qv-0\" role=\"navigation\"><ol class=\"x-crumbs-list\" itemscope=\"\" itemtype=\"http:\/\/schema.org\/BreadcrumbList\" aria-label=\"Breadcrumb Navigation\"><li class=\"x-crumbs-list-item\" itemprop=\"itemListElement\" itemscope itemtype=\"http:\/\/schema.org\/ListItem\"><a class=\"x-crumbs-current x-crumbs-link\" itemtype=\"http:\/\/schema.org\/Thing\" itemprop=\"item\" href=\"https:\/\/test.esolutions.free2move.com\/eu\/de_at\/\" title=\"You Are Here\"><span itemprop=\"name\">Home<\/span><\/a><meta itemprop=\"position\" content=\"1\"><\/li><\/ol><\/nav><div class=\"x-section e12631-e2 m9qv-1\"><div class=\"x-row x-container max width e12631-e3 m9qv-2 m9qv-3 m9qv-5 m9qv-6\"><div class=\"x-row-inner\"><div class=\"x-col e12631-e4 m9qv-8 m9qv-9 m9qv-a m9qv-b\"><span class=\"x-image e12631-e5 m9qv-f\"><img decoding=\"async\" src=\"https:\/\/test.esolutions.free2move.com\/eu\/wp-content\/uploads\/2024\/03\/GovernanceEthics_Luigi-Michi-copia.jpg\" width=\"146\" height=\"134\" alt=\"Image\" loading=\"lazy\"><\/span><\/div><div class=\"x-col e12631-e6 m9qv-8 m9qv-a m9qv-c m9qv-d es_gap\"><div class=\"x-row e12631-e7 m9qv-3 m9qv-4 m9qv-5 m9qv-7\"><div class=\"x-row-inner\"><div class=\"x-col e12631-e8 m9qv-8 m9qv-9 m9qv-d m9qv-e es_gap\"><div class=\"x-text x-text-headline e12631-e9 m9qv-g\"><div class=\"x-text-content\"><div class=\"x-text-content-text\"><h2 class=\"x-text-content-text-primary\">Luigi Michi<\/h2><\/div><\/div><\/div><div class=\"x-text x-content e12631-e10 m9qv-h\"><div class=\"ewa-rteLine\">\n<div class=\"ewa-rteLine\"><strong>Direktor<\/strong><\/div>\n<div class=\"ewa-rteLine\">&nbsp;<\/div>\n<div class=\"ewa-rteLine\">Luigi Michi, 1958 in Italien geboren, erwarb einen Abschluss cum laudae in Elektrotechnik. Vor kurzem wurde er zum Senior Advisor bei \"Key to energy\" ernannt, einem erfahrenen und fundierten Energieberatungsunternehmen, das sich mit einer breiten Palette von Strom- und Gasthemen im Energiesektor befasst.<\/div>\n<div class=\"ewa-rteLine\">Mit seiner mehr als drei\u00dfigj\u00e4hrigen Erfahrung in der Energiebranche, in der er seit 1985 in verschiedenen Funktionen t\u00e4tig ist, ist Luigi ein \"vollwertiger\" Experte f\u00fcr Energiem\u00e4rkte und komplexe elektrische Systeme, der sich nun intensiv mit der aktuellen Energiewende befasst.<\/div>\n<div class=\"ewa-rteLine\">Bis Ende 2019 war er Leiter f\u00fcr Strategie, Entwicklung und Systembetrieb bei Terna Spa, dem italienischen \u00dcbertragungsnetzbetreiber, und dort insbesondere f\u00fcr Regulierungsfragen, Netzplanung, Marktanalyse und Dispatching zust\u00e4ndig.<\/div>\n<div class=\"ewa-rteLine\">Er kam 2015 zu Terna, nachdem er lange Zeit als Executive Vice President und Leiter des Gesch\u00e4ftsbereichs Energiemanagement bei Enel t\u00e4tig war und sich mit der Verwaltung und Disposition des gesamten italienischen Erzeugungsportfolios sowie mit dem Handel von Rohstoffen auf den europ\u00e4ischen M\u00e4rkten befasst hatte.<\/div>\n<div class=\"ewa-rteLine\">Bevor er in die Stromerzeugungsbranche eintrat, war er seit 1988 in verschiedenen Bereichen des Netzes und der Strom\u00fcbertragungsleitungen t\u00e4tig (Planung, Bau, Kontrolle). Von 1984 bis 1987 war er bei der ENI-Gruppe t\u00e4tig, wo er sich mit der Planung von Turbogaskraftwerken und dem Auftragsmanagement (schl\u00fcsselfertige Vertr\u00e4ge) befasste.<\/div>\n<div class=\"ewa-rteLine\">Luigi Michi schloss 1983 sein Studium der Elektrotechnik an der Universit\u00e4t Pisa mit \"cum laudae\" ab. In den folgenden Jahren besuchte er mehrere Programme f\u00fcr F\u00fchrungskr\u00e4fte (Columbia University, Harvard, IESE).<\/div>\n<div class=\"ewa-rteLine\">Herr Michi ist verheiratet und hat drei Kinder. In seiner Freizeit fotografiert er gerne und besch\u00e4ftigt sich mit audio-visuellen Projekten.<\/div>\n<\/div><\/div><\/div><\/div><\/div><\/div><\/div><\/div><\/div><\/div>\n","protected":false},"excerpt":{"rendered":"<p>HomeLuigi Michi Direktor &nbsp; Luigi Michi, 1958 in Italien geboren, erwarb einen Abschluss cum laudae in Elektrotechnik. Vor kurzem wurde er zum Senior Advisor bei &#8220;Key to energy&#8221; ernannt, einem erfahrenen und fundierten Energieberatungsunternehmen, das sich mit einer breiten Palette von Strom- und Gasthemen im Energiesektor befasst. Mit seiner mehr als drei\u00dfigj\u00e4hrigen Erfahrung in der Energiebranche, in der er seit &#8230; <\/p>\n<div><a href=\"https:\/\/test.esolutions.free2move.com\/eu\/de_at\/governance-und-ethik\/luigi-michi\/\" class=\"more-link\">Read More<\/a><\/div>\n","protected":false},"author":1,"featured_media":0,"parent":22472,"menu_order":0,"comment_status":"closed","ping_status":"closed","template":"template-blank-4.php","meta":{"_acf_changed":false,"inline_featured_image":false,"footnotes":""},"class_list":["post-22492","page","type-page","status-publish","hentry","no-post-thumbnail"],"acf":[],"yoast_head":"<!-- This site is optimized with the Yoast SEO plugin v24.4 - https:\/\/yoast.com\/wordpress\/plugins\/seo\/ -->\n<title>Luigi Michi - eSolution europe<\/title>\n<meta name=\"robots\" content=\"index, follow, max-snippet:-1, max-image-preview:large, max-video-preview:-1\" \/>\n<link rel=\"canonical\" href=\"https:\/\/test.esolutions.free2move.com\/eu\/de_at\/governance-und-ethik\/luigi-michi\/\" \/>\n<meta property=\"og:locale\" content=\"de_DE\" \/>\n<meta property=\"og:type\" content=\"article\" \/>\n<meta property=\"og:title\" content=\"Luigi Michi - eSolution europe\" \/>\n<meta property=\"og:description\" content=\"HomeLuigi Michi Direktor &nbsp; Luigi Michi, 1958 in Italien geboren, erwarb einen Abschluss cum laudae in Elektrotechnik. Vor kurzem wurde er zum Senior Advisor bei &quot;Key to energy&quot; ernannt, einem erfahrenen und fundierten Energieberatungsunternehmen, das sich mit einer breiten Palette von Strom- und Gasthemen im Energiesektor befasst. Mit seiner mehr als drei\u00dfigj\u00e4hrigen Erfahrung in der Energiebranche, in der er seit ... Read More\" \/>\n<meta property=\"og:url\" content=\"https:\/\/test.esolutions.free2move.com\/eu\/de_at\/governance-und-ethik\/luigi-michi\/\" \/>\n<meta property=\"og:site_name\" content=\"eSolution europe\" \/>\n<meta name=\"twitter:card\" content=\"summary_large_image\" \/>\n<meta name=\"twitter:label1\" content=\"Est. reading time\" \/>\n\t<meta name=\"twitter:data1\" content=\"2 minutes\" \/>\n<script type=\"application\/ld+json\" class=\"yoast-schema-graph\">{\"@context\":\"https:\/\/schema.org\",\"@graph\":[{\"@type\":\"WebPage\",\"@id\":\"https:\/\/test.esolutions.free2move.com\/eu\/de_at\/governance-und-ethik\/luigi-michi\/\",\"url\":\"https:\/\/test.esolutions.free2move.com\/eu\/de_at\/governance-und-ethik\/luigi-michi\/\",\"name\":\"Luigi Michi - eSolution europe\",\"isPartOf\":{\"@id\":\"https:\/\/test.esolutions.free2move.com\/eu\/en_it\/#website\"},\"datePublished\":\"2024-03-18T14:46:46+00:00\",\"breadcrumb\":{\"@id\":\"https:\/\/test.esolutions.free2move.com\/eu\/de_at\/governance-und-ethik\/luigi-michi\/#breadcrumb\"},\"inLanguage\":\"de-at\",\"potentialAction\":[{\"@type\":\"ReadAction\",\"target\":[\"https:\/\/test.esolutions.free2move.com\/eu\/de_at\/governance-und-ethik\/luigi-michi\/\"]}]},{\"@type\":\"BreadcrumbList\",\"@id\":\"https:\/\/test.esolutions.free2move.com\/eu\/de_at\/governance-und-ethik\/luigi-michi\/#breadcrumb\",\"itemListElement\":[{\"@type\":\"ListItem\",\"position\":1,\"name\":\"Home\",\"item\":\"https:\/\/test.esolutions.free2move.com\/eu\/de_at\/\"},{\"@type\":\"ListItem\",\"position\":2,\"name\":\"Governance und Ethik\",\"item\":\"https:\/\/test.esolutions.free2move.com\/eu\/de_at\/governance-und-ethik\/\"},{\"@type\":\"ListItem\",\"position\":3,\"name\":\"Luigi Michi\"}]},{\"@type\":\"WebSite\",\"@id\":\"https:\/\/test.esolutions.free2move.com\/eu\/en_it\/#website\",\"url\":\"https:\/\/test.esolutions.free2move.com\/eu\/en_it\/\",\"name\":\"eSolutions europe\",\"description\":\"\",\"publisher\":{\"@id\":\"https:\/\/test.esolutions.free2move.com\/eu\/en_it\/#organization\"},\"potentialAction\":[{\"@type\":\"SearchAction\",\"target\":{\"@type\":\"EntryPoint\",\"urlTemplate\":\"https:\/\/test.esolutions.free2move.com\/eu\/en_it\/?s={search_term_string}\"},\"query-input\":{\"@type\":\"PropertyValueSpecification\",\"valueRequired\":true,\"valueName\":\"search_term_string\"}}],\"inLanguage\":\"de-at\"},{\"@type\":\"Organization\",\"@id\":\"https:\/\/test.esolutions.free2move.com\/eu\/en_it\/#organization\",\"name\":\"eSolutions europe\",\"url\":\"https:\/\/test.esolutions.free2move.com\/eu\/en_it\/\",\"logo\":{\"@type\":\"ImageObject\",\"inLanguage\":\"de-at\",\"@id\":\"https:\/\/test.esolutions.free2move.com\/eu\/en_it\/#\/schema\/logo\/image\/\",\"url\":\"https:\/\/www.esolutions.free2move.com\/eu\/wp-content\/uploads\/2024\/03\/logo-f2m-horizontal-1-1-1.png\",\"contentUrl\":\"https:\/\/www.esolutions.free2move.com\/eu\/wp-content\/uploads\/2024\/03\/logo-f2m-horizontal-1-1-1.png\",\"width\":865,\"height\":218,\"caption\":\"eSolutions europe\"},\"image\":{\"@id\":\"https:\/\/test.esolutions.free2move.com\/eu\/en_it\/#\/schema\/logo\/image\/\"}}]}<\/script>\n<!-- \/ Yoast SEO plugin. -->","yoast_head_json":{"title":"Luigi Michi - eSolution europe","robots":{"index":"index","follow":"follow","max-snippet":"max-snippet:-1","max-image-preview":"max-image-preview:large","max-video-preview":"max-video-preview:-1"},"canonical":"https:\/\/test.esolutions.free2move.com\/eu\/de_at\/governance-und-ethik\/luigi-michi\/","og_locale":"de_DE","og_type":"article","og_title":"Luigi Michi - eSolution europe","og_description":"HomeLuigi Michi Direktor &nbsp; Luigi Michi, 1958 in Italien geboren, erwarb einen Abschluss cum laudae in Elektrotechnik. Vor kurzem wurde er zum Senior Advisor bei \"Key to energy\" ernannt, einem erfahrenen und fundierten Energieberatungsunternehmen, das sich mit einer breiten Palette von Strom- und Gasthemen im Energiesektor befasst. Mit seiner mehr als drei\u00dfigj\u00e4hrigen Erfahrung in der Energiebranche, in der er seit ... Read More","og_url":"https:\/\/test.esolutions.free2move.com\/eu\/de_at\/governance-und-ethik\/luigi-michi\/","og_site_name":"eSolution europe","twitter_card":"summary_large_image","twitter_misc":{"Est. reading time":"2 minutes"},"schema":{"@context":"https:\/\/schema.org","@graph":[{"@type":"WebPage","@id":"https:\/\/test.esolutions.free2move.com\/eu\/de_at\/governance-und-ethik\/luigi-michi\/","url":"https:\/\/test.esolutions.free2move.com\/eu\/de_at\/governance-und-ethik\/luigi-michi\/","name":"Luigi Michi - eSolution europe","isPartOf":{"@id":"https:\/\/test.esolutions.free2move.com\/eu\/en_it\/#website"},"datePublished":"2024-03-18T14:46:46+00:00","breadcrumb":{"@id":"https:\/\/test.esolutions.free2move.com\/eu\/de_at\/governance-und-ethik\/luigi-michi\/#breadcrumb"},"inLanguage":"de-at","potentialAction":[{"@type":"ReadAction","target":["https:\/\/test.esolutions.free2move.com\/eu\/de_at\/governance-und-ethik\/luigi-michi\/"]}]},{"@type":"BreadcrumbList","@id":"https:\/\/test.esolutions.free2move.com\/eu\/de_at\/governance-und-ethik\/luigi-michi\/#breadcrumb","itemListElement":[{"@type":"ListItem","position":1,"name":"Home","item":"https:\/\/test.esolutions.free2move.com\/eu\/de_at\/"},{"@type":"ListItem","position":2,"name":"Governance und Ethik","item":"https:\/\/test.esolutions.free2move.com\/eu\/de_at\/governance-und-ethik\/"},{"@type":"ListItem","position":3,"name":"Luigi Michi"}]},{"@type":"WebSite","@id":"https:\/\/test.esolutions.free2move.com\/eu\/en_it\/#website","url":"https:\/\/test.esolutions.free2move.com\/eu\/en_it\/","name":"eSolutions europe","description":"","publisher":{"@id":"https:\/\/test.esolutions.free2move.com\/eu\/en_it\/#organization"},"potentialAction":[{"@type":"SearchAction","target":{"@type":"EntryPoint","urlTemplate":"https:\/\/test.esolutions.free2move.com\/eu\/en_it\/?s={search_term_string}"},"query-input":{"@type":"PropertyValueSpecification","valueRequired":true,"valueName":"search_term_string"}}],"inLanguage":"de-at"},{"@type":"Organization","@id":"https:\/\/test.esolutions.free2move.com\/eu\/en_it\/#organization","name":"eSolutions europe","url":"https:\/\/test.esolutions.free2move.com\/eu\/en_it\/","logo":{"@type":"ImageObject","inLanguage":"de-at","@id":"https:\/\/test.esolutions.free2move.com\/eu\/en_it\/#\/schema\/logo\/image\/","url":"https:\/\/www.esolutions.free2move.com\/eu\/wp-content\/uploads\/2024\/03\/logo-f2m-horizontal-1-1-1.png","contentUrl":"https:\/\/www.esolutions.free2move.com\/eu\/wp-content\/uploads\/2024\/03\/logo-f2m-horizontal-1-1-1.png","width":865,"height":218,"caption":"eSolutions europe"},"image":{"@id":"https:\/\/test.esolutions.free2move.com\/eu\/en_it\/#\/schema\/logo\/image\/"}}]}},"_links":{"self":[{"href":"https:\/\/test.esolutions.free2move.com\/eu\/de_at\/wp-json\/wp\/v2\/pages\/22492","targetHints":{"allow":["GET"]}}],"collection":[{"href":"https:\/\/test.esolutions.free2move.com\/eu\/de_at\/wp-json\/wp\/v2\/pages"}],"about":[{"href":"https:\/\/test.esolutions.free2move.com\/eu\/de_at\/wp-json\/wp\/v2\/types\/page"}],"author":[{"embeddable":true,"href":"https:\/\/test.esolutions.free2move.com\/eu\/de_at\/wp-json\/wp\/v2\/users\/1"}],"replies":[{"embeddable":true,"href":"https:\/\/test.esolutions.free2move.com\/eu\/de_at\/wp-json\/wp\/v2\/comments?post=22492"}],"version-history":[{"count":0,"href":"https:\/\/test.esolutions.free2move.com\/eu\/de_at\/wp-json\/wp\/v2\/pages\/22492\/revisions"}],"up":[{"embeddable":true,"href":"https:\/\/test.esolutions.free2move.com\/eu\/de_at\/wp-json\/wp\/v2\/pages\/22472"}],"wp:attachment":[{"href":"https:\/\/test.esolutions.free2move.com\/eu\/de_at\/wp-json\/wp\/v2\/media?parent=22492"}],"curies":[{"name":"wp","href":"https:\/\/api.w.org\/{rel}","templated":true}]}}