{"id":22441,"date":"2024-03-19T11:41:27","date_gmt":"2024-03-19T11:41:27","guid":{"rendered":"https:\/\/test.esolutions.free2move.com\/eu\/cookie-politik\/"},"modified":"2024-03-19T11:41:27","modified_gmt":"2024-03-19T11:41:27","slug":"cookie-politik","status":"publish","type":"page","link":"https:\/\/test.esolutions.free2move.com\/eu\/de_ch\/cookie-politik\/","title":{"rendered":"Cookie-Politik"},"content":{"rendered":"<div id=\"cs-content\" class=\"cs-content\"><nav class=\"x-crumbs e12523-e1 m9nv-0\" role=\"navigation\"><ol class=\"x-crumbs-list\" itemscope=\"\" itemtype=\"http:\/\/schema.org\/BreadcrumbList\" aria-label=\"Breadcrumb Navigation\"><li class=\"x-crumbs-list-item\" itemprop=\"itemListElement\" itemscope itemtype=\"http:\/\/schema.org\/ListItem\"><a class=\"x-crumbs-current x-crumbs-link\" itemtype=\"http:\/\/schema.org\/Thing\" itemprop=\"item\" href=\"https:\/\/test.esolutions.free2move.com\/eu\/de_ch\/\" title=\"You Are Here\"><span itemprop=\"name\">Home<\/span><\/a><meta itemprop=\"position\" content=\"1\"><\/li><\/ol><\/nav><div class=\"x-section e12523-e2 m9nv-1\"><div class=\"x-row x-container max width e12523-e3 m9nv-2 m9nv-3 m9nv-5 m9nv-6\"><div class=\"x-row-inner\"><div class=\"x-col e12523-e4 m9nv-8 m9nv-9 es_gap\"><div class=\"x-row e12523-e5 m9nv-3 m9nv-4 m9nv-5 m9nv-7\"><div class=\"x-row-inner\"><div class=\"x-col e12523-e6 m9nv-8 m9nv-a es_gap\"><div class=\"x-text x-text-headline e12523-e7 m9nv-b\"><div class=\"x-text-content\"><div class=\"x-text-content-text\"><h2 class=\"x-text-content-text-primary\">Cookie-Richtlinie<\/h2><\/div><\/div><\/div><div class=\"x-text x-content e12523-e8 m9nv-c\"><p><strong>Was sind Cookies?<\/strong><br>Cookies sind kleine Textdateien, die auf Ihrem Computer oder Mobilger\u00e4t gespeichert werden, wenn Sie unsere Website besuchen.<\/p>\n<p><strong>Warum wir Cookies verwenden<\/strong><br>Wir verwenden Cookies, um sicherzustellen, dass wir Ihnen die beste Erfahrung auf unserer Website bieten. Unsere Website verwendet Cookies, zu denen auch Cookies von Dritten geh\u00f6ren k\u00f6nnen, um Ihnen Werbung zu senden, die f\u00fcr Sie relevant ist.<\/p>\n<p><strong>Sind alle Kekse gleich?<\/strong><br>Cookies k\u00f6nnen wie folgt klassifiziert werden.<\/p>\n<ul>\n<li><em>Session-Cookies.&nbsp;<\/em>Diese Cookies werden automatisch gel\u00f6scht, wenn Sie Ihren Browser schlie\u00dfen.<\/li>\n<li><em>Dauerhafte Cookies.<\/em>&nbsp;Diese Cookies verbleiben auf Ihrem Ger\u00e4t, bis sie ablaufen (in Form von Minuten, Tagen oder Jahren seit der Erstellung\/Aktualisierung des Cookies).<\/li>\n<li><em>Cookies von Drittanbietern.&nbsp;<\/em>Diese Cookies werden im Namen von Drittanbietern gespeichert.<br>Die Cookies k\u00f6nnen \u00fcber die Einstellungen Ihres Browsers verwaltet und gel\u00f6scht werden. Dies kann jedoch dazu f\u00fchren, dass Sie bestimmte Funktionen auf unserer Website nicht richtig nutzen k\u00f6nnen.<\/li>\n<\/ul>\n<p>Weitere Informationen finden Sie unter&nbsp;<a href=\"http:\/\/www.aboutcookies.org\/\" target=\"_blank\" rel=\"noopener\">www.aboutcookies.org&nbsp;<\/a>oder&nbsp;<a href=\"http:\/\/www.allaboutcookies.org\/\" target=\"_blank\" rel=\"noopener\">www.allaboutcookies.org&nbsp;<\/a>.<\/p>\n<p><strong>Wie k\u00f6nnen Sie uns kontaktieren?<\/strong><em><br><\/em>Die Kontaktdaten des f\u00fcr die Verarbeitung Verantwortlichen und die Vertragsdaten des Datenschutzbeauftragten finden Sie in der Datenschutzrichtlinie auf unserer Website.<\/p>\n<p><strong>Wie Sie mehr \u00fcber die Verarbeitung personenbezogener Daten auf der Website erfahren<\/strong><br>Um mehr \u00fcber die Verarbeitung personenbezogener Daten zu erfahren, k\u00f6nnen Sie auf die Website Datenschutzbestimmungen zugreifen.<\/p>\n<p><strong>Wie Sie Cookies auf unserer Website verwalten k\u00f6nnen<\/strong><em>\n  <br>\n<\/em>Um Ihnen die beste Erfahrung bei der Cookie-Verwaltung zu bieten, teilen wir die Cookies dieser Website in vier Kategorien ein, basierend auf ihrem Zweck: technisch notwendig, Komfort, Leistung, Werbung.<\/p>\n<p>Sie k\u00f6nnen jede der oben genannten Cookie-Kategorien direkt auf dieser Website aktivieren und deaktivieren (mit Ausnahme der technisch notwendigen Cookies, die unbedingt erforderlich sind). Im Falle von Cookies von Drittanbietern wird diese Website sie nach der Deaktivierung nicht mehr verwenden (wir k\u00f6nnen sie nicht l\u00f6schen).<\/p>\n<ul>\n<li>Technisch notwendig: Diese Cookies sind f\u00fcr das ordnungsgem\u00e4\u00dfe Funktionieren der Websites und ihrer Funktionen unerl\u00e4sslich. Z.B.: Authentifizierungs-Cookies.<\/li>\n<li>Komfort: Diese Cookies erm\u00f6glichen es uns, den Komfort und die Benutzerfreundlichkeit von Websites zu verbessern und verschiedene Funktionen bereitzustellen. Z.B.: Funktions-Cookies k\u00f6nnen verwendet werden, um Suchergebnisse, Sprache und Zeichengr\u00f6\u00dfe zu speichern.<\/li>\n<li>Leistung: Diese Cookies sammeln Informationen dar\u00fcber, wie Sie Websites nutzen. Performance-Cookies helfen uns zum Beispiel dabei, besonders beliebte Bereiche unserer Website zu identifizieren. Auf diese Weise k\u00f6nnen wir den Inhalt unserer Websites noch besser auf Ihre Bed\u00fcrfnisse abstimmen.<\/li>\n<li>Werbung: Diese Cookies werden verwendet, um Werbe- und verkaufsf\u00f6rdernde Informationen zu senden, die f\u00fcr Sie relevant sind, z. B. basierend auf den von Ihnen besuchten Webseiten.<\/li>\n<\/ul><\/div><\/div><\/div><\/div><\/div><\/div><\/div><\/div><\/div>\n","protected":false},"excerpt":{"rendered":"<p>HomeCookie-RichtlinieWas sind Cookies?Cookies sind kleine Textdateien, die auf Ihrem Computer oder Mobilger\u00e4t gespeichert werden, wenn Sie unsere Website besuchen. Warum wir Cookies verwendenWir verwenden Cookies, um sicherzustellen, dass wir Ihnen die beste Erfahrung auf unserer Website bieten. Unsere Website verwendet Cookies, zu denen auch Cookies von Dritten geh\u00f6ren k\u00f6nnen, um Ihnen Werbung zu senden, die f\u00fcr Sie relevant ist. Sind &#8230; <\/p>\n<div><a href=\"https:\/\/test.esolutions.free2move.com\/eu\/de_ch\/cookie-politik\/\" class=\"more-link\">Read More<\/a><\/div>\n","protected":false},"author":1,"featured_media":0,"parent":0,"menu_order":0,"comment_status":"closed","ping_status":"closed","template":"template-blank-4.php","meta":{"_acf_changed":false,"inline_featured_image":false,"footnotes":""},"class_list":["post-22441","page","type-page","status-publish","hentry","no-post-thumbnail"],"acf":[],"yoast_head":"<!-- This site is optimized with the Yoast SEO plugin v24.4 - https:\/\/yoast.com\/wordpress\/plugins\/seo\/ -->\n<title>Cookie-Politik | Free2move eSolutions<\/title>\n<meta name=\"robots\" content=\"index, follow, max-snippet:-1, max-image-preview:large, max-video-preview:-1\" \/>\n<link rel=\"canonical\" href=\"https:\/\/test.esolutions.free2move.com\/eu\/de_ch\/cookie-politik\/\" \/>\n<meta property=\"og:locale\" content=\"de_DE\" \/>\n<meta property=\"og:type\" content=\"article\" \/>\n<meta property=\"og:title\" content=\"Cookie-Politik | Free2move eSolutions\" \/>\n<meta property=\"og:description\" content=\"HomeCookie-RichtlinieWas sind Cookies?Cookies sind kleine Textdateien, die auf Ihrem Computer oder Mobilger\u00e4t gespeichert werden, wenn Sie unsere Website besuchen. Warum wir Cookies verwendenWir verwenden Cookies, um sicherzustellen, dass wir Ihnen die beste Erfahrung auf unserer Website bieten. Unsere Website verwendet Cookies, zu denen auch Cookies von Dritten geh\u00f6ren k\u00f6nnen, um Ihnen Werbung zu senden, die f\u00fcr Sie relevant ist. Sind ... Read More\" \/>\n<meta property=\"og:url\" content=\"https:\/\/test.esolutions.free2move.com\/eu\/de_ch\/cookie-politik\/\" \/>\n<meta property=\"og:site_name\" content=\"eSolution europe\" \/>\n<meta name=\"twitter:card\" content=\"summary_large_image\" \/>\n<meta name=\"twitter:label1\" content=\"Est. reading time\" \/>\n\t<meta name=\"twitter:data1\" content=\"3 minutes\" \/>\n<script type=\"application\/ld+json\" class=\"yoast-schema-graph\">{\"@context\":\"https:\/\/schema.org\",\"@graph\":[{\"@type\":\"WebPage\",\"@id\":\"https:\/\/test.esolutions.free2move.com\/eu\/de_ch\/cookie-politik\/\",\"url\":\"https:\/\/test.esolutions.free2move.com\/eu\/de_ch\/cookie-politik\/\",\"name\":\"Cookie-Politik | Free2move eSolutions\",\"isPartOf\":{\"@id\":\"https:\/\/test.esolutions.free2move.com\/eu\/en_it\/#website\"},\"datePublished\":\"2024-03-19T11:41:27+00:00\",\"breadcrumb\":{\"@id\":\"https:\/\/test.esolutions.free2move.com\/eu\/de_ch\/cookie-politik\/#breadcrumb\"},\"inLanguage\":\"de-ch\",\"potentialAction\":[{\"@type\":\"ReadAction\",\"target\":[\"https:\/\/test.esolutions.free2move.com\/eu\/de_ch\/cookie-politik\/\"]}]},{\"@type\":\"BreadcrumbList\",\"@id\":\"https:\/\/test.esolutions.free2move.com\/eu\/de_ch\/cookie-politik\/#breadcrumb\",\"itemListElement\":[{\"@type\":\"ListItem\",\"position\":1,\"name\":\"Home\",\"item\":\"https:\/\/test.esolutions.free2move.com\/eu\/de_ch\/\"},{\"@type\":\"ListItem\",\"position\":2,\"name\":\"Cookie-Politik\"}]},{\"@type\":\"WebSite\",\"@id\":\"https:\/\/test.esolutions.free2move.com\/eu\/en_it\/#website\",\"url\":\"https:\/\/test.esolutions.free2move.com\/eu\/en_it\/\",\"name\":\"eSolutions europe\",\"description\":\"\",\"publisher\":{\"@id\":\"https:\/\/test.esolutions.free2move.com\/eu\/en_it\/#organization\"},\"potentialAction\":[{\"@type\":\"SearchAction\",\"target\":{\"@type\":\"EntryPoint\",\"urlTemplate\":\"https:\/\/test.esolutions.free2move.com\/eu\/en_it\/?s={search_term_string}\"},\"query-input\":{\"@type\":\"PropertyValueSpecification\",\"valueRequired\":true,\"valueName\":\"search_term_string\"}}],\"inLanguage\":\"de-ch\"},{\"@type\":\"Organization\",\"@id\":\"https:\/\/test.esolutions.free2move.com\/eu\/en_it\/#organization\",\"name\":\"eSolutions europe\",\"url\":\"https:\/\/test.esolutions.free2move.com\/eu\/en_it\/\",\"logo\":{\"@type\":\"ImageObject\",\"inLanguage\":\"de-ch\",\"@id\":\"https:\/\/test.esolutions.free2move.com\/eu\/en_it\/#\/schema\/logo\/image\/\",\"url\":\"https:\/\/www.esolutions.free2move.com\/eu\/wp-content\/uploads\/2024\/03\/logo-f2m-horizontal-1-1-1.png\",\"contentUrl\":\"https:\/\/www.esolutions.free2move.com\/eu\/wp-content\/uploads\/2024\/03\/logo-f2m-horizontal-1-1-1.png\",\"width\":865,\"height\":218,\"caption\":\"eSolutions europe\"},\"image\":{\"@id\":\"https:\/\/test.esolutions.free2move.com\/eu\/en_it\/#\/schema\/logo\/image\/\"}}]}<\/script>\n<!-- \/ Yoast SEO plugin. -->","yoast_head_json":{"title":"Cookie-Politik | Free2move eSolutions","robots":{"index":"index","follow":"follow","max-snippet":"max-snippet:-1","max-image-preview":"max-image-preview:large","max-video-preview":"max-video-preview:-1"},"canonical":"https:\/\/test.esolutions.free2move.com\/eu\/de_ch\/cookie-politik\/","og_locale":"de_DE","og_type":"article","og_title":"Cookie-Politik | Free2move eSolutions","og_description":"HomeCookie-RichtlinieWas sind Cookies?Cookies sind kleine Textdateien, die auf Ihrem Computer oder Mobilger\u00e4t gespeichert werden, wenn Sie unsere Website besuchen. Warum wir Cookies verwendenWir verwenden Cookies, um sicherzustellen, dass wir Ihnen die beste Erfahrung auf unserer Website bieten. Unsere Website verwendet Cookies, zu denen auch Cookies von Dritten geh\u00f6ren k\u00f6nnen, um Ihnen Werbung zu senden, die f\u00fcr Sie relevant ist. Sind ... Read More","og_url":"https:\/\/test.esolutions.free2move.com\/eu\/de_ch\/cookie-politik\/","og_site_name":"eSolution europe","twitter_card":"summary_large_image","twitter_misc":{"Est. reading time":"3 minutes"},"schema":{"@context":"https:\/\/schema.org","@graph":[{"@type":"WebPage","@id":"https:\/\/test.esolutions.free2move.com\/eu\/de_ch\/cookie-politik\/","url":"https:\/\/test.esolutions.free2move.com\/eu\/de_ch\/cookie-politik\/","name":"Cookie-Politik | Free2move eSolutions","isPartOf":{"@id":"https:\/\/test.esolutions.free2move.com\/eu\/en_it\/#website"},"datePublished":"2024-03-19T11:41:27+00:00","breadcrumb":{"@id":"https:\/\/test.esolutions.free2move.com\/eu\/de_ch\/cookie-politik\/#breadcrumb"},"inLanguage":"de-ch","potentialAction":[{"@type":"ReadAction","target":["https:\/\/test.esolutions.free2move.com\/eu\/de_ch\/cookie-politik\/"]}]},{"@type":"BreadcrumbList","@id":"https:\/\/test.esolutions.free2move.com\/eu\/de_ch\/cookie-politik\/#breadcrumb","itemListElement":[{"@type":"ListItem","position":1,"name":"Home","item":"https:\/\/test.esolutions.free2move.com\/eu\/de_ch\/"},{"@type":"ListItem","position":2,"name":"Cookie-Politik"}]},{"@type":"WebSite","@id":"https:\/\/test.esolutions.free2move.com\/eu\/en_it\/#website","url":"https:\/\/test.esolutions.free2move.com\/eu\/en_it\/","name":"eSolutions europe","description":"","publisher":{"@id":"https:\/\/test.esolutions.free2move.com\/eu\/en_it\/#organization"},"potentialAction":[{"@type":"SearchAction","target":{"@type":"EntryPoint","urlTemplate":"https:\/\/test.esolutions.free2move.com\/eu\/en_it\/?s={search_term_string}"},"query-input":{"@type":"PropertyValueSpecification","valueRequired":true,"valueName":"search_term_string"}}],"inLanguage":"de-ch"},{"@type":"Organization","@id":"https:\/\/test.esolutions.free2move.com\/eu\/en_it\/#organization","name":"eSolutions europe","url":"https:\/\/test.esolutions.free2move.com\/eu\/en_it\/","logo":{"@type":"ImageObject","inLanguage":"de-ch","@id":"https:\/\/test.esolutions.free2move.com\/eu\/en_it\/#\/schema\/logo\/image\/","url":"https:\/\/www.esolutions.free2move.com\/eu\/wp-content\/uploads\/2024\/03\/logo-f2m-horizontal-1-1-1.png","contentUrl":"https:\/\/www.esolutions.free2move.com\/eu\/wp-content\/uploads\/2024\/03\/logo-f2m-horizontal-1-1-1.png","width":865,"height":218,"caption":"eSolutions europe"},"image":{"@id":"https:\/\/test.esolutions.free2move.com\/eu\/en_it\/#\/schema\/logo\/image\/"}}]}},"_links":{"self":[{"href":"https:\/\/test.esolutions.free2move.com\/eu\/de_ch\/wp-json\/wp\/v2\/pages\/22441","targetHints":{"allow":["GET"]}}],"collection":[{"href":"https:\/\/test.esolutions.free2move.com\/eu\/de_ch\/wp-json\/wp\/v2\/pages"}],"about":[{"href":"https:\/\/test.esolutions.free2move.com\/eu\/de_ch\/wp-json\/wp\/v2\/types\/page"}],"author":[{"embeddable":true,"href":"https:\/\/test.esolutions.free2move.com\/eu\/de_ch\/wp-json\/wp\/v2\/users\/1"}],"replies":[{"embeddable":true,"href":"https:\/\/test.esolutions.free2move.com\/eu\/de_ch\/wp-json\/wp\/v2\/comments?post=22441"}],"version-history":[{"count":0,"href":"https:\/\/test.esolutions.free2move.com\/eu\/de_ch\/wp-json\/wp\/v2\/pages\/22441\/revisions"}],"wp:attachment":[{"href":"https:\/\/test.esolutions.free2move.com\/eu\/de_ch\/wp-json\/wp\/v2\/media?parent=22441"}],"curies":[{"name":"wp","href":"https:\/\/api.w.org\/{rel}","templated":true}]}}