{"id":22497,"date":"2024-03-18T14:50:07","date_gmt":"2024-03-18T14:50:07","guid":{"rendered":"https:\/\/test.esolutions.free2move.com\/eu\/governance-und-ethik\/mathilde-lheureux\/"},"modified":"2024-03-18T14:50:07","modified_gmt":"2024-03-18T14:50:07","slug":"mathilde-lheureux","status":"publish","type":"page","link":"https:\/\/test.esolutions.free2move.com\/eu\/de_ch\/governance-und-ethik\/mathilde-lheureux\/","title":{"rendered":"Mathilde Lheureux"},"content":{"rendered":"<div id=\"cs-content\" class=\"cs-content\"><nav class=\"x-crumbs e12643-e1 m9r7-0\" role=\"navigation\"><ol class=\"x-crumbs-list\" itemscope=\"\" itemtype=\"http:\/\/schema.org\/BreadcrumbList\" aria-label=\"Breadcrumb Navigation\"><li class=\"x-crumbs-list-item\" itemprop=\"itemListElement\" itemscope itemtype=\"http:\/\/schema.org\/ListItem\"><a class=\"x-crumbs-current x-crumbs-link\" itemtype=\"http:\/\/schema.org\/Thing\" itemprop=\"item\" href=\"https:\/\/test.esolutions.free2move.com\/eu\/de_ch\/\" title=\"You Are Here\"><span itemprop=\"name\">Home<\/span><\/a><meta itemprop=\"position\" content=\"1\"><\/li><\/ol><\/nav><div class=\"x-section e12643-e2 m9r7-1\"><div class=\"x-row x-container max width e12643-e3 m9r7-2 m9r7-3 m9r7-5 m9r7-6\"><div class=\"x-row-inner\"><div class=\"x-col e12643-e4 m9r7-8 m9r7-9 m9r7-a m9r7-b\"><span class=\"x-image e12643-e5 m9r7-f\"><img decoding=\"async\" src=\"https:\/\/test.esolutions.free2move.com\/eu\/wp-content\/uploads\/2024\/03\/MATHILDE_LHEUREUX.jpg\" width=\"146\" height=\"134\" alt=\"Image\" loading=\"lazy\"><\/span><\/div><div class=\"x-col e12643-e6 m9r7-8 m9r7-a m9r7-c m9r7-d es_gap\"><div class=\"x-row e12643-e7 m9r7-3 m9r7-4 m9r7-5 m9r7-7\"><div class=\"x-row-inner\"><div class=\"x-col e12643-e8 m9r7-8 m9r7-9 m9r7-d m9r7-e es_gap\"><div class=\"x-text x-text-headline e12643-e9 m9r7-g\"><div class=\"x-text-content\"><div class=\"x-text-content-text\"><h2 class=\"x-text-content-text-primary\">Mathilde Lheureux<\/h2><\/div><\/div><\/div><div class=\"x-text x-content e12643-e10 m9r7-h\"><div class=\"ewa-rteLine\">\n<div class=\"ewa-rteLine\">\n<div class=\"ewa-rteLine\">\n<div class=\"ewa-rteLine\"><strong>Gesch\u00e4ftsf\u00fchrender Direktor<\/strong><\/div>\n<div class=\"ewa-rteLine\">&nbsp;<\/div>\n<div class=\"ewa-rteLine\">Mathilde Lheureux ist seit dem 1. November 2022 CEO von Free2move eSolutions. Sie verf\u00fcgt \u00fcber mehr als 15 Jahre Erfahrung in der Automobilbranche. Bevor sie im Januar 2021 zu Stellantis kam, war sie Leiterin der Abteilung Global Talent and Top Management bei der Groupe PSA. Zuvor war sie Stabschefin von Carlos Tavares in der Groupe PSA. W\u00e4hrend ihrer Laufbahn bei der Groupe PSA sammelte sie umfangreiche und vielseitige Erfahrungen in den Bereichen Forschung und Entwicklung, \u00f6ffentliche Angelegenheiten und Unternehmensstrategie.<\/div>\n<\/div>\n<\/div>\n<\/div><\/div><\/div><\/div><\/div><\/div><\/div><\/div><\/div><\/div>\n","protected":false},"excerpt":{"rendered":"<p>HomeMathilde Lheureux Gesch\u00e4ftsf\u00fchrender Direktor &nbsp; Mathilde Lheureux ist seit dem 1. November 2022 CEO von Free2move eSolutions. Sie verf\u00fcgt \u00fcber mehr als 15 Jahre Erfahrung in der Automobilbranche. Bevor sie im Januar 2021 zu Stellantis kam, war sie Leiterin der Abteilung Global Talent and Top Management bei der Groupe PSA. Zuvor war sie Stabschefin von Carlos Tavares in der Groupe &#8230; <\/p>\n<div><a href=\"https:\/\/test.esolutions.free2move.com\/eu\/de_ch\/governance-und-ethik\/mathilde-lheureux\/\" class=\"more-link\">Read More<\/a><\/div>\n","protected":false},"author":1,"featured_media":0,"parent":22473,"menu_order":0,"comment_status":"closed","ping_status":"closed","template":"template-blank-4.php","meta":{"_acf_changed":false,"inline_featured_image":false,"footnotes":""},"class_list":["post-22497","page","type-page","status-publish","hentry","no-post-thumbnail"],"acf":[],"yoast_head":"<!-- This site is optimized with the Yoast SEO plugin v24.4 - https:\/\/yoast.com\/wordpress\/plugins\/seo\/ -->\n<title>Mathilde Lheureux - eSolution europe<\/title>\n<meta name=\"robots\" content=\"index, follow, max-snippet:-1, max-image-preview:large, max-video-preview:-1\" \/>\n<link rel=\"canonical\" href=\"https:\/\/test.esolutions.free2move.com\/eu\/en_def\/governance-ethics\/mathilde-lheureux\/\" \/>\n<meta property=\"og:locale\" content=\"de_DE\" \/>\n<meta property=\"og:type\" content=\"article\" \/>\n<meta property=\"og:title\" content=\"Mathilde Lheureux - eSolution europe\" \/>\n<meta property=\"og:description\" content=\"HomeMathilde Lheureux Gesch\u00e4ftsf\u00fchrender Direktor &nbsp; Mathilde Lheureux ist seit dem 1. November 2022 CEO von Free2move eSolutions. Sie verf\u00fcgt \u00fcber mehr als 15 Jahre Erfahrung in der Automobilbranche. Bevor sie im Januar 2021 zu Stellantis kam, war sie Leiterin der Abteilung Global Talent and Top Management bei der Groupe PSA. Zuvor war sie Stabschefin von Carlos Tavares in der Groupe ... Read More\" \/>\n<meta property=\"og:url\" content=\"https:\/\/test.esolutions.free2move.com\/eu\/en_def\/governance-ethics\/mathilde-lheureux\/\" \/>\n<meta property=\"og:site_name\" content=\"eSolution europe\" \/>\n<meta name=\"twitter:card\" content=\"summary_large_image\" \/>\n<meta name=\"twitter:label1\" content=\"Est. reading time\" \/>\n\t<meta name=\"twitter:data1\" content=\"1 minute\" \/>\n<script type=\"application\/ld+json\" class=\"yoast-schema-graph\">{\"@context\":\"https:\/\/schema.org\",\"@graph\":[{\"@type\":\"WebPage\",\"@id\":\"https:\/\/test.esolutions.free2move.com\/eu\/en_def\/governance-ethics\/mathilde-lheureux\/\",\"url\":\"https:\/\/test.esolutions.free2move.com\/eu\/en_def\/governance-ethics\/mathilde-lheureux\/\",\"name\":\"Mathilde Lheureux - eSolution europe\",\"isPartOf\":{\"@id\":\"https:\/\/test.esolutions.free2move.com\/eu\/en_it\/#website\"},\"datePublished\":\"2024-03-18T14:50:07+00:00\",\"breadcrumb\":{\"@id\":\"https:\/\/test.esolutions.free2move.com\/eu\/en_def\/governance-ethics\/mathilde-lheureux\/#breadcrumb\"},\"inLanguage\":\"de-ch\",\"potentialAction\":[{\"@type\":\"ReadAction\",\"target\":[\"https:\/\/test.esolutions.free2move.com\/eu\/en_def\/governance-ethics\/mathilde-lheureux\/\"]}]},{\"@type\":\"BreadcrumbList\",\"@id\":\"https:\/\/test.esolutions.free2move.com\/eu\/en_def\/governance-ethics\/mathilde-lheureux\/#breadcrumb\",\"itemListElement\":[{\"@type\":\"ListItem\",\"position\":1,\"name\":\"Home\",\"item\":\"https:\/\/test.esolutions.free2move.com\/eu\/de_ch\/\"},{\"@type\":\"ListItem\",\"position\":2,\"name\":\"Governance und Ethik\",\"item\":\"https:\/\/test.esolutions.free2move.com\/eu\/de_ch\/governance-und-ethik\/\"},{\"@type\":\"ListItem\",\"position\":3,\"name\":\"Mathilde Lheureux\"}]},{\"@type\":\"WebSite\",\"@id\":\"https:\/\/test.esolutions.free2move.com\/eu\/en_it\/#website\",\"url\":\"https:\/\/test.esolutions.free2move.com\/eu\/en_it\/\",\"name\":\"eSolutions europe\",\"description\":\"\",\"publisher\":{\"@id\":\"https:\/\/test.esolutions.free2move.com\/eu\/en_it\/#organization\"},\"potentialAction\":[{\"@type\":\"SearchAction\",\"target\":{\"@type\":\"EntryPoint\",\"urlTemplate\":\"https:\/\/test.esolutions.free2move.com\/eu\/en_it\/?s={search_term_string}\"},\"query-input\":{\"@type\":\"PropertyValueSpecification\",\"valueRequired\":true,\"valueName\":\"search_term_string\"}}],\"inLanguage\":\"de-ch\"},{\"@type\":\"Organization\",\"@id\":\"https:\/\/test.esolutions.free2move.com\/eu\/en_it\/#organization\",\"name\":\"eSolutions europe\",\"url\":\"https:\/\/test.esolutions.free2move.com\/eu\/en_it\/\",\"logo\":{\"@type\":\"ImageObject\",\"inLanguage\":\"de-ch\",\"@id\":\"https:\/\/test.esolutions.free2move.com\/eu\/en_it\/#\/schema\/logo\/image\/\",\"url\":\"https:\/\/www.esolutions.free2move.com\/eu\/wp-content\/uploads\/2024\/03\/logo-f2m-horizontal-1-1-1.png\",\"contentUrl\":\"https:\/\/www.esolutions.free2move.com\/eu\/wp-content\/uploads\/2024\/03\/logo-f2m-horizontal-1-1-1.png\",\"width\":865,\"height\":218,\"caption\":\"eSolutions europe\"},\"image\":{\"@id\":\"https:\/\/test.esolutions.free2move.com\/eu\/en_it\/#\/schema\/logo\/image\/\"}}]}<\/script>\n<!-- \/ Yoast SEO plugin. -->","yoast_head_json":{"title":"Mathilde Lheureux - eSolution europe","robots":{"index":"index","follow":"follow","max-snippet":"max-snippet:-1","max-image-preview":"max-image-preview:large","max-video-preview":"max-video-preview:-1"},"canonical":"https:\/\/test.esolutions.free2move.com\/eu\/en_def\/governance-ethics\/mathilde-lheureux\/","og_locale":"de_DE","og_type":"article","og_title":"Mathilde Lheureux - eSolution europe","og_description":"HomeMathilde Lheureux Gesch\u00e4ftsf\u00fchrender Direktor &nbsp; Mathilde Lheureux ist seit dem 1. November 2022 CEO von Free2move eSolutions. Sie verf\u00fcgt \u00fcber mehr als 15 Jahre Erfahrung in der Automobilbranche. Bevor sie im Januar 2021 zu Stellantis kam, war sie Leiterin der Abteilung Global Talent and Top Management bei der Groupe PSA. Zuvor war sie Stabschefin von Carlos Tavares in der Groupe ... Read More","og_url":"https:\/\/test.esolutions.free2move.com\/eu\/en_def\/governance-ethics\/mathilde-lheureux\/","og_site_name":"eSolution europe","twitter_card":"summary_large_image","twitter_misc":{"Est. reading time":"1 minute"},"schema":{"@context":"https:\/\/schema.org","@graph":[{"@type":"WebPage","@id":"https:\/\/test.esolutions.free2move.com\/eu\/en_def\/governance-ethics\/mathilde-lheureux\/","url":"https:\/\/test.esolutions.free2move.com\/eu\/en_def\/governance-ethics\/mathilde-lheureux\/","name":"Mathilde Lheureux - eSolution europe","isPartOf":{"@id":"https:\/\/test.esolutions.free2move.com\/eu\/en_it\/#website"},"datePublished":"2024-03-18T14:50:07+00:00","breadcrumb":{"@id":"https:\/\/test.esolutions.free2move.com\/eu\/en_def\/governance-ethics\/mathilde-lheureux\/#breadcrumb"},"inLanguage":"de-ch","potentialAction":[{"@type":"ReadAction","target":["https:\/\/test.esolutions.free2move.com\/eu\/en_def\/governance-ethics\/mathilde-lheureux\/"]}]},{"@type":"BreadcrumbList","@id":"https:\/\/test.esolutions.free2move.com\/eu\/en_def\/governance-ethics\/mathilde-lheureux\/#breadcrumb","itemListElement":[{"@type":"ListItem","position":1,"name":"Home","item":"https:\/\/test.esolutions.free2move.com\/eu\/de_ch\/"},{"@type":"ListItem","position":2,"name":"Governance und Ethik","item":"https:\/\/test.esolutions.free2move.com\/eu\/de_ch\/governance-und-ethik\/"},{"@type":"ListItem","position":3,"name":"Mathilde Lheureux"}]},{"@type":"WebSite","@id":"https:\/\/test.esolutions.free2move.com\/eu\/en_it\/#website","url":"https:\/\/test.esolutions.free2move.com\/eu\/en_it\/","name":"eSolutions europe","description":"","publisher":{"@id":"https:\/\/test.esolutions.free2move.com\/eu\/en_it\/#organization"},"potentialAction":[{"@type":"SearchAction","target":{"@type":"EntryPoint","urlTemplate":"https:\/\/test.esolutions.free2move.com\/eu\/en_it\/?s={search_term_string}"},"query-input":{"@type":"PropertyValueSpecification","valueRequired":true,"valueName":"search_term_string"}}],"inLanguage":"de-ch"},{"@type":"Organization","@id":"https:\/\/test.esolutions.free2move.com\/eu\/en_it\/#organization","name":"eSolutions europe","url":"https:\/\/test.esolutions.free2move.com\/eu\/en_it\/","logo":{"@type":"ImageObject","inLanguage":"de-ch","@id":"https:\/\/test.esolutions.free2move.com\/eu\/en_it\/#\/schema\/logo\/image\/","url":"https:\/\/www.esolutions.free2move.com\/eu\/wp-content\/uploads\/2024\/03\/logo-f2m-horizontal-1-1-1.png","contentUrl":"https:\/\/www.esolutions.free2move.com\/eu\/wp-content\/uploads\/2024\/03\/logo-f2m-horizontal-1-1-1.png","width":865,"height":218,"caption":"eSolutions europe"},"image":{"@id":"https:\/\/test.esolutions.free2move.com\/eu\/en_it\/#\/schema\/logo\/image\/"}}]}},"_links":{"self":[{"href":"https:\/\/test.esolutions.free2move.com\/eu\/de_ch\/wp-json\/wp\/v2\/pages\/22497","targetHints":{"allow":["GET"]}}],"collection":[{"href":"https:\/\/test.esolutions.free2move.com\/eu\/de_ch\/wp-json\/wp\/v2\/pages"}],"about":[{"href":"https:\/\/test.esolutions.free2move.com\/eu\/de_ch\/wp-json\/wp\/v2\/types\/page"}],"author":[{"embeddable":true,"href":"https:\/\/test.esolutions.free2move.com\/eu\/de_ch\/wp-json\/wp\/v2\/users\/1"}],"replies":[{"embeddable":true,"href":"https:\/\/test.esolutions.free2move.com\/eu\/de_ch\/wp-json\/wp\/v2\/comments?post=22497"}],"version-history":[{"count":0,"href":"https:\/\/test.esolutions.free2move.com\/eu\/de_ch\/wp-json\/wp\/v2\/pages\/22497\/revisions"}],"up":[{"embeddable":true,"href":"https:\/\/test.esolutions.free2move.com\/eu\/de_ch\/wp-json\/wp\/v2\/pages\/22473"}],"wp:attachment":[{"href":"https:\/\/test.esolutions.free2move.com\/eu\/de_ch\/wp-json\/wp\/v2\/media?parent=22497"}],"curies":[{"name":"wp","href":"https:\/\/api.w.org\/{rel}","templated":true}]}}