{"id":22525,"date":"2024-03-18T11:34:21","date_gmt":"2024-03-18T11:34:21","guid":{"rendered":"https:\/\/test.esolutions.free2move.com\/eu\/unternehmen\/"},"modified":"2024-03-18T11:34:21","modified_gmt":"2024-03-18T11:34:21","slug":"unternehmen","status":"publish","type":"page","link":"https:\/\/test.esolutions.free2move.com\/eu\/de_ch\/unternehmen\/","title":{"rendered":"Unternehmen"},"content":{"rendered":"<div id=\"cs-content\" class=\"cs-content\"><nav class=\"x-crumbs e12499-e1 m9n7-0\" role=\"navigation\"><ol class=\"x-crumbs-list\" itemscope=\"\" itemtype=\"http:\/\/schema.org\/BreadcrumbList\" aria-label=\"Breadcrumb Navigation\"><li class=\"x-crumbs-list-item\" itemprop=\"itemListElement\" itemscope itemtype=\"http:\/\/schema.org\/ListItem\"><a class=\"x-crumbs-current x-crumbs-link\" itemtype=\"http:\/\/schema.org\/Thing\" itemprop=\"item\" href=\"https:\/\/test.esolutions.free2move.com\/eu\/de_ch\/\" title=\"You Are Here\"><span itemprop=\"name\">Home<\/span><\/a><meta itemprop=\"position\" content=\"1\"><\/li><\/ol><\/nav><div class=\"x-section e12499-e2 m9n7-1 m9n7-2 m9n7-3 m9n7-4\"><div class=\"x-row x-container max width e12499-e3 m9n7-8 m9n7-9 m9n7-a m9n7-b m9n7-h\"><div class=\"x-row-inner\"><div class=\"x-col e12499-e4 m9n7-r m9n7-s m9n7-t m9n7-u m9n7-v es_gap\"><div class=\"x-div e12499-e5 m9n7-11\"><div class=\"x-text x-text-headline e12499-e6 m9n7-12\"><div class=\"x-text-content\"><div class=\"x-text-content-text\"><h2 class=\"x-text-content-text-primary\">Free2move eSolutions<\/h2><\/div><\/div><\/div><div class=\"x-text x-content e12499-e7 m9n7-13 m9n7-14 m9n7-15 m9n7-16\"><div class=\"ewa-rteLine\"><strong>Freiheit aufladen<\/strong><\/div><\/div><\/div><\/div><div class=\"x-col e12499-e8 m9n7-t m9n7-u m9n7-v\"><span class=\"x-image e12499-e9 m9n7-19 m9n7-1a\"><img decoding=\"async\" src=\"https:\/\/test.esolutions.free2move.com\/eu\/wp-content\/uploads\/2024\/04\/AdobeStock_295114965-scaled.jpeg\" width=\"2560\" height=\"1677\" alt=\"Image\" loading=\"lazy\"><\/span><\/div><\/div><\/div><\/div><div class=\"x-section e12499-e10 m9n7-1 m9n7-4 m9n7-5\"><div class=\"x-row x-container max width e12499-e11 m9n7-8 m9n7-9 m9n7-a m9n7-c m9n7-d m9n7-i m9n7-j\"><div class=\"x-row-inner\"><div class=\"x-col x-hide-md x-hide-sm x-hide-xs e12499-e12 m9n7-u m9n7-v m9n7-w\"><hr class=\"x-line e12499-e13 m9n7-1c\"\/><\/div><div class=\"x-col e12499-e14 m9n7-r m9n7-s m9n7-u m9n7-v m9n7-w es_gap\"><div class=\"x-row e12499-e15 m9n7-8 m9n7-9 m9n7-a m9n7-d m9n7-i m9n7-k\"><div class=\"x-row-inner\"><div class=\"x-col e12499-e16 m9n7-u m9n7-v m9n7-w\"><div class=\"x-text x-content e12499-e17 m9n7-14 m9n7-16 m9n7-17 text-l\"><div class=\"ewa-rteLine\">Wir widmen uns der Entwicklung und Herstellung intelligenter Ladestationen und digitaler Dienstleistungen, um das Leben von Elektroautofahrern zu vereinfachen. Wir unterst\u00fctzen den \u00dcbergang zu einer nachhaltigen Elektromobilit\u00e4t, indem wir einfach zu bedienende L\u00f6sungen anbieten, die diesen Wechsel intuitiv und nahtlos gestalten.<\/div><\/div><\/div><\/div><\/div><\/div><\/div><\/div><\/div><div class=\"x-section e12499-e18 m9n7-1 m9n7-2 m9n7-6\"><div class=\"x-row x-container max width e12499-e19 m9n7-8 m9n7-9 m9n7-d m9n7-e m9n7-i m9n7-l row_reverse\"><div class=\"x-row-inner\"><div class=\"x-col e12499-e20 m9n7-r m9n7-t m9n7-u m9n7-x m9n7-y mobile-unset\"><div class=\"x-row e12499-e21 m9n7-8 m9n7-9 m9n7-a m9n7-d m9n7-f m9n7-i m9n7-m\"><div class=\"x-row-inner\"><div class=\"x-col e12499-e22 m9n7-u m9n7-v m9n7-w m9n7-z\"><div class=\"x-text x-text-headline e12499-e23 m9n7-12\"><div class=\"x-text-content\"><div class=\"x-text-content-text\"><h2 class=\"x-text-content-text-primary\">\u00dcber uns<\/h2><\/div><\/div><\/div><div class=\"x-text x-content e12499-e24 m9n7-14 m9n7-15 m9n7-18\">Dank unserer Leidenschaft f\u00fcr den Wandel und unserer kontinuierlichen technologischen Innovation, Digitalisierung und bahnbrechenden Herangehensweise an Entwicklung, Produktion und Angebot, vereinfachen wir den Zugang und den \u00dcbergang zur Mobilit\u00e4t der Zukunft, indem wir Produkte schaffen, die effizient und einfach zu bedienen sind.<\/div><a class=\"x-anchor x-anchor-button e12499-e25 m9n7-1d es_button_hover\" tabindex=\"0\" href=\".\/about-us\"><div class=\"x-anchor-content\"><div class=\"x-anchor-text\"><span class=\"x-anchor-text-primary\">Mehr erfahren<\/span><\/div><\/div><\/a><\/div><\/div><\/div><\/div><div class=\"x-col e12499-e26 m9n7-r m9n7-u m9n7-v m9n7-w m9n7-x m9n7-10\"><span class=\"x-image e12499-e27 m9n7-19 m9n7-1b\"><img decoding=\"async\" src=\"https:\/\/test.esolutions.free2move.com\/eu\/wp-content\/uploads\/2024\/03\/eSolutions-Charging-06a.jpg\" width=\"7952\" height=\"5304\" alt=\"Image\" loading=\"lazy\"><\/span><\/div><\/div><\/div><\/div><div class=\"x-section e12499-e28 m9n7-1 m9n7-7\"><div class=\"x-row x-container max width e12499-e29 m9n7-8 m9n7-d m9n7-e m9n7-g m9n7-i m9n7-n row_reverse\"><div class=\"x-row-inner\"><div class=\"x-col e12499-e30 m9n7-r m9n7-t m9n7-u m9n7-x m9n7-y mobile-unset\"><div class=\"x-row e12499-e31 m9n7-8 m9n7-9 m9n7-a m9n7-d m9n7-f m9n7-i m9n7-o\"><div class=\"x-row-inner\"><div class=\"x-col e12499-e32 m9n7-u m9n7-v m9n7-w m9n7-z\"><div class=\"x-text x-text-headline e12499-e33 m9n7-12\"><div class=\"x-text-content\"><div class=\"x-text-content-text\"><h2 class=\"x-text-content-text-primary\">Governance und Ethik<\/h2><\/div><\/div><\/div><div class=\"x-text x-content e12499-e34 m9n7-14 m9n7-15 m9n7-18\"><p>Erfahren Sie mehr \u00fcber unseren <b>Verwaltungsrat<\/b>, der mit gro\u00dfem Engagement unsere Gesch\u00e4ftsstrategie und unsere hohen ethischen Standards \u00fcberwacht, die auf Integrit\u00e4t als Leitmotiv f\u00fcr alle unsere Entscheidungen beruhen.<\/p><\/div><a class=\"x-anchor x-anchor-button e12499-e35 m9n7-1d es_button_hover\" tabindex=\"0\" href=\".\/governance-ethics\"><div class=\"x-anchor-content\"><div class=\"x-anchor-text\"><span class=\"x-anchor-text-primary\">Mehr erfahren<\/span><\/div><\/div><\/a><\/div><\/div><\/div><\/div><div class=\"x-col e12499-e36 m9n7-r m9n7-u m9n7-v m9n7-w m9n7-x m9n7-10\"><span class=\"x-image e12499-e37 m9n7-19 m9n7-1b\"><img decoding=\"async\" src=\"https:\/\/test.esolutions.free2move.com\/eu\/wp-content\/uploads\/2024\/03\/iStock-1010836150-1-1.jpg\" width=\"1398\" height=\"850\" alt=\"Image\" loading=\"lazy\"><\/span><\/div><\/div><\/div><\/div><div class=\"x-section e12499-e38 m9n7-1 m9n7-4 m9n7-5\"><div class=\"x-row x-container max width e12499-e39 m9n7-8 m9n7-9 m9n7-d m9n7-e m9n7-i m9n7-p row_reverse\"><div class=\"x-row-inner\"><div class=\"x-col e12499-e40 m9n7-r m9n7-t m9n7-u m9n7-x m9n7-y mobile-unset\"><div class=\"x-row e12499-e41 m9n7-8 m9n7-9 m9n7-a m9n7-d m9n7-f m9n7-i m9n7-q\"><div class=\"x-row-inner\"><div class=\"x-col e12499-e42 m9n7-u m9n7-v m9n7-w m9n7-z\"><div class=\"x-text x-text-headline e12499-e43 m9n7-12\"><div class=\"x-text-content\"><div class=\"x-text-content-text\"><h2 class=\"x-text-content-text-primary\">DrossOne V2G-Projekt<\/h2><\/div><\/div><\/div><div class=\"x-text x-content e12499-e44 m9n7-14 m9n7-15 m9n7-18\"><p>Das <b>DrossOne V2G Parking Projekt<\/b> ist ein gro\u00df angelegtes Vehicle-to-Grid (V2G) System mit integriertem Energiespeicher, das mit Unterst\u00fctzung des Innovationsfonds der Europ\u00e4ischen Kommission entwickelt wurde.<\/p><\/div><a class=\"x-anchor x-anchor-button e12499-e45 m9n7-1d es_button_hover\" tabindex=\"0\" href=\".\/drossone-v2g-project\"><div class=\"x-anchor-content\"><div class=\"x-anchor-text\"><span class=\"x-anchor-text-primary\">Mehr erfahren<\/span><\/div><\/div><\/a><\/div><\/div><\/div><\/div><div class=\"x-col e12499-e46 m9n7-r m9n7-u m9n7-v m9n7-w m9n7-x m9n7-10\"><span class=\"x-image e12499-e47 m9n7-19 m9n7-1b\"><img decoding=\"async\" src=\"https:\/\/test.esolutions.free2move.com\/eu\/wp-content\/uploads\/2024\/04\/DJI_0533-scaled.jpg\" width=\"2560\" height=\"1705\" alt=\"Image\" loading=\"lazy\"><\/span><\/div><\/div><\/div><\/div><\/div>\n","protected":false},"excerpt":{"rendered":"<p>HomeFree2move eSolutionsFreiheit aufladenWir widmen uns der Entwicklung und Herstellung intelligenter Ladestationen und digitaler Dienstleistungen, um das Leben von Elektroautofahrern zu vereinfachen. Wir unterst\u00fctzen den \u00dcbergang zu einer nachhaltigen Elektromobilit\u00e4t, indem wir einfach zu bedienende L\u00f6sungen anbieten, die diesen Wechsel intuitiv und nahtlos gestalten.\u00dcber unsDank unserer Leidenschaft f\u00fcr den Wandel und unserer kontinuierlichen technologischen Innovation, Digitalisierung und bahnbrechenden Herangehensweise an Entwicklung, &#8230; <\/p>\n<div><a href=\"https:\/\/test.esolutions.free2move.com\/eu\/de_ch\/unternehmen\/\" class=\"more-link\">Read More<\/a><\/div>\n","protected":false},"author":1,"featured_media":0,"parent":0,"menu_order":0,"comment_status":"closed","ping_status":"closed","template":"template-blank-4.php","meta":{"_acf_changed":false,"inline_featured_image":false,"footnotes":""},"class_list":["post-22525","page","type-page","status-publish","hentry","no-post-thumbnail"],"acf":[],"yoast_head":"<!-- This site is optimized with the Yoast SEO plugin v24.4 - https:\/\/yoast.com\/wordpress\/plugins\/seo\/ -->\n<title>Our Unternehmen | Free2move eSolutions<\/title>\n<meta name=\"description\" content=\"Wir entwickeln innovative Technologien, um den \u00dcbergang zur Elektromobilit\u00e4t voranzutreiben, indem wir Ladel\u00f6sungen und Dienstleistungen anbieten, die diesen Wandel herbeif\u00fchren.\" \/>\n<meta name=\"robots\" content=\"index, follow, max-snippet:-1, max-image-preview:large, max-video-preview:-1\" \/>\n<link rel=\"canonical\" href=\"https:\/\/test.esolutions.free2move.com\/eu\/en_def\/company\/\" \/>\n<meta property=\"og:locale\" content=\"de_DE\" \/>\n<meta property=\"og:type\" content=\"article\" \/>\n<meta property=\"og:title\" content=\"Our Unternehmen | Free2move eSolutions\" \/>\n<meta property=\"og:description\" content=\"Wir entwickeln innovative Technologien, um den \u00dcbergang zur Elektromobilit\u00e4t voranzutreiben, indem wir Ladel\u00f6sungen und Dienstleistungen anbieten, die diesen Wandel herbeif\u00fchren.\" \/>\n<meta property=\"og:url\" content=\"https:\/\/test.esolutions.free2move.com\/eu\/en_def\/company\/\" \/>\n<meta property=\"og:site_name\" content=\"eSolution europe\" \/>\n<meta name=\"twitter:card\" content=\"summary_large_image\" \/>\n<meta name=\"twitter:label1\" content=\"Est. reading time\" \/>\n\t<meta name=\"twitter:data1\" content=\"3 minutes\" \/>\n<script type=\"application\/ld+json\" class=\"yoast-schema-graph\">{\"@context\":\"https:\/\/schema.org\",\"@graph\":[{\"@type\":\"WebPage\",\"@id\":\"https:\/\/test.esolutions.free2move.com\/eu\/en_def\/company\/\",\"url\":\"https:\/\/test.esolutions.free2move.com\/eu\/en_def\/company\/\",\"name\":\"Our Unternehmen | Free2move eSolutions\",\"isPartOf\":{\"@id\":\"https:\/\/test.esolutions.free2move.com\/eu\/en_it\/#website\"},\"datePublished\":\"2024-03-18T11:34:21+00:00\",\"description\":\"Wir entwickeln innovative Technologien, um den \u00dcbergang zur Elektromobilit\u00e4t voranzutreiben, indem wir Ladel\u00f6sungen und Dienstleistungen anbieten, die diesen Wandel herbeif\u00fchren.\",\"breadcrumb\":{\"@id\":\"https:\/\/test.esolutions.free2move.com\/eu\/en_def\/company\/#breadcrumb\"},\"inLanguage\":\"de-ch\",\"potentialAction\":[{\"@type\":\"ReadAction\",\"target\":[\"https:\/\/test.esolutions.free2move.com\/eu\/en_def\/company\/\"]}]},{\"@type\":\"BreadcrumbList\",\"@id\":\"https:\/\/test.esolutions.free2move.com\/eu\/en_def\/company\/#breadcrumb\",\"itemListElement\":[{\"@type\":\"ListItem\",\"position\":1,\"name\":\"Home\",\"item\":\"https:\/\/test.esolutions.free2move.com\/eu\/de_ch\/\"},{\"@type\":\"ListItem\",\"position\":2,\"name\":\"Unternehmen\"}]},{\"@type\":\"WebSite\",\"@id\":\"https:\/\/test.esolutions.free2move.com\/eu\/en_it\/#website\",\"url\":\"https:\/\/test.esolutions.free2move.com\/eu\/en_it\/\",\"name\":\"eSolutions europe\",\"description\":\"\",\"publisher\":{\"@id\":\"https:\/\/test.esolutions.free2move.com\/eu\/en_it\/#organization\"},\"potentialAction\":[{\"@type\":\"SearchAction\",\"target\":{\"@type\":\"EntryPoint\",\"urlTemplate\":\"https:\/\/test.esolutions.free2move.com\/eu\/en_it\/?s={search_term_string}\"},\"query-input\":{\"@type\":\"PropertyValueSpecification\",\"valueRequired\":true,\"valueName\":\"search_term_string\"}}],\"inLanguage\":\"de-ch\"},{\"@type\":\"Organization\",\"@id\":\"https:\/\/test.esolutions.free2move.com\/eu\/en_it\/#organization\",\"name\":\"eSolutions europe\",\"url\":\"https:\/\/test.esolutions.free2move.com\/eu\/en_it\/\",\"logo\":{\"@type\":\"ImageObject\",\"inLanguage\":\"de-ch\",\"@id\":\"https:\/\/test.esolutions.free2move.com\/eu\/en_it\/#\/schema\/logo\/image\/\",\"url\":\"https:\/\/www.esolutions.free2move.com\/eu\/wp-content\/uploads\/2024\/03\/logo-f2m-horizontal-1-1-1.png\",\"contentUrl\":\"https:\/\/www.esolutions.free2move.com\/eu\/wp-content\/uploads\/2024\/03\/logo-f2m-horizontal-1-1-1.png\",\"width\":865,\"height\":218,\"caption\":\"eSolutions europe\"},\"image\":{\"@id\":\"https:\/\/test.esolutions.free2move.com\/eu\/en_it\/#\/schema\/logo\/image\/\"}}]}<\/script>\n<!-- \/ Yoast SEO plugin. -->","yoast_head_json":{"title":"Our Unternehmen | Free2move eSolutions","description":"Wir entwickeln innovative Technologien, um den \u00dcbergang zur Elektromobilit\u00e4t voranzutreiben, indem wir Ladel\u00f6sungen und Dienstleistungen anbieten, die diesen Wandel herbeif\u00fchren.","robots":{"index":"index","follow":"follow","max-snippet":"max-snippet:-1","max-image-preview":"max-image-preview:large","max-video-preview":"max-video-preview:-1"},"canonical":"https:\/\/test.esolutions.free2move.com\/eu\/en_def\/company\/","og_locale":"de_DE","og_type":"article","og_title":"Our Unternehmen | Free2move eSolutions","og_description":"Wir entwickeln innovative Technologien, um den \u00dcbergang zur Elektromobilit\u00e4t voranzutreiben, indem wir Ladel\u00f6sungen und Dienstleistungen anbieten, die diesen Wandel herbeif\u00fchren.","og_url":"https:\/\/test.esolutions.free2move.com\/eu\/en_def\/company\/","og_site_name":"eSolution europe","twitter_card":"summary_large_image","twitter_misc":{"Est. reading time":"3 minutes"},"schema":{"@context":"https:\/\/schema.org","@graph":[{"@type":"WebPage","@id":"https:\/\/test.esolutions.free2move.com\/eu\/en_def\/company\/","url":"https:\/\/test.esolutions.free2move.com\/eu\/en_def\/company\/","name":"Our Unternehmen | Free2move eSolutions","isPartOf":{"@id":"https:\/\/test.esolutions.free2move.com\/eu\/en_it\/#website"},"datePublished":"2024-03-18T11:34:21+00:00","description":"Wir entwickeln innovative Technologien, um den \u00dcbergang zur Elektromobilit\u00e4t voranzutreiben, indem wir Ladel\u00f6sungen und Dienstleistungen anbieten, die diesen Wandel herbeif\u00fchren.","breadcrumb":{"@id":"https:\/\/test.esolutions.free2move.com\/eu\/en_def\/company\/#breadcrumb"},"inLanguage":"de-ch","potentialAction":[{"@type":"ReadAction","target":["https:\/\/test.esolutions.free2move.com\/eu\/en_def\/company\/"]}]},{"@type":"BreadcrumbList","@id":"https:\/\/test.esolutions.free2move.com\/eu\/en_def\/company\/#breadcrumb","itemListElement":[{"@type":"ListItem","position":1,"name":"Home","item":"https:\/\/test.esolutions.free2move.com\/eu\/de_ch\/"},{"@type":"ListItem","position":2,"name":"Unternehmen"}]},{"@type":"WebSite","@id":"https:\/\/test.esolutions.free2move.com\/eu\/en_it\/#website","url":"https:\/\/test.esolutions.free2move.com\/eu\/en_it\/","name":"eSolutions europe","description":"","publisher":{"@id":"https:\/\/test.esolutions.free2move.com\/eu\/en_it\/#organization"},"potentialAction":[{"@type":"SearchAction","target":{"@type":"EntryPoint","urlTemplate":"https:\/\/test.esolutions.free2move.com\/eu\/en_it\/?s={search_term_string}"},"query-input":{"@type":"PropertyValueSpecification","valueRequired":true,"valueName":"search_term_string"}}],"inLanguage":"de-ch"},{"@type":"Organization","@id":"https:\/\/test.esolutions.free2move.com\/eu\/en_it\/#organization","name":"eSolutions europe","url":"https:\/\/test.esolutions.free2move.com\/eu\/en_it\/","logo":{"@type":"ImageObject","inLanguage":"de-ch","@id":"https:\/\/test.esolutions.free2move.com\/eu\/en_it\/#\/schema\/logo\/image\/","url":"https:\/\/www.esolutions.free2move.com\/eu\/wp-content\/uploads\/2024\/03\/logo-f2m-horizontal-1-1-1.png","contentUrl":"https:\/\/www.esolutions.free2move.com\/eu\/wp-content\/uploads\/2024\/03\/logo-f2m-horizontal-1-1-1.png","width":865,"height":218,"caption":"eSolutions europe"},"image":{"@id":"https:\/\/test.esolutions.free2move.com\/eu\/en_it\/#\/schema\/logo\/image\/"}}]}},"_links":{"self":[{"href":"https:\/\/test.esolutions.free2move.com\/eu\/de_ch\/wp-json\/wp\/v2\/pages\/22525","targetHints":{"allow":["GET"]}}],"collection":[{"href":"https:\/\/test.esolutions.free2move.com\/eu\/de_ch\/wp-json\/wp\/v2\/pages"}],"about":[{"href":"https:\/\/test.esolutions.free2move.com\/eu\/de_ch\/wp-json\/wp\/v2\/types\/page"}],"author":[{"embeddable":true,"href":"https:\/\/test.esolutions.free2move.com\/eu\/de_ch\/wp-json\/wp\/v2\/users\/1"}],"replies":[{"embeddable":true,"href":"https:\/\/test.esolutions.free2move.com\/eu\/de_ch\/wp-json\/wp\/v2\/comments?post=22525"}],"version-history":[{"count":0,"href":"https:\/\/test.esolutions.free2move.com\/eu\/de_ch\/wp-json\/wp\/v2\/pages\/22525\/revisions"}],"wp:attachment":[{"href":"https:\/\/test.esolutions.free2move.com\/eu\/de_ch\/wp-json\/wp\/v2\/media?parent=22525"}],"curies":[{"name":"wp","href":"https:\/\/api.w.org\/{rel}","templated":true}]}}