{"id":22422,"date":"2024-03-18T13:45:26","date_gmt":"2024-03-18T13:45:26","guid":{"rendered":"https:\/\/test.esolutions.free2move.com\/eu\/arbeiten-sie-mit-uns\/"},"modified":"2024-03-18T13:45:26","modified_gmt":"2024-03-18T13:45:26","slug":"arbeiten-sie-mit-uns","status":"publish","type":"page","link":"https:\/\/test.esolutions.free2move.com\/eu\/de_de\/arbeiten-sie-mit-uns\/","title":{"rendered":"Arbeiten Sie mit uns"},"content":{"rendered":"<div id=\"cs-content\" class=\"cs-content\"><nav class=\"x-crumbs e12796-e1 m9vg-0\" role=\"navigation\"><ol class=\"x-crumbs-list\" itemscope=\"\" itemtype=\"http:\/\/schema.org\/BreadcrumbList\" aria-label=\"Breadcrumb Navigation\"><li class=\"x-crumbs-list-item\" itemprop=\"itemListElement\" itemscope itemtype=\"http:\/\/schema.org\/ListItem\"><a class=\"x-crumbs-current x-crumbs-link\" itemtype=\"http:\/\/schema.org\/Thing\" itemprop=\"item\" href=\"https:\/\/test.esolutions.free2move.com\/eu\/de_de\/\" title=\"You Are Here\"><span itemprop=\"name\">Home<\/span><\/a><meta itemprop=\"position\" content=\"1\"><\/li><\/ol><\/nav><div class=\"x-section e12796-e2 m9vg-1 m9vg-2 m9vg-3 m9vg-4\"><div class=\"x-row x-container max width e12796-e3 m9vg-8 m9vg-9 m9vg-a m9vg-f\"><div class=\"x-row-inner\"><div class=\"x-col e12796-e4 m9vg-q m9vg-r m9vg-s m9vg-t m9vg-u m9vg-v m9vg-w m9vg-x es_gap\"><div class=\"x-div e12796-e5 m9vg-14 m9vg-15 m9vg-16 m9vg-17 m9vg-18\"><div class=\"x-text x-text-headline e12796-e6 m9vg-1e m9vg-1f m9vg-1g m9vg-1h\"><div class=\"x-text-content\"><div class=\"x-text-content-text\"><h2 class=\"x-text-content-text-primary\">Arbeiten Sie mit uns<\/h2><\/div><\/div><\/div><div class=\"x-text x-content e12796-e7 m9vg-1l m9vg-1m m9vg-1n m9vg-1o m9vg-1p m9vg-1q m9vg-1r m9vg-1s\"><p>Schlie\u00dfen Sie sich der Bewegung f\u00fcr Ver\u00e4nderung bei Free2move eSolutions an!<\/p><\/div><\/div><\/div><div class=\"x-col e12796-e8 m9vg-v m9vg-w m9vg-x\"><span class=\"x-image e12796-e9 m9vg-23 m9vg-24\"><img decoding=\"async\" src=\"https:\/\/test.esolutions.free2move.com\/eu\/wp-content\/uploads\/2024\/04\/AdobeStock_583892761-scaled.jpeg\" width=\"2560\" height=\"1414\" alt=\"Image\" loading=\"lazy\"><\/span><\/div><\/div><\/div><\/div><div class=\"x-section e12796-e10 m9vg-1 m9vg-5\"><div class=\"x-row x-container max width e12796-e11 m9vg-8 m9vg-9 m9vg-b m9vg-g m9vg-h\"><div class=\"x-row-inner\"><div class=\"x-col e12796-e12 m9vg-q m9vg-r m9vg-s m9vg-t m9vg-u m9vg-w m9vg-x m9vg-y mobile_hidden\"><hr class=\"x-line e12796-e13 m9vg-28\"\/><\/div><div class=\"x-col e12796-e14 m9vg-w m9vg-x m9vg-y es_gap\"><div class=\"x-row e12796-e15 m9vg-8 m9vg-9 m9vg-b m9vg-g m9vg-i\"><div class=\"x-row-inner\"><div class=\"x-col e12796-e16 m9vg-w m9vg-x m9vg-y\"><div class=\"x-text x-content e12796-e17 m9vg-1m m9vg-1p m9vg-1q m9vg-1r m9vg-1t m9vg-1u\"><p>Wir sind auf der Mission, den eMobility-Sektor zu revolutionieren, und wir brauchen leidenschaftliche Menschen wie Sie, die uns dabei helfen, dies zu erreichen. Bei Free2move eSolutions sch\u00e4tzen und f\u00f6rdern wir unsere vielf\u00e4ltigen Talente und pflegen eine Kultur der Spitzenleistung, Innovation und F\u00fchrung.<\/p><\/div><\/div><\/div><\/div><\/div><\/div><\/div><\/div><div class=\"x-section e12796-e18 m9vg-1 m9vg-2 m9vg-3 m9vg-4 m9vg-6\"><div class=\"x-div e12796-e19 m9vg-14 m9vg-15 m9vg-17 m9vg-18 m9vg-19 es_full_container\"><div class=\"x-text x-text-headline e12796-e20 m9vg-1f m9vg-1h m9vg-1i m9vg-1j\"><div class=\"x-text-content\"><div class=\"x-text-content-text\"><h3 class=\"x-text-content-text-primary\">Unsere St\u00e4rken<\/h3><\/div><\/div><\/div><div class=\"x-row e12796-e21 m9vg-8 m9vg-b m9vg-c m9vg-d m9vg-g m9vg-j es_card_container\"><div class=\"x-row-inner\"><div class=\"x-col e12796-e22 m9vg-q m9vg-r m9vg-v m9vg-w m9vg-x m9vg-z m9vg-10 e_home_card\"><div class=\"x-div e12796-e23 m9vg-15 m9vg-16 m9vg-17 m9vg-1a m9vg-1b m9vg-1c text-l\"><span class=\"x-image e12796-e24 m9vg-23 m9vg-25 m9vg-26\"><img decoding=\"async\" src=\"https:\/\/test.esolutions.free2move.com\/eu\/wp-content\/uploads\/2024\/04\/Icon-27.svg\" width=\"71\" height=\"71\" alt=\"Image\" loading=\"lazy\"><\/span><div class=\"x-text x-content e12796-e25 m9vg-1m m9vg-1o m9vg-1p m9vg-1q m9vg-1s m9vg-1v m9vg-1w m9vg-1x\"><p>Kontinuierliches Lernen<\/p><\/div><div class=\"x-text x-content e12796-e26 m9vg-1m m9vg-1n m9vg-1o m9vg-1s m9vg-1w m9vg-1x m9vg-1y m9vg-1z\"><div class=\"col col-md-4 col-xxl mb-3 mx-0 mx-xxl-2 text-center\">Greifen Sie auf unseren eLearning Hub zu, eine hochmoderne Plattform, die gemeinsam mit der Stellantis-Gruppe genutzt wird und skalierbare, zukunftsorientierte Lernm\u00f6glichkeiten bietet, die rund um die Uhr verf\u00fcgbar sind.<\/div><\/div><\/div><\/div><div class=\"x-col e12796-e27 m9vg-q m9vg-r m9vg-v m9vg-w m9vg-x m9vg-z m9vg-10 e_home_card\"><div class=\"x-div e12796-e28 m9vg-15 m9vg-16 m9vg-17 m9vg-1a m9vg-1b m9vg-1c text-l\"><span class=\"x-image e12796-e29 m9vg-23 m9vg-25 m9vg-26\"><img decoding=\"async\" src=\"https:\/\/test.esolutions.free2move.com\/eu\/wp-content\/uploads\/2024\/04\/Icon-18.svg\" width=\"71\" height=\"71\" alt=\"Image\" loading=\"lazy\"><\/span><div class=\"x-text x-content e12796-e30 m9vg-1m m9vg-1o m9vg-1p m9vg-1q m9vg-1s m9vg-1v m9vg-1w m9vg-1x\"><p>Technologie<\/p><\/div><div class=\"x-text x-content e12796-e31 m9vg-1m m9vg-1n m9vg-1s m9vg-1w m9vg-1x m9vg-1y m9vg-1z m9vg-20\"><div class=\"col col-md-4 col-xxl mb-3 mx-0 mx-xxl-2 text-center\">Genie\u00dfen Sie virtuelle Zusammenarbeit und erstklassige professionelle Arbeitspl\u00e4tze, um Ihre Kreativit\u00e4t und Produktivit\u00e4t zu steigern.<\/div><\/div><\/div><\/div><div class=\"x-col e12796-e32 m9vg-q m9vg-r m9vg-v m9vg-w m9vg-x m9vg-z m9vg-10 e_home_card\"><div class=\"x-div e12796-e33 m9vg-15 m9vg-16 m9vg-17 m9vg-1a m9vg-1b m9vg-1c text-l\"><span class=\"x-image e12796-e34 m9vg-23 m9vg-25 m9vg-26\"><img decoding=\"async\" src=\"https:\/\/test.esolutions.free2move.com\/eu\/wp-content\/uploads\/2024\/04\/Icon-59.svg\" width=\"71\" height=\"71\" alt=\"Image\" loading=\"lazy\"><\/span><div class=\"x-text x-content e12796-e35 m9vg-1m m9vg-1o m9vg-1p m9vg-1q m9vg-1s m9vg-1v m9vg-1w m9vg-1x\"><p>Arbeitende Familie<\/p><\/div><div class=\"x-text x-content e12796-e36 m9vg-1m m9vg-1n m9vg-1o m9vg-1s m9vg-1w m9vg-1x m9vg-1y m9vg-1z\"><div class=\"col col-md-4 col-xxl mb-3 mx-0 mx-xxl-2 text-center\">Erleben Sie einen bahnbrechenden Ansatz f\u00fcr die Vereinbarkeit von Beruf und Familie, bei dem die Familie im Mittelpunkt unserer Kultur steht.<\/div><\/div><\/div><\/div><div class=\"x-col e12796-e37 m9vg-q m9vg-r m9vg-v m9vg-w m9vg-x m9vg-z m9vg-10 e_home_card\"><div class=\"x-div e12796-e38 m9vg-15 m9vg-16 m9vg-17 m9vg-1a m9vg-1b m9vg-1c text-l\"><span class=\"x-image e12796-e39 m9vg-23 m9vg-25 m9vg-26\"><img decoding=\"async\" src=\"https:\/\/test.esolutions.free2move.com\/eu\/wp-content\/uploads\/2024\/03\/Icon-6.svg\" width=\"71\" height=\"71\" alt=\"Image\" loading=\"lazy\"><\/span><div class=\"x-text x-content e12796-e40 m9vg-1m m9vg-1o m9vg-1p m9vg-1q m9vg-1s m9vg-1v m9vg-1w m9vg-1x\"><p>Arbeitsflexibilit\u00e4t<\/p><\/div><div class=\"x-text x-content e12796-e41 m9vg-1m m9vg-1n m9vg-1o m9vg-1s m9vg-1w m9vg-1x m9vg-1y m9vg-1z\"><div class=\"col col-md-4 col-xxl mb-3 mx-0 mx-xxl-2 text-center\">Mit unserer flexiblen Zeiteinteilung und agilem Arbeiten k\u00f6nnen Sie Ihre Arbeitszeiten so gestalten, dass Sie Ihre Bed\u00fcrfnisse mit denen des Unternehmens in Einklang bringen k\u00f6nnen.<\/div><\/div><\/div><\/div><div class=\"x-col e12796-e42 m9vg-q m9vg-r m9vg-v m9vg-w m9vg-x m9vg-z m9vg-10 e_home_card\"><div class=\"x-div e12796-e43 m9vg-15 m9vg-16 m9vg-17 m9vg-1a m9vg-1b m9vg-1c text-l\"><span class=\"x-image e12796-e44 m9vg-23 m9vg-25 m9vg-26\"><img decoding=\"async\" src=\"https:\/\/test.esolutions.free2move.com\/eu\/wp-content\/uploads\/2024\/04\/Icon-10.svg\" width=\"71\" height=\"71\" alt=\"Image\" loading=\"lazy\"><\/span><div class=\"x-text x-content e12796-e45 m9vg-1m m9vg-1o m9vg-1p m9vg-1q m9vg-1s m9vg-1v m9vg-1w m9vg-1x\">Wellness<\/div><div class=\"x-text x-content e12796-e46 m9vg-1m m9vg-1n m9vg-1o m9vg-1s m9vg-1w m9vg-1x m9vg-1y m9vg-1z\"><div class=\"container fondo-verde\">\n<div class=\"internal_white_box\">\n<div class=\"row row_product mt-0\">\n<div class=\"col-md-12 pb-0\">\n<div class=\"strength_blocks\">\n<div class=\"row d-flex justify-content-center\">\n<div class=\"col col-md-4 col-xxl mb-3 mx-0 mx-xxl-2 text-center\">Nutzen Sie unsere Wellness-App, um Ihr Engagement, Ihre Motivation und Ihr Stressniveau zu messen und zu verbessern.<\/div>\n<\/div>\n<\/div>\n<\/div>\n<\/div>\n<\/div>\n<\/div><\/div><\/div><\/div><div class=\"x-col e12796-e47 m9vg-q m9vg-r m9vg-v m9vg-w m9vg-x m9vg-z m9vg-10 e_home_card\"><div class=\"x-div e12796-e48 m9vg-15 m9vg-16 m9vg-17 m9vg-1a m9vg-1b m9vg-1c text-l\"><span class=\"x-image e12796-e49 m9vg-23 m9vg-25 m9vg-26\"><img decoding=\"async\" src=\"https:\/\/test.esolutions.free2move.com\/eu\/wp-content\/uploads\/2024\/03\/Icon-23.svg\" width=\"71\" height=\"71\" alt=\"Image\" loading=\"lazy\"><\/span><div class=\"x-text x-content e12796-e50 m9vg-1m m9vg-1o m9vg-1p m9vg-1q m9vg-1s m9vg-1v m9vg-1w m9vg-1x\"><p>Wohlfahrtsplan<\/p><\/div><div class=\"x-text x-content e12796-e51 m9vg-1m m9vg-1n m9vg-1o m9vg-1s m9vg-1w m9vg-1x m9vg-1y m9vg-1z\"><div class=\"container fondo-verde\">\n<div class=\"internal_white_box\">\n<div class=\"row row_product mt-0\">\n<div class=\"col-md-12 pb-0\">\n<div class=\"strength_blocks\">\n<div class=\"row d-flex justify-content-center\">\n<div class=\"col col-md-4 col-xxl mb-3 mx-0 mx-xxl-2 text-center\">Profitieren Sie von einem umfassenden Angebot an Initiativen und Leistungen, die Ihre Lebensqualit\u00e4t und Ihr Wohlbefinden verbessern sollen - f\u00fcr Sie und Ihre Familie.<\/div>\n<\/div>\n<\/div>\n<\/div>\n<\/div>\n<\/div>\n<\/div><\/div><\/div><\/div><\/div><\/div><\/div><\/div><div class=\"x-section e12796-e52 m9vg-1 m9vg-2 m9vg-4\"><div class=\"x-row x-container max width e12796-e53 m9vg-8 m9vg-9 m9vg-b m9vg-e m9vg-g m9vg-k\"><div class=\"x-row-inner\"><div class=\"x-col e12796-e54 m9vg-q m9vg-r m9vg-s m9vg-t m9vg-u m9vg-w m9vg-x m9vg-y es_gap\"><div class=\"x-row e12796-e55 m9vg-8 m9vg-9 m9vg-b m9vg-g m9vg-l\"><div class=\"x-row-inner\"><div class=\"x-col e12796-e56 m9vg-w m9vg-x m9vg-y\"><div class=\"x-text x-content e12796-e57 m9vg-1m m9vg-1p m9vg-1t m9vg-1u m9vg-1x text-l\"><p>Sie m\u00f6chten unserem Team beitreten? Wir bieten Ihnen ein effektives Onboarding-Programm, das einen reibungslosen \u00dcbergang und eine Integration in unsere Unternehmenskultur gew\u00e4hrleistet. W\u00e4hrend Ihrer ersten 6 Monate bei Free2move eSolutions werden Sie eine Reihe von Aktivit\u00e4ten durchf\u00fchren, die Sie dabei unterst\u00fctzen, sich die eSolutions-Kultur besser anzueignen.  <br>Sie werden schnell in jede Umgebung integriert und kennen jeden Teil von eSolutions, so dass Sie von Anfang an das Gef\u00fchl haben, hierher zu geh\u00f6ren. Ein Teil der T\u00e4tigkeiten besteht darin, Sie dabei zu unterst\u00fctzen, unsere Prozesse kennenzulernen, tiefgreifende Kenntnisse \u00fcber unsere Produkte sowohl im Hardware- als auch im Digitalbereich zu erwerben und unsere Unternehmenswerte zu teilen.<\/p><\/div><\/div><\/div><\/div><\/div><\/div><\/div><\/div><div class=\"x-section e12796-e58 m9vg-1 m9vg-4 m9vg-7\"><div class=\"x-row x-container max width e12796-e59 m9vg-8 m9vg-9 m9vg-b m9vg-e m9vg-g m9vg-m\"><div class=\"x-row-inner\"><div class=\"x-col e12796-e60 m9vg-q m9vg-s m9vg-u m9vg-w m9vg-x m9vg-y m9vg-11 m9vg-12\"><span class=\"x-image e12796-e61 m9vg-23 m9vg-26 m9vg-27\"><img decoding=\"async\" src=\"https:\/\/test.esolutions.free2move.com\/eu\/wp-content\/uploads\/2024\/03\/Icon-13-2.png\" width=\"142\" height=\"142\" alt=\"Image\" loading=\"lazy\"><\/span><\/div><div class=\"x-col e12796-e62 m9vg-q m9vg-r m9vg-s m9vg-t m9vg-u m9vg-w m9vg-x m9vg-y es_gap\"><div class=\"x-row e12796-e63 m9vg-8 m9vg-9 m9vg-b m9vg-c m9vg-g m9vg-n\"><div class=\"x-row-inner\"><div class=\"x-col e12796-e64 m9vg-q m9vg-t m9vg-u m9vg-w m9vg-y m9vg-10 m9vg-11 m9vg-13 es_gap\"><div class=\"x-text x-text-headline e12796-e65 m9vg-1f m9vg-1g m9vg-1j m9vg-1k\"><div class=\"x-text-content\"><div class=\"x-text-content-text\"><h4 class=\"x-text-content-text-primary\"><strong>Sind Sie bereit, Teil von etwas Gr\u00f6\u00dferem zu sein? Wir sind immer auf der Suche nach Talenten!<\/strong><\/h4><\/div><\/div><\/div><div class=\"x-text x-content e12796-e66 m9vg-1m m9vg-1o m9vg-1p m9vg-1q m9vg-1r m9vg-1s m9vg-1t m9vg-21\"><div class=\"ewa-rteLine\">Entdecken Sie unsere offenen Stellen und werden Sie Teil unserer Talent-Community. Bei Free2move eSolutions stehen wir f\u00fcr Vielfalt und Inklusion. Wir sind davon \u00fcberzeugt, dass jede Stimme z\u00e4hlt, und wir suchen aktiv nach Personen mit unterschiedlichem Hintergrund, um unser Team zu verst\u00e4rken. Unabh\u00e4ngig von Ihrer Kultur, Ihrem Geschlecht, Ihren F\u00e4higkeiten oder Ihrer Identit\u00e4t finden Sie hier gleiche Chancen und eine einladende Gemeinschaft.<\/div><\/div><div class=\"x-div e12796-e67 m9vg-14 m9vg-15 m9vg-16 m9vg-17 m9vg-18 m9vg-1a m9vg-1b\"><a class=\"x-div e12796-e68 m9vg-14 m9vg-15 m9vg-16 m9vg-1a m9vg-1d es_button_hover\" href=\"https:\/\/www.linkedin.com\/jobs\/search?keywords=Esolutions&amp;location=Italy&amp;locationId=&amp;geoId=103350119&amp;f_TPR=&amp;f_C=77398905&amp;position=1&amp;pageNum=0\" target=\"_blank\"><div class=\"x-text x-content e12796-e69 m9vg-1m m9vg-1o m9vg-1t m9vg-1x m9vg-1z m9vg-22\"><p>Weitere Informationen<\/p><\/div><\/a><\/div><\/div><\/div><\/div><\/div><\/div><\/div><\/div><div class=\"x-section e12796-e70 m9vg-1 m9vg-4 m9vg-7\"><div class=\"x-row x-container max width e12796-e71 m9vg-8 m9vg-9 m9vg-b m9vg-e m9vg-g m9vg-o\"><div class=\"x-row-inner\"><div class=\"x-col e12796-e72 m9vg-q m9vg-s m9vg-u m9vg-w m9vg-x m9vg-y m9vg-11 m9vg-12\"><span class=\"x-image e12796-e73 m9vg-23 m9vg-26 m9vg-27\"><img decoding=\"async\" src=\"https:\/\/test.esolutions.free2move.com\/eu\/wp-content\/uploads\/2024\/03\/Icon-14-1.png\" width=\"142\" height=\"142\" alt=\"Image\" loading=\"lazy\"><\/span><\/div><div class=\"x-col e12796-e74 m9vg-q m9vg-r m9vg-s m9vg-t m9vg-u m9vg-w m9vg-x m9vg-y es_gap\"><div class=\"x-row e12796-e75 m9vg-8 m9vg-9 m9vg-b m9vg-c m9vg-g m9vg-p\"><div class=\"x-row-inner\"><div class=\"x-col e12796-e76 m9vg-q m9vg-t m9vg-u m9vg-w m9vg-y m9vg-10 m9vg-11 m9vg-13 es_gap\"><div class=\"x-text x-text-headline e12796-e77 m9vg-1f m9vg-1g m9vg-1j m9vg-1k\"><div class=\"x-text-content\"><div class=\"x-text-content-text\"><h4 class=\"x-text-content-text-primary\"><strong>Spontane Bewerbung<\/strong><\/h4><\/div><\/div><\/div><div class=\"x-text x-content e12796-e78 m9vg-1m m9vg-1o m9vg-1p m9vg-1q m9vg-1r m9vg-1s m9vg-1t m9vg-21\"><div class=\"ewa-rteLine\">Auch wenn im Moment keine konkrete Stelle f\u00fcr Sie dabei ist, freuen wir uns \u00fcber Spontanbewerbungen von jungen Hochschulabsolventen und Berufserfahrenen gleicherma\u00dfen. Ihre Reise in eine bessere Zukunft beginnt hier bei Free2move eSolutions!<\/div><\/div><div class=\"x-div e12796-e79 m9vg-14 m9vg-15 m9vg-16 m9vg-17 m9vg-18 m9vg-1a m9vg-1b\"><a class=\"x-div e12796-e80 m9vg-14 m9vg-15 m9vg-16 m9vg-1a m9vg-1d es_button_hover\" href=\".\/general-application\" target=\"_blank\"><div class=\"x-text x-content e12796-e81 m9vg-1m m9vg-1o m9vg-1t m9vg-1x m9vg-1z m9vg-22\"><p>Bewerbung<\/p><\/div><\/a><\/div><\/div><\/div><\/div><\/div><\/div><\/div><\/div><\/div>\n","protected":false},"excerpt":{"rendered":"<p>HomeArbeiten Sie mit unsSchlie\u00dfen Sie sich der Bewegung f\u00fcr Ver\u00e4nderung bei Free2move eSolutions an!Wir sind auf der Mission, den eMobility-Sektor zu revolutionieren, und wir brauchen leidenschaftliche Menschen wie Sie, die uns dabei helfen, dies zu erreichen. Bei Free2move eSolutions sch\u00e4tzen und f\u00f6rdern wir unsere vielf\u00e4ltigen Talente und pflegen eine Kultur der Spitzenleistung, Innovation und F\u00fchrung.Unsere St\u00e4rkenKontinuierliches LernenGreifen Sie auf unseren &#8230; <\/p>\n<div><a href=\"https:\/\/test.esolutions.free2move.com\/eu\/de_de\/arbeiten-sie-mit-uns\/\" class=\"more-link\">Read More<\/a><\/div>\n","protected":false},"author":1,"featured_media":0,"parent":0,"menu_order":0,"comment_status":"closed","ping_status":"closed","template":"template-blank-4.php","meta":{"_acf_changed":false,"inline_featured_image":false,"footnotes":""},"class_list":["post-22422","page","type-page","status-publish","hentry","no-post-thumbnail"],"acf":[],"yoast_head":"<!-- This site is optimized with the Yoast SEO plugin v24.4 - https:\/\/yoast.com\/wordpress\/plugins\/seo\/ -->\n<title>Arbeiten Sie mit uns | Free2move eSolutions<\/title>\n<meta name=\"description\" content=\"Treten Sie unserem Team bei Free2move eSolutions bei und werden Sie Teil unserer Mission, die Zukunft des Ladens von Elektrofahrzeugen zu revolutionieren. Entdecken Sie jetzt Karrierem\u00f6glichkeiten!\" \/>\n<meta name=\"robots\" content=\"index, follow, max-snippet:-1, max-image-preview:large, max-video-preview:-1\" \/>\n<link rel=\"canonical\" href=\"https:\/\/test.esolutions.free2move.com\/eu\/en_def\/work-with-us\/\" \/>\n<meta property=\"og:locale\" content=\"de_DE\" \/>\n<meta property=\"og:type\" content=\"article\" \/>\n<meta property=\"og:title\" content=\"Arbeiten Sie mit uns | Free2move eSolutions\" \/>\n<meta property=\"og:description\" content=\"Treten Sie unserem Team bei Free2move eSolutions bei und werden Sie Teil unserer Mission, die Zukunft des Ladens von Elektrofahrzeugen zu revolutionieren. Entdecken Sie jetzt Karrierem\u00f6glichkeiten!\" \/>\n<meta property=\"og:url\" content=\"https:\/\/test.esolutions.free2move.com\/eu\/en_def\/work-with-us\/\" \/>\n<meta property=\"og:site_name\" content=\"eSolution europe\" \/>\n<meta name=\"twitter:card\" content=\"summary_large_image\" \/>\n<meta name=\"twitter:label1\" content=\"Est. reading time\" \/>\n\t<meta name=\"twitter:data1\" content=\"6 minutes\" \/>\n<script type=\"application\/ld+json\" class=\"yoast-schema-graph\">{\"@context\":\"https:\/\/schema.org\",\"@graph\":[{\"@type\":\"WebPage\",\"@id\":\"https:\/\/test.esolutions.free2move.com\/eu\/en_def\/work-with-us\/\",\"url\":\"https:\/\/test.esolutions.free2move.com\/eu\/en_def\/work-with-us\/\",\"name\":\"Arbeiten Sie mit uns | Free2move eSolutions\",\"isPartOf\":{\"@id\":\"https:\/\/test.esolutions.free2move.com\/eu\/en_it\/#website\"},\"datePublished\":\"2024-03-18T13:45:26+00:00\",\"description\":\"Treten Sie unserem Team bei Free2move eSolutions bei und werden Sie Teil unserer Mission, die Zukunft des Ladens von Elektrofahrzeugen zu revolutionieren. Entdecken Sie jetzt Karrierem\u00f6glichkeiten!\",\"breadcrumb\":{\"@id\":\"https:\/\/test.esolutions.free2move.com\/eu\/en_def\/work-with-us\/#breadcrumb\"},\"inLanguage\":\"de-de\",\"potentialAction\":[{\"@type\":\"ReadAction\",\"target\":[\"https:\/\/test.esolutions.free2move.com\/eu\/en_def\/work-with-us\/\"]}]},{\"@type\":\"BreadcrumbList\",\"@id\":\"https:\/\/test.esolutions.free2move.com\/eu\/en_def\/work-with-us\/#breadcrumb\",\"itemListElement\":[{\"@type\":\"ListItem\",\"position\":1,\"name\":\"Home\",\"item\":\"https:\/\/test.esolutions.free2move.com\/eu\/de_de\/\"},{\"@type\":\"ListItem\",\"position\":2,\"name\":\"Arbeiten Sie mit uns\"}]},{\"@type\":\"WebSite\",\"@id\":\"https:\/\/test.esolutions.free2move.com\/eu\/en_it\/#website\",\"url\":\"https:\/\/test.esolutions.free2move.com\/eu\/en_it\/\",\"name\":\"eSolutions europe\",\"description\":\"\",\"publisher\":{\"@id\":\"https:\/\/test.esolutions.free2move.com\/eu\/en_it\/#organization\"},\"potentialAction\":[{\"@type\":\"SearchAction\",\"target\":{\"@type\":\"EntryPoint\",\"urlTemplate\":\"https:\/\/test.esolutions.free2move.com\/eu\/en_it\/?s={search_term_string}\"},\"query-input\":{\"@type\":\"PropertyValueSpecification\",\"valueRequired\":true,\"valueName\":\"search_term_string\"}}],\"inLanguage\":\"de-de\"},{\"@type\":\"Organization\",\"@id\":\"https:\/\/test.esolutions.free2move.com\/eu\/en_it\/#organization\",\"name\":\"eSolutions europe\",\"url\":\"https:\/\/test.esolutions.free2move.com\/eu\/en_it\/\",\"logo\":{\"@type\":\"ImageObject\",\"inLanguage\":\"de-de\",\"@id\":\"https:\/\/test.esolutions.free2move.com\/eu\/en_it\/#\/schema\/logo\/image\/\",\"url\":\"https:\/\/www.esolutions.free2move.com\/eu\/wp-content\/uploads\/2024\/03\/logo-f2m-horizontal-1-1-1.png\",\"contentUrl\":\"https:\/\/www.esolutions.free2move.com\/eu\/wp-content\/uploads\/2024\/03\/logo-f2m-horizontal-1-1-1.png\",\"width\":865,\"height\":218,\"caption\":\"eSolutions europe\"},\"image\":{\"@id\":\"https:\/\/test.esolutions.free2move.com\/eu\/en_it\/#\/schema\/logo\/image\/\"}}]}<\/script>\n<!-- \/ Yoast SEO plugin. -->","yoast_head_json":{"title":"Arbeiten Sie mit uns | Free2move eSolutions","description":"Treten Sie unserem Team bei Free2move eSolutions bei und werden Sie Teil unserer Mission, die Zukunft des Ladens von Elektrofahrzeugen zu revolutionieren. Entdecken Sie jetzt Karrierem\u00f6glichkeiten!","robots":{"index":"index","follow":"follow","max-snippet":"max-snippet:-1","max-image-preview":"max-image-preview:large","max-video-preview":"max-video-preview:-1"},"canonical":"https:\/\/test.esolutions.free2move.com\/eu\/en_def\/work-with-us\/","og_locale":"de_DE","og_type":"article","og_title":"Arbeiten Sie mit uns | Free2move eSolutions","og_description":"Treten Sie unserem Team bei Free2move eSolutions bei und werden Sie Teil unserer Mission, die Zukunft des Ladens von Elektrofahrzeugen zu revolutionieren. Entdecken Sie jetzt Karrierem\u00f6glichkeiten!","og_url":"https:\/\/test.esolutions.free2move.com\/eu\/en_def\/work-with-us\/","og_site_name":"eSolution europe","twitter_card":"summary_large_image","twitter_misc":{"Est. reading time":"6 minutes"},"schema":{"@context":"https:\/\/schema.org","@graph":[{"@type":"WebPage","@id":"https:\/\/test.esolutions.free2move.com\/eu\/en_def\/work-with-us\/","url":"https:\/\/test.esolutions.free2move.com\/eu\/en_def\/work-with-us\/","name":"Arbeiten Sie mit uns | Free2move eSolutions","isPartOf":{"@id":"https:\/\/test.esolutions.free2move.com\/eu\/en_it\/#website"},"datePublished":"2024-03-18T13:45:26+00:00","description":"Treten Sie unserem Team bei Free2move eSolutions bei und werden Sie Teil unserer Mission, die Zukunft des Ladens von Elektrofahrzeugen zu revolutionieren. Entdecken Sie jetzt Karrierem\u00f6glichkeiten!","breadcrumb":{"@id":"https:\/\/test.esolutions.free2move.com\/eu\/en_def\/work-with-us\/#breadcrumb"},"inLanguage":"de-de","potentialAction":[{"@type":"ReadAction","target":["https:\/\/test.esolutions.free2move.com\/eu\/en_def\/work-with-us\/"]}]},{"@type":"BreadcrumbList","@id":"https:\/\/test.esolutions.free2move.com\/eu\/en_def\/work-with-us\/#breadcrumb","itemListElement":[{"@type":"ListItem","position":1,"name":"Home","item":"https:\/\/test.esolutions.free2move.com\/eu\/de_de\/"},{"@type":"ListItem","position":2,"name":"Arbeiten Sie mit uns"}]},{"@type":"WebSite","@id":"https:\/\/test.esolutions.free2move.com\/eu\/en_it\/#website","url":"https:\/\/test.esolutions.free2move.com\/eu\/en_it\/","name":"eSolutions europe","description":"","publisher":{"@id":"https:\/\/test.esolutions.free2move.com\/eu\/en_it\/#organization"},"potentialAction":[{"@type":"SearchAction","target":{"@type":"EntryPoint","urlTemplate":"https:\/\/test.esolutions.free2move.com\/eu\/en_it\/?s={search_term_string}"},"query-input":{"@type":"PropertyValueSpecification","valueRequired":true,"valueName":"search_term_string"}}],"inLanguage":"de-de"},{"@type":"Organization","@id":"https:\/\/test.esolutions.free2move.com\/eu\/en_it\/#organization","name":"eSolutions europe","url":"https:\/\/test.esolutions.free2move.com\/eu\/en_it\/","logo":{"@type":"ImageObject","inLanguage":"de-de","@id":"https:\/\/test.esolutions.free2move.com\/eu\/en_it\/#\/schema\/logo\/image\/","url":"https:\/\/www.esolutions.free2move.com\/eu\/wp-content\/uploads\/2024\/03\/logo-f2m-horizontal-1-1-1.png","contentUrl":"https:\/\/www.esolutions.free2move.com\/eu\/wp-content\/uploads\/2024\/03\/logo-f2m-horizontal-1-1-1.png","width":865,"height":218,"caption":"eSolutions europe"},"image":{"@id":"https:\/\/test.esolutions.free2move.com\/eu\/en_it\/#\/schema\/logo\/image\/"}}]}},"_links":{"self":[{"href":"https:\/\/test.esolutions.free2move.com\/eu\/de_de\/wp-json\/wp\/v2\/pages\/22422","targetHints":{"allow":["GET"]}}],"collection":[{"href":"https:\/\/test.esolutions.free2move.com\/eu\/de_de\/wp-json\/wp\/v2\/pages"}],"about":[{"href":"https:\/\/test.esolutions.free2move.com\/eu\/de_de\/wp-json\/wp\/v2\/types\/page"}],"author":[{"embeddable":true,"href":"https:\/\/test.esolutions.free2move.com\/eu\/de_de\/wp-json\/wp\/v2\/users\/1"}],"replies":[{"embeddable":true,"href":"https:\/\/test.esolutions.free2move.com\/eu\/de_de\/wp-json\/wp\/v2\/comments?post=22422"}],"version-history":[{"count":0,"href":"https:\/\/test.esolutions.free2move.com\/eu\/de_de\/wp-json\/wp\/v2\/pages\/22422\/revisions"}],"wp:attachment":[{"href":"https:\/\/test.esolutions.free2move.com\/eu\/de_de\/wp-json\/wp\/v2\/media?parent=22422"}],"curies":[{"name":"wp","href":"https:\/\/api.w.org\/{rel}","templated":true}]}}