{"id":22454,"date":"2024-03-18T13:17:47","date_gmt":"2024-03-18T13:17:47","guid":{"rendered":"https:\/\/test.esolutions.free2move.com\/eu\/drossone-v2g-projekt\/"},"modified":"2024-03-18T13:17:47","modified_gmt":"2024-03-18T13:17:47","slug":"drossone-v2g-projekt","status":"publish","type":"page","link":"https:\/\/test.esolutions.free2move.com\/eu\/de_de\/drossone-v2g-projekt\/","title":{"rendered":"DROSSONE V2G PROJEKT"},"content":{"rendered":"<div id=\"cs-content\" class=\"cs-content\"><nav class=\"x-crumbs e12535-e1 m9o7-0\" role=\"navigation\"><ol class=\"x-crumbs-list\" itemscope=\"\" itemtype=\"http:\/\/schema.org\/BreadcrumbList\" aria-label=\"Breadcrumb Navigation\"><li class=\"x-crumbs-list-item\" itemprop=\"itemListElement\" itemscope itemtype=\"http:\/\/schema.org\/ListItem\"><a class=\"x-crumbs-current x-crumbs-link\" itemtype=\"http:\/\/schema.org\/Thing\" itemprop=\"item\" href=\"https:\/\/test.esolutions.free2move.com\/eu\/de_de\/\" title=\"You Are Here\"><span itemprop=\"name\">Home<\/span><\/a><meta itemprop=\"position\" content=\"1\"><\/li><\/ol><\/nav><div class=\"x-section e12535-e2 m9o7-1 m9o7-2 m9o7-3\"><div class=\"x-row x-container max width e12535-e3 m9o7-5 m9o7-6 m9o7-a\"><div class=\"x-row-inner\"><div class=\"x-col e12535-e4 m9o7-m m9o7-n m9o7-o m9o7-p m9o7-q m9o7-r m9o7-s es_gap\"><div class=\"x-div e12535-e5 m9o7-x\"><div class=\"x-text x-text-headline e12535-e6 m9o7-y m9o7-z\"><div class=\"x-text-content\"><div class=\"x-text-content-text\"><h2 class=\"x-text-content-text-primary\">DROSSONE V2G PROJEKT<\/h2><\/div><\/div><\/div><\/div><\/div><div class=\"x-col e12535-e7 m9o7-q m9o7-r m9o7-s\"><div class=\"x-frame x-frame-video-player e12535-e8 m9o7-11 m9o7-12\"><div class=\"x-frame-inner\"><div class=\"x-video x-video-player hide-controls autoplay loop muted\" data-x-element-mejs=\"{&quot;poster&quot;:&quot;&quot;,&quot;options&quot;:{&quot;pause_out_of_view&quot;:false}}\"><video class=\"x-mejs\" poster=\"\" preload=\"metadata\" options=\"\" loop=\"\" muted=\"\"><source src=\"https:\/\/test.esolutions.free2move.com\/eu\/de_de\/\/drosso_pannelli-solari\"><source src=\"https:\/\/test.esolutions.free2move.com\/eu\/de_de\/\/drosso_pannelli-solari\" type=\"video\/quicktime\"><source src=\"https:\/\/test.esolutions.free2move.com\/eu\/de_de\/\/drosso_pannelli-solari\" type=\"video\/mp4\"><\/video><\/div><\/div><\/div><\/div><\/div><\/div><\/div><div class=\"x-section e12535-e9 m9o7-1 m9o7-4\"><div class=\"x-row x-container max width e12535-e10 m9o7-5 m9o7-7 m9o7-8 m9o7-b m9o7-c\"><div class=\"x-row-inner\"><div class=\"x-col e12535-e11 m9o7-m m9o7-n m9o7-o m9o7-p m9o7-r m9o7-s m9o7-t mobile_hidden\"><hr class=\"x-line e12535-e12 m9o7-13\"\/><\/div><div class=\"x-col e12535-e13 m9o7-m m9o7-n m9o7-o m9o7-p m9o7-r m9o7-s m9o7-t es_gap\"><div class=\"x-row e12535-e14 m9o7-5 m9o7-8 m9o7-b m9o7-d\"><div class=\"x-row-inner\"><div class=\"x-col e12535-e15 m9o7-r m9o7-s m9o7-t\"><div class=\"x-text x-content e12535-e16 m9o7-14 m9o7-15 text-l\"><p>Das <strong>DrossOne V2G Parking Project <\/strong> ist ein gro\u00df angelegtes Vehicle-to-Grid (V2G)-System mit integriertem Energiespeicher, das mit Unterst\u00fctzung des Innovationsfonds der <strong>Europ\u00e4ischen<\/strong> Kommission entwickelt wurde. Das DrossOne-Projekt befindet sich in Mirafiori, Turin, Italien und wird von <strong>Free2move eSolutions <\/strong> und <strong>Stellantis<\/strong> entwickelt.<\/p><\/div><\/div><\/div><\/div><\/div><\/div><\/div><\/div><div class=\"x-section e12535-e17 m9o7-1 m9o7-2\"><div class=\"x-row x-container max width e12535-e18 m9o7-5 m9o7-7 m9o7-8 m9o7-b m9o7-e\"><div class=\"x-row-inner\"><div class=\"x-col e12535-e19 m9o7-m m9o7-n m9o7-o m9o7-p m9o7-r m9o7-s m9o7-t mobile_hidden\"><span class=\"x-image e12535-e20 m9o7-17\"><img decoding=\"async\" src=\"https:\/\/test.esolutions.free2move.com\/eu\/wp-content\/uploads\/2024\/03\/eu_co_funded_en.jpg\" width=\"550\" height=\"115\" alt=\"Image\" loading=\"lazy\"><\/span><\/div><div class=\"x-col e12535-e21 m9o7-m m9o7-n m9o7-o m9o7-p m9o7-r m9o7-s m9o7-t es_gap\"><div class=\"x-row e12535-e22 m9o7-5 m9o7-8 m9o7-b m9o7-f\"><div class=\"x-row-inner\"><div class=\"x-col e12535-e23 m9o7-r m9o7-s m9o7-t\"><div class=\"x-text x-content e12535-e24 m9o7-14 m9o7-15 text-l\"><p>DrossOne V2G Parken<br>GA n \u00b0 101038849 - ein vom Innovationsfonds finanziertes Projekt<\/p><\/div><\/div><\/div><\/div><\/div><\/div><\/div><\/div><div class=\"x-section e12535-e25 m9o7-1 m9o7-2 m9o7-3\"><div class=\"x-row x-container max width e12535-e26 m9o7-5 m9o7-7 m9o7-8 m9o7-b m9o7-g\"><div class=\"x-row-inner\"><div class=\"x-col e12535-e27 m9o7-m m9o7-o m9o7-r m9o7-s m9o7-t m9o7-u m9o7-v\"><span class=\"x-image e12535-e28 m9o7-17 m9o7-18\"><img decoding=\"async\" src=\"https:\/\/test.esolutions.free2move.com\/eu\/wp-content\/uploads\/2024\/04\/DJI_0491-scaled.jpg\" width=\"1280\" height=\"852\" alt=\"Image\" loading=\"lazy\"><\/span><\/div><div class=\"x-col e12535-e29 m9o7-m m9o7-n m9o7-o m9o7-p m9o7-r m9o7-s m9o7-t es_gap\"><div class=\"x-row e12535-e30 m9o7-5 m9o7-8 m9o7-9 m9o7-b m9o7-h\"><div class=\"x-row-inner\"><div class=\"x-col e12535-e31 m9o7-m m9o7-p m9o7-r m9o7-t m9o7-u m9o7-w es_gap\"><div class=\"x-text x-text-headline e12535-e32 m9o7-z m9o7-10\"><div class=\"x-text-content\"><div class=\"x-text-content-text\"><h4 class=\"x-text-content-text-primary\"><strong>Das Projekt<\/strong><\/h4><\/div><\/div><\/div><div class=\"x-text x-content e12535-e33 m9o7-14 m9o7-16\"><div class=\"ewa-rteLine\">Das Vehicle-to-Grid-System f\u00f6rdert einen Paradigmenwechsel, der E-Fahrzeuge zu einer wertvollen Flexibilit\u00e4tsquelle f\u00fcr das Stromnetz macht.<\/div>\n<div class=\"ewa-rteLine\">&nbsp;<\/div>\n<div class=\"ewa-rteLine\">Das Projekt wird die Machbarkeit eines gro\u00df angelegten zentralisierten V2G-Ladesystems demonstrieren, indem es den station\u00e4ren Speicher der Elektrofahrzeuge (EV) auf dem Parkplatz von Stellantis (vor der Auslieferung an die Autoh\u00e4user) und eine station\u00e4re Speichereinheit auf der Grundlage von Second-Life-Batterien nutzt.<\/div>\n<div class=\"ewa-rteLine\">&nbsp;<\/div>\n<div class=\"ewa-rteLine\">Das DrossOne-Projekt wird dem Netzbetreiber auch Hilfsdienste in Form von schnellen Reserven (z. B. Ausgleich, Frequenz- und Leistungsregulierung) sowie Echtzeitdienste durch den Einsatz eines Systems mit bidirektionalen Schnellladeger\u00e4ten bieten.<\/div><\/div><\/div><\/div><\/div><\/div><\/div><\/div><\/div><div class=\"x-section e12535-e34 m9o7-1 m9o7-2 m9o7-3\"><div class=\"x-row x-container max width e12535-e35 m9o7-5 m9o7-7 m9o7-8 m9o7-b m9o7-i\"><div class=\"x-row-inner\"><div class=\"x-col e12535-e36 m9o7-m m9o7-o m9o7-r m9o7-s m9o7-t m9o7-u m9o7-v\"><span class=\"x-image e12535-e37 m9o7-17\"><img decoding=\"async\" src=\"https:\/\/test.esolutions.free2move.com\/eu\/wp-content\/uploads\/2024\/04\/DJI_0539-scaled.jpg\" width=\"1280\" height=\"852\" alt=\"Image\" loading=\"lazy\"><\/span><\/div><div class=\"x-col e12535-e38 m9o7-m m9o7-n m9o7-o m9o7-p m9o7-r m9o7-s m9o7-t es_gap\"><div class=\"x-row e12535-e39 m9o7-5 m9o7-8 m9o7-9 m9o7-b m9o7-j\"><div class=\"x-row-inner\"><div class=\"x-col e12535-e40 m9o7-m m9o7-p m9o7-r m9o7-t m9o7-u m9o7-w es_gap\"><div class=\"x-text x-text-headline e12535-e41 m9o7-z m9o7-10\"><div class=\"x-text-content\"><div class=\"x-text-content-text\"><h4 class=\"x-text-content-text-primary\"><strong>Die Technologie<\/strong><\/h4><\/div><\/div><\/div><div class=\"x-text x-content e12535-e42 m9o7-14 m9o7-16\"><div class=\"ewa-rteLine\">\n<div class=\"ewa-rteLine\">Das Projekt ist das <strong>erste kommerzielle, zentralisierte, bidirektionale V2G-Gro\u00dfprojekt seiner Art<\/strong>. Dies ist der innovativen Technologie zu verdanken, die bei der Hardware zum Einsatz kommt, d.h. dem Einsatz eines Gleichstrom-Gleichstrom-Wandlers (DC-DC).<\/div>\n<div class=\"ewa-rteLine\">Die Software ist ein weiterer wichtiger Punkt f\u00fcr die Innovation dank der neuen aggregierenden Softwareplattform, die die Flotten als eine zentralisierte \"Energiespeicherressource\" mit einer einzigen Schnittstelle zum Netz emuliert und steuert.<\/div>\n<div class=\"ewa-rteLine\">&nbsp;<\/div>\n<div class=\"ewa-rteLine\">Und schlie\u00dflich ein innovatives Gesch\u00e4ftsmodell, das aus der ungenutzten Speicherkapazit\u00e4t geparkter E-Fahrzeuge einen Mehrwert generiert, indem es dem italienischen \u00dcbertragungsnetzbetreiber (\u00dcNB) Dienstleistungen zur Netzstabilit\u00e4t anbietet.<\/div>\n<\/div><\/div><\/div><\/div><\/div><\/div><\/div><\/div><\/div><div class=\"x-section e12535-e43 m9o7-1 m9o7-2 m9o7-3\"><div class=\"x-row x-container max width e12535-e44 m9o7-5 m9o7-7 m9o7-8 m9o7-b m9o7-k\"><div class=\"x-row-inner\"><div class=\"x-col e12535-e45 m9o7-m m9o7-o m9o7-r m9o7-s m9o7-t m9o7-u m9o7-v\"><span class=\"x-image e12535-e46 m9o7-17\"><img decoding=\"async\" src=\"https:\/\/test.esolutions.free2move.com\/eu\/wp-content\/uploads\/2024\/04\/DJI_0474-scaled.jpg\" width=\"1280\" height=\"852\" alt=\"Image\" loading=\"lazy\"><\/span><\/div><div class=\"x-col e12535-e47 m9o7-m m9o7-n m9o7-o m9o7-p m9o7-r m9o7-s m9o7-t es_gap\"><div class=\"x-row e12535-e48 m9o7-5 m9o7-8 m9o7-9 m9o7-b m9o7-l\"><div class=\"x-row-inner\"><div class=\"x-col e12535-e49 m9o7-m m9o7-p m9o7-r m9o7-t m9o7-u m9o7-w es_gap\"><div class=\"x-text x-text-headline e12535-e50 m9o7-z m9o7-10\"><div class=\"x-text-content\"><div class=\"x-text-content-text\"><h4 class=\"x-text-content-text-primary\">Beitrag zur Energiewende<\/h4><\/div><\/div><\/div><div class=\"x-text x-content e12535-e51 m9o7-14 m9o7-16\"><div class=\"ewa-rteLine\">\n<div class=\"ewa-rteLine\">Das DrossOne V2G-Parking-Projekt wird zwischen 2023 und 2027 eine nominale Kapazit\u00e4t von 25 MW an ultraschnellen Reservediensten bereitstellen und damit dazu beitragen, den Bedarf der \u00dcbertragungsnetzbetreiber an fossilen Kraftwerken zu verringern.<br><br>Energiespeicher und E-Fahrzeugflotten k\u00f6nnen zu einer nachhaltigeren, kohlenstoffneutralen Zukunft beitragen, da sie den Bedarf an Spitzenlastkraftwerken mit fossilen Brennstoffen zur Erbringung von Hilfsdiensten f\u00fcr das Netz verringern und somit die mit diesen Kraftwerken verbundenen Treibhausgasemissionen reduzieren.<\/div>\n<\/div><\/div><\/div><\/div><\/div><\/div><\/div><\/div><\/div><\/div>\n","protected":false},"excerpt":{"rendered":"<p>HomeDROSSONE V2G PROJEKTDas DrossOne V2G Parking Project ist ein gro\u00df angelegtes Vehicle-to-Grid (V2G)-System mit integriertem Energiespeicher, das mit Unterst\u00fctzung des Innovationsfonds der Europ\u00e4ischen Kommission entwickelt wurde. Das DrossOne-Projekt befindet sich in Mirafiori, Turin, Italien und wird von Free2move eSolutions und Stellantis entwickelt.DrossOne V2G ParkenGA n \u00b0 101038849 &#8211; ein vom Innovationsfonds finanziertes ProjektDas ProjektDas Vehicle-to-Grid-System f\u00f6rdert einen Paradigmenwechsel, der E-Fahrzeuge &#8230; <\/p>\n<div><a href=\"https:\/\/test.esolutions.free2move.com\/eu\/de_de\/drossone-v2g-projekt\/\" class=\"more-link\">Read More<\/a><\/div>\n","protected":false},"author":1,"featured_media":0,"parent":0,"menu_order":0,"comment_status":"closed","ping_status":"closed","template":"template-blank-4.php","meta":{"_acf_changed":false,"inline_featured_image":false,"footnotes":""},"class_list":["post-22454","page","type-page","status-publish","hentry","no-post-thumbnail"],"acf":[],"yoast_head":"<!-- This site is optimized with the Yoast SEO plugin v24.4 - https:\/\/yoast.com\/wordpress\/plugins\/seo\/ -->\n<title>DROSSONE V2G PROJEKT | Free2move eSolutions<\/title>\n<meta name=\"description\" content=\"Das DrossOne V2G Parking Project ist ein gro\u00df angelegtes Vehicle-to-Grid (V2G)-System mit integriertem Energiespeicher, das mit Unterst\u00fctzung des Innovationsfonds der Europ\u00e4ischen Kommission entwickelt wurde. Das DrossOne-Projekt befindet sich in Mirafiori, Turin, Italien und wird von Free2move eSolutions und Stellantis entwickelt.\" \/>\n<meta name=\"robots\" content=\"index, follow, max-snippet:-1, max-image-preview:large, max-video-preview:-1\" \/>\n<link rel=\"canonical\" href=\"https:\/\/test.esolutions.free2move.com\/eu\/en_def\/drossone-v2g-project\/\" \/>\n<meta property=\"og:locale\" content=\"de_DE\" \/>\n<meta property=\"og:type\" content=\"article\" \/>\n<meta property=\"og:title\" content=\"DROSSONE V2G PROJEKT | Free2move eSolutions\" \/>\n<meta property=\"og:description\" content=\"Das DrossOne V2G Parking Project ist ein gro\u00df angelegtes Vehicle-to-Grid (V2G)-System mit integriertem Energiespeicher, das mit Unterst\u00fctzung des Innovationsfonds der Europ\u00e4ischen Kommission entwickelt wurde. Das DrossOne-Projekt befindet sich in Mirafiori, Turin, Italien und wird von Free2move eSolutions und Stellantis entwickelt.\" \/>\n<meta property=\"og:url\" content=\"https:\/\/test.esolutions.free2move.com\/eu\/en_def\/drossone-v2g-project\/\" \/>\n<meta property=\"og:site_name\" content=\"eSolution europe\" \/>\n<meta name=\"twitter:card\" content=\"summary_large_image\" \/>\n<meta name=\"twitter:label1\" content=\"Est. reading time\" \/>\n\t<meta name=\"twitter:data1\" content=\"4 minutes\" \/>\n<script type=\"application\/ld+json\" class=\"yoast-schema-graph\">{\"@context\":\"https:\/\/schema.org\",\"@graph\":[{\"@type\":\"WebPage\",\"@id\":\"https:\/\/test.esolutions.free2move.com\/eu\/en_def\/drossone-v2g-project\/\",\"url\":\"https:\/\/test.esolutions.free2move.com\/eu\/en_def\/drossone-v2g-project\/\",\"name\":\"DROSSONE V2G PROJEKT | Free2move eSolutions\",\"isPartOf\":{\"@id\":\"https:\/\/test.esolutions.free2move.com\/eu\/en_it\/#website\"},\"datePublished\":\"2024-03-18T13:17:47+00:00\",\"description\":\"Das DrossOne V2G Parking Project ist ein gro\u00df angelegtes Vehicle-to-Grid (V2G)-System mit integriertem Energiespeicher, das mit Unterst\u00fctzung des Innovationsfonds der Europ\u00e4ischen Kommission entwickelt wurde. Das DrossOne-Projekt befindet sich in Mirafiori, Turin, Italien und wird von Free2move eSolutions und Stellantis entwickelt.\",\"breadcrumb\":{\"@id\":\"https:\/\/test.esolutions.free2move.com\/eu\/en_def\/drossone-v2g-project\/#breadcrumb\"},\"inLanguage\":\"de-de\",\"potentialAction\":[{\"@type\":\"ReadAction\",\"target\":[\"https:\/\/test.esolutions.free2move.com\/eu\/en_def\/drossone-v2g-project\/\"]}]},{\"@type\":\"BreadcrumbList\",\"@id\":\"https:\/\/test.esolutions.free2move.com\/eu\/en_def\/drossone-v2g-project\/#breadcrumb\",\"itemListElement\":[{\"@type\":\"ListItem\",\"position\":1,\"name\":\"Home\",\"item\":\"https:\/\/test.esolutions.free2move.com\/eu\/de_de\/\"},{\"@type\":\"ListItem\",\"position\":2,\"name\":\"DROSSONE V2G PROJEKT\"}]},{\"@type\":\"WebSite\",\"@id\":\"https:\/\/test.esolutions.free2move.com\/eu\/en_it\/#website\",\"url\":\"https:\/\/test.esolutions.free2move.com\/eu\/en_it\/\",\"name\":\"eSolutions europe\",\"description\":\"\",\"publisher\":{\"@id\":\"https:\/\/test.esolutions.free2move.com\/eu\/en_it\/#organization\"},\"potentialAction\":[{\"@type\":\"SearchAction\",\"target\":{\"@type\":\"EntryPoint\",\"urlTemplate\":\"https:\/\/test.esolutions.free2move.com\/eu\/en_it\/?s={search_term_string}\"},\"query-input\":{\"@type\":\"PropertyValueSpecification\",\"valueRequired\":true,\"valueName\":\"search_term_string\"}}],\"inLanguage\":\"de-de\"},{\"@type\":\"Organization\",\"@id\":\"https:\/\/test.esolutions.free2move.com\/eu\/en_it\/#organization\",\"name\":\"eSolutions europe\",\"url\":\"https:\/\/test.esolutions.free2move.com\/eu\/en_it\/\",\"logo\":{\"@type\":\"ImageObject\",\"inLanguage\":\"de-de\",\"@id\":\"https:\/\/test.esolutions.free2move.com\/eu\/en_it\/#\/schema\/logo\/image\/\",\"url\":\"https:\/\/www.esolutions.free2move.com\/eu\/wp-content\/uploads\/2024\/03\/logo-f2m-horizontal-1-1-1.png\",\"contentUrl\":\"https:\/\/www.esolutions.free2move.com\/eu\/wp-content\/uploads\/2024\/03\/logo-f2m-horizontal-1-1-1.png\",\"width\":865,\"height\":218,\"caption\":\"eSolutions europe\"},\"image\":{\"@id\":\"https:\/\/test.esolutions.free2move.com\/eu\/en_it\/#\/schema\/logo\/image\/\"}}]}<\/script>\n<!-- \/ Yoast SEO plugin. -->","yoast_head_json":{"title":"DROSSONE V2G PROJEKT | Free2move eSolutions","description":"Das DrossOne V2G Parking Project ist ein gro\u00df angelegtes Vehicle-to-Grid (V2G)-System mit integriertem Energiespeicher, das mit Unterst\u00fctzung des Innovationsfonds der Europ\u00e4ischen Kommission entwickelt wurde. Das DrossOne-Projekt befindet sich in Mirafiori, Turin, Italien und wird von Free2move eSolutions und Stellantis entwickelt.","robots":{"index":"index","follow":"follow","max-snippet":"max-snippet:-1","max-image-preview":"max-image-preview:large","max-video-preview":"max-video-preview:-1"},"canonical":"https:\/\/test.esolutions.free2move.com\/eu\/en_def\/drossone-v2g-project\/","og_locale":"de_DE","og_type":"article","og_title":"DROSSONE V2G PROJEKT | Free2move eSolutions","og_description":"Das DrossOne V2G Parking Project ist ein gro\u00df angelegtes Vehicle-to-Grid (V2G)-System mit integriertem Energiespeicher, das mit Unterst\u00fctzung des Innovationsfonds der Europ\u00e4ischen Kommission entwickelt wurde. Das DrossOne-Projekt befindet sich in Mirafiori, Turin, Italien und wird von Free2move eSolutions und Stellantis entwickelt.","og_url":"https:\/\/test.esolutions.free2move.com\/eu\/en_def\/drossone-v2g-project\/","og_site_name":"eSolution europe","twitter_card":"summary_large_image","twitter_misc":{"Est. reading time":"4 minutes"},"schema":{"@context":"https:\/\/schema.org","@graph":[{"@type":"WebPage","@id":"https:\/\/test.esolutions.free2move.com\/eu\/en_def\/drossone-v2g-project\/","url":"https:\/\/test.esolutions.free2move.com\/eu\/en_def\/drossone-v2g-project\/","name":"DROSSONE V2G PROJEKT | Free2move eSolutions","isPartOf":{"@id":"https:\/\/test.esolutions.free2move.com\/eu\/en_it\/#website"},"datePublished":"2024-03-18T13:17:47+00:00","description":"Das DrossOne V2G Parking Project ist ein gro\u00df angelegtes Vehicle-to-Grid (V2G)-System mit integriertem Energiespeicher, das mit Unterst\u00fctzung des Innovationsfonds der Europ\u00e4ischen Kommission entwickelt wurde. Das DrossOne-Projekt befindet sich in Mirafiori, Turin, Italien und wird von Free2move eSolutions und Stellantis entwickelt.","breadcrumb":{"@id":"https:\/\/test.esolutions.free2move.com\/eu\/en_def\/drossone-v2g-project\/#breadcrumb"},"inLanguage":"de-de","potentialAction":[{"@type":"ReadAction","target":["https:\/\/test.esolutions.free2move.com\/eu\/en_def\/drossone-v2g-project\/"]}]},{"@type":"BreadcrumbList","@id":"https:\/\/test.esolutions.free2move.com\/eu\/en_def\/drossone-v2g-project\/#breadcrumb","itemListElement":[{"@type":"ListItem","position":1,"name":"Home","item":"https:\/\/test.esolutions.free2move.com\/eu\/de_de\/"},{"@type":"ListItem","position":2,"name":"DROSSONE V2G PROJEKT"}]},{"@type":"WebSite","@id":"https:\/\/test.esolutions.free2move.com\/eu\/en_it\/#website","url":"https:\/\/test.esolutions.free2move.com\/eu\/en_it\/","name":"eSolutions europe","description":"","publisher":{"@id":"https:\/\/test.esolutions.free2move.com\/eu\/en_it\/#organization"},"potentialAction":[{"@type":"SearchAction","target":{"@type":"EntryPoint","urlTemplate":"https:\/\/test.esolutions.free2move.com\/eu\/en_it\/?s={search_term_string}"},"query-input":{"@type":"PropertyValueSpecification","valueRequired":true,"valueName":"search_term_string"}}],"inLanguage":"de-de"},{"@type":"Organization","@id":"https:\/\/test.esolutions.free2move.com\/eu\/en_it\/#organization","name":"eSolutions europe","url":"https:\/\/test.esolutions.free2move.com\/eu\/en_it\/","logo":{"@type":"ImageObject","inLanguage":"de-de","@id":"https:\/\/test.esolutions.free2move.com\/eu\/en_it\/#\/schema\/logo\/image\/","url":"https:\/\/www.esolutions.free2move.com\/eu\/wp-content\/uploads\/2024\/03\/logo-f2m-horizontal-1-1-1.png","contentUrl":"https:\/\/www.esolutions.free2move.com\/eu\/wp-content\/uploads\/2024\/03\/logo-f2m-horizontal-1-1-1.png","width":865,"height":218,"caption":"eSolutions europe"},"image":{"@id":"https:\/\/test.esolutions.free2move.com\/eu\/en_it\/#\/schema\/logo\/image\/"}}]}},"_links":{"self":[{"href":"https:\/\/test.esolutions.free2move.com\/eu\/de_de\/wp-json\/wp\/v2\/pages\/22454","targetHints":{"allow":["GET"]}}],"collection":[{"href":"https:\/\/test.esolutions.free2move.com\/eu\/de_de\/wp-json\/wp\/v2\/pages"}],"about":[{"href":"https:\/\/test.esolutions.free2move.com\/eu\/de_de\/wp-json\/wp\/v2\/types\/page"}],"author":[{"embeddable":true,"href":"https:\/\/test.esolutions.free2move.com\/eu\/de_de\/wp-json\/wp\/v2\/users\/1"}],"replies":[{"embeddable":true,"href":"https:\/\/test.esolutions.free2move.com\/eu\/de_de\/wp-json\/wp\/v2\/comments?post=22454"}],"version-history":[{"count":0,"href":"https:\/\/test.esolutions.free2move.com\/eu\/de_de\/wp-json\/wp\/v2\/pages\/22454\/revisions"}],"wp:attachment":[{"href":"https:\/\/test.esolutions.free2move.com\/eu\/de_de\/wp-json\/wp\/v2\/media?parent=22454"}],"curies":[{"name":"wp","href":"https:\/\/api.w.org\/{rel}","templated":true}]}}