{"id":50610,"date":"2024-03-18T14:48:14","date_gmt":"2024-03-18T14:48:14","guid":{"rendered":"https:\/\/test.esolutions.free2move.com\/eu\/giovanni-ravina\/"},"modified":"2024-03-18T14:48:14","modified_gmt":"2024-03-18T14:48:14","slug":"giovanni-ravina","status":"publish","type":"page","link":"https:\/\/test.esolutions.free2move.com\/eu\/de_lu\/governance-und-ethik\/giovanni-ravina\/","title":{"rendered":"Giovanni Ravina"},"content":{"rendered":"<div id=\"cs-content\" class=\"cs-content\"><nav class=\"x-crumbs e12619-e1 m9qj-0\" role=\"navigation\"><ol class=\"x-crumbs-list\" itemscope=\"\" itemtype=\"http:\/\/schema.org\/BreadcrumbList\" aria-label=\"Breadcrumb Navigation\"><li class=\"x-crumbs-list-item\" itemprop=\"itemListElement\" itemscope itemtype=\"http:\/\/schema.org\/ListItem\"><a class=\"x-crumbs-current x-crumbs-link\" itemtype=\"http:\/\/schema.org\/Thing\" itemprop=\"item\" href=\"https:\/\/test.esolutions.free2move.com\/eu\/de_lu\/\" title=\"You Are Here\"><span itemprop=\"name\">Home<\/span><\/a><meta itemprop=\"position\" content=\"1\"><\/li><\/ol><\/nav><div class=\"x-section e12619-e2 m9qj-1\"><div class=\"x-row x-container max width e12619-e3 m9qj-2 m9qj-3 m9qj-5 m9qj-6\"><div class=\"x-row-inner\"><div class=\"x-col e12619-e4 m9qj-8 m9qj-9 m9qj-a m9qj-b\"><span class=\"x-image e12619-e5 m9qj-f\"><img decoding=\"async\" src=\"https:\/\/test.esolutions.free2move.com\/eu\/wp-content\/uploads\/2024\/03\/GovernanceEthics_Giovanni-Ravina-copia.jpg\" width=\"146\" height=\"134\" alt=\"Image\" loading=\"lazy\"><\/span><\/div><div class=\"x-col e12619-e6 m9qj-8 m9qj-a m9qj-c m9qj-d es_gap\"><div class=\"x-row e12619-e7 m9qj-3 m9qj-4 m9qj-5 m9qj-7\"><div class=\"x-row-inner\"><div class=\"x-col e12619-e8 m9qj-8 m9qj-9 m9qj-d m9qj-e es_gap\"><div class=\"x-text x-text-headline e12619-e9 m9qj-g\"><div class=\"x-text-content\"><div class=\"x-text-content-text\"><h2 class=\"x-text-content-text-primary\">Giovanni Ravina<\/h2><\/div><\/div><\/div><div class=\"x-text x-content e12619-e10 m9qj-h\"><div class=\"ewa-rteLine\">\n<div class=\"ewa-rteLine\">\n<div class=\"ewa-rteLine\"><strong>Gesch\u00e4ftsf\u00fchrender Direktor<\/strong><\/div>\n<div class=\"ewa-rteLine\">&nbsp;<\/div>\n<div class=\"ewa-rteLine\">Giovanni Ravina kam 2018 zu NHOA (ex-Engie EPS) und ist nun Chief Executive Officer f\u00fcr Atlante Iberia. Au\u00dferdem ist er Vorstandsmitglied von Tiko Italy, TechStars-Mentor und Mitglied des SocialFare Advisory Board.<\/div>\n<div class=\"ewa-rteLine\">Bevor er zu NHOA kam, war Giovanni Ravina Vorstandsmitglied von StreetLight Data und Opus One Solutions und verf\u00fcgte \u00fcber eine lange und best\u00e4ndige Erfahrung bei Engie, wo er verschiedene Positionen innehatte. Er begann in der Pariser Zentrale des Konzerns mit VC-Investitionen und geh\u00f6rte zum Gr\u00fcndungsteam von ENGIE Corporate VC (ENGIE New Ventures). Er baute das ENGIE New Ventures-B\u00fcro in San Francisco auf und leitete und verwaltete erfolgreich Investitionen in f\u00fcnf L\u00e4ndern und drei verschiedenen Kontinenten. Anschlie\u00dfend setzte er seine Karriere bei Engie als Executive Business Developer Green Mobility fort.<\/div>\n<div class=\"ewa-rteLine\">Giovanni Ravina hat einen doppelten MEng-Abschluss in industrieller Produktion und Innovation vom Politecnico di Torino und der Universitat International de Catalunya sowie einen Master in Management\/Dipl\u00f4me de Grande Ecole der ESCP Europe.<\/div>\n<\/div>\n<\/div><\/div><\/div><\/div><\/div><\/div><\/div><\/div><\/div><\/div>\n","protected":false},"excerpt":{"rendered":"<p>HomeGiovanni Ravina Gesch\u00e4ftsf\u00fchrender Direktor &nbsp; Giovanni Ravina kam 2018 zu NHOA (ex-Engie EPS) und ist nun Chief Executive Officer f\u00fcr Atlante Iberia. Au\u00dferdem ist er Vorstandsmitglied von Tiko Italy, TechStars-Mentor und Mitglied des SocialFare Advisory Board. Bevor er zu NHOA kam, war Giovanni Ravina Vorstandsmitglied von StreetLight Data und Opus One Solutions und verf\u00fcgte \u00fcber eine lange und best\u00e4ndige Erfahrung &#8230; <\/p>\n<div><a href=\"https:\/\/test.esolutions.free2move.com\/eu\/de_lu\/governance-und-ethik\/giovanni-ravina\/\" class=\"more-link\">Read More<\/a><\/div>\n","protected":false},"author":1,"featured_media":0,"parent":50618,"menu_order":0,"comment_status":"closed","ping_status":"closed","template":"template-blank-4.php","meta":{"_acf_changed":false,"inline_featured_image":false,"footnotes":""},"class_list":["post-50610","page","type-page","status-publish","hentry","no-post-thumbnail"],"acf":[],"yoast_head":"<!-- This site is optimized with the Yoast SEO plugin v24.4 - https:\/\/yoast.com\/wordpress\/plugins\/seo\/ -->\n<title>Giovanni Ravina - eSolution europe<\/title>\n<meta name=\"robots\" content=\"index, follow, max-snippet:-1, max-image-preview:large, max-video-preview:-1\" \/>\n<link rel=\"canonical\" href=\"https:\/\/test.esolutions.free2move.com\/eu\/de_lu\/giovanni-ravina\/\" \/>\n<meta property=\"og:locale\" content=\"de_DE\" \/>\n<meta property=\"og:type\" content=\"article\" \/>\n<meta property=\"og:title\" content=\"Giovanni Ravina - eSolution europe\" \/>\n<meta property=\"og:description\" content=\"HomeGiovanni Ravina Gesch\u00e4ftsf\u00fchrender Direktor &nbsp; Giovanni Ravina kam 2018 zu NHOA (ex-Engie EPS) und ist nun Chief Executive Officer f\u00fcr Atlante Iberia. Au\u00dferdem ist er Vorstandsmitglied von Tiko Italy, TechStars-Mentor und Mitglied des SocialFare Advisory Board. Bevor er zu NHOA kam, war Giovanni Ravina Vorstandsmitglied von StreetLight Data und Opus One Solutions und verf\u00fcgte \u00fcber eine lange und best\u00e4ndige Erfahrung ... Read More\" \/>\n<meta property=\"og:url\" content=\"https:\/\/test.esolutions.free2move.com\/eu\/de_lu\/giovanni-ravina\/\" \/>\n<meta property=\"og:site_name\" content=\"eSolution europe\" \/>\n<meta name=\"twitter:card\" content=\"summary_large_image\" \/>\n<meta name=\"twitter:label1\" content=\"Est. reading time\" \/>\n\t<meta name=\"twitter:data1\" content=\"1 minute\" \/>\n<script type=\"application\/ld+json\" class=\"yoast-schema-graph\">{\"@context\":\"https:\/\/schema.org\",\"@graph\":[{\"@type\":\"WebPage\",\"@id\":\"https:\/\/test.esolutions.free2move.com\/eu\/de_lu\/giovanni-ravina\/\",\"url\":\"https:\/\/test.esolutions.free2move.com\/eu\/de_lu\/giovanni-ravina\/\",\"name\":\"Giovanni Ravina - eSolution europe\",\"isPartOf\":{\"@id\":\"https:\/\/test.esolutions.free2move.com\/eu\/en_it\/#website\"},\"datePublished\":\"2024-03-18T14:48:14+00:00\",\"breadcrumb\":{\"@id\":\"https:\/\/test.esolutions.free2move.com\/eu\/de_lu\/giovanni-ravina\/#breadcrumb\"},\"inLanguage\":\"de-lu\",\"potentialAction\":[{\"@type\":\"ReadAction\",\"target\":[\"https:\/\/test.esolutions.free2move.com\/eu\/de_lu\/giovanni-ravina\/\"]}]},{\"@type\":\"BreadcrumbList\",\"@id\":\"https:\/\/test.esolutions.free2move.com\/eu\/de_lu\/giovanni-ravina\/#breadcrumb\",\"itemListElement\":[{\"@type\":\"ListItem\",\"position\":1,\"name\":\"Home\",\"item\":\"https:\/\/test.esolutions.free2move.com\/eu\/de_lu\/\"},{\"@type\":\"ListItem\",\"position\":2,\"name\":\"Giovanni Ravina\"}]},{\"@type\":\"WebSite\",\"@id\":\"https:\/\/test.esolutions.free2move.com\/eu\/en_it\/#website\",\"url\":\"https:\/\/test.esolutions.free2move.com\/eu\/en_it\/\",\"name\":\"eSolutions europe\",\"description\":\"\",\"publisher\":{\"@id\":\"https:\/\/test.esolutions.free2move.com\/eu\/en_it\/#organization\"},\"potentialAction\":[{\"@type\":\"SearchAction\",\"target\":{\"@type\":\"EntryPoint\",\"urlTemplate\":\"https:\/\/test.esolutions.free2move.com\/eu\/en_it\/?s={search_term_string}\"},\"query-input\":{\"@type\":\"PropertyValueSpecification\",\"valueRequired\":true,\"valueName\":\"search_term_string\"}}],\"inLanguage\":\"de-lu\"},{\"@type\":\"Organization\",\"@id\":\"https:\/\/test.esolutions.free2move.com\/eu\/en_it\/#organization\",\"name\":\"eSolutions europe\",\"url\":\"https:\/\/test.esolutions.free2move.com\/eu\/en_it\/\",\"logo\":{\"@type\":\"ImageObject\",\"inLanguage\":\"de-lu\",\"@id\":\"https:\/\/test.esolutions.free2move.com\/eu\/en_it\/#\/schema\/logo\/image\/\",\"url\":\"https:\/\/www.esolutions.free2move.com\/eu\/wp-content\/uploads\/2024\/03\/logo-f2m-horizontal-1-1-1.png\",\"contentUrl\":\"https:\/\/www.esolutions.free2move.com\/eu\/wp-content\/uploads\/2024\/03\/logo-f2m-horizontal-1-1-1.png\",\"width\":865,\"height\":218,\"caption\":\"eSolutions europe\"},\"image\":{\"@id\":\"https:\/\/test.esolutions.free2move.com\/eu\/en_it\/#\/schema\/logo\/image\/\"}}]}<\/script>\n<!-- \/ Yoast SEO plugin. -->","yoast_head_json":{"title":"Giovanni Ravina - eSolution europe","robots":{"index":"index","follow":"follow","max-snippet":"max-snippet:-1","max-image-preview":"max-image-preview:large","max-video-preview":"max-video-preview:-1"},"canonical":"https:\/\/test.esolutions.free2move.com\/eu\/de_lu\/giovanni-ravina\/","og_locale":"de_DE","og_type":"article","og_title":"Giovanni Ravina - eSolution europe","og_description":"HomeGiovanni Ravina Gesch\u00e4ftsf\u00fchrender Direktor &nbsp; Giovanni Ravina kam 2018 zu NHOA (ex-Engie EPS) und ist nun Chief Executive Officer f\u00fcr Atlante Iberia. Au\u00dferdem ist er Vorstandsmitglied von Tiko Italy, TechStars-Mentor und Mitglied des SocialFare Advisory Board. Bevor er zu NHOA kam, war Giovanni Ravina Vorstandsmitglied von StreetLight Data und Opus One Solutions und verf\u00fcgte \u00fcber eine lange und best\u00e4ndige Erfahrung ... Read More","og_url":"https:\/\/test.esolutions.free2move.com\/eu\/de_lu\/giovanni-ravina\/","og_site_name":"eSolution europe","twitter_card":"summary_large_image","twitter_misc":{"Est. reading time":"1 minute"},"schema":{"@context":"https:\/\/schema.org","@graph":[{"@type":"WebPage","@id":"https:\/\/test.esolutions.free2move.com\/eu\/de_lu\/giovanni-ravina\/","url":"https:\/\/test.esolutions.free2move.com\/eu\/de_lu\/giovanni-ravina\/","name":"Giovanni Ravina - eSolution europe","isPartOf":{"@id":"https:\/\/test.esolutions.free2move.com\/eu\/en_it\/#website"},"datePublished":"2024-03-18T14:48:14+00:00","breadcrumb":{"@id":"https:\/\/test.esolutions.free2move.com\/eu\/de_lu\/giovanni-ravina\/#breadcrumb"},"inLanguage":"de-lu","potentialAction":[{"@type":"ReadAction","target":["https:\/\/test.esolutions.free2move.com\/eu\/de_lu\/giovanni-ravina\/"]}]},{"@type":"BreadcrumbList","@id":"https:\/\/test.esolutions.free2move.com\/eu\/de_lu\/giovanni-ravina\/#breadcrumb","itemListElement":[{"@type":"ListItem","position":1,"name":"Home","item":"https:\/\/test.esolutions.free2move.com\/eu\/de_lu\/"},{"@type":"ListItem","position":2,"name":"Giovanni Ravina"}]},{"@type":"WebSite","@id":"https:\/\/test.esolutions.free2move.com\/eu\/en_it\/#website","url":"https:\/\/test.esolutions.free2move.com\/eu\/en_it\/","name":"eSolutions europe","description":"","publisher":{"@id":"https:\/\/test.esolutions.free2move.com\/eu\/en_it\/#organization"},"potentialAction":[{"@type":"SearchAction","target":{"@type":"EntryPoint","urlTemplate":"https:\/\/test.esolutions.free2move.com\/eu\/en_it\/?s={search_term_string}"},"query-input":{"@type":"PropertyValueSpecification","valueRequired":true,"valueName":"search_term_string"}}],"inLanguage":"de-lu"},{"@type":"Organization","@id":"https:\/\/test.esolutions.free2move.com\/eu\/en_it\/#organization","name":"eSolutions europe","url":"https:\/\/test.esolutions.free2move.com\/eu\/en_it\/","logo":{"@type":"ImageObject","inLanguage":"de-lu","@id":"https:\/\/test.esolutions.free2move.com\/eu\/en_it\/#\/schema\/logo\/image\/","url":"https:\/\/www.esolutions.free2move.com\/eu\/wp-content\/uploads\/2024\/03\/logo-f2m-horizontal-1-1-1.png","contentUrl":"https:\/\/www.esolutions.free2move.com\/eu\/wp-content\/uploads\/2024\/03\/logo-f2m-horizontal-1-1-1.png","width":865,"height":218,"caption":"eSolutions europe"},"image":{"@id":"https:\/\/test.esolutions.free2move.com\/eu\/en_it\/#\/schema\/logo\/image\/"}}]}},"_links":{"self":[{"href":"https:\/\/test.esolutions.free2move.com\/eu\/de_lu\/wp-json\/wp\/v2\/pages\/50610","targetHints":{"allow":["GET"]}}],"collection":[{"href":"https:\/\/test.esolutions.free2move.com\/eu\/de_lu\/wp-json\/wp\/v2\/pages"}],"about":[{"href":"https:\/\/test.esolutions.free2move.com\/eu\/de_lu\/wp-json\/wp\/v2\/types\/page"}],"author":[{"embeddable":true,"href":"https:\/\/test.esolutions.free2move.com\/eu\/de_lu\/wp-json\/wp\/v2\/users\/1"}],"replies":[{"embeddable":true,"href":"https:\/\/test.esolutions.free2move.com\/eu\/de_lu\/wp-json\/wp\/v2\/comments?post=50610"}],"version-history":[{"count":0,"href":"https:\/\/test.esolutions.free2move.com\/eu\/de_lu\/wp-json\/wp\/v2\/pages\/50610\/revisions"}],"up":[{"embeddable":true,"href":"https:\/\/test.esolutions.free2move.com\/eu\/de_lu\/wp-json\/wp\/v2\/pages\/50618"}],"wp:attachment":[{"href":"https:\/\/test.esolutions.free2move.com\/eu\/de_lu\/wp-json\/wp\/v2\/media?parent=50610"}],"curies":[{"name":"wp","href":"https:\/\/api.w.org\/{rel}","templated":true}]}}