{"id":50614,"date":"2024-03-18T14:43:47","date_gmt":"2024-03-18T14:43:47","guid":{"rendered":"https:\/\/test.esolutions.free2move.com\/eu\/carlalberto-guglielminotti\/"},"modified":"2024-03-18T14:43:47","modified_gmt":"2024-03-18T14:43:47","slug":"carlalberto-guglielminotti","status":"publish","type":"page","link":"https:\/\/test.esolutions.free2move.com\/eu\/de_lu\/governance-und-ethik\/carlalberto-guglielminotti\/","title":{"rendered":"Carlalberto Guglielminotti"},"content":{"rendered":"<div id=\"cs-content\" class=\"cs-content\"><nav class=\"x-crumbs e12593-e1 m9pt-0\" role=\"navigation\"><ol class=\"x-crumbs-list\" itemscope=\"\" itemtype=\"http:\/\/schema.org\/BreadcrumbList\" aria-label=\"Breadcrumb Navigation\"><li class=\"x-crumbs-list-item\" itemprop=\"itemListElement\" itemscope itemtype=\"http:\/\/schema.org\/ListItem\"><a class=\"x-crumbs-current x-crumbs-link\" itemtype=\"http:\/\/schema.org\/Thing\" itemprop=\"item\" href=\"https:\/\/test.esolutions.free2move.com\/eu\/de_lu\/\" title=\"You Are Here\"><span itemprop=\"name\">Home<\/span><\/a><meta itemprop=\"position\" content=\"1\"><\/li><\/ol><\/nav><div class=\"x-section e12593-e2 m9pt-1\"><div class=\"x-row x-container max width e12593-e3 m9pt-2 m9pt-3 m9pt-5 m9pt-6\"><div class=\"x-row-inner\"><div class=\"x-col e12593-e4 m9pt-8 m9pt-9 m9pt-a m9pt-b\"><span class=\"x-image e12593-e5 m9pt-f\"><img decoding=\"async\" src=\"https:\/\/test.esolutions.free2move.com\/eu\/wp-content\/uploads\/2024\/03\/GovernanceEthics_Carlalberto-Guglielminotti-copia-1.jpg\" width=\"146\" height=\"134\" alt=\"Image\" loading=\"lazy\"><\/span><\/div><div class=\"x-col e12593-e6 m9pt-8 m9pt-a m9pt-c m9pt-d es_gap\"><div class=\"x-row e12593-e7 m9pt-3 m9pt-4 m9pt-5 m9pt-7\"><div class=\"x-row-inner\"><div class=\"x-col e12593-e8 m9pt-8 m9pt-9 m9pt-d m9pt-e es_gap\"><div class=\"x-text x-text-headline e12593-e9 m9pt-g\"><div class=\"x-text-content\"><div class=\"x-text-content-text\"><h2 class=\"x-text-content-text-primary\">Carlalberto Guglielminotti<\/h2><\/div><\/div><\/div><div class=\"x-text x-content e12593-e10 m9pt-h\"><div class=\"ewa-rteLine\"><strong>Gesch\u00e4ftsf\u00fchrender Vorsitzender<\/strong><\/div>\n<div class=\"ewa-rteLine\">&nbsp;<\/div>\n<div class=\"ewa-rteLine\">\n<div class=\"ewa-rteLine\">Carlalberto Guglielminotti ist Vorstandsvorsitzender von NHOA (NHOA.PA), ehemals Engie EPS, und seit Mai 2021 ist er auch Vorstandsvorsitzender von Free2move eSolutions.<\/div>\n<div class=\"ewa-rteLine\">Er ist ein Young Global Leader des Weltwirtschaftsforums 2020, Botschafter der Theodora-Stiftung und Generalsekret\u00e4r der Ciolina-Stiftung.<\/div>\n<div class=\"ewa-rteLine\">Er ist au\u00dferdem Vorsitzender von Atlante, Mitglied des Verwaltungsrats des Institute for International Political Studies (ISPI) und des wissenschaftlichen Ausschusses von Leadersel Innotech ESG (Ersel). Dar\u00fcber hinaus ist er Partner und Vorstandsvorsitzender der Beratungsgesellschaft 360 Capital, einer Risikokapitalgesellschaft mit einem verwalteten Verm\u00f6gen von 400 Millionen Euro.<\/div>\n<div class=\"ewa-rteLine\">Guglielminotti besitzt einen MBA der SDA Bocconi, er hat sich in den USA (Stanford University und European School of Economics), in Israel in Philosophie (Universit\u00e4t Haifa), in Frankreich mit einem LL.B. (Universit\u00e9 Paris V) und in Italien mit einem JD summa cum laude (Universit\u00e4t Turin) spezialisiert.<\/div>\n<\/div><\/div><\/div><\/div><\/div><\/div><\/div><\/div><\/div><\/div>\n","protected":false},"excerpt":{"rendered":"<p>HomeCarlalberto GuglielminottiGesch\u00e4ftsf\u00fchrender Vorsitzender &nbsp; Carlalberto Guglielminotti ist Vorstandsvorsitzender von NHOA (NHOA.PA), ehemals Engie EPS, und seit Mai 2021 ist er auch Vorstandsvorsitzender von Free2move eSolutions. Er ist ein Young Global Leader des Weltwirtschaftsforums 2020, Botschafter der Theodora-Stiftung und Generalsekret\u00e4r der Ciolina-Stiftung. Er ist au\u00dferdem Vorsitzender von Atlante, Mitglied des Verwaltungsrats des Institute for International Political Studies (ISPI) und des wissenschaftlichen &#8230; <\/p>\n<div><a href=\"https:\/\/test.esolutions.free2move.com\/eu\/de_lu\/governance-und-ethik\/carlalberto-guglielminotti\/\" class=\"more-link\">Read More<\/a><\/div>\n","protected":false},"author":1,"featured_media":0,"parent":50618,"menu_order":0,"comment_status":"closed","ping_status":"closed","template":"template-blank-4.php","meta":{"_acf_changed":false,"inline_featured_image":false,"footnotes":""},"class_list":["post-50614","page","type-page","status-publish","hentry","no-post-thumbnail"],"acf":[],"yoast_head":"<!-- This site is optimized with the Yoast SEO plugin v24.4 - https:\/\/yoast.com\/wordpress\/plugins\/seo\/ -->\n<title>Carlalberto Guglielminotti - eSolution europe<\/title>\n<meta name=\"robots\" content=\"index, follow, max-snippet:-1, max-image-preview:large, max-video-preview:-1\" \/>\n<link rel=\"canonical\" href=\"https:\/\/test.esolutions.free2move.com\/eu\/de_lu\/carlalberto-guglielminotti\/\" \/>\n<meta property=\"og:locale\" content=\"de_DE\" \/>\n<meta property=\"og:type\" content=\"article\" \/>\n<meta property=\"og:title\" content=\"Carlalberto Guglielminotti - eSolution europe\" \/>\n<meta property=\"og:description\" content=\"HomeCarlalberto GuglielminottiGesch\u00e4ftsf\u00fchrender Vorsitzender &nbsp; Carlalberto Guglielminotti ist Vorstandsvorsitzender von NHOA (NHOA.PA), ehemals Engie EPS, und seit Mai 2021 ist er auch Vorstandsvorsitzender von Free2move eSolutions. Er ist ein Young Global Leader des Weltwirtschaftsforums 2020, Botschafter der Theodora-Stiftung und Generalsekret\u00e4r der Ciolina-Stiftung. Er ist au\u00dferdem Vorsitzender von Atlante, Mitglied des Verwaltungsrats des Institute for International Political Studies (ISPI) und des wissenschaftlichen ... Read More\" \/>\n<meta property=\"og:url\" content=\"https:\/\/test.esolutions.free2move.com\/eu\/de_lu\/carlalberto-guglielminotti\/\" \/>\n<meta property=\"og:site_name\" content=\"eSolution europe\" \/>\n<meta name=\"twitter:card\" content=\"summary_large_image\" \/>\n<meta name=\"twitter:label1\" content=\"Est. reading time\" \/>\n\t<meta name=\"twitter:data1\" content=\"1 minute\" \/>\n<script type=\"application\/ld+json\" class=\"yoast-schema-graph\">{\"@context\":\"https:\/\/schema.org\",\"@graph\":[{\"@type\":\"WebPage\",\"@id\":\"https:\/\/test.esolutions.free2move.com\/eu\/de_lu\/carlalberto-guglielminotti\/\",\"url\":\"https:\/\/test.esolutions.free2move.com\/eu\/de_lu\/carlalberto-guglielminotti\/\",\"name\":\"Carlalberto Guglielminotti - eSolution europe\",\"isPartOf\":{\"@id\":\"https:\/\/test.esolutions.free2move.com\/eu\/en_it\/#website\"},\"datePublished\":\"2024-03-18T14:43:47+00:00\",\"breadcrumb\":{\"@id\":\"https:\/\/test.esolutions.free2move.com\/eu\/de_lu\/carlalberto-guglielminotti\/#breadcrumb\"},\"inLanguage\":\"de-lu\",\"potentialAction\":[{\"@type\":\"ReadAction\",\"target\":[\"https:\/\/test.esolutions.free2move.com\/eu\/de_lu\/carlalberto-guglielminotti\/\"]}]},{\"@type\":\"BreadcrumbList\",\"@id\":\"https:\/\/test.esolutions.free2move.com\/eu\/de_lu\/carlalberto-guglielminotti\/#breadcrumb\",\"itemListElement\":[{\"@type\":\"ListItem\",\"position\":1,\"name\":\"Home\",\"item\":\"https:\/\/test.esolutions.free2move.com\/eu\/de_lu\/\"},{\"@type\":\"ListItem\",\"position\":2,\"name\":\"Carlalberto Guglielminotti\"}]},{\"@type\":\"WebSite\",\"@id\":\"https:\/\/test.esolutions.free2move.com\/eu\/en_it\/#website\",\"url\":\"https:\/\/test.esolutions.free2move.com\/eu\/en_it\/\",\"name\":\"eSolutions europe\",\"description\":\"\",\"publisher\":{\"@id\":\"https:\/\/test.esolutions.free2move.com\/eu\/en_it\/#organization\"},\"potentialAction\":[{\"@type\":\"SearchAction\",\"target\":{\"@type\":\"EntryPoint\",\"urlTemplate\":\"https:\/\/test.esolutions.free2move.com\/eu\/en_it\/?s={search_term_string}\"},\"query-input\":{\"@type\":\"PropertyValueSpecification\",\"valueRequired\":true,\"valueName\":\"search_term_string\"}}],\"inLanguage\":\"de-lu\"},{\"@type\":\"Organization\",\"@id\":\"https:\/\/test.esolutions.free2move.com\/eu\/en_it\/#organization\",\"name\":\"eSolutions europe\",\"url\":\"https:\/\/test.esolutions.free2move.com\/eu\/en_it\/\",\"logo\":{\"@type\":\"ImageObject\",\"inLanguage\":\"de-lu\",\"@id\":\"https:\/\/test.esolutions.free2move.com\/eu\/en_it\/#\/schema\/logo\/image\/\",\"url\":\"https:\/\/www.esolutions.free2move.com\/eu\/wp-content\/uploads\/2024\/03\/logo-f2m-horizontal-1-1-1.png\",\"contentUrl\":\"https:\/\/www.esolutions.free2move.com\/eu\/wp-content\/uploads\/2024\/03\/logo-f2m-horizontal-1-1-1.png\",\"width\":865,\"height\":218,\"caption\":\"eSolutions europe\"},\"image\":{\"@id\":\"https:\/\/test.esolutions.free2move.com\/eu\/en_it\/#\/schema\/logo\/image\/\"}}]}<\/script>\n<!-- \/ Yoast SEO plugin. -->","yoast_head_json":{"title":"Carlalberto Guglielminotti - eSolution europe","robots":{"index":"index","follow":"follow","max-snippet":"max-snippet:-1","max-image-preview":"max-image-preview:large","max-video-preview":"max-video-preview:-1"},"canonical":"https:\/\/test.esolutions.free2move.com\/eu\/de_lu\/carlalberto-guglielminotti\/","og_locale":"de_DE","og_type":"article","og_title":"Carlalberto Guglielminotti - eSolution europe","og_description":"HomeCarlalberto GuglielminottiGesch\u00e4ftsf\u00fchrender Vorsitzender &nbsp; Carlalberto Guglielminotti ist Vorstandsvorsitzender von NHOA (NHOA.PA), ehemals Engie EPS, und seit Mai 2021 ist er auch Vorstandsvorsitzender von Free2move eSolutions. Er ist ein Young Global Leader des Weltwirtschaftsforums 2020, Botschafter der Theodora-Stiftung und Generalsekret\u00e4r der Ciolina-Stiftung. Er ist au\u00dferdem Vorsitzender von Atlante, Mitglied des Verwaltungsrats des Institute for International Political Studies (ISPI) und des wissenschaftlichen ... Read More","og_url":"https:\/\/test.esolutions.free2move.com\/eu\/de_lu\/carlalberto-guglielminotti\/","og_site_name":"eSolution europe","twitter_card":"summary_large_image","twitter_misc":{"Est. reading time":"1 minute"},"schema":{"@context":"https:\/\/schema.org","@graph":[{"@type":"WebPage","@id":"https:\/\/test.esolutions.free2move.com\/eu\/de_lu\/carlalberto-guglielminotti\/","url":"https:\/\/test.esolutions.free2move.com\/eu\/de_lu\/carlalberto-guglielminotti\/","name":"Carlalberto Guglielminotti - eSolution europe","isPartOf":{"@id":"https:\/\/test.esolutions.free2move.com\/eu\/en_it\/#website"},"datePublished":"2024-03-18T14:43:47+00:00","breadcrumb":{"@id":"https:\/\/test.esolutions.free2move.com\/eu\/de_lu\/carlalberto-guglielminotti\/#breadcrumb"},"inLanguage":"de-lu","potentialAction":[{"@type":"ReadAction","target":["https:\/\/test.esolutions.free2move.com\/eu\/de_lu\/carlalberto-guglielminotti\/"]}]},{"@type":"BreadcrumbList","@id":"https:\/\/test.esolutions.free2move.com\/eu\/de_lu\/carlalberto-guglielminotti\/#breadcrumb","itemListElement":[{"@type":"ListItem","position":1,"name":"Home","item":"https:\/\/test.esolutions.free2move.com\/eu\/de_lu\/"},{"@type":"ListItem","position":2,"name":"Carlalberto Guglielminotti"}]},{"@type":"WebSite","@id":"https:\/\/test.esolutions.free2move.com\/eu\/en_it\/#website","url":"https:\/\/test.esolutions.free2move.com\/eu\/en_it\/","name":"eSolutions europe","description":"","publisher":{"@id":"https:\/\/test.esolutions.free2move.com\/eu\/en_it\/#organization"},"potentialAction":[{"@type":"SearchAction","target":{"@type":"EntryPoint","urlTemplate":"https:\/\/test.esolutions.free2move.com\/eu\/en_it\/?s={search_term_string}"},"query-input":{"@type":"PropertyValueSpecification","valueRequired":true,"valueName":"search_term_string"}}],"inLanguage":"de-lu"},{"@type":"Organization","@id":"https:\/\/test.esolutions.free2move.com\/eu\/en_it\/#organization","name":"eSolutions europe","url":"https:\/\/test.esolutions.free2move.com\/eu\/en_it\/","logo":{"@type":"ImageObject","inLanguage":"de-lu","@id":"https:\/\/test.esolutions.free2move.com\/eu\/en_it\/#\/schema\/logo\/image\/","url":"https:\/\/www.esolutions.free2move.com\/eu\/wp-content\/uploads\/2024\/03\/logo-f2m-horizontal-1-1-1.png","contentUrl":"https:\/\/www.esolutions.free2move.com\/eu\/wp-content\/uploads\/2024\/03\/logo-f2m-horizontal-1-1-1.png","width":865,"height":218,"caption":"eSolutions europe"},"image":{"@id":"https:\/\/test.esolutions.free2move.com\/eu\/en_it\/#\/schema\/logo\/image\/"}}]}},"_links":{"self":[{"href":"https:\/\/test.esolutions.free2move.com\/eu\/de_lu\/wp-json\/wp\/v2\/pages\/50614","targetHints":{"allow":["GET"]}}],"collection":[{"href":"https:\/\/test.esolutions.free2move.com\/eu\/de_lu\/wp-json\/wp\/v2\/pages"}],"about":[{"href":"https:\/\/test.esolutions.free2move.com\/eu\/de_lu\/wp-json\/wp\/v2\/types\/page"}],"author":[{"embeddable":true,"href":"https:\/\/test.esolutions.free2move.com\/eu\/de_lu\/wp-json\/wp\/v2\/users\/1"}],"replies":[{"embeddable":true,"href":"https:\/\/test.esolutions.free2move.com\/eu\/de_lu\/wp-json\/wp\/v2\/comments?post=50614"}],"version-history":[{"count":0,"href":"https:\/\/test.esolutions.free2move.com\/eu\/de_lu\/wp-json\/wp\/v2\/pages\/50614\/revisions"}],"up":[{"embeddable":true,"href":"https:\/\/test.esolutions.free2move.com\/eu\/de_lu\/wp-json\/wp\/v2\/pages\/50618"}],"wp:attachment":[{"href":"https:\/\/test.esolutions.free2move.com\/eu\/de_lu\/wp-json\/wp\/v2\/media?parent=50614"}],"curies":[{"name":"wp","href":"https:\/\/api.w.org\/{rel}","templated":true}]}}