{"id":50249,"date":"2024-03-19T11:41:27","date_gmt":"2024-03-19T11:41:27","guid":{"rendered":"https:\/\/test.esolutions.free2move.com\/eu\/politica-de-cookies\/"},"modified":"2024-03-19T11:41:27","modified_gmt":"2024-03-19T11:41:27","slug":"politica-de-cookies","status":"publish","type":"page","link":"https:\/\/test.esolutions.free2move.com\/eu\/es_es\/politica-de-cookies\/","title":{"rendered":"Pol\u00edtica de cookies"},"content":{"rendered":"<div id=\"cs-content\" class=\"cs-content\"><nav class=\"x-crumbs e12529-e1 m9o1-0\" role=\"navigation\"><ol class=\"x-crumbs-list\" itemscope=\"\" itemtype=\"http:\/\/schema.org\/BreadcrumbList\" aria-label=\"Breadcrumb Navigation\"><li class=\"x-crumbs-list-item\" itemprop=\"itemListElement\" itemscope itemtype=\"http:\/\/schema.org\/ListItem\"><a class=\"x-crumbs-current x-crumbs-link\" itemtype=\"http:\/\/schema.org\/Thing\" itemprop=\"item\" href=\"https:\/\/test.esolutions.free2move.com\/eu\/es_es\/\" title=\"You Are Here\"><span itemprop=\"name\">Home<\/span><\/a><meta itemprop=\"position\" content=\"1\"><\/li><\/ol><\/nav><div class=\"x-section e12529-e2 m9o1-1\"><div class=\"x-row x-container max width e12529-e3 m9o1-2 m9o1-3 m9o1-5 m9o1-6\"><div class=\"x-row-inner\"><div class=\"x-col e12529-e4 m9o1-8 m9o1-9 es_gap\"><div class=\"x-row e12529-e5 m9o1-3 m9o1-4 m9o1-5 m9o1-7\"><div class=\"x-row-inner\"><div class=\"x-col e12529-e6 m9o1-8 m9o1-a es_gap\"><div class=\"x-text x-text-headline e12529-e7 m9o1-b\"><div class=\"x-text-content\"><div class=\"x-text-content-text\"><h2 class=\"x-text-content-text-primary\">Pol\u00edtica de cookies<\/h2><\/div><\/div><\/div><div class=\"x-text x-content e12529-e8 m9o1-c\"><p><strong>\u00bfQu\u00e9 son las cookies?<\/strong><br>Las cookies son peque\u00f1os archivos de texto que se almacenan en su ordenador o dispositivo m\u00f3vil cuando visita nuestro sitio web.<\/p>\n<p><strong>Por qu\u00e9 utilizamos cookies<\/strong><br>Utilizamos cookies para ofrecerle la mejor experiencia en nuestro sitio web. Nuestro sitio web utiliza cookies, que podr\u00edan incluir tambi\u00e9n cookies de terceros, para enviarle publicidad que sea relevante para usted.<\/p>\n<p><strong>\u00bfSon todas las galletas iguales?<\/strong><br>Las cookies se pueden clasificar de la siguiente manera.<\/p>\n<ul>\n<li><em>Cookies de sesi\u00f3n.&nbsp;<\/em>Estas cookies se borran autom\u00e1ticamente al cerrar el navegador.<\/li>\n<li><em>Cookies persistentes.<\/em>&nbsp;Estas cookies permanecen en su dispositivo hasta que caducan (en t\u00e9rminos de minutos, d\u00edas o a\u00f1os desde la creaci\u00f3n\/actualizaci\u00f3n de la cookie).<\/li>\n<li><em>Cookies de terceros.&nbsp;<\/em>Estas cookies se almacenan en nombre de terceros.<br>Las cookies pueden gestionarse y eliminarse configurando su navegador. Sin embargo, esto puede impedirle utilizar correctamente determinadas funciones de nuestro sitio web.<\/li>\n<\/ul>\n<p>Para m\u00e1s informaci\u00f3n, visite&nbsp;<a href=\"http:\/\/www.aboutcookies.org\/\" target=\"_blank\" rel=\"noopener\">www.aboutcookies.org&nbsp;<\/a>o&nbsp;<a href=\"http:\/\/www.allaboutcookies.org\/\" target=\"_blank\" rel=\"noopener\">www.allaboutcookies.org&nbsp;<\/a>.<\/p>\n<p><strong>\u00bfC\u00f3mo puede ponerse en contacto con nosotros?<\/strong><em><br><\/em>Los datos de contacto del responsable del tratamiento y los datos contractuales del responsable de la protecci\u00f3n de datos figuran en la Pol\u00edtica de privacidad de nuestro sitio web.<\/p>\n<p><strong>C\u00f3mo saber m\u00e1s sobre el tratamiento de datos personales en el sitio web<\/strong><br>Para saber m\u00e1s sobre el tratamiento de datos personales puede acceder a la p\u00e1gina web Pol\u00edtica de privacidad.<\/p>\n<p><strong>C\u00f3mo gestionar las cookies en nuestro sitio web<\/strong><em>\n  <br>\n<\/em>Para ofrecerle la mejor experiencia en la gesti\u00f3n de cookies, clasificamos las cookies de este sitio web en cuatro categor\u00edas, en funci\u00f3n de su finalidad: t\u00e9cnicamente necesarias, comodidad, rendimiento, publicidad.<\/p>\n<p>Puede activar y desactivar directamente desde este sitio web cada una de las categor\u00edas de cookies mencionadas (con la \u00fanica excepci\u00f3n de las cookies t\u00e9cnicamente necesarias, que son estrictamente necesarias). En el caso de las cookies de terceros, este sitio web no las utilizar\u00e1 despu\u00e9s de desactivarlas (no podemos eliminarlas).<\/p>\n<ul>\n<li>T\u00e9cnicamente necesarias: Estas cookies son esenciales para que los sitios web y sus funciones funcionen correctamente. Por ejemplo: cookies de autenticaci\u00f3n.<\/li>\n<li>Comodidad: Estas cookies nos permiten mejorar la comodidad y la usabilidad de los sitios web y proporcionar diversas funciones. Por ejemplo: las cookies de funcionalidad pueden utilizarse para almacenar resultados de b\u00fasqueda, idioma, dimensiones de caracteres.<\/li>\n<li>Rendimiento: Estas cookies recopilan informaci\u00f3n sobre c\u00f3mo utiliza los sitios web. Las cookies de rendimiento nos ayudan, por ejemplo, a identificar \u00e1reas especialmente populares de nuestro sitio web. De este modo, podemos adaptar el contenido de nuestros sitios web m\u00e1s espec\u00edficamente a sus necesidades.<\/li>\n<li>Publicidad: Estas cookies se utilizan para enviar publicidad e informaci\u00f3n promocional que sea relevante para usted, por ejemplo, en funci\u00f3n de las p\u00e1ginas web que ha visitado.<\/li>\n<\/ul><\/div><\/div><\/div><\/div><\/div><\/div><\/div><\/div><\/div>\n","protected":false},"excerpt":{"rendered":"<p>HomePol\u00edtica de cookies\u00bfQu\u00e9 son las cookies?Las cookies son peque\u00f1os archivos de texto que se almacenan en su ordenador o dispositivo m\u00f3vil cuando visita nuestro sitio web. Por qu\u00e9 utilizamos cookiesUtilizamos cookies para ofrecerle la mejor experiencia en nuestro sitio web. Nuestro sitio web utiliza cookies, que podr\u00edan incluir tambi\u00e9n cookies de terceros, para enviarle publicidad que sea relevante para usted. &#8230; <\/p>\n<div><a href=\"https:\/\/test.esolutions.free2move.com\/eu\/es_es\/politica-de-cookies\/\" class=\"more-link\">Read More<\/a><\/div>\n","protected":false},"author":1,"featured_media":0,"parent":0,"menu_order":0,"comment_status":"closed","ping_status":"closed","template":"template-blank-4.php","meta":{"_acf_changed":false,"inline_featured_image":false,"footnotes":""},"class_list":["post-50249","page","type-page","status-publish","hentry","no-post-thumbnail"],"acf":[],"yoast_head":"<!-- This site is optimized with the Yoast SEO plugin v24.4 - https:\/\/yoast.com\/wordpress\/plugins\/seo\/ -->\n<title>Pol\u00edtica de cookies | Free2move eSolutions<\/title>\n<meta name=\"robots\" content=\"index, follow, max-snippet:-1, max-image-preview:large, max-video-preview:-1\" \/>\n<link rel=\"canonical\" href=\"https:\/\/test.esolutions.free2move.com\/eu\/es_es\/politica-de-cookies\/\" \/>\n<meta property=\"og:locale\" content=\"es_ES\" \/>\n<meta property=\"og:type\" content=\"article\" \/>\n<meta property=\"og:title\" content=\"Pol\u00edtica de cookies | Free2move eSolutions\" \/>\n<meta property=\"og:description\" content=\"HomePol\u00edtica de cookies\u00bfQu\u00e9 son las cookies?Las cookies son peque\u00f1os archivos de texto que se almacenan en su ordenador o dispositivo m\u00f3vil cuando visita nuestro sitio web. Por qu\u00e9 utilizamos cookiesUtilizamos cookies para ofrecerle la mejor experiencia en nuestro sitio web. Nuestro sitio web utiliza cookies, que podr\u00edan incluir tambi\u00e9n cookies de terceros, para enviarle publicidad que sea relevante para usted. ... Read More\" \/>\n<meta property=\"og:url\" content=\"https:\/\/test.esolutions.free2move.com\/eu\/es_es\/politica-de-cookies\/\" \/>\n<meta property=\"og:site_name\" content=\"eSolution europe\" \/>\n<meta name=\"twitter:card\" content=\"summary_large_image\" \/>\n<meta name=\"twitter:label1\" content=\"Est. reading time\" \/>\n\t<meta name=\"twitter:data1\" content=\"3 minutes\" \/>\n<script type=\"application\/ld+json\" class=\"yoast-schema-graph\">{\"@context\":\"https:\/\/schema.org\",\"@graph\":[{\"@type\":\"WebPage\",\"@id\":\"https:\/\/test.esolutions.free2move.com\/eu\/es_es\/politica-de-cookies\/\",\"url\":\"https:\/\/test.esolutions.free2move.com\/eu\/es_es\/politica-de-cookies\/\",\"name\":\"Pol\u00edtica de cookies | Free2move eSolutions\",\"isPartOf\":{\"@id\":\"https:\/\/test.esolutions.free2move.com\/eu\/en_it\/#website\"},\"datePublished\":\"2024-03-19T11:41:27+00:00\",\"breadcrumb\":{\"@id\":\"https:\/\/test.esolutions.free2move.com\/eu\/es_es\/politica-de-cookies\/#breadcrumb\"},\"inLanguage\":\"es\",\"potentialAction\":[{\"@type\":\"ReadAction\",\"target\":[\"https:\/\/test.esolutions.free2move.com\/eu\/es_es\/politica-de-cookies\/\"]}]},{\"@type\":\"BreadcrumbList\",\"@id\":\"https:\/\/test.esolutions.free2move.com\/eu\/es_es\/politica-de-cookies\/#breadcrumb\",\"itemListElement\":[{\"@type\":\"ListItem\",\"position\":1,\"name\":\"Home\",\"item\":\"https:\/\/test.esolutions.free2move.com\/eu\/es_es\/\"},{\"@type\":\"ListItem\",\"position\":2,\"name\":\"Pol\u00edtica de cookies\"}]},{\"@type\":\"WebSite\",\"@id\":\"https:\/\/test.esolutions.free2move.com\/eu\/en_it\/#website\",\"url\":\"https:\/\/test.esolutions.free2move.com\/eu\/en_it\/\",\"name\":\"eSolutions europe\",\"description\":\"\",\"publisher\":{\"@id\":\"https:\/\/test.esolutions.free2move.com\/eu\/en_it\/#organization\"},\"potentialAction\":[{\"@type\":\"SearchAction\",\"target\":{\"@type\":\"EntryPoint\",\"urlTemplate\":\"https:\/\/test.esolutions.free2move.com\/eu\/en_it\/?s={search_term_string}\"},\"query-input\":{\"@type\":\"PropertyValueSpecification\",\"valueRequired\":true,\"valueName\":\"search_term_string\"}}],\"inLanguage\":\"es\"},{\"@type\":\"Organization\",\"@id\":\"https:\/\/test.esolutions.free2move.com\/eu\/en_it\/#organization\",\"name\":\"eSolutions europe\",\"url\":\"https:\/\/test.esolutions.free2move.com\/eu\/en_it\/\",\"logo\":{\"@type\":\"ImageObject\",\"inLanguage\":\"es\",\"@id\":\"https:\/\/test.esolutions.free2move.com\/eu\/en_it\/#\/schema\/logo\/image\/\",\"url\":\"https:\/\/www.esolutions.free2move.com\/eu\/wp-content\/uploads\/2024\/03\/logo-f2m-horizontal-1-1-1.png\",\"contentUrl\":\"https:\/\/www.esolutions.free2move.com\/eu\/wp-content\/uploads\/2024\/03\/logo-f2m-horizontal-1-1-1.png\",\"width\":865,\"height\":218,\"caption\":\"eSolutions europe\"},\"image\":{\"@id\":\"https:\/\/test.esolutions.free2move.com\/eu\/en_it\/#\/schema\/logo\/image\/\"}}]}<\/script>\n<!-- \/ Yoast SEO plugin. -->","yoast_head_json":{"title":"Pol\u00edtica de cookies | Free2move eSolutions","robots":{"index":"index","follow":"follow","max-snippet":"max-snippet:-1","max-image-preview":"max-image-preview:large","max-video-preview":"max-video-preview:-1"},"canonical":"https:\/\/test.esolutions.free2move.com\/eu\/es_es\/politica-de-cookies\/","og_locale":"es_ES","og_type":"article","og_title":"Pol\u00edtica de cookies | Free2move eSolutions","og_description":"HomePol\u00edtica de cookies\u00bfQu\u00e9 son las cookies?Las cookies son peque\u00f1os archivos de texto que se almacenan en su ordenador o dispositivo m\u00f3vil cuando visita nuestro sitio web. Por qu\u00e9 utilizamos cookiesUtilizamos cookies para ofrecerle la mejor experiencia en nuestro sitio web. Nuestro sitio web utiliza cookies, que podr\u00edan incluir tambi\u00e9n cookies de terceros, para enviarle publicidad que sea relevante para usted. ... Read More","og_url":"https:\/\/test.esolutions.free2move.com\/eu\/es_es\/politica-de-cookies\/","og_site_name":"eSolution europe","twitter_card":"summary_large_image","twitter_misc":{"Est. reading time":"3 minutes"},"schema":{"@context":"https:\/\/schema.org","@graph":[{"@type":"WebPage","@id":"https:\/\/test.esolutions.free2move.com\/eu\/es_es\/politica-de-cookies\/","url":"https:\/\/test.esolutions.free2move.com\/eu\/es_es\/politica-de-cookies\/","name":"Pol\u00edtica de cookies | Free2move eSolutions","isPartOf":{"@id":"https:\/\/test.esolutions.free2move.com\/eu\/en_it\/#website"},"datePublished":"2024-03-19T11:41:27+00:00","breadcrumb":{"@id":"https:\/\/test.esolutions.free2move.com\/eu\/es_es\/politica-de-cookies\/#breadcrumb"},"inLanguage":"es","potentialAction":[{"@type":"ReadAction","target":["https:\/\/test.esolutions.free2move.com\/eu\/es_es\/politica-de-cookies\/"]}]},{"@type":"BreadcrumbList","@id":"https:\/\/test.esolutions.free2move.com\/eu\/es_es\/politica-de-cookies\/#breadcrumb","itemListElement":[{"@type":"ListItem","position":1,"name":"Home","item":"https:\/\/test.esolutions.free2move.com\/eu\/es_es\/"},{"@type":"ListItem","position":2,"name":"Pol\u00edtica de cookies"}]},{"@type":"WebSite","@id":"https:\/\/test.esolutions.free2move.com\/eu\/en_it\/#website","url":"https:\/\/test.esolutions.free2move.com\/eu\/en_it\/","name":"eSolutions europe","description":"","publisher":{"@id":"https:\/\/test.esolutions.free2move.com\/eu\/en_it\/#organization"},"potentialAction":[{"@type":"SearchAction","target":{"@type":"EntryPoint","urlTemplate":"https:\/\/test.esolutions.free2move.com\/eu\/en_it\/?s={search_term_string}"},"query-input":{"@type":"PropertyValueSpecification","valueRequired":true,"valueName":"search_term_string"}}],"inLanguage":"es"},{"@type":"Organization","@id":"https:\/\/test.esolutions.free2move.com\/eu\/en_it\/#organization","name":"eSolutions europe","url":"https:\/\/test.esolutions.free2move.com\/eu\/en_it\/","logo":{"@type":"ImageObject","inLanguage":"es","@id":"https:\/\/test.esolutions.free2move.com\/eu\/en_it\/#\/schema\/logo\/image\/","url":"https:\/\/www.esolutions.free2move.com\/eu\/wp-content\/uploads\/2024\/03\/logo-f2m-horizontal-1-1-1.png","contentUrl":"https:\/\/www.esolutions.free2move.com\/eu\/wp-content\/uploads\/2024\/03\/logo-f2m-horizontal-1-1-1.png","width":865,"height":218,"caption":"eSolutions europe"},"image":{"@id":"https:\/\/test.esolutions.free2move.com\/eu\/en_it\/#\/schema\/logo\/image\/"}}]}},"_links":{"self":[{"href":"https:\/\/test.esolutions.free2move.com\/eu\/es_es\/wp-json\/wp\/v2\/pages\/50249","targetHints":{"allow":["GET"]}}],"collection":[{"href":"https:\/\/test.esolutions.free2move.com\/eu\/es_es\/wp-json\/wp\/v2\/pages"}],"about":[{"href":"https:\/\/test.esolutions.free2move.com\/eu\/es_es\/wp-json\/wp\/v2\/types\/page"}],"author":[{"embeddable":true,"href":"https:\/\/test.esolutions.free2move.com\/eu\/es_es\/wp-json\/wp\/v2\/users\/1"}],"replies":[{"embeddable":true,"href":"https:\/\/test.esolutions.free2move.com\/eu\/es_es\/wp-json\/wp\/v2\/comments?post=50249"}],"version-history":[{"count":0,"href":"https:\/\/test.esolutions.free2move.com\/eu\/es_es\/wp-json\/wp\/v2\/pages\/50249\/revisions"}],"wp:attachment":[{"href":"https:\/\/test.esolutions.free2move.com\/eu\/es_es\/wp-json\/wp\/v2\/media?parent=50249"}],"curies":[{"name":"wp","href":"https:\/\/api.w.org\/{rel}","templated":true}]}}