{"id":50259,"date":"2024-03-18T14:48:14","date_gmt":"2024-03-18T14:48:14","guid":{"rendered":"https:\/\/test.esolutions.free2move.com\/eu\/giovanni-ravina\/"},"modified":"2024-03-18T14:48:14","modified_gmt":"2024-03-18T14:48:14","slug":"giovanni-ravina","status":"publish","type":"page","link":"https:\/\/test.esolutions.free2move.com\/eu\/es_es\/gobernanza-y-etica\/giovanni-ravina\/","title":{"rendered":"Giovanni Ravina"},"content":{"rendered":"<div id=\"cs-content\" class=\"cs-content\"><nav class=\"x-crumbs e12625-e1 m9qp-0\" role=\"navigation\"><ol class=\"x-crumbs-list\" itemscope=\"\" itemtype=\"http:\/\/schema.org\/BreadcrumbList\" aria-label=\"Breadcrumb Navigation\"><li class=\"x-crumbs-list-item\" itemprop=\"itemListElement\" itemscope itemtype=\"http:\/\/schema.org\/ListItem\"><a class=\"x-crumbs-current x-crumbs-link\" itemtype=\"http:\/\/schema.org\/Thing\" itemprop=\"item\" href=\"https:\/\/test.esolutions.free2move.com\/eu\/es_es\/\" title=\"You Are Here\"><span itemprop=\"name\">Home<\/span><\/a><meta itemprop=\"position\" content=\"1\"><\/li><\/ol><\/nav><div class=\"x-section e12625-e2 m9qp-1\"><div class=\"x-row x-container max width e12625-e3 m9qp-2 m9qp-3 m9qp-5 m9qp-6\"><div class=\"x-row-inner\"><div class=\"x-col e12625-e4 m9qp-8 m9qp-9 m9qp-a m9qp-b\"><span class=\"x-image e12625-e5 m9qp-f\"><img decoding=\"async\" src=\"https:\/\/test.esolutions.free2move.com\/eu\/wp-content\/uploads\/2024\/03\/GovernanceEthics_Giovanni-Ravina-copia.jpg\" width=\"146\" height=\"134\" alt=\"Image\" loading=\"lazy\"><\/span><\/div><div class=\"x-col e12625-e6 m9qp-8 m9qp-a m9qp-c m9qp-d es_gap\"><div class=\"x-row e12625-e7 m9qp-3 m9qp-4 m9qp-5 m9qp-7\"><div class=\"x-row-inner\"><div class=\"x-col e12625-e8 m9qp-8 m9qp-9 m9qp-d m9qp-e es_gap\"><div class=\"x-text x-text-headline e12625-e9 m9qp-g\"><div class=\"x-text-content\"><div class=\"x-text-content-text\"><h2 class=\"x-text-content-text-primary\">Giovanni Ravina<\/h2><\/div><\/div><\/div><div class=\"x-text x-content e12625-e10 m9qp-h\"><div class=\"ewa-rteLine\">\n<div class=\"ewa-rteLine\">\n<div class=\"ewa-rteLine\"><strong>Director Ejecutivo<\/strong><\/div>\n<div class=\"ewa-rteLine\">&nbsp;<\/div>\n<div class=\"ewa-rteLine\">Giovanni Ravina se incorpor\u00f3 a NHOA (ex-Engie EPS) en 2018 y ahora es consejero delegado de Atlante Iberia. Tambi\u00e9n es miembro del Consejo de Tiko Italia, mentor de TechStars y miembro del Consejo Asesor de SocialFare.<\/div>\n<div class=\"ewa-rteLine\">Antes de incorporarse a NHOA, Giovanni Ravina fue miembro del Consejo de StreetLight Data y Opus One Solutions y tuvo una larga y consistente experiencia en Engie, donde ocup\u00f3 diferentes cargos. Comenz\u00f3 en la sede parisina del grupo ocup\u00e1ndose de las inversiones de capital riesgo, formando parte tambi\u00e9n del equipo fundador de ENGIE Corporate VC (ENGIE New Ventures), cre\u00f3 la oficina ENGIE New Ventures de San Francisco y dirigi\u00f3 y gestion\u00f3 con \u00e9xito inversiones en 5 pa\u00edses y 3 continentes diferentes. Despu\u00e9s continu\u00f3 su carrera en Engie como Executive Business Developer Green Mobility.<\/div>\n<div class=\"ewa-rteLine\">Giovanni Ravina posee un doble MEng en Producci\u00f3n Industrial e Innovaci\u00f3n por el Politecnico di Torino y la Universitat International de Catalunya, y un Master in Management\/Dipl\u00f4me de Grande Ecole en ESCP Europe.<\/div>\n<\/div>\n<\/div><\/div><\/div><\/div><\/div><\/div><\/div><\/div><\/div><\/div>\n","protected":false},"excerpt":{"rendered":"<p>HomeGiovanni Ravina Director Ejecutivo &nbsp; Giovanni Ravina se incorpor\u00f3 a NHOA (ex-Engie EPS) en 2018 y ahora es consejero delegado de Atlante Iberia. Tambi\u00e9n es miembro del Consejo de Tiko Italia, mentor de TechStars y miembro del Consejo Asesor de SocialFare. Antes de incorporarse a NHOA, Giovanni Ravina fue miembro del Consejo de StreetLight Data y Opus One Solutions y &#8230; <\/p>\n<div><a href=\"https:\/\/test.esolutions.free2move.com\/eu\/es_es\/gobernanza-y-etica\/giovanni-ravina\/\" class=\"more-link\">Read More<\/a><\/div>\n","protected":false},"author":1,"featured_media":0,"parent":50266,"menu_order":0,"comment_status":"closed","ping_status":"closed","template":"template-blank-4.php","meta":{"_acf_changed":false,"inline_featured_image":false,"footnotes":""},"class_list":["post-50259","page","type-page","status-publish","hentry","no-post-thumbnail"],"acf":[],"yoast_head":"<!-- This site is optimized with the Yoast SEO plugin v24.4 - https:\/\/yoast.com\/wordpress\/plugins\/seo\/ -->\n<title>Giovanni Ravina - eSolution europe<\/title>\n<meta name=\"robots\" content=\"index, follow, max-snippet:-1, max-image-preview:large, max-video-preview:-1\" \/>\n<link rel=\"canonical\" href=\"https:\/\/test.esolutions.free2move.com\/eu\/en_def\/governance-ethics\/giovanni-ravina\/\" \/>\n<meta property=\"og:locale\" content=\"es_ES\" \/>\n<meta property=\"og:type\" content=\"article\" \/>\n<meta property=\"og:title\" content=\"Giovanni Ravina - eSolution europe\" \/>\n<meta property=\"og:description\" content=\"HomeGiovanni Ravina Director Ejecutivo &nbsp; Giovanni Ravina se incorpor\u00f3 a NHOA (ex-Engie EPS) en 2018 y ahora es consejero delegado de Atlante Iberia. Tambi\u00e9n es miembro del Consejo de Tiko Italia, mentor de TechStars y miembro del Consejo Asesor de SocialFare. Antes de incorporarse a NHOA, Giovanni Ravina fue miembro del Consejo de StreetLight Data y Opus One Solutions y ... Read More\" \/>\n<meta property=\"og:url\" content=\"https:\/\/test.esolutions.free2move.com\/eu\/en_def\/governance-ethics\/giovanni-ravina\/\" \/>\n<meta property=\"og:site_name\" content=\"eSolution europe\" \/>\n<meta name=\"twitter:card\" content=\"summary_large_image\" \/>\n<meta name=\"twitter:label1\" content=\"Est. reading time\" \/>\n\t<meta name=\"twitter:data1\" content=\"1 minute\" \/>\n<script type=\"application\/ld+json\" class=\"yoast-schema-graph\">{\"@context\":\"https:\/\/schema.org\",\"@graph\":[{\"@type\":\"WebPage\",\"@id\":\"https:\/\/test.esolutions.free2move.com\/eu\/en_def\/governance-ethics\/giovanni-ravina\/\",\"url\":\"https:\/\/test.esolutions.free2move.com\/eu\/en_def\/governance-ethics\/giovanni-ravina\/\",\"name\":\"Giovanni Ravina - eSolution europe\",\"isPartOf\":{\"@id\":\"https:\/\/test.esolutions.free2move.com\/eu\/en_it\/#website\"},\"datePublished\":\"2024-03-18T14:48:14+00:00\",\"breadcrumb\":{\"@id\":\"https:\/\/test.esolutions.free2move.com\/eu\/en_def\/governance-ethics\/giovanni-ravina\/#breadcrumb\"},\"inLanguage\":\"es\",\"potentialAction\":[{\"@type\":\"ReadAction\",\"target\":[\"https:\/\/test.esolutions.free2move.com\/eu\/en_def\/governance-ethics\/giovanni-ravina\/\"]}]},{\"@type\":\"BreadcrumbList\",\"@id\":\"https:\/\/test.esolutions.free2move.com\/eu\/en_def\/governance-ethics\/giovanni-ravina\/#breadcrumb\",\"itemListElement\":[{\"@type\":\"ListItem\",\"position\":1,\"name\":\"Home\",\"item\":\"https:\/\/test.esolutions.free2move.com\/eu\/es_es\/\"},{\"@type\":\"ListItem\",\"position\":2,\"name\":\"Gobernanza y \u00e9tica\",\"item\":\"https:\/\/test.esolutions.free2move.com\/eu\/es_es\/gobernanza-y-etica\/\"},{\"@type\":\"ListItem\",\"position\":3,\"name\":\"Giovanni Ravina\"}]},{\"@type\":\"WebSite\",\"@id\":\"https:\/\/test.esolutions.free2move.com\/eu\/en_it\/#website\",\"url\":\"https:\/\/test.esolutions.free2move.com\/eu\/en_it\/\",\"name\":\"eSolutions europe\",\"description\":\"\",\"publisher\":{\"@id\":\"https:\/\/test.esolutions.free2move.com\/eu\/en_it\/#organization\"},\"potentialAction\":[{\"@type\":\"SearchAction\",\"target\":{\"@type\":\"EntryPoint\",\"urlTemplate\":\"https:\/\/test.esolutions.free2move.com\/eu\/en_it\/?s={search_term_string}\"},\"query-input\":{\"@type\":\"PropertyValueSpecification\",\"valueRequired\":true,\"valueName\":\"search_term_string\"}}],\"inLanguage\":\"es\"},{\"@type\":\"Organization\",\"@id\":\"https:\/\/test.esolutions.free2move.com\/eu\/en_it\/#organization\",\"name\":\"eSolutions europe\",\"url\":\"https:\/\/test.esolutions.free2move.com\/eu\/en_it\/\",\"logo\":{\"@type\":\"ImageObject\",\"inLanguage\":\"es\",\"@id\":\"https:\/\/test.esolutions.free2move.com\/eu\/en_it\/#\/schema\/logo\/image\/\",\"url\":\"https:\/\/www.esolutions.free2move.com\/eu\/wp-content\/uploads\/2024\/03\/logo-f2m-horizontal-1-1-1.png\",\"contentUrl\":\"https:\/\/www.esolutions.free2move.com\/eu\/wp-content\/uploads\/2024\/03\/logo-f2m-horizontal-1-1-1.png\",\"width\":865,\"height\":218,\"caption\":\"eSolutions europe\"},\"image\":{\"@id\":\"https:\/\/test.esolutions.free2move.com\/eu\/en_it\/#\/schema\/logo\/image\/\"}}]}<\/script>\n<!-- \/ Yoast SEO plugin. -->","yoast_head_json":{"title":"Giovanni Ravina - eSolution europe","robots":{"index":"index","follow":"follow","max-snippet":"max-snippet:-1","max-image-preview":"max-image-preview:large","max-video-preview":"max-video-preview:-1"},"canonical":"https:\/\/test.esolutions.free2move.com\/eu\/en_def\/governance-ethics\/giovanni-ravina\/","og_locale":"es_ES","og_type":"article","og_title":"Giovanni Ravina - eSolution europe","og_description":"HomeGiovanni Ravina Director Ejecutivo &nbsp; Giovanni Ravina se incorpor\u00f3 a NHOA (ex-Engie EPS) en 2018 y ahora es consejero delegado de Atlante Iberia. Tambi\u00e9n es miembro del Consejo de Tiko Italia, mentor de TechStars y miembro del Consejo Asesor de SocialFare. Antes de incorporarse a NHOA, Giovanni Ravina fue miembro del Consejo de StreetLight Data y Opus One Solutions y ... Read More","og_url":"https:\/\/test.esolutions.free2move.com\/eu\/en_def\/governance-ethics\/giovanni-ravina\/","og_site_name":"eSolution europe","twitter_card":"summary_large_image","twitter_misc":{"Est. reading time":"1 minute"},"schema":{"@context":"https:\/\/schema.org","@graph":[{"@type":"WebPage","@id":"https:\/\/test.esolutions.free2move.com\/eu\/en_def\/governance-ethics\/giovanni-ravina\/","url":"https:\/\/test.esolutions.free2move.com\/eu\/en_def\/governance-ethics\/giovanni-ravina\/","name":"Giovanni Ravina - eSolution europe","isPartOf":{"@id":"https:\/\/test.esolutions.free2move.com\/eu\/en_it\/#website"},"datePublished":"2024-03-18T14:48:14+00:00","breadcrumb":{"@id":"https:\/\/test.esolutions.free2move.com\/eu\/en_def\/governance-ethics\/giovanni-ravina\/#breadcrumb"},"inLanguage":"es","potentialAction":[{"@type":"ReadAction","target":["https:\/\/test.esolutions.free2move.com\/eu\/en_def\/governance-ethics\/giovanni-ravina\/"]}]},{"@type":"BreadcrumbList","@id":"https:\/\/test.esolutions.free2move.com\/eu\/en_def\/governance-ethics\/giovanni-ravina\/#breadcrumb","itemListElement":[{"@type":"ListItem","position":1,"name":"Home","item":"https:\/\/test.esolutions.free2move.com\/eu\/es_es\/"},{"@type":"ListItem","position":2,"name":"Gobernanza y \u00e9tica","item":"https:\/\/test.esolutions.free2move.com\/eu\/es_es\/gobernanza-y-etica\/"},{"@type":"ListItem","position":3,"name":"Giovanni Ravina"}]},{"@type":"WebSite","@id":"https:\/\/test.esolutions.free2move.com\/eu\/en_it\/#website","url":"https:\/\/test.esolutions.free2move.com\/eu\/en_it\/","name":"eSolutions europe","description":"","publisher":{"@id":"https:\/\/test.esolutions.free2move.com\/eu\/en_it\/#organization"},"potentialAction":[{"@type":"SearchAction","target":{"@type":"EntryPoint","urlTemplate":"https:\/\/test.esolutions.free2move.com\/eu\/en_it\/?s={search_term_string}"},"query-input":{"@type":"PropertyValueSpecification","valueRequired":true,"valueName":"search_term_string"}}],"inLanguage":"es"},{"@type":"Organization","@id":"https:\/\/test.esolutions.free2move.com\/eu\/en_it\/#organization","name":"eSolutions europe","url":"https:\/\/test.esolutions.free2move.com\/eu\/en_it\/","logo":{"@type":"ImageObject","inLanguage":"es","@id":"https:\/\/test.esolutions.free2move.com\/eu\/en_it\/#\/schema\/logo\/image\/","url":"https:\/\/www.esolutions.free2move.com\/eu\/wp-content\/uploads\/2024\/03\/logo-f2m-horizontal-1-1-1.png","contentUrl":"https:\/\/www.esolutions.free2move.com\/eu\/wp-content\/uploads\/2024\/03\/logo-f2m-horizontal-1-1-1.png","width":865,"height":218,"caption":"eSolutions europe"},"image":{"@id":"https:\/\/test.esolutions.free2move.com\/eu\/en_it\/#\/schema\/logo\/image\/"}}]}},"_links":{"self":[{"href":"https:\/\/test.esolutions.free2move.com\/eu\/es_es\/wp-json\/wp\/v2\/pages\/50259","targetHints":{"allow":["GET"]}}],"collection":[{"href":"https:\/\/test.esolutions.free2move.com\/eu\/es_es\/wp-json\/wp\/v2\/pages"}],"about":[{"href":"https:\/\/test.esolutions.free2move.com\/eu\/es_es\/wp-json\/wp\/v2\/types\/page"}],"author":[{"embeddable":true,"href":"https:\/\/test.esolutions.free2move.com\/eu\/es_es\/wp-json\/wp\/v2\/users\/1"}],"replies":[{"embeddable":true,"href":"https:\/\/test.esolutions.free2move.com\/eu\/es_es\/wp-json\/wp\/v2\/comments?post=50259"}],"version-history":[{"count":0,"href":"https:\/\/test.esolutions.free2move.com\/eu\/es_es\/wp-json\/wp\/v2\/pages\/50259\/revisions"}],"up":[{"embeddable":true,"href":"https:\/\/test.esolutions.free2move.com\/eu\/es_es\/wp-json\/wp\/v2\/pages\/50266"}],"wp:attachment":[{"href":"https:\/\/test.esolutions.free2move.com\/eu\/es_es\/wp-json\/wp\/v2\/media?parent=50259"}],"curies":[{"name":"wp","href":"https:\/\/api.w.org\/{rel}","templated":true}]}}