{"id":50260,"date":"2024-03-18T14:46:46","date_gmt":"2024-03-18T14:46:46","guid":{"rendered":"https:\/\/test.esolutions.free2move.com\/eu\/luigi-michi\/"},"modified":"2024-03-18T14:46:46","modified_gmt":"2024-03-18T14:46:46","slug":"luigi-michi","status":"publish","type":"page","link":"https:\/\/test.esolutions.free2move.com\/eu\/es_es\/gobernanza-y-etica\/luigi-michi\/","title":{"rendered":"Luigi Michi"},"content":{"rendered":"<div id=\"cs-content\" class=\"cs-content\"><nav class=\"x-crumbs e12637-e1 m9r1-0\" role=\"navigation\"><ol class=\"x-crumbs-list\" itemscope=\"\" itemtype=\"http:\/\/schema.org\/BreadcrumbList\" aria-label=\"Breadcrumb Navigation\"><li class=\"x-crumbs-list-item\" itemprop=\"itemListElement\" itemscope itemtype=\"http:\/\/schema.org\/ListItem\"><a class=\"x-crumbs-current x-crumbs-link\" itemtype=\"http:\/\/schema.org\/Thing\" itemprop=\"item\" href=\"https:\/\/test.esolutions.free2move.com\/eu\/es_es\/\" title=\"You Are Here\"><span itemprop=\"name\">Home<\/span><\/a><meta itemprop=\"position\" content=\"1\"><\/li><\/ol><\/nav><div class=\"x-section e12637-e2 m9r1-1\"><div class=\"x-row x-container max width e12637-e3 m9r1-2 m9r1-3 m9r1-5 m9r1-6\"><div class=\"x-row-inner\"><div class=\"x-col e12637-e4 m9r1-8 m9r1-9 m9r1-a m9r1-b\"><span class=\"x-image e12637-e5 m9r1-f\"><img decoding=\"async\" src=\"https:\/\/test.esolutions.free2move.com\/eu\/wp-content\/uploads\/2024\/03\/GovernanceEthics_Luigi-Michi-copia.jpg\" width=\"146\" height=\"134\" alt=\"Image\" loading=\"lazy\"><\/span><\/div><div class=\"x-col e12637-e6 m9r1-8 m9r1-a m9r1-c m9r1-d es_gap\"><div class=\"x-row e12637-e7 m9r1-3 m9r1-4 m9r1-5 m9r1-7\"><div class=\"x-row-inner\"><div class=\"x-col e12637-e8 m9r1-8 m9r1-9 m9r1-d m9r1-e es_gap\"><div class=\"x-text x-text-headline e12637-e9 m9r1-g\"><div class=\"x-text-content\"><div class=\"x-text-content-text\"><h2 class=\"x-text-content-text-primary\">Luigi Michi<\/h2><\/div><\/div><\/div><div class=\"x-text x-content e12637-e10 m9r1-h\"><div class=\"ewa-rteLine\">\n<div class=\"ewa-rteLine\"><strong>Director<\/strong><\/div>\n<div class=\"ewa-rteLine\">&nbsp;<\/div>\n<div class=\"ewa-rteLine\">Luigi Michi, nacido en Italia en 1958, se licenci\u00f3 cum laudae en Ingenier\u00eda El\u00e9ctrica. Recientemente ha sido nombrado asesor principal de \"Key to energy\", una empresa de consultor\u00eda energ\u00e9tica cualificada y bien fundamentada, que se ocupa de una amplia gama de temas relacionados con la electricidad y el gas en el sector energ\u00e9tico.<\/div>\n<div class=\"ewa-rteLine\">Con una importante experiencia de m\u00e1s de treinta a\u00f1os en el sector energ\u00e9tico, donde ha desempe\u00f1ado diferentes funciones desde 1985, Luigi es un experto \"de pleno derecho\" en mercados energ\u00e9ticos y sistemas el\u00e9ctricos complejos, y ahora participa intensamente en la actual transici\u00f3n energ\u00e9tica.<\/div>\n<div class=\"ewa-rteLine\">Hasta finales de 2019 fue Jefe de Estrategia, Desarrollo y Operaci\u00f3n del Sistema en Terna Spa, el Operador del Sistema de Transmisi\u00f3n italiano, siendo particularmente responsable de asuntos regulatorios, planificaci\u00f3n de la red, an\u00e1lisis de mercado y actividades de despacho.<\/div>\n<div class=\"ewa-rteLine\">Se incorpor\u00f3 a Terna en 2015, tras una larga y profunda experiencia en Enel como Vicepresidente Ejecutivo, Jefe del \u00c1rea de Negocio de Gesti\u00f3n de la Energ\u00eda, dedicada a la gesti\u00f3n y despacho de toda la cartera de generaci\u00f3n italiana, as\u00ed como a la realizaci\u00f3n de actividades de negociaci\u00f3n de materias primas en los mercados europeos.<\/div>\n<div class=\"ewa-rteLine\">Antes de incorporarse al sector de la generaci\u00f3n, hab\u00eda desempe\u00f1ado diversas actividades relacionadas con la red y el campo de las l\u00edneas de transmisi\u00f3n el\u00e9ctrica (dise\u00f1o, construcci\u00f3n, control), desde 1988. De 1984 a 1987 se incorpor\u00f3 al grupo ENI, donde se ocup\u00f3 del dise\u00f1o de centrales el\u00e9ctricas de turbogas y de la gesti\u00f3n de obras (contratos llave en mano).<\/div>\n<div class=\"ewa-rteLine\">Luigi Michi se licenci\u00f3 cum laudae en Ingenier\u00eda El\u00e9ctrica en la Universidad de Pisa en 1983. Durante los a\u00f1os siguientes asisti\u00f3 a varios programas empresariales para altos ejecutivos (Universidad de Columbia, Harvard, IESE).<\/div>\n<div class=\"ewa-rteLine\">El Sr. Michi est\u00e1 casado y tiene tres hijos. Le encanta pasar su tiempo libre fotografiando y ocup\u00e1ndose de proyectos audiovisuales.<\/div>\n<\/div><\/div><\/div><\/div><\/div><\/div><\/div><\/div><\/div><\/div>\n","protected":false},"excerpt":{"rendered":"<p>HomeLuigi Michi Director &nbsp; Luigi Michi, nacido en Italia en 1958, se licenci\u00f3 cum laudae en Ingenier\u00eda El\u00e9ctrica. Recientemente ha sido nombrado asesor principal de &#8220;Key to energy&#8221;, una empresa de consultor\u00eda energ\u00e9tica cualificada y bien fundamentada, que se ocupa de una amplia gama de temas relacionados con la electricidad y el gas en el sector energ\u00e9tico. Con una importante &#8230; <\/p>\n<div><a href=\"https:\/\/test.esolutions.free2move.com\/eu\/es_es\/gobernanza-y-etica\/luigi-michi\/\" class=\"more-link\">Read More<\/a><\/div>\n","protected":false},"author":1,"featured_media":0,"parent":50266,"menu_order":0,"comment_status":"closed","ping_status":"closed","template":"template-blank-4.php","meta":{"_acf_changed":false,"inline_featured_image":false,"footnotes":""},"class_list":["post-50260","page","type-page","status-publish","hentry","no-post-thumbnail"],"acf":[],"yoast_head":"<!-- This site is optimized with the Yoast SEO plugin v24.4 - https:\/\/yoast.com\/wordpress\/plugins\/seo\/ -->\n<title>Luigi Michi - eSolution europe<\/title>\n<meta name=\"robots\" content=\"index, follow, max-snippet:-1, max-image-preview:large, max-video-preview:-1\" \/>\n<link rel=\"canonical\" href=\"https:\/\/test.esolutions.free2move.com\/eu\/es_es\/gobernanza-y-etica\/luigi-michi\/\" \/>\n<meta property=\"og:locale\" content=\"es_ES\" \/>\n<meta property=\"og:type\" content=\"article\" \/>\n<meta property=\"og:title\" content=\"Luigi Michi - eSolution europe\" \/>\n<meta property=\"og:description\" content=\"HomeLuigi Michi Director &nbsp; Luigi Michi, nacido en Italia en 1958, se licenci\u00f3 cum laudae en Ingenier\u00eda El\u00e9ctrica. Recientemente ha sido nombrado asesor principal de &quot;Key to energy&quot;, una empresa de consultor\u00eda energ\u00e9tica cualificada y bien fundamentada, que se ocupa de una amplia gama de temas relacionados con la electricidad y el gas en el sector energ\u00e9tico. Con una importante ... Read More\" \/>\n<meta property=\"og:url\" content=\"https:\/\/test.esolutions.free2move.com\/eu\/es_es\/gobernanza-y-etica\/luigi-michi\/\" \/>\n<meta property=\"og:site_name\" content=\"eSolution europe\" \/>\n<meta name=\"twitter:card\" content=\"summary_large_image\" \/>\n<meta name=\"twitter:label1\" content=\"Est. reading time\" \/>\n\t<meta name=\"twitter:data1\" content=\"2 minutes\" \/>\n<script type=\"application\/ld+json\" class=\"yoast-schema-graph\">{\"@context\":\"https:\/\/schema.org\",\"@graph\":[{\"@type\":\"WebPage\",\"@id\":\"https:\/\/test.esolutions.free2move.com\/eu\/es_es\/gobernanza-y-etica\/luigi-michi\/\",\"url\":\"https:\/\/test.esolutions.free2move.com\/eu\/es_es\/gobernanza-y-etica\/luigi-michi\/\",\"name\":\"Luigi Michi - eSolution europe\",\"isPartOf\":{\"@id\":\"https:\/\/test.esolutions.free2move.com\/eu\/en_it\/#website\"},\"datePublished\":\"2024-03-18T14:46:46+00:00\",\"breadcrumb\":{\"@id\":\"https:\/\/test.esolutions.free2move.com\/eu\/es_es\/gobernanza-y-etica\/luigi-michi\/#breadcrumb\"},\"inLanguage\":\"es\",\"potentialAction\":[{\"@type\":\"ReadAction\",\"target\":[\"https:\/\/test.esolutions.free2move.com\/eu\/es_es\/gobernanza-y-etica\/luigi-michi\/\"]}]},{\"@type\":\"BreadcrumbList\",\"@id\":\"https:\/\/test.esolutions.free2move.com\/eu\/es_es\/gobernanza-y-etica\/luigi-michi\/#breadcrumb\",\"itemListElement\":[{\"@type\":\"ListItem\",\"position\":1,\"name\":\"Home\",\"item\":\"https:\/\/test.esolutions.free2move.com\/eu\/es_es\/\"},{\"@type\":\"ListItem\",\"position\":2,\"name\":\"Gobernanza y \u00e9tica\",\"item\":\"https:\/\/test.esolutions.free2move.com\/eu\/es_es\/gobernanza-y-etica\/\"},{\"@type\":\"ListItem\",\"position\":3,\"name\":\"Luigi Michi\"}]},{\"@type\":\"WebSite\",\"@id\":\"https:\/\/test.esolutions.free2move.com\/eu\/en_it\/#website\",\"url\":\"https:\/\/test.esolutions.free2move.com\/eu\/en_it\/\",\"name\":\"eSolutions europe\",\"description\":\"\",\"publisher\":{\"@id\":\"https:\/\/test.esolutions.free2move.com\/eu\/en_it\/#organization\"},\"potentialAction\":[{\"@type\":\"SearchAction\",\"target\":{\"@type\":\"EntryPoint\",\"urlTemplate\":\"https:\/\/test.esolutions.free2move.com\/eu\/en_it\/?s={search_term_string}\"},\"query-input\":{\"@type\":\"PropertyValueSpecification\",\"valueRequired\":true,\"valueName\":\"search_term_string\"}}],\"inLanguage\":\"es\"},{\"@type\":\"Organization\",\"@id\":\"https:\/\/test.esolutions.free2move.com\/eu\/en_it\/#organization\",\"name\":\"eSolutions europe\",\"url\":\"https:\/\/test.esolutions.free2move.com\/eu\/en_it\/\",\"logo\":{\"@type\":\"ImageObject\",\"inLanguage\":\"es\",\"@id\":\"https:\/\/test.esolutions.free2move.com\/eu\/en_it\/#\/schema\/logo\/image\/\",\"url\":\"https:\/\/www.esolutions.free2move.com\/eu\/wp-content\/uploads\/2024\/03\/logo-f2m-horizontal-1-1-1.png\",\"contentUrl\":\"https:\/\/www.esolutions.free2move.com\/eu\/wp-content\/uploads\/2024\/03\/logo-f2m-horizontal-1-1-1.png\",\"width\":865,\"height\":218,\"caption\":\"eSolutions europe\"},\"image\":{\"@id\":\"https:\/\/test.esolutions.free2move.com\/eu\/en_it\/#\/schema\/logo\/image\/\"}}]}<\/script>\n<!-- \/ Yoast SEO plugin. -->","yoast_head_json":{"title":"Luigi Michi - eSolution europe","robots":{"index":"index","follow":"follow","max-snippet":"max-snippet:-1","max-image-preview":"max-image-preview:large","max-video-preview":"max-video-preview:-1"},"canonical":"https:\/\/test.esolutions.free2move.com\/eu\/es_es\/gobernanza-y-etica\/luigi-michi\/","og_locale":"es_ES","og_type":"article","og_title":"Luigi Michi - eSolution europe","og_description":"HomeLuigi Michi Director &nbsp; Luigi Michi, nacido en Italia en 1958, se licenci\u00f3 cum laudae en Ingenier\u00eda El\u00e9ctrica. Recientemente ha sido nombrado asesor principal de \"Key to energy\", una empresa de consultor\u00eda energ\u00e9tica cualificada y bien fundamentada, que se ocupa de una amplia gama de temas relacionados con la electricidad y el gas en el sector energ\u00e9tico. Con una importante ... Read More","og_url":"https:\/\/test.esolutions.free2move.com\/eu\/es_es\/gobernanza-y-etica\/luigi-michi\/","og_site_name":"eSolution europe","twitter_card":"summary_large_image","twitter_misc":{"Est. reading time":"2 minutes"},"schema":{"@context":"https:\/\/schema.org","@graph":[{"@type":"WebPage","@id":"https:\/\/test.esolutions.free2move.com\/eu\/es_es\/gobernanza-y-etica\/luigi-michi\/","url":"https:\/\/test.esolutions.free2move.com\/eu\/es_es\/gobernanza-y-etica\/luigi-michi\/","name":"Luigi Michi - eSolution europe","isPartOf":{"@id":"https:\/\/test.esolutions.free2move.com\/eu\/en_it\/#website"},"datePublished":"2024-03-18T14:46:46+00:00","breadcrumb":{"@id":"https:\/\/test.esolutions.free2move.com\/eu\/es_es\/gobernanza-y-etica\/luigi-michi\/#breadcrumb"},"inLanguage":"es","potentialAction":[{"@type":"ReadAction","target":["https:\/\/test.esolutions.free2move.com\/eu\/es_es\/gobernanza-y-etica\/luigi-michi\/"]}]},{"@type":"BreadcrumbList","@id":"https:\/\/test.esolutions.free2move.com\/eu\/es_es\/gobernanza-y-etica\/luigi-michi\/#breadcrumb","itemListElement":[{"@type":"ListItem","position":1,"name":"Home","item":"https:\/\/test.esolutions.free2move.com\/eu\/es_es\/"},{"@type":"ListItem","position":2,"name":"Gobernanza y \u00e9tica","item":"https:\/\/test.esolutions.free2move.com\/eu\/es_es\/gobernanza-y-etica\/"},{"@type":"ListItem","position":3,"name":"Luigi Michi"}]},{"@type":"WebSite","@id":"https:\/\/test.esolutions.free2move.com\/eu\/en_it\/#website","url":"https:\/\/test.esolutions.free2move.com\/eu\/en_it\/","name":"eSolutions europe","description":"","publisher":{"@id":"https:\/\/test.esolutions.free2move.com\/eu\/en_it\/#organization"},"potentialAction":[{"@type":"SearchAction","target":{"@type":"EntryPoint","urlTemplate":"https:\/\/test.esolutions.free2move.com\/eu\/en_it\/?s={search_term_string}"},"query-input":{"@type":"PropertyValueSpecification","valueRequired":true,"valueName":"search_term_string"}}],"inLanguage":"es"},{"@type":"Organization","@id":"https:\/\/test.esolutions.free2move.com\/eu\/en_it\/#organization","name":"eSolutions europe","url":"https:\/\/test.esolutions.free2move.com\/eu\/en_it\/","logo":{"@type":"ImageObject","inLanguage":"es","@id":"https:\/\/test.esolutions.free2move.com\/eu\/en_it\/#\/schema\/logo\/image\/","url":"https:\/\/www.esolutions.free2move.com\/eu\/wp-content\/uploads\/2024\/03\/logo-f2m-horizontal-1-1-1.png","contentUrl":"https:\/\/www.esolutions.free2move.com\/eu\/wp-content\/uploads\/2024\/03\/logo-f2m-horizontal-1-1-1.png","width":865,"height":218,"caption":"eSolutions europe"},"image":{"@id":"https:\/\/test.esolutions.free2move.com\/eu\/en_it\/#\/schema\/logo\/image\/"}}]}},"_links":{"self":[{"href":"https:\/\/test.esolutions.free2move.com\/eu\/es_es\/wp-json\/wp\/v2\/pages\/50260","targetHints":{"allow":["GET"]}}],"collection":[{"href":"https:\/\/test.esolutions.free2move.com\/eu\/es_es\/wp-json\/wp\/v2\/pages"}],"about":[{"href":"https:\/\/test.esolutions.free2move.com\/eu\/es_es\/wp-json\/wp\/v2\/types\/page"}],"author":[{"embeddable":true,"href":"https:\/\/test.esolutions.free2move.com\/eu\/es_es\/wp-json\/wp\/v2\/users\/1"}],"replies":[{"embeddable":true,"href":"https:\/\/test.esolutions.free2move.com\/eu\/es_es\/wp-json\/wp\/v2\/comments?post=50260"}],"version-history":[{"count":0,"href":"https:\/\/test.esolutions.free2move.com\/eu\/es_es\/wp-json\/wp\/v2\/pages\/50260\/revisions"}],"up":[{"embeddable":true,"href":"https:\/\/test.esolutions.free2move.com\/eu\/es_es\/wp-json\/wp\/v2\/pages\/50266"}],"wp:attachment":[{"href":"https:\/\/test.esolutions.free2move.com\/eu\/es_es\/wp-json\/wp\/v2\/media?parent=50260"}],"curies":[{"name":"wp","href":"https:\/\/api.w.org\/{rel}","templated":true}]}}