{"id":50262,"date":"2024-03-18T14:43:47","date_gmt":"2024-03-18T14:43:47","guid":{"rendered":"https:\/\/test.esolutions.free2move.com\/eu\/carlalberto-guglielminotti\/"},"modified":"2024-03-18T14:43:47","modified_gmt":"2024-03-18T14:43:47","slug":"carlalberto-guglielminotti","status":"publish","type":"page","link":"https:\/\/test.esolutions.free2move.com\/eu\/es_es\/gobernanza-y-etica\/carlalberto-guglielminotti\/","title":{"rendered":"Carlalberto Guglielminotti"},"content":{"rendered":"<div id=\"cs-content\" class=\"cs-content\"><nav class=\"x-crumbs e12599-e1 m9pz-0\" role=\"navigation\"><ol class=\"x-crumbs-list\" itemscope=\"\" itemtype=\"http:\/\/schema.org\/BreadcrumbList\" aria-label=\"Breadcrumb Navigation\"><li class=\"x-crumbs-list-item\" itemprop=\"itemListElement\" itemscope itemtype=\"http:\/\/schema.org\/ListItem\"><a class=\"x-crumbs-current x-crumbs-link\" itemtype=\"http:\/\/schema.org\/Thing\" itemprop=\"item\" href=\"https:\/\/test.esolutions.free2move.com\/eu\/es_es\/\" title=\"You Are Here\"><span itemprop=\"name\">Home<\/span><\/a><meta itemprop=\"position\" content=\"1\"><\/li><\/ol><\/nav><div class=\"x-section e12599-e2 m9pz-1\"><div class=\"x-row x-container max width e12599-e3 m9pz-2 m9pz-3 m9pz-5 m9pz-6\"><div class=\"x-row-inner\"><div class=\"x-col e12599-e4 m9pz-8 m9pz-9 m9pz-a m9pz-b\"><span class=\"x-image e12599-e5 m9pz-f\"><img decoding=\"async\" src=\"https:\/\/test.esolutions.free2move.com\/eu\/wp-content\/uploads\/2024\/03\/GovernanceEthics_Carlalberto-Guglielminotti-copia-1.jpg\" width=\"146\" height=\"134\" alt=\"Image\" loading=\"lazy\"><\/span><\/div><div class=\"x-col e12599-e6 m9pz-8 m9pz-a m9pz-c m9pz-d es_gap\"><div class=\"x-row e12599-e7 m9pz-3 m9pz-4 m9pz-5 m9pz-7\"><div class=\"x-row-inner\"><div class=\"x-col e12599-e8 m9pz-8 m9pz-9 m9pz-d m9pz-e es_gap\"><div class=\"x-text x-text-headline e12599-e9 m9pz-g\"><div class=\"x-text-content\"><div class=\"x-text-content-text\"><h2 class=\"x-text-content-text-primary\">Carlalberto Guglielminotti<\/h2><\/div><\/div><\/div><div class=\"x-text x-content e12599-e10 m9pz-h\"><div class=\"ewa-rteLine\"><strong>Presidente Ejecutivo<\/strong><\/div>\n<div class=\"ewa-rteLine\">&nbsp;<\/div>\n<div class=\"ewa-rteLine\">\n<div class=\"ewa-rteLine\">Carlalberto Guglielminotti es Consejero Delegado de NHOA (NHOA.PA), anteriormente Engie EPS, y desde mayo de 2021 es tambi\u00e9n Presidente Ejecutivo de Free2move eSolutions.<\/div>\n<div class=\"ewa-rteLine\">Es Joven L\u00edder Global del Foro Econ\u00f3mico Mundial 2020, Embajador de la Fundaci\u00f3n Theodora y Secretario General de la Fundaci\u00f3n Ciolina.<\/div>\n<div class=\"ewa-rteLine\">Tambi\u00e9n es Presidente de Atlante, miembro del Consejo del Instituto de Estudios Pol\u00edticos Internacionales (ISPI) y del Comit\u00e9 Cient\u00edfico de Leadersel Innotech ESG (Ersel). Adem\u00e1s, es Socio y Presidente del Consejo Asesor de 360 Capital, empresa de capital riesgo con 400 millones de euros en activos bajo gesti\u00f3n.<\/div>\n<div class=\"ewa-rteLine\">Guglielminotti posee un MBA por la SDA Bocconi, se especializ\u00f3 en EE.UU. (Universidad de Stanford y European School of Economics), en Israel en Filosof\u00eda (Universidad de Haifa), en Francia con un LL.B (Universit\u00e9 Paris V) y en Italia con un JD summa cum laude (Universidad de Tur\u00edn).<\/div>\n<\/div><\/div><\/div><\/div><\/div><\/div><\/div><\/div><\/div><\/div>\n","protected":false},"excerpt":{"rendered":"<p>HomeCarlalberto GuglielminottiPresidente Ejecutivo &nbsp; Carlalberto Guglielminotti es Consejero Delegado de NHOA (NHOA.PA), anteriormente Engie EPS, y desde mayo de 2021 es tambi\u00e9n Presidente Ejecutivo de Free2move eSolutions. Es Joven L\u00edder Global del Foro Econ\u00f3mico Mundial 2020, Embajador de la Fundaci\u00f3n Theodora y Secretario General de la Fundaci\u00f3n Ciolina. Tambi\u00e9n es Presidente de Atlante, miembro del Consejo del Instituto de Estudios &#8230; <\/p>\n<div><a href=\"https:\/\/test.esolutions.free2move.com\/eu\/es_es\/gobernanza-y-etica\/carlalberto-guglielminotti\/\" class=\"more-link\">Read More<\/a><\/div>\n","protected":false},"author":1,"featured_media":0,"parent":50266,"menu_order":0,"comment_status":"closed","ping_status":"closed","template":"template-blank-4.php","meta":{"_acf_changed":false,"inline_featured_image":false,"footnotes":""},"class_list":["post-50262","page","type-page","status-publish","hentry","no-post-thumbnail"],"acf":[],"yoast_head":"<!-- This site is optimized with the Yoast SEO plugin v24.4 - https:\/\/yoast.com\/wordpress\/plugins\/seo\/ -->\n<title>Carlalberto Guglielminotti - eSolution europe<\/title>\n<meta name=\"robots\" content=\"index, follow, max-snippet:-1, max-image-preview:large, max-video-preview:-1\" \/>\n<link rel=\"canonical\" href=\"https:\/\/test.esolutions.free2move.com\/eu\/es_es\/gobernanza-y-etica\/carlalberto-guglielminotti\/\" \/>\n<meta property=\"og:locale\" content=\"es_ES\" \/>\n<meta property=\"og:type\" content=\"article\" \/>\n<meta property=\"og:title\" content=\"Carlalberto Guglielminotti - eSolution europe\" \/>\n<meta property=\"og:description\" content=\"HomeCarlalberto GuglielminottiPresidente Ejecutivo &nbsp; Carlalberto Guglielminotti es Consejero Delegado de NHOA (NHOA.PA), anteriormente Engie EPS, y desde mayo de 2021 es tambi\u00e9n Presidente Ejecutivo de Free2move eSolutions. Es Joven L\u00edder Global del Foro Econ\u00f3mico Mundial 2020, Embajador de la Fundaci\u00f3n Theodora y Secretario General de la Fundaci\u00f3n Ciolina. Tambi\u00e9n es Presidente de Atlante, miembro del Consejo del Instituto de Estudios ... Read More\" \/>\n<meta property=\"og:url\" content=\"https:\/\/test.esolutions.free2move.com\/eu\/es_es\/gobernanza-y-etica\/carlalberto-guglielminotti\/\" \/>\n<meta property=\"og:site_name\" content=\"eSolution europe\" \/>\n<meta name=\"twitter:card\" content=\"summary_large_image\" \/>\n<meta name=\"twitter:label1\" content=\"Est. reading time\" \/>\n\t<meta name=\"twitter:data1\" content=\"1 minute\" \/>\n<script type=\"application\/ld+json\" class=\"yoast-schema-graph\">{\"@context\":\"https:\/\/schema.org\",\"@graph\":[{\"@type\":\"WebPage\",\"@id\":\"https:\/\/test.esolutions.free2move.com\/eu\/es_es\/gobernanza-y-etica\/carlalberto-guglielminotti\/\",\"url\":\"https:\/\/test.esolutions.free2move.com\/eu\/es_es\/gobernanza-y-etica\/carlalberto-guglielminotti\/\",\"name\":\"Carlalberto Guglielminotti - eSolution europe\",\"isPartOf\":{\"@id\":\"https:\/\/test.esolutions.free2move.com\/eu\/en_it\/#website\"},\"datePublished\":\"2024-03-18T14:43:47+00:00\",\"breadcrumb\":{\"@id\":\"https:\/\/test.esolutions.free2move.com\/eu\/es_es\/gobernanza-y-etica\/carlalberto-guglielminotti\/#breadcrumb\"},\"inLanguage\":\"es\",\"potentialAction\":[{\"@type\":\"ReadAction\",\"target\":[\"https:\/\/test.esolutions.free2move.com\/eu\/es_es\/gobernanza-y-etica\/carlalberto-guglielminotti\/\"]}]},{\"@type\":\"BreadcrumbList\",\"@id\":\"https:\/\/test.esolutions.free2move.com\/eu\/es_es\/gobernanza-y-etica\/carlalberto-guglielminotti\/#breadcrumb\",\"itemListElement\":[{\"@type\":\"ListItem\",\"position\":1,\"name\":\"Home\",\"item\":\"https:\/\/test.esolutions.free2move.com\/eu\/es_es\/\"},{\"@type\":\"ListItem\",\"position\":2,\"name\":\"Gobernanza y \u00e9tica\",\"item\":\"https:\/\/test.esolutions.free2move.com\/eu\/es_es\/gobernanza-y-etica\/\"},{\"@type\":\"ListItem\",\"position\":3,\"name\":\"Carlalberto Guglielminotti\"}]},{\"@type\":\"WebSite\",\"@id\":\"https:\/\/test.esolutions.free2move.com\/eu\/en_it\/#website\",\"url\":\"https:\/\/test.esolutions.free2move.com\/eu\/en_it\/\",\"name\":\"eSolutions europe\",\"description\":\"\",\"publisher\":{\"@id\":\"https:\/\/test.esolutions.free2move.com\/eu\/en_it\/#organization\"},\"potentialAction\":[{\"@type\":\"SearchAction\",\"target\":{\"@type\":\"EntryPoint\",\"urlTemplate\":\"https:\/\/test.esolutions.free2move.com\/eu\/en_it\/?s={search_term_string}\"},\"query-input\":{\"@type\":\"PropertyValueSpecification\",\"valueRequired\":true,\"valueName\":\"search_term_string\"}}],\"inLanguage\":\"es\"},{\"@type\":\"Organization\",\"@id\":\"https:\/\/test.esolutions.free2move.com\/eu\/en_it\/#organization\",\"name\":\"eSolutions europe\",\"url\":\"https:\/\/test.esolutions.free2move.com\/eu\/en_it\/\",\"logo\":{\"@type\":\"ImageObject\",\"inLanguage\":\"es\",\"@id\":\"https:\/\/test.esolutions.free2move.com\/eu\/en_it\/#\/schema\/logo\/image\/\",\"url\":\"https:\/\/www.esolutions.free2move.com\/eu\/wp-content\/uploads\/2024\/03\/logo-f2m-horizontal-1-1-1.png\",\"contentUrl\":\"https:\/\/www.esolutions.free2move.com\/eu\/wp-content\/uploads\/2024\/03\/logo-f2m-horizontal-1-1-1.png\",\"width\":865,\"height\":218,\"caption\":\"eSolutions europe\"},\"image\":{\"@id\":\"https:\/\/test.esolutions.free2move.com\/eu\/en_it\/#\/schema\/logo\/image\/\"}}]}<\/script>\n<!-- \/ Yoast SEO plugin. -->","yoast_head_json":{"title":"Carlalberto Guglielminotti - eSolution europe","robots":{"index":"index","follow":"follow","max-snippet":"max-snippet:-1","max-image-preview":"max-image-preview:large","max-video-preview":"max-video-preview:-1"},"canonical":"https:\/\/test.esolutions.free2move.com\/eu\/es_es\/gobernanza-y-etica\/carlalberto-guglielminotti\/","og_locale":"es_ES","og_type":"article","og_title":"Carlalberto Guglielminotti - eSolution europe","og_description":"HomeCarlalberto GuglielminottiPresidente Ejecutivo &nbsp; Carlalberto Guglielminotti es Consejero Delegado de NHOA (NHOA.PA), anteriormente Engie EPS, y desde mayo de 2021 es tambi\u00e9n Presidente Ejecutivo de Free2move eSolutions. Es Joven L\u00edder Global del Foro Econ\u00f3mico Mundial 2020, Embajador de la Fundaci\u00f3n Theodora y Secretario General de la Fundaci\u00f3n Ciolina. Tambi\u00e9n es Presidente de Atlante, miembro del Consejo del Instituto de Estudios ... Read More","og_url":"https:\/\/test.esolutions.free2move.com\/eu\/es_es\/gobernanza-y-etica\/carlalberto-guglielminotti\/","og_site_name":"eSolution europe","twitter_card":"summary_large_image","twitter_misc":{"Est. reading time":"1 minute"},"schema":{"@context":"https:\/\/schema.org","@graph":[{"@type":"WebPage","@id":"https:\/\/test.esolutions.free2move.com\/eu\/es_es\/gobernanza-y-etica\/carlalberto-guglielminotti\/","url":"https:\/\/test.esolutions.free2move.com\/eu\/es_es\/gobernanza-y-etica\/carlalberto-guglielminotti\/","name":"Carlalberto Guglielminotti - eSolution europe","isPartOf":{"@id":"https:\/\/test.esolutions.free2move.com\/eu\/en_it\/#website"},"datePublished":"2024-03-18T14:43:47+00:00","breadcrumb":{"@id":"https:\/\/test.esolutions.free2move.com\/eu\/es_es\/gobernanza-y-etica\/carlalberto-guglielminotti\/#breadcrumb"},"inLanguage":"es","potentialAction":[{"@type":"ReadAction","target":["https:\/\/test.esolutions.free2move.com\/eu\/es_es\/gobernanza-y-etica\/carlalberto-guglielminotti\/"]}]},{"@type":"BreadcrumbList","@id":"https:\/\/test.esolutions.free2move.com\/eu\/es_es\/gobernanza-y-etica\/carlalberto-guglielminotti\/#breadcrumb","itemListElement":[{"@type":"ListItem","position":1,"name":"Home","item":"https:\/\/test.esolutions.free2move.com\/eu\/es_es\/"},{"@type":"ListItem","position":2,"name":"Gobernanza y \u00e9tica","item":"https:\/\/test.esolutions.free2move.com\/eu\/es_es\/gobernanza-y-etica\/"},{"@type":"ListItem","position":3,"name":"Carlalberto Guglielminotti"}]},{"@type":"WebSite","@id":"https:\/\/test.esolutions.free2move.com\/eu\/en_it\/#website","url":"https:\/\/test.esolutions.free2move.com\/eu\/en_it\/","name":"eSolutions europe","description":"","publisher":{"@id":"https:\/\/test.esolutions.free2move.com\/eu\/en_it\/#organization"},"potentialAction":[{"@type":"SearchAction","target":{"@type":"EntryPoint","urlTemplate":"https:\/\/test.esolutions.free2move.com\/eu\/en_it\/?s={search_term_string}"},"query-input":{"@type":"PropertyValueSpecification","valueRequired":true,"valueName":"search_term_string"}}],"inLanguage":"es"},{"@type":"Organization","@id":"https:\/\/test.esolutions.free2move.com\/eu\/en_it\/#organization","name":"eSolutions europe","url":"https:\/\/test.esolutions.free2move.com\/eu\/en_it\/","logo":{"@type":"ImageObject","inLanguage":"es","@id":"https:\/\/test.esolutions.free2move.com\/eu\/en_it\/#\/schema\/logo\/image\/","url":"https:\/\/www.esolutions.free2move.com\/eu\/wp-content\/uploads\/2024\/03\/logo-f2m-horizontal-1-1-1.png","contentUrl":"https:\/\/www.esolutions.free2move.com\/eu\/wp-content\/uploads\/2024\/03\/logo-f2m-horizontal-1-1-1.png","width":865,"height":218,"caption":"eSolutions europe"},"image":{"@id":"https:\/\/test.esolutions.free2move.com\/eu\/en_it\/#\/schema\/logo\/image\/"}}]}},"_links":{"self":[{"href":"https:\/\/test.esolutions.free2move.com\/eu\/es_es\/wp-json\/wp\/v2\/pages\/50262","targetHints":{"allow":["GET"]}}],"collection":[{"href":"https:\/\/test.esolutions.free2move.com\/eu\/es_es\/wp-json\/wp\/v2\/pages"}],"about":[{"href":"https:\/\/test.esolutions.free2move.com\/eu\/es_es\/wp-json\/wp\/v2\/types\/page"}],"author":[{"embeddable":true,"href":"https:\/\/test.esolutions.free2move.com\/eu\/es_es\/wp-json\/wp\/v2\/users\/1"}],"replies":[{"embeddable":true,"href":"https:\/\/test.esolutions.free2move.com\/eu\/es_es\/wp-json\/wp\/v2\/comments?post=50262"}],"version-history":[{"count":0,"href":"https:\/\/test.esolutions.free2move.com\/eu\/es_es\/wp-json\/wp\/v2\/pages\/50262\/revisions"}],"up":[{"embeddable":true,"href":"https:\/\/test.esolutions.free2move.com\/eu\/es_es\/wp-json\/wp\/v2\/pages\/50266"}],"wp:attachment":[{"href":"https:\/\/test.esolutions.free2move.com\/eu\/es_es\/wp-json\/wp\/v2\/media?parent=50262"}],"curies":[{"name":"wp","href":"https:\/\/api.w.org\/{rel}","templated":true}]}}