{"id":50263,"date":"2024-03-18T14:40:52","date_gmt":"2024-03-18T14:40:52","guid":{"rendered":"https:\/\/test.esolutions.free2move.com\/eu\/brigitte-courtehoux\/"},"modified":"2024-03-18T14:40:52","modified_gmt":"2024-03-18T14:40:52","slug":"brigitte-courtehoux","status":"publish","type":"page","link":"https:\/\/test.esolutions.free2move.com\/eu\/es_es\/gobernanza-y-etica\/brigitte-courtehoux\/","title":{"rendered":"Brigitte Courtehoux"},"content":{"rendered":"<div id=\"cs-content\" class=\"cs-content\"><nav class=\"x-crumbs e12587-e1 m9pn-0\" role=\"navigation\"><ol class=\"x-crumbs-list\" itemscope=\"\" itemtype=\"http:\/\/schema.org\/BreadcrumbList\" aria-label=\"Breadcrumb Navigation\"><li class=\"x-crumbs-list-item\" itemprop=\"itemListElement\" itemscope itemtype=\"http:\/\/schema.org\/ListItem\"><a class=\"x-crumbs-current x-crumbs-link\" itemtype=\"http:\/\/schema.org\/Thing\" itemprop=\"item\" href=\"https:\/\/test.esolutions.free2move.com\/eu\/es_es\/\" title=\"You Are Here\"><span itemprop=\"name\">Home<\/span><\/a><meta itemprop=\"position\" content=\"1\"><\/li><\/ol><\/nav><div class=\"x-section e12587-e2 m9pn-1\"><div class=\"x-row x-container max width e12587-e3 m9pn-2 m9pn-3 m9pn-5 m9pn-6\"><div class=\"x-row-inner\"><div class=\"x-col e12587-e4 m9pn-8 m9pn-9 m9pn-a m9pn-b\"><span class=\"x-image e12587-e5 m9pn-f\"><img decoding=\"async\" src=\"https:\/\/test.esolutions.free2move.com\/eu\/wp-content\/uploads\/2024\/03\/GovernanceEthics_Brigitte-Courtehou-copia-1.jpg\" width=\"146\" height=\"134\" alt=\"Image\" loading=\"lazy\"><\/span><\/div><div class=\"x-col e12587-e6 m9pn-8 m9pn-a m9pn-c m9pn-d es_gap\"><div class=\"x-row e12587-e7 m9pn-3 m9pn-4 m9pn-5 m9pn-7\"><div class=\"x-row-inner\"><div class=\"x-col e12587-e8 m9pn-8 m9pn-9 m9pn-d m9pn-e es_gap\"><div class=\"x-text x-text-headline e12587-e9 m9pn-g\"><div class=\"x-text-content\"><div class=\"x-text-content-text\"><h2 class=\"x-text-content-text-primary\">Brigitte Courtehoux<\/h2><\/div><\/div><\/div><\/div><\/div><\/div><div class=\"x-text x-content e12587-e10 m9pn-h\"><div class=\"ewa-rteLine\"><strong>Director<\/strong><\/div>\n<div class=\"ewa-rteLine\"><\/div>\n<div class=\"ewa-rteLine\">Brigitte Courtehoux es Directora General de Free2move y miembro del Equipo de Alta Direcci\u00f3n de Stellantis.<br>\nSu carrera se desarroll\u00f3 primero durante 3 a\u00f1os en \"Electricit\u00e9 de France\", despu\u00e9s, en 1998, se incorpor\u00f3 a la industria del autom\u00f3vil en Groupe PSA y ocup\u00f3 puestos de Directora de Planificaci\u00f3n y Calidad en varios proyectos automovil\u00edsticos.<br>\nEn 2008 y 2009, fue Vicepresidenta responsable de la Torre de Control de Calidad Mundial.<br>\nEntre 2010 y 2013, como Directora Global de Proyectos, gestion\u00f3 y lanz\u00f3 con \u00e9xito el crossover Peugeot \"2008\" en los mercados europeo, latinoamericano y chino.<br>\nEn septiembre de 2013, fue nombrada Vicepresidenta S\u00e9nior, responsable de la Unidad de Negocio de Movilidad y Servicios Relacionados. En septiembre de 2016, lanz\u00f3 la marca Free2move.<br>\nEn 2018, se convirti\u00f3 en Vicepresidenta Ejecutiva y miembro del Comit\u00e9 Ejecutivo Global de Groupe PSA y, en enero de 2021, del Equipo de Alta Direcci\u00f3n de Stellantis.<br>\nBrigitte Courtehoux es ingeniera por el Instituto Nacional Polit\u00e9cnico de Grenoble y posee un MBA Ejecutivo por la Escuela de Negocios HEC de Par\u00eds.<\/div><\/div><\/div><\/div><\/div><\/div><\/div>\n","protected":false},"excerpt":{"rendered":"<p>HomeBrigitte CourtehouxDirector Brigitte Courtehoux es Directora General de Free2move y miembro del Equipo de Alta Direcci\u00f3n de Stellantis. Su carrera se desarroll\u00f3 primero durante 3 a\u00f1os en &#8220;Electricit\u00e9 de France&#8221;, despu\u00e9s, en 1998, se incorpor\u00f3 a la industria del autom\u00f3vil en Groupe PSA y ocup\u00f3 puestos de Directora de Planificaci\u00f3n y Calidad en varios proyectos automovil\u00edsticos. En 2008 y 2009, &#8230; <\/p>\n<div><a href=\"https:\/\/test.esolutions.free2move.com\/eu\/es_es\/gobernanza-y-etica\/brigitte-courtehoux\/\" class=\"more-link\">Read More<\/a><\/div>\n","protected":false},"author":1,"featured_media":0,"parent":50266,"menu_order":0,"comment_status":"closed","ping_status":"closed","template":"template-blank-4.php","meta":{"_acf_changed":false,"inline_featured_image":false,"footnotes":""},"class_list":["post-50263","page","type-page","status-publish","hentry","no-post-thumbnail"],"acf":[],"yoast_head":"<!-- This site is optimized with the Yoast SEO plugin v24.4 - https:\/\/yoast.com\/wordpress\/plugins\/seo\/ -->\n<title>Brigitte Courtehoux - eSolution europe<\/title>\n<meta name=\"robots\" content=\"index, follow, max-snippet:-1, max-image-preview:large, max-video-preview:-1\" \/>\n<link rel=\"canonical\" href=\"https:\/\/test.esolutions.free2move.com\/eu\/en_def\/governance-ethics\/brigitte-courtehoux\/\" \/>\n<meta property=\"og:locale\" content=\"es_ES\" \/>\n<meta property=\"og:type\" content=\"article\" \/>\n<meta property=\"og:title\" content=\"Brigitte Courtehoux - eSolution europe\" \/>\n<meta property=\"og:description\" content=\"HomeBrigitte CourtehouxDirector Brigitte Courtehoux es Directora General de Free2move y miembro del Equipo de Alta Direcci\u00f3n de Stellantis. Su carrera se desarroll\u00f3 primero durante 3 a\u00f1os en &quot;Electricit\u00e9 de France&quot;, despu\u00e9s, en 1998, se incorpor\u00f3 a la industria del autom\u00f3vil en Groupe PSA y ocup\u00f3 puestos de Directora de Planificaci\u00f3n y Calidad en varios proyectos automovil\u00edsticos. En 2008 y 2009, ... Read More\" \/>\n<meta property=\"og:url\" content=\"https:\/\/test.esolutions.free2move.com\/eu\/en_def\/governance-ethics\/brigitte-courtehoux\/\" \/>\n<meta property=\"og:site_name\" content=\"eSolution europe\" \/>\n<meta name=\"twitter:card\" content=\"summary_large_image\" \/>\n<meta name=\"twitter:label1\" content=\"Est. reading time\" \/>\n\t<meta name=\"twitter:data1\" content=\"1 minute\" \/>\n<script type=\"application\/ld+json\" class=\"yoast-schema-graph\">{\"@context\":\"https:\/\/schema.org\",\"@graph\":[{\"@type\":\"WebPage\",\"@id\":\"https:\/\/test.esolutions.free2move.com\/eu\/en_def\/governance-ethics\/brigitte-courtehoux\/\",\"url\":\"https:\/\/test.esolutions.free2move.com\/eu\/en_def\/governance-ethics\/brigitte-courtehoux\/\",\"name\":\"Brigitte Courtehoux - eSolution europe\",\"isPartOf\":{\"@id\":\"https:\/\/test.esolutions.free2move.com\/eu\/en_it\/#website\"},\"datePublished\":\"2024-03-18T14:40:52+00:00\",\"breadcrumb\":{\"@id\":\"https:\/\/test.esolutions.free2move.com\/eu\/en_def\/governance-ethics\/brigitte-courtehoux\/#breadcrumb\"},\"inLanguage\":\"es\",\"potentialAction\":[{\"@type\":\"ReadAction\",\"target\":[\"https:\/\/test.esolutions.free2move.com\/eu\/en_def\/governance-ethics\/brigitte-courtehoux\/\"]}]},{\"@type\":\"BreadcrumbList\",\"@id\":\"https:\/\/test.esolutions.free2move.com\/eu\/en_def\/governance-ethics\/brigitte-courtehoux\/#breadcrumb\",\"itemListElement\":[{\"@type\":\"ListItem\",\"position\":1,\"name\":\"Home\",\"item\":\"https:\/\/test.esolutions.free2move.com\/eu\/es_es\/\"},{\"@type\":\"ListItem\",\"position\":2,\"name\":\"Gobernanza y \u00e9tica\",\"item\":\"https:\/\/test.esolutions.free2move.com\/eu\/es_es\/gobernanza-y-etica\/\"},{\"@type\":\"ListItem\",\"position\":3,\"name\":\"Brigitte Courtehoux\"}]},{\"@type\":\"WebSite\",\"@id\":\"https:\/\/test.esolutions.free2move.com\/eu\/en_it\/#website\",\"url\":\"https:\/\/test.esolutions.free2move.com\/eu\/en_it\/\",\"name\":\"eSolutions europe\",\"description\":\"\",\"publisher\":{\"@id\":\"https:\/\/test.esolutions.free2move.com\/eu\/en_it\/#organization\"},\"potentialAction\":[{\"@type\":\"SearchAction\",\"target\":{\"@type\":\"EntryPoint\",\"urlTemplate\":\"https:\/\/test.esolutions.free2move.com\/eu\/en_it\/?s={search_term_string}\"},\"query-input\":{\"@type\":\"PropertyValueSpecification\",\"valueRequired\":true,\"valueName\":\"search_term_string\"}}],\"inLanguage\":\"es\"},{\"@type\":\"Organization\",\"@id\":\"https:\/\/test.esolutions.free2move.com\/eu\/en_it\/#organization\",\"name\":\"eSolutions europe\",\"url\":\"https:\/\/test.esolutions.free2move.com\/eu\/en_it\/\",\"logo\":{\"@type\":\"ImageObject\",\"inLanguage\":\"es\",\"@id\":\"https:\/\/test.esolutions.free2move.com\/eu\/en_it\/#\/schema\/logo\/image\/\",\"url\":\"https:\/\/www.esolutions.free2move.com\/eu\/wp-content\/uploads\/2024\/03\/logo-f2m-horizontal-1-1-1.png\",\"contentUrl\":\"https:\/\/www.esolutions.free2move.com\/eu\/wp-content\/uploads\/2024\/03\/logo-f2m-horizontal-1-1-1.png\",\"width\":865,\"height\":218,\"caption\":\"eSolutions europe\"},\"image\":{\"@id\":\"https:\/\/test.esolutions.free2move.com\/eu\/en_it\/#\/schema\/logo\/image\/\"}}]}<\/script>\n<!-- \/ Yoast SEO plugin. -->","yoast_head_json":{"title":"Brigitte Courtehoux - eSolution europe","robots":{"index":"index","follow":"follow","max-snippet":"max-snippet:-1","max-image-preview":"max-image-preview:large","max-video-preview":"max-video-preview:-1"},"canonical":"https:\/\/test.esolutions.free2move.com\/eu\/en_def\/governance-ethics\/brigitte-courtehoux\/","og_locale":"es_ES","og_type":"article","og_title":"Brigitte Courtehoux - eSolution europe","og_description":"HomeBrigitte CourtehouxDirector Brigitte Courtehoux es Directora General de Free2move y miembro del Equipo de Alta Direcci\u00f3n de Stellantis. Su carrera se desarroll\u00f3 primero durante 3 a\u00f1os en \"Electricit\u00e9 de France\", despu\u00e9s, en 1998, se incorpor\u00f3 a la industria del autom\u00f3vil en Groupe PSA y ocup\u00f3 puestos de Directora de Planificaci\u00f3n y Calidad en varios proyectos automovil\u00edsticos. En 2008 y 2009, ... Read More","og_url":"https:\/\/test.esolutions.free2move.com\/eu\/en_def\/governance-ethics\/brigitte-courtehoux\/","og_site_name":"eSolution europe","twitter_card":"summary_large_image","twitter_misc":{"Est. reading time":"1 minute"},"schema":{"@context":"https:\/\/schema.org","@graph":[{"@type":"WebPage","@id":"https:\/\/test.esolutions.free2move.com\/eu\/en_def\/governance-ethics\/brigitte-courtehoux\/","url":"https:\/\/test.esolutions.free2move.com\/eu\/en_def\/governance-ethics\/brigitte-courtehoux\/","name":"Brigitte Courtehoux - eSolution europe","isPartOf":{"@id":"https:\/\/test.esolutions.free2move.com\/eu\/en_it\/#website"},"datePublished":"2024-03-18T14:40:52+00:00","breadcrumb":{"@id":"https:\/\/test.esolutions.free2move.com\/eu\/en_def\/governance-ethics\/brigitte-courtehoux\/#breadcrumb"},"inLanguage":"es","potentialAction":[{"@type":"ReadAction","target":["https:\/\/test.esolutions.free2move.com\/eu\/en_def\/governance-ethics\/brigitte-courtehoux\/"]}]},{"@type":"BreadcrumbList","@id":"https:\/\/test.esolutions.free2move.com\/eu\/en_def\/governance-ethics\/brigitte-courtehoux\/#breadcrumb","itemListElement":[{"@type":"ListItem","position":1,"name":"Home","item":"https:\/\/test.esolutions.free2move.com\/eu\/es_es\/"},{"@type":"ListItem","position":2,"name":"Gobernanza y \u00e9tica","item":"https:\/\/test.esolutions.free2move.com\/eu\/es_es\/gobernanza-y-etica\/"},{"@type":"ListItem","position":3,"name":"Brigitte Courtehoux"}]},{"@type":"WebSite","@id":"https:\/\/test.esolutions.free2move.com\/eu\/en_it\/#website","url":"https:\/\/test.esolutions.free2move.com\/eu\/en_it\/","name":"eSolutions europe","description":"","publisher":{"@id":"https:\/\/test.esolutions.free2move.com\/eu\/en_it\/#organization"},"potentialAction":[{"@type":"SearchAction","target":{"@type":"EntryPoint","urlTemplate":"https:\/\/test.esolutions.free2move.com\/eu\/en_it\/?s={search_term_string}"},"query-input":{"@type":"PropertyValueSpecification","valueRequired":true,"valueName":"search_term_string"}}],"inLanguage":"es"},{"@type":"Organization","@id":"https:\/\/test.esolutions.free2move.com\/eu\/en_it\/#organization","name":"eSolutions europe","url":"https:\/\/test.esolutions.free2move.com\/eu\/en_it\/","logo":{"@type":"ImageObject","inLanguage":"es","@id":"https:\/\/test.esolutions.free2move.com\/eu\/en_it\/#\/schema\/logo\/image\/","url":"https:\/\/www.esolutions.free2move.com\/eu\/wp-content\/uploads\/2024\/03\/logo-f2m-horizontal-1-1-1.png","contentUrl":"https:\/\/www.esolutions.free2move.com\/eu\/wp-content\/uploads\/2024\/03\/logo-f2m-horizontal-1-1-1.png","width":865,"height":218,"caption":"eSolutions europe"},"image":{"@id":"https:\/\/test.esolutions.free2move.com\/eu\/en_it\/#\/schema\/logo\/image\/"}}]}},"_links":{"self":[{"href":"https:\/\/test.esolutions.free2move.com\/eu\/es_es\/wp-json\/wp\/v2\/pages\/50263","targetHints":{"allow":["GET"]}}],"collection":[{"href":"https:\/\/test.esolutions.free2move.com\/eu\/es_es\/wp-json\/wp\/v2\/pages"}],"about":[{"href":"https:\/\/test.esolutions.free2move.com\/eu\/es_es\/wp-json\/wp\/v2\/types\/page"}],"author":[{"embeddable":true,"href":"https:\/\/test.esolutions.free2move.com\/eu\/es_es\/wp-json\/wp\/v2\/users\/1"}],"replies":[{"embeddable":true,"href":"https:\/\/test.esolutions.free2move.com\/eu\/es_es\/wp-json\/wp\/v2\/comments?post=50263"}],"version-history":[{"count":0,"href":"https:\/\/test.esolutions.free2move.com\/eu\/es_es\/wp-json\/wp\/v2\/pages\/50263\/revisions"}],"up":[{"embeddable":true,"href":"https:\/\/test.esolutions.free2move.com\/eu\/es_es\/wp-json\/wp\/v2\/pages\/50266"}],"wp:attachment":[{"href":"https:\/\/test.esolutions.free2move.com\/eu\/es_es\/wp-json\/wp\/v2\/media?parent=50263"}],"curies":[{"name":"wp","href":"https:\/\/api.w.org\/{rel}","templated":true}]}}