{"id":50265,"date":"2024-03-18T13:45:26","date_gmt":"2024-03-18T13:45:26","guid":{"rendered":"https:\/\/test.esolutions.free2move.com\/eu\/trabaja-con-nosotros\/"},"modified":"2024-05-31T16:08:15","modified_gmt":"2024-05-31T16:08:15","slug":"trabaja-con-nosotros","status":"publish","type":"page","link":"https:\/\/test.esolutions.free2move.com\/eu\/es_es\/trabaja-con-nosotros\/","title":{"rendered":"Trabaja con nosotros"},"content":{"rendered":"<div id=\"cs-content\" class=\"cs-content\"><nav class=\"x-crumbs e50265-e1 m12s9-0\" role=\"navigation\"><ol class=\"x-crumbs-list\" itemscope=\"\" itemtype=\"http:\/\/schema.org\/BreadcrumbList\" aria-label=\"Breadcrumb Navigation\"><li class=\"x-crumbs-list-item\" itemprop=\"itemListElement\" itemscope itemtype=\"http:\/\/schema.org\/ListItem\"><a class=\"x-crumbs-current x-crumbs-link\" itemtype=\"http:\/\/schema.org\/Thing\" itemprop=\"item\" href=\"https:\/\/test.esolutions.free2move.com\/eu\/es_es\/\" title=\"You Are Here\"><span itemprop=\"name\">Home<\/span><\/a><meta itemprop=\"position\" content=\"1\"><\/li><\/ol><\/nav><div class=\"x-section e50265-e2 m12s9-1 m12s9-2 m12s9-3 m12s9-4\"><div class=\"x-row x-container max width e50265-e3 m12s9-8 m12s9-9 m12s9-a m12s9-f\"><div class=\"x-row-inner\"><div class=\"x-col e50265-e4 m12s9-q m12s9-r m12s9-s m12s9-t m12s9-u m12s9-v m12s9-w m12s9-x es_gap\"><div class=\"x-div e50265-e5 m12s9-14 m12s9-15 m12s9-16 m12s9-17 m12s9-18\"><div class=\"x-text x-text-headline e50265-e6 m12s9-1e m12s9-1f m12s9-1g m12s9-1h\"><div class=\"x-text-content\"><div class=\"x-text-content-text\"><h2 class=\"x-text-content-text-primary\">Trabaja con nosotros<\/h2><\/div><\/div><\/div><div class=\"x-text x-content e50265-e7 m12s9-1l m12s9-1m m12s9-1n m12s9-1o m12s9-1p m12s9-1q m12s9-1r m12s9-1s\"><p>\u00a1\u00danase al movimiento por el cambio en Free2move eSolutions!<\/p><\/div><\/div><\/div><div class=\"x-col e50265-e8 m12s9-v m12s9-w m12s9-x\"><span class=\"x-image e50265-e9 m12s9-23 m12s9-24\"><img decoding=\"async\" src=\"https:\/\/test.esolutions.free2move.com\/eu\/wp-content\/uploads\/2024\/04\/AdobeStock_583892761-scaled.jpeg\" width=\"2560\" height=\"1414\" alt=\"Image\" loading=\"lazy\"><\/span><\/div><\/div><\/div><\/div><div class=\"x-section e50265-e10 m12s9-1 m12s9-5\"><div class=\"x-row x-container max width e50265-e11 m12s9-8 m12s9-9 m12s9-b m12s9-g m12s9-h\"><div class=\"x-row-inner\"><div class=\"x-col e50265-e12 m12s9-q m12s9-r m12s9-s m12s9-t m12s9-u m12s9-w m12s9-x m12s9-y mobile_hidden\"><hr class=\"x-line e50265-e13 m12s9-28\"\/><\/div><div class=\"x-col e50265-e14 m12s9-w m12s9-x m12s9-y es_gap\"><div class=\"x-row e50265-e15 m12s9-8 m12s9-9 m12s9-b m12s9-g m12s9-i\"><div class=\"x-row-inner\"><div class=\"x-col e50265-e16 m12s9-w m12s9-x m12s9-y\"><div class=\"x-text x-content e50265-e17 m12s9-1m m12s9-1p m12s9-1q m12s9-1r m12s9-1t m12s9-1u\"><p>Tenemos la misi\u00f3n de revolucionar el sector de la movilidad el\u00e9ctrica y necesitamos personas apasionadas como usted que nos ayuden a hacerlo realidad. En Free2move eSolutions valoramos y potenciamos nuestros diversos talentos, fomentando una cultura de excelencia, innovaci\u00f3n y liderazgo.<\/p><\/div><\/div><\/div><\/div><\/div><\/div><\/div><\/div><div class=\"x-section e50265-e18 m12s9-1 m12s9-2 m12s9-3 m12s9-4 m12s9-6\"><div class=\"x-div e50265-e19 m12s9-14 m12s9-15 m12s9-17 m12s9-18 m12s9-19 es_full_container\"><div class=\"x-text x-text-headline e50265-e20 m12s9-1f m12s9-1h m12s9-1i m12s9-1j\"><div class=\"x-text-content\"><div class=\"x-text-content-text\"><h3 class=\"x-text-content-text-primary\">Nuestras fuerzas<\/h3><\/div><\/div><\/div><div class=\"x-row e50265-e21 m12s9-8 m12s9-b m12s9-c m12s9-d m12s9-g m12s9-j es_card_container\"><div class=\"x-row-inner\"><div class=\"x-col e50265-e22 m12s9-q m12s9-r m12s9-v m12s9-w m12s9-x m12s9-z m12s9-10 e_home_card\"><div class=\"x-div e50265-e23 m12s9-15 m12s9-16 m12s9-17 m12s9-1a m12s9-1b m12s9-1c text-l\"><span class=\"x-image e50265-e24 m12s9-23 m12s9-25 m12s9-26\"><img decoding=\"async\" src=\"https:\/\/test.esolutions.free2move.com\/eu\/wp-content\/uploads\/2024\/04\/Icon-27.svg\" width=\"71\" height=\"71\" alt=\"Image\" loading=\"lazy\"><\/span><div class=\"x-text x-content e50265-e25 m12s9-1m m12s9-1o m12s9-1p m12s9-1q m12s9-1s m12s9-1v m12s9-1w m12s9-1x\"><p>Aprendizaje continuo<\/p><\/div><div class=\"x-text x-content e50265-e26 m12s9-1m m12s9-1n m12s9-1o m12s9-1s m12s9-1w m12s9-1x m12s9-1y m12s9-1z\"><div class=\"col col-md-4 col-xxl mb-3 mx-0 mx-xxl-2 text-center\">Acceda a nuestro eLearning Hub, una plataforma de vanguardia compartida con Stellantis Group, que ofrece oportunidades de aprendizaje escalables y orientadas al futuro, disponibles las 24 horas, los 7 d\u00edas de la semana.<\/div><\/div><\/div><\/div><div class=\"x-col e50265-e27 m12s9-q m12s9-r m12s9-v m12s9-w m12s9-x m12s9-z m12s9-10 e_home_card\"><div class=\"x-div e50265-e28 m12s9-15 m12s9-16 m12s9-17 m12s9-1a m12s9-1b m12s9-1c text-l\"><span class=\"x-image e50265-e29 m12s9-23 m12s9-25 m12s9-26\"><img decoding=\"async\" src=\"https:\/\/test.esolutions.free2move.com\/eu\/wp-content\/uploads\/2024\/04\/Icon-18.svg\" width=\"71\" height=\"71\" alt=\"Image\" loading=\"lazy\"><\/span><div class=\"x-text x-content e50265-e30 m12s9-1m m12s9-1o m12s9-1p m12s9-1q m12s9-1s m12s9-1v m12s9-1w m12s9-1x\"><p>Tecnolog\u00eda<\/p><\/div><div class=\"x-text x-content e50265-e31 m12s9-1m m12s9-1n m12s9-1s m12s9-1w m12s9-1x m12s9-1y m12s9-1z m12s9-20\"><div class=\"col col-md-4 col-xxl mb-3 mx-0 mx-xxl-2 text-center\">Disfrute de la colaboraci\u00f3n virtual y de estaciones de trabajo profesionales de primer nivel para impulsar su creatividad y productividad.<\/div><\/div><\/div><\/div><div class=\"x-col e50265-e32 m12s9-q m12s9-r m12s9-v m12s9-w m12s9-x m12s9-z m12s9-10 e_home_card\"><div class=\"x-div e50265-e33 m12s9-15 m12s9-16 m12s9-17 m12s9-1a m12s9-1b m12s9-1c text-l\"><span class=\"x-image e50265-e34 m12s9-23 m12s9-25 m12s9-26\"><img decoding=\"async\" src=\"https:\/\/test.esolutions.free2move.com\/eu\/wp-content\/uploads\/2024\/04\/Icon-59.svg\" width=\"71\" height=\"71\" alt=\"Image\" loading=\"lazy\"><\/span><div class=\"x-text x-content e50265-e35 m12s9-1m m12s9-1o m12s9-1p m12s9-1q m12s9-1s m12s9-1v m12s9-1w m12s9-1x\"><p>familia trabajando<\/p><\/div><div class=\"x-text x-content e50265-e36 m12s9-1m m12s9-1n m12s9-1o m12s9-1s m12s9-1w m12s9-1x m12s9-1y m12s9-1z\"><div class=\"col col-md-4 col-xxl mb-3 mx-0 mx-xxl-2 text-center\">Experimente un enfoque innovador para el equilibrio entre el trabajo y la vida personal, con la familia en el centro de nuestra cultura.<\/div><\/div><\/div><\/div><div class=\"x-col e50265-e37 m12s9-q m12s9-r m12s9-v m12s9-w m12s9-x m12s9-z m12s9-10 e_home_card\"><div class=\"x-div e50265-e38 m12s9-15 m12s9-16 m12s9-17 m12s9-1a m12s9-1b m12s9-1c text-l\"><span class=\"x-image e50265-e39 m12s9-23 m12s9-25 m12s9-26\"><img decoding=\"async\" src=\"https:\/\/test.esolutions.free2move.com\/eu\/wp-content\/uploads\/2024\/03\/Icon-6.svg\" width=\"71\" height=\"71\" alt=\"Image\" loading=\"lazy\"><\/span><div class=\"x-text x-content e50265-e40 m12s9-1m m12s9-1o m12s9-1p m12s9-1q m12s9-1s m12s9-1v m12s9-1w m12s9-1x\"><p>Flexibilidad laboral<\/p><\/div><div class=\"x-text x-content e50265-e41 m12s9-1m m12s9-1n m12s9-1o m12s9-1s m12s9-1w m12s9-1x m12s9-1y m12s9-1z\"><div class=\"col col-md-4 col-xxl mb-3 mx-0 mx-xxl-2 text-center\">Con nuestra programaci\u00f3n flexible y trabajo \u00e1gil, puede administrar sus horas de trabajo equilibrando sus necesidades con las de las empresas.<\/div><\/div><\/div><\/div><div class=\"x-col e50265-e42 m12s9-q m12s9-r m12s9-v m12s9-w m12s9-x m12s9-z m12s9-10 e_home_card\"><div class=\"x-div e50265-e43 m12s9-15 m12s9-16 m12s9-17 m12s9-1a m12s9-1b m12s9-1c text-l\"><span class=\"x-image e50265-e44 m12s9-23 m12s9-25 m12s9-26\"><img decoding=\"async\" src=\"https:\/\/test.esolutions.free2move.com\/eu\/wp-content\/uploads\/2024\/04\/Icon-10.svg\" width=\"71\" height=\"71\" alt=\"Image\" loading=\"lazy\"><\/span><div class=\"x-text x-content e50265-e45 m12s9-1m m12s9-1o m12s9-1p m12s9-1q m12s9-1s m12s9-1v m12s9-1w m12s9-1x\">Bienestar<\/div><div class=\"x-text x-content e50265-e46 m12s9-1m m12s9-1n m12s9-1o m12s9-1s m12s9-1w m12s9-1x m12s9-1y m12s9-1z\"><div class=\"container fondo-verde\">\n<div class=\"internal_white_box\">\n<div class=\"row row_product mt-0\">\n<div class=\"col-md-12 pb-0\">\n<div class=\"strength_blocks\">\n<div class=\"row d-flex justify-content-center\">\n<div class=\"col col-md-4 col-xxl mb-3 mx-0 mx-xxl-2 text-center\">Utilice nuestra aplicaci\u00f3n de bienestar para medir y mejorar sus niveles de compromiso, motivaci\u00f3n y estr\u00e9s.<\/div>\n<\/div>\n<\/div>\n<\/div>\n<\/div>\n<\/div>\n<\/div><\/div><\/div><\/div><div class=\"x-col e50265-e47 m12s9-q m12s9-r m12s9-v m12s9-w m12s9-x m12s9-z m12s9-10 e_home_card\"><div class=\"x-div e50265-e48 m12s9-15 m12s9-16 m12s9-17 m12s9-1a m12s9-1b m12s9-1c text-l\"><span class=\"x-image e50265-e49 m12s9-23 m12s9-25 m12s9-26\"><img decoding=\"async\" src=\"https:\/\/test.esolutions.free2move.com\/eu\/wp-content\/uploads\/2024\/03\/Icon-23.svg\" width=\"71\" height=\"71\" alt=\"Image\" loading=\"lazy\"><\/span><div class=\"x-text x-content e50265-e50 m12s9-1m m12s9-1o m12s9-1p m12s9-1q m12s9-1s m12s9-1v m12s9-1w m12s9-1x\"><p>Plan de Bienestar<\/p><\/div><div class=\"x-text x-content e50265-e51 m12s9-1m m12s9-1n m12s9-1o m12s9-1s m12s9-1w m12s9-1x m12s9-1y m12s9-1z\"><div class=\"container fondo-verde\">\n<div class=\"internal_white_box\">\n<div class=\"row row_product mt-0\">\n<div class=\"col-md-12 pb-0\">\n<div class=\"strength_blocks\">\n<div class=\"row d-flex justify-content-center\">\n<div class=\"col col-md-4 col-xxl mb-3 mx-0 mx-xxl-2 text-center\">Aprovecha un conjunto integral de iniciativas y beneficios dise\u00f1ados para mejorar tu calidad de vida y bienestar, para ti y tu familia.<\/div>\n<\/div>\n<\/div>\n<\/div>\n<\/div>\n<\/div>\n<\/div><\/div><\/div><\/div><\/div><\/div><\/div><\/div><div class=\"x-section e50265-e52 m12s9-1 m12s9-2 m12s9-4\"><div class=\"x-row x-container max width e50265-e53 m12s9-8 m12s9-9 m12s9-b m12s9-e m12s9-g m12s9-k\"><div class=\"x-row-inner\"><div class=\"x-col e50265-e54 m12s9-q m12s9-r m12s9-s m12s9-t m12s9-u m12s9-w m12s9-x m12s9-y es_gap\"><div class=\"x-row e50265-e55 m12s9-8 m12s9-9 m12s9-b m12s9-g m12s9-l\"><div class=\"x-row-inner\"><div class=\"x-col e50265-e56 m12s9-w m12s9-x m12s9-y\"><div class=\"x-text x-content e50265-e57 m12s9-1m m12s9-1p m12s9-1t m12s9-1u m12s9-1x text-l\"><p>\u00bfUnirte a nuestro equipo? Lo cubrimos con nuestro eficaz programa de incorporaci\u00f3n, que garantiza una transici\u00f3n e integraci\u00f3n sin problemas en la cultura de nuestra empresa. Durante sus primeros 6 meses en Free2move eSolutions, realizar\u00e1 una variedad de actividades para ayudarlo mejor a adquirir la cultura de eSolutions. <br>Te integrar\u00e1s r\u00e1pidamente en cada entorno y conocer\u00e1s cada parte de eSolutions para que puedas sentir desde el principio que perteneces aqu\u00ed. Parte de las actividades son apoyarlo a conocer nuestros procesos, un conocimiento profundo de nuestros productos tanto hardware como digitales y compartir los valores de nuestra empresa.<\/p><\/div><\/div><\/div><\/div><\/div><\/div><\/div><\/div><div class=\"x-section e50265-e58 m12s9-1 m12s9-4 m12s9-7\"><div class=\"x-row x-container max width e50265-e59 m12s9-8 m12s9-9 m12s9-b m12s9-e m12s9-g m12s9-m\"><div class=\"x-row-inner\"><div class=\"x-col e50265-e60 m12s9-q m12s9-s m12s9-u m12s9-w m12s9-x m12s9-y m12s9-11 m12s9-12\"><span class=\"x-image e50265-e61 m12s9-23 m12s9-26 m12s9-27\"><img decoding=\"async\" src=\"https:\/\/test.esolutions.free2move.com\/eu\/wp-content\/uploads\/2024\/03\/Icon-13-2.png\" width=\"142\" height=\"142\" alt=\"Image\" loading=\"lazy\"><\/span><\/div><div class=\"x-col e50265-e62 m12s9-q m12s9-r m12s9-s m12s9-t m12s9-u m12s9-w m12s9-x m12s9-y es_gap\"><div class=\"x-row e50265-e63 m12s9-8 m12s9-9 m12s9-b m12s9-c m12s9-g m12s9-n\"><div class=\"x-row-inner\"><div class=\"x-col e50265-e64 m12s9-q m12s9-t m12s9-u m12s9-w m12s9-y m12s9-10 m12s9-11 m12s9-13 es_gap\"><div class=\"x-text x-text-headline e50265-e65 m12s9-1f m12s9-1g m12s9-1j m12s9-1k\"><div class=\"x-text-content\"><div class=\"x-text-content-text\"><h4 class=\"x-text-content-text-primary\"><strong>\u00bfListo para ser parte de algo m\u00e1s grande? \u00a1Siempre estamos buscando talentos!<\/strong><\/h4><\/div><\/div><\/div><div class=\"x-text x-content e50265-e66 m12s9-1m m12s9-1o m12s9-1p m12s9-1q m12s9-1r m12s9-1s m12s9-1t m12s9-21\"><div class=\"ewa-rteLine\">Explora nuestros puestos vacantes y \u00fanete a nuestra comunidad de talentos. En Free2move eSolutions celebramos la diversidad y la inclusi\u00f3n. Creemos que cada voz importa y buscamos activamente personas de todos los or\u00edgenes para unirse a nuestro equipo. Independientemente de su cultura, g\u00e9nero, habilidades o identidad, aqu\u00ed encontrar\u00e1 igualdad de oportunidades y una comunidad acogedora.<\/div><\/div><div class=\"x-div e50265-e67 m12s9-14 m12s9-15 m12s9-16 m12s9-17 m12s9-18 m12s9-1a m12s9-1b\"><a class=\"x-div e50265-e68 m12s9-14 m12s9-15 m12s9-16 m12s9-1a m12s9-1d es_button_hover\" href=\"https:\/\/www.linkedin.com\/jobs\/search?keywords=Esolutions&amp;location=Italy&amp;locationId=&amp;geoId=103350119&amp;f_TPR=&amp;f_C=77398905&amp;position=1&amp;pageNum=0\" target=\"_blank\"><div class=\"x-text x-content e50265-e69 m12s9-1m m12s9-1o m12s9-1t m12s9-1x m12s9-1z m12s9-22\"><p>M\u00e1s informaci\u00f3n<\/p><\/div><\/a><\/div><\/div><\/div><\/div><\/div><\/div><\/div><\/div><div class=\"x-section e50265-e70 m12s9-1 m12s9-4 m12s9-7\"><div class=\"x-row x-container max width e50265-e71 m12s9-8 m12s9-9 m12s9-b m12s9-e m12s9-g m12s9-o\"><div class=\"x-row-inner\"><div class=\"x-col e50265-e72 m12s9-q m12s9-s m12s9-u m12s9-w m12s9-x m12s9-y m12s9-11 m12s9-12\"><span class=\"x-image e50265-e73 m12s9-23 m12s9-26 m12s9-27\"><img decoding=\"async\" src=\"https:\/\/test.esolutions.free2move.com\/eu\/wp-content\/uploads\/2024\/03\/Icon-14-1.png\" width=\"142\" height=\"142\" alt=\"Image\" loading=\"lazy\"><\/span><\/div><div class=\"x-col e50265-e74 m12s9-q m12s9-r m12s9-s m12s9-t m12s9-u m12s9-w m12s9-x m12s9-y es_gap\"><div class=\"x-row e50265-e75 m12s9-8 m12s9-9 m12s9-b m12s9-c m12s9-g m12s9-p\"><div class=\"x-row-inner\"><div class=\"x-col e50265-e76 m12s9-q m12s9-t m12s9-u m12s9-w m12s9-y m12s9-10 m12s9-11 m12s9-13 es_gap\"><div class=\"x-text x-text-headline e50265-e77 m12s9-1f m12s9-1g m12s9-1j m12s9-1k\"><div class=\"x-text-content\"><div class=\"x-text-content-text\"><h4 class=\"x-text-content-text-primary\"><strong>Aplicaci\u00f3n espont\u00e1nea<\/strong><\/h4><\/div><\/div><\/div><div class=\"x-text x-content e50265-e78 m12s9-1m m12s9-1o m12s9-1p m12s9-1q m12s9-1r m12s9-1s m12s9-1t m12s9-21\"><div class=\"ewa-rteLine\">Incluso si no hay un puesto espec\u00edfico para usted en este momento, damos la bienvenida a solicitudes espont\u00e1neas tanto de j\u00f3venes graduados como de profesionales experimentados. \u00a1Su viaje hacia un futuro mejor comienza aqu\u00ed en Free2move eSolutions!<\/div><\/div><div class=\"x-div e50265-e79 m12s9-14 m12s9-15 m12s9-16 m12s9-17 m12s9-18 m12s9-1a m12s9-1b\"><a class=\"x-div e50265-e80 m12s9-14 m12s9-15 m12s9-16 m12s9-1a m12s9-1d es_button_hover\" href=\".\/general-application\" target=\"_blank\"><div class=\"x-text x-content e50265-e81 m12s9-1m m12s9-1o m12s9-1t m12s9-1x m12s9-1z m12s9-22\"><p>Aplicar<\/p><\/div><\/a><\/div><\/div><\/div><\/div><\/div><\/div><\/div><\/div><\/div>\n","protected":false},"excerpt":{"rendered":"<p>HomeTrabaja con nosotros\u00a1\u00danase al movimiento por el cambio en Free2move eSolutions!Tenemos la misi\u00f3n de revolucionar el sector de la movilidad el\u00e9ctrica y necesitamos personas apasionadas como usted que nos ayuden a hacerlo realidad. En Free2move eSolutions valoramos y potenciamos nuestros diversos talentos, fomentando una cultura de excelencia, innovaci\u00f3n y liderazgo.Nuestras fuerzasAprendizaje continuoAcceda a nuestro eLearning Hub, una plataforma de vanguardia &#8230; <\/p>\n<div><a href=\"https:\/\/test.esolutions.free2move.com\/eu\/es_es\/trabaja-con-nosotros\/\" class=\"more-link\">Read More<\/a><\/div>\n","protected":false},"author":1,"featured_media":0,"parent":0,"menu_order":0,"comment_status":"closed","ping_status":"closed","template":"template-blank-4.php","meta":{"_acf_changed":false,"inline_featured_image":false,"footnotes":""},"class_list":["post-50265","page","type-page","status-publish","hentry","no-post-thumbnail"],"acf":[],"yoast_head":"<!-- This site is optimized with the Yoast SEO plugin v24.4 - https:\/\/yoast.com\/wordpress\/plugins\/seo\/ -->\n<title>Trabaja con nosotros | Free2move eSolutions<\/title>\n<meta name=\"description\" content=\"\u00danase a nuestro equipo en Free2move eSolutions y sea parte de nuestra misi\u00f3n de revolucionar el futuro de la carga de veh\u00edculos el\u00e9ctricos. \u00a1Explore oportunidades profesionales ahora!\" \/>\n<meta name=\"robots\" content=\"index, follow, max-snippet:-1, max-image-preview:large, max-video-preview:-1\" \/>\n<link rel=\"canonical\" href=\"https:\/\/test.esolutions.free2move.com\/eu\/es_es\/trabaja-con-nosotros\/\" \/>\n<meta property=\"og:locale\" content=\"es_ES\" \/>\n<meta property=\"og:type\" content=\"article\" \/>\n<meta property=\"og:title\" content=\"Trabaja con nosotros | Free2move eSolutions\" \/>\n<meta property=\"og:description\" content=\"\u00danase a nuestro equipo en Free2move eSolutions y sea parte de nuestra misi\u00f3n de revolucionar el futuro de la carga de veh\u00edculos el\u00e9ctricos. \u00a1Explore oportunidades profesionales ahora!\" \/>\n<meta property=\"og:url\" content=\"https:\/\/test.esolutions.free2move.com\/eu\/es_es\/trabaja-con-nosotros\/\" \/>\n<meta property=\"og:site_name\" content=\"eSolution europe\" \/>\n<meta property=\"article:modified_time\" content=\"2024-05-31T16:08:15+00:00\" \/>\n<meta name=\"twitter:card\" content=\"summary_large_image\" \/>\n<meta name=\"twitter:label1\" content=\"Est. reading time\" \/>\n\t<meta name=\"twitter:data1\" content=\"6 minutes\" \/>\n<script type=\"application\/ld+json\" class=\"yoast-schema-graph\">{\"@context\":\"https:\/\/schema.org\",\"@graph\":[{\"@type\":\"WebPage\",\"@id\":\"https:\/\/test.esolutions.free2move.com\/eu\/es_es\/trabaja-con-nosotros\/\",\"url\":\"https:\/\/test.esolutions.free2move.com\/eu\/es_es\/trabaja-con-nosotros\/\",\"name\":\"Trabaja con nosotros | Free2move eSolutions\",\"isPartOf\":{\"@id\":\"https:\/\/test.esolutions.free2move.com\/eu\/en_it\/#website\"},\"datePublished\":\"2024-03-18T13:45:26+00:00\",\"dateModified\":\"2024-05-31T16:08:15+00:00\",\"description\":\"\u00danase a nuestro equipo en Free2move eSolutions y sea parte de nuestra misi\u00f3n de revolucionar el futuro de la carga de veh\u00edculos el\u00e9ctricos. \u00a1Explore oportunidades profesionales ahora!\",\"breadcrumb\":{\"@id\":\"https:\/\/test.esolutions.free2move.com\/eu\/es_es\/trabaja-con-nosotros\/#breadcrumb\"},\"inLanguage\":\"es\",\"potentialAction\":[{\"@type\":\"ReadAction\",\"target\":[\"https:\/\/test.esolutions.free2move.com\/eu\/es_es\/trabaja-con-nosotros\/\"]}]},{\"@type\":\"BreadcrumbList\",\"@id\":\"https:\/\/test.esolutions.free2move.com\/eu\/es_es\/trabaja-con-nosotros\/#breadcrumb\",\"itemListElement\":[{\"@type\":\"ListItem\",\"position\":1,\"name\":\"Home\",\"item\":\"https:\/\/test.esolutions.free2move.com\/eu\/es_es\/\"},{\"@type\":\"ListItem\",\"position\":2,\"name\":\"Trabaja con nosotros\"}]},{\"@type\":\"WebSite\",\"@id\":\"https:\/\/test.esolutions.free2move.com\/eu\/en_it\/#website\",\"url\":\"https:\/\/test.esolutions.free2move.com\/eu\/en_it\/\",\"name\":\"eSolutions europe\",\"description\":\"\",\"publisher\":{\"@id\":\"https:\/\/test.esolutions.free2move.com\/eu\/en_it\/#organization\"},\"potentialAction\":[{\"@type\":\"SearchAction\",\"target\":{\"@type\":\"EntryPoint\",\"urlTemplate\":\"https:\/\/test.esolutions.free2move.com\/eu\/en_it\/?s={search_term_string}\"},\"query-input\":{\"@type\":\"PropertyValueSpecification\",\"valueRequired\":true,\"valueName\":\"search_term_string\"}}],\"inLanguage\":\"es\"},{\"@type\":\"Organization\",\"@id\":\"https:\/\/test.esolutions.free2move.com\/eu\/en_it\/#organization\",\"name\":\"eSolutions europe\",\"url\":\"https:\/\/test.esolutions.free2move.com\/eu\/en_it\/\",\"logo\":{\"@type\":\"ImageObject\",\"inLanguage\":\"es\",\"@id\":\"https:\/\/test.esolutions.free2move.com\/eu\/en_it\/#\/schema\/logo\/image\/\",\"url\":\"https:\/\/www.esolutions.free2move.com\/eu\/wp-content\/uploads\/2024\/03\/logo-f2m-horizontal-1-1-1.png\",\"contentUrl\":\"https:\/\/www.esolutions.free2move.com\/eu\/wp-content\/uploads\/2024\/03\/logo-f2m-horizontal-1-1-1.png\",\"width\":865,\"height\":218,\"caption\":\"eSolutions europe\"},\"image\":{\"@id\":\"https:\/\/test.esolutions.free2move.com\/eu\/en_it\/#\/schema\/logo\/image\/\"}}]}<\/script>\n<!-- \/ Yoast SEO plugin. -->","yoast_head_json":{"title":"Trabaja con nosotros | Free2move eSolutions","description":"\u00danase a nuestro equipo en Free2move eSolutions y sea parte de nuestra misi\u00f3n de revolucionar el futuro de la carga de veh\u00edculos el\u00e9ctricos. \u00a1Explore oportunidades profesionales ahora!","robots":{"index":"index","follow":"follow","max-snippet":"max-snippet:-1","max-image-preview":"max-image-preview:large","max-video-preview":"max-video-preview:-1"},"canonical":"https:\/\/test.esolutions.free2move.com\/eu\/es_es\/trabaja-con-nosotros\/","og_locale":"es_ES","og_type":"article","og_title":"Trabaja con nosotros | Free2move eSolutions","og_description":"\u00danase a nuestro equipo en Free2move eSolutions y sea parte de nuestra misi\u00f3n de revolucionar el futuro de la carga de veh\u00edculos el\u00e9ctricos. \u00a1Explore oportunidades profesionales ahora!","og_url":"https:\/\/test.esolutions.free2move.com\/eu\/es_es\/trabaja-con-nosotros\/","og_site_name":"eSolution europe","article_modified_time":"2024-05-31T16:08:15+00:00","twitter_card":"summary_large_image","twitter_misc":{"Est. reading time":"6 minutes"},"schema":{"@context":"https:\/\/schema.org","@graph":[{"@type":"WebPage","@id":"https:\/\/test.esolutions.free2move.com\/eu\/es_es\/trabaja-con-nosotros\/","url":"https:\/\/test.esolutions.free2move.com\/eu\/es_es\/trabaja-con-nosotros\/","name":"Trabaja con nosotros | Free2move eSolutions","isPartOf":{"@id":"https:\/\/test.esolutions.free2move.com\/eu\/en_it\/#website"},"datePublished":"2024-03-18T13:45:26+00:00","dateModified":"2024-05-31T16:08:15+00:00","description":"\u00danase a nuestro equipo en Free2move eSolutions y sea parte de nuestra misi\u00f3n de revolucionar el futuro de la carga de veh\u00edculos el\u00e9ctricos. \u00a1Explore oportunidades profesionales ahora!","breadcrumb":{"@id":"https:\/\/test.esolutions.free2move.com\/eu\/es_es\/trabaja-con-nosotros\/#breadcrumb"},"inLanguage":"es","potentialAction":[{"@type":"ReadAction","target":["https:\/\/test.esolutions.free2move.com\/eu\/es_es\/trabaja-con-nosotros\/"]}]},{"@type":"BreadcrumbList","@id":"https:\/\/test.esolutions.free2move.com\/eu\/es_es\/trabaja-con-nosotros\/#breadcrumb","itemListElement":[{"@type":"ListItem","position":1,"name":"Home","item":"https:\/\/test.esolutions.free2move.com\/eu\/es_es\/"},{"@type":"ListItem","position":2,"name":"Trabaja con nosotros"}]},{"@type":"WebSite","@id":"https:\/\/test.esolutions.free2move.com\/eu\/en_it\/#website","url":"https:\/\/test.esolutions.free2move.com\/eu\/en_it\/","name":"eSolutions europe","description":"","publisher":{"@id":"https:\/\/test.esolutions.free2move.com\/eu\/en_it\/#organization"},"potentialAction":[{"@type":"SearchAction","target":{"@type":"EntryPoint","urlTemplate":"https:\/\/test.esolutions.free2move.com\/eu\/en_it\/?s={search_term_string}"},"query-input":{"@type":"PropertyValueSpecification","valueRequired":true,"valueName":"search_term_string"}}],"inLanguage":"es"},{"@type":"Organization","@id":"https:\/\/test.esolutions.free2move.com\/eu\/en_it\/#organization","name":"eSolutions europe","url":"https:\/\/test.esolutions.free2move.com\/eu\/en_it\/","logo":{"@type":"ImageObject","inLanguage":"es","@id":"https:\/\/test.esolutions.free2move.com\/eu\/en_it\/#\/schema\/logo\/image\/","url":"https:\/\/www.esolutions.free2move.com\/eu\/wp-content\/uploads\/2024\/03\/logo-f2m-horizontal-1-1-1.png","contentUrl":"https:\/\/www.esolutions.free2move.com\/eu\/wp-content\/uploads\/2024\/03\/logo-f2m-horizontal-1-1-1.png","width":865,"height":218,"caption":"eSolutions europe"},"image":{"@id":"https:\/\/test.esolutions.free2move.com\/eu\/en_it\/#\/schema\/logo\/image\/"}}]}},"_links":{"self":[{"href":"https:\/\/test.esolutions.free2move.com\/eu\/es_es\/wp-json\/wp\/v2\/pages\/50265","targetHints":{"allow":["GET"]}}],"collection":[{"href":"https:\/\/test.esolutions.free2move.com\/eu\/es_es\/wp-json\/wp\/v2\/pages"}],"about":[{"href":"https:\/\/test.esolutions.free2move.com\/eu\/es_es\/wp-json\/wp\/v2\/types\/page"}],"author":[{"embeddable":true,"href":"https:\/\/test.esolutions.free2move.com\/eu\/es_es\/wp-json\/wp\/v2\/users\/1"}],"replies":[{"embeddable":true,"href":"https:\/\/test.esolutions.free2move.com\/eu\/es_es\/wp-json\/wp\/v2\/comments?post=50265"}],"version-history":[{"count":2,"href":"https:\/\/test.esolutions.free2move.com\/eu\/es_es\/wp-json\/wp\/v2\/pages\/50265\/revisions"}],"predecessor-version":[{"id":50363,"href":"https:\/\/test.esolutions.free2move.com\/eu\/es_es\/wp-json\/wp\/v2\/pages\/50265\/revisions\/50363"}],"wp:attachment":[{"href":"https:\/\/test.esolutions.free2move.com\/eu\/es_es\/wp-json\/wp\/v2\/media?parent=50265"}],"curies":[{"name":"wp","href":"https:\/\/api.w.org\/{rel}","templated":true}]}}