{"id":50266,"date":"2024-03-18T13:33:25","date_gmt":"2024-03-18T13:33:25","guid":{"rendered":"https:\/\/test.esolutions.free2move.com\/eu\/gobernanza-y-etica\/"},"modified":"2024-05-31T16:10:23","modified_gmt":"2024-05-31T16:10:23","slug":"gobernanza-y-etica","status":"publish","type":"page","link":"https:\/\/test.esolutions.free2move.com\/eu\/es_es\/gobernanza-y-etica\/","title":{"rendered":"Gobernanza y \u00e9tica"},"content":{"rendered":"<div id=\"cs-content\" class=\"cs-content\"><nav class=\"x-crumbs e50266-e1 m12sa-0\" role=\"navigation\"><ol class=\"x-crumbs-list\" itemscope=\"\" itemtype=\"http:\/\/schema.org\/BreadcrumbList\" aria-label=\"Breadcrumb Navigation\"><li class=\"x-crumbs-list-item\" itemprop=\"itemListElement\" itemscope itemtype=\"http:\/\/schema.org\/ListItem\"><a class=\"x-crumbs-current x-crumbs-link\" itemtype=\"http:\/\/schema.org\/Thing\" itemprop=\"item\" href=\"https:\/\/test.esolutions.free2move.com\/eu\/es_es\/\" title=\"You Are Here\"><span itemprop=\"name\">Home<\/span><\/a><meta itemprop=\"position\" content=\"1\"><\/li><\/ol><\/nav><div class=\"x-section e50266-e2 m12sa-1 m12sa-2 m12sa-3\"><div class=\"x-row x-container max width e50266-e3 m12sa-6 m12sa-7 m12sa-8 m12sa-9 m12sa-e\"><div class=\"x-row-inner\"><div class=\"x-col e50266-e4 m12sa-y m12sa-z m12sa-10 es_gap\"><div class=\"x-div e50266-e5 m12sa-12 m12sa-13\"><div class=\"x-text x-text-headline e50266-e6 m12sa-19 m12sa-1a m12sa-1b m12sa-1c m12sa-1d\"><div class=\"x-text-content\"><div class=\"x-text-content-text\"><h2 class=\"x-text-content-text-primary\">Gobernanza y \u00e9tica<\/h2><\/div><\/div><\/div><div class=\"x-text x-content e50266-e7 m12sa-1i m12sa-1j m12sa-1k m12sa-1l m12sa-1m m12sa-1n m12sa-1o\"><p>M\u00e1s informaci\u00f3n sobre nuestro&nbsp;<strong>Consejo de<\/strong> Administraci\u00f3n&nbsp;altamente comprometido en la supervisi\u00f3n de nuestra estrategia empresarial y nuestras elevadas normas \u00e9ticas basadas en la integridad como mandato rector de todas nuestras decisiones.<\/p><\/div><\/div><\/div><div class=\"x-col e50266-e8 m12sa-z m12sa-10\"><span class=\"x-image e50266-e9 m12sa-1y m12sa-1z\"><img decoding=\"async\" src=\"https:\/\/test.esolutions.free2move.com\/eu\/wp-content\/uploads\/2024\/03\/iStock-1010836150.jpg\" width=\"1382\" height=\"936\" alt=\"Image\" loading=\"lazy\"><\/span><\/div><\/div><\/div><\/div><div class=\"x-section e50266-e10 m12sa-1 m12sa-2 m12sa-4\"><div class=\"x-text x-text-headline e50266-e11 m12sa-1a m12sa-1b m12sa-1d m12sa-1e m12sa-1f\"><div class=\"x-text-content\"><div class=\"x-text-content-text\"><h3 class=\"x-text-content-text-primary\">Consejo de Administraci\u00f3n<\/h3><\/div><\/div><\/div><div class=\"x-row x-container max width e50266-e12 m12sa-6 m12sa-7 m12sa-a m12sa-b m12sa-c m12sa-f m12sa-g\"><div class=\"x-row-inner\"><div class=\"x-col e50266-e13 m12sa-10 m12sa-11\"><div class=\"x-row e50266-e14 m12sa-6 m12sa-7 m12sa-8 m12sa-b m12sa-c m12sa-f m12sa-h\"><div class=\"x-row-inner\"><div class=\"x-col e50266-e15 m12sa-10 m12sa-11\"><span class=\"x-image e50266-e16 m12sa-1y m12sa-20\"><img decoding=\"async\" src=\"https:\/\/test.esolutions.free2move.com\/eu\/wp-content\/uploads\/2024\/03\/GovernanceEthics_Carlalberto-Guglielminotti-copia.jpg\" width=\"146\" height=\"134\" alt=\"Image\" loading=\"lazy\"><\/span><\/div><\/div><\/div><div class=\"x-row e50266-e17 m12sa-6 m12sa-8 m12sa-c m12sa-d m12sa-f m12sa-i\"><div class=\"x-row-inner\"><div class=\"x-col e50266-e18 m12sa-10 m12sa-11\"><div class=\"x-text x-content e50266-e19 m12sa-1j m12sa-1k m12sa-1m m12sa-1o m12sa-1p m12sa-1q\"><h5>Carlalberto Guglielminotti<\/h5><\/div><div class=\"x-text x-content e50266-e20 m12sa-1j m12sa-1k m12sa-1l m12sa-1m m12sa-1q m12sa-1r m12sa-1s\"><h6>Presidente Ejecutivo<\/h6><\/div><div class=\"x-div e50266-e21 m12sa-12 m12sa-13\"><a class=\"x-div e50266-e22 m12sa-12 m12sa-14 m12sa-15 m12sa-16 es_button_hover\" href=\".\/carlalberto-guglielminotti\/\"><div class=\"x-text x-content e50266-e23 m12sa-1j m12sa-1k m12sa-1p m12sa-1q m12sa-1s m12sa-1t m12sa-1u\"><strong>M\u00e1s informaci\u00f3n<\/strong><\/div><\/a><\/div><\/div><\/div><\/div><\/div><div class=\"x-col e50266-e24 m12sa-10 m12sa-11\"><div class=\"x-row e50266-e25 m12sa-6 m12sa-7 m12sa-8 m12sa-b m12sa-c m12sa-f m12sa-j\"><div class=\"x-row-inner\"><div class=\"x-col e50266-e26 m12sa-10 m12sa-11\"><span class=\"x-image e50266-e27 m12sa-1y m12sa-20\"><img decoding=\"async\" src=\"https:\/\/test.esolutions.free2move.com\/eu\/wp-content\/uploads\/2024\/03\/MATHILDE_LHEUREUX.jpg\" width=\"146\" height=\"134\" alt=\"Image\" loading=\"lazy\"><\/span><\/div><\/div><\/div><div class=\"x-row e50266-e28 m12sa-6 m12sa-8 m12sa-c m12sa-d m12sa-f m12sa-k\"><div class=\"x-row-inner\"><div class=\"x-col e50266-e29 m12sa-10 m12sa-11\"><div class=\"x-text x-content e50266-e30 m12sa-1j m12sa-1k m12sa-1m m12sa-1o m12sa-1p m12sa-1q\"><h5>Mathilde Lheureux<\/h5><\/div><div class=\"x-text x-content e50266-e31 m12sa-1j m12sa-1k m12sa-1l m12sa-1m m12sa-1q m12sa-1r m12sa-1s\"><h6>Consejero Delegado<\/h6><\/div><div class=\"x-div e50266-e32 m12sa-12 m12sa-13\"><a class=\"x-div e50266-e33 m12sa-12 m12sa-14 m12sa-15 m12sa-16 es_button_hover\" href=\".\/mathilde-lheureux\/\"><div class=\"x-text x-content e50266-e34 m12sa-1j m12sa-1k m12sa-1p m12sa-1q m12sa-1s m12sa-1u m12sa-1v\"><strong>M\u00e1s informaci\u00f3n<\/strong><\/div><\/a><\/div><\/div><\/div><\/div><\/div><div class=\"x-col e50266-e35 m12sa-10 m12sa-11\"><div class=\"x-row e50266-e36 m12sa-6 m12sa-7 m12sa-8 m12sa-b m12sa-c m12sa-f m12sa-l\"><div class=\"x-row-inner\"><div class=\"x-col e50266-e37 m12sa-10 m12sa-11\"><span class=\"x-image e50266-e38 m12sa-1y m12sa-20\"><img decoding=\"async\" src=\"https:\/\/test.esolutions.free2move.com\/eu\/wp-content\/uploads\/2024\/03\/GovernanceEthics_Brigitte-Courtehou-copia-1.jpg\" width=\"146\" height=\"134\" alt=\"Image\" loading=\"lazy\"><\/span><\/div><\/div><\/div><div class=\"x-row e50266-e39 m12sa-6 m12sa-8 m12sa-c m12sa-d m12sa-f m12sa-m\"><div class=\"x-row-inner\"><div class=\"x-col e50266-e40 m12sa-10 m12sa-11\"><div class=\"x-text x-content e50266-e41 m12sa-1j m12sa-1k m12sa-1m m12sa-1o m12sa-1p m12sa-1q\"><h5>Brigitte Courtehoux<\/h5><\/div><div class=\"x-text x-content e50266-e42 m12sa-1j m12sa-1k m12sa-1l m12sa-1m m12sa-1q m12sa-1r m12sa-1s\"><h6>Director<\/h6><\/div><div class=\"x-div e50266-e43 m12sa-12 m12sa-13\"><a class=\"x-div e50266-e44 m12sa-12 m12sa-14 m12sa-15 m12sa-17 es_button_hover\" href=\".\/brigitte-courtehoux\/\"><div class=\"x-text x-content e50266-e45 m12sa-1j m12sa-1k m12sa-1p m12sa-1q m12sa-1s m12sa-1t m12sa-1u\"><p><strong>M\u00e1s informaci\u00f3n<\/strong><\/p><\/div><\/a><\/div><\/div><\/div><\/div><\/div><div class=\"x-col e50266-e46 m12sa-10 m12sa-11\"><div class=\"x-row e50266-e47 m12sa-6 m12sa-7 m12sa-8 m12sa-b m12sa-c m12sa-f m12sa-n\"><div class=\"x-row-inner\"><div class=\"x-col e50266-e48 m12sa-10 m12sa-11\"><span class=\"x-image e50266-e49 m12sa-1y m12sa-20 m12sa-21\"><img decoding=\"async\" src=\"https:\/\/test.esolutions.free2move.com\/eu\/wp-content\/uploads\/2024\/03\/GovernanceEthics_Davide-Mele-copia.jpg\" width=\"146\" height=\"134\" alt=\"Image\" loading=\"lazy\"><\/span><\/div><\/div><\/div><div class=\"x-row e50266-e50 m12sa-6 m12sa-8 m12sa-c m12sa-d m12sa-f m12sa-o\"><div class=\"x-row-inner\"><div class=\"x-col e50266-e51 m12sa-10 m12sa-11\"><div class=\"x-text x-content e50266-e52 m12sa-1j m12sa-1k m12sa-1m m12sa-1o m12sa-1p m12sa-1q\"><h5>Davide Mele<\/h5><\/div><div class=\"x-text x-content e50266-e53 m12sa-1j m12sa-1k m12sa-1l m12sa-1m m12sa-1q m12sa-1r m12sa-1s\"><h6>Director<\/h6><\/div><div class=\"x-div e50266-e54 m12sa-12 m12sa-13\"><a class=\"x-div e50266-e55 m12sa-12 m12sa-14 m12sa-15 m12sa-16 es_button_hover\" href=\".\/davide-mele\/\"><div class=\"x-text x-content e50266-e56 m12sa-1j m12sa-1k m12sa-1p m12sa-1q m12sa-1s m12sa-1t m12sa-1u\"><strong>M\u00e1s informaci\u00f3n<\/strong><\/div><\/a><\/div><\/div><\/div><\/div><\/div><div class=\"x-col e50266-e57 m12sa-10 m12sa-11\"><div class=\"x-row e50266-e58 m12sa-6 m12sa-7 m12sa-8 m12sa-b m12sa-c m12sa-f m12sa-p\"><div class=\"x-row-inner\"><div class=\"x-col e50266-e59 m12sa-10 m12sa-11\"><span class=\"x-image e50266-e60 m12sa-1y m12sa-20\"><img decoding=\"async\" src=\"https:\/\/test.esolutions.free2move.com\/eu\/wp-content\/uploads\/2024\/03\/GovernanceEthics_Luigi-Michi-copia.jpg\" width=\"146\" height=\"134\" alt=\"Image\" loading=\"lazy\"><\/span><\/div><\/div><\/div><div class=\"x-row e50266-e61 m12sa-6 m12sa-8 m12sa-c m12sa-d m12sa-f m12sa-q\"><div class=\"x-row-inner\"><div class=\"x-col e50266-e62 m12sa-10 m12sa-11\"><div class=\"x-text x-content e50266-e63 m12sa-1j m12sa-1k m12sa-1m m12sa-1o m12sa-1p m12sa-1q\"><h5>Luigi Michi<\/h5><\/div><div class=\"x-text x-content e50266-e64 m12sa-1j m12sa-1k m12sa-1l m12sa-1m m12sa-1q m12sa-1r m12sa-1s\"><h6>Director<\/h6><\/div><div class=\"x-div e50266-e65 m12sa-12 m12sa-13\"><a class=\"x-div e50266-e66 m12sa-12 m12sa-14 m12sa-15 m12sa-17 es_button_hover\" href=\".\/luigi-michi\/\"><div class=\"x-text x-content e50266-e67 m12sa-1j m12sa-1k m12sa-1p m12sa-1q m12sa-1u m12sa-1v m12sa-1w\"><strong>M\u00e1s informaci\u00f3n<\/strong><\/div><\/a><\/div><\/div><\/div><\/div><\/div><div class=\"x-col e50266-e68 m12sa-10 m12sa-11\"><div class=\"x-row e50266-e69 m12sa-6 m12sa-7 m12sa-8 m12sa-b m12sa-c m12sa-f m12sa-r\"><div class=\"x-row-inner\"><div class=\"x-col e50266-e70 m12sa-10 m12sa-11\"><span class=\"x-image e50266-e71 m12sa-1y m12sa-20\"><img decoding=\"async\" src=\"https:\/\/test.esolutions.free2move.com\/eu\/wp-content\/uploads\/2024\/03\/GovernanceEthics_Giovanni-Ravina-copia.jpg\" width=\"146\" height=\"134\" alt=\"Image\" loading=\"lazy\"><\/span><\/div><\/div><\/div><div class=\"x-row e50266-e72 m12sa-6 m12sa-8 m12sa-c m12sa-d m12sa-f m12sa-s\"><div class=\"x-row-inner\"><div class=\"x-col e50266-e73 m12sa-10 m12sa-11\"><div class=\"x-text x-content e50266-e74 m12sa-1j m12sa-1k m12sa-1m m12sa-1o m12sa-1p m12sa-1q\"><h5>Giovanni Ravina<\/h5><\/div><div class=\"x-text x-content e50266-e75 m12sa-1j m12sa-1k m12sa-1l m12sa-1m m12sa-1q m12sa-1r m12sa-1s\"><h6>Director Ejecutivo<\/h6><\/div><div class=\"x-div e50266-e76 m12sa-12 m12sa-13\"><a class=\"x-div e50266-e77 m12sa-12 m12sa-14 m12sa-15 m12sa-16 es_button_hover\" href=\".\/giovanni-ravina\/\"><div class=\"x-text x-content e50266-e78 m12sa-1j m12sa-1k m12sa-1p m12sa-1q m12sa-1s m12sa-1t m12sa-1u\"><strong>M\u00e1s informaci\u00f3n<\/strong><\/div><\/a><\/div><\/div><\/div><\/div><\/div><\/div><\/div><\/div><div class=\"x-section e50266-e79 m12sa-1 m12sa-5\"><div class=\"x-row x-container max width e50266-e80 m12sa-6 m12sa-7 m12sa-8 m12sa-b m12sa-c m12sa-f m12sa-t\"><div class=\"x-row-inner\"><div class=\"x-col e50266-e81 m12sa-10 m12sa-11\"><div class=\"x-text x-text-headline e50266-e82 m12sa-1a m12sa-1b m12sa-1c m12sa-1f m12sa-1g\"><div class=\"x-text-content\"><div class=\"x-text-content-text\"><h5 class=\"x-text-content-text-primary\">C\u00f3digo \u00e9tico<\/h5><\/div><\/div><\/div><div class=\"x-text x-content e50266-e83 m12sa-1k m12sa-1m m12sa-1n m12sa-1o m12sa-1p m12sa-1x\"><div class=\"ewa-rteLine\">Nuestro c\u00f3digo \u00e9tico se basa en la integridad como mandato rector de todas nuestras decisiones y eso nos ha llevado a integrar, personalizar y mejorar el cumplimiento, sin que la estructura suponga una carga especial.<\/div><\/div><a class=\"x-div e50266-e84 m12sa-12 m12sa-14 m12sa-16 m12sa-18 es_button_hover\" href=\"https:\/\/test.esolutions.free2move.com\/eu\/es_es\/\/pdf_code-of-ethics\/\" target=\"_blank\"><div class=\"x-text x-content e50266-e85 m12sa-1j m12sa-1k m12sa-1m m12sa-1p m12sa-1q m12sa-1s m12sa-1u\">Descargar<\/div><\/a><\/div><\/div><\/div><\/div><div class=\"x-section e50266-e86 m12sa-1 m12sa-5\"><div class=\"x-row x-container max width e50266-e87 m12sa-6 m12sa-7 m12sa-8 m12sa-b m12sa-c m12sa-f m12sa-u\"><div class=\"x-row-inner\"><div class=\"x-col e50266-e88 m12sa-10 m12sa-11\"><div class=\"x-text x-text-headline e50266-e89 m12sa-1a m12sa-1b m12sa-1c m12sa-1f m12sa-1g\"><div class=\"x-text-content\"><div class=\"x-text-content-text\"><h5 class=\"x-text-content-text-primary\">Free2Move eSolutions S.p.A \"Modelo de organizaci\u00f3n, gesti\u00f3n y control conforme al Decreto Legislativo 231\/2001\"<\/h5><\/div><\/div><\/div><div class=\"x-text x-content e50266-e90 m12sa-1k m12sa-1m m12sa-1n m12sa-1o m12sa-1p m12sa-1x\"><div class=\"ewa-rteLine\">El Decreto fue promulgado el 8 de junio de 2001 en ejecuci\u00f3n del poder delegado en virtud del art\u00edculo 11 de la Ley n\u00ba 300 de 29 de septiembre de 2000.<\/div><\/div><a class=\"x-div e50266-e91 m12sa-12 m12sa-14 m12sa-16 m12sa-18 es_button_hover\" href=\"https:\/\/test.esolutions.free2move.com\/eu\/es_es\/\/pdf_mog-231_free2move-esolutions-eng\/\" target=\"_blank\"><div class=\"x-text x-content e50266-e92 m12sa-1j m12sa-1k m12sa-1m m12sa-1p m12sa-1q m12sa-1s m12sa-1u\"><p>Descargar<\/p><\/div><\/a><\/div><\/div><\/div><\/div><div class=\"x-section e50266-e93 m12sa-1 m12sa-5\"><div class=\"x-row x-container max width e50266-e94 m12sa-6 m12sa-7 m12sa-8 m12sa-b m12sa-c m12sa-f m12sa-v\"><div class=\"x-row-inner\"><div class=\"x-col e50266-e95 m12sa-10 m12sa-11\"><div class=\"x-text x-text-headline e50266-e96 m12sa-1a m12sa-1b m12sa-1c m12sa-1f m12sa-1g\"><div class=\"x-text-content\"><div class=\"x-text-content-text\"><h5 class=\"x-text-content-text-primary\">Pol\u00edtica anticorrupci\u00f3n<\/h5><\/div><\/div><\/div><div class=\"x-text x-content e50266-e97 m12sa-1k m12sa-1m m12sa-1n m12sa-1o m12sa-1p m12sa-1x\"><div class=\"ewa-rteLine\">Las Directrices tienen por objeto garantizar que Free2move eSolutions y sus grupos de inter\u00e9s cumplan la Carta \u00c9tica y las Leyes Anticorrupci\u00f3n. Este documento proporciona un marco sistem\u00e1tico relativo a la prohibici\u00f3n de pr\u00e1cticas de corrupci\u00f3n para el personal y las partes interesadas de Free2move eSolutions.<\/div><\/div><a class=\"x-div e50266-e98 m12sa-12 m12sa-14 m12sa-16 m12sa-18 es_button_hover\" href=\"https:\/\/test.esolutions.free2move.com\/eu\/es_es\/\/pdf_free2move-esolutions_anticorruption-guidelines_eng\/\" target=\"_blank\"><div class=\"x-text x-content e50266-e99 m12sa-1j m12sa-1k m12sa-1m m12sa-1p m12sa-1q m12sa-1s m12sa-1u\"><p>Descargar<\/p><\/div><\/a><\/div><\/div><\/div><\/div><div class=\"x-section e50266-e100 m12sa-1 m12sa-5\"><div class=\"x-row x-container max width e50266-e101 m12sa-6 m12sa-7 m12sa-8 m12sa-b m12sa-c m12sa-f m12sa-w\"><div class=\"x-row-inner\"><div class=\"x-col e50266-e102 m12sa-10 m12sa-11\"><div class=\"x-text x-text-headline e50266-e103 m12sa-1a m12sa-1b m12sa-1c m12sa-1f m12sa-1g\"><div class=\"x-text-content\"><div class=\"x-text-content-text\"><h5 class=\"x-text-content-text-primary\">Pol\u00edtica de denuncia de irregularidades<\/h5><\/div><\/div><\/div><div class=\"x-text x-content e50266-e104 m12sa-1k m12sa-1m m12sa-1n m12sa-1o m12sa-1p m12sa-1x\"><div class=\"ewa-rteLine\">La Pol\u00edtica de Denuncias establece el sistema de denuncias internas de Free2move eSolutions y regula el proceso de presentaci\u00f3n y gesti\u00f3n de denuncias.<\/div><\/div><a class=\"x-div e50266-e105 m12sa-12 m12sa-14 m12sa-16 m12sa-18 es_button_hover\" href=\"https:\/\/test.esolutions.free2move.com\/eu\/es_es\/\/pdf_f2mes_whistleblowing-policy\/\" target=\"_blank\"><div class=\"x-text x-content e50266-e106 m12sa-1j m12sa-1k m12sa-1m m12sa-1p m12sa-1q m12sa-1s m12sa-1u\"><p>Descargar<\/p><\/div><\/a><\/div><\/div><\/div><\/div><div class=\"x-section e50266-e107 m12sa-1 m12sa-5\"><div class=\"x-row x-container max width e50266-e108 m12sa-6 m12sa-7 m12sa-8 m12sa-b m12sa-c m12sa-f m12sa-x\"><div class=\"x-row-inner\"><div class=\"x-col e50266-e109 m12sa-10 m12sa-11\"><div class=\"x-text x-text-headline e50266-e110 m12sa-1a m12sa-1c m12sa-1f m12sa-1g m12sa-1h\"><div class=\"x-text-content\"><div class=\"x-text-content-text\"><h5 class=\"x-text-content-text-primary\">L\u00ednea de integridad\n<\/h5><\/div><\/div><\/div><a class=\"x-div e50266-e111 m12sa-12 m12sa-14 m12sa-16 m12sa-18 es_button_hover\" href=\"https:\/\/free2move.integrityline.com\/frontpage\" target=\"_blank\"><div class=\"x-text x-content e50266-e112 m12sa-1j m12sa-1k m12sa-1m m12sa-1p m12sa-1q m12sa-1s m12sa-1u\"><p>Hacer un informe<\/p><\/div><\/a><\/div><\/div><\/div><\/div><\/div>\n","protected":false},"excerpt":{"rendered":"<p>HomeGobernanza y \u00e9ticaM\u00e1s informaci\u00f3n sobre nuestro&nbsp;Consejo de Administraci\u00f3n&nbsp;altamente comprometido en la supervisi\u00f3n de nuestra estrategia empresarial y nuestras elevadas normas \u00e9ticas basadas en la integridad como mandato rector de todas nuestras decisiones.Consejo de Administraci\u00f3nCarlalberto GuglielminottiPresidente EjecutivoM\u00e1s informaci\u00f3nMathilde LheureuxConsejero DelegadoM\u00e1s informaci\u00f3nBrigitte CourtehouxDirectorM\u00e1s informaci\u00f3nDavide MeleDirectorM\u00e1s informaci\u00f3nLuigi MichiDirectorM\u00e1s informaci\u00f3nGiovanni RavinaDirector EjecutivoM\u00e1s informaci\u00f3nC\u00f3digo \u00e9ticoNuestro c\u00f3digo \u00e9tico se basa en la integridad como mandato rector &#8230; <\/p>\n<div><a href=\"https:\/\/test.esolutions.free2move.com\/eu\/es_es\/gobernanza-y-etica\/\" class=\"more-link\">Read More<\/a><\/div>\n","protected":false},"author":1,"featured_media":0,"parent":0,"menu_order":0,"comment_status":"closed","ping_status":"closed","template":"template-blank-4.php","meta":{"_acf_changed":false,"inline_featured_image":false,"footnotes":""},"class_list":["post-50266","page","type-page","status-publish","hentry","no-post-thumbnail"],"acf":[],"yoast_head":"<!-- This site is optimized with the Yoast SEO plugin v24.4 - https:\/\/yoast.com\/wordpress\/plugins\/seo\/ -->\n<title>Gobernanza y \u00e9tica | Free2move eSolutions<\/title>\n<meta name=\"description\" content=\"Explore nuestra Junta comprometida que supervisa la estrategia y mantiene altos est\u00e1ndares \u00e9ticos guiados por la integridad en todas las decisiones.\" \/>\n<meta name=\"robots\" content=\"index, follow, max-snippet:-1, max-image-preview:large, max-video-preview:-1\" \/>\n<link rel=\"canonical\" href=\"https:\/\/test.esolutions.free2move.com\/eu\/es_es\/gobernanza-y-etica\/\" \/>\n<meta property=\"og:locale\" content=\"es_ES\" \/>\n<meta property=\"og:type\" content=\"article\" \/>\n<meta property=\"og:title\" content=\"Gobernanza y \u00e9tica | Free2move eSolutions\" \/>\n<meta property=\"og:description\" content=\"Explore nuestra Junta comprometida que supervisa la estrategia y mantiene altos est\u00e1ndares \u00e9ticos guiados por la integridad en todas las decisiones.\" \/>\n<meta property=\"og:url\" content=\"https:\/\/test.esolutions.free2move.com\/eu\/es_es\/gobernanza-y-etica\/\" \/>\n<meta property=\"og:site_name\" content=\"eSolution europe\" \/>\n<meta property=\"article:modified_time\" content=\"2024-05-31T16:10:23+00:00\" \/>\n<meta name=\"twitter:card\" content=\"summary_large_image\" \/>\n<meta name=\"twitter:label1\" content=\"Est. reading time\" \/>\n\t<meta name=\"twitter:data1\" content=\"7 minutes\" \/>\n<script type=\"application\/ld+json\" class=\"yoast-schema-graph\">{\"@context\":\"https:\/\/schema.org\",\"@graph\":[{\"@type\":\"WebPage\",\"@id\":\"https:\/\/test.esolutions.free2move.com\/eu\/es_es\/gobernanza-y-etica\/\",\"url\":\"https:\/\/test.esolutions.free2move.com\/eu\/es_es\/gobernanza-y-etica\/\",\"name\":\"Gobernanza y \u00e9tica | Free2move eSolutions\",\"isPartOf\":{\"@id\":\"https:\/\/test.esolutions.free2move.com\/eu\/en_it\/#website\"},\"datePublished\":\"2024-03-18T13:33:25+00:00\",\"dateModified\":\"2024-05-31T16:10:23+00:00\",\"description\":\"Explore nuestra Junta comprometida que supervisa la estrategia y mantiene altos est\u00e1ndares \u00e9ticos guiados por la integridad en todas las decisiones.\",\"breadcrumb\":{\"@id\":\"https:\/\/test.esolutions.free2move.com\/eu\/es_es\/gobernanza-y-etica\/#breadcrumb\"},\"inLanguage\":\"es\",\"potentialAction\":[{\"@type\":\"ReadAction\",\"target\":[\"https:\/\/test.esolutions.free2move.com\/eu\/es_es\/gobernanza-y-etica\/\"]}]},{\"@type\":\"BreadcrumbList\",\"@id\":\"https:\/\/test.esolutions.free2move.com\/eu\/es_es\/gobernanza-y-etica\/#breadcrumb\",\"itemListElement\":[{\"@type\":\"ListItem\",\"position\":1,\"name\":\"Home\",\"item\":\"https:\/\/test.esolutions.free2move.com\/eu\/es_es\/\"},{\"@type\":\"ListItem\",\"position\":2,\"name\":\"Gobernanza y \u00e9tica\"}]},{\"@type\":\"WebSite\",\"@id\":\"https:\/\/test.esolutions.free2move.com\/eu\/en_it\/#website\",\"url\":\"https:\/\/test.esolutions.free2move.com\/eu\/en_it\/\",\"name\":\"eSolutions europe\",\"description\":\"\",\"publisher\":{\"@id\":\"https:\/\/test.esolutions.free2move.com\/eu\/en_it\/#organization\"},\"potentialAction\":[{\"@type\":\"SearchAction\",\"target\":{\"@type\":\"EntryPoint\",\"urlTemplate\":\"https:\/\/test.esolutions.free2move.com\/eu\/en_it\/?s={search_term_string}\"},\"query-input\":{\"@type\":\"PropertyValueSpecification\",\"valueRequired\":true,\"valueName\":\"search_term_string\"}}],\"inLanguage\":\"es\"},{\"@type\":\"Organization\",\"@id\":\"https:\/\/test.esolutions.free2move.com\/eu\/en_it\/#organization\",\"name\":\"eSolutions europe\",\"url\":\"https:\/\/test.esolutions.free2move.com\/eu\/en_it\/\",\"logo\":{\"@type\":\"ImageObject\",\"inLanguage\":\"es\",\"@id\":\"https:\/\/test.esolutions.free2move.com\/eu\/en_it\/#\/schema\/logo\/image\/\",\"url\":\"https:\/\/www.esolutions.free2move.com\/eu\/wp-content\/uploads\/2024\/03\/logo-f2m-horizontal-1-1-1.png\",\"contentUrl\":\"https:\/\/www.esolutions.free2move.com\/eu\/wp-content\/uploads\/2024\/03\/logo-f2m-horizontal-1-1-1.png\",\"width\":865,\"height\":218,\"caption\":\"eSolutions europe\"},\"image\":{\"@id\":\"https:\/\/test.esolutions.free2move.com\/eu\/en_it\/#\/schema\/logo\/image\/\"}}]}<\/script>\n<!-- \/ Yoast SEO plugin. -->","yoast_head_json":{"title":"Gobernanza y \u00e9tica | Free2move eSolutions","description":"Explore nuestra Junta comprometida que supervisa la estrategia y mantiene altos est\u00e1ndares \u00e9ticos guiados por la integridad en todas las decisiones.","robots":{"index":"index","follow":"follow","max-snippet":"max-snippet:-1","max-image-preview":"max-image-preview:large","max-video-preview":"max-video-preview:-1"},"canonical":"https:\/\/test.esolutions.free2move.com\/eu\/es_es\/gobernanza-y-etica\/","og_locale":"es_ES","og_type":"article","og_title":"Gobernanza y \u00e9tica | Free2move eSolutions","og_description":"Explore nuestra Junta comprometida que supervisa la estrategia y mantiene altos est\u00e1ndares \u00e9ticos guiados por la integridad en todas las decisiones.","og_url":"https:\/\/test.esolutions.free2move.com\/eu\/es_es\/gobernanza-y-etica\/","og_site_name":"eSolution europe","article_modified_time":"2024-05-31T16:10:23+00:00","twitter_card":"summary_large_image","twitter_misc":{"Est. reading time":"7 minutes"},"schema":{"@context":"https:\/\/schema.org","@graph":[{"@type":"WebPage","@id":"https:\/\/test.esolutions.free2move.com\/eu\/es_es\/gobernanza-y-etica\/","url":"https:\/\/test.esolutions.free2move.com\/eu\/es_es\/gobernanza-y-etica\/","name":"Gobernanza y \u00e9tica | Free2move eSolutions","isPartOf":{"@id":"https:\/\/test.esolutions.free2move.com\/eu\/en_it\/#website"},"datePublished":"2024-03-18T13:33:25+00:00","dateModified":"2024-05-31T16:10:23+00:00","description":"Explore nuestra Junta comprometida que supervisa la estrategia y mantiene altos est\u00e1ndares \u00e9ticos guiados por la integridad en todas las decisiones.","breadcrumb":{"@id":"https:\/\/test.esolutions.free2move.com\/eu\/es_es\/gobernanza-y-etica\/#breadcrumb"},"inLanguage":"es","potentialAction":[{"@type":"ReadAction","target":["https:\/\/test.esolutions.free2move.com\/eu\/es_es\/gobernanza-y-etica\/"]}]},{"@type":"BreadcrumbList","@id":"https:\/\/test.esolutions.free2move.com\/eu\/es_es\/gobernanza-y-etica\/#breadcrumb","itemListElement":[{"@type":"ListItem","position":1,"name":"Home","item":"https:\/\/test.esolutions.free2move.com\/eu\/es_es\/"},{"@type":"ListItem","position":2,"name":"Gobernanza y \u00e9tica"}]},{"@type":"WebSite","@id":"https:\/\/test.esolutions.free2move.com\/eu\/en_it\/#website","url":"https:\/\/test.esolutions.free2move.com\/eu\/en_it\/","name":"eSolutions europe","description":"","publisher":{"@id":"https:\/\/test.esolutions.free2move.com\/eu\/en_it\/#organization"},"potentialAction":[{"@type":"SearchAction","target":{"@type":"EntryPoint","urlTemplate":"https:\/\/test.esolutions.free2move.com\/eu\/en_it\/?s={search_term_string}"},"query-input":{"@type":"PropertyValueSpecification","valueRequired":true,"valueName":"search_term_string"}}],"inLanguage":"es"},{"@type":"Organization","@id":"https:\/\/test.esolutions.free2move.com\/eu\/en_it\/#organization","name":"eSolutions europe","url":"https:\/\/test.esolutions.free2move.com\/eu\/en_it\/","logo":{"@type":"ImageObject","inLanguage":"es","@id":"https:\/\/test.esolutions.free2move.com\/eu\/en_it\/#\/schema\/logo\/image\/","url":"https:\/\/www.esolutions.free2move.com\/eu\/wp-content\/uploads\/2024\/03\/logo-f2m-horizontal-1-1-1.png","contentUrl":"https:\/\/www.esolutions.free2move.com\/eu\/wp-content\/uploads\/2024\/03\/logo-f2m-horizontal-1-1-1.png","width":865,"height":218,"caption":"eSolutions europe"},"image":{"@id":"https:\/\/test.esolutions.free2move.com\/eu\/en_it\/#\/schema\/logo\/image\/"}}]}},"_links":{"self":[{"href":"https:\/\/test.esolutions.free2move.com\/eu\/es_es\/wp-json\/wp\/v2\/pages\/50266","targetHints":{"allow":["GET"]}}],"collection":[{"href":"https:\/\/test.esolutions.free2move.com\/eu\/es_es\/wp-json\/wp\/v2\/pages"}],"about":[{"href":"https:\/\/test.esolutions.free2move.com\/eu\/es_es\/wp-json\/wp\/v2\/types\/page"}],"author":[{"embeddable":true,"href":"https:\/\/test.esolutions.free2move.com\/eu\/es_es\/wp-json\/wp\/v2\/users\/1"}],"replies":[{"embeddable":true,"href":"https:\/\/test.esolutions.free2move.com\/eu\/es_es\/wp-json\/wp\/v2\/comments?post=50266"}],"version-history":[{"count":2,"href":"https:\/\/test.esolutions.free2move.com\/eu\/es_es\/wp-json\/wp\/v2\/pages\/50266\/revisions"}],"predecessor-version":[{"id":50365,"href":"https:\/\/test.esolutions.free2move.com\/eu\/es_es\/wp-json\/wp\/v2\/pages\/50266\/revisions\/50365"}],"wp:attachment":[{"href":"https:\/\/test.esolutions.free2move.com\/eu\/es_es\/wp-json\/wp\/v2\/media?parent=50266"}],"curies":[{"name":"wp","href":"https:\/\/api.w.org\/{rel}","templated":true}]}}