{"id":50267,"date":"2024-03-18T13:17:47","date_gmt":"2024-03-18T13:17:47","guid":{"rendered":"https:\/\/test.esolutions.free2move.com\/eu\/proyecto-drossone-v2g\/"},"modified":"2024-03-18T13:17:47","modified_gmt":"2024-03-18T13:17:47","slug":"proyecto-drossone-v2g","status":"publish","type":"page","link":"https:\/\/test.esolutions.free2move.com\/eu\/es_es\/proyecto-drossone-v2g\/","title":{"rendered":"PROYECTO DROSSONE V2G"},"content":{"rendered":"<div id=\"cs-content\" class=\"cs-content\"><nav class=\"x-crumbs e12541-e1 m9od-0\" role=\"navigation\"><ol class=\"x-crumbs-list\" itemscope=\"\" itemtype=\"http:\/\/schema.org\/BreadcrumbList\" aria-label=\"Breadcrumb Navigation\"><li class=\"x-crumbs-list-item\" itemprop=\"itemListElement\" itemscope itemtype=\"http:\/\/schema.org\/ListItem\"><a class=\"x-crumbs-current x-crumbs-link\" itemtype=\"http:\/\/schema.org\/Thing\" itemprop=\"item\" href=\"https:\/\/test.esolutions.free2move.com\/eu\/es_es\/\" title=\"You Are Here\"><span itemprop=\"name\">Home<\/span><\/a><meta itemprop=\"position\" content=\"1\"><\/li><\/ol><\/nav><div class=\"x-section e12541-e2 m9od-1 m9od-2 m9od-3\"><div class=\"x-row x-container max width e12541-e3 m9od-5 m9od-6 m9od-a\"><div class=\"x-row-inner\"><div class=\"x-col e12541-e4 m9od-m m9od-n m9od-o m9od-p m9od-q m9od-r m9od-s es_gap\"><div class=\"x-div e12541-e5 m9od-x\"><div class=\"x-text x-text-headline e12541-e6 m9od-y m9od-z\"><div class=\"x-text-content\"><div class=\"x-text-content-text\"><h2 class=\"x-text-content-text-primary\">PROYECTO DROSSONE V2G<\/h2><\/div><\/div><\/div><\/div><\/div><div class=\"x-col e12541-e7 m9od-q m9od-r m9od-s\"><div class=\"x-frame x-frame-video-player e12541-e8 m9od-11 m9od-12\"><div class=\"x-frame-inner\"><div class=\"x-video x-video-player hide-controls autoplay loop muted\" data-x-element-mejs=\"{&quot;poster&quot;:&quot;&quot;,&quot;options&quot;:{&quot;pause_out_of_view&quot;:false}}\"><video class=\"x-mejs\" poster=\"\" preload=\"metadata\" options=\"\" loop=\"\" muted=\"\"><source src=\"https:\/\/test.esolutions.free2move.com\/eu\/es_es\/\/drosso_pannelli-solari\"><source src=\"https:\/\/test.esolutions.free2move.com\/eu\/es_es\/\/drosso_pannelli-solari\" type=\"video\/quicktime\"><source src=\"https:\/\/test.esolutions.free2move.com\/eu\/es_es\/\/drosso_pannelli-solari\" type=\"video\/mp4\"><\/video><\/div><\/div><\/div><\/div><\/div><\/div><\/div><div class=\"x-section e12541-e9 m9od-1 m9od-4\"><div class=\"x-row x-container max width e12541-e10 m9od-5 m9od-7 m9od-8 m9od-b m9od-c\"><div class=\"x-row-inner\"><div class=\"x-col e12541-e11 m9od-m m9od-n m9od-o m9od-p m9od-r m9od-s m9od-t mobile_hidden\"><hr class=\"x-line e12541-e12 m9od-13\"\/><\/div><div class=\"x-col e12541-e13 m9od-m m9od-n m9od-o m9od-p m9od-r m9od-s m9od-t es_gap\"><div class=\"x-row e12541-e14 m9od-5 m9od-8 m9od-b m9od-d\"><div class=\"x-row-inner\"><div class=\"x-col e12541-e15 m9od-r m9od-s m9od-t\"><div class=\"x-text x-content e12541-e16 m9od-14 m9od-15 text-l\"><p>El <strong>proyecto DrossOne V2G Parking<\/strong> es un sistema de veh\u00edculo a red (V2G) a gran escala con almacenamiento de energ\u00eda integrado desarrollado con el apoyo <strong>del Fondo de Innovaci\u00f3n de la Comisi\u00f3n Europea.<\/strong> El proyecto DrossOne est\u00e1 situado en Mirafiori (Tur\u00edn, Italia) y ha sido desarrollado por <strong>Free2move eSolutions <\/strong>y <strong>Stellantis<\/strong>.<\/p><\/div><\/div><\/div><\/div><\/div><\/div><\/div><\/div><div class=\"x-section e12541-e17 m9od-1 m9od-2\"><div class=\"x-row x-container max width e12541-e18 m9od-5 m9od-7 m9od-8 m9od-b m9od-e\"><div class=\"x-row-inner\"><div class=\"x-col e12541-e19 m9od-m m9od-n m9od-o m9od-p m9od-r m9od-s m9od-t mobile_hidden\"><span class=\"x-image e12541-e20 m9od-17\"><img decoding=\"async\" src=\"https:\/\/test.esolutions.free2move.com\/eu\/wp-content\/uploads\/2024\/03\/eu_co_funded_en.jpg\" width=\"550\" height=\"115\" alt=\"Image\" loading=\"lazy\"><\/span><\/div><div class=\"x-col e12541-e21 m9od-m m9od-n m9od-o m9od-p m9od-r m9od-s m9od-t es_gap\"><div class=\"x-row e12541-e22 m9od-5 m9od-8 m9od-b m9od-f\"><div class=\"x-row-inner\"><div class=\"x-col e12541-e23 m9od-r m9od-s m9od-t\"><div class=\"x-text x-content e12541-e24 m9od-14 m9od-15 text-l\"><p>Aparcamiento DrossOne V2G<br>GA n \u00b0 101038849 - un proyecto financiado por el Fondo de Innovaci\u00f3n<\/p><\/div><\/div><\/div><\/div><\/div><\/div><\/div><\/div><div class=\"x-section e12541-e25 m9od-1 m9od-2 m9od-3\"><div class=\"x-row x-container max width e12541-e26 m9od-5 m9od-7 m9od-8 m9od-b m9od-g\"><div class=\"x-row-inner\"><div class=\"x-col e12541-e27 m9od-m m9od-o m9od-r m9od-s m9od-t m9od-u m9od-v\"><span class=\"x-image e12541-e28 m9od-17 m9od-18\"><img decoding=\"async\" src=\"https:\/\/test.esolutions.free2move.com\/eu\/wp-content\/uploads\/2024\/04\/DJI_0491-scaled.jpg\" width=\"1280\" height=\"852\" alt=\"Image\" loading=\"lazy\"><\/span><\/div><div class=\"x-col e12541-e29 m9od-m m9od-n m9od-o m9od-p m9od-r m9od-s m9od-t es_gap\"><div class=\"x-row e12541-e30 m9od-5 m9od-8 m9od-9 m9od-b m9od-h\"><div class=\"x-row-inner\"><div class=\"x-col e12541-e31 m9od-m m9od-p m9od-r m9od-t m9od-u m9od-w es_gap\"><div class=\"x-text x-text-headline e12541-e32 m9od-z m9od-10\"><div class=\"x-text-content\"><div class=\"x-text-content-text\"><h4 class=\"x-text-content-text-primary\"><strong>El proyecto<\/strong><\/h4><\/div><\/div><\/div><div class=\"x-text x-content e12541-e33 m9od-14 m9od-16\"><div class=\"ewa-rteLine\">El vehicle-to-grid promueve un cambio de paradigma que convierte a los VE en una valiosa fuente de flexibilidad para la red.<\/div>\n<div class=\"ewa-rteLine\">&nbsp;<\/div>\n<div class=\"ewa-rteLine\">El proyecto demostrar\u00e1 la viabilidad de un sistema centralizado de recarga V2G a gran escala utilizando el almacenamiento estacionario asociado a los veh\u00edculos el\u00e9ctricos (VE) en el aparcamiento de Stellantis (antes de ser enviados a los concesionarios de autom\u00f3viles) y una unidad de almacenamiento estacionario basada en bater\u00edas de segunda vida.<\/div>\n<div class=\"ewa-rteLine\">&nbsp;<\/div>\n<div class=\"ewa-rteLine\">El proyecto DrossOne tambi\u00e9n proporcionar\u00e1 servicios auxiliares de reserva r\u00e1pida al operador de la red (como equilibrado, regulaci\u00f3n de frecuencia y potencia), as\u00ed como servicios en tiempo real mediante el uso de un sistema con cargadores r\u00e1pidos bidireccionales.<\/div><\/div><\/div><\/div><\/div><\/div><\/div><\/div><\/div><div class=\"x-section e12541-e34 m9od-1 m9od-2 m9od-3\"><div class=\"x-row x-container max width e12541-e35 m9od-5 m9od-7 m9od-8 m9od-b m9od-i\"><div class=\"x-row-inner\"><div class=\"x-col e12541-e36 m9od-m m9od-o m9od-r m9od-s m9od-t m9od-u m9od-v\"><span class=\"x-image e12541-e37 m9od-17\"><img decoding=\"async\" src=\"https:\/\/test.esolutions.free2move.com\/eu\/wp-content\/uploads\/2024\/04\/DJI_0539-scaled.jpg\" width=\"1280\" height=\"852\" alt=\"Image\" loading=\"lazy\"><\/span><\/div><div class=\"x-col e12541-e38 m9od-m m9od-n m9od-o m9od-p m9od-r m9od-s m9od-t es_gap\"><div class=\"x-row e12541-e39 m9od-5 m9od-8 m9od-9 m9od-b m9od-j\"><div class=\"x-row-inner\"><div class=\"x-col e12541-e40 m9od-m m9od-p m9od-r m9od-t m9od-u m9od-w es_gap\"><div class=\"x-text x-text-headline e12541-e41 m9od-z m9od-10\"><div class=\"x-text-content\"><div class=\"x-text-content-text\"><h4 class=\"x-text-content-text-primary\"><strong>La tecnolog\u00eda<\/strong><\/h4><\/div><\/div><\/div><div class=\"x-text x-content e12541-e42 m9od-14 m9od-16\"><div class=\"ewa-rteLine\">\n<div class=\"ewa-rteLine\">El proyecto es el <strong>primer V2G bidireccional centralizado a gran escala comercial de este tipo<\/strong> y lo es gracias a la innovadora tecnolog\u00eda aplicada a su hardware, es decir, con la incorporaci\u00f3n de un convertidor de corriente continua a corriente continua (CC-CC).<\/div>\n<div class=\"ewa-rteLine\">El software es otro punto clave para la innovaci\u00f3n gracias a la nueva plataforma de software de agregaci\u00f3n que emula y controla las flotas como un \"recurso de almacenamiento de energ\u00eda\" centralizado con una \u00fanica interfaz a la red.<\/div>\n<div class=\"ewa-rteLine\">&nbsp;<\/div>\n<div class=\"ewa-rteLine\">Por \u00faltimo, un modelo de negocio innovador que genera valor a partir de la capacidad de almacenamiento no utilizada de los veh\u00edculos el\u00e9ctricos aparcados, ofreciendo servicios de estabilidad de la red al operador italiano del sistema de transmisi\u00f3n (TSO).<\/div>\n<\/div><\/div><\/div><\/div><\/div><\/div><\/div><\/div><\/div><div class=\"x-section e12541-e43 m9od-1 m9od-2 m9od-3\"><div class=\"x-row x-container max width e12541-e44 m9od-5 m9od-7 m9od-8 m9od-b m9od-k\"><div class=\"x-row-inner\"><div class=\"x-col e12541-e45 m9od-m m9od-o m9od-r m9od-s m9od-t m9od-u m9od-v\"><span class=\"x-image e12541-e46 m9od-17\"><img decoding=\"async\" src=\"https:\/\/test.esolutions.free2move.com\/eu\/wp-content\/uploads\/2024\/04\/DJI_0474-scaled.jpg\" width=\"1280\" height=\"852\" alt=\"Image\" loading=\"lazy\"><\/span><\/div><div class=\"x-col e12541-e47 m9od-m m9od-n m9od-o m9od-p m9od-r m9od-s m9od-t es_gap\"><div class=\"x-row e12541-e48 m9od-5 m9od-8 m9od-9 m9od-b m9od-l\"><div class=\"x-row-inner\"><div class=\"x-col e12541-e49 m9od-m m9od-p m9od-r m9od-t m9od-u m9od-w es_gap\"><div class=\"x-text x-text-headline e12541-e50 m9od-z m9od-10\"><div class=\"x-text-content\"><div class=\"x-text-content-text\"><h4 class=\"x-text-content-text-primary\">Contribuir a la transici\u00f3n energ\u00e9tica<\/h4><\/div><\/div><\/div><div class=\"x-text x-content e12541-e51 m9od-14 m9od-16\"><div class=\"ewa-rteLine\">\n<div class=\"ewa-rteLine\">El proyecto DrossOne V2G Parking proporcionar\u00e1 una capacidad nominal de 25 MW de servicios de reserva ultrarr\u00e1pidos entre 2023 y 2027, contribuyendo as\u00ed a reducir la necesidad de los GRT de centrales el\u00e9ctricas basadas en combustibles f\u00f3siles.<br><br>El almacenamiento de energ\u00eda y las flotas de veh\u00edculos el\u00e9ctricos pueden contribuir a un futuro m\u00e1s sostenible y neutro en carbono, ya que reducir\u00e1n la necesidad de centrales el\u00e9ctricas alimentadas con combustibles f\u00f3siles en horas punta para prestar servicios auxiliares a la red y, por tanto, reducir\u00e1n las emisiones de gases de efecto invernadero vinculadas a estas centrales.<\/div>\n<\/div><\/div><\/div><\/div><\/div><\/div><\/div><\/div><\/div><\/div>\n","protected":false},"excerpt":{"rendered":"<p>HomePROYECTO DROSSONE V2GEl proyecto DrossOne V2G Parking es un sistema de veh\u00edculo a red (V2G) a gran escala con almacenamiento de energ\u00eda integrado desarrollado con el apoyo del Fondo de Innovaci\u00f3n de la Comisi\u00f3n Europea. El proyecto DrossOne est\u00e1 situado en Mirafiori (Tur\u00edn, Italia) y ha sido desarrollado por Free2move eSolutions y Stellantis.Aparcamiento DrossOne V2GGA n \u00b0 101038849 &#8211; un &#8230; <\/p>\n<div><a href=\"https:\/\/test.esolutions.free2move.com\/eu\/es_es\/proyecto-drossone-v2g\/\" class=\"more-link\">Read More<\/a><\/div>\n","protected":false},"author":1,"featured_media":0,"parent":0,"menu_order":0,"comment_status":"closed","ping_status":"closed","template":"template-blank-4.php","meta":{"_acf_changed":false,"inline_featured_image":false,"footnotes":""},"class_list":["post-50267","page","type-page","status-publish","hentry","no-post-thumbnail"],"acf":[],"yoast_head":"<!-- This site is optimized with the Yoast SEO plugin v24.4 - https:\/\/yoast.com\/wordpress\/plugins\/seo\/ -->\n<title>PROYECTO DROSSONE V2G | Free2move eSolutions<\/title>\n<meta name=\"description\" content=\"El proyecto DrossOne V2G Parking es un sistema de veh\u00edculo a red (V2G) a gran escala con almacenamiento de energ\u00eda integrado desarrollado con el apoyo del Fondo de Innovaci\u00f3n de la Comisi\u00f3n Europea. El proyecto DrossOne est\u00e1 ubicado en Mirafiori, Tur\u00edn, Italia y est\u00e1 desarrollado por Free2move eSolutions y Stellantis.\" \/>\n<meta name=\"robots\" content=\"index, follow, max-snippet:-1, max-image-preview:large, max-video-preview:-1\" \/>\n<link rel=\"canonical\" href=\"https:\/\/test.esolutions.free2move.com\/eu\/es_es\/proyecto-drossone-v2g\/\" \/>\n<meta property=\"og:locale\" content=\"es_ES\" \/>\n<meta property=\"og:type\" content=\"article\" \/>\n<meta property=\"og:title\" content=\"PROYECTO DROSSONE V2G | Free2move eSolutions\" \/>\n<meta property=\"og:description\" content=\"El proyecto DrossOne V2G Parking es un sistema de veh\u00edculo a red (V2G) a gran escala con almacenamiento de energ\u00eda integrado desarrollado con el apoyo del Fondo de Innovaci\u00f3n de la Comisi\u00f3n Europea. El proyecto DrossOne est\u00e1 ubicado en Mirafiori, Tur\u00edn, Italia y est\u00e1 desarrollado por Free2move eSolutions y Stellantis.\" \/>\n<meta property=\"og:url\" content=\"https:\/\/test.esolutions.free2move.com\/eu\/es_es\/proyecto-drossone-v2g\/\" \/>\n<meta property=\"og:site_name\" content=\"eSolution europe\" \/>\n<meta name=\"twitter:card\" content=\"summary_large_image\" \/>\n<meta name=\"twitter:label1\" content=\"Est. reading time\" \/>\n\t<meta name=\"twitter:data1\" content=\"4 minutes\" \/>\n<script type=\"application\/ld+json\" class=\"yoast-schema-graph\">{\"@context\":\"https:\/\/schema.org\",\"@graph\":[{\"@type\":\"WebPage\",\"@id\":\"https:\/\/test.esolutions.free2move.com\/eu\/es_es\/proyecto-drossone-v2g\/\",\"url\":\"https:\/\/test.esolutions.free2move.com\/eu\/es_es\/proyecto-drossone-v2g\/\",\"name\":\"PROYECTO DROSSONE V2G | Free2move eSolutions\",\"isPartOf\":{\"@id\":\"https:\/\/test.esolutions.free2move.com\/eu\/en_it\/#website\"},\"datePublished\":\"2024-03-18T13:17:47+00:00\",\"description\":\"El proyecto DrossOne V2G Parking es un sistema de veh\u00edculo a red (V2G) a gran escala con almacenamiento de energ\u00eda integrado desarrollado con el apoyo del Fondo de Innovaci\u00f3n de la Comisi\u00f3n Europea. El proyecto DrossOne est\u00e1 ubicado en Mirafiori, Tur\u00edn, Italia y est\u00e1 desarrollado por Free2move eSolutions y Stellantis.\",\"breadcrumb\":{\"@id\":\"https:\/\/test.esolutions.free2move.com\/eu\/es_es\/proyecto-drossone-v2g\/#breadcrumb\"},\"inLanguage\":\"es\",\"potentialAction\":[{\"@type\":\"ReadAction\",\"target\":[\"https:\/\/test.esolutions.free2move.com\/eu\/es_es\/proyecto-drossone-v2g\/\"]}]},{\"@type\":\"BreadcrumbList\",\"@id\":\"https:\/\/test.esolutions.free2move.com\/eu\/es_es\/proyecto-drossone-v2g\/#breadcrumb\",\"itemListElement\":[{\"@type\":\"ListItem\",\"position\":1,\"name\":\"Home\",\"item\":\"https:\/\/test.esolutions.free2move.com\/eu\/es_es\/\"},{\"@type\":\"ListItem\",\"position\":2,\"name\":\"PROYECTO DROSSONE V2G\"}]},{\"@type\":\"WebSite\",\"@id\":\"https:\/\/test.esolutions.free2move.com\/eu\/en_it\/#website\",\"url\":\"https:\/\/test.esolutions.free2move.com\/eu\/en_it\/\",\"name\":\"eSolutions europe\",\"description\":\"\",\"publisher\":{\"@id\":\"https:\/\/test.esolutions.free2move.com\/eu\/en_it\/#organization\"},\"potentialAction\":[{\"@type\":\"SearchAction\",\"target\":{\"@type\":\"EntryPoint\",\"urlTemplate\":\"https:\/\/test.esolutions.free2move.com\/eu\/en_it\/?s={search_term_string}\"},\"query-input\":{\"@type\":\"PropertyValueSpecification\",\"valueRequired\":true,\"valueName\":\"search_term_string\"}}],\"inLanguage\":\"es\"},{\"@type\":\"Organization\",\"@id\":\"https:\/\/test.esolutions.free2move.com\/eu\/en_it\/#organization\",\"name\":\"eSolutions europe\",\"url\":\"https:\/\/test.esolutions.free2move.com\/eu\/en_it\/\",\"logo\":{\"@type\":\"ImageObject\",\"inLanguage\":\"es\",\"@id\":\"https:\/\/test.esolutions.free2move.com\/eu\/en_it\/#\/schema\/logo\/image\/\",\"url\":\"https:\/\/www.esolutions.free2move.com\/eu\/wp-content\/uploads\/2024\/03\/logo-f2m-horizontal-1-1-1.png\",\"contentUrl\":\"https:\/\/www.esolutions.free2move.com\/eu\/wp-content\/uploads\/2024\/03\/logo-f2m-horizontal-1-1-1.png\",\"width\":865,\"height\":218,\"caption\":\"eSolutions europe\"},\"image\":{\"@id\":\"https:\/\/test.esolutions.free2move.com\/eu\/en_it\/#\/schema\/logo\/image\/\"}}]}<\/script>\n<!-- \/ Yoast SEO plugin. -->","yoast_head_json":{"title":"PROYECTO DROSSONE V2G | Free2move eSolutions","description":"El proyecto DrossOne V2G Parking es un sistema de veh\u00edculo a red (V2G) a gran escala con almacenamiento de energ\u00eda integrado desarrollado con el apoyo del Fondo de Innovaci\u00f3n de la Comisi\u00f3n Europea. El proyecto DrossOne est\u00e1 ubicado en Mirafiori, Tur\u00edn, Italia y est\u00e1 desarrollado por Free2move eSolutions y Stellantis.","robots":{"index":"index","follow":"follow","max-snippet":"max-snippet:-1","max-image-preview":"max-image-preview:large","max-video-preview":"max-video-preview:-1"},"canonical":"https:\/\/test.esolutions.free2move.com\/eu\/es_es\/proyecto-drossone-v2g\/","og_locale":"es_ES","og_type":"article","og_title":"PROYECTO DROSSONE V2G | Free2move eSolutions","og_description":"El proyecto DrossOne V2G Parking es un sistema de veh\u00edculo a red (V2G) a gran escala con almacenamiento de energ\u00eda integrado desarrollado con el apoyo del Fondo de Innovaci\u00f3n de la Comisi\u00f3n Europea. El proyecto DrossOne est\u00e1 ubicado en Mirafiori, Tur\u00edn, Italia y est\u00e1 desarrollado por Free2move eSolutions y Stellantis.","og_url":"https:\/\/test.esolutions.free2move.com\/eu\/es_es\/proyecto-drossone-v2g\/","og_site_name":"eSolution europe","twitter_card":"summary_large_image","twitter_misc":{"Est. reading time":"4 minutes"},"schema":{"@context":"https:\/\/schema.org","@graph":[{"@type":"WebPage","@id":"https:\/\/test.esolutions.free2move.com\/eu\/es_es\/proyecto-drossone-v2g\/","url":"https:\/\/test.esolutions.free2move.com\/eu\/es_es\/proyecto-drossone-v2g\/","name":"PROYECTO DROSSONE V2G | Free2move eSolutions","isPartOf":{"@id":"https:\/\/test.esolutions.free2move.com\/eu\/en_it\/#website"},"datePublished":"2024-03-18T13:17:47+00:00","description":"El proyecto DrossOne V2G Parking es un sistema de veh\u00edculo a red (V2G) a gran escala con almacenamiento de energ\u00eda integrado desarrollado con el apoyo del Fondo de Innovaci\u00f3n de la Comisi\u00f3n Europea. El proyecto DrossOne est\u00e1 ubicado en Mirafiori, Tur\u00edn, Italia y est\u00e1 desarrollado por Free2move eSolutions y Stellantis.","breadcrumb":{"@id":"https:\/\/test.esolutions.free2move.com\/eu\/es_es\/proyecto-drossone-v2g\/#breadcrumb"},"inLanguage":"es","potentialAction":[{"@type":"ReadAction","target":["https:\/\/test.esolutions.free2move.com\/eu\/es_es\/proyecto-drossone-v2g\/"]}]},{"@type":"BreadcrumbList","@id":"https:\/\/test.esolutions.free2move.com\/eu\/es_es\/proyecto-drossone-v2g\/#breadcrumb","itemListElement":[{"@type":"ListItem","position":1,"name":"Home","item":"https:\/\/test.esolutions.free2move.com\/eu\/es_es\/"},{"@type":"ListItem","position":2,"name":"PROYECTO DROSSONE V2G"}]},{"@type":"WebSite","@id":"https:\/\/test.esolutions.free2move.com\/eu\/en_it\/#website","url":"https:\/\/test.esolutions.free2move.com\/eu\/en_it\/","name":"eSolutions europe","description":"","publisher":{"@id":"https:\/\/test.esolutions.free2move.com\/eu\/en_it\/#organization"},"potentialAction":[{"@type":"SearchAction","target":{"@type":"EntryPoint","urlTemplate":"https:\/\/test.esolutions.free2move.com\/eu\/en_it\/?s={search_term_string}"},"query-input":{"@type":"PropertyValueSpecification","valueRequired":true,"valueName":"search_term_string"}}],"inLanguage":"es"},{"@type":"Organization","@id":"https:\/\/test.esolutions.free2move.com\/eu\/en_it\/#organization","name":"eSolutions europe","url":"https:\/\/test.esolutions.free2move.com\/eu\/en_it\/","logo":{"@type":"ImageObject","inLanguage":"es","@id":"https:\/\/test.esolutions.free2move.com\/eu\/en_it\/#\/schema\/logo\/image\/","url":"https:\/\/www.esolutions.free2move.com\/eu\/wp-content\/uploads\/2024\/03\/logo-f2m-horizontal-1-1-1.png","contentUrl":"https:\/\/www.esolutions.free2move.com\/eu\/wp-content\/uploads\/2024\/03\/logo-f2m-horizontal-1-1-1.png","width":865,"height":218,"caption":"eSolutions europe"},"image":{"@id":"https:\/\/test.esolutions.free2move.com\/eu\/en_it\/#\/schema\/logo\/image\/"}}]}},"_links":{"self":[{"href":"https:\/\/test.esolutions.free2move.com\/eu\/es_es\/wp-json\/wp\/v2\/pages\/50267","targetHints":{"allow":["GET"]}}],"collection":[{"href":"https:\/\/test.esolutions.free2move.com\/eu\/es_es\/wp-json\/wp\/v2\/pages"}],"about":[{"href":"https:\/\/test.esolutions.free2move.com\/eu\/es_es\/wp-json\/wp\/v2\/types\/page"}],"author":[{"embeddable":true,"href":"https:\/\/test.esolutions.free2move.com\/eu\/es_es\/wp-json\/wp\/v2\/users\/1"}],"replies":[{"embeddable":true,"href":"https:\/\/test.esolutions.free2move.com\/eu\/es_es\/wp-json\/wp\/v2\/comments?post=50267"}],"version-history":[{"count":0,"href":"https:\/\/test.esolutions.free2move.com\/eu\/es_es\/wp-json\/wp\/v2\/pages\/50267\/revisions"}],"wp:attachment":[{"href":"https:\/\/test.esolutions.free2move.com\/eu\/es_es\/wp-json\/wp\/v2\/media?parent=50267"}],"curies":[{"name":"wp","href":"https:\/\/api.w.org\/{rel}","templated":true}]}}