{"id":50269,"date":"2024-03-18T11:52:16","date_gmt":"2024-03-18T11:52:16","guid":{"rendered":"https:\/\/test.esolutions.free2move.com\/eu\/contactanos\/"},"modified":"2024-03-18T11:52:16","modified_gmt":"2024-03-18T11:52:16","slug":"contactanos","status":"publish","type":"page","link":"https:\/\/test.esolutions.free2move.com\/eu\/es_es\/contactanos\/","title":{"rendered":"contactanos"},"content":{"rendered":"<div id=\"cs-content\" class=\"cs-content\"><nav class=\"x-crumbs e12517-e1 m9np-0\" role=\"navigation\"><ol class=\"x-crumbs-list\" itemscope=\"\" itemtype=\"http:\/\/schema.org\/BreadcrumbList\" aria-label=\"Breadcrumb Navigation\"><li class=\"x-crumbs-list-item\" itemprop=\"itemListElement\" itemscope itemtype=\"http:\/\/schema.org\/ListItem\"><a class=\"x-crumbs-current x-crumbs-link\" itemtype=\"http:\/\/schema.org\/Thing\" itemprop=\"item\" href=\"https:\/\/test.esolutions.free2move.com\/eu\/es_es\/\" title=\"You Are Here\"><span itemprop=\"name\">Home<\/span><\/a><meta itemprop=\"position\" content=\"1\"><\/li><\/ol><\/nav><div class=\"x-section e12517-e2 m9np-1 m9np-2 m9np-3\"><div class=\"x-row x-container max width e12517-e3 m9np-6 m9np-7 m9np-9\"><div class=\"x-row-inner\"><div class=\"x-col e12517-e4 m9np-i m9np-j m9np-k m9np-l m9np-m m9np-n es_gap\"><div class=\"x-div e12517-e5 m9np-t m9np-u\"><div class=\"x-text x-text-headline e12517-e6 m9np-w m9np-x\"><div class=\"x-text-content\"><div class=\"x-text-content-text\"><h2 class=\"x-text-content-text-primary\">Cont\u00e1ctanos<\/h2><\/div><\/div><\/div><div class=\"x-text x-content e12517-e7 m9np-z m9np-10 m9np-11 m9np-12\">Si tienes alguna duda o deseas recibir m\u00e1s informaci\u00f3n sobre Free2move eSolutions, \u00a1estamos a su disposici\u00f3n!<\/div><\/div><\/div><div class=\"x-col e12517-e8 m9np-k m9np-l m9np-m m9np-n\"><span class=\"x-image e12517-e9 m9np-1a m9np-1b\"><img decoding=\"async\" src=\"https:\/\/test.esolutions.free2move.com\/eu\/wp-content\/uploads\/2024\/03\/AdobeStock_583892761-scaled.jpeg\" width=\"2560\" height=\"1414\" alt=\"Image\" loading=\"lazy\"><\/span><\/div><\/div><\/div><\/div><div class=\"x-section e12517-e10 m9np-1 m9np-4\"><div class=\"x-row x-container max width e12517-e11 m9np-6 m9np-8 m9np-a m9np-b\"><div class=\"x-row-inner\"><div class=\"x-col e12517-e12 m9np-i m9np-j m9np-l m9np-m m9np-n m9np-o mobile_hidden\"><hr class=\"x-line e12517-e13 m9np-1d\"\/><\/div><div class=\"x-col e12517-e14 m9np-l m9np-m m9np-n m9np-o es_gap\"><div class=\"x-row e12517-e15 m9np-6 m9np-8 m9np-a m9np-c\"><div class=\"x-row-inner\"><div class=\"x-col e12517-e16 m9np-l m9np-m m9np-n m9np-o\"><div class=\"x-text x-content e12517-e17 m9np-10 m9np-12 m9np-13 m9np-14 m9np-15\">Ponerse en contacto con nosotros es f\u00e1cil, puedes escribirnos un correo electr\u00f3nico o simplemente llamarnos, nos aseguraremos de que uno de nuestros representantes responda a todas sus preguntas.<\/div><\/div><\/div><\/div><div class=\"x-row e12517-e18 m9np-6 m9np-8 m9np-a m9np-d\"><div class=\"x-row-inner\"><div class=\"x-col e12517-e19 m9np-i m9np-l m9np-m m9np-o m9np-p m9np-q es_gap\"><div class=\"x-div e12517-e20 m9np-t m9np-u\"><a class=\"x-div e12517-e21 m9np-t m9np-v\" href=\"https:\/\/www.esolutionscharging.com\/en_IT\/write-us\" target=\"_blank\"><div class=\"x-text x-content e12517-e22 m9np-10 m9np-13 m9np-16 m9np-17 text-md\">Cont\u00e1ctanos<\/div><\/a><\/div><\/div><\/div><\/div><\/div><\/div><\/div><\/div><div class=\"x-section e12517-e23 m9np-1 m9np-2\"><div class=\"x-row x-container max width e12517-e24 m9np-6 m9np-8 m9np-a m9np-e\"><div class=\"x-row-inner\"><div class=\"x-col e12517-e25 m9np-l m9np-m m9np-o m9np-q m9np-r\"><div class=\"x-text x-text-headline e12517-e26 m9np-x m9np-y\"><div class=\"x-text-content\"><div class=\"x-text-content-text\"><h1 class=\"x-text-content-text-primary\">Ubicaciones<\/h1><\/div><\/div><\/div><\/div><\/div><\/div><div class=\"x-row x-container max width e12517-e27 m9np-6 m9np-8 m9np-a m9np-f\"><div class=\"x-row-inner\"><div class=\"x-col e12517-e28 m9np-l m9np-m m9np-n m9np-o\"><div class=\"x-row e12517-e29 m9np-6 m9np-8 m9np-a m9np-g\"><div class=\"x-row-inner\"><div class=\"x-col e12517-e30 m9np-i m9np-j m9np-l m9np-m m9np-n m9np-o\"><span class=\"x-image e12517-e31 m9np-1a m9np-1c\"><img decoding=\"async\" src=\"https:\/\/test.esolutions.free2move.com\/eu\/wp-content\/uploads\/2024\/03\/bg-row-3.png\" width=\"375\" height=\"280\" alt=\"Image\" loading=\"lazy\"><\/span><\/div><div class=\"x-col e12517-e32 m9np-l m9np-o m9np-s\"><span class=\"x-image e12517-e33 m9np-1a m9np-1c\"><img decoding=\"async\" src=\"https:\/\/test.esolutions.free2move.com\/eu\/wp-content\/uploads\/2024\/03\/Vector-3-1-1.png\" width=\"34\" height=\"40\" alt=\"Image\" loading=\"lazy\"><\/span><div class=\"x-text x-content e12517-e34 m9np-10 m9np-11 m9np-15 m9np-16 m9np-18 text-l\">Mil\u00e1n<\/div><div class=\"x-text x-content e12517-e35 m9np-10 m9np-13 m9np-16 m9np-19 m9np-5 text-md\"><p><a href=\"https:\/\/www.google.it\/maps\/place\/Piazzale+Lodi,+3,+20137+Milano+MI\/@45.4475972,9.2081837,17z\/data=!3m1!4b1!4m6!3m5!1s0x4786c42526688eb1:0x6fb0875cb44e3e06!8m2!3d45.4475935!4d9.2107586!16s%2Fg%2F11c27j_g0r?entry=ttu\">Piazzale Lodi, 3<br>20137 Mil\u00e1n<br>Italia<\/a><\/p><\/div><\/div><\/div><\/div><\/div><div class=\"x-col e12517-e36 m9np-l m9np-m m9np-n m9np-o\"><div class=\"x-row e12517-e37 m9np-6 m9np-8 m9np-a m9np-h\"><div class=\"x-row-inner\"><div class=\"x-col e12517-e38 m9np-i m9np-j m9np-l m9np-m m9np-n m9np-o\"><span class=\"x-image e12517-e39 m9np-1a m9np-1c\"><img decoding=\"async\" src=\"https:\/\/test.esolutions.free2move.com\/eu\/wp-content\/uploads\/2024\/03\/bg-row-1-2.png\" width=\"375\" height=\"280\" alt=\"Image\" loading=\"lazy\"><\/span><\/div><div class=\"x-col e12517-e40 m9np-l m9np-o m9np-s\"><span class=\"x-image e12517-e41 m9np-1a m9np-1c\"><img decoding=\"async\" src=\"https:\/\/test.esolutions.free2move.com\/eu\/wp-content\/uploads\/2024\/03\/Vector-3-1-1.png\" width=\"34\" height=\"40\" alt=\"Image\" loading=\"lazy\"><\/span><div class=\"x-text x-content e12517-e42 m9np-10 m9np-11 m9np-15 m9np-16 m9np-18 text-l\"><p>Tur\u00edn<\/p><\/div><div class=\"x-text x-content e12517-e43 m9np-10 m9np-13 m9np-16 m9np-19 m9np-5 text-md\"><a href=\"https:\/\/www.google.it\/maps\/place\/C.so+Orbassano,+367,+10137+Torino+TO\/@45.0335519,7.6199158,17z\/data=!3m1!4b1!4m6!3m5!1s0x478813477e5fd6a5:0xcfe700ddd231cc93!8m2!3d45.0335481!4d7.6224907!16s%2Fg%2F11b8ym_prw?entry=ttu\">Mirafiori Posta 12,<br>\nC.so Orbassano 367<br>\n10137 Tur\u00edn<br>\nItalia<\/a><\/div><\/div><\/div><\/div><\/div><\/div><\/div><\/div><\/div>\n","protected":false},"excerpt":{"rendered":"<p>HomeCont\u00e1ctanosSi tienes alguna duda o deseas recibir m\u00e1s informaci\u00f3n sobre Free2move eSolutions, \u00a1estamos a su disposici\u00f3n!Ponerse en contacto con nosotros es f\u00e1cil, puedes escribirnos un correo electr\u00f3nico o simplemente llamarnos, nos aseguraremos de que uno de nuestros representantes responda a todas sus preguntas.Cont\u00e1ctanosUbicacionesMil\u00e1nPiazzale Lodi, 320137 Mil\u00e1nItaliaTur\u00ednMirafiori Posta 12, C.so Orbassano 367 10137 Tur\u00edn Italia<\/p>\n","protected":false},"author":1,"featured_media":0,"parent":0,"menu_order":0,"comment_status":"closed","ping_status":"closed","template":"template-blank-4.php","meta":{"_acf_changed":false,"inline_featured_image":false,"footnotes":""},"class_list":["post-50269","page","type-page","status-publish","hentry","no-post-thumbnail"],"acf":[],"yoast_head":"<!-- This site is optimized with the Yoast SEO plugin v24.4 - https:\/\/yoast.com\/wordpress\/plugins\/seo\/ -->\n<title>contactanos | Free2move eSolutions<\/title>\n<meta name=\"description\" content=\"Ponte en contacto con nosotros hoy. Comun\u00edquese con nosotros para consultas, soporte o colaboraciones. Estamos aqu\u00ed para ayudarle.\" \/>\n<meta name=\"robots\" content=\"index, follow, max-snippet:-1, max-image-preview:large, max-video-preview:-1\" \/>\n<link rel=\"canonical\" href=\"https:\/\/test.esolutions.free2move.com\/eu\/es_es\/contactanos\/\" \/>\n<meta property=\"og:locale\" content=\"es_ES\" \/>\n<meta property=\"og:type\" content=\"article\" \/>\n<meta property=\"og:title\" content=\"contactanos | Free2move eSolutions\" \/>\n<meta property=\"og:description\" content=\"Ponte en contacto con nosotros hoy. Comun\u00edquese con nosotros para consultas, soporte o colaboraciones. Estamos aqu\u00ed para ayudarle.\" \/>\n<meta property=\"og:url\" content=\"https:\/\/test.esolutions.free2move.com\/eu\/es_es\/contactanos\/\" \/>\n<meta property=\"og:site_name\" content=\"eSolution europe\" \/>\n<meta name=\"twitter:card\" content=\"summary_large_image\" \/>\n<meta name=\"twitter:label1\" content=\"Est. reading time\" \/>\n\t<meta name=\"twitter:data1\" content=\"2 minutes\" \/>\n<script type=\"application\/ld+json\" class=\"yoast-schema-graph\">{\"@context\":\"https:\/\/schema.org\",\"@graph\":[{\"@type\":\"WebPage\",\"@id\":\"https:\/\/test.esolutions.free2move.com\/eu\/es_es\/contactanos\/\",\"url\":\"https:\/\/test.esolutions.free2move.com\/eu\/es_es\/contactanos\/\",\"name\":\"contactanos | Free2move eSolutions\",\"isPartOf\":{\"@id\":\"https:\/\/test.esolutions.free2move.com\/eu\/en_it\/#website\"},\"datePublished\":\"2024-03-18T11:52:16+00:00\",\"description\":\"Ponte en contacto con nosotros hoy. Comun\u00edquese con nosotros para consultas, soporte o colaboraciones. Estamos aqu\u00ed para ayudarle.\",\"breadcrumb\":{\"@id\":\"https:\/\/test.esolutions.free2move.com\/eu\/es_es\/contactanos\/#breadcrumb\"},\"inLanguage\":\"es\",\"potentialAction\":[{\"@type\":\"ReadAction\",\"target\":[\"https:\/\/test.esolutions.free2move.com\/eu\/es_es\/contactanos\/\"]}]},{\"@type\":\"BreadcrumbList\",\"@id\":\"https:\/\/test.esolutions.free2move.com\/eu\/es_es\/contactanos\/#breadcrumb\",\"itemListElement\":[{\"@type\":\"ListItem\",\"position\":1,\"name\":\"Home\",\"item\":\"https:\/\/test.esolutions.free2move.com\/eu\/es_es\/\"},{\"@type\":\"ListItem\",\"position\":2,\"name\":\"contactanos\"}]},{\"@type\":\"WebSite\",\"@id\":\"https:\/\/test.esolutions.free2move.com\/eu\/en_it\/#website\",\"url\":\"https:\/\/test.esolutions.free2move.com\/eu\/en_it\/\",\"name\":\"eSolutions europe\",\"description\":\"\",\"publisher\":{\"@id\":\"https:\/\/test.esolutions.free2move.com\/eu\/en_it\/#organization\"},\"potentialAction\":[{\"@type\":\"SearchAction\",\"target\":{\"@type\":\"EntryPoint\",\"urlTemplate\":\"https:\/\/test.esolutions.free2move.com\/eu\/en_it\/?s={search_term_string}\"},\"query-input\":{\"@type\":\"PropertyValueSpecification\",\"valueRequired\":true,\"valueName\":\"search_term_string\"}}],\"inLanguage\":\"es\"},{\"@type\":\"Organization\",\"@id\":\"https:\/\/test.esolutions.free2move.com\/eu\/en_it\/#organization\",\"name\":\"eSolutions europe\",\"url\":\"https:\/\/test.esolutions.free2move.com\/eu\/en_it\/\",\"logo\":{\"@type\":\"ImageObject\",\"inLanguage\":\"es\",\"@id\":\"https:\/\/test.esolutions.free2move.com\/eu\/en_it\/#\/schema\/logo\/image\/\",\"url\":\"https:\/\/www.esolutions.free2move.com\/eu\/wp-content\/uploads\/2024\/03\/logo-f2m-horizontal-1-1-1.png\",\"contentUrl\":\"https:\/\/www.esolutions.free2move.com\/eu\/wp-content\/uploads\/2024\/03\/logo-f2m-horizontal-1-1-1.png\",\"width\":865,\"height\":218,\"caption\":\"eSolutions europe\"},\"image\":{\"@id\":\"https:\/\/test.esolutions.free2move.com\/eu\/en_it\/#\/schema\/logo\/image\/\"}}]}<\/script>\n<!-- \/ Yoast SEO plugin. -->","yoast_head_json":{"title":"contactanos | Free2move eSolutions","description":"Ponte en contacto con nosotros hoy. Comun\u00edquese con nosotros para consultas, soporte o colaboraciones. Estamos aqu\u00ed para ayudarle.","robots":{"index":"index","follow":"follow","max-snippet":"max-snippet:-1","max-image-preview":"max-image-preview:large","max-video-preview":"max-video-preview:-1"},"canonical":"https:\/\/test.esolutions.free2move.com\/eu\/es_es\/contactanos\/","og_locale":"es_ES","og_type":"article","og_title":"contactanos | Free2move eSolutions","og_description":"Ponte en contacto con nosotros hoy. Comun\u00edquese con nosotros para consultas, soporte o colaboraciones. Estamos aqu\u00ed para ayudarle.","og_url":"https:\/\/test.esolutions.free2move.com\/eu\/es_es\/contactanos\/","og_site_name":"eSolution europe","twitter_card":"summary_large_image","twitter_misc":{"Est. reading time":"2 minutes"},"schema":{"@context":"https:\/\/schema.org","@graph":[{"@type":"WebPage","@id":"https:\/\/test.esolutions.free2move.com\/eu\/es_es\/contactanos\/","url":"https:\/\/test.esolutions.free2move.com\/eu\/es_es\/contactanos\/","name":"contactanos | Free2move eSolutions","isPartOf":{"@id":"https:\/\/test.esolutions.free2move.com\/eu\/en_it\/#website"},"datePublished":"2024-03-18T11:52:16+00:00","description":"Ponte en contacto con nosotros hoy. Comun\u00edquese con nosotros para consultas, soporte o colaboraciones. Estamos aqu\u00ed para ayudarle.","breadcrumb":{"@id":"https:\/\/test.esolutions.free2move.com\/eu\/es_es\/contactanos\/#breadcrumb"},"inLanguage":"es","potentialAction":[{"@type":"ReadAction","target":["https:\/\/test.esolutions.free2move.com\/eu\/es_es\/contactanos\/"]}]},{"@type":"BreadcrumbList","@id":"https:\/\/test.esolutions.free2move.com\/eu\/es_es\/contactanos\/#breadcrumb","itemListElement":[{"@type":"ListItem","position":1,"name":"Home","item":"https:\/\/test.esolutions.free2move.com\/eu\/es_es\/"},{"@type":"ListItem","position":2,"name":"contactanos"}]},{"@type":"WebSite","@id":"https:\/\/test.esolutions.free2move.com\/eu\/en_it\/#website","url":"https:\/\/test.esolutions.free2move.com\/eu\/en_it\/","name":"eSolutions europe","description":"","publisher":{"@id":"https:\/\/test.esolutions.free2move.com\/eu\/en_it\/#organization"},"potentialAction":[{"@type":"SearchAction","target":{"@type":"EntryPoint","urlTemplate":"https:\/\/test.esolutions.free2move.com\/eu\/en_it\/?s={search_term_string}"},"query-input":{"@type":"PropertyValueSpecification","valueRequired":true,"valueName":"search_term_string"}}],"inLanguage":"es"},{"@type":"Organization","@id":"https:\/\/test.esolutions.free2move.com\/eu\/en_it\/#organization","name":"eSolutions europe","url":"https:\/\/test.esolutions.free2move.com\/eu\/en_it\/","logo":{"@type":"ImageObject","inLanguage":"es","@id":"https:\/\/test.esolutions.free2move.com\/eu\/en_it\/#\/schema\/logo\/image\/","url":"https:\/\/www.esolutions.free2move.com\/eu\/wp-content\/uploads\/2024\/03\/logo-f2m-horizontal-1-1-1.png","contentUrl":"https:\/\/www.esolutions.free2move.com\/eu\/wp-content\/uploads\/2024\/03\/logo-f2m-horizontal-1-1-1.png","width":865,"height":218,"caption":"eSolutions europe"},"image":{"@id":"https:\/\/test.esolutions.free2move.com\/eu\/en_it\/#\/schema\/logo\/image\/"}}]}},"_links":{"self":[{"href":"https:\/\/test.esolutions.free2move.com\/eu\/es_es\/wp-json\/wp\/v2\/pages\/50269","targetHints":{"allow":["GET"]}}],"collection":[{"href":"https:\/\/test.esolutions.free2move.com\/eu\/es_es\/wp-json\/wp\/v2\/pages"}],"about":[{"href":"https:\/\/test.esolutions.free2move.com\/eu\/es_es\/wp-json\/wp\/v2\/types\/page"}],"author":[{"embeddable":true,"href":"https:\/\/test.esolutions.free2move.com\/eu\/es_es\/wp-json\/wp\/v2\/users\/1"}],"replies":[{"embeddable":true,"href":"https:\/\/test.esolutions.free2move.com\/eu\/es_es\/wp-json\/wp\/v2\/comments?post=50269"}],"version-history":[{"count":0,"href":"https:\/\/test.esolutions.free2move.com\/eu\/es_es\/wp-json\/wp\/v2\/pages\/50269\/revisions"}],"wp:attachment":[{"href":"https:\/\/test.esolutions.free2move.com\/eu\/es_es\/wp-json\/wp\/v2\/media?parent=50269"}],"curies":[{"name":"wp","href":"https:\/\/api.w.org\/{rel}","templated":true}]}}