{"id":50270,"date":"2024-03-18T11:34:21","date_gmt":"2024-03-18T11:34:21","guid":{"rendered":"https:\/\/test.esolutions.free2move.com\/eu\/empresa\/"},"modified":"2024-03-18T11:34:21","modified_gmt":"2024-03-18T11:34:21","slug":"empresa","status":"publish","type":"page","link":"https:\/\/test.esolutions.free2move.com\/eu\/es_es\/empresa\/","title":{"rendered":"Empresa"},"content":{"rendered":"<div id=\"cs-content\" class=\"cs-content\"><nav class=\"x-crumbs e12505-e1 m9nd-0\" role=\"navigation\"><ol class=\"x-crumbs-list\" itemscope=\"\" itemtype=\"http:\/\/schema.org\/BreadcrumbList\" aria-label=\"Breadcrumb Navigation\"><li class=\"x-crumbs-list-item\" itemprop=\"itemListElement\" itemscope itemtype=\"http:\/\/schema.org\/ListItem\"><a class=\"x-crumbs-current x-crumbs-link\" itemtype=\"http:\/\/schema.org\/Thing\" itemprop=\"item\" href=\"https:\/\/test.esolutions.free2move.com\/eu\/es_es\/\" title=\"You Are Here\"><span itemprop=\"name\">Home<\/span><\/a><meta itemprop=\"position\" content=\"1\"><\/li><\/ol><\/nav><div class=\"x-section e12505-e2 m9nd-1 m9nd-2 m9nd-3 m9nd-4\"><div class=\"x-row x-container max width e12505-e3 m9nd-8 m9nd-9 m9nd-a m9nd-b m9nd-h\"><div class=\"x-row-inner\"><div class=\"x-col e12505-e4 m9nd-r m9nd-s m9nd-t m9nd-u m9nd-v es_gap\"><div class=\"x-div e12505-e5 m9nd-11\"><div class=\"x-text x-text-headline e12505-e6 m9nd-12\"><div class=\"x-text-content\"><div class=\"x-text-content-text\"><h2 class=\"x-text-content-text-primary\">Free2move eSolutions<\/h2><\/div><\/div><\/div><div class=\"x-text x-content e12505-e7 m9nd-13 m9nd-14 m9nd-15 m9nd-16\"><div class=\"ewa-rteLine\"><strong>Libertad de recarga<\/strong><\/div><\/div><\/div><\/div><div class=\"x-col e12505-e8 m9nd-t m9nd-u m9nd-v\"><span class=\"x-image e12505-e9 m9nd-19 m9nd-1a\"><img decoding=\"async\" src=\"https:\/\/test.esolutions.free2move.com\/eu\/wp-content\/uploads\/2024\/04\/AdobeStock_295114965-scaled.jpeg\" width=\"2560\" height=\"1677\" alt=\"Image\" loading=\"lazy\"><\/span><\/div><\/div><\/div><\/div><div class=\"x-section e12505-e10 m9nd-1 m9nd-4 m9nd-5\"><div class=\"x-row x-container max width e12505-e11 m9nd-8 m9nd-9 m9nd-a m9nd-c m9nd-d m9nd-i m9nd-j\"><div class=\"x-row-inner\"><div class=\"x-col x-hide-md x-hide-sm x-hide-xs e12505-e12 m9nd-u m9nd-v m9nd-w\"><hr class=\"x-line e12505-e13 m9nd-1c\"\/><\/div><div class=\"x-col e12505-e14 m9nd-r m9nd-s m9nd-u m9nd-v m9nd-w es_gap\"><div class=\"x-row e12505-e15 m9nd-8 m9nd-9 m9nd-a m9nd-d m9nd-i m9nd-k\"><div class=\"x-row-inner\"><div class=\"x-col e12505-e16 m9nd-u m9nd-v m9nd-w\"><div class=\"x-text x-content e12505-e17 m9nd-14 m9nd-16 m9nd-17 text-l\"><div class=\"ewa-rteLine\">Nos dedicamos a dise&ntilde;ar y producir estaciones de recarga inteligentes y servicios digitales para simplificar la vida de los conductores el&eacute;ctricos. Apoyamos la transici&oacute;n a la movilidad el&eacute;ctrica sostenible ofreciendo soluciones f&aacute;ciles de usar que har&aacute;n que este cambio sea intuitivo y fluido para todos.<\/div><\/div><\/div><\/div><\/div><\/div><\/div><\/div><\/div><div class=\"x-section e12505-e18 m9nd-1 m9nd-2 m9nd-6\"><div class=\"x-row x-container max width e12505-e19 m9nd-8 m9nd-9 m9nd-d m9nd-e m9nd-i m9nd-l row_reverse\"><div class=\"x-row-inner\"><div class=\"x-col e12505-e20 m9nd-r m9nd-t m9nd-u m9nd-x m9nd-y mobile-unset\"><div class=\"x-row e12505-e21 m9nd-8 m9nd-9 m9nd-a m9nd-d m9nd-f m9nd-i m9nd-m\"><div class=\"x-row-inner\"><div class=\"x-col e12505-e22 m9nd-u m9nd-v m9nd-w m9nd-z\"><div class=\"x-text x-text-headline e12505-e23 m9nd-12\"><div class=\"x-text-content\"><div class=\"x-text-content-text\"><h2 class=\"x-text-content-text-primary\">Qui\u00e9nes somos<\/h2><\/div><\/div><\/div><div class=\"x-text x-content e12505-e24 m9nd-14 m9nd-15 m9nd-18\">Gracias a nuestra pasi\u00f3n por el cambio y a nuestra continua innovaci\u00f3n tecnol\u00f3gica, digitalizaci\u00f3n y enfoque pionero del desarrollo, la producci\u00f3n y la oferta, simplificamos el acercamiento y la transici\u00f3n a la movilidad del futuro creando productos eficientes y f\u00e1ciles de usar.<\/div><a class=\"x-anchor x-anchor-button e12505-e25 m9nd-1d es_button_hover\" tabindex=\"0\" href=\".\/about-us\"><div class=\"x-anchor-content\"><div class=\"x-anchor-text\"><span class=\"x-anchor-text-primary\">M\u00e1s informaci\u00f3n<\/span><\/div><\/div><\/a><\/div><\/div><\/div><\/div><div class=\"x-col e12505-e26 m9nd-r m9nd-u m9nd-v m9nd-w m9nd-x m9nd-10\"><span class=\"x-image e12505-e27 m9nd-19 m9nd-1b\"><img decoding=\"async\" src=\"https:\/\/test.esolutions.free2move.com\/eu\/wp-content\/uploads\/2024\/03\/eSolutions-Charging-06a.jpg\" width=\"7952\" height=\"5304\" alt=\"Image\" loading=\"lazy\"><\/span><\/div><\/div><\/div><\/div><div class=\"x-section e12505-e28 m9nd-1 m9nd-7\"><div class=\"x-row x-container max width e12505-e29 m9nd-8 m9nd-d m9nd-e m9nd-g m9nd-i m9nd-n row_reverse\"><div class=\"x-row-inner\"><div class=\"x-col e12505-e30 m9nd-r m9nd-t m9nd-u m9nd-x m9nd-y mobile-unset\"><div class=\"x-row e12505-e31 m9nd-8 m9nd-9 m9nd-a m9nd-d m9nd-f m9nd-i m9nd-o\"><div class=\"x-row-inner\"><div class=\"x-col e12505-e32 m9nd-u m9nd-v m9nd-w m9nd-z\"><div class=\"x-text x-text-headline e12505-e33 m9nd-12\"><div class=\"x-text-content\"><div class=\"x-text-content-text\"><h2 class=\"x-text-content-text-primary\">Gobernanza y \u00e9tica<\/h2><\/div><\/div><\/div><div class=\"x-text x-content e12505-e34 m9nd-14 m9nd-15 m9nd-18\">Obt\u00e9n m\u00e1s informaci\u00f3n sobre nuestro <b>Consejo<\/b> <strong>de Administraci\u00f3n<\/strong>, altamente comprometido en la supervisi\u00f3n de nuestra estrategia empresarial y nuestras elevadas normas \u00e9ticas basadas en la integridad como mandato rector de todas nuestras decisiones.<\/div><a class=\"x-anchor x-anchor-button e12505-e35 m9nd-1d es_button_hover\" tabindex=\"0\" href=\".\/governance-ethics\"><div class=\"x-anchor-content\"><div class=\"x-anchor-text\"><span class=\"x-anchor-text-primary\">M\u00e1s informaci\u00f3n<\/span><\/div><\/div><\/a><\/div><\/div><\/div><\/div><div class=\"x-col e12505-e36 m9nd-r m9nd-u m9nd-v m9nd-w m9nd-x m9nd-10\"><span class=\"x-image e12505-e37 m9nd-19 m9nd-1b\"><img decoding=\"async\" src=\"https:\/\/test.esolutions.free2move.com\/eu\/wp-content\/uploads\/2024\/03\/iStock-1010836150-1-1.jpg\" width=\"1398\" height=\"850\" alt=\"Image\" loading=\"lazy\"><\/span><\/div><\/div><\/div><\/div><div class=\"x-section e12505-e38 m9nd-1 m9nd-4 m9nd-5\"><div class=\"x-row x-container max width e12505-e39 m9nd-8 m9nd-9 m9nd-d m9nd-e m9nd-i m9nd-p row_reverse\"><div class=\"x-row-inner\"><div class=\"x-col e12505-e40 m9nd-r m9nd-t m9nd-u m9nd-x m9nd-y mobile-unset\"><div class=\"x-row e12505-e41 m9nd-8 m9nd-9 m9nd-a m9nd-d m9nd-f m9nd-i m9nd-q\"><div class=\"x-row-inner\"><div class=\"x-col e12505-e42 m9nd-u m9nd-v m9nd-w m9nd-z\"><div class=\"x-text x-text-headline e12505-e43 m9nd-12\"><div class=\"x-text-content\"><div class=\"x-text-content-text\"><h2 class=\"x-text-content-text-primary\">Proyecto DrossOne V2G<\/h2><\/div><\/div><\/div><div class=\"x-text x-content e12505-e44 m9nd-14 m9nd-15 m9nd-18\"><p>El <b>proyecto DrossOne V2G Parking<\/b> es un sistema de veh\u00edculo a red (V2G) a gran escala con almacenamiento de energ\u00eda integrado desarrollado con el apoyo del Fondo de Innovaci\u00f3n de la Comisi\u00f3n Europea.<\/p><\/div><a class=\"x-anchor x-anchor-button e12505-e45 m9nd-1d es_button_hover\" tabindex=\"0\" href=\".\/drossone-v2g-project\"><div class=\"x-anchor-content\"><div class=\"x-anchor-text\"><span class=\"x-anchor-text-primary\">M\u00e1s informaci\u00f3n<\/span><\/div><\/div><\/a><\/div><\/div><\/div><\/div><div class=\"x-col e12505-e46 m9nd-r m9nd-u m9nd-v m9nd-w m9nd-x m9nd-10\"><span class=\"x-image e12505-e47 m9nd-19 m9nd-1b\"><img decoding=\"async\" src=\"https:\/\/test.esolutions.free2move.com\/eu\/wp-content\/uploads\/2024\/04\/DJI_0533-scaled.jpg\" width=\"2560\" height=\"1705\" alt=\"Image\" loading=\"lazy\"><\/span><\/div><\/div><\/div><\/div><\/div>\n","protected":false},"excerpt":{"rendered":"<p>HomeFree2move eSolutionsLibertad de recargaNos dedicamos a dise&ntilde;ar y producir estaciones de recarga inteligentes y servicios digitales para simplificar la vida de los conductores el&eacute;ctricos. Apoyamos la transici&oacute;n a la movilidad el&eacute;ctrica sostenible ofreciendo soluciones f&aacute;ciles de usar que har&aacute;n que este cambio sea intuitivo y fluido para todos.Qui\u00e9nes somosGracias a nuestra pasi\u00f3n por el cambio y a nuestra continua innovaci\u00f3n &#8230; <\/p>\n<div><a href=\"https:\/\/test.esolutions.free2move.com\/eu\/es_es\/empresa\/\" class=\"more-link\">Read More<\/a><\/div>\n","protected":false},"author":1,"featured_media":0,"parent":0,"menu_order":0,"comment_status":"closed","ping_status":"closed","template":"template-blank-4.php","meta":{"_acf_changed":false,"inline_featured_image":false,"footnotes":""},"class_list":["post-50270","page","type-page","status-publish","hentry","no-post-thumbnail"],"acf":[],"yoast_head":"<!-- This site is optimized with the Yoast SEO plugin v24.4 - https:\/\/yoast.com\/wordpress\/plugins\/seo\/ -->\n<title>Our Empresa | Free2move eSolutions<\/title>\n<meta name=\"description\" content=\"Dise\u00f1amos tecnolog\u00edas innovadoras para liderar la transici\u00f3n a la movilidad el\u00e9ctrica ofreciendo soluciones y servicios de carga que marcar\u00e1n este cambio.\" \/>\n<meta name=\"robots\" content=\"index, follow, max-snippet:-1, max-image-preview:large, max-video-preview:-1\" \/>\n<link rel=\"canonical\" href=\"https:\/\/test.esolutions.free2move.com\/eu\/es_es\/empresa\/\" \/>\n<meta property=\"og:locale\" content=\"es_ES\" \/>\n<meta property=\"og:type\" content=\"article\" \/>\n<meta property=\"og:title\" content=\"Our Empresa | Free2move eSolutions\" \/>\n<meta property=\"og:description\" content=\"Dise\u00f1amos tecnolog\u00edas innovadoras para liderar la transici\u00f3n a la movilidad el\u00e9ctrica ofreciendo soluciones y servicios de carga que marcar\u00e1n este cambio.\" \/>\n<meta property=\"og:url\" content=\"https:\/\/test.esolutions.free2move.com\/eu\/es_es\/empresa\/\" \/>\n<meta property=\"og:site_name\" content=\"eSolution europe\" \/>\n<meta name=\"twitter:card\" content=\"summary_large_image\" \/>\n<meta name=\"twitter:label1\" content=\"Est. reading time\" \/>\n\t<meta name=\"twitter:data1\" content=\"3 minutes\" \/>\n<script type=\"application\/ld+json\" class=\"yoast-schema-graph\">{\"@context\":\"https:\/\/schema.org\",\"@graph\":[{\"@type\":\"WebPage\",\"@id\":\"https:\/\/test.esolutions.free2move.com\/eu\/es_es\/empresa\/\",\"url\":\"https:\/\/test.esolutions.free2move.com\/eu\/es_es\/empresa\/\",\"name\":\"Our Empresa | Free2move eSolutions\",\"isPartOf\":{\"@id\":\"https:\/\/test.esolutions.free2move.com\/eu\/en_it\/#website\"},\"datePublished\":\"2024-03-18T11:34:21+00:00\",\"description\":\"Dise\u00f1amos tecnolog\u00edas innovadoras para liderar la transici\u00f3n a la movilidad el\u00e9ctrica ofreciendo soluciones y servicios de carga que marcar\u00e1n este cambio.\",\"breadcrumb\":{\"@id\":\"https:\/\/test.esolutions.free2move.com\/eu\/es_es\/empresa\/#breadcrumb\"},\"inLanguage\":\"es\",\"potentialAction\":[{\"@type\":\"ReadAction\",\"target\":[\"https:\/\/test.esolutions.free2move.com\/eu\/es_es\/empresa\/\"]}]},{\"@type\":\"BreadcrumbList\",\"@id\":\"https:\/\/test.esolutions.free2move.com\/eu\/es_es\/empresa\/#breadcrumb\",\"itemListElement\":[{\"@type\":\"ListItem\",\"position\":1,\"name\":\"Home\",\"item\":\"https:\/\/test.esolutions.free2move.com\/eu\/es_es\/\"},{\"@type\":\"ListItem\",\"position\":2,\"name\":\"Empresa\"}]},{\"@type\":\"WebSite\",\"@id\":\"https:\/\/test.esolutions.free2move.com\/eu\/en_it\/#website\",\"url\":\"https:\/\/test.esolutions.free2move.com\/eu\/en_it\/\",\"name\":\"eSolutions europe\",\"description\":\"\",\"publisher\":{\"@id\":\"https:\/\/test.esolutions.free2move.com\/eu\/en_it\/#organization\"},\"potentialAction\":[{\"@type\":\"SearchAction\",\"target\":{\"@type\":\"EntryPoint\",\"urlTemplate\":\"https:\/\/test.esolutions.free2move.com\/eu\/en_it\/?s={search_term_string}\"},\"query-input\":{\"@type\":\"PropertyValueSpecification\",\"valueRequired\":true,\"valueName\":\"search_term_string\"}}],\"inLanguage\":\"es\"},{\"@type\":\"Organization\",\"@id\":\"https:\/\/test.esolutions.free2move.com\/eu\/en_it\/#organization\",\"name\":\"eSolutions europe\",\"url\":\"https:\/\/test.esolutions.free2move.com\/eu\/en_it\/\",\"logo\":{\"@type\":\"ImageObject\",\"inLanguage\":\"es\",\"@id\":\"https:\/\/test.esolutions.free2move.com\/eu\/en_it\/#\/schema\/logo\/image\/\",\"url\":\"https:\/\/www.esolutions.free2move.com\/eu\/wp-content\/uploads\/2024\/03\/logo-f2m-horizontal-1-1-1.png\",\"contentUrl\":\"https:\/\/www.esolutions.free2move.com\/eu\/wp-content\/uploads\/2024\/03\/logo-f2m-horizontal-1-1-1.png\",\"width\":865,\"height\":218,\"caption\":\"eSolutions europe\"},\"image\":{\"@id\":\"https:\/\/test.esolutions.free2move.com\/eu\/en_it\/#\/schema\/logo\/image\/\"}}]}<\/script>\n<!-- \/ Yoast SEO plugin. -->","yoast_head_json":{"title":"Our Empresa | Free2move eSolutions","description":"Dise\u00f1amos tecnolog\u00edas innovadoras para liderar la transici\u00f3n a la movilidad el\u00e9ctrica ofreciendo soluciones y servicios de carga que marcar\u00e1n este cambio.","robots":{"index":"index","follow":"follow","max-snippet":"max-snippet:-1","max-image-preview":"max-image-preview:large","max-video-preview":"max-video-preview:-1"},"canonical":"https:\/\/test.esolutions.free2move.com\/eu\/es_es\/empresa\/","og_locale":"es_ES","og_type":"article","og_title":"Our Empresa | Free2move eSolutions","og_description":"Dise\u00f1amos tecnolog\u00edas innovadoras para liderar la transici\u00f3n a la movilidad el\u00e9ctrica ofreciendo soluciones y servicios de carga que marcar\u00e1n este cambio.","og_url":"https:\/\/test.esolutions.free2move.com\/eu\/es_es\/empresa\/","og_site_name":"eSolution europe","twitter_card":"summary_large_image","twitter_misc":{"Est. reading time":"3 minutes"},"schema":{"@context":"https:\/\/schema.org","@graph":[{"@type":"WebPage","@id":"https:\/\/test.esolutions.free2move.com\/eu\/es_es\/empresa\/","url":"https:\/\/test.esolutions.free2move.com\/eu\/es_es\/empresa\/","name":"Our Empresa | Free2move eSolutions","isPartOf":{"@id":"https:\/\/test.esolutions.free2move.com\/eu\/en_it\/#website"},"datePublished":"2024-03-18T11:34:21+00:00","description":"Dise\u00f1amos tecnolog\u00edas innovadoras para liderar la transici\u00f3n a la movilidad el\u00e9ctrica ofreciendo soluciones y servicios de carga que marcar\u00e1n este cambio.","breadcrumb":{"@id":"https:\/\/test.esolutions.free2move.com\/eu\/es_es\/empresa\/#breadcrumb"},"inLanguage":"es","potentialAction":[{"@type":"ReadAction","target":["https:\/\/test.esolutions.free2move.com\/eu\/es_es\/empresa\/"]}]},{"@type":"BreadcrumbList","@id":"https:\/\/test.esolutions.free2move.com\/eu\/es_es\/empresa\/#breadcrumb","itemListElement":[{"@type":"ListItem","position":1,"name":"Home","item":"https:\/\/test.esolutions.free2move.com\/eu\/es_es\/"},{"@type":"ListItem","position":2,"name":"Empresa"}]},{"@type":"WebSite","@id":"https:\/\/test.esolutions.free2move.com\/eu\/en_it\/#website","url":"https:\/\/test.esolutions.free2move.com\/eu\/en_it\/","name":"eSolutions europe","description":"","publisher":{"@id":"https:\/\/test.esolutions.free2move.com\/eu\/en_it\/#organization"},"potentialAction":[{"@type":"SearchAction","target":{"@type":"EntryPoint","urlTemplate":"https:\/\/test.esolutions.free2move.com\/eu\/en_it\/?s={search_term_string}"},"query-input":{"@type":"PropertyValueSpecification","valueRequired":true,"valueName":"search_term_string"}}],"inLanguage":"es"},{"@type":"Organization","@id":"https:\/\/test.esolutions.free2move.com\/eu\/en_it\/#organization","name":"eSolutions europe","url":"https:\/\/test.esolutions.free2move.com\/eu\/en_it\/","logo":{"@type":"ImageObject","inLanguage":"es","@id":"https:\/\/test.esolutions.free2move.com\/eu\/en_it\/#\/schema\/logo\/image\/","url":"https:\/\/www.esolutions.free2move.com\/eu\/wp-content\/uploads\/2024\/03\/logo-f2m-horizontal-1-1-1.png","contentUrl":"https:\/\/www.esolutions.free2move.com\/eu\/wp-content\/uploads\/2024\/03\/logo-f2m-horizontal-1-1-1.png","width":865,"height":218,"caption":"eSolutions europe"},"image":{"@id":"https:\/\/test.esolutions.free2move.com\/eu\/en_it\/#\/schema\/logo\/image\/"}}]}},"_links":{"self":[{"href":"https:\/\/test.esolutions.free2move.com\/eu\/es_es\/wp-json\/wp\/v2\/pages\/50270","targetHints":{"allow":["GET"]}}],"collection":[{"href":"https:\/\/test.esolutions.free2move.com\/eu\/es_es\/wp-json\/wp\/v2\/pages"}],"about":[{"href":"https:\/\/test.esolutions.free2move.com\/eu\/es_es\/wp-json\/wp\/v2\/types\/page"}],"author":[{"embeddable":true,"href":"https:\/\/test.esolutions.free2move.com\/eu\/es_es\/wp-json\/wp\/v2\/users\/1"}],"replies":[{"embeddable":true,"href":"https:\/\/test.esolutions.free2move.com\/eu\/es_es\/wp-json\/wp\/v2\/comments?post=50270"}],"version-history":[{"count":0,"href":"https:\/\/test.esolutions.free2move.com\/eu\/es_es\/wp-json\/wp\/v2\/pages\/50270\/revisions"}],"wp:attachment":[{"href":"https:\/\/test.esolutions.free2move.com\/eu\/es_es\/wp-json\/wp\/v2\/media?parent=50270"}],"curies":[{"name":"wp","href":"https:\/\/api.w.org\/{rel}","templated":true}]}}