{"id":22863,"date":"2024-03-18T14:40:52","date_gmt":"2024-03-18T14:40:52","guid":{"rendered":"https:\/\/test.esolutions.free2move.com\/eu\/brigitte-courtehoux\/"},"modified":"2024-03-18T14:40:52","modified_gmt":"2024-03-18T14:40:52","slug":"brigitte-courtehoux","status":"publish","type":"page","link":"https:\/\/test.esolutions.free2move.com\/eu\/fr_be\/gouvernance-et-ethique\/brigitte-courtehoux\/","title":{"rendered":"Brigitte Courtehoux"},"content":{"rendered":"<div id=\"cs-content\" class=\"cs-content\"><nav class=\"x-crumbs e12577-e1 m9pd-0\" role=\"navigation\"><ol class=\"x-crumbs-list\" itemscope=\"\" itemtype=\"http:\/\/schema.org\/BreadcrumbList\" aria-label=\"Breadcrumb Navigation\"><li class=\"x-crumbs-list-item\" itemprop=\"itemListElement\" itemscope itemtype=\"http:\/\/schema.org\/ListItem\"><a class=\"x-crumbs-current x-crumbs-link\" itemtype=\"http:\/\/schema.org\/Thing\" itemprop=\"item\" href=\"https:\/\/test.esolutions.free2move.com\/eu\/fr_be\/\" title=\"You Are Here\"><span itemprop=\"name\">Home<\/span><\/a><meta itemprop=\"position\" content=\"1\"><\/li><\/ol><\/nav><div class=\"x-section e12577-e2 m9pd-1\"><div class=\"x-row x-container max width e12577-e3 m9pd-2 m9pd-3 m9pd-5 m9pd-6\"><div class=\"x-row-inner\"><div class=\"x-col e12577-e4 m9pd-8 m9pd-9 m9pd-a m9pd-b\"><span class=\"x-image e12577-e5 m9pd-f\"><img decoding=\"async\" src=\"https:\/\/test.esolutions.free2move.com\/eu\/wp-content\/uploads\/2024\/03\/GovernanceEthics_Brigitte-Courtehou-copia-1.jpg\" width=\"146\" height=\"134\" alt=\"Image\" loading=\"lazy\"><\/span><\/div><div class=\"x-col e12577-e6 m9pd-8 m9pd-a m9pd-c m9pd-d es_gap\"><div class=\"x-row e12577-e7 m9pd-3 m9pd-4 m9pd-5 m9pd-7\"><div class=\"x-row-inner\"><div class=\"x-col e12577-e8 m9pd-8 m9pd-9 m9pd-d m9pd-e es_gap\"><div class=\"x-text x-text-headline e12577-e9 m9pd-g\"><div class=\"x-text-content\"><div class=\"x-text-content-text\"><h2 class=\"x-text-content-text-primary\">Brigitte Courtehoux<\/h2><\/div><\/div><\/div><\/div><\/div><\/div><div class=\"x-text x-content e12577-e10 m9pd-h\"><div class=\"ewa-rteLine\"><strong>Directeur<\/strong><\/div>\n<div class=\"ewa-rteLine\"><\/div>\n<div class=\"ewa-rteLine\">Brigitte Courtehoux est directrice g\u00e9n\u00e9rale de Free2move et membre de l'\u00e9quipe dirigeante de Stellantis.<br>\nSa carri\u00e8re s'est d'abord d\u00e9velopp\u00e9e pendant trois ans \u00e0 \u00c9lectricit\u00e9 de France, puis en 1998 elle a rejoint l'industrie automobile au sein du Groupe PSA et a occup\u00e9 des postes de responsable de la planification et de la qualit\u00e9 dans le cadre de plusieurs projets automobiles.<br>\nEn 2008 et 2009, elle a \u00e9t\u00e9 vice-pr\u00e9sidente charg\u00e9e de la tour de contr\u00f4le de la qualit\u00e9 au niveau mondial.<br>\nEntre 2010 et 2013, en tant que directrice du projet mondial, elle a g\u00e9r\u00e9 et lanc\u00e9 avec succ\u00e8s le crossover Peugeot \"2008\" sur les march\u00e9s europ\u00e9en, latino-am\u00e9ricain et chinois.<br>\nEn septembre 2013, elle a \u00e9t\u00e9 nomm\u00e9e vice-pr\u00e9sidente principale, responsable de l'unit\u00e9 commerciale \"Mobilit\u00e9 et services connexes\". En septembre 2016, elle a lanc\u00e9 la marque Free2move.<br>\nEn 2018, elle est devenue vice-pr\u00e9sidente ex\u00e9cutive et membre du comit\u00e9 ex\u00e9cutif mondial de Groupe PSA et, en janvier 2021, membre de l'\u00e9quipe dirigeante de Stellantis.<br>\nBrigitte Courtehoux est titulaire d'un dipl\u00f4me d'ing\u00e9nieur de l'Institut national polytechnique de Grenoble et d'un Executive MBA de HEC Paris.<\/div><\/div><\/div><\/div><\/div><\/div><\/div>\n","protected":false},"excerpt":{"rendered":"<p>HomeBrigitte CourtehouxDirecteur Brigitte Courtehoux est directrice g\u00e9n\u00e9rale de Free2move et membre de l&#8217;\u00e9quipe dirigeante de Stellantis. Sa carri\u00e8re s&#8217;est d&#8217;abord d\u00e9velopp\u00e9e pendant trois ans \u00e0 \u00c9lectricit\u00e9 de France, puis en 1998 elle a rejoint l&#8217;industrie automobile au sein du Groupe PSA et a occup\u00e9 des postes de responsable de la planification et de la qualit\u00e9 dans le cadre de plusieurs &#8230; <\/p>\n<div><a href=\"https:\/\/test.esolutions.free2move.com\/eu\/fr_be\/gouvernance-et-ethique\/brigitte-courtehoux\/\" class=\"more-link\">Read More<\/a><\/div>\n","protected":false},"author":1,"featured_media":0,"parent":22872,"menu_order":0,"comment_status":"closed","ping_status":"closed","template":"template-blank-4.php","meta":{"_acf_changed":false,"inline_featured_image":false,"footnotes":""},"class_list":["post-22863","page","type-page","status-publish","hentry","no-post-thumbnail"],"acf":[],"yoast_head":"<!-- This site is optimized with the Yoast SEO plugin v24.4 - https:\/\/yoast.com\/wordpress\/plugins\/seo\/ -->\n<title>Brigitte Courtehoux - eSolution europe<\/title>\n<meta name=\"robots\" content=\"index, follow, max-snippet:-1, max-image-preview:large, max-video-preview:-1\" \/>\n<link rel=\"canonical\" href=\"https:\/\/test.esolutions.free2move.com\/eu\/en_def\/governance-ethics\/brigitte-courtehoux\/\" \/>\n<meta property=\"og:locale\" content=\"fr_FR\" \/>\n<meta property=\"og:type\" content=\"article\" \/>\n<meta property=\"og:title\" content=\"Brigitte Courtehoux - eSolution europe\" \/>\n<meta property=\"og:description\" content=\"HomeBrigitte CourtehouxDirecteur Brigitte Courtehoux est directrice g\u00e9n\u00e9rale de Free2move et membre de l&#039;\u00e9quipe dirigeante de Stellantis. Sa carri\u00e8re s&#039;est d&#039;abord d\u00e9velopp\u00e9e pendant trois ans \u00e0 \u00c9lectricit\u00e9 de France, puis en 1998 elle a rejoint l&#039;industrie automobile au sein du Groupe PSA et a occup\u00e9 des postes de responsable de la planification et de la qualit\u00e9 dans le cadre de plusieurs ... Read More\" \/>\n<meta property=\"og:url\" content=\"https:\/\/test.esolutions.free2move.com\/eu\/en_def\/governance-ethics\/brigitte-courtehoux\/\" \/>\n<meta property=\"og:site_name\" content=\"eSolution europe\" \/>\n<meta name=\"twitter:card\" content=\"summary_large_image\" \/>\n<meta name=\"twitter:label1\" content=\"Est. reading time\" \/>\n\t<meta name=\"twitter:data1\" content=\"1 minute\" \/>\n<script type=\"application\/ld+json\" class=\"yoast-schema-graph\">{\"@context\":\"https:\/\/schema.org\",\"@graph\":[{\"@type\":\"WebPage\",\"@id\":\"https:\/\/test.esolutions.free2move.com\/eu\/en_def\/governance-ethics\/brigitte-courtehoux\/\",\"url\":\"https:\/\/test.esolutions.free2move.com\/eu\/en_def\/governance-ethics\/brigitte-courtehoux\/\",\"name\":\"Brigitte Courtehoux - eSolution europe\",\"isPartOf\":{\"@id\":\"https:\/\/test.esolutions.free2move.com\/eu\/en_it\/#website\"},\"datePublished\":\"2024-03-18T14:40:52+00:00\",\"breadcrumb\":{\"@id\":\"https:\/\/test.esolutions.free2move.com\/eu\/en_def\/governance-ethics\/brigitte-courtehoux\/#breadcrumb\"},\"inLanguage\":\"fr-be\",\"potentialAction\":[{\"@type\":\"ReadAction\",\"target\":[\"https:\/\/test.esolutions.free2move.com\/eu\/en_def\/governance-ethics\/brigitte-courtehoux\/\"]}]},{\"@type\":\"BreadcrumbList\",\"@id\":\"https:\/\/test.esolutions.free2move.com\/eu\/en_def\/governance-ethics\/brigitte-courtehoux\/#breadcrumb\",\"itemListElement\":[{\"@type\":\"ListItem\",\"position\":1,\"name\":\"Home\",\"item\":\"https:\/\/test.esolutions.free2move.com\/eu\/fr_be\/\"},{\"@type\":\"ListItem\",\"position\":2,\"name\":\"Gouvernance et \u00e9thique\",\"item\":\"https:\/\/test.esolutions.free2move.com\/eu\/en_def\/governance-ethics\/\"},{\"@type\":\"ListItem\",\"position\":3,\"name\":\"Brigitte Courtehoux\"}]},{\"@type\":\"WebSite\",\"@id\":\"https:\/\/test.esolutions.free2move.com\/eu\/en_it\/#website\",\"url\":\"https:\/\/test.esolutions.free2move.com\/eu\/en_it\/\",\"name\":\"eSolutions europe\",\"description\":\"\",\"publisher\":{\"@id\":\"https:\/\/test.esolutions.free2move.com\/eu\/en_it\/#organization\"},\"potentialAction\":[{\"@type\":\"SearchAction\",\"target\":{\"@type\":\"EntryPoint\",\"urlTemplate\":\"https:\/\/test.esolutions.free2move.com\/eu\/en_it\/?s={search_term_string}\"},\"query-input\":{\"@type\":\"PropertyValueSpecification\",\"valueRequired\":true,\"valueName\":\"search_term_string\"}}],\"inLanguage\":\"fr-be\"},{\"@type\":\"Organization\",\"@id\":\"https:\/\/test.esolutions.free2move.com\/eu\/en_it\/#organization\",\"name\":\"eSolutions europe\",\"url\":\"https:\/\/test.esolutions.free2move.com\/eu\/en_it\/\",\"logo\":{\"@type\":\"ImageObject\",\"inLanguage\":\"fr-be\",\"@id\":\"https:\/\/test.esolutions.free2move.com\/eu\/en_it\/#\/schema\/logo\/image\/\",\"url\":\"https:\/\/www.esolutions.free2move.com\/eu\/wp-content\/uploads\/2024\/03\/logo-f2m-horizontal-1-1-1.png\",\"contentUrl\":\"https:\/\/www.esolutions.free2move.com\/eu\/wp-content\/uploads\/2024\/03\/logo-f2m-horizontal-1-1-1.png\",\"width\":865,\"height\":218,\"caption\":\"eSolutions europe\"},\"image\":{\"@id\":\"https:\/\/test.esolutions.free2move.com\/eu\/en_it\/#\/schema\/logo\/image\/\"}}]}<\/script>\n<!-- \/ Yoast SEO plugin. -->","yoast_head_json":{"title":"Brigitte Courtehoux - eSolution europe","robots":{"index":"index","follow":"follow","max-snippet":"max-snippet:-1","max-image-preview":"max-image-preview:large","max-video-preview":"max-video-preview:-1"},"canonical":"https:\/\/test.esolutions.free2move.com\/eu\/en_def\/governance-ethics\/brigitte-courtehoux\/","og_locale":"fr_FR","og_type":"article","og_title":"Brigitte Courtehoux - eSolution europe","og_description":"HomeBrigitte CourtehouxDirecteur Brigitte Courtehoux est directrice g\u00e9n\u00e9rale de Free2move et membre de l'\u00e9quipe dirigeante de Stellantis. Sa carri\u00e8re s'est d'abord d\u00e9velopp\u00e9e pendant trois ans \u00e0 \u00c9lectricit\u00e9 de France, puis en 1998 elle a rejoint l'industrie automobile au sein du Groupe PSA et a occup\u00e9 des postes de responsable de la planification et de la qualit\u00e9 dans le cadre de plusieurs ... Read More","og_url":"https:\/\/test.esolutions.free2move.com\/eu\/en_def\/governance-ethics\/brigitte-courtehoux\/","og_site_name":"eSolution europe","twitter_card":"summary_large_image","twitter_misc":{"Est. reading time":"1 minute"},"schema":{"@context":"https:\/\/schema.org","@graph":[{"@type":"WebPage","@id":"https:\/\/test.esolutions.free2move.com\/eu\/en_def\/governance-ethics\/brigitte-courtehoux\/","url":"https:\/\/test.esolutions.free2move.com\/eu\/en_def\/governance-ethics\/brigitte-courtehoux\/","name":"Brigitte Courtehoux - eSolution europe","isPartOf":{"@id":"https:\/\/test.esolutions.free2move.com\/eu\/en_it\/#website"},"datePublished":"2024-03-18T14:40:52+00:00","breadcrumb":{"@id":"https:\/\/test.esolutions.free2move.com\/eu\/en_def\/governance-ethics\/brigitte-courtehoux\/#breadcrumb"},"inLanguage":"fr-be","potentialAction":[{"@type":"ReadAction","target":["https:\/\/test.esolutions.free2move.com\/eu\/en_def\/governance-ethics\/brigitte-courtehoux\/"]}]},{"@type":"BreadcrumbList","@id":"https:\/\/test.esolutions.free2move.com\/eu\/en_def\/governance-ethics\/brigitte-courtehoux\/#breadcrumb","itemListElement":[{"@type":"ListItem","position":1,"name":"Home","item":"https:\/\/test.esolutions.free2move.com\/eu\/fr_be\/"},{"@type":"ListItem","position":2,"name":"Gouvernance et \u00e9thique","item":"https:\/\/test.esolutions.free2move.com\/eu\/en_def\/governance-ethics\/"},{"@type":"ListItem","position":3,"name":"Brigitte Courtehoux"}]},{"@type":"WebSite","@id":"https:\/\/test.esolutions.free2move.com\/eu\/en_it\/#website","url":"https:\/\/test.esolutions.free2move.com\/eu\/en_it\/","name":"eSolutions europe","description":"","publisher":{"@id":"https:\/\/test.esolutions.free2move.com\/eu\/en_it\/#organization"},"potentialAction":[{"@type":"SearchAction","target":{"@type":"EntryPoint","urlTemplate":"https:\/\/test.esolutions.free2move.com\/eu\/en_it\/?s={search_term_string}"},"query-input":{"@type":"PropertyValueSpecification","valueRequired":true,"valueName":"search_term_string"}}],"inLanguage":"fr-be"},{"@type":"Organization","@id":"https:\/\/test.esolutions.free2move.com\/eu\/en_it\/#organization","name":"eSolutions europe","url":"https:\/\/test.esolutions.free2move.com\/eu\/en_it\/","logo":{"@type":"ImageObject","inLanguage":"fr-be","@id":"https:\/\/test.esolutions.free2move.com\/eu\/en_it\/#\/schema\/logo\/image\/","url":"https:\/\/www.esolutions.free2move.com\/eu\/wp-content\/uploads\/2024\/03\/logo-f2m-horizontal-1-1-1.png","contentUrl":"https:\/\/www.esolutions.free2move.com\/eu\/wp-content\/uploads\/2024\/03\/logo-f2m-horizontal-1-1-1.png","width":865,"height":218,"caption":"eSolutions europe"},"image":{"@id":"https:\/\/test.esolutions.free2move.com\/eu\/en_it\/#\/schema\/logo\/image\/"}}]}},"_links":{"self":[{"href":"https:\/\/test.esolutions.free2move.com\/eu\/fr_be\/wp-json\/wp\/v2\/pages\/22863","targetHints":{"allow":["GET"]}}],"collection":[{"href":"https:\/\/test.esolutions.free2move.com\/eu\/fr_be\/wp-json\/wp\/v2\/pages"}],"about":[{"href":"https:\/\/test.esolutions.free2move.com\/eu\/fr_be\/wp-json\/wp\/v2\/types\/page"}],"author":[{"embeddable":true,"href":"https:\/\/test.esolutions.free2move.com\/eu\/fr_be\/wp-json\/wp\/v2\/users\/1"}],"replies":[{"embeddable":true,"href":"https:\/\/test.esolutions.free2move.com\/eu\/fr_be\/wp-json\/wp\/v2\/comments?post=22863"}],"version-history":[{"count":0,"href":"https:\/\/test.esolutions.free2move.com\/eu\/fr_be\/wp-json\/wp\/v2\/pages\/22863\/revisions"}],"up":[{"embeddable":true,"href":"https:\/\/test.esolutions.free2move.com\/eu\/fr_be\/wp-json\/wp\/v2\/pages\/22872"}],"wp:attachment":[{"href":"https:\/\/test.esolutions.free2move.com\/eu\/fr_be\/wp-json\/wp\/v2\/media?parent=22863"}],"curies":[{"name":"wp","href":"https:\/\/api.w.org\/{rel}","templated":true}]}}