{"id":22872,"date":"2024-03-18T13:33:25","date_gmt":"2024-03-18T13:33:25","guid":{"rendered":"https:\/\/test.esolutions.free2move.com\/eu\/gouvernance-et-ethique\/"},"modified":"2024-03-18T13:33:25","modified_gmt":"2024-03-18T13:33:25","slug":"gouvernance-et-ethique","status":"publish","type":"page","link":"https:\/\/test.esolutions.free2move.com\/eu\/fr_be\/gouvernance-et-ethique\/","title":{"rendered":"Gouvernance et \u00e9thique"},"content":{"rendered":"<div id=\"cs-content\" class=\"cs-content\"><nav class=\"x-crumbs e12559-e1 m9ov-0\" role=\"navigation\"><ol class=\"x-crumbs-list\" itemscope=\"\" itemtype=\"http:\/\/schema.org\/BreadcrumbList\" aria-label=\"Breadcrumb Navigation\"><li class=\"x-crumbs-list-item\" itemprop=\"itemListElement\" itemscope itemtype=\"http:\/\/schema.org\/ListItem\"><a class=\"x-crumbs-current x-crumbs-link\" itemtype=\"http:\/\/schema.org\/Thing\" itemprop=\"item\" href=\"https:\/\/test.esolutions.free2move.com\/eu\/fr_be\/\" title=\"You Are Here\"><span itemprop=\"name\">Home<\/span><\/a><meta itemprop=\"position\" content=\"1\"><\/li><\/ol><\/nav><div class=\"x-section e12559-e2 m9ov-1 m9ov-2 m9ov-3\"><div class=\"x-row x-container max width e12559-e3 m9ov-6 m9ov-7 m9ov-8 m9ov-9 m9ov-e\"><div class=\"x-row-inner\"><div class=\"x-col e12559-e4 m9ov-y m9ov-z m9ov-10 es_gap\"><div class=\"x-div e12559-e5 m9ov-12 m9ov-13\"><div class=\"x-text x-text-headline e12559-e6 m9ov-19 m9ov-1a m9ov-1b m9ov-1c m9ov-1d\"><div class=\"x-text-content\"><div class=\"x-text-content-text\"><h2 class=\"x-text-content-text-primary\">Gouvernance et \u00e9thique<\/h2><\/div><\/div><\/div><div class=\"x-text x-content e12559-e7 m9ov-1i m9ov-1j m9ov-1k m9ov-1l m9ov-1m m9ov-1n m9ov-1o\"><p>En savoir plus sur notre&nbsp;<strong>Conseil d'administration<\/strong>&nbsp;tr\u00e8s engag\u00e9 dans la supervision de notre strat\u00e9gie commerciale et de nos normes \u00e9thiques \u00e9lev\u00e9es bas\u00e9es sur l'int\u00e9grit\u00e9 en tant que mandat directeur pour tous nos choix.<\/p><\/div><\/div><\/div><div class=\"x-col e12559-e8 m9ov-z m9ov-10\"><span class=\"x-image e12559-e9 m9ov-1y m9ov-1z\"><img decoding=\"async\" src=\"https:\/\/test.esolutions.free2move.com\/eu\/wp-content\/uploads\/2024\/03\/iStock-1010836150.jpg\" width=\"1382\" height=\"936\" alt=\"Image\" loading=\"lazy\"><\/span><\/div><\/div><\/div><\/div><div class=\"x-section e12559-e10 m9ov-1 m9ov-2 m9ov-4\"><div class=\"x-text x-text-headline e12559-e11 m9ov-1a m9ov-1b m9ov-1d m9ov-1e m9ov-1f\"><div class=\"x-text-content\"><div class=\"x-text-content-text\"><h3 class=\"x-text-content-text-primary\">Conseil d'administration<\/h3><\/div><\/div><\/div><div class=\"x-row x-container max width e12559-e12 m9ov-6 m9ov-7 m9ov-a m9ov-b m9ov-c m9ov-f m9ov-g\"><div class=\"x-row-inner\"><div class=\"x-col e12559-e13 m9ov-10 m9ov-11\"><div class=\"x-row e12559-e14 m9ov-6 m9ov-7 m9ov-8 m9ov-b m9ov-c m9ov-f m9ov-h\"><div class=\"x-row-inner\"><div class=\"x-col e12559-e15 m9ov-10 m9ov-11\"><span class=\"x-image e12559-e16 m9ov-1y m9ov-20\"><img decoding=\"async\" src=\"https:\/\/test.esolutions.free2move.com\/eu\/wp-content\/uploads\/2024\/03\/GovernanceEthics_Carlalberto-Guglielminotti-copia.jpg\" width=\"146\" height=\"134\" alt=\"Image\" loading=\"lazy\"><\/span><\/div><\/div><\/div><div class=\"x-row e12559-e17 m9ov-6 m9ov-8 m9ov-c m9ov-d m9ov-f m9ov-i\"><div class=\"x-row-inner\"><div class=\"x-col e12559-e18 m9ov-10 m9ov-11\"><div class=\"x-text x-content e12559-e19 m9ov-1j m9ov-1k m9ov-1m m9ov-1o m9ov-1p m9ov-1q\"><h5>Carlalberto Guglielminotti<\/h5><\/div><div class=\"x-text x-content e12559-e20 m9ov-1j m9ov-1k m9ov-1l m9ov-1m m9ov-1q m9ov-1r m9ov-1s\"><h6>Pr\u00e9sident ex\u00e9cutif<\/h6><\/div><div class=\"x-div e12559-e21 m9ov-12 m9ov-13\"><a class=\"x-div e12559-e22 m9ov-12 m9ov-14 m9ov-15 m9ov-16 es_button_hover\" href=\".\/carlalberto-guglielminotti\/\"><div class=\"x-text x-content e12559-e23 m9ov-1j m9ov-1k m9ov-1p m9ov-1q m9ov-1s m9ov-1t m9ov-1u\"><strong>En savoir plus<\/strong><\/div><\/a><\/div><\/div><\/div><\/div><\/div><div class=\"x-col e12559-e24 m9ov-10 m9ov-11\"><div class=\"x-row e12559-e25 m9ov-6 m9ov-7 m9ov-8 m9ov-b m9ov-c m9ov-f m9ov-j\"><div class=\"x-row-inner\"><div class=\"x-col e12559-e26 m9ov-10 m9ov-11\"><span class=\"x-image e12559-e27 m9ov-1y m9ov-20\"><img decoding=\"async\" src=\"https:\/\/test.esolutions.free2move.com\/eu\/wp-content\/uploads\/2024\/03\/MATHILDE_LHEUREUX.jpg\" width=\"146\" height=\"134\" alt=\"Image\" loading=\"lazy\"><\/span><\/div><\/div><\/div><div class=\"x-row e12559-e28 m9ov-6 m9ov-8 m9ov-c m9ov-d m9ov-f m9ov-k\"><div class=\"x-row-inner\"><div class=\"x-col e12559-e29 m9ov-10 m9ov-11\"><div class=\"x-text x-content e12559-e30 m9ov-1j m9ov-1k m9ov-1m m9ov-1o m9ov-1p m9ov-1q\"><h5>Mathilde Lheureux<\/h5><\/div><div class=\"x-text x-content e12559-e31 m9ov-1j m9ov-1k m9ov-1l m9ov-1m m9ov-1q m9ov-1r m9ov-1s\"><h6>Directeur g\u00e9n\u00e9ral<\/h6><\/div><div class=\"x-div e12559-e32 m9ov-12 m9ov-13\"><a class=\"x-div e12559-e33 m9ov-12 m9ov-14 m9ov-15 m9ov-16 es_button_hover\" href=\".\/mathilde-lheureux\/\"><div class=\"x-text x-content e12559-e34 m9ov-1j m9ov-1k m9ov-1p m9ov-1q m9ov-1s m9ov-1u m9ov-1v\"><strong>En savoir plus<\/strong><\/div><\/a><\/div><\/div><\/div><\/div><\/div><div class=\"x-col e12559-e35 m9ov-10 m9ov-11\"><div class=\"x-row e12559-e36 m9ov-6 m9ov-7 m9ov-8 m9ov-b m9ov-c m9ov-f m9ov-l\"><div class=\"x-row-inner\"><div class=\"x-col e12559-e37 m9ov-10 m9ov-11\"><span class=\"x-image e12559-e38 m9ov-1y m9ov-20\"><img decoding=\"async\" src=\"https:\/\/test.esolutions.free2move.com\/eu\/wp-content\/uploads\/2024\/03\/GovernanceEthics_Brigitte-Courtehou-copia-1.jpg\" width=\"146\" height=\"134\" alt=\"Image\" loading=\"lazy\"><\/span><\/div><\/div><\/div><div class=\"x-row e12559-e39 m9ov-6 m9ov-8 m9ov-c m9ov-d m9ov-f m9ov-m\"><div class=\"x-row-inner\"><div class=\"x-col e12559-e40 m9ov-10 m9ov-11\"><div class=\"x-text x-content e12559-e41 m9ov-1j m9ov-1k m9ov-1m m9ov-1o m9ov-1p m9ov-1q\"><h5>Brigitte Courtehoux<\/h5><\/div><div class=\"x-text x-content e12559-e42 m9ov-1j m9ov-1k m9ov-1l m9ov-1m m9ov-1q m9ov-1r m9ov-1s\"><h6>Directeur<\/h6><\/div><div class=\"x-div e12559-e43 m9ov-12 m9ov-13\"><a class=\"x-div e12559-e44 m9ov-12 m9ov-14 m9ov-15 m9ov-17 es_button_hover\" href=\".\/brigitte-courtehoux\/\"><div class=\"x-text x-content e12559-e45 m9ov-1j m9ov-1k m9ov-1p m9ov-1q m9ov-1s m9ov-1t m9ov-1u\"><p><strong>En savoir plus<\/strong><\/p><\/div><\/a><\/div><\/div><\/div><\/div><\/div><div class=\"x-col e12559-e46 m9ov-10 m9ov-11\"><div class=\"x-row e12559-e47 m9ov-6 m9ov-7 m9ov-8 m9ov-b m9ov-c m9ov-f m9ov-n\"><div class=\"x-row-inner\"><div class=\"x-col e12559-e48 m9ov-10 m9ov-11\"><span class=\"x-image e12559-e49 m9ov-1y m9ov-20 m9ov-21\"><img decoding=\"async\" src=\"https:\/\/test.esolutions.free2move.com\/eu\/wp-content\/uploads\/2024\/03\/GovernanceEthics_Davide-Mele-copia.jpg\" width=\"146\" height=\"134\" alt=\"Image\" loading=\"lazy\"><\/span><\/div><\/div><\/div><div class=\"x-row e12559-e50 m9ov-6 m9ov-8 m9ov-c m9ov-d m9ov-f m9ov-o\"><div class=\"x-row-inner\"><div class=\"x-col e12559-e51 m9ov-10 m9ov-11\"><div class=\"x-text x-content e12559-e52 m9ov-1j m9ov-1k m9ov-1m m9ov-1o m9ov-1p m9ov-1q\"><h5>Davide Mele<\/h5><\/div><div class=\"x-text x-content e12559-e53 m9ov-1j m9ov-1k m9ov-1l m9ov-1m m9ov-1q m9ov-1r m9ov-1s\"><h6>Directeur<\/h6><\/div><div class=\"x-div e12559-e54 m9ov-12 m9ov-13\"><a class=\"x-div e12559-e55 m9ov-12 m9ov-14 m9ov-15 m9ov-16 es_button_hover\" href=\".\/davide-mele\/\"><div class=\"x-text x-content e12559-e56 m9ov-1j m9ov-1k m9ov-1p m9ov-1q m9ov-1s m9ov-1t m9ov-1u\"><strong>En savoir plus<\/strong><\/div><\/a><\/div><\/div><\/div><\/div><\/div><div class=\"x-col e12559-e57 m9ov-10 m9ov-11\"><div class=\"x-row e12559-e58 m9ov-6 m9ov-7 m9ov-8 m9ov-b m9ov-c m9ov-f m9ov-p\"><div class=\"x-row-inner\"><div class=\"x-col e12559-e59 m9ov-10 m9ov-11\"><span class=\"x-image e12559-e60 m9ov-1y m9ov-20\"><img decoding=\"async\" src=\"https:\/\/test.esolutions.free2move.com\/eu\/wp-content\/uploads\/2024\/03\/GovernanceEthics_Luigi-Michi-copia.jpg\" width=\"146\" height=\"134\" alt=\"Image\" loading=\"lazy\"><\/span><\/div><\/div><\/div><div class=\"x-row e12559-e61 m9ov-6 m9ov-8 m9ov-c m9ov-d m9ov-f m9ov-q\"><div class=\"x-row-inner\"><div class=\"x-col e12559-e62 m9ov-10 m9ov-11\"><div class=\"x-text x-content e12559-e63 m9ov-1j m9ov-1k m9ov-1m m9ov-1o m9ov-1p m9ov-1q\"><h5>Luigi Michi<\/h5><\/div><div class=\"x-text x-content e12559-e64 m9ov-1j m9ov-1k m9ov-1l m9ov-1m m9ov-1q m9ov-1r m9ov-1s\"><h6>Directeur<\/h6><\/div><div class=\"x-div e12559-e65 m9ov-12 m9ov-13\"><a class=\"x-div e12559-e66 m9ov-12 m9ov-14 m9ov-15 m9ov-17 es_button_hover\" href=\".\/luigi-michi\/\"><div class=\"x-text x-content e12559-e67 m9ov-1j m9ov-1k m9ov-1p m9ov-1q m9ov-1u m9ov-1v m9ov-1w\"><strong>En savoir plus<\/strong><\/div><\/a><\/div><\/div><\/div><\/div><\/div><div class=\"x-col e12559-e68 m9ov-10 m9ov-11\"><div class=\"x-row e12559-e69 m9ov-6 m9ov-7 m9ov-8 m9ov-b m9ov-c m9ov-f m9ov-r\"><div class=\"x-row-inner\"><div class=\"x-col e12559-e70 m9ov-10 m9ov-11\"><span class=\"x-image e12559-e71 m9ov-1y m9ov-20\"><img decoding=\"async\" src=\"https:\/\/test.esolutions.free2move.com\/eu\/wp-content\/uploads\/2024\/03\/GovernanceEthics_Giovanni-Ravina-copia.jpg\" width=\"146\" height=\"134\" alt=\"Image\" loading=\"lazy\"><\/span><\/div><\/div><\/div><div class=\"x-row e12559-e72 m9ov-6 m9ov-8 m9ov-c m9ov-d m9ov-f m9ov-s\"><div class=\"x-row-inner\"><div class=\"x-col e12559-e73 m9ov-10 m9ov-11\"><div class=\"x-text x-content e12559-e74 m9ov-1j m9ov-1k m9ov-1m m9ov-1o m9ov-1p m9ov-1q\"><h5>Giovanni Ravina<\/h5><\/div><div class=\"x-text x-content e12559-e75 m9ov-1j m9ov-1k m9ov-1l m9ov-1m m9ov-1q m9ov-1r m9ov-1s\"><h6>Directeur ex\u00e9cutif<\/h6><\/div><div class=\"x-div e12559-e76 m9ov-12 m9ov-13\"><a class=\"x-div e12559-e77 m9ov-12 m9ov-14 m9ov-15 m9ov-16 es_button_hover\" href=\".\/giovanni-ravina\/\"><div class=\"x-text x-content e12559-e78 m9ov-1j m9ov-1k m9ov-1p m9ov-1q m9ov-1s m9ov-1t m9ov-1u\"><strong>En savoir plus<\/strong><\/div><\/a><\/div><\/div><\/div><\/div><\/div><\/div><\/div><\/div><div class=\"x-section e12559-e79 m9ov-1 m9ov-5\"><div class=\"x-row x-container max width e12559-e80 m9ov-6 m9ov-7 m9ov-8 m9ov-b m9ov-c m9ov-f m9ov-t\"><div class=\"x-row-inner\"><div class=\"x-col e12559-e81 m9ov-10 m9ov-11\"><div class=\"x-text x-text-headline e12559-e82 m9ov-1a m9ov-1b m9ov-1c m9ov-1f m9ov-1g\"><div class=\"x-text-content\"><div class=\"x-text-content-text\"><h5 class=\"x-text-content-text-primary\">Code de d\u00e9ontologie<\/h5><\/div><\/div><\/div><div class=\"x-text x-content e12559-e83 m9ov-1k m9ov-1m m9ov-1n m9ov-1o m9ov-1p m9ov-1x\"><div class=\"ewa-rteLine\">Notre code d'\u00e9thique est fond\u00e9 sur l'int\u00e9grit\u00e9, qui guide tous nos choix, ce qui nous a permis d'int\u00e9grer, de personnaliser et d'am\u00e9liorer la conformit\u00e9, sans que la structure ne soit particuli\u00e8rement lourde.<\/div><\/div><a class=\"x-div e12559-e84 m9ov-12 m9ov-14 m9ov-16 m9ov-18 es_button_hover\" href=\"https:\/\/test.esolutions.free2move.com\/eu\/fr_be\/\/pdf_code-of-ethics\/\" target=\"_blank\"><div class=\"x-text x-content e12559-e85 m9ov-1j m9ov-1k m9ov-1m m9ov-1p m9ov-1q m9ov-1s m9ov-1u\">T\u00e9l\u00e9charger<\/div><\/a><\/div><\/div><\/div><\/div><div class=\"x-section e12559-e86 m9ov-1 m9ov-5\"><div class=\"x-row x-container max width e12559-e87 m9ov-6 m9ov-7 m9ov-8 m9ov-b m9ov-c m9ov-f m9ov-u\"><div class=\"x-row-inner\"><div class=\"x-col e12559-e88 m9ov-10 m9ov-11\"><div class=\"x-text x-text-headline e12559-e89 m9ov-1a m9ov-1b m9ov-1c m9ov-1f m9ov-1g\"><div class=\"x-text-content\"><div class=\"x-text-content-text\"><h5 class=\"x-text-content-text-primary\">Free2Move eSolutions S.p.A \"Mod\u00e8le d'organisation, de gestion et de contr\u00f4le conform\u00e9ment au d\u00e9cret l\u00e9gislatif 231\/2001\".<\/h5><\/div><\/div><\/div><div class=\"x-text x-content e12559-e90 m9ov-1k m9ov-1m m9ov-1n m9ov-1o m9ov-1p m9ov-1x\"><div class=\"ewa-rteLine\">Le d\u00e9cret a \u00e9t\u00e9 pris le 8 juin 2001 en ex\u00e9cution de la d\u00e9l\u00e9gation de pouvoir pr\u00e9vue \u00e0 l'article 11 de la loi n\u00b0 300 du 29 septembre 2000.<\/div><\/div><a class=\"x-div e12559-e91 m9ov-12 m9ov-14 m9ov-16 m9ov-18 es_button_hover\" href=\"https:\/\/test.esolutions.free2move.com\/eu\/fr_be\/\/pdf_mog-231_free2move-esolutions-eng\/\" target=\"_blank\"><div class=\"x-text x-content e12559-e92 m9ov-1j m9ov-1k m9ov-1m m9ov-1p m9ov-1q m9ov-1s m9ov-1u\"><p>T\u00e9l\u00e9charger<\/p><\/div><\/a><\/div><\/div><\/div><\/div><div class=\"x-section e12559-e93 m9ov-1 m9ov-5\"><div class=\"x-row x-container max width e12559-e94 m9ov-6 m9ov-7 m9ov-8 m9ov-b m9ov-c m9ov-f m9ov-v\"><div class=\"x-row-inner\"><div class=\"x-col e12559-e95 m9ov-10 m9ov-11\"><div class=\"x-text x-text-headline e12559-e96 m9ov-1a m9ov-1b m9ov-1c m9ov-1f m9ov-1g\"><div class=\"x-text-content\"><div class=\"x-text-content-text\"><h5 class=\"x-text-content-text-primary\">Politique de lutte contre la corruption<\/h5><\/div><\/div><\/div><div class=\"x-text x-content e12559-e97 m9ov-1k m9ov-1m m9ov-1n m9ov-1o m9ov-1p m9ov-1x\"><div class=\"ewa-rteLine\">Les lignes directrices visent \u00e0 garantir que Free2move eSolutions et ses parties prenantes se conforment \u00e0 la Charte \u00e9thique et aux lois anti-corruption. Ce document fournit un cadre syst\u00e9matique concernant l'interdiction des pratiques de corruption pour le personnel et les parties prenantes de Free2move eSolutions.<\/div><\/div><a class=\"x-div e12559-e98 m9ov-12 m9ov-14 m9ov-16 m9ov-18 es_button_hover\" href=\"https:\/\/test.esolutions.free2move.com\/eu\/fr_be\/\/pdf_free2move-esolutions_anticorruption-guidelines_eng\/\" target=\"_blank\"><div class=\"x-text x-content e12559-e99 m9ov-1j m9ov-1k m9ov-1m m9ov-1p m9ov-1q m9ov-1s m9ov-1u\"><p>T\u00e9l\u00e9charger<\/p><\/div><\/a><\/div><\/div><\/div><\/div><div class=\"x-section e12559-e100 m9ov-1 m9ov-5\"><div class=\"x-row x-container max width e12559-e101 m9ov-6 m9ov-7 m9ov-8 m9ov-b m9ov-c m9ov-f m9ov-w\"><div class=\"x-row-inner\"><div class=\"x-col e12559-e102 m9ov-10 m9ov-11\"><div class=\"x-text x-text-headline e12559-e103 m9ov-1a m9ov-1b m9ov-1c m9ov-1f m9ov-1g\"><div class=\"x-text-content\"><div class=\"x-text-content-text\"><h5 class=\"x-text-content-text-primary\">Politique de d\u00e9nonciation<\/h5><\/div><\/div><\/div><div class=\"x-text x-content e12559-e104 m9ov-1k m9ov-1m m9ov-1n m9ov-1o m9ov-1p m9ov-1x\"><div class=\"ewa-rteLine\">La politique de d\u00e9nonciation \u00e9tablit le syst\u00e8me d'information interne de Free2move eSolutions et r\u00e9git le processus de d\u00e9p\u00f4t et de gestion des rapports.<\/div><\/div><a class=\"x-div e12559-e105 m9ov-12 m9ov-14 m9ov-16 m9ov-18 es_button_hover\" href=\"https:\/\/test.esolutions.free2move.com\/eu\/fr_be\/\/pdf_f2mes_whistleblowing-policy\/\" target=\"_blank\"><div class=\"x-text x-content e12559-e106 m9ov-1j m9ov-1k m9ov-1m m9ov-1p m9ov-1q m9ov-1s m9ov-1u\"><p>T\u00e9l\u00e9charger<\/p><\/div><\/a><\/div><\/div><\/div><\/div><div class=\"x-section e12559-e107 m9ov-1 m9ov-5\"><div class=\"x-row x-container max width e12559-e108 m9ov-6 m9ov-7 m9ov-8 m9ov-b m9ov-c m9ov-f m9ov-x\"><div class=\"x-row-inner\"><div class=\"x-col e12559-e109 m9ov-10 m9ov-11\"><div class=\"x-text x-text-headline e12559-e110 m9ov-1a m9ov-1c m9ov-1f m9ov-1g m9ov-1h\"><div class=\"x-text-content\"><div class=\"x-text-content-text\"><h5 class=\"x-text-content-text-primary\">Ligne d'int\u00e9grit\u00e9\n<\/h5><\/div><\/div><\/div><a class=\"x-div e12559-e111 m9ov-12 m9ov-14 m9ov-16 m9ov-18 es_button_hover\" href=\"https:\/\/free2move.integrityline.com\/frontpage\" target=\"_blank\"><div class=\"x-text x-content e12559-e112 m9ov-1j m9ov-1k m9ov-1m m9ov-1p m9ov-1q m9ov-1s m9ov-1u\"><p>Faire un rapport<\/p><\/div><\/a><\/div><\/div><\/div><\/div><\/div>\n","protected":false},"excerpt":{"rendered":"<p>HomeGouvernance et \u00e9thiqueEn savoir plus sur notre&nbsp;Conseil d&#8217;administration&nbsp;tr\u00e8s engag\u00e9 dans la supervision de notre strat\u00e9gie commerciale et de nos normes \u00e9thiques \u00e9lev\u00e9es bas\u00e9es sur l&#8217;int\u00e9grit\u00e9 en tant que mandat directeur pour tous nos choix.Conseil d&#8217;administrationCarlalberto GuglielminottiPr\u00e9sident ex\u00e9cutifEn savoir plusMathilde LheureuxDirecteur g\u00e9n\u00e9ralEn savoir plusBrigitte CourtehouxDirecteurEn savoir plusDavide MeleDirecteurEn savoir plusLuigi MichiDirecteurEn savoir plusGiovanni RavinaDirecteur ex\u00e9cutifEn savoir plusCode de d\u00e9ontologieNotre code d&#8217;\u00e9thique &#8230; <\/p>\n<div><a href=\"https:\/\/test.esolutions.free2move.com\/eu\/fr_be\/gouvernance-et-ethique\/\" class=\"more-link\">Read More<\/a><\/div>\n","protected":false},"author":1,"featured_media":0,"parent":0,"menu_order":0,"comment_status":"closed","ping_status":"closed","template":"template-blank-4.php","meta":{"_acf_changed":false,"inline_featured_image":false,"footnotes":""},"class_list":["post-22872","page","type-page","status-publish","hentry","no-post-thumbnail"],"acf":[],"yoast_head":"<!-- This site is optimized with the Yoast SEO plugin v24.4 - https:\/\/yoast.com\/wordpress\/plugins\/seo\/ -->\n<title>Gouvernance et \u00e9thique | Free2move eSolutions<\/title>\n<meta name=\"description\" content=\"D\u00e9couvrez notre conseil d\u2019administration engag\u00e9 qui supervise la strat\u00e9gie et respecte des normes \u00e9thiques \u00e9lev\u00e9es guid\u00e9es par l\u2019int\u00e9grit\u00e9 dans toutes les d\u00e9cisions.\" \/>\n<meta name=\"robots\" content=\"index, follow, max-snippet:-1, max-image-preview:large, max-video-preview:-1\" \/>\n<link rel=\"canonical\" href=\"https:\/\/test.esolutions.free2move.com\/eu\/en_def\/governance-ethics\/\" \/>\n<meta property=\"og:locale\" content=\"fr_FR\" \/>\n<meta property=\"og:type\" content=\"article\" \/>\n<meta property=\"og:title\" content=\"Gouvernance et \u00e9thique | Free2move eSolutions\" \/>\n<meta property=\"og:description\" content=\"D\u00e9couvrez notre conseil d\u2019administration engag\u00e9 qui supervise la strat\u00e9gie et respecte des normes \u00e9thiques \u00e9lev\u00e9es guid\u00e9es par l\u2019int\u00e9grit\u00e9 dans toutes les d\u00e9cisions.\" \/>\n<meta property=\"og:url\" content=\"https:\/\/test.esolutions.free2move.com\/eu\/en_def\/governance-ethics\/\" \/>\n<meta property=\"og:site_name\" content=\"eSolution europe\" \/>\n<meta name=\"twitter:card\" content=\"summary_large_image\" \/>\n<meta name=\"twitter:label1\" content=\"Est. reading time\" \/>\n\t<meta name=\"twitter:data1\" content=\"7 minutes\" \/>\n<script type=\"application\/ld+json\" class=\"yoast-schema-graph\">{\"@context\":\"https:\/\/schema.org\",\"@graph\":[{\"@type\":\"WebPage\",\"@id\":\"https:\/\/test.esolutions.free2move.com\/eu\/en_def\/governance-ethics\/\",\"url\":\"https:\/\/test.esolutions.free2move.com\/eu\/en_def\/governance-ethics\/\",\"name\":\"Gouvernance et \u00e9thique | Free2move eSolutions\",\"isPartOf\":{\"@id\":\"https:\/\/test.esolutions.free2move.com\/eu\/en_it\/#website\"},\"datePublished\":\"2024-03-18T13:33:25+00:00\",\"description\":\"D\u00e9couvrez notre conseil d\u2019administration engag\u00e9 qui supervise la strat\u00e9gie et respecte des normes \u00e9thiques \u00e9lev\u00e9es guid\u00e9es par l\u2019int\u00e9grit\u00e9 dans toutes les d\u00e9cisions.\",\"breadcrumb\":{\"@id\":\"https:\/\/test.esolutions.free2move.com\/eu\/en_def\/governance-ethics\/#breadcrumb\"},\"inLanguage\":\"fr-be\",\"potentialAction\":[{\"@type\":\"ReadAction\",\"target\":[\"https:\/\/test.esolutions.free2move.com\/eu\/en_def\/governance-ethics\/\"]}]},{\"@type\":\"BreadcrumbList\",\"@id\":\"https:\/\/test.esolutions.free2move.com\/eu\/en_def\/governance-ethics\/#breadcrumb\",\"itemListElement\":[{\"@type\":\"ListItem\",\"position\":1,\"name\":\"Home\",\"item\":\"https:\/\/test.esolutions.free2move.com\/eu\/fr_be\/\"},{\"@type\":\"ListItem\",\"position\":2,\"name\":\"Gouvernance et \u00e9thique\"}]},{\"@type\":\"WebSite\",\"@id\":\"https:\/\/test.esolutions.free2move.com\/eu\/en_it\/#website\",\"url\":\"https:\/\/test.esolutions.free2move.com\/eu\/en_it\/\",\"name\":\"eSolutions europe\",\"description\":\"\",\"publisher\":{\"@id\":\"https:\/\/test.esolutions.free2move.com\/eu\/en_it\/#organization\"},\"potentialAction\":[{\"@type\":\"SearchAction\",\"target\":{\"@type\":\"EntryPoint\",\"urlTemplate\":\"https:\/\/test.esolutions.free2move.com\/eu\/en_it\/?s={search_term_string}\"},\"query-input\":{\"@type\":\"PropertyValueSpecification\",\"valueRequired\":true,\"valueName\":\"search_term_string\"}}],\"inLanguage\":\"fr-be\"},{\"@type\":\"Organization\",\"@id\":\"https:\/\/test.esolutions.free2move.com\/eu\/en_it\/#organization\",\"name\":\"eSolutions europe\",\"url\":\"https:\/\/test.esolutions.free2move.com\/eu\/en_it\/\",\"logo\":{\"@type\":\"ImageObject\",\"inLanguage\":\"fr-be\",\"@id\":\"https:\/\/test.esolutions.free2move.com\/eu\/en_it\/#\/schema\/logo\/image\/\",\"url\":\"https:\/\/www.esolutions.free2move.com\/eu\/wp-content\/uploads\/2024\/03\/logo-f2m-horizontal-1-1-1.png\",\"contentUrl\":\"https:\/\/www.esolutions.free2move.com\/eu\/wp-content\/uploads\/2024\/03\/logo-f2m-horizontal-1-1-1.png\",\"width\":865,\"height\":218,\"caption\":\"eSolutions europe\"},\"image\":{\"@id\":\"https:\/\/test.esolutions.free2move.com\/eu\/en_it\/#\/schema\/logo\/image\/\"}}]}<\/script>\n<!-- \/ Yoast SEO plugin. -->","yoast_head_json":{"title":"Gouvernance et \u00e9thique | Free2move eSolutions","description":"D\u00e9couvrez notre conseil d\u2019administration engag\u00e9 qui supervise la strat\u00e9gie et respecte des normes \u00e9thiques \u00e9lev\u00e9es guid\u00e9es par l\u2019int\u00e9grit\u00e9 dans toutes les d\u00e9cisions.","robots":{"index":"index","follow":"follow","max-snippet":"max-snippet:-1","max-image-preview":"max-image-preview:large","max-video-preview":"max-video-preview:-1"},"canonical":"https:\/\/test.esolutions.free2move.com\/eu\/en_def\/governance-ethics\/","og_locale":"fr_FR","og_type":"article","og_title":"Gouvernance et \u00e9thique | Free2move eSolutions","og_description":"D\u00e9couvrez notre conseil d\u2019administration engag\u00e9 qui supervise la strat\u00e9gie et respecte des normes \u00e9thiques \u00e9lev\u00e9es guid\u00e9es par l\u2019int\u00e9grit\u00e9 dans toutes les d\u00e9cisions.","og_url":"https:\/\/test.esolutions.free2move.com\/eu\/en_def\/governance-ethics\/","og_site_name":"eSolution europe","twitter_card":"summary_large_image","twitter_misc":{"Est. reading time":"7 minutes"},"schema":{"@context":"https:\/\/schema.org","@graph":[{"@type":"WebPage","@id":"https:\/\/test.esolutions.free2move.com\/eu\/en_def\/governance-ethics\/","url":"https:\/\/test.esolutions.free2move.com\/eu\/en_def\/governance-ethics\/","name":"Gouvernance et \u00e9thique | Free2move eSolutions","isPartOf":{"@id":"https:\/\/test.esolutions.free2move.com\/eu\/en_it\/#website"},"datePublished":"2024-03-18T13:33:25+00:00","description":"D\u00e9couvrez notre conseil d\u2019administration engag\u00e9 qui supervise la strat\u00e9gie et respecte des normes \u00e9thiques \u00e9lev\u00e9es guid\u00e9es par l\u2019int\u00e9grit\u00e9 dans toutes les d\u00e9cisions.","breadcrumb":{"@id":"https:\/\/test.esolutions.free2move.com\/eu\/en_def\/governance-ethics\/#breadcrumb"},"inLanguage":"fr-be","potentialAction":[{"@type":"ReadAction","target":["https:\/\/test.esolutions.free2move.com\/eu\/en_def\/governance-ethics\/"]}]},{"@type":"BreadcrumbList","@id":"https:\/\/test.esolutions.free2move.com\/eu\/en_def\/governance-ethics\/#breadcrumb","itemListElement":[{"@type":"ListItem","position":1,"name":"Home","item":"https:\/\/test.esolutions.free2move.com\/eu\/fr_be\/"},{"@type":"ListItem","position":2,"name":"Gouvernance et \u00e9thique"}]},{"@type":"WebSite","@id":"https:\/\/test.esolutions.free2move.com\/eu\/en_it\/#website","url":"https:\/\/test.esolutions.free2move.com\/eu\/en_it\/","name":"eSolutions europe","description":"","publisher":{"@id":"https:\/\/test.esolutions.free2move.com\/eu\/en_it\/#organization"},"potentialAction":[{"@type":"SearchAction","target":{"@type":"EntryPoint","urlTemplate":"https:\/\/test.esolutions.free2move.com\/eu\/en_it\/?s={search_term_string}"},"query-input":{"@type":"PropertyValueSpecification","valueRequired":true,"valueName":"search_term_string"}}],"inLanguage":"fr-be"},{"@type":"Organization","@id":"https:\/\/test.esolutions.free2move.com\/eu\/en_it\/#organization","name":"eSolutions europe","url":"https:\/\/test.esolutions.free2move.com\/eu\/en_it\/","logo":{"@type":"ImageObject","inLanguage":"fr-be","@id":"https:\/\/test.esolutions.free2move.com\/eu\/en_it\/#\/schema\/logo\/image\/","url":"https:\/\/www.esolutions.free2move.com\/eu\/wp-content\/uploads\/2024\/03\/logo-f2m-horizontal-1-1-1.png","contentUrl":"https:\/\/www.esolutions.free2move.com\/eu\/wp-content\/uploads\/2024\/03\/logo-f2m-horizontal-1-1-1.png","width":865,"height":218,"caption":"eSolutions europe"},"image":{"@id":"https:\/\/test.esolutions.free2move.com\/eu\/en_it\/#\/schema\/logo\/image\/"}}]}},"_links":{"self":[{"href":"https:\/\/test.esolutions.free2move.com\/eu\/fr_be\/wp-json\/wp\/v2\/pages\/22872","targetHints":{"allow":["GET"]}}],"collection":[{"href":"https:\/\/test.esolutions.free2move.com\/eu\/fr_be\/wp-json\/wp\/v2\/pages"}],"about":[{"href":"https:\/\/test.esolutions.free2move.com\/eu\/fr_be\/wp-json\/wp\/v2\/types\/page"}],"author":[{"embeddable":true,"href":"https:\/\/test.esolutions.free2move.com\/eu\/fr_be\/wp-json\/wp\/v2\/users\/1"}],"replies":[{"embeddable":true,"href":"https:\/\/test.esolutions.free2move.com\/eu\/fr_be\/wp-json\/wp\/v2\/comments?post=22872"}],"version-history":[{"count":0,"href":"https:\/\/test.esolutions.free2move.com\/eu\/fr_be\/wp-json\/wp\/v2\/pages\/22872\/revisions"}],"wp:attachment":[{"href":"https:\/\/test.esolutions.free2move.com\/eu\/fr_be\/wp-json\/wp\/v2\/media?parent=22872"}],"curies":[{"name":"wp","href":"https:\/\/api.w.org\/{rel}","templated":true}]}}