{"id":22875,"date":"2024-03-18T13:17:47","date_gmt":"2024-03-18T13:17:47","guid":{"rendered":"https:\/\/test.esolutions.free2move.com\/eu\/projet-drossone-v2g\/"},"modified":"2024-03-18T13:17:47","modified_gmt":"2024-03-18T13:17:47","slug":"projet-drossone-v2g","status":"publish","type":"page","link":"https:\/\/test.esolutions.free2move.com\/eu\/fr_be\/projet-drossone-v2g\/","title":{"rendered":"PROJET DROSSONE V2G"},"content":{"rendered":"<div id=\"cs-content\" class=\"cs-content\"><nav class=\"x-crumbs e12533-e1 m9o5-0\" role=\"navigation\"><ol class=\"x-crumbs-list\" itemscope=\"\" itemtype=\"http:\/\/schema.org\/BreadcrumbList\" aria-label=\"Breadcrumb Navigation\"><li class=\"x-crumbs-list-item\" itemprop=\"itemListElement\" itemscope itemtype=\"http:\/\/schema.org\/ListItem\"><a class=\"x-crumbs-current x-crumbs-link\" itemtype=\"http:\/\/schema.org\/Thing\" itemprop=\"item\" href=\"https:\/\/test.esolutions.free2move.com\/eu\/fr_be\/\" title=\"You Are Here\"><span itemprop=\"name\">Home<\/span><\/a><meta itemprop=\"position\" content=\"1\"><\/li><\/ol><\/nav><div class=\"x-section e12533-e2 m9o5-1 m9o5-2 m9o5-3\"><div class=\"x-row x-container max width e12533-e3 m9o5-5 m9o5-6 m9o5-a\"><div class=\"x-row-inner\"><div class=\"x-col e12533-e4 m9o5-m m9o5-n m9o5-o m9o5-p m9o5-q m9o5-r m9o5-s es_gap\"><div class=\"x-div e12533-e5 m9o5-x\"><div class=\"x-text x-text-headline e12533-e6 m9o5-y m9o5-z\"><div class=\"x-text-content\"><div class=\"x-text-content-text\"><h2 class=\"x-text-content-text-primary\">PROJET DROSSONE V2G<\/h2><\/div><\/div><\/div><\/div><\/div><div class=\"x-col e12533-e7 m9o5-q m9o5-r m9o5-s\"><div class=\"x-frame x-frame-video-player e12533-e8 m9o5-11 m9o5-12\"><div class=\"x-frame-inner\"><div class=\"x-video x-video-player hide-controls autoplay loop muted\" data-x-element-mejs=\"{&quot;poster&quot;:&quot;&quot;,&quot;options&quot;:{&quot;pause_out_of_view&quot;:false}}\"><video class=\"x-mejs\" poster=\"\" preload=\"metadata\" options=\"\" loop=\"\" muted=\"\"><source src=\"https:\/\/test.esolutions.free2move.com\/eu\/fr_be\/\/drosso_pannelli-solari\"><source src=\"https:\/\/test.esolutions.free2move.com\/eu\/fr_be\/\/drosso_pannelli-solari\" type=\"video\/quicktime\"><source src=\"https:\/\/test.esolutions.free2move.com\/eu\/fr_be\/\/drosso_pannelli-solari\" type=\"video\/mp4\"><\/video><\/div><\/div><\/div><\/div><\/div><\/div><\/div><div class=\"x-section e12533-e9 m9o5-1 m9o5-4\"><div class=\"x-row x-container max width e12533-e10 m9o5-5 m9o5-7 m9o5-8 m9o5-b m9o5-c\"><div class=\"x-row-inner\"><div class=\"x-col e12533-e11 m9o5-m m9o5-n m9o5-o m9o5-p m9o5-r m9o5-s m9o5-t mobile_hidden\"><hr class=\"x-line e12533-e12 m9o5-13\"\/><\/div><div class=\"x-col e12533-e13 m9o5-m m9o5-n m9o5-o m9o5-p m9o5-r m9o5-s m9o5-t es_gap\"><div class=\"x-row e12533-e14 m9o5-5 m9o5-8 m9o5-b m9o5-d\"><div class=\"x-row-inner\"><div class=\"x-col e12533-e15 m9o5-r m9o5-s m9o5-t\"><div class=\"x-text x-content e12533-e16 m9o5-14 m9o5-15 text-l\"><p>Le <strong>projet de parking V2G DrossOne<\/strong> est un syst\u00e8me v\u00e9hicule-r\u00e9seau (V2G) \u00e0 grande \u00e9chelle avec stockage d'\u00e9nergie int\u00e9gr\u00e9, d\u00e9velopp\u00e9 avec le soutien du <strong>Fonds pour l'innovation de la Commission europ\u00e9enne<\/strong>. Le projet DrossOne est situ\u00e9 \u00e0 Mirafiori, Turin, Italie et est d\u00e9velopp\u00e9 par <strong>Free2move eSolutions <\/strong>et <strong>Stellantis<\/strong>.<\/p><\/div><\/div><\/div><\/div><\/div><\/div><\/div><\/div><div class=\"x-section e12533-e17 m9o5-1 m9o5-2\"><div class=\"x-row x-container max width e12533-e18 m9o5-5 m9o5-7 m9o5-8 m9o5-b m9o5-e\"><div class=\"x-row-inner\"><div class=\"x-col e12533-e19 m9o5-m m9o5-n m9o5-o m9o5-p m9o5-r m9o5-s m9o5-t mobile_hidden\"><span class=\"x-image e12533-e20 m9o5-17\"><img decoding=\"async\" src=\"https:\/\/test.esolutions.free2move.com\/eu\/wp-content\/uploads\/2024\/03\/eu_co_funded_en.jpg\" width=\"550\" height=\"115\" alt=\"Image\" loading=\"lazy\"><\/span><\/div><div class=\"x-col e12533-e21 m9o5-m m9o5-n m9o5-o m9o5-p m9o5-r m9o5-s m9o5-t es_gap\"><div class=\"x-row e12533-e22 m9o5-5 m9o5-8 m9o5-b m9o5-f\"><div class=\"x-row-inner\"><div class=\"x-col e12533-e23 m9o5-r m9o5-s m9o5-t\"><div class=\"x-text x-content e12533-e24 m9o5-14 m9o5-15 text-l\"><p>Parking DrossOne V2G<br>GA n \u00b0 101038849 - un projet financ\u00e9 par le Fonds d'innovation<\/p><\/div><\/div><\/div><\/div><\/div><\/div><\/div><\/div><div class=\"x-section e12533-e25 m9o5-1 m9o5-2 m9o5-3\"><div class=\"x-row x-container max width e12533-e26 m9o5-5 m9o5-7 m9o5-8 m9o5-b m9o5-g\"><div class=\"x-row-inner\"><div class=\"x-col e12533-e27 m9o5-m m9o5-o m9o5-r m9o5-s m9o5-t m9o5-u m9o5-v\"><span class=\"x-image e12533-e28 m9o5-17 m9o5-18\"><img decoding=\"async\" src=\"https:\/\/test.esolutions.free2move.com\/eu\/wp-content\/uploads\/2024\/04\/DJI_0491-scaled.jpg\" width=\"1280\" height=\"852\" alt=\"Image\" loading=\"lazy\"><\/span><\/div><div class=\"x-col e12533-e29 m9o5-m m9o5-n m9o5-o m9o5-p m9o5-r m9o5-s m9o5-t es_gap\"><div class=\"x-row e12533-e30 m9o5-5 m9o5-8 m9o5-9 m9o5-b m9o5-h\"><div class=\"x-row-inner\"><div class=\"x-col e12533-e31 m9o5-m m9o5-p m9o5-r m9o5-t m9o5-u m9o5-w es_gap\"><div class=\"x-text x-text-headline e12533-e32 m9o5-z m9o5-10\"><div class=\"x-text-content\"><div class=\"x-text-content-text\"><h4 class=\"x-text-content-text-primary\"><strong>Le projet<\/strong><\/h4><\/div><\/div><\/div><div class=\"x-text x-content e12533-e33 m9o5-14 m9o5-16\"><div class=\"ewa-rteLine\">Le vehicle-to-grid favorise un changement de paradigme qui fait des VE une source pr\u00e9cieuse de flexibilit\u00e9 pour le r\u00e9seau.<\/div>\n<div class=\"ewa-rteLine\">&nbsp;<\/div>\n<div class=\"ewa-rteLine\">Le projet d\u00e9montrera la faisabilit\u00e9 d'un syst\u00e8me de charge V2G centralis\u00e9 \u00e0 grande \u00e9chelle en utilisant le stockage stationnaire associ\u00e9 aux v\u00e9hicules \u00e9lectriques (VE) dans le parking de Stellantis (avant d'\u00eatre exp\u00e9di\u00e9s aux concessionnaires automobiles) et une unit\u00e9 de stockage stationnaire bas\u00e9e sur des batteries de seconde vie.<\/div>\n<div class=\"ewa-rteLine\">&nbsp;<\/div>\n<div class=\"ewa-rteLine\">Le projet DrossOne fournira \u00e9galement des services auxiliaires de r\u00e9serve rapide \u00e0 l'op\u00e9rateur du r\u00e9seau (tels que l'\u00e9quilibrage, la r\u00e9gulation de la fr\u00e9quence et de la puissance) ainsi que des services en temps r\u00e9el en utilisant un syst\u00e8me avec des chargeurs rapides bidirectionnels.<\/div><\/div><\/div><\/div><\/div><\/div><\/div><\/div><\/div><div class=\"x-section e12533-e34 m9o5-1 m9o5-2 m9o5-3\"><div class=\"x-row x-container max width e12533-e35 m9o5-5 m9o5-7 m9o5-8 m9o5-b m9o5-i\"><div class=\"x-row-inner\"><div class=\"x-col e12533-e36 m9o5-m m9o5-o m9o5-r m9o5-s m9o5-t m9o5-u m9o5-v\"><span class=\"x-image e12533-e37 m9o5-17\"><img decoding=\"async\" src=\"https:\/\/test.esolutions.free2move.com\/eu\/wp-content\/uploads\/2024\/04\/DJI_0539-scaled.jpg\" width=\"1280\" height=\"852\" alt=\"Image\" loading=\"lazy\"><\/span><\/div><div class=\"x-col e12533-e38 m9o5-m m9o5-n m9o5-o m9o5-p m9o5-r m9o5-s m9o5-t es_gap\"><div class=\"x-row e12533-e39 m9o5-5 m9o5-8 m9o5-9 m9o5-b m9o5-j\"><div class=\"x-row-inner\"><div class=\"x-col e12533-e40 m9o5-m m9o5-p m9o5-r m9o5-t m9o5-u m9o5-w es_gap\"><div class=\"x-text x-text-headline e12533-e41 m9o5-z m9o5-10\"><div class=\"x-text-content\"><div class=\"x-text-content-text\"><h4 class=\"x-text-content-text-primary\"><strong>La technologie<\/strong><\/h4><\/div><\/div><\/div><div class=\"x-text x-content e12533-e42 m9o5-14 m9o5-16\"><div class=\"ewa-rteLine\">\n<div class=\"ewa-rteLine\">Ce projet est le <strong>premier projet commercial bidirectionnel centralis\u00e9 \u00e0 grande \u00e9chelle de ce type<\/strong>, et ce gr\u00e2ce \u00e0 la technologie innovante appliqu\u00e9e \u00e0 son mat\u00e9riel, c'est-\u00e0-dire \u00e0 l'ajout d'un convertisseur courant continu-courant continu (CC-CD).<\/div>\n<div class=\"ewa-rteLine\">Le logiciel est un autre point cl\u00e9 de l'innovation gr\u00e2ce \u00e0 la nouvelle plateforme logicielle d'agr\u00e9gation qui \u00e9mule et contr\u00f4le les flottes comme une \"ressource de stockage d'\u00e9nergie\" centralis\u00e9e avec une interface unique avec le r\u00e9seau.<\/div>\n<div class=\"ewa-rteLine\">&nbsp;<\/div>\n<div class=\"ewa-rteLine\">Enfin, un mod\u00e8le commercial innovant qui g\u00e9n\u00e8re de la valeur \u00e0 partir de la capacit\u00e9 de stockage inutilis\u00e9e des v\u00e9hicules \u00e9lectriques en stationnement, en offrant des services de stabilit\u00e9 du r\u00e9seau \u00e0 l'op\u00e9rateur du syst\u00e8me de transmission italien (TSO).<\/div>\n<\/div><\/div><\/div><\/div><\/div><\/div><\/div><\/div><\/div><div class=\"x-section e12533-e43 m9o5-1 m9o5-2 m9o5-3\"><div class=\"x-row x-container max width e12533-e44 m9o5-5 m9o5-7 m9o5-8 m9o5-b m9o5-k\"><div class=\"x-row-inner\"><div class=\"x-col e12533-e45 m9o5-m m9o5-o m9o5-r m9o5-s m9o5-t m9o5-u m9o5-v\"><span class=\"x-image e12533-e46 m9o5-17\"><img decoding=\"async\" src=\"https:\/\/test.esolutions.free2move.com\/eu\/wp-content\/uploads\/2024\/04\/DJI_0474-scaled.jpg\" width=\"1280\" height=\"852\" alt=\"Image\" loading=\"lazy\"><\/span><\/div><div class=\"x-col e12533-e47 m9o5-m m9o5-n m9o5-o m9o5-p m9o5-r m9o5-s m9o5-t es_gap\"><div class=\"x-row e12533-e48 m9o5-5 m9o5-8 m9o5-9 m9o5-b m9o5-l\"><div class=\"x-row-inner\"><div class=\"x-col e12533-e49 m9o5-m m9o5-p m9o5-r m9o5-t m9o5-u m9o5-w es_gap\"><div class=\"x-text x-text-headline e12533-e50 m9o5-z m9o5-10\"><div class=\"x-text-content\"><div class=\"x-text-content-text\"><h4 class=\"x-text-content-text-primary\">Contribuer \u00e0 la transition \u00e9nerg\u00e9tique<\/h4><\/div><\/div><\/div><div class=\"x-text x-content e12533-e51 m9o5-14 m9o5-16\"><div class=\"ewa-rteLine\">\n<div class=\"ewa-rteLine\">Le projet de parking V2G de DrossOne fournira une capacit\u00e9 nominale de 25 MW de services de r\u00e9serve ultra-rapides entre 2023 et 2027, contribuant ainsi \u00e0 r\u00e9duire les besoins des GRT en centrales \u00e9lectriques \u00e0 base de combustibles fossiles.<br><br>Le stockage de l'\u00e9nergie et les parcs de VE peuvent contribuer \u00e0 un avenir plus durable et neutre en carbone, car ils r\u00e9duiront le besoin de centrales \u00e9lectriques \u00e0 combustibles fossiles de pointe pour fournir des services auxiliaires au r\u00e9seau et, par cons\u00e9quent, les \u00e9missions de GES li\u00e9es \u00e0 ces centrales.<\/div>\n<\/div><\/div><\/div><\/div><\/div><\/div><\/div><\/div><\/div><\/div>\n","protected":false},"excerpt":{"rendered":"<p>HomePROJET DROSSONE V2GLe projet de parking V2G DrossOne est un syst\u00e8me v\u00e9hicule-r\u00e9seau (V2G) \u00e0 grande \u00e9chelle avec stockage d&#8217;\u00e9nergie int\u00e9gr\u00e9, d\u00e9velopp\u00e9 avec le soutien du Fonds pour l&#8217;innovation de la Commission europ\u00e9enne. Le projet DrossOne est situ\u00e9 \u00e0 Mirafiori, Turin, Italie et est d\u00e9velopp\u00e9 par Free2move eSolutions et Stellantis.Parking DrossOne V2GGA n \u00b0 101038849 &#8211; un projet financ\u00e9 par le &#8230; <\/p>\n<div><a href=\"https:\/\/test.esolutions.free2move.com\/eu\/fr_be\/projet-drossone-v2g\/\" class=\"more-link\">Read More<\/a><\/div>\n","protected":false},"author":1,"featured_media":0,"parent":0,"menu_order":0,"comment_status":"closed","ping_status":"closed","template":"template-blank-4.php","meta":{"_acf_changed":false,"inline_featured_image":false,"footnotes":""},"class_list":["post-22875","page","type-page","status-publish","hentry","no-post-thumbnail"],"acf":[],"yoast_head":"<!-- This site is optimized with the Yoast SEO plugin v24.4 - https:\/\/yoast.com\/wordpress\/plugins\/seo\/ -->\n<title>PROJET DROSSONE V2G | Free2move eSolutions<\/title>\n<meta name=\"description\" content=\"Le projet de stationnement DrossOne V2G est un syst\u00e8me de v\u00e9hicule \u00e0 r\u00e9seau (V2G) \u00e0 grande \u00e9chelle avec stockage d&#039;\u00e9nergie int\u00e9gr\u00e9 d\u00e9velopp\u00e9 avec le soutien du Fonds d&#039;innovation de la Commission europ\u00e9enne. Le projet DrossOne est situ\u00e9 \u00e0 Mirafiori, Turin, Italie et est d\u00e9velopp\u00e9 par Free2move eSolutions et Stellantis.\" \/>\n<meta name=\"robots\" content=\"index, follow, max-snippet:-1, max-image-preview:large, max-video-preview:-1\" \/>\n<link rel=\"canonical\" href=\"https:\/\/test.esolutions.free2move.com\/eu\/fr_be\/projet-drossone-v2g\/\" \/>\n<meta property=\"og:locale\" content=\"fr_FR\" \/>\n<meta property=\"og:type\" content=\"article\" \/>\n<meta property=\"og:title\" content=\"PROJET DROSSONE V2G | Free2move eSolutions\" \/>\n<meta property=\"og:description\" content=\"Le projet de stationnement DrossOne V2G est un syst\u00e8me de v\u00e9hicule \u00e0 r\u00e9seau (V2G) \u00e0 grande \u00e9chelle avec stockage d&#039;\u00e9nergie int\u00e9gr\u00e9 d\u00e9velopp\u00e9 avec le soutien du Fonds d&#039;innovation de la Commission europ\u00e9enne. Le projet DrossOne est situ\u00e9 \u00e0 Mirafiori, Turin, Italie et est d\u00e9velopp\u00e9 par Free2move eSolutions et Stellantis.\" \/>\n<meta property=\"og:url\" content=\"https:\/\/test.esolutions.free2move.com\/eu\/fr_be\/projet-drossone-v2g\/\" \/>\n<meta property=\"og:site_name\" content=\"eSolution europe\" \/>\n<meta name=\"twitter:card\" content=\"summary_large_image\" \/>\n<meta name=\"twitter:label1\" content=\"Est. reading time\" \/>\n\t<meta name=\"twitter:data1\" content=\"4 minutes\" \/>\n<script type=\"application\/ld+json\" class=\"yoast-schema-graph\">{\"@context\":\"https:\/\/schema.org\",\"@graph\":[{\"@type\":\"WebPage\",\"@id\":\"https:\/\/test.esolutions.free2move.com\/eu\/fr_be\/projet-drossone-v2g\/\",\"url\":\"https:\/\/test.esolutions.free2move.com\/eu\/fr_be\/projet-drossone-v2g\/\",\"name\":\"PROJET DROSSONE V2G | Free2move eSolutions\",\"isPartOf\":{\"@id\":\"https:\/\/test.esolutions.free2move.com\/eu\/en_it\/#website\"},\"datePublished\":\"2024-03-18T13:17:47+00:00\",\"description\":\"Le projet de stationnement DrossOne V2G est un syst\u00e8me de v\u00e9hicule \u00e0 r\u00e9seau (V2G) \u00e0 grande \u00e9chelle avec stockage d'\u00e9nergie int\u00e9gr\u00e9 d\u00e9velopp\u00e9 avec le soutien du Fonds d'innovation de la Commission europ\u00e9enne. Le projet DrossOne est situ\u00e9 \u00e0 Mirafiori, Turin, Italie et est d\u00e9velopp\u00e9 par Free2move eSolutions et Stellantis.\",\"breadcrumb\":{\"@id\":\"https:\/\/test.esolutions.free2move.com\/eu\/fr_be\/projet-drossone-v2g\/#breadcrumb\"},\"inLanguage\":\"fr-be\",\"potentialAction\":[{\"@type\":\"ReadAction\",\"target\":[\"https:\/\/test.esolutions.free2move.com\/eu\/fr_be\/projet-drossone-v2g\/\"]}]},{\"@type\":\"BreadcrumbList\",\"@id\":\"https:\/\/test.esolutions.free2move.com\/eu\/fr_be\/projet-drossone-v2g\/#breadcrumb\",\"itemListElement\":[{\"@type\":\"ListItem\",\"position\":1,\"name\":\"Home\",\"item\":\"https:\/\/test.esolutions.free2move.com\/eu\/fr_be\/\"},{\"@type\":\"ListItem\",\"position\":2,\"name\":\"PROJET DROSSONE V2G\"}]},{\"@type\":\"WebSite\",\"@id\":\"https:\/\/test.esolutions.free2move.com\/eu\/en_it\/#website\",\"url\":\"https:\/\/test.esolutions.free2move.com\/eu\/en_it\/\",\"name\":\"eSolutions europe\",\"description\":\"\",\"publisher\":{\"@id\":\"https:\/\/test.esolutions.free2move.com\/eu\/en_it\/#organization\"},\"potentialAction\":[{\"@type\":\"SearchAction\",\"target\":{\"@type\":\"EntryPoint\",\"urlTemplate\":\"https:\/\/test.esolutions.free2move.com\/eu\/en_it\/?s={search_term_string}\"},\"query-input\":{\"@type\":\"PropertyValueSpecification\",\"valueRequired\":true,\"valueName\":\"search_term_string\"}}],\"inLanguage\":\"fr-be\"},{\"@type\":\"Organization\",\"@id\":\"https:\/\/test.esolutions.free2move.com\/eu\/en_it\/#organization\",\"name\":\"eSolutions europe\",\"url\":\"https:\/\/test.esolutions.free2move.com\/eu\/en_it\/\",\"logo\":{\"@type\":\"ImageObject\",\"inLanguage\":\"fr-be\",\"@id\":\"https:\/\/test.esolutions.free2move.com\/eu\/en_it\/#\/schema\/logo\/image\/\",\"url\":\"https:\/\/www.esolutions.free2move.com\/eu\/wp-content\/uploads\/2024\/03\/logo-f2m-horizontal-1-1-1.png\",\"contentUrl\":\"https:\/\/www.esolutions.free2move.com\/eu\/wp-content\/uploads\/2024\/03\/logo-f2m-horizontal-1-1-1.png\",\"width\":865,\"height\":218,\"caption\":\"eSolutions europe\"},\"image\":{\"@id\":\"https:\/\/test.esolutions.free2move.com\/eu\/en_it\/#\/schema\/logo\/image\/\"}}]}<\/script>\n<!-- \/ Yoast SEO plugin. -->","yoast_head_json":{"title":"PROJET DROSSONE V2G | Free2move eSolutions","description":"Le projet de stationnement DrossOne V2G est un syst\u00e8me de v\u00e9hicule \u00e0 r\u00e9seau (V2G) \u00e0 grande \u00e9chelle avec stockage d'\u00e9nergie int\u00e9gr\u00e9 d\u00e9velopp\u00e9 avec le soutien du Fonds d'innovation de la Commission europ\u00e9enne. Le projet DrossOne est situ\u00e9 \u00e0 Mirafiori, Turin, Italie et est d\u00e9velopp\u00e9 par Free2move eSolutions et Stellantis.","robots":{"index":"index","follow":"follow","max-snippet":"max-snippet:-1","max-image-preview":"max-image-preview:large","max-video-preview":"max-video-preview:-1"},"canonical":"https:\/\/test.esolutions.free2move.com\/eu\/fr_be\/projet-drossone-v2g\/","og_locale":"fr_FR","og_type":"article","og_title":"PROJET DROSSONE V2G | Free2move eSolutions","og_description":"Le projet de stationnement DrossOne V2G est un syst\u00e8me de v\u00e9hicule \u00e0 r\u00e9seau (V2G) \u00e0 grande \u00e9chelle avec stockage d'\u00e9nergie int\u00e9gr\u00e9 d\u00e9velopp\u00e9 avec le soutien du Fonds d'innovation de la Commission europ\u00e9enne. Le projet DrossOne est situ\u00e9 \u00e0 Mirafiori, Turin, Italie et est d\u00e9velopp\u00e9 par Free2move eSolutions et Stellantis.","og_url":"https:\/\/test.esolutions.free2move.com\/eu\/fr_be\/projet-drossone-v2g\/","og_site_name":"eSolution europe","twitter_card":"summary_large_image","twitter_misc":{"Est. reading time":"4 minutes"},"schema":{"@context":"https:\/\/schema.org","@graph":[{"@type":"WebPage","@id":"https:\/\/test.esolutions.free2move.com\/eu\/fr_be\/projet-drossone-v2g\/","url":"https:\/\/test.esolutions.free2move.com\/eu\/fr_be\/projet-drossone-v2g\/","name":"PROJET DROSSONE V2G | Free2move eSolutions","isPartOf":{"@id":"https:\/\/test.esolutions.free2move.com\/eu\/en_it\/#website"},"datePublished":"2024-03-18T13:17:47+00:00","description":"Le projet de stationnement DrossOne V2G est un syst\u00e8me de v\u00e9hicule \u00e0 r\u00e9seau (V2G) \u00e0 grande \u00e9chelle avec stockage d'\u00e9nergie int\u00e9gr\u00e9 d\u00e9velopp\u00e9 avec le soutien du Fonds d'innovation de la Commission europ\u00e9enne. Le projet DrossOne est situ\u00e9 \u00e0 Mirafiori, Turin, Italie et est d\u00e9velopp\u00e9 par Free2move eSolutions et Stellantis.","breadcrumb":{"@id":"https:\/\/test.esolutions.free2move.com\/eu\/fr_be\/projet-drossone-v2g\/#breadcrumb"},"inLanguage":"fr-be","potentialAction":[{"@type":"ReadAction","target":["https:\/\/test.esolutions.free2move.com\/eu\/fr_be\/projet-drossone-v2g\/"]}]},{"@type":"BreadcrumbList","@id":"https:\/\/test.esolutions.free2move.com\/eu\/fr_be\/projet-drossone-v2g\/#breadcrumb","itemListElement":[{"@type":"ListItem","position":1,"name":"Home","item":"https:\/\/test.esolutions.free2move.com\/eu\/fr_be\/"},{"@type":"ListItem","position":2,"name":"PROJET DROSSONE V2G"}]},{"@type":"WebSite","@id":"https:\/\/test.esolutions.free2move.com\/eu\/en_it\/#website","url":"https:\/\/test.esolutions.free2move.com\/eu\/en_it\/","name":"eSolutions europe","description":"","publisher":{"@id":"https:\/\/test.esolutions.free2move.com\/eu\/en_it\/#organization"},"potentialAction":[{"@type":"SearchAction","target":{"@type":"EntryPoint","urlTemplate":"https:\/\/test.esolutions.free2move.com\/eu\/en_it\/?s={search_term_string}"},"query-input":{"@type":"PropertyValueSpecification","valueRequired":true,"valueName":"search_term_string"}}],"inLanguage":"fr-be"},{"@type":"Organization","@id":"https:\/\/test.esolutions.free2move.com\/eu\/en_it\/#organization","name":"eSolutions europe","url":"https:\/\/test.esolutions.free2move.com\/eu\/en_it\/","logo":{"@type":"ImageObject","inLanguage":"fr-be","@id":"https:\/\/test.esolutions.free2move.com\/eu\/en_it\/#\/schema\/logo\/image\/","url":"https:\/\/www.esolutions.free2move.com\/eu\/wp-content\/uploads\/2024\/03\/logo-f2m-horizontal-1-1-1.png","contentUrl":"https:\/\/www.esolutions.free2move.com\/eu\/wp-content\/uploads\/2024\/03\/logo-f2m-horizontal-1-1-1.png","width":865,"height":218,"caption":"eSolutions europe"},"image":{"@id":"https:\/\/test.esolutions.free2move.com\/eu\/en_it\/#\/schema\/logo\/image\/"}}]}},"_links":{"self":[{"href":"https:\/\/test.esolutions.free2move.com\/eu\/fr_be\/wp-json\/wp\/v2\/pages\/22875","targetHints":{"allow":["GET"]}}],"collection":[{"href":"https:\/\/test.esolutions.free2move.com\/eu\/fr_be\/wp-json\/wp\/v2\/pages"}],"about":[{"href":"https:\/\/test.esolutions.free2move.com\/eu\/fr_be\/wp-json\/wp\/v2\/types\/page"}],"author":[{"embeddable":true,"href":"https:\/\/test.esolutions.free2move.com\/eu\/fr_be\/wp-json\/wp\/v2\/users\/1"}],"replies":[{"embeddable":true,"href":"https:\/\/test.esolutions.free2move.com\/eu\/fr_be\/wp-json\/wp\/v2\/comments?post=22875"}],"version-history":[{"count":0,"href":"https:\/\/test.esolutions.free2move.com\/eu\/fr_be\/wp-json\/wp\/v2\/pages\/22875\/revisions"}],"wp:attachment":[{"href":"https:\/\/test.esolutions.free2move.com\/eu\/fr_be\/wp-json\/wp\/v2\/media?parent=22875"}],"curies":[{"name":"wp","href":"https:\/\/api.w.org\/{rel}","templated":true}]}}