{"id":22881,"date":"2024-03-18T11:52:16","date_gmt":"2024-03-18T11:52:16","guid":{"rendered":"https:\/\/test.esolutions.free2move.com\/eu\/nous-contacter\/"},"modified":"2024-03-18T11:52:16","modified_gmt":"2024-03-18T11:52:16","slug":"nous-contacter","status":"publish","type":"page","link":"https:\/\/test.esolutions.free2move.com\/eu\/fr_be\/nous-contacter\/","title":{"rendered":"Nous contacter"},"content":{"rendered":"<div id=\"cs-content\" class=\"cs-content\"><nav class=\"x-crumbs e12509-e1 m9nh-0\" role=\"navigation\"><ol class=\"x-crumbs-list\" itemscope=\"\" itemtype=\"http:\/\/schema.org\/BreadcrumbList\" aria-label=\"Breadcrumb Navigation\"><li class=\"x-crumbs-list-item\" itemprop=\"itemListElement\" itemscope itemtype=\"http:\/\/schema.org\/ListItem\"><a class=\"x-crumbs-current x-crumbs-link\" itemtype=\"http:\/\/schema.org\/Thing\" itemprop=\"item\" href=\"https:\/\/test.esolutions.free2move.com\/eu\/fr_be\/\" title=\"You Are Here\"><span itemprop=\"name\">Home<\/span><\/a><meta itemprop=\"position\" content=\"1\"><\/li><\/ol><\/nav><div class=\"x-section e12509-e2 m9nh-1 m9nh-2 m9nh-3\"><div class=\"x-row x-container max width e12509-e3 m9nh-6 m9nh-7 m9nh-9\"><div class=\"x-row-inner\"><div class=\"x-col e12509-e4 m9nh-i m9nh-j m9nh-k m9nh-l m9nh-m m9nh-n es_gap\"><div class=\"x-div e12509-e5 m9nh-t m9nh-u\"><div class=\"x-text x-text-headline e12509-e6 m9nh-w m9nh-x\"><div class=\"x-text-content\"><div class=\"x-text-content-text\"><h2 class=\"x-text-content-text-primary\">Nous contacter<\/h2><\/div><\/div><\/div><div class=\"x-text x-content e12509-e7 m9nh-z m9nh-10 m9nh-11 m9nh-12\"><p>Si vous avez des questions ou si vous souhaitez recevoir plus d'informations sur Free2move eSolutions, n'h\u00e9sitez pas \u00e0 nous contacter !<\/p><\/div><\/div><\/div><div class=\"x-col e12509-e8 m9nh-k m9nh-l m9nh-m m9nh-n\"><span class=\"x-image e12509-e9 m9nh-1a m9nh-1b\"><img decoding=\"async\" src=\"https:\/\/test.esolutions.free2move.com\/eu\/wp-content\/uploads\/2024\/03\/AdobeStock_583892761-scaled.jpeg\" width=\"2560\" height=\"1414\" alt=\"Image\" loading=\"lazy\"><\/span><\/div><\/div><\/div><\/div><div class=\"x-section e12509-e10 m9nh-1 m9nh-4\"><div class=\"x-row x-container max width e12509-e11 m9nh-6 m9nh-8 m9nh-a m9nh-b\"><div class=\"x-row-inner\"><div class=\"x-col e12509-e12 m9nh-i m9nh-j m9nh-l m9nh-m m9nh-n m9nh-o mobile_hidden\"><hr class=\"x-line e12509-e13 m9nh-1d\"\/><\/div><div class=\"x-col e12509-e14 m9nh-l m9nh-m m9nh-n m9nh-o es_gap\"><div class=\"x-row e12509-e15 m9nh-6 m9nh-8 m9nh-a m9nh-c\"><div class=\"x-row-inner\"><div class=\"x-col e12509-e16 m9nh-l m9nh-m m9nh-n m9nh-o\"><div class=\"x-text x-content e12509-e17 m9nh-10 m9nh-12 m9nh-13 m9nh-14 m9nh-15\"><p>Il est facile de nous contacter, vous pouvez nous \u00e9crire un courriel ou nous appeler, nous nous assurerons que l'un de nos repr\u00e9sentants r\u00e9pondra \u00e0 toutes vos questions.<\/p><\/div><\/div><\/div><\/div><div class=\"x-row e12509-e18 m9nh-6 m9nh-8 m9nh-a m9nh-d\"><div class=\"x-row-inner\"><div class=\"x-col e12509-e19 m9nh-i m9nh-l m9nh-m m9nh-o m9nh-p m9nh-q es_gap\"><div class=\"x-div e12509-e20 m9nh-t m9nh-u\"><a class=\"x-div e12509-e21 m9nh-t m9nh-v\" href=\"https:\/\/www.esolutionscharging.com\/en_IT\/write-us\" target=\"_blank\"><div class=\"x-text x-content e12509-e22 m9nh-10 m9nh-13 m9nh-16 m9nh-17 text-md\"><p>Nous contacter<\/p><\/div><\/a><\/div><\/div><\/div><\/div><\/div><\/div><\/div><\/div><div class=\"x-section e12509-e23 m9nh-1 m9nh-2\"><div class=\"x-row x-container max width e12509-e24 m9nh-6 m9nh-8 m9nh-a m9nh-e\"><div class=\"x-row-inner\"><div class=\"x-col e12509-e25 m9nh-l m9nh-m m9nh-o m9nh-q m9nh-r\"><div class=\"x-text x-text-headline e12509-e26 m9nh-x m9nh-y\"><div class=\"x-text-content\"><div class=\"x-text-content-text\"><h1 class=\"x-text-content-text-primary\">Localisation des sites<\/h1><\/div><\/div><\/div><\/div><\/div><\/div><div class=\"x-row x-container max width e12509-e27 m9nh-6 m9nh-8 m9nh-a m9nh-f\"><div class=\"x-row-inner\"><div class=\"x-col e12509-e28 m9nh-l m9nh-m m9nh-n m9nh-o\"><div class=\"x-row e12509-e29 m9nh-6 m9nh-8 m9nh-a m9nh-g\"><div class=\"x-row-inner\"><div class=\"x-col e12509-e30 m9nh-i m9nh-j m9nh-l m9nh-m m9nh-n m9nh-o\"><span class=\"x-image e12509-e31 m9nh-1a m9nh-1c\"><img decoding=\"async\" src=\"https:\/\/test.esolutions.free2move.com\/eu\/wp-content\/uploads\/2024\/03\/bg-row-3.png\" width=\"375\" height=\"280\" alt=\"Image\" loading=\"lazy\"><\/span><\/div><div class=\"x-col e12509-e32 m9nh-l m9nh-o m9nh-s\"><span class=\"x-image e12509-e33 m9nh-1a m9nh-1c\"><img decoding=\"async\" src=\"https:\/\/test.esolutions.free2move.com\/eu\/wp-content\/uploads\/2024\/03\/Vector-3-1-1.png\" width=\"34\" height=\"40\" alt=\"Image\" loading=\"lazy\"><\/span><div class=\"x-text x-content e12509-e34 m9nh-10 m9nh-11 m9nh-15 m9nh-16 m9nh-18 text-l\"><p>Milan<\/p><\/div><div class=\"x-text x-content e12509-e35 m9nh-10 m9nh-13 m9nh-16 m9nh-19 m9nh-5 text-md\"><p><a href=\"https:\/\/www.google.it\/maps\/place\/Piazzale+Lodi,+3,+20137+Milano+MI\/@45.4475972,9.2081837,17z\/data=!3m1!4b1!4m6!3m5!1s0x4786c42526688eb1:0x6fb0875cb44e3e06!8m2!3d45.4475935!4d9.2107586!16s%2Fg%2F11c27j_g0r?entry=ttu\">Piazzale Lodi, 3<br>20137 Milano<br>Italie<\/a><\/p><\/div><\/div><\/div><\/div><\/div><div class=\"x-col e12509-e36 m9nh-l m9nh-m m9nh-n m9nh-o\"><div class=\"x-row e12509-e37 m9nh-6 m9nh-8 m9nh-a m9nh-h\"><div class=\"x-row-inner\"><div class=\"x-col e12509-e38 m9nh-i m9nh-j m9nh-l m9nh-m m9nh-n m9nh-o\"><span class=\"x-image e12509-e39 m9nh-1a m9nh-1c\"><img decoding=\"async\" src=\"https:\/\/test.esolutions.free2move.com\/eu\/wp-content\/uploads\/2024\/03\/bg-row-1-2.png\" width=\"375\" height=\"280\" alt=\"Image\" loading=\"lazy\"><\/span><\/div><div class=\"x-col e12509-e40 m9nh-l m9nh-o m9nh-s\"><span class=\"x-image e12509-e41 m9nh-1a m9nh-1c\"><img decoding=\"async\" src=\"https:\/\/test.esolutions.free2move.com\/eu\/wp-content\/uploads\/2024\/03\/Vector-3-1-1.png\" width=\"34\" height=\"40\" alt=\"Image\" loading=\"lazy\"><\/span><div class=\"x-text x-content e12509-e42 m9nh-10 m9nh-11 m9nh-15 m9nh-16 m9nh-18 text-l\"><p>Turin<\/p><\/div><div class=\"x-text x-content e12509-e43 m9nh-10 m9nh-13 m9nh-16 m9nh-19 m9nh-5 text-md\"><a href=\"https:\/\/www.google.it\/maps\/place\/C.so+Orbassano,+367,+10137+Torino+TO\/@45.0335519,7.6199158,17z\/data=!3m1!4b1!4m6!3m5!1s0x478813477e5fd6a5:0xcfe700ddd231cc93!8m2!3d45.0335481!4d7.6224907!16s%2Fg%2F11b8ym_prw?entry=ttu\">Mirafiori Posta 12,<br>\nC.so Orbassano 367<br>\n10137 Turin<br>\nItalie<\/a><\/div><\/div><\/div><\/div><\/div><\/div><\/div><\/div><\/div>\n","protected":false},"excerpt":{"rendered":"<p>HomeNous contacterSi vous avez des questions ou si vous souhaitez recevoir plus d&#8217;informations sur Free2move eSolutions, n&#8217;h\u00e9sitez pas \u00e0 nous contacter !Il est facile de nous contacter, vous pouvez nous \u00e9crire un courriel ou nous appeler, nous nous assurerons que l&#8217;un de nos repr\u00e9sentants r\u00e9pondra \u00e0 toutes vos questions.Nous contacterLocalisation des sitesMilanPiazzale Lodi, 320137 MilanoItalieTurinMirafiori Posta 12, C.so Orbassano 367 &#8230; <\/p>\n<div><a href=\"https:\/\/test.esolutions.free2move.com\/eu\/fr_be\/nous-contacter\/\" class=\"more-link\">Read More<\/a><\/div>\n","protected":false},"author":1,"featured_media":0,"parent":0,"menu_order":0,"comment_status":"closed","ping_status":"closed","template":"template-blank-4.php","meta":{"_acf_changed":false,"inline_featured_image":false,"footnotes":""},"class_list":["post-22881","page","type-page","status-publish","hentry","no-post-thumbnail"],"acf":[],"yoast_head":"<!-- This site is optimized with the Yoast SEO plugin v24.4 - https:\/\/yoast.com\/wordpress\/plugins\/seo\/ -->\n<title>Nous contacter | Free2move eSolutions<\/title>\n<meta name=\"description\" content=\"Contactez-nous d\u00e8s aujourd&#039;hui. Contactez-nous pour des demandes de renseignements, de l\u2019assistance ou des collaborations. Nous sommes l\u00e0 pour vous aider.\" \/>\n<meta name=\"robots\" content=\"index, follow, max-snippet:-1, max-image-preview:large, max-video-preview:-1\" \/>\n<link rel=\"canonical\" href=\"https:\/\/test.esolutions.free2move.com\/eu\/fr_be\/nous-contacter\/\" \/>\n<meta property=\"og:locale\" content=\"fr_FR\" \/>\n<meta property=\"og:type\" content=\"article\" \/>\n<meta property=\"og:title\" content=\"Nous contacter | Free2move eSolutions\" \/>\n<meta property=\"og:description\" content=\"Contactez-nous d\u00e8s aujourd&#039;hui. Contactez-nous pour des demandes de renseignements, de l\u2019assistance ou des collaborations. Nous sommes l\u00e0 pour vous aider.\" \/>\n<meta property=\"og:url\" content=\"https:\/\/test.esolutions.free2move.com\/eu\/fr_be\/nous-contacter\/\" \/>\n<meta property=\"og:site_name\" content=\"eSolution europe\" \/>\n<meta name=\"twitter:card\" content=\"summary_large_image\" \/>\n<meta name=\"twitter:label1\" content=\"Est. reading time\" \/>\n\t<meta name=\"twitter:data1\" content=\"2 minutes\" \/>\n<script type=\"application\/ld+json\" class=\"yoast-schema-graph\">{\"@context\":\"https:\/\/schema.org\",\"@graph\":[{\"@type\":\"WebPage\",\"@id\":\"https:\/\/test.esolutions.free2move.com\/eu\/fr_be\/nous-contacter\/\",\"url\":\"https:\/\/test.esolutions.free2move.com\/eu\/fr_be\/nous-contacter\/\",\"name\":\"Nous contacter | Free2move eSolutions\",\"isPartOf\":{\"@id\":\"https:\/\/test.esolutions.free2move.com\/eu\/en_it\/#website\"},\"datePublished\":\"2024-03-18T11:52:16+00:00\",\"description\":\"Contactez-nous d\u00e8s aujourd'hui. Contactez-nous pour des demandes de renseignements, de l\u2019assistance ou des collaborations. Nous sommes l\u00e0 pour vous aider.\",\"breadcrumb\":{\"@id\":\"https:\/\/test.esolutions.free2move.com\/eu\/fr_be\/nous-contacter\/#breadcrumb\"},\"inLanguage\":\"fr-be\",\"potentialAction\":[{\"@type\":\"ReadAction\",\"target\":[\"https:\/\/test.esolutions.free2move.com\/eu\/fr_be\/nous-contacter\/\"]}]},{\"@type\":\"BreadcrumbList\",\"@id\":\"https:\/\/test.esolutions.free2move.com\/eu\/fr_be\/nous-contacter\/#breadcrumb\",\"itemListElement\":[{\"@type\":\"ListItem\",\"position\":1,\"name\":\"Home\",\"item\":\"https:\/\/test.esolutions.free2move.com\/eu\/fr_be\/\"},{\"@type\":\"ListItem\",\"position\":2,\"name\":\"Nous contacter\"}]},{\"@type\":\"WebSite\",\"@id\":\"https:\/\/test.esolutions.free2move.com\/eu\/en_it\/#website\",\"url\":\"https:\/\/test.esolutions.free2move.com\/eu\/en_it\/\",\"name\":\"eSolutions europe\",\"description\":\"\",\"publisher\":{\"@id\":\"https:\/\/test.esolutions.free2move.com\/eu\/en_it\/#organization\"},\"potentialAction\":[{\"@type\":\"SearchAction\",\"target\":{\"@type\":\"EntryPoint\",\"urlTemplate\":\"https:\/\/test.esolutions.free2move.com\/eu\/en_it\/?s={search_term_string}\"},\"query-input\":{\"@type\":\"PropertyValueSpecification\",\"valueRequired\":true,\"valueName\":\"search_term_string\"}}],\"inLanguage\":\"fr-be\"},{\"@type\":\"Organization\",\"@id\":\"https:\/\/test.esolutions.free2move.com\/eu\/en_it\/#organization\",\"name\":\"eSolutions europe\",\"url\":\"https:\/\/test.esolutions.free2move.com\/eu\/en_it\/\",\"logo\":{\"@type\":\"ImageObject\",\"inLanguage\":\"fr-be\",\"@id\":\"https:\/\/test.esolutions.free2move.com\/eu\/en_it\/#\/schema\/logo\/image\/\",\"url\":\"https:\/\/www.esolutions.free2move.com\/eu\/wp-content\/uploads\/2024\/03\/logo-f2m-horizontal-1-1-1.png\",\"contentUrl\":\"https:\/\/www.esolutions.free2move.com\/eu\/wp-content\/uploads\/2024\/03\/logo-f2m-horizontal-1-1-1.png\",\"width\":865,\"height\":218,\"caption\":\"eSolutions europe\"},\"image\":{\"@id\":\"https:\/\/test.esolutions.free2move.com\/eu\/en_it\/#\/schema\/logo\/image\/\"}}]}<\/script>\n<!-- \/ Yoast SEO plugin. -->","yoast_head_json":{"title":"Nous contacter | Free2move eSolutions","description":"Contactez-nous d\u00e8s aujourd'hui. Contactez-nous pour des demandes de renseignements, de l\u2019assistance ou des collaborations. Nous sommes l\u00e0 pour vous aider.","robots":{"index":"index","follow":"follow","max-snippet":"max-snippet:-1","max-image-preview":"max-image-preview:large","max-video-preview":"max-video-preview:-1"},"canonical":"https:\/\/test.esolutions.free2move.com\/eu\/fr_be\/nous-contacter\/","og_locale":"fr_FR","og_type":"article","og_title":"Nous contacter | Free2move eSolutions","og_description":"Contactez-nous d\u00e8s aujourd'hui. Contactez-nous pour des demandes de renseignements, de l\u2019assistance ou des collaborations. Nous sommes l\u00e0 pour vous aider.","og_url":"https:\/\/test.esolutions.free2move.com\/eu\/fr_be\/nous-contacter\/","og_site_name":"eSolution europe","twitter_card":"summary_large_image","twitter_misc":{"Est. reading time":"2 minutes"},"schema":{"@context":"https:\/\/schema.org","@graph":[{"@type":"WebPage","@id":"https:\/\/test.esolutions.free2move.com\/eu\/fr_be\/nous-contacter\/","url":"https:\/\/test.esolutions.free2move.com\/eu\/fr_be\/nous-contacter\/","name":"Nous contacter | Free2move eSolutions","isPartOf":{"@id":"https:\/\/test.esolutions.free2move.com\/eu\/en_it\/#website"},"datePublished":"2024-03-18T11:52:16+00:00","description":"Contactez-nous d\u00e8s aujourd'hui. Contactez-nous pour des demandes de renseignements, de l\u2019assistance ou des collaborations. Nous sommes l\u00e0 pour vous aider.","breadcrumb":{"@id":"https:\/\/test.esolutions.free2move.com\/eu\/fr_be\/nous-contacter\/#breadcrumb"},"inLanguage":"fr-be","potentialAction":[{"@type":"ReadAction","target":["https:\/\/test.esolutions.free2move.com\/eu\/fr_be\/nous-contacter\/"]}]},{"@type":"BreadcrumbList","@id":"https:\/\/test.esolutions.free2move.com\/eu\/fr_be\/nous-contacter\/#breadcrumb","itemListElement":[{"@type":"ListItem","position":1,"name":"Home","item":"https:\/\/test.esolutions.free2move.com\/eu\/fr_be\/"},{"@type":"ListItem","position":2,"name":"Nous contacter"}]},{"@type":"WebSite","@id":"https:\/\/test.esolutions.free2move.com\/eu\/en_it\/#website","url":"https:\/\/test.esolutions.free2move.com\/eu\/en_it\/","name":"eSolutions europe","description":"","publisher":{"@id":"https:\/\/test.esolutions.free2move.com\/eu\/en_it\/#organization"},"potentialAction":[{"@type":"SearchAction","target":{"@type":"EntryPoint","urlTemplate":"https:\/\/test.esolutions.free2move.com\/eu\/en_it\/?s={search_term_string}"},"query-input":{"@type":"PropertyValueSpecification","valueRequired":true,"valueName":"search_term_string"}}],"inLanguage":"fr-be"},{"@type":"Organization","@id":"https:\/\/test.esolutions.free2move.com\/eu\/en_it\/#organization","name":"eSolutions europe","url":"https:\/\/test.esolutions.free2move.com\/eu\/en_it\/","logo":{"@type":"ImageObject","inLanguage":"fr-be","@id":"https:\/\/test.esolutions.free2move.com\/eu\/en_it\/#\/schema\/logo\/image\/","url":"https:\/\/www.esolutions.free2move.com\/eu\/wp-content\/uploads\/2024\/03\/logo-f2m-horizontal-1-1-1.png","contentUrl":"https:\/\/www.esolutions.free2move.com\/eu\/wp-content\/uploads\/2024\/03\/logo-f2m-horizontal-1-1-1.png","width":865,"height":218,"caption":"eSolutions europe"},"image":{"@id":"https:\/\/test.esolutions.free2move.com\/eu\/en_it\/#\/schema\/logo\/image\/"}}]}},"_links":{"self":[{"href":"https:\/\/test.esolutions.free2move.com\/eu\/fr_be\/wp-json\/wp\/v2\/pages\/22881","targetHints":{"allow":["GET"]}}],"collection":[{"href":"https:\/\/test.esolutions.free2move.com\/eu\/fr_be\/wp-json\/wp\/v2\/pages"}],"about":[{"href":"https:\/\/test.esolutions.free2move.com\/eu\/fr_be\/wp-json\/wp\/v2\/types\/page"}],"author":[{"embeddable":true,"href":"https:\/\/test.esolutions.free2move.com\/eu\/fr_be\/wp-json\/wp\/v2\/users\/1"}],"replies":[{"embeddable":true,"href":"https:\/\/test.esolutions.free2move.com\/eu\/fr_be\/wp-json\/wp\/v2\/comments?post=22881"}],"version-history":[{"count":0,"href":"https:\/\/test.esolutions.free2move.com\/eu\/fr_be\/wp-json\/wp\/v2\/pages\/22881\/revisions"}],"wp:attachment":[{"href":"https:\/\/test.esolutions.free2move.com\/eu\/fr_be\/wp-json\/wp\/v2\/media?parent=22881"}],"curies":[{"name":"wp","href":"https:\/\/api.w.org\/{rel}","templated":true}]}}