{"id":22849,"date":"2024-03-18T14:50:07","date_gmt":"2024-03-18T14:50:07","guid":{"rendered":"https:\/\/test.esolutions.free2move.com\/eu\/mathilde-lheureux\/"},"modified":"2024-03-18T14:50:07","modified_gmt":"2024-03-18T14:50:07","slug":"mathilde-lheureux","status":"publish","type":"page","link":"https:\/\/test.esolutions.free2move.com\/eu\/fr_ch\/gouvernance-et-ethique\/mathilde-lheureux\/","title":{"rendered":"Mathilde Lheureux"},"content":{"rendered":"<div id=\"cs-content\" class=\"cs-content\"><nav class=\"x-crumbs e12641-e1 m9r5-0\" role=\"navigation\"><ol class=\"x-crumbs-list\" itemscope=\"\" itemtype=\"http:\/\/schema.org\/BreadcrumbList\" aria-label=\"Breadcrumb Navigation\"><li class=\"x-crumbs-list-item\" itemprop=\"itemListElement\" itemscope itemtype=\"http:\/\/schema.org\/ListItem\"><a class=\"x-crumbs-current x-crumbs-link\" itemtype=\"http:\/\/schema.org\/Thing\" itemprop=\"item\" href=\"https:\/\/test.esolutions.free2move.com\/eu\/fr_ch\/\" title=\"You Are Here\"><span itemprop=\"name\">Home<\/span><\/a><meta itemprop=\"position\" content=\"1\"><\/li><\/ol><\/nav><div class=\"x-section e12641-e2 m9r5-1\"><div class=\"x-row x-container max width e12641-e3 m9r5-2 m9r5-3 m9r5-5 m9r5-6\"><div class=\"x-row-inner\"><div class=\"x-col e12641-e4 m9r5-8 m9r5-9 m9r5-a m9r5-b\"><span class=\"x-image e12641-e5 m9r5-f\"><img decoding=\"async\" src=\"https:\/\/test.esolutions.free2move.com\/eu\/wp-content\/uploads\/2024\/03\/MATHILDE_LHEUREUX.jpg\" width=\"146\" height=\"134\" alt=\"Image\" loading=\"lazy\"><\/span><\/div><div class=\"x-col e12641-e6 m9r5-8 m9r5-a m9r5-c m9r5-d es_gap\"><div class=\"x-row e12641-e7 m9r5-3 m9r5-4 m9r5-5 m9r5-7\"><div class=\"x-row-inner\"><div class=\"x-col e12641-e8 m9r5-8 m9r5-9 m9r5-d m9r5-e es_gap\"><div class=\"x-text x-text-headline e12641-e9 m9r5-g\"><div class=\"x-text-content\"><div class=\"x-text-content-text\"><h2 class=\"x-text-content-text-primary\">Mathilde Lheureux<\/h2><\/div><\/div><\/div><div class=\"x-text x-content e12641-e10 m9r5-h\"><div class=\"ewa-rteLine\">\n<div class=\"ewa-rteLine\">\n<div class=\"ewa-rteLine\">\n<div class=\"ewa-rteLine\"><strong>Directeur g\u00e9n\u00e9ral<\/strong><\/div>\n<div class=\"ewa-rteLine\">&nbsp;<\/div>\n<div class=\"ewa-rteLine\">Mathilde Lheureux est PDG de Free2move eSolutions depuis le 1er novembre 2022. Elle a plus de 15 ans d'exp\u00e9rience dans le secteur automobile. Avant de rejoindre Stellantis, en janvier 2021, elle \u00e9tait responsable des talents et du top management au sein du Groupe PSA. Elle avait auparavant occup\u00e9 le poste de chef de cabinet de Carlos Tavares au sein du Groupe PSA. Au cours de sa carri\u00e8re au sein du Groupe PSA, elle a acquis une exp\u00e9rience vaste et diversifi\u00e9e allant de la R&amp;D aux affaires publiques et \u00e0 la strat\u00e9gie d'entreprise.<\/div>\n<\/div>\n<\/div>\n<\/div><\/div><\/div><\/div><\/div><\/div><\/div><\/div><\/div><\/div>\n","protected":false},"excerpt":{"rendered":"<p>HomeMathilde Lheureux Directeur g\u00e9n\u00e9ral &nbsp; Mathilde Lheureux est PDG de Free2move eSolutions depuis le 1er novembre 2022. Elle a plus de 15 ans d&#8217;exp\u00e9rience dans le secteur automobile. Avant de rejoindre Stellantis, en janvier 2021, elle \u00e9tait responsable des talents et du top management au sein du Groupe PSA. Elle avait auparavant occup\u00e9 le poste de chef de cabinet de &#8230; <\/p>\n<div><a href=\"https:\/\/test.esolutions.free2move.com\/eu\/fr_ch\/gouvernance-et-ethique\/mathilde-lheureux\/\" class=\"more-link\">Read More<\/a><\/div>\n","protected":false},"author":1,"featured_media":0,"parent":22873,"menu_order":0,"comment_status":"closed","ping_status":"closed","template":"template-blank-4.php","meta":{"_acf_changed":false,"inline_featured_image":false,"footnotes":""},"class_list":["post-22849","page","type-page","status-publish","hentry","no-post-thumbnail"],"acf":[],"yoast_head":"<!-- This site is optimized with the Yoast SEO plugin v24.4 - https:\/\/yoast.com\/wordpress\/plugins\/seo\/ -->\n<title>Mathilde Lheureux - eSolution europe<\/title>\n<meta name=\"robots\" content=\"index, follow, max-snippet:-1, max-image-preview:large, max-video-preview:-1\" \/>\n<link rel=\"canonical\" href=\"https:\/\/test.esolutions.free2move.com\/eu\/en_def\/governance-ethics\/mathilde-lheureux\/\" \/>\n<meta property=\"og:locale\" content=\"fr_FR\" \/>\n<meta property=\"og:type\" content=\"article\" \/>\n<meta property=\"og:title\" content=\"Mathilde Lheureux - eSolution europe\" \/>\n<meta property=\"og:description\" content=\"HomeMathilde Lheureux Directeur g\u00e9n\u00e9ral &nbsp; Mathilde Lheureux est PDG de Free2move eSolutions depuis le 1er novembre 2022. Elle a plus de 15 ans d&#039;exp\u00e9rience dans le secteur automobile. Avant de rejoindre Stellantis, en janvier 2021, elle \u00e9tait responsable des talents et du top management au sein du Groupe PSA. Elle avait auparavant occup\u00e9 le poste de chef de cabinet de ... Read More\" \/>\n<meta property=\"og:url\" content=\"https:\/\/test.esolutions.free2move.com\/eu\/en_def\/governance-ethics\/mathilde-lheureux\/\" \/>\n<meta property=\"og:site_name\" content=\"eSolution europe\" \/>\n<meta name=\"twitter:card\" content=\"summary_large_image\" \/>\n<meta name=\"twitter:label1\" content=\"Est. reading time\" \/>\n\t<meta name=\"twitter:data1\" content=\"1 minute\" \/>\n<script type=\"application\/ld+json\" class=\"yoast-schema-graph\">{\"@context\":\"https:\/\/schema.org\",\"@graph\":[{\"@type\":\"WebPage\",\"@id\":\"https:\/\/test.esolutions.free2move.com\/eu\/en_def\/governance-ethics\/mathilde-lheureux\/\",\"url\":\"https:\/\/test.esolutions.free2move.com\/eu\/en_def\/governance-ethics\/mathilde-lheureux\/\",\"name\":\"Mathilde Lheureux - eSolution europe\",\"isPartOf\":{\"@id\":\"https:\/\/test.esolutions.free2move.com\/eu\/en_it\/#website\"},\"datePublished\":\"2024-03-18T14:50:07+00:00\",\"breadcrumb\":{\"@id\":\"https:\/\/test.esolutions.free2move.com\/eu\/en_def\/governance-ethics\/mathilde-lheureux\/#breadcrumb\"},\"inLanguage\":\"fr-ch\",\"potentialAction\":[{\"@type\":\"ReadAction\",\"target\":[\"https:\/\/test.esolutions.free2move.com\/eu\/en_def\/governance-ethics\/mathilde-lheureux\/\"]}]},{\"@type\":\"BreadcrumbList\",\"@id\":\"https:\/\/test.esolutions.free2move.com\/eu\/en_def\/governance-ethics\/mathilde-lheureux\/#breadcrumb\",\"itemListElement\":[{\"@type\":\"ListItem\",\"position\":1,\"name\":\"Home\",\"item\":\"https:\/\/test.esolutions.free2move.com\/eu\/fr_ch\/\"},{\"@type\":\"ListItem\",\"position\":2,\"name\":\"Gouvernance et \u00e9thique\",\"item\":\"https:\/\/test.esolutions.free2move.com\/eu\/fr_ch\/gouvernance-et-ethique\/\"},{\"@type\":\"ListItem\",\"position\":3,\"name\":\"Mathilde Lheureux\"}]},{\"@type\":\"WebSite\",\"@id\":\"https:\/\/test.esolutions.free2move.com\/eu\/en_it\/#website\",\"url\":\"https:\/\/test.esolutions.free2move.com\/eu\/en_it\/\",\"name\":\"eSolutions europe\",\"description\":\"\",\"publisher\":{\"@id\":\"https:\/\/test.esolutions.free2move.com\/eu\/en_it\/#organization\"},\"potentialAction\":[{\"@type\":\"SearchAction\",\"target\":{\"@type\":\"EntryPoint\",\"urlTemplate\":\"https:\/\/test.esolutions.free2move.com\/eu\/en_it\/?s={search_term_string}\"},\"query-input\":{\"@type\":\"PropertyValueSpecification\",\"valueRequired\":true,\"valueName\":\"search_term_string\"}}],\"inLanguage\":\"fr-ch\"},{\"@type\":\"Organization\",\"@id\":\"https:\/\/test.esolutions.free2move.com\/eu\/en_it\/#organization\",\"name\":\"eSolutions europe\",\"url\":\"https:\/\/test.esolutions.free2move.com\/eu\/en_it\/\",\"logo\":{\"@type\":\"ImageObject\",\"inLanguage\":\"fr-ch\",\"@id\":\"https:\/\/test.esolutions.free2move.com\/eu\/en_it\/#\/schema\/logo\/image\/\",\"url\":\"https:\/\/www.esolutions.free2move.com\/eu\/wp-content\/uploads\/2024\/03\/logo-f2m-horizontal-1-1-1.png\",\"contentUrl\":\"https:\/\/www.esolutions.free2move.com\/eu\/wp-content\/uploads\/2024\/03\/logo-f2m-horizontal-1-1-1.png\",\"width\":865,\"height\":218,\"caption\":\"eSolutions europe\"},\"image\":{\"@id\":\"https:\/\/test.esolutions.free2move.com\/eu\/en_it\/#\/schema\/logo\/image\/\"}}]}<\/script>\n<!-- \/ Yoast SEO plugin. -->","yoast_head_json":{"title":"Mathilde Lheureux - eSolution europe","robots":{"index":"index","follow":"follow","max-snippet":"max-snippet:-1","max-image-preview":"max-image-preview:large","max-video-preview":"max-video-preview:-1"},"canonical":"https:\/\/test.esolutions.free2move.com\/eu\/en_def\/governance-ethics\/mathilde-lheureux\/","og_locale":"fr_FR","og_type":"article","og_title":"Mathilde Lheureux - eSolution europe","og_description":"HomeMathilde Lheureux Directeur g\u00e9n\u00e9ral &nbsp; Mathilde Lheureux est PDG de Free2move eSolutions depuis le 1er novembre 2022. Elle a plus de 15 ans d'exp\u00e9rience dans le secteur automobile. Avant de rejoindre Stellantis, en janvier 2021, elle \u00e9tait responsable des talents et du top management au sein du Groupe PSA. Elle avait auparavant occup\u00e9 le poste de chef de cabinet de ... Read More","og_url":"https:\/\/test.esolutions.free2move.com\/eu\/en_def\/governance-ethics\/mathilde-lheureux\/","og_site_name":"eSolution europe","twitter_card":"summary_large_image","twitter_misc":{"Est. reading time":"1 minute"},"schema":{"@context":"https:\/\/schema.org","@graph":[{"@type":"WebPage","@id":"https:\/\/test.esolutions.free2move.com\/eu\/en_def\/governance-ethics\/mathilde-lheureux\/","url":"https:\/\/test.esolutions.free2move.com\/eu\/en_def\/governance-ethics\/mathilde-lheureux\/","name":"Mathilde Lheureux - eSolution europe","isPartOf":{"@id":"https:\/\/test.esolutions.free2move.com\/eu\/en_it\/#website"},"datePublished":"2024-03-18T14:50:07+00:00","breadcrumb":{"@id":"https:\/\/test.esolutions.free2move.com\/eu\/en_def\/governance-ethics\/mathilde-lheureux\/#breadcrumb"},"inLanguage":"fr-ch","potentialAction":[{"@type":"ReadAction","target":["https:\/\/test.esolutions.free2move.com\/eu\/en_def\/governance-ethics\/mathilde-lheureux\/"]}]},{"@type":"BreadcrumbList","@id":"https:\/\/test.esolutions.free2move.com\/eu\/en_def\/governance-ethics\/mathilde-lheureux\/#breadcrumb","itemListElement":[{"@type":"ListItem","position":1,"name":"Home","item":"https:\/\/test.esolutions.free2move.com\/eu\/fr_ch\/"},{"@type":"ListItem","position":2,"name":"Gouvernance et \u00e9thique","item":"https:\/\/test.esolutions.free2move.com\/eu\/fr_ch\/gouvernance-et-ethique\/"},{"@type":"ListItem","position":3,"name":"Mathilde Lheureux"}]},{"@type":"WebSite","@id":"https:\/\/test.esolutions.free2move.com\/eu\/en_it\/#website","url":"https:\/\/test.esolutions.free2move.com\/eu\/en_it\/","name":"eSolutions europe","description":"","publisher":{"@id":"https:\/\/test.esolutions.free2move.com\/eu\/en_it\/#organization"},"potentialAction":[{"@type":"SearchAction","target":{"@type":"EntryPoint","urlTemplate":"https:\/\/test.esolutions.free2move.com\/eu\/en_it\/?s={search_term_string}"},"query-input":{"@type":"PropertyValueSpecification","valueRequired":true,"valueName":"search_term_string"}}],"inLanguage":"fr-ch"},{"@type":"Organization","@id":"https:\/\/test.esolutions.free2move.com\/eu\/en_it\/#organization","name":"eSolutions europe","url":"https:\/\/test.esolutions.free2move.com\/eu\/en_it\/","logo":{"@type":"ImageObject","inLanguage":"fr-ch","@id":"https:\/\/test.esolutions.free2move.com\/eu\/en_it\/#\/schema\/logo\/image\/","url":"https:\/\/www.esolutions.free2move.com\/eu\/wp-content\/uploads\/2024\/03\/logo-f2m-horizontal-1-1-1.png","contentUrl":"https:\/\/www.esolutions.free2move.com\/eu\/wp-content\/uploads\/2024\/03\/logo-f2m-horizontal-1-1-1.png","width":865,"height":218,"caption":"eSolutions europe"},"image":{"@id":"https:\/\/test.esolutions.free2move.com\/eu\/en_it\/#\/schema\/logo\/image\/"}}]}},"_links":{"self":[{"href":"https:\/\/test.esolutions.free2move.com\/eu\/fr_ch\/wp-json\/wp\/v2\/pages\/22849","targetHints":{"allow":["GET"]}}],"collection":[{"href":"https:\/\/test.esolutions.free2move.com\/eu\/fr_ch\/wp-json\/wp\/v2\/pages"}],"about":[{"href":"https:\/\/test.esolutions.free2move.com\/eu\/fr_ch\/wp-json\/wp\/v2\/types\/page"}],"author":[{"embeddable":true,"href":"https:\/\/test.esolutions.free2move.com\/eu\/fr_ch\/wp-json\/wp\/v2\/users\/1"}],"replies":[{"embeddable":true,"href":"https:\/\/test.esolutions.free2move.com\/eu\/fr_ch\/wp-json\/wp\/v2\/comments?post=22849"}],"version-history":[{"count":0,"href":"https:\/\/test.esolutions.free2move.com\/eu\/fr_ch\/wp-json\/wp\/v2\/pages\/22849\/revisions"}],"up":[{"embeddable":true,"href":"https:\/\/test.esolutions.free2move.com\/eu\/fr_ch\/wp-json\/wp\/v2\/pages\/22873"}],"wp:attachment":[{"href":"https:\/\/test.esolutions.free2move.com\/eu\/fr_ch\/wp-json\/wp\/v2\/media?parent=22849"}],"curies":[{"name":"wp","href":"https:\/\/api.w.org\/{rel}","templated":true}]}}