{"id":22861,"date":"2024-03-18T14:43:47","date_gmt":"2024-03-18T14:43:47","guid":{"rendered":"https:\/\/test.esolutions.free2move.com\/eu\/carlalberto-guglielminotti\/"},"modified":"2024-03-18T14:43:47","modified_gmt":"2024-03-18T14:43:47","slug":"carlalberto-guglielminotti","status":"publish","type":"page","link":"https:\/\/test.esolutions.free2move.com\/eu\/fr_ch\/gouvernance-et-ethique\/carlalberto-guglielminotti\/","title":{"rendered":"Carlalberto Guglielminotti"},"content":{"rendered":"<div id=\"cs-content\" class=\"cs-content\"><nav class=\"x-crumbs e12591-e1 m9pr-0\" role=\"navigation\"><ol class=\"x-crumbs-list\" itemscope=\"\" itemtype=\"http:\/\/schema.org\/BreadcrumbList\" aria-label=\"Breadcrumb Navigation\"><li class=\"x-crumbs-list-item\" itemprop=\"itemListElement\" itemscope itemtype=\"http:\/\/schema.org\/ListItem\"><a class=\"x-crumbs-current x-crumbs-link\" itemtype=\"http:\/\/schema.org\/Thing\" itemprop=\"item\" href=\"https:\/\/test.esolutions.free2move.com\/eu\/fr_ch\/\" title=\"You Are Here\"><span itemprop=\"name\">Home<\/span><\/a><meta itemprop=\"position\" content=\"1\"><\/li><\/ol><\/nav><div class=\"x-section e12591-e2 m9pr-1\"><div class=\"x-row x-container max width e12591-e3 m9pr-2 m9pr-3 m9pr-5 m9pr-6\"><div class=\"x-row-inner\"><div class=\"x-col e12591-e4 m9pr-8 m9pr-9 m9pr-a m9pr-b\"><span class=\"x-image e12591-e5 m9pr-f\"><img decoding=\"async\" src=\"https:\/\/test.esolutions.free2move.com\/eu\/wp-content\/uploads\/2024\/03\/GovernanceEthics_Carlalberto-Guglielminotti-copia-1.jpg\" width=\"146\" height=\"134\" alt=\"Image\" loading=\"lazy\"><\/span><\/div><div class=\"x-col e12591-e6 m9pr-8 m9pr-a m9pr-c m9pr-d es_gap\"><div class=\"x-row e12591-e7 m9pr-3 m9pr-4 m9pr-5 m9pr-7\"><div class=\"x-row-inner\"><div class=\"x-col e12591-e8 m9pr-8 m9pr-9 m9pr-d m9pr-e es_gap\"><div class=\"x-text x-text-headline e12591-e9 m9pr-g\"><div class=\"x-text-content\"><div class=\"x-text-content-text\"><h2 class=\"x-text-content-text-primary\">Carlalberto Guglielminotti<\/h2><\/div><\/div><\/div><div class=\"x-text x-content e12591-e10 m9pr-h\"><div class=\"ewa-rteLine\"><strong>Pr\u00e9sident ex\u00e9cutif<\/strong><\/div>\n<div class=\"ewa-rteLine\">&nbsp;<\/div>\n<div class=\"ewa-rteLine\">\n<div class=\"ewa-rteLine\">Carlalberto Guglielminotti est directeur g\u00e9n\u00e9ral de NHOA (NHOA.PA), anciennement Engie EPS, et depuis mai 2021, il est \u00e9galement pr\u00e9sident ex\u00e9cutif de Free2move eSolutions.<\/div>\n<div class=\"ewa-rteLine\">Il est Young Global Leader du Forum \u00e9conomique mondial 2020, ambassadeur de la Fondation Theodora et secr\u00e9taire g\u00e9n\u00e9ral de la Fondation Ciolina.<\/div>\n<div class=\"ewa-rteLine\">Il est \u00e9galement pr\u00e9sident d'Atlante, membre du conseil d'administration de l'Institut d'\u00e9tudes politiques internationales (ISPI) et du comit\u00e9 scientifique de Leadersel Innotech ESG (Ersel). En outre, il est associ\u00e9 et pr\u00e9sident du conseil d'administration de la soci\u00e9t\u00e9 consultative de 360 Capital, une soci\u00e9t\u00e9 de capital-risque qui g\u00e8re 400 millions d'euros d'actifs.<\/div>\n<div class=\"ewa-rteLine\">Guglielminotti est titulaire d'un MBA de la SDA Bocconi, il s'est sp\u00e9cialis\u00e9 aux \u00c9tats-Unis (Stanford University et European School of Economics), en Isra\u00ebl en philosophie (Haifa University), en France avec un LL.B (Universit\u00e9 Paris V) et en Italie avec un JD summa cum laude (Universit\u00e9 de Turin).<\/div>\n<\/div><\/div><\/div><\/div><\/div><\/div><\/div><\/div><\/div><\/div>\n","protected":false},"excerpt":{"rendered":"<p>HomeCarlalberto GuglielminottiPr\u00e9sident ex\u00e9cutif &nbsp; Carlalberto Guglielminotti est directeur g\u00e9n\u00e9ral de NHOA (NHOA.PA), anciennement Engie EPS, et depuis mai 2021, il est \u00e9galement pr\u00e9sident ex\u00e9cutif de Free2move eSolutions. Il est Young Global Leader du Forum \u00e9conomique mondial 2020, ambassadeur de la Fondation Theodora et secr\u00e9taire g\u00e9n\u00e9ral de la Fondation Ciolina. Il est \u00e9galement pr\u00e9sident d&#8217;Atlante, membre du conseil d&#8217;administration de l&#8217;Institut &#8230; <\/p>\n<div><a href=\"https:\/\/test.esolutions.free2move.com\/eu\/fr_ch\/gouvernance-et-ethique\/carlalberto-guglielminotti\/\" class=\"more-link\">Read More<\/a><\/div>\n","protected":false},"author":1,"featured_media":0,"parent":22873,"menu_order":0,"comment_status":"closed","ping_status":"closed","template":"template-blank-4.php","meta":{"_acf_changed":false,"inline_featured_image":false,"footnotes":""},"class_list":["post-22861","page","type-page","status-publish","hentry","no-post-thumbnail"],"acf":[],"yoast_head":"<!-- This site is optimized with the Yoast SEO plugin v24.4 - https:\/\/yoast.com\/wordpress\/plugins\/seo\/ -->\n<title>Carlalberto Guglielminotti - eSolution europe<\/title>\n<meta name=\"robots\" content=\"index, follow, max-snippet:-1, max-image-preview:large, max-video-preview:-1\" \/>\n<link rel=\"canonical\" href=\"https:\/\/test.esolutions.free2move.com\/eu\/en_def\/governance-ethics\/carlalberto-guglielminotti\/\" \/>\n<meta property=\"og:locale\" content=\"fr_FR\" \/>\n<meta property=\"og:type\" content=\"article\" \/>\n<meta property=\"og:title\" content=\"Carlalberto Guglielminotti - eSolution europe\" \/>\n<meta property=\"og:description\" content=\"HomeCarlalberto GuglielminottiPr\u00e9sident ex\u00e9cutif &nbsp; Carlalberto Guglielminotti est directeur g\u00e9n\u00e9ral de NHOA (NHOA.PA), anciennement Engie EPS, et depuis mai 2021, il est \u00e9galement pr\u00e9sident ex\u00e9cutif de Free2move eSolutions. Il est Young Global Leader du Forum \u00e9conomique mondial 2020, ambassadeur de la Fondation Theodora et secr\u00e9taire g\u00e9n\u00e9ral de la Fondation Ciolina. Il est \u00e9galement pr\u00e9sident d&#039;Atlante, membre du conseil d&#039;administration de l&#039;Institut ... Read More\" \/>\n<meta property=\"og:url\" content=\"https:\/\/test.esolutions.free2move.com\/eu\/en_def\/governance-ethics\/carlalberto-guglielminotti\/\" \/>\n<meta property=\"og:site_name\" content=\"eSolution europe\" \/>\n<meta name=\"twitter:card\" content=\"summary_large_image\" \/>\n<meta name=\"twitter:label1\" content=\"Est. reading time\" \/>\n\t<meta name=\"twitter:data1\" content=\"1 minute\" \/>\n<script type=\"application\/ld+json\" class=\"yoast-schema-graph\">{\"@context\":\"https:\/\/schema.org\",\"@graph\":[{\"@type\":\"WebPage\",\"@id\":\"https:\/\/test.esolutions.free2move.com\/eu\/en_def\/governance-ethics\/carlalberto-guglielminotti\/\",\"url\":\"https:\/\/test.esolutions.free2move.com\/eu\/en_def\/governance-ethics\/carlalberto-guglielminotti\/\",\"name\":\"Carlalberto Guglielminotti - eSolution europe\",\"isPartOf\":{\"@id\":\"https:\/\/test.esolutions.free2move.com\/eu\/en_it\/#website\"},\"datePublished\":\"2024-03-18T14:43:47+00:00\",\"breadcrumb\":{\"@id\":\"https:\/\/test.esolutions.free2move.com\/eu\/en_def\/governance-ethics\/carlalberto-guglielminotti\/#breadcrumb\"},\"inLanguage\":\"fr-ch\",\"potentialAction\":[{\"@type\":\"ReadAction\",\"target\":[\"https:\/\/test.esolutions.free2move.com\/eu\/en_def\/governance-ethics\/carlalberto-guglielminotti\/\"]}]},{\"@type\":\"BreadcrumbList\",\"@id\":\"https:\/\/test.esolutions.free2move.com\/eu\/en_def\/governance-ethics\/carlalberto-guglielminotti\/#breadcrumb\",\"itemListElement\":[{\"@type\":\"ListItem\",\"position\":1,\"name\":\"Home\",\"item\":\"https:\/\/test.esolutions.free2move.com\/eu\/fr_ch\/\"},{\"@type\":\"ListItem\",\"position\":2,\"name\":\"Gouvernance et \u00e9thique\",\"item\":\"https:\/\/test.esolutions.free2move.com\/eu\/fr_ch\/gouvernance-et-ethique\/\"},{\"@type\":\"ListItem\",\"position\":3,\"name\":\"Carlalberto Guglielminotti\"}]},{\"@type\":\"WebSite\",\"@id\":\"https:\/\/test.esolutions.free2move.com\/eu\/en_it\/#website\",\"url\":\"https:\/\/test.esolutions.free2move.com\/eu\/en_it\/\",\"name\":\"eSolutions europe\",\"description\":\"\",\"publisher\":{\"@id\":\"https:\/\/test.esolutions.free2move.com\/eu\/en_it\/#organization\"},\"potentialAction\":[{\"@type\":\"SearchAction\",\"target\":{\"@type\":\"EntryPoint\",\"urlTemplate\":\"https:\/\/test.esolutions.free2move.com\/eu\/en_it\/?s={search_term_string}\"},\"query-input\":{\"@type\":\"PropertyValueSpecification\",\"valueRequired\":true,\"valueName\":\"search_term_string\"}}],\"inLanguage\":\"fr-ch\"},{\"@type\":\"Organization\",\"@id\":\"https:\/\/test.esolutions.free2move.com\/eu\/en_it\/#organization\",\"name\":\"eSolutions europe\",\"url\":\"https:\/\/test.esolutions.free2move.com\/eu\/en_it\/\",\"logo\":{\"@type\":\"ImageObject\",\"inLanguage\":\"fr-ch\",\"@id\":\"https:\/\/test.esolutions.free2move.com\/eu\/en_it\/#\/schema\/logo\/image\/\",\"url\":\"https:\/\/www.esolutions.free2move.com\/eu\/wp-content\/uploads\/2024\/03\/logo-f2m-horizontal-1-1-1.png\",\"contentUrl\":\"https:\/\/www.esolutions.free2move.com\/eu\/wp-content\/uploads\/2024\/03\/logo-f2m-horizontal-1-1-1.png\",\"width\":865,\"height\":218,\"caption\":\"eSolutions europe\"},\"image\":{\"@id\":\"https:\/\/test.esolutions.free2move.com\/eu\/en_it\/#\/schema\/logo\/image\/\"}}]}<\/script>\n<!-- \/ Yoast SEO plugin. -->","yoast_head_json":{"title":"Carlalberto Guglielminotti - eSolution europe","robots":{"index":"index","follow":"follow","max-snippet":"max-snippet:-1","max-image-preview":"max-image-preview:large","max-video-preview":"max-video-preview:-1"},"canonical":"https:\/\/test.esolutions.free2move.com\/eu\/en_def\/governance-ethics\/carlalberto-guglielminotti\/","og_locale":"fr_FR","og_type":"article","og_title":"Carlalberto Guglielminotti - eSolution europe","og_description":"HomeCarlalberto GuglielminottiPr\u00e9sident ex\u00e9cutif &nbsp; Carlalberto Guglielminotti est directeur g\u00e9n\u00e9ral de NHOA (NHOA.PA), anciennement Engie EPS, et depuis mai 2021, il est \u00e9galement pr\u00e9sident ex\u00e9cutif de Free2move eSolutions. Il est Young Global Leader du Forum \u00e9conomique mondial 2020, ambassadeur de la Fondation Theodora et secr\u00e9taire g\u00e9n\u00e9ral de la Fondation Ciolina. Il est \u00e9galement pr\u00e9sident d'Atlante, membre du conseil d'administration de l'Institut ... Read More","og_url":"https:\/\/test.esolutions.free2move.com\/eu\/en_def\/governance-ethics\/carlalberto-guglielminotti\/","og_site_name":"eSolution europe","twitter_card":"summary_large_image","twitter_misc":{"Est. reading time":"1 minute"},"schema":{"@context":"https:\/\/schema.org","@graph":[{"@type":"WebPage","@id":"https:\/\/test.esolutions.free2move.com\/eu\/en_def\/governance-ethics\/carlalberto-guglielminotti\/","url":"https:\/\/test.esolutions.free2move.com\/eu\/en_def\/governance-ethics\/carlalberto-guglielminotti\/","name":"Carlalberto Guglielminotti - eSolution europe","isPartOf":{"@id":"https:\/\/test.esolutions.free2move.com\/eu\/en_it\/#website"},"datePublished":"2024-03-18T14:43:47+00:00","breadcrumb":{"@id":"https:\/\/test.esolutions.free2move.com\/eu\/en_def\/governance-ethics\/carlalberto-guglielminotti\/#breadcrumb"},"inLanguage":"fr-ch","potentialAction":[{"@type":"ReadAction","target":["https:\/\/test.esolutions.free2move.com\/eu\/en_def\/governance-ethics\/carlalberto-guglielminotti\/"]}]},{"@type":"BreadcrumbList","@id":"https:\/\/test.esolutions.free2move.com\/eu\/en_def\/governance-ethics\/carlalberto-guglielminotti\/#breadcrumb","itemListElement":[{"@type":"ListItem","position":1,"name":"Home","item":"https:\/\/test.esolutions.free2move.com\/eu\/fr_ch\/"},{"@type":"ListItem","position":2,"name":"Gouvernance et \u00e9thique","item":"https:\/\/test.esolutions.free2move.com\/eu\/fr_ch\/gouvernance-et-ethique\/"},{"@type":"ListItem","position":3,"name":"Carlalberto Guglielminotti"}]},{"@type":"WebSite","@id":"https:\/\/test.esolutions.free2move.com\/eu\/en_it\/#website","url":"https:\/\/test.esolutions.free2move.com\/eu\/en_it\/","name":"eSolutions europe","description":"","publisher":{"@id":"https:\/\/test.esolutions.free2move.com\/eu\/en_it\/#organization"},"potentialAction":[{"@type":"SearchAction","target":{"@type":"EntryPoint","urlTemplate":"https:\/\/test.esolutions.free2move.com\/eu\/en_it\/?s={search_term_string}"},"query-input":{"@type":"PropertyValueSpecification","valueRequired":true,"valueName":"search_term_string"}}],"inLanguage":"fr-ch"},{"@type":"Organization","@id":"https:\/\/test.esolutions.free2move.com\/eu\/en_it\/#organization","name":"eSolutions europe","url":"https:\/\/test.esolutions.free2move.com\/eu\/en_it\/","logo":{"@type":"ImageObject","inLanguage":"fr-ch","@id":"https:\/\/test.esolutions.free2move.com\/eu\/en_it\/#\/schema\/logo\/image\/","url":"https:\/\/www.esolutions.free2move.com\/eu\/wp-content\/uploads\/2024\/03\/logo-f2m-horizontal-1-1-1.png","contentUrl":"https:\/\/www.esolutions.free2move.com\/eu\/wp-content\/uploads\/2024\/03\/logo-f2m-horizontal-1-1-1.png","width":865,"height":218,"caption":"eSolutions europe"},"image":{"@id":"https:\/\/test.esolutions.free2move.com\/eu\/en_it\/#\/schema\/logo\/image\/"}}]}},"_links":{"self":[{"href":"https:\/\/test.esolutions.free2move.com\/eu\/fr_ch\/wp-json\/wp\/v2\/pages\/22861","targetHints":{"allow":["GET"]}}],"collection":[{"href":"https:\/\/test.esolutions.free2move.com\/eu\/fr_ch\/wp-json\/wp\/v2\/pages"}],"about":[{"href":"https:\/\/test.esolutions.free2move.com\/eu\/fr_ch\/wp-json\/wp\/v2\/types\/page"}],"author":[{"embeddable":true,"href":"https:\/\/test.esolutions.free2move.com\/eu\/fr_ch\/wp-json\/wp\/v2\/users\/1"}],"replies":[{"embeddable":true,"href":"https:\/\/test.esolutions.free2move.com\/eu\/fr_ch\/wp-json\/wp\/v2\/comments?post=22861"}],"version-history":[{"count":0,"href":"https:\/\/test.esolutions.free2move.com\/eu\/fr_ch\/wp-json\/wp\/v2\/pages\/22861\/revisions"}],"up":[{"embeddable":true,"href":"https:\/\/test.esolutions.free2move.com\/eu\/fr_ch\/wp-json\/wp\/v2\/pages\/22873"}],"wp:attachment":[{"href":"https:\/\/test.esolutions.free2move.com\/eu\/fr_ch\/wp-json\/wp\/v2\/media?parent=22861"}],"curies":[{"name":"wp","href":"https:\/\/api.w.org\/{rel}","templated":true}]}}