{"id":21416,"date":"2024-03-19T11:41:27","date_gmt":"2024-03-19T11:41:27","guid":{"rendered":"https:\/\/test.esolutions.free2move.com\/eu\/politique-en-matiere-de-cookies\/"},"modified":"2024-03-19T11:41:27","modified_gmt":"2024-03-19T11:41:27","slug":"politique-en-matiere-de-cookies","status":"publish","type":"page","link":"https:\/\/test.esolutions.free2move.com\/eu\/fr_fr\/politique-en-matiere-de-cookies\/","title":{"rendered":"Politique en mati\u00e8re de cookies"},"content":{"rendered":"<div id=\"cs-content\" class=\"cs-content\"><nav class=\"x-crumbs e12521-e1 m9nt-0\" role=\"navigation\"><ol class=\"x-crumbs-list\" itemscope=\"\" itemtype=\"http:\/\/schema.org\/BreadcrumbList\" aria-label=\"Breadcrumb Navigation\"><li class=\"x-crumbs-list-item\" itemprop=\"itemListElement\" itemscope itemtype=\"http:\/\/schema.org\/ListItem\"><a class=\"x-crumbs-current x-crumbs-link\" itemtype=\"http:\/\/schema.org\/Thing\" itemprop=\"item\" href=\"https:\/\/test.esolutions.free2move.com\/eu\/fr_fr\/\" title=\"You Are Here\"><span itemprop=\"name\">Home<\/span><\/a><meta itemprop=\"position\" content=\"1\"><\/li><\/ol><\/nav><div class=\"x-section e12521-e2 m9nt-1\"><div class=\"x-row x-container max width e12521-e3 m9nt-2 m9nt-3 m9nt-5 m9nt-6\"><div class=\"x-row-inner\"><div class=\"x-col e12521-e4 m9nt-8 m9nt-9 es_gap\"><div class=\"x-row e12521-e5 m9nt-3 m9nt-4 m9nt-5 m9nt-7\"><div class=\"x-row-inner\"><div class=\"x-col e12521-e6 m9nt-8 m9nt-a es_gap\"><div class=\"x-text x-text-headline e12521-e7 m9nt-b\"><div class=\"x-text-content\"><div class=\"x-text-content-text\"><h2 class=\"x-text-content-text-primary\">Politique en mati\u00e8re de cookies<\/h2><\/div><\/div><\/div><div class=\"x-text x-content e12521-e8 m9nt-c\"><p><strong>Qu'est-ce qu'un biscuit ?<\/strong><br>Les cookies sont de petits fichiers texte stock\u00e9s sur votre ordinateur ou votre appareil mobile lorsque vous visitez notre site web.<\/p>\n<p><strong>Pourquoi nous utilisons des cookies<\/strong><br>Nous utilisons des cookies pour nous assurer que vous b\u00e9n\u00e9ficiez de la meilleure exp\u00e9rience possible sur notre site web. Notre site web utilise des cookies, qui peuvent \u00e9galement inclure des cookies de tiers, pour envoyer des publicit\u00e9s pertinentes pour vous.<\/p>\n<p><strong>Tous les biscuits sont-ils identiques ?<\/strong><br>Les cookies peuvent \u00eatre class\u00e9s comme suit.<\/p>\n<ul>\n<li><em>Cookies de session.&nbsp;<\/em>Ces cookies sont automatiquement effac\u00e9s lorsque vous fermez votre navigateur.<\/li>\n<li><em>Cookies persistants.<\/em>&nbsp;Ces cookies restent sur votre appareil jusqu'\u00e0 leur expiration (en termes de minutes, jours ou ann\u00e9es depuis la cr\u00e9ation\/mise \u00e0 jour du cookie).<\/li>\n<li><em>Cookies de tiers.&nbsp;<\/em>Ces cookies sont stock\u00e9s pour le compte de tiers.<br>Les cookies peuvent \u00eatre g\u00e9r\u00e9s et supprim\u00e9s en param\u00e9trant votre navigateur. Toutefois, cela peut vous emp\u00eacher d'utiliser correctement certaines fonctionnalit\u00e9s de notre site web.<\/li>\n<\/ul>\n<p>Pour plus d'informations, veuillez consulter&nbsp;<a href=\"http:\/\/www.aboutcookies.org\/\" target=\"_blank\" rel=\"noopener\">www.aboutcookies.org&nbsp;<\/a>ou&nbsp;<a href=\"http:\/\/www.allaboutcookies.org\/\" target=\"_blank\" rel=\"noopener\">www.allaboutcookies.org&nbsp;<\/a>.<\/p>\n<p><strong>Comment nous contacter ?<\/strong><em><br><\/em>Les coordonn\u00e9es du responsable du traitement et les coordonn\u00e9es contractuelles du d\u00e9l\u00e9gu\u00e9 \u00e0 la protection des donn\u00e9es figurent dans la politique de confidentialit\u00e9 de notre site web.<\/p>\n<p><strong>Comment en savoir plus sur le traitement des donn\u00e9es personnelles sur le site web ?<\/strong><br>Pour en savoir plus sur le traitement des donn\u00e9es personnelles, vous pouvez consulter la politique de confidentialit\u00e9 du site web.<\/p>\n<p><strong>Comment g\u00e9rer les cookies en utilisant notre site web<\/strong><em>\n  <br>\n<\/em>Pour vous offrir la meilleure exp\u00e9rience en mati\u00e8re de gestion des cookies, nous classons les cookies de ce site web en quatre cat\u00e9gories, en fonction de leur finalit\u00e9 : techniquement n\u00e9cessaire, confort, performance, publicit\u00e9.<\/p>\n<p>Vous pouvez activer et d\u00e9sactiver directement sur ce site Web chacune des cat\u00e9gories de cookies susmentionn\u00e9es (\u00e0 l'exception des cookies techniquement n\u00e9cessaires, qui sont strictement n\u00e9cessaires). Dans le cas de cookies de tiers, ce site web ne les utilisera plus apr\u00e8s les avoir d\u00e9sactiv\u00e9s (nous ne pouvons pas les supprimer).<\/p>\n<ul>\n<li>Techniquement n\u00e9cessaires : Ces cookies sont essentiels au bon fonctionnement des sites web et de leurs fonctionnalit\u00e9s. Par exemple : cookies d'authentification.<\/li>\n<li>Confort : Ces cookies nous permettent d'am\u00e9liorer le confort et la convivialit\u00e9 des sites web et de fournir diverses fonctionnalit\u00e9s. Par exemple : les cookies de fonctionnalit\u00e9 peuvent \u00eatre utilis\u00e9s pour stocker les r\u00e9sultats de recherche, la langue, les dimensions des caract\u00e8res.<\/li>\n<li>Performance : Ces cookies collectent des informations sur la mani\u00e8re dont vous utilisez les sites web. Les cookies de performance nous aident, par exemple, \u00e0 identifier les zones particuli\u00e8rement populaires de notre site web. De cette mani\u00e8re, nous pouvons adapter le contenu de nos sites web plus sp\u00e9cifiquement \u00e0 vos besoins.<\/li>\n<li>Publicit\u00e9 : Ces cookies sont utilis\u00e9s pour envoyer des informations publicitaires et promotionnelles pertinentes pour vous, par exemple sur la base des pages web que vous avez visit\u00e9es.<\/li>\n<\/ul><\/div><\/div><\/div><\/div><\/div><\/div><\/div><\/div><\/div>\n","protected":false},"excerpt":{"rendered":"<p>HomePolitique en mati\u00e8re de cookiesQu&#8217;est-ce qu&#8217;un biscuit ?Les cookies sont de petits fichiers texte stock\u00e9s sur votre ordinateur ou votre appareil mobile lorsque vous visitez notre site web. Pourquoi nous utilisons des cookiesNous utilisons des cookies pour nous assurer que vous b\u00e9n\u00e9ficiez de la meilleure exp\u00e9rience possible sur notre site web. Notre site web utilise des cookies, qui peuvent \u00e9galement &#8230; <\/p>\n<div><a href=\"https:\/\/test.esolutions.free2move.com\/eu\/fr_fr\/politique-en-matiere-de-cookies\/\" class=\"more-link\">Read More<\/a><\/div>\n","protected":false},"author":1,"featured_media":0,"parent":0,"menu_order":0,"comment_status":"closed","ping_status":"closed","template":"template-blank-4.php","meta":{"_acf_changed":false,"inline_featured_image":false,"footnotes":""},"class_list":["post-21416","page","type-page","status-publish","hentry","no-post-thumbnail"],"acf":[],"yoast_head":"<!-- This site is optimized with the Yoast SEO plugin v24.4 - https:\/\/yoast.com\/wordpress\/plugins\/seo\/ -->\n<title>Politique en mati\u00e8re de cookies | Free2move eSolutions<\/title>\n<meta name=\"robots\" content=\"index, follow, max-snippet:-1, max-image-preview:large, max-video-preview:-1\" \/>\n<link rel=\"canonical\" href=\"https:\/\/test.esolutions.free2move.com\/eu\/en_def\/cookie-policy\/\" \/>\n<meta property=\"og:locale\" content=\"fr_FR\" \/>\n<meta property=\"og:type\" content=\"article\" \/>\n<meta property=\"og:title\" content=\"Politique en mati\u00e8re de cookies | Free2move eSolutions\" \/>\n<meta property=\"og:description\" content=\"HomePolitique en mati\u00e8re de cookiesQu&#039;est-ce qu&#039;un biscuit ?Les cookies sont de petits fichiers texte stock\u00e9s sur votre ordinateur ou votre appareil mobile lorsque vous visitez notre site web. Pourquoi nous utilisons des cookiesNous utilisons des cookies pour nous assurer que vous b\u00e9n\u00e9ficiez de la meilleure exp\u00e9rience possible sur notre site web. Notre site web utilise des cookies, qui peuvent \u00e9galement ... Read More\" \/>\n<meta property=\"og:url\" content=\"https:\/\/test.esolutions.free2move.com\/eu\/en_def\/cookie-policy\/\" \/>\n<meta property=\"og:site_name\" content=\"eSolution europe\" \/>\n<meta name=\"twitter:card\" content=\"summary_large_image\" \/>\n<meta name=\"twitter:label1\" content=\"Est. reading time\" \/>\n\t<meta name=\"twitter:data1\" content=\"3 minutes\" \/>\n<script type=\"application\/ld+json\" class=\"yoast-schema-graph\">{\"@context\":\"https:\/\/schema.org\",\"@graph\":[{\"@type\":\"WebPage\",\"@id\":\"https:\/\/test.esolutions.free2move.com\/eu\/en_def\/cookie-policy\/\",\"url\":\"https:\/\/test.esolutions.free2move.com\/eu\/en_def\/cookie-policy\/\",\"name\":\"Politique en mati\u00e8re de cookies | Free2move eSolutions\",\"isPartOf\":{\"@id\":\"https:\/\/test.esolutions.free2move.com\/eu\/en_it\/#website\"},\"datePublished\":\"2024-03-19T11:41:27+00:00\",\"breadcrumb\":{\"@id\":\"https:\/\/test.esolutions.free2move.com\/eu\/en_def\/cookie-policy\/#breadcrumb\"},\"inLanguage\":\"fr-fr\",\"potentialAction\":[{\"@type\":\"ReadAction\",\"target\":[\"https:\/\/test.esolutions.free2move.com\/eu\/en_def\/cookie-policy\/\"]}]},{\"@type\":\"BreadcrumbList\",\"@id\":\"https:\/\/test.esolutions.free2move.com\/eu\/en_def\/cookie-policy\/#breadcrumb\",\"itemListElement\":[{\"@type\":\"ListItem\",\"position\":1,\"name\":\"Home\",\"item\":\"https:\/\/test.esolutions.free2move.com\/eu\/fr_fr\/\"},{\"@type\":\"ListItem\",\"position\":2,\"name\":\"Politique en mati\u00e8re de cookies\"}]},{\"@type\":\"WebSite\",\"@id\":\"https:\/\/test.esolutions.free2move.com\/eu\/en_it\/#website\",\"url\":\"https:\/\/test.esolutions.free2move.com\/eu\/en_it\/\",\"name\":\"eSolutions europe\",\"description\":\"\",\"publisher\":{\"@id\":\"https:\/\/test.esolutions.free2move.com\/eu\/en_it\/#organization\"},\"potentialAction\":[{\"@type\":\"SearchAction\",\"target\":{\"@type\":\"EntryPoint\",\"urlTemplate\":\"https:\/\/test.esolutions.free2move.com\/eu\/en_it\/?s={search_term_string}\"},\"query-input\":{\"@type\":\"PropertyValueSpecification\",\"valueRequired\":true,\"valueName\":\"search_term_string\"}}],\"inLanguage\":\"fr-fr\"},{\"@type\":\"Organization\",\"@id\":\"https:\/\/test.esolutions.free2move.com\/eu\/en_it\/#organization\",\"name\":\"eSolutions europe\",\"url\":\"https:\/\/test.esolutions.free2move.com\/eu\/en_it\/\",\"logo\":{\"@type\":\"ImageObject\",\"inLanguage\":\"fr-fr\",\"@id\":\"https:\/\/test.esolutions.free2move.com\/eu\/en_it\/#\/schema\/logo\/image\/\",\"url\":\"https:\/\/www.esolutions.free2move.com\/eu\/wp-content\/uploads\/2024\/03\/logo-f2m-horizontal-1-1-1.png\",\"contentUrl\":\"https:\/\/www.esolutions.free2move.com\/eu\/wp-content\/uploads\/2024\/03\/logo-f2m-horizontal-1-1-1.png\",\"width\":865,\"height\":218,\"caption\":\"eSolutions europe\"},\"image\":{\"@id\":\"https:\/\/test.esolutions.free2move.com\/eu\/en_it\/#\/schema\/logo\/image\/\"}}]}<\/script>\n<!-- \/ Yoast SEO plugin. -->","yoast_head_json":{"title":"Politique en mati\u00e8re de cookies | Free2move eSolutions","robots":{"index":"index","follow":"follow","max-snippet":"max-snippet:-1","max-image-preview":"max-image-preview:large","max-video-preview":"max-video-preview:-1"},"canonical":"https:\/\/test.esolutions.free2move.com\/eu\/en_def\/cookie-policy\/","og_locale":"fr_FR","og_type":"article","og_title":"Politique en mati\u00e8re de cookies | Free2move eSolutions","og_description":"HomePolitique en mati\u00e8re de cookiesQu'est-ce qu'un biscuit ?Les cookies sont de petits fichiers texte stock\u00e9s sur votre ordinateur ou votre appareil mobile lorsque vous visitez notre site web. Pourquoi nous utilisons des cookiesNous utilisons des cookies pour nous assurer que vous b\u00e9n\u00e9ficiez de la meilleure exp\u00e9rience possible sur notre site web. Notre site web utilise des cookies, qui peuvent \u00e9galement ... Read More","og_url":"https:\/\/test.esolutions.free2move.com\/eu\/en_def\/cookie-policy\/","og_site_name":"eSolution europe","twitter_card":"summary_large_image","twitter_misc":{"Est. reading time":"3 minutes"},"schema":{"@context":"https:\/\/schema.org","@graph":[{"@type":"WebPage","@id":"https:\/\/test.esolutions.free2move.com\/eu\/en_def\/cookie-policy\/","url":"https:\/\/test.esolutions.free2move.com\/eu\/en_def\/cookie-policy\/","name":"Politique en mati\u00e8re de cookies | Free2move eSolutions","isPartOf":{"@id":"https:\/\/test.esolutions.free2move.com\/eu\/en_it\/#website"},"datePublished":"2024-03-19T11:41:27+00:00","breadcrumb":{"@id":"https:\/\/test.esolutions.free2move.com\/eu\/en_def\/cookie-policy\/#breadcrumb"},"inLanguage":"fr-fr","potentialAction":[{"@type":"ReadAction","target":["https:\/\/test.esolutions.free2move.com\/eu\/en_def\/cookie-policy\/"]}]},{"@type":"BreadcrumbList","@id":"https:\/\/test.esolutions.free2move.com\/eu\/en_def\/cookie-policy\/#breadcrumb","itemListElement":[{"@type":"ListItem","position":1,"name":"Home","item":"https:\/\/test.esolutions.free2move.com\/eu\/fr_fr\/"},{"@type":"ListItem","position":2,"name":"Politique en mati\u00e8re de cookies"}]},{"@type":"WebSite","@id":"https:\/\/test.esolutions.free2move.com\/eu\/en_it\/#website","url":"https:\/\/test.esolutions.free2move.com\/eu\/en_it\/","name":"eSolutions europe","description":"","publisher":{"@id":"https:\/\/test.esolutions.free2move.com\/eu\/en_it\/#organization"},"potentialAction":[{"@type":"SearchAction","target":{"@type":"EntryPoint","urlTemplate":"https:\/\/test.esolutions.free2move.com\/eu\/en_it\/?s={search_term_string}"},"query-input":{"@type":"PropertyValueSpecification","valueRequired":true,"valueName":"search_term_string"}}],"inLanguage":"fr-fr"},{"@type":"Organization","@id":"https:\/\/test.esolutions.free2move.com\/eu\/en_it\/#organization","name":"eSolutions europe","url":"https:\/\/test.esolutions.free2move.com\/eu\/en_it\/","logo":{"@type":"ImageObject","inLanguage":"fr-fr","@id":"https:\/\/test.esolutions.free2move.com\/eu\/en_it\/#\/schema\/logo\/image\/","url":"https:\/\/www.esolutions.free2move.com\/eu\/wp-content\/uploads\/2024\/03\/logo-f2m-horizontal-1-1-1.png","contentUrl":"https:\/\/www.esolutions.free2move.com\/eu\/wp-content\/uploads\/2024\/03\/logo-f2m-horizontal-1-1-1.png","width":865,"height":218,"caption":"eSolutions europe"},"image":{"@id":"https:\/\/test.esolutions.free2move.com\/eu\/en_it\/#\/schema\/logo\/image\/"}}]}},"_links":{"self":[{"href":"https:\/\/test.esolutions.free2move.com\/eu\/fr_fr\/wp-json\/wp\/v2\/pages\/21416","targetHints":{"allow":["GET"]}}],"collection":[{"href":"https:\/\/test.esolutions.free2move.com\/eu\/fr_fr\/wp-json\/wp\/v2\/pages"}],"about":[{"href":"https:\/\/test.esolutions.free2move.com\/eu\/fr_fr\/wp-json\/wp\/v2\/types\/page"}],"author":[{"embeddable":true,"href":"https:\/\/test.esolutions.free2move.com\/eu\/fr_fr\/wp-json\/wp\/v2\/users\/1"}],"replies":[{"embeddable":true,"href":"https:\/\/test.esolutions.free2move.com\/eu\/fr_fr\/wp-json\/wp\/v2\/comments?post=21416"}],"version-history":[{"count":0,"href":"https:\/\/test.esolutions.free2move.com\/eu\/fr_fr\/wp-json\/wp\/v2\/pages\/21416\/revisions"}],"wp:attachment":[{"href":"https:\/\/test.esolutions.free2move.com\/eu\/fr_fr\/wp-json\/wp\/v2\/media?parent=21416"}],"curies":[{"name":"wp","href":"https:\/\/api.w.org\/{rel}","templated":true}]}}