{"id":21432,"date":"2024-03-18T13:45:26","date_gmt":"2024-03-18T13:45:26","guid":{"rendered":"https:\/\/test.esolutions.free2move.com\/eu\/travailler-avec-nous\/"},"modified":"2024-03-18T13:45:26","modified_gmt":"2024-03-18T13:45:26","slug":"travailler-avec-nous","status":"publish","type":"page","link":"https:\/\/test.esolutions.free2move.com\/eu\/fr_fr\/travailler-avec-nous\/","title":{"rendered":"Travailler avec nous"},"content":{"rendered":"<div id=\"cs-content\" class=\"cs-content\"><nav class=\"x-crumbs e12792-e1 m9vc-0\" role=\"navigation\"><ol class=\"x-crumbs-list\" itemscope=\"\" itemtype=\"http:\/\/schema.org\/BreadcrumbList\" aria-label=\"Breadcrumb Navigation\"><li class=\"x-crumbs-list-item\" itemprop=\"itemListElement\" itemscope itemtype=\"http:\/\/schema.org\/ListItem\"><a class=\"x-crumbs-current x-crumbs-link\" itemtype=\"http:\/\/schema.org\/Thing\" itemprop=\"item\" href=\"https:\/\/test.esolutions.free2move.com\/eu\/fr_fr\/\" title=\"You Are Here\"><span itemprop=\"name\">Home<\/span><\/a><meta itemprop=\"position\" content=\"1\"><\/li><\/ol><\/nav><div class=\"x-section e12792-e2 m9vc-1 m9vc-2 m9vc-3 m9vc-4\"><div class=\"x-row x-container max width e12792-e3 m9vc-8 m9vc-9 m9vc-a m9vc-f\"><div class=\"x-row-inner\"><div class=\"x-col e12792-e4 m9vc-q m9vc-r m9vc-s m9vc-t m9vc-u m9vc-v m9vc-w m9vc-x es_gap\"><div class=\"x-div e12792-e5 m9vc-14 m9vc-15 m9vc-16 m9vc-17 m9vc-18\"><div class=\"x-text x-text-headline e12792-e6 m9vc-1e m9vc-1f m9vc-1g m9vc-1h\"><div class=\"x-text-content\"><div class=\"x-text-content-text\"><h2 class=\"x-text-content-text-primary\">Travailler avec nous<\/h2><\/div><\/div><\/div><div class=\"x-text x-content e12792-e7 m9vc-1l m9vc-1m m9vc-1n m9vc-1o m9vc-1p m9vc-1q m9vc-1r m9vc-1s\"><p>Rejoignez le mouvement pour le changement chez Free2move eSolutions !<\/p><\/div><\/div><\/div><div class=\"x-col e12792-e8 m9vc-v m9vc-w m9vc-x\"><span class=\"x-image e12792-e9 m9vc-23 m9vc-24\"><img decoding=\"async\" src=\"https:\/\/test.esolutions.free2move.com\/eu\/wp-content\/uploads\/2024\/04\/AdobeStock_583892761-scaled.jpeg\" width=\"2560\" height=\"1414\" alt=\"Image\" loading=\"lazy\"><\/span><\/div><\/div><\/div><\/div><div class=\"x-section e12792-e10 m9vc-1 m9vc-5\"><div class=\"x-row x-container max width e12792-e11 m9vc-8 m9vc-9 m9vc-b m9vc-g m9vc-h\"><div class=\"x-row-inner\"><div class=\"x-col e12792-e12 m9vc-q m9vc-r m9vc-s m9vc-t m9vc-u m9vc-w m9vc-x m9vc-y mobile_hidden\"><hr class=\"x-line e12792-e13 m9vc-28\"\/><\/div><div class=\"x-col e12792-e14 m9vc-w m9vc-x m9vc-y es_gap\"><div class=\"x-row e12792-e15 m9vc-8 m9vc-9 m9vc-b m9vc-g m9vc-i\"><div class=\"x-row-inner\"><div class=\"x-col e12792-e16 m9vc-w m9vc-x m9vc-y\"><div class=\"x-text x-content e12792-e17 m9vc-1m m9vc-1p m9vc-1q m9vc-1r m9vc-1t m9vc-1u\"><p>Nous avons pour mission de r\u00e9volutionner le secteur de l'e-mobilit\u00e9 et nous avons besoin de personnes passionn\u00e9es comme vous pour nous aider \u00e0 y parvenir. Chez Free2move eSolutions, nous ch\u00e9rissons et renfor\u00e7ons nos divers talents, en encourageant une culture de l'excellence, de l'innovation et du leadership.<\/p><\/div><\/div><\/div><\/div><\/div><\/div><\/div><\/div><div class=\"x-section e12792-e18 m9vc-1 m9vc-2 m9vc-3 m9vc-4 m9vc-6\"><div class=\"x-div e12792-e19 m9vc-14 m9vc-15 m9vc-17 m9vc-18 m9vc-19 es_full_container\"><div class=\"x-text x-text-headline e12792-e20 m9vc-1f m9vc-1h m9vc-1i m9vc-1j\"><div class=\"x-text-content\"><div class=\"x-text-content-text\"><h3 class=\"x-text-content-text-primary\">Nos atouts<\/h3><\/div><\/div><\/div><div class=\"x-row e12792-e21 m9vc-8 m9vc-b m9vc-c m9vc-d m9vc-g m9vc-j es_card_container\"><div class=\"x-row-inner\"><div class=\"x-col e12792-e22 m9vc-q m9vc-r m9vc-v m9vc-w m9vc-x m9vc-z m9vc-10 e_home_card\"><div class=\"x-div e12792-e23 m9vc-15 m9vc-16 m9vc-17 m9vc-1a m9vc-1b m9vc-1c text-l\"><span class=\"x-image e12792-e24 m9vc-23 m9vc-25 m9vc-26\"><img decoding=\"async\" src=\"https:\/\/test.esolutions.free2move.com\/eu\/wp-content\/uploads\/2024\/04\/Icon-27.svg\" width=\"71\" height=\"71\" alt=\"Image\" loading=\"lazy\"><\/span><div class=\"x-text x-content e12792-e25 m9vc-1m m9vc-1o m9vc-1p m9vc-1q m9vc-1s m9vc-1v m9vc-1w m9vc-1x\"><p>Apprentissage continu<\/p><\/div><div class=\"x-text x-content e12792-e26 m9vc-1m m9vc-1n m9vc-1o m9vc-1s m9vc-1w m9vc-1x m9vc-1y m9vc-1z\"><div class=\"col col-md-4 col-xxl mb-3 mx-0 mx-xxl-2 text-center\">Acc\u00e9dez \u00e0 notre centre d'apprentissage en ligne, une plateforme de pointe partag\u00e9e avec le groupe Stellantis, qui offre des possibilit\u00e9s d'apprentissage \u00e9volutives et tourn\u00e9es vers l'avenir, disponibles 24 heures sur 24 et 7 jours sur 7.<\/div><\/div><\/div><\/div><div class=\"x-col e12792-e27 m9vc-q m9vc-r m9vc-v m9vc-w m9vc-x m9vc-z m9vc-10 e_home_card\"><div class=\"x-div e12792-e28 m9vc-15 m9vc-16 m9vc-17 m9vc-1a m9vc-1b m9vc-1c text-l\"><span class=\"x-image e12792-e29 m9vc-23 m9vc-25 m9vc-26\"><img decoding=\"async\" src=\"https:\/\/test.esolutions.free2move.com\/eu\/wp-content\/uploads\/2024\/04\/Icon-18.svg\" width=\"71\" height=\"71\" alt=\"Image\" loading=\"lazy\"><\/span><div class=\"x-text x-content e12792-e30 m9vc-1m m9vc-1o m9vc-1p m9vc-1q m9vc-1s m9vc-1v m9vc-1w m9vc-1x\"><p>Technologie<\/p><\/div><div class=\"x-text x-content e12792-e31 m9vc-1m m9vc-1n m9vc-1s m9vc-1w m9vc-1x m9vc-1y m9vc-1z m9vc-20\"><div class=\"col col-md-4 col-xxl mb-3 mx-0 mx-xxl-2 text-center\">Profitez d'une collaboration virtuelle et de postes de travail professionnels de premier ordre pour stimuler votre cr\u00e9ativit\u00e9 et votre productivit\u00e9.<\/div><\/div><\/div><\/div><div class=\"x-col e12792-e32 m9vc-q m9vc-r m9vc-v m9vc-w m9vc-x m9vc-z m9vc-10 e_home_card\"><div class=\"x-div e12792-e33 m9vc-15 m9vc-16 m9vc-17 m9vc-1a m9vc-1b m9vc-1c text-l\"><span class=\"x-image e12792-e34 m9vc-23 m9vc-25 m9vc-26\"><img decoding=\"async\" src=\"https:\/\/test.esolutions.free2move.com\/eu\/wp-content\/uploads\/2024\/04\/Icon-59.svg\" width=\"71\" height=\"71\" alt=\"Image\" loading=\"lazy\"><\/span><div class=\"x-text x-content e12792-e35 m9vc-1m m9vc-1o m9vc-1p m9vc-1q m9vc-1s m9vc-1v m9vc-1w m9vc-1x\"><p>Travail familial<\/p><\/div><div class=\"x-text x-content e12792-e36 m9vc-1m m9vc-1n m9vc-1o m9vc-1s m9vc-1w m9vc-1x m9vc-1y m9vc-1z\"><div class=\"col col-md-4 col-xxl mb-3 mx-0 mx-xxl-2 text-center\">D\u00e9couvrez une approche novatrice de l'\u00e9quilibre entre vie professionnelle et vie priv\u00e9e, la famille \u00e9tant au c\u0153ur de notre culture.<\/div><\/div><\/div><\/div><div class=\"x-col e12792-e37 m9vc-q m9vc-r m9vc-v m9vc-w m9vc-x m9vc-z m9vc-10 e_home_card\"><div class=\"x-div e12792-e38 m9vc-15 m9vc-16 m9vc-17 m9vc-1a m9vc-1b m9vc-1c text-l\"><span class=\"x-image e12792-e39 m9vc-23 m9vc-25 m9vc-26\"><img decoding=\"async\" src=\"https:\/\/test.esolutions.free2move.com\/eu\/wp-content\/uploads\/2024\/03\/Icon-6.svg\" width=\"71\" height=\"71\" alt=\"Image\" loading=\"lazy\"><\/span><div class=\"x-text x-content e12792-e40 m9vc-1m m9vc-1o m9vc-1p m9vc-1q m9vc-1s m9vc-1v m9vc-1w m9vc-1x\"><p>Flexibilit\u00e9 du travail<\/p><\/div><div class=\"x-text x-content e12792-e41 m9vc-1m m9vc-1n m9vc-1o m9vc-1s m9vc-1w m9vc-1x m9vc-1y m9vc-1z\"><div class=\"col col-md-4 col-xxl mb-3 mx-0 mx-xxl-2 text-center\">Gr\u00e2ce \u00e0 nos horaires flexibles et au travail agile, vous pouvez g\u00e9rer vos heures de travail en \u00e9quilibrant vos besoins et ceux des entreprises.<\/div><\/div><\/div><\/div><div class=\"x-col e12792-e42 m9vc-q m9vc-r m9vc-v m9vc-w m9vc-x m9vc-z m9vc-10 e_home_card\"><div class=\"x-div e12792-e43 m9vc-15 m9vc-16 m9vc-17 m9vc-1a m9vc-1b m9vc-1c text-l\"><span class=\"x-image e12792-e44 m9vc-23 m9vc-25 m9vc-26\"><img decoding=\"async\" src=\"https:\/\/test.esolutions.free2move.com\/eu\/wp-content\/uploads\/2024\/04\/Icon-10.svg\" width=\"71\" height=\"71\" alt=\"Image\" loading=\"lazy\"><\/span><div class=\"x-text x-content e12792-e45 m9vc-1m m9vc-1o m9vc-1p m9vc-1q m9vc-1s m9vc-1v m9vc-1w m9vc-1x\">Bien-\u00eatre<\/div><div class=\"x-text x-content e12792-e46 m9vc-1m m9vc-1n m9vc-1o m9vc-1s m9vc-1w m9vc-1x m9vc-1y m9vc-1z\"><div class=\"container fondo-verde\">\n<div class=\"internal_white_box\">\n<div class=\"row row_product mt-0\">\n<div class=\"col-md-12 pb-0\">\n<div class=\"strength_blocks\">\n<div class=\"row d-flex justify-content-center\">\n<div class=\"col col-md-4 col-xxl mb-3 mx-0 mx-xxl-2 text-center\">Utilisez notre application de bien-\u00eatre pour mesurer et am\u00e9liorer votre engagement, votre motivation et votre niveau de stress.<\/div>\n<\/div>\n<\/div>\n<\/div>\n<\/div>\n<\/div>\n<\/div><\/div><\/div><\/div><div class=\"x-col e12792-e47 m9vc-q m9vc-r m9vc-v m9vc-w m9vc-x m9vc-z m9vc-10 e_home_card\"><div class=\"x-div e12792-e48 m9vc-15 m9vc-16 m9vc-17 m9vc-1a m9vc-1b m9vc-1c text-l\"><span class=\"x-image e12792-e49 m9vc-23 m9vc-25 m9vc-26\"><img decoding=\"async\" src=\"https:\/\/test.esolutions.free2move.com\/eu\/wp-content\/uploads\/2024\/03\/Icon-23.svg\" width=\"71\" height=\"71\" alt=\"Image\" loading=\"lazy\"><\/span><div class=\"x-text x-content e12792-e50 m9vc-1m m9vc-1o m9vc-1p m9vc-1q m9vc-1s m9vc-1v m9vc-1w m9vc-1x\"><p>Plan d'aide sociale<\/p><\/div><div class=\"x-text x-content e12792-e51 m9vc-1m m9vc-1n m9vc-1o m9vc-1s m9vc-1w m9vc-1x m9vc-1y m9vc-1z\"><div class=\"container fondo-verde\">\n<div class=\"internal_white_box\">\n<div class=\"row row_product mt-0\">\n<div class=\"col-md-12 pb-0\">\n<div class=\"strength_blocks\">\n<div class=\"row d-flex justify-content-center\">\n<div class=\"col col-md-4 col-xxl mb-3 mx-0 mx-xxl-2 text-center\">Profitez d'un ensemble complet d'initiatives et d'avantages con\u00e7us pour am\u00e9liorer votre qualit\u00e9 de vie et votre bien-\u00eatre, pour vous et votre famille.<\/div>\n<\/div>\n<\/div>\n<\/div>\n<\/div>\n<\/div>\n<\/div><\/div><\/div><\/div><\/div><\/div><\/div><\/div><div class=\"x-section e12792-e52 m9vc-1 m9vc-2 m9vc-4\"><div class=\"x-row x-container max width e12792-e53 m9vc-8 m9vc-9 m9vc-b m9vc-e m9vc-g m9vc-k\"><div class=\"x-row-inner\"><div class=\"x-col e12792-e54 m9vc-q m9vc-r m9vc-s m9vc-t m9vc-u m9vc-w m9vc-x m9vc-y es_gap\"><div class=\"x-row e12792-e55 m9vc-8 m9vc-9 m9vc-b m9vc-g m9vc-l\"><div class=\"x-row-inner\"><div class=\"x-col e12792-e56 m9vc-w m9vc-x m9vc-y\"><div class=\"x-text x-content e12792-e57 m9vc-1m m9vc-1p m9vc-1t m9vc-1u m9vc-1x text-l\"><p>Rejoindre notre \u00e9quipe ? Nous vous couvrons gr\u00e2ce \u00e0 notre programme d'int\u00e9gration efficace, qui garantit une transition et une int\u00e9gration en douceur dans notre culture d'entreprise. Au cours de vos 6 premiers mois chez Free2move eSolutions, vous ferez une s\u00e9rie d'activit\u00e9s pour vous aider \u00e0 mieux acqu\u00e9rir la culture d'eSolutions.  <br>Vous serez rapidement int\u00e9gr\u00e9 dans chaque environnement et conna\u00eetrez tous les aspects d'eSolutions, de sorte que vous sentirez d\u00e8s le d\u00e9part que vous \u00eates \u00e0 votre place. Une partie des activit\u00e9s consiste \u00e0 vous aider \u00e0 conna\u00eetre nos processus, \u00e0 acqu\u00e9rir une connaissance approfondie de nos produits mat\u00e9riels et num\u00e9riques et \u00e0 partager les valeurs de notre entreprise.<\/p><\/div><\/div><\/div><\/div><\/div><\/div><\/div><\/div><div class=\"x-section e12792-e58 m9vc-1 m9vc-4 m9vc-7\"><div class=\"x-row x-container max width e12792-e59 m9vc-8 m9vc-9 m9vc-b m9vc-e m9vc-g m9vc-m\"><div class=\"x-row-inner\"><div class=\"x-col e12792-e60 m9vc-q m9vc-s m9vc-u m9vc-w m9vc-x m9vc-y m9vc-11 m9vc-12\"><span class=\"x-image e12792-e61 m9vc-23 m9vc-26 m9vc-27\"><img decoding=\"async\" src=\"https:\/\/test.esolutions.free2move.com\/eu\/wp-content\/uploads\/2024\/03\/Icon-13-2.png\" width=\"142\" height=\"142\" alt=\"Image\" loading=\"lazy\"><\/span><\/div><div class=\"x-col e12792-e62 m9vc-q m9vc-r m9vc-s m9vc-t m9vc-u m9vc-w m9vc-x m9vc-y es_gap\"><div class=\"x-row e12792-e63 m9vc-8 m9vc-9 m9vc-b m9vc-c m9vc-g m9vc-n\"><div class=\"x-row-inner\"><div class=\"x-col e12792-e64 m9vc-q m9vc-t m9vc-u m9vc-w m9vc-y m9vc-10 m9vc-11 m9vc-13 es_gap\"><div class=\"x-text x-text-headline e12792-e65 m9vc-1f m9vc-1g m9vc-1j m9vc-1k\"><div class=\"x-text-content\"><div class=\"x-text-content-text\"><h4 class=\"x-text-content-text-primary\"><strong>Pr\u00eat \u00e0 participer \u00e0 quelque chose de plus grand ? Nous sommes toujours \u00e0 la recherche de talents !<\/strong><\/h4><\/div><\/div><\/div><div class=\"x-text x-content e12792-e66 m9vc-1m m9vc-1o m9vc-1p m9vc-1q m9vc-1r m9vc-1s m9vc-1t m9vc-21\"><div class=\"ewa-rteLine\">D\u00e9couvrez nos postes \u00e0 pourvoir et rejoignez notre communaut\u00e9 de talents. Chez Free2move eSolutions, nous c\u00e9l\u00e9brons la diversit\u00e9 et l'inclusion. Nous pensons que chaque voix compte et nous recherchons activement des personnes de tous horizons pour rejoindre notre \u00e9quipe. Quels que soient votre culture, votre sexe, vos capacit\u00e9s ou votre identit\u00e9, vous trouverez ici l'\u00e9galit\u00e9 des chances et une communaut\u00e9 accueillante.<\/div><\/div><div class=\"x-div e12792-e67 m9vc-14 m9vc-15 m9vc-16 m9vc-17 m9vc-18 m9vc-1a m9vc-1b\"><a class=\"x-div e12792-e68 m9vc-14 m9vc-15 m9vc-16 m9vc-1a m9vc-1d es_button_hover\" href=\"https:\/\/www.linkedin.com\/jobs\/search?keywords=Esolutions&amp;location=Italy&amp;locationId=&amp;geoId=103350119&amp;f_TPR=&amp;f_C=77398905&amp;position=1&amp;pageNum=0\" target=\"_blank\"><div class=\"x-text x-content e12792-e69 m9vc-1m m9vc-1o m9vc-1t m9vc-1x m9vc-1z m9vc-22\"><p>En savoir plus<\/p><\/div><\/a><\/div><\/div><\/div><\/div><\/div><\/div><\/div><\/div><div class=\"x-section e12792-e70 m9vc-1 m9vc-4 m9vc-7\"><div class=\"x-row x-container max width e12792-e71 m9vc-8 m9vc-9 m9vc-b m9vc-e m9vc-g m9vc-o\"><div class=\"x-row-inner\"><div class=\"x-col e12792-e72 m9vc-q m9vc-s m9vc-u m9vc-w m9vc-x m9vc-y m9vc-11 m9vc-12\"><span class=\"x-image e12792-e73 m9vc-23 m9vc-26 m9vc-27\"><img decoding=\"async\" src=\"https:\/\/test.esolutions.free2move.com\/eu\/wp-content\/uploads\/2024\/03\/Icon-14-1.png\" width=\"142\" height=\"142\" alt=\"Image\" loading=\"lazy\"><\/span><\/div><div class=\"x-col e12792-e74 m9vc-q m9vc-r m9vc-s m9vc-t m9vc-u m9vc-w m9vc-x m9vc-y es_gap\"><div class=\"x-row e12792-e75 m9vc-8 m9vc-9 m9vc-b m9vc-c m9vc-g m9vc-p\"><div class=\"x-row-inner\"><div class=\"x-col e12792-e76 m9vc-q m9vc-t m9vc-u m9vc-w m9vc-y m9vc-10 m9vc-11 m9vc-13 es_gap\"><div class=\"x-text x-text-headline e12792-e77 m9vc-1f m9vc-1g m9vc-1j m9vc-1k\"><div class=\"x-text-content\"><div class=\"x-text-content-text\"><h4 class=\"x-text-content-text-primary\"><strong>Application spontan\u00e9e<\/strong><\/h4><\/div><\/div><\/div><div class=\"x-text x-content e12792-e78 m9vc-1m m9vc-1o m9vc-1p m9vc-1q m9vc-1r m9vc-1s m9vc-1t m9vc-21\"><div class=\"ewa-rteLine\">M\u00eame s'il n'y a pas de poste sp\u00e9cifique pour vous dans l'imm\u00e9diat, nous accueillons volontiers les candidatures spontan\u00e9es des jeunes dipl\u00f4m\u00e9s et des professionnels exp\u00e9riment\u00e9s. Votre voyage vers un avenir meilleur commence ici, chez Free2move eSolutions !<\/div><\/div><div class=\"x-div e12792-e79 m9vc-14 m9vc-15 m9vc-16 m9vc-17 m9vc-18 m9vc-1a m9vc-1b\"><a class=\"x-div e12792-e80 m9vc-14 m9vc-15 m9vc-16 m9vc-1a m9vc-1d es_button_hover\" href=\".\/general-application\" target=\"_blank\"><div class=\"x-text x-content e12792-e81 m9vc-1m m9vc-1o m9vc-1t m9vc-1x m9vc-1z m9vc-22\"><p>Appliquer<\/p><\/div><\/a><\/div><\/div><\/div><\/div><\/div><\/div><\/div><\/div><\/div>\n","protected":false},"excerpt":{"rendered":"<p>HomeTravailler avec nousRejoignez le mouvement pour le changement chez Free2move eSolutions !Nous avons pour mission de r\u00e9volutionner le secteur de l&#8217;e-mobilit\u00e9 et nous avons besoin de personnes passionn\u00e9es comme vous pour nous aider \u00e0 y parvenir. Chez Free2move eSolutions, nous ch\u00e9rissons et renfor\u00e7ons nos divers talents, en encourageant une culture de l&#8217;excellence, de l&#8217;innovation et du leadership.Nos atoutsApprentissage continuAcc\u00e9dez \u00e0 &#8230; <\/p>\n<div><a href=\"https:\/\/test.esolutions.free2move.com\/eu\/fr_fr\/travailler-avec-nous\/\" class=\"more-link\">Read More<\/a><\/div>\n","protected":false},"author":1,"featured_media":0,"parent":0,"menu_order":0,"comment_status":"closed","ping_status":"closed","template":"template-blank-4.php","meta":{"_acf_changed":false,"inline_featured_image":false,"footnotes":""},"class_list":["post-21432","page","type-page","status-publish","hentry","no-post-thumbnail"],"acf":[],"yoast_head":"<!-- This site is optimized with the Yoast SEO plugin v24.4 - https:\/\/yoast.com\/wordpress\/plugins\/seo\/ -->\n<title>Travailler avec nous | Free2move eSolutions<\/title>\n<meta name=\"description\" content=\"Rejoignez notre \u00e9quipe chez Free2move eSolutions et faites partie de notre mission visant \u00e0 r\u00e9volutionner l&#039;avenir de la recharge des v\u00e9hicules \u00e9lectriques. Explorez les opportunit\u00e9s de carri\u00e8re d\u00e8s maintenant !\" \/>\n<meta name=\"robots\" content=\"index, follow, max-snippet:-1, max-image-preview:large, max-video-preview:-1\" \/>\n<link rel=\"canonical\" href=\"https:\/\/test.esolutions.free2move.com\/eu\/fr_fr\/travailler-avec-nous\/\" \/>\n<meta property=\"og:locale\" content=\"fr_FR\" \/>\n<meta property=\"og:type\" content=\"article\" \/>\n<meta property=\"og:title\" content=\"Travailler avec nous | Free2move eSolutions\" \/>\n<meta property=\"og:description\" content=\"Rejoignez notre \u00e9quipe chez Free2move eSolutions et faites partie de notre mission visant \u00e0 r\u00e9volutionner l&#039;avenir de la recharge des v\u00e9hicules \u00e9lectriques. Explorez les opportunit\u00e9s de carri\u00e8re d\u00e8s maintenant !\" \/>\n<meta property=\"og:url\" content=\"https:\/\/test.esolutions.free2move.com\/eu\/fr_fr\/travailler-avec-nous\/\" \/>\n<meta property=\"og:site_name\" content=\"eSolution europe\" \/>\n<meta name=\"twitter:card\" content=\"summary_large_image\" \/>\n<meta name=\"twitter:label1\" content=\"Est. reading time\" \/>\n\t<meta name=\"twitter:data1\" content=\"6 minutes\" \/>\n<script type=\"application\/ld+json\" class=\"yoast-schema-graph\">{\"@context\":\"https:\/\/schema.org\",\"@graph\":[{\"@type\":\"WebPage\",\"@id\":\"https:\/\/test.esolutions.free2move.com\/eu\/fr_fr\/travailler-avec-nous\/\",\"url\":\"https:\/\/test.esolutions.free2move.com\/eu\/fr_fr\/travailler-avec-nous\/\",\"name\":\"Travailler avec nous | Free2move eSolutions\",\"isPartOf\":{\"@id\":\"https:\/\/test.esolutions.free2move.com\/eu\/en_it\/#website\"},\"datePublished\":\"2024-03-18T13:45:26+00:00\",\"description\":\"Rejoignez notre \u00e9quipe chez Free2move eSolutions et faites partie de notre mission visant \u00e0 r\u00e9volutionner l'avenir de la recharge des v\u00e9hicules \u00e9lectriques. Explorez les opportunit\u00e9s de carri\u00e8re d\u00e8s maintenant !\",\"breadcrumb\":{\"@id\":\"https:\/\/test.esolutions.free2move.com\/eu\/fr_fr\/travailler-avec-nous\/#breadcrumb\"},\"inLanguage\":\"fr-fr\",\"potentialAction\":[{\"@type\":\"ReadAction\",\"target\":[\"https:\/\/test.esolutions.free2move.com\/eu\/fr_fr\/travailler-avec-nous\/\"]}]},{\"@type\":\"BreadcrumbList\",\"@id\":\"https:\/\/test.esolutions.free2move.com\/eu\/fr_fr\/travailler-avec-nous\/#breadcrumb\",\"itemListElement\":[{\"@type\":\"ListItem\",\"position\":1,\"name\":\"Home\",\"item\":\"https:\/\/test.esolutions.free2move.com\/eu\/fr_fr\/\"},{\"@type\":\"ListItem\",\"position\":2,\"name\":\"Travailler avec nous\"}]},{\"@type\":\"WebSite\",\"@id\":\"https:\/\/test.esolutions.free2move.com\/eu\/en_it\/#website\",\"url\":\"https:\/\/test.esolutions.free2move.com\/eu\/en_it\/\",\"name\":\"eSolutions europe\",\"description\":\"\",\"publisher\":{\"@id\":\"https:\/\/test.esolutions.free2move.com\/eu\/en_it\/#organization\"},\"potentialAction\":[{\"@type\":\"SearchAction\",\"target\":{\"@type\":\"EntryPoint\",\"urlTemplate\":\"https:\/\/test.esolutions.free2move.com\/eu\/en_it\/?s={search_term_string}\"},\"query-input\":{\"@type\":\"PropertyValueSpecification\",\"valueRequired\":true,\"valueName\":\"search_term_string\"}}],\"inLanguage\":\"fr-fr\"},{\"@type\":\"Organization\",\"@id\":\"https:\/\/test.esolutions.free2move.com\/eu\/en_it\/#organization\",\"name\":\"eSolutions europe\",\"url\":\"https:\/\/test.esolutions.free2move.com\/eu\/en_it\/\",\"logo\":{\"@type\":\"ImageObject\",\"inLanguage\":\"fr-fr\",\"@id\":\"https:\/\/test.esolutions.free2move.com\/eu\/en_it\/#\/schema\/logo\/image\/\",\"url\":\"https:\/\/www.esolutions.free2move.com\/eu\/wp-content\/uploads\/2024\/03\/logo-f2m-horizontal-1-1-1.png\",\"contentUrl\":\"https:\/\/www.esolutions.free2move.com\/eu\/wp-content\/uploads\/2024\/03\/logo-f2m-horizontal-1-1-1.png\",\"width\":865,\"height\":218,\"caption\":\"eSolutions europe\"},\"image\":{\"@id\":\"https:\/\/test.esolutions.free2move.com\/eu\/en_it\/#\/schema\/logo\/image\/\"}}]}<\/script>\n<!-- \/ Yoast SEO plugin. -->","yoast_head_json":{"title":"Travailler avec nous | Free2move eSolutions","description":"Rejoignez notre \u00e9quipe chez Free2move eSolutions et faites partie de notre mission visant \u00e0 r\u00e9volutionner l'avenir de la recharge des v\u00e9hicules \u00e9lectriques. Explorez les opportunit\u00e9s de carri\u00e8re d\u00e8s maintenant !","robots":{"index":"index","follow":"follow","max-snippet":"max-snippet:-1","max-image-preview":"max-image-preview:large","max-video-preview":"max-video-preview:-1"},"canonical":"https:\/\/test.esolutions.free2move.com\/eu\/fr_fr\/travailler-avec-nous\/","og_locale":"fr_FR","og_type":"article","og_title":"Travailler avec nous | Free2move eSolutions","og_description":"Rejoignez notre \u00e9quipe chez Free2move eSolutions et faites partie de notre mission visant \u00e0 r\u00e9volutionner l'avenir de la recharge des v\u00e9hicules \u00e9lectriques. Explorez les opportunit\u00e9s de carri\u00e8re d\u00e8s maintenant !","og_url":"https:\/\/test.esolutions.free2move.com\/eu\/fr_fr\/travailler-avec-nous\/","og_site_name":"eSolution europe","twitter_card":"summary_large_image","twitter_misc":{"Est. reading time":"6 minutes"},"schema":{"@context":"https:\/\/schema.org","@graph":[{"@type":"WebPage","@id":"https:\/\/test.esolutions.free2move.com\/eu\/fr_fr\/travailler-avec-nous\/","url":"https:\/\/test.esolutions.free2move.com\/eu\/fr_fr\/travailler-avec-nous\/","name":"Travailler avec nous | Free2move eSolutions","isPartOf":{"@id":"https:\/\/test.esolutions.free2move.com\/eu\/en_it\/#website"},"datePublished":"2024-03-18T13:45:26+00:00","description":"Rejoignez notre \u00e9quipe chez Free2move eSolutions et faites partie de notre mission visant \u00e0 r\u00e9volutionner l'avenir de la recharge des v\u00e9hicules \u00e9lectriques. Explorez les opportunit\u00e9s de carri\u00e8re d\u00e8s maintenant !","breadcrumb":{"@id":"https:\/\/test.esolutions.free2move.com\/eu\/fr_fr\/travailler-avec-nous\/#breadcrumb"},"inLanguage":"fr-fr","potentialAction":[{"@type":"ReadAction","target":["https:\/\/test.esolutions.free2move.com\/eu\/fr_fr\/travailler-avec-nous\/"]}]},{"@type":"BreadcrumbList","@id":"https:\/\/test.esolutions.free2move.com\/eu\/fr_fr\/travailler-avec-nous\/#breadcrumb","itemListElement":[{"@type":"ListItem","position":1,"name":"Home","item":"https:\/\/test.esolutions.free2move.com\/eu\/fr_fr\/"},{"@type":"ListItem","position":2,"name":"Travailler avec nous"}]},{"@type":"WebSite","@id":"https:\/\/test.esolutions.free2move.com\/eu\/en_it\/#website","url":"https:\/\/test.esolutions.free2move.com\/eu\/en_it\/","name":"eSolutions europe","description":"","publisher":{"@id":"https:\/\/test.esolutions.free2move.com\/eu\/en_it\/#organization"},"potentialAction":[{"@type":"SearchAction","target":{"@type":"EntryPoint","urlTemplate":"https:\/\/test.esolutions.free2move.com\/eu\/en_it\/?s={search_term_string}"},"query-input":{"@type":"PropertyValueSpecification","valueRequired":true,"valueName":"search_term_string"}}],"inLanguage":"fr-fr"},{"@type":"Organization","@id":"https:\/\/test.esolutions.free2move.com\/eu\/en_it\/#organization","name":"eSolutions europe","url":"https:\/\/test.esolutions.free2move.com\/eu\/en_it\/","logo":{"@type":"ImageObject","inLanguage":"fr-fr","@id":"https:\/\/test.esolutions.free2move.com\/eu\/en_it\/#\/schema\/logo\/image\/","url":"https:\/\/www.esolutions.free2move.com\/eu\/wp-content\/uploads\/2024\/03\/logo-f2m-horizontal-1-1-1.png","contentUrl":"https:\/\/www.esolutions.free2move.com\/eu\/wp-content\/uploads\/2024\/03\/logo-f2m-horizontal-1-1-1.png","width":865,"height":218,"caption":"eSolutions europe"},"image":{"@id":"https:\/\/test.esolutions.free2move.com\/eu\/en_it\/#\/schema\/logo\/image\/"}}]}},"_links":{"self":[{"href":"https:\/\/test.esolutions.free2move.com\/eu\/fr_fr\/wp-json\/wp\/v2\/pages\/21432","targetHints":{"allow":["GET"]}}],"collection":[{"href":"https:\/\/test.esolutions.free2move.com\/eu\/fr_fr\/wp-json\/wp\/v2\/pages"}],"about":[{"href":"https:\/\/test.esolutions.free2move.com\/eu\/fr_fr\/wp-json\/wp\/v2\/types\/page"}],"author":[{"embeddable":true,"href":"https:\/\/test.esolutions.free2move.com\/eu\/fr_fr\/wp-json\/wp\/v2\/users\/1"}],"replies":[{"embeddable":true,"href":"https:\/\/test.esolutions.free2move.com\/eu\/fr_fr\/wp-json\/wp\/v2\/comments?post=21432"}],"version-history":[{"count":0,"href":"https:\/\/test.esolutions.free2move.com\/eu\/fr_fr\/wp-json\/wp\/v2\/pages\/21432\/revisions"}],"wp:attachment":[{"href":"https:\/\/test.esolutions.free2move.com\/eu\/fr_fr\/wp-json\/wp\/v2\/media?parent=21432"}],"curies":[{"name":"wp","href":"https:\/\/api.w.org\/{rel}","templated":true}]}}