{"id":22856,"date":"2024-03-18T14:46:46","date_gmt":"2024-03-18T14:46:46","guid":{"rendered":"https:\/\/test.esolutions.free2move.com\/eu\/luigi-michi\/"},"modified":"2024-03-18T14:46:46","modified_gmt":"2024-03-18T14:46:46","slug":"luigi-michi","status":"publish","type":"page","link":"https:\/\/test.esolutions.free2move.com\/eu\/fr_lu\/gouvernance-et-ethique\/luigi-michi\/","title":{"rendered":"Luigi Michi"},"content":{"rendered":"<div id=\"cs-content\" class=\"cs-content\"><nav class=\"x-crumbs e12629-e1 m9qt-0\" role=\"navigation\"><ol class=\"x-crumbs-list\" itemscope=\"\" itemtype=\"http:\/\/schema.org\/BreadcrumbList\" aria-label=\"Breadcrumb Navigation\"><li class=\"x-crumbs-list-item\" itemprop=\"itemListElement\" itemscope itemtype=\"http:\/\/schema.org\/ListItem\"><a class=\"x-crumbs-current x-crumbs-link\" itemtype=\"http:\/\/schema.org\/Thing\" itemprop=\"item\" href=\"https:\/\/test.esolutions.free2move.com\/eu\/fr_lu\/\" title=\"You Are Here\"><span itemprop=\"name\">Home<\/span><\/a><meta itemprop=\"position\" content=\"1\"><\/li><\/ol><\/nav><div class=\"x-section e12629-e2 m9qt-1\"><div class=\"x-row x-container max width e12629-e3 m9qt-2 m9qt-3 m9qt-5 m9qt-6\"><div class=\"x-row-inner\"><div class=\"x-col e12629-e4 m9qt-8 m9qt-9 m9qt-a m9qt-b\"><span class=\"x-image e12629-e5 m9qt-f\"><img decoding=\"async\" src=\"https:\/\/test.esolutions.free2move.com\/eu\/wp-content\/uploads\/2024\/03\/GovernanceEthics_Luigi-Michi-copia.jpg\" width=\"146\" height=\"134\" alt=\"Image\" loading=\"lazy\"><\/span><\/div><div class=\"x-col e12629-e6 m9qt-8 m9qt-a m9qt-c m9qt-d es_gap\"><div class=\"x-row e12629-e7 m9qt-3 m9qt-4 m9qt-5 m9qt-7\"><div class=\"x-row-inner\"><div class=\"x-col e12629-e8 m9qt-8 m9qt-9 m9qt-d m9qt-e es_gap\"><div class=\"x-text x-text-headline e12629-e9 m9qt-g\"><div class=\"x-text-content\"><div class=\"x-text-content-text\"><h2 class=\"x-text-content-text-primary\">Luigi Michi<\/h2><\/div><\/div><\/div><div class=\"x-text x-content e12629-e10 m9qt-h\"><div class=\"ewa-rteLine\">\n<div class=\"ewa-rteLine\"><strong>Directeur<\/strong><\/div>\n<div class=\"ewa-rteLine\">&nbsp;<\/div>\n<div class=\"ewa-rteLine\">Luigi Michi, n\u00e9 en Italie en 1958, est titulaire d'un dipl\u00f4me cum laudae en ing\u00e9nierie \u00e9lectrique. Il a r\u00e9cemment \u00e9t\u00e9 nomm\u00e9 conseiller principal aupr\u00e8s de \"Key to energy\", une soci\u00e9t\u00e9 de conseil en \u00e9nergie comp\u00e9tente et bien implant\u00e9e, qui s'occupe d'un large \u00e9ventail de questions relatives \u00e0 l'\u00e9lectricit\u00e9 et au gaz dans le secteur de l'\u00e9nergie.<\/div>\n<div class=\"ewa-rteLine\">Fort d'une exp\u00e9rience de plus de trente ans dans le secteur de l'\u00e9nergie, o\u00f9 il a jou\u00e9 diff\u00e9rents r\u00f4les depuis 1985, Luigi est un expert \u00e0 part enti\u00e8re des march\u00e9s de l'\u00e9nergie et des syst\u00e8mes \u00e9lectriques complexes, et il est aujourd'hui tr\u00e8s impliqu\u00e9 dans l'actuelle transition \u00e9nerg\u00e9tique.<\/div>\n<div class=\"ewa-rteLine\">Jusqu'\u00e0 fin 2019, il a \u00e9t\u00e9 responsable de la strat\u00e9gie, du d\u00e9veloppement et de l'exploitation du syst\u00e8me chez Terna Spa, le gestionnaire du r\u00e9seau de transport italien, en charge notamment des affaires r\u00e9glementaires, de la planification du r\u00e9seau, de l'analyse du march\u00e9 et des activit\u00e9s de dispatching.<\/div>\n<div class=\"ewa-rteLine\">Il a rejoint Terna en 2015, apr\u00e8s une longue et profonde exp\u00e9rience au sein d'Enel en tant que vice-pr\u00e9sident ex\u00e9cutif, responsable du secteur de la gestion de l'\u00e9nergie, charg\u00e9 de la gestion et de la r\u00e9partition de l'ensemble du portefeuille de production italien, ainsi que de la r\u00e9alisation d'activit\u00e9s de n\u00e9goce de mati\u00e8res premi\u00e8res sur les march\u00e9s europ\u00e9ens.<\/div>\n<div class=\"ewa-rteLine\">Avant de rejoindre le secteur de la production, il a exerc\u00e9 plusieurs activit\u00e9s li\u00e9es au r\u00e9seau et aux lignes de transport d'\u00e9lectricit\u00e9 (conception, construction, contr\u00f4le) depuis 1988. De 1984 \u00e0 1987, il a rejoint le groupe ENI, o\u00f9 il s'est occup\u00e9 de la conception de centrales \u00e9lectriques \u00e0 turbogaz et de la gestion des travaux (contrats cl\u00e9s en main).<\/div>\n<div class=\"ewa-rteLine\">Luigi Michi a obtenu un dipl\u00f4me cum laudae en ing\u00e9nierie \u00e9lectrique \u00e0 l'universit\u00e9 de Pise en 1983. Au cours des ann\u00e9es suivantes, il a suivi plusieurs programmes de formation pour cadres sup\u00e9rieurs (Columbia University, Harvard, IESE).<\/div>\n<div class=\"ewa-rteLine\">M. Michi est mari\u00e9 et p\u00e8re de trois enfants. Il aime passer son temps libre \u00e0 photographier et \u00e0 s'occuper de projets audiovisuels.<\/div>\n<\/div><\/div><\/div><\/div><\/div><\/div><\/div><\/div><\/div><\/div>\n","protected":false},"excerpt":{"rendered":"<p>HomeLuigi Michi Directeur &nbsp; Luigi Michi, n\u00e9 en Italie en 1958, est titulaire d&#8217;un dipl\u00f4me cum laudae en ing\u00e9nierie \u00e9lectrique. Il a r\u00e9cemment \u00e9t\u00e9 nomm\u00e9 conseiller principal aupr\u00e8s de &#8220;Key to energy&#8221;, une soci\u00e9t\u00e9 de conseil en \u00e9nergie comp\u00e9tente et bien implant\u00e9e, qui s&#8217;occupe d&#8217;un large \u00e9ventail de questions relatives \u00e0 l&#8217;\u00e9lectricit\u00e9 et au gaz dans le secteur de l&#8217;\u00e9nergie. &#8230; <\/p>\n<div><a href=\"https:\/\/test.esolutions.free2move.com\/eu\/fr_lu\/gouvernance-et-ethique\/luigi-michi\/\" class=\"more-link\">Read More<\/a><\/div>\n","protected":false},"author":1,"featured_media":0,"parent":22874,"menu_order":0,"comment_status":"closed","ping_status":"closed","template":"template-blank-4.php","meta":{"_acf_changed":false,"inline_featured_image":false,"footnotes":""},"class_list":["post-22856","page","type-page","status-publish","hentry","no-post-thumbnail"],"acf":[],"yoast_head":"<!-- This site is optimized with the Yoast SEO plugin v24.4 - https:\/\/yoast.com\/wordpress\/plugins\/seo\/ -->\n<title>Luigi Michi - eSolution europe<\/title>\n<meta name=\"robots\" content=\"index, follow, max-snippet:-1, max-image-preview:large, max-video-preview:-1\" \/>\n<link rel=\"canonical\" href=\"https:\/\/test.esolutions.free2move.com\/eu\/en_def\/governance-ethics\/luigi-michi\/\" \/>\n<meta property=\"og:locale\" content=\"fr_FR\" \/>\n<meta property=\"og:type\" content=\"article\" \/>\n<meta property=\"og:title\" content=\"Luigi Michi - eSolution europe\" \/>\n<meta property=\"og:description\" content=\"HomeLuigi Michi Directeur &nbsp; Luigi Michi, n\u00e9 en Italie en 1958, est titulaire d&#039;un dipl\u00f4me cum laudae en ing\u00e9nierie \u00e9lectrique. Il a r\u00e9cemment \u00e9t\u00e9 nomm\u00e9 conseiller principal aupr\u00e8s de &quot;Key to energy&quot;, une soci\u00e9t\u00e9 de conseil en \u00e9nergie comp\u00e9tente et bien implant\u00e9e, qui s&#039;occupe d&#039;un large \u00e9ventail de questions relatives \u00e0 l&#039;\u00e9lectricit\u00e9 et au gaz dans le secteur de l&#039;\u00e9nergie. ... Read More\" \/>\n<meta property=\"og:url\" content=\"https:\/\/test.esolutions.free2move.com\/eu\/en_def\/governance-ethics\/luigi-michi\/\" \/>\n<meta property=\"og:site_name\" content=\"eSolution europe\" \/>\n<meta name=\"twitter:card\" content=\"summary_large_image\" \/>\n<meta name=\"twitter:label1\" content=\"Est. reading time\" \/>\n\t<meta name=\"twitter:data1\" content=\"2 minutes\" \/>\n<script type=\"application\/ld+json\" class=\"yoast-schema-graph\">{\"@context\":\"https:\/\/schema.org\",\"@graph\":[{\"@type\":\"WebPage\",\"@id\":\"https:\/\/test.esolutions.free2move.com\/eu\/en_def\/governance-ethics\/luigi-michi\/\",\"url\":\"https:\/\/test.esolutions.free2move.com\/eu\/en_def\/governance-ethics\/luigi-michi\/\",\"name\":\"Luigi Michi - eSolution europe\",\"isPartOf\":{\"@id\":\"https:\/\/test.esolutions.free2move.com\/eu\/en_it\/#website\"},\"datePublished\":\"2024-03-18T14:46:46+00:00\",\"breadcrumb\":{\"@id\":\"https:\/\/test.esolutions.free2move.com\/eu\/en_def\/governance-ethics\/luigi-michi\/#breadcrumb\"},\"inLanguage\":\"fr-lu\",\"potentialAction\":[{\"@type\":\"ReadAction\",\"target\":[\"https:\/\/test.esolutions.free2move.com\/eu\/en_def\/governance-ethics\/luigi-michi\/\"]}]},{\"@type\":\"BreadcrumbList\",\"@id\":\"https:\/\/test.esolutions.free2move.com\/eu\/en_def\/governance-ethics\/luigi-michi\/#breadcrumb\",\"itemListElement\":[{\"@type\":\"ListItem\",\"position\":1,\"name\":\"Home\",\"item\":\"https:\/\/test.esolutions.free2move.com\/eu\/fr_lu\/\"},{\"@type\":\"ListItem\",\"position\":2,\"name\":\"Gouvernance et \u00e9thique\",\"item\":\"https:\/\/test.esolutions.free2move.com\/eu\/en_def\/governance-ethics\/\"},{\"@type\":\"ListItem\",\"position\":3,\"name\":\"Luigi Michi\"}]},{\"@type\":\"WebSite\",\"@id\":\"https:\/\/test.esolutions.free2move.com\/eu\/en_it\/#website\",\"url\":\"https:\/\/test.esolutions.free2move.com\/eu\/en_it\/\",\"name\":\"eSolutions europe\",\"description\":\"\",\"publisher\":{\"@id\":\"https:\/\/test.esolutions.free2move.com\/eu\/en_it\/#organization\"},\"potentialAction\":[{\"@type\":\"SearchAction\",\"target\":{\"@type\":\"EntryPoint\",\"urlTemplate\":\"https:\/\/test.esolutions.free2move.com\/eu\/en_it\/?s={search_term_string}\"},\"query-input\":{\"@type\":\"PropertyValueSpecification\",\"valueRequired\":true,\"valueName\":\"search_term_string\"}}],\"inLanguage\":\"fr-lu\"},{\"@type\":\"Organization\",\"@id\":\"https:\/\/test.esolutions.free2move.com\/eu\/en_it\/#organization\",\"name\":\"eSolutions europe\",\"url\":\"https:\/\/test.esolutions.free2move.com\/eu\/en_it\/\",\"logo\":{\"@type\":\"ImageObject\",\"inLanguage\":\"fr-lu\",\"@id\":\"https:\/\/test.esolutions.free2move.com\/eu\/en_it\/#\/schema\/logo\/image\/\",\"url\":\"https:\/\/www.esolutions.free2move.com\/eu\/wp-content\/uploads\/2024\/03\/logo-f2m-horizontal-1-1-1.png\",\"contentUrl\":\"https:\/\/www.esolutions.free2move.com\/eu\/wp-content\/uploads\/2024\/03\/logo-f2m-horizontal-1-1-1.png\",\"width\":865,\"height\":218,\"caption\":\"eSolutions europe\"},\"image\":{\"@id\":\"https:\/\/test.esolutions.free2move.com\/eu\/en_it\/#\/schema\/logo\/image\/\"}}]}<\/script>\n<!-- \/ Yoast SEO plugin. -->","yoast_head_json":{"title":"Luigi Michi - eSolution europe","robots":{"index":"index","follow":"follow","max-snippet":"max-snippet:-1","max-image-preview":"max-image-preview:large","max-video-preview":"max-video-preview:-1"},"canonical":"https:\/\/test.esolutions.free2move.com\/eu\/en_def\/governance-ethics\/luigi-michi\/","og_locale":"fr_FR","og_type":"article","og_title":"Luigi Michi - eSolution europe","og_description":"HomeLuigi Michi Directeur &nbsp; Luigi Michi, n\u00e9 en Italie en 1958, est titulaire d'un dipl\u00f4me cum laudae en ing\u00e9nierie \u00e9lectrique. Il a r\u00e9cemment \u00e9t\u00e9 nomm\u00e9 conseiller principal aupr\u00e8s de \"Key to energy\", une soci\u00e9t\u00e9 de conseil en \u00e9nergie comp\u00e9tente et bien implant\u00e9e, qui s'occupe d'un large \u00e9ventail de questions relatives \u00e0 l'\u00e9lectricit\u00e9 et au gaz dans le secteur de l'\u00e9nergie. ... Read More","og_url":"https:\/\/test.esolutions.free2move.com\/eu\/en_def\/governance-ethics\/luigi-michi\/","og_site_name":"eSolution europe","twitter_card":"summary_large_image","twitter_misc":{"Est. reading time":"2 minutes"},"schema":{"@context":"https:\/\/schema.org","@graph":[{"@type":"WebPage","@id":"https:\/\/test.esolutions.free2move.com\/eu\/en_def\/governance-ethics\/luigi-michi\/","url":"https:\/\/test.esolutions.free2move.com\/eu\/en_def\/governance-ethics\/luigi-michi\/","name":"Luigi Michi - eSolution europe","isPartOf":{"@id":"https:\/\/test.esolutions.free2move.com\/eu\/en_it\/#website"},"datePublished":"2024-03-18T14:46:46+00:00","breadcrumb":{"@id":"https:\/\/test.esolutions.free2move.com\/eu\/en_def\/governance-ethics\/luigi-michi\/#breadcrumb"},"inLanguage":"fr-lu","potentialAction":[{"@type":"ReadAction","target":["https:\/\/test.esolutions.free2move.com\/eu\/en_def\/governance-ethics\/luigi-michi\/"]}]},{"@type":"BreadcrumbList","@id":"https:\/\/test.esolutions.free2move.com\/eu\/en_def\/governance-ethics\/luigi-michi\/#breadcrumb","itemListElement":[{"@type":"ListItem","position":1,"name":"Home","item":"https:\/\/test.esolutions.free2move.com\/eu\/fr_lu\/"},{"@type":"ListItem","position":2,"name":"Gouvernance et \u00e9thique","item":"https:\/\/test.esolutions.free2move.com\/eu\/en_def\/governance-ethics\/"},{"@type":"ListItem","position":3,"name":"Luigi Michi"}]},{"@type":"WebSite","@id":"https:\/\/test.esolutions.free2move.com\/eu\/en_it\/#website","url":"https:\/\/test.esolutions.free2move.com\/eu\/en_it\/","name":"eSolutions europe","description":"","publisher":{"@id":"https:\/\/test.esolutions.free2move.com\/eu\/en_it\/#organization"},"potentialAction":[{"@type":"SearchAction","target":{"@type":"EntryPoint","urlTemplate":"https:\/\/test.esolutions.free2move.com\/eu\/en_it\/?s={search_term_string}"},"query-input":{"@type":"PropertyValueSpecification","valueRequired":true,"valueName":"search_term_string"}}],"inLanguage":"fr-lu"},{"@type":"Organization","@id":"https:\/\/test.esolutions.free2move.com\/eu\/en_it\/#organization","name":"eSolutions europe","url":"https:\/\/test.esolutions.free2move.com\/eu\/en_it\/","logo":{"@type":"ImageObject","inLanguage":"fr-lu","@id":"https:\/\/test.esolutions.free2move.com\/eu\/en_it\/#\/schema\/logo\/image\/","url":"https:\/\/www.esolutions.free2move.com\/eu\/wp-content\/uploads\/2024\/03\/logo-f2m-horizontal-1-1-1.png","contentUrl":"https:\/\/www.esolutions.free2move.com\/eu\/wp-content\/uploads\/2024\/03\/logo-f2m-horizontal-1-1-1.png","width":865,"height":218,"caption":"eSolutions europe"},"image":{"@id":"https:\/\/test.esolutions.free2move.com\/eu\/en_it\/#\/schema\/logo\/image\/"}}]}},"_links":{"self":[{"href":"https:\/\/test.esolutions.free2move.com\/eu\/fr_lu\/wp-json\/wp\/v2\/pages\/22856","targetHints":{"allow":["GET"]}}],"collection":[{"href":"https:\/\/test.esolutions.free2move.com\/eu\/fr_lu\/wp-json\/wp\/v2\/pages"}],"about":[{"href":"https:\/\/test.esolutions.free2move.com\/eu\/fr_lu\/wp-json\/wp\/v2\/types\/page"}],"author":[{"embeddable":true,"href":"https:\/\/test.esolutions.free2move.com\/eu\/fr_lu\/wp-json\/wp\/v2\/users\/1"}],"replies":[{"embeddable":true,"href":"https:\/\/test.esolutions.free2move.com\/eu\/fr_lu\/wp-json\/wp\/v2\/comments?post=22856"}],"version-history":[{"count":0,"href":"https:\/\/test.esolutions.free2move.com\/eu\/fr_lu\/wp-json\/wp\/v2\/pages\/22856\/revisions"}],"up":[{"embeddable":true,"href":"https:\/\/test.esolutions.free2move.com\/eu\/fr_lu\/wp-json\/wp\/v2\/pages\/22874"}],"wp:attachment":[{"href":"https:\/\/test.esolutions.free2move.com\/eu\/fr_lu\/wp-json\/wp\/v2\/media?parent=22856"}],"curies":[{"name":"wp","href":"https:\/\/api.w.org\/{rel}","templated":true}]}}