{"id":22886,"date":"2024-03-18T11:34:21","date_gmt":"2024-03-18T11:34:21","guid":{"rendered":"https:\/\/test.esolutions.free2move.com\/eu\/entreprise\/"},"modified":"2024-03-18T11:34:21","modified_gmt":"2024-03-18T11:34:21","slug":"entreprise","status":"publish","type":"page","link":"https:\/\/test.esolutions.free2move.com\/eu\/fr_lu\/entreprise\/","title":{"rendered":"Entreprise"},"content":{"rendered":"<div id=\"cs-content\" class=\"cs-content\"><nav class=\"x-crumbs e12497-e1 m9n5-0\" role=\"navigation\"><ol class=\"x-crumbs-list\" itemscope=\"\" itemtype=\"http:\/\/schema.org\/BreadcrumbList\" aria-label=\"Breadcrumb Navigation\"><li class=\"x-crumbs-list-item\" itemprop=\"itemListElement\" itemscope itemtype=\"http:\/\/schema.org\/ListItem\"><a class=\"x-crumbs-current x-crumbs-link\" itemtype=\"http:\/\/schema.org\/Thing\" itemprop=\"item\" href=\"https:\/\/test.esolutions.free2move.com\/eu\/fr_lu\/\" title=\"You Are Here\"><span itemprop=\"name\">Home<\/span><\/a><meta itemprop=\"position\" content=\"1\"><\/li><\/ol><\/nav><div class=\"x-section e12497-e2 m9n5-1 m9n5-2 m9n5-3 m9n5-4\"><div class=\"x-row x-container max width e12497-e3 m9n5-8 m9n5-9 m9n5-a m9n5-b m9n5-h\"><div class=\"x-row-inner\"><div class=\"x-col e12497-e4 m9n5-r m9n5-s m9n5-t m9n5-u m9n5-v es_gap\"><div class=\"x-div e12497-e5 m9n5-11\"><div class=\"x-text x-text-headline e12497-e6 m9n5-12\"><div class=\"x-text-content\"><div class=\"x-text-content-text\"><h2 class=\"x-text-content-text-primary\">Free2move eSolutions<\/h2><\/div><\/div><\/div><div class=\"x-text x-content e12497-e7 m9n5-13 m9n5-14 m9n5-15 m9n5-16\"><div class=\"ewa-rteLine\"><strong>Libert\u00e9 de chargement<\/strong><\/div><\/div><\/div><\/div><div class=\"x-col e12497-e8 m9n5-t m9n5-u m9n5-v\"><span class=\"x-image e12497-e9 m9n5-19 m9n5-1a\"><img decoding=\"async\" src=\"https:\/\/test.esolutions.free2move.com\/eu\/wp-content\/uploads\/2024\/04\/AdobeStock_295114965-scaled.jpeg\" width=\"2560\" height=\"1677\" alt=\"Image\" loading=\"lazy\"><\/span><\/div><\/div><\/div><\/div><div class=\"x-section e12497-e10 m9n5-1 m9n5-4 m9n5-5\"><div class=\"x-row x-container max width e12497-e11 m9n5-8 m9n5-9 m9n5-a m9n5-c m9n5-d m9n5-i m9n5-j\"><div class=\"x-row-inner\"><div class=\"x-col x-hide-md x-hide-sm x-hide-xs e12497-e12 m9n5-u m9n5-v m9n5-w\"><hr class=\"x-line e12497-e13 m9n5-1c\"\/><\/div><div class=\"x-col e12497-e14 m9n5-r m9n5-s m9n5-u m9n5-v m9n5-w es_gap\"><div class=\"x-row e12497-e15 m9n5-8 m9n5-9 m9n5-a m9n5-d m9n5-i m9n5-k\"><div class=\"x-row-inner\"><div class=\"x-col e12497-e16 m9n5-u m9n5-v m9n5-w\"><div class=\"x-text x-content e12497-e17 m9n5-14 m9n5-16 m9n5-17 text-l\"><div class=\"ewa-rteLine\">Nous nous consacrons \u00e0 la conception et \u00e0 la production de bornes de recharge intelligentes et de services num\u00e9riques pour simplifier la vie des conducteurs \u00e9lectriques. Nous soutenons la transition vers une mobilit\u00e9 \u00e9lectrique durable en proposant des solutions simples \u00e0 utiliser qui rendront ce changement intuitif et transparent.<\/div><\/div><\/div><\/div><\/div><\/div><\/div><\/div><\/div><div class=\"x-section e12497-e18 m9n5-1 m9n5-2 m9n5-6\"><div class=\"x-row x-container max width e12497-e19 m9n5-8 m9n5-9 m9n5-d m9n5-e m9n5-i m9n5-l row_reverse\"><div class=\"x-row-inner\"><div class=\"x-col e12497-e20 m9n5-r m9n5-t m9n5-u m9n5-x m9n5-y mobile-unset\"><div class=\"x-row e12497-e21 m9n5-8 m9n5-9 m9n5-a m9n5-d m9n5-f m9n5-i m9n5-m\"><div class=\"x-row-inner\"><div class=\"x-col e12497-e22 m9n5-u m9n5-v m9n5-w m9n5-z\"><div class=\"x-text x-text-headline e12497-e23 m9n5-12\"><div class=\"x-text-content\"><div class=\"x-text-content-text\"><h2 class=\"x-text-content-text-primary\">\u00c0 propos de nous<\/h2><\/div><\/div><\/div><div class=\"x-text x-content e12497-e24 m9n5-14 m9n5-15 m9n5-18\">Gr\u00e2ce \u00e0 notre passion pour le changement et \u00e0 notre innovation technologique continue, \u00e0 la num\u00e9risation et \u00e0 notre approche pionni\u00e8re du d\u00e9veloppement, de la production et de l'offre, nous simplifions l'approche et la transition vers la mobilit\u00e9 du futur en cr\u00e9ant des produits efficaces et simples \u00e0 utiliser.<\/div><a class=\"x-anchor x-anchor-button e12497-e25 m9n5-1d es_button_hover\" tabindex=\"0\" href=\".\/about-us\"><div class=\"x-anchor-content\"><div class=\"x-anchor-text\"><span class=\"x-anchor-text-primary\">En savoir plus<\/span><\/div><\/div><\/a><\/div><\/div><\/div><\/div><div class=\"x-col e12497-e26 m9n5-r m9n5-u m9n5-v m9n5-w m9n5-x m9n5-10\"><span class=\"x-image e12497-e27 m9n5-19 m9n5-1b\"><img decoding=\"async\" src=\"https:\/\/test.esolutions.free2move.com\/eu\/wp-content\/uploads\/2024\/03\/eSolutions-Charging-06a.jpg\" width=\"7952\" height=\"5304\" alt=\"Image\" loading=\"lazy\"><\/span><\/div><\/div><\/div><\/div><div class=\"x-section e12497-e28 m9n5-1 m9n5-7\"><div class=\"x-row x-container max width e12497-e29 m9n5-8 m9n5-d m9n5-e m9n5-g m9n5-i m9n5-n row_reverse\"><div class=\"x-row-inner\"><div class=\"x-col e12497-e30 m9n5-r m9n5-t m9n5-u m9n5-x m9n5-y mobile-unset\"><div class=\"x-row e12497-e31 m9n5-8 m9n5-9 m9n5-a m9n5-d m9n5-f m9n5-i m9n5-o\"><div class=\"x-row-inner\"><div class=\"x-col e12497-e32 m9n5-u m9n5-v m9n5-w m9n5-z\"><div class=\"x-text x-text-headline e12497-e33 m9n5-12\"><div class=\"x-text-content\"><div class=\"x-text-content-text\"><h2 class=\"x-text-content-text-primary\">Gouvernance et \u00e9thique<\/h2><\/div><\/div><\/div><div class=\"x-text x-content e12497-e34 m9n5-14 m9n5-15 m9n5-18\"><p>En savoir plus sur notre <b>conseil d'administration<\/b>, tr\u00e8s engag\u00e9 dans la supervision de notre strat\u00e9gie commerciale et de nos normes \u00e9thiques \u00e9lev\u00e9es, fond\u00e9es sur l'int\u00e9grit\u00e9 en tant que principe directeur de tous nos choix.<\/p><\/div><a class=\"x-anchor x-anchor-button e12497-e35 m9n5-1d es_button_hover\" tabindex=\"0\" href=\".\/governance-ethics\"><div class=\"x-anchor-content\"><div class=\"x-anchor-text\"><span class=\"x-anchor-text-primary\">En savoir plus<\/span><\/div><\/div><\/a><\/div><\/div><\/div><\/div><div class=\"x-col e12497-e36 m9n5-r m9n5-u m9n5-v m9n5-w m9n5-x m9n5-10\"><span class=\"x-image e12497-e37 m9n5-19 m9n5-1b\"><img decoding=\"async\" src=\"https:\/\/test.esolutions.free2move.com\/eu\/wp-content\/uploads\/2024\/03\/iStock-1010836150-1-1.jpg\" width=\"1398\" height=\"850\" alt=\"Image\" loading=\"lazy\"><\/span><\/div><\/div><\/div><\/div><div class=\"x-section e12497-e38 m9n5-1 m9n5-4 m9n5-5\"><div class=\"x-row x-container max width e12497-e39 m9n5-8 m9n5-9 m9n5-d m9n5-e m9n5-i m9n5-p row_reverse\"><div class=\"x-row-inner\"><div class=\"x-col e12497-e40 m9n5-r m9n5-t m9n5-u m9n5-x m9n5-y mobile-unset\"><div class=\"x-row e12497-e41 m9n5-8 m9n5-9 m9n5-a m9n5-d m9n5-f m9n5-i m9n5-q\"><div class=\"x-row-inner\"><div class=\"x-col e12497-e42 m9n5-u m9n5-v m9n5-w m9n5-z\"><div class=\"x-text x-text-headline e12497-e43 m9n5-12\"><div class=\"x-text-content\"><div class=\"x-text-content-text\"><h2 class=\"x-text-content-text-primary\">Projet DrossOne V2G<\/h2><\/div><\/div><\/div><div class=\"x-text x-content e12497-e44 m9n5-14 m9n5-15 m9n5-18\"><p>Le <b>projet de parking DrossOne V2G<\/b> est un syst\u00e8me de v\u00e9hicule \u00e0 r\u00e9seau (V2G) \u00e0 grande \u00e9chelle avec stockage d'\u00e9nergie int\u00e9gr\u00e9, d\u00e9velopp\u00e9 avec le soutien du Fonds pour l'innovation de la Commission europ\u00e9enne.<\/p><\/div><a class=\"x-anchor x-anchor-button e12497-e45 m9n5-1d es_button_hover\" tabindex=\"0\" href=\".\/drossone-v2g-project\"><div class=\"x-anchor-content\"><div class=\"x-anchor-text\"><span class=\"x-anchor-text-primary\">En savoir plus<\/span><\/div><\/div><\/a><\/div><\/div><\/div><\/div><div class=\"x-col e12497-e46 m9n5-r m9n5-u m9n5-v m9n5-w m9n5-x m9n5-10\"><span class=\"x-image e12497-e47 m9n5-19 m9n5-1b\"><img decoding=\"async\" src=\"https:\/\/test.esolutions.free2move.com\/eu\/wp-content\/uploads\/2024\/04\/DJI_0533-scaled.jpg\" width=\"2560\" height=\"1705\" alt=\"Image\" loading=\"lazy\"><\/span><\/div><\/div><\/div><\/div><\/div>\n","protected":false},"excerpt":{"rendered":"<p>HomeFree2move eSolutionsLibert\u00e9 de chargementNous nous consacrons \u00e0 la conception et \u00e0 la production de bornes de recharge intelligentes et de services num\u00e9riques pour simplifier la vie des conducteurs \u00e9lectriques. Nous soutenons la transition vers une mobilit\u00e9 \u00e9lectrique durable en proposant des solutions simples \u00e0 utiliser qui rendront ce changement intuitif et transparent.\u00c0 propos de nousGr\u00e2ce \u00e0 notre passion pour le &#8230; <\/p>\n<div><a href=\"https:\/\/test.esolutions.free2move.com\/eu\/fr_lu\/entreprise\/\" class=\"more-link\">Read More<\/a><\/div>\n","protected":false},"author":1,"featured_media":0,"parent":0,"menu_order":0,"comment_status":"closed","ping_status":"closed","template":"template-blank-4.php","meta":{"_acf_changed":false,"inline_featured_image":false,"footnotes":""},"class_list":["post-22886","page","type-page","status-publish","hentry","no-post-thumbnail"],"acf":[],"yoast_head":"<!-- This site is optimized with the Yoast SEO plugin v24.4 - https:\/\/yoast.com\/wordpress\/plugins\/seo\/ -->\n<title>Our Entreprise | Free2move eSolutions<\/title>\n<meta name=\"description\" content=\"Nous concevons des technologies innovantes pour mener la transition vers la mobilit\u00e9 \u00e9lectrique en proposant des solutions et services de recharge qui feront ce changement.\" \/>\n<meta name=\"robots\" content=\"index, follow, max-snippet:-1, max-image-preview:large, max-video-preview:-1\" \/>\n<link rel=\"canonical\" href=\"https:\/\/test.esolutions.free2move.com\/eu\/en_def\/company\/\" \/>\n<meta property=\"og:locale\" content=\"fr_FR\" \/>\n<meta property=\"og:type\" content=\"article\" \/>\n<meta property=\"og:title\" content=\"Our Entreprise | Free2move eSolutions\" \/>\n<meta property=\"og:description\" content=\"Nous concevons des technologies innovantes pour mener la transition vers la mobilit\u00e9 \u00e9lectrique en proposant des solutions et services de recharge qui feront ce changement.\" \/>\n<meta property=\"og:url\" content=\"https:\/\/test.esolutions.free2move.com\/eu\/en_def\/company\/\" \/>\n<meta property=\"og:site_name\" content=\"eSolution europe\" \/>\n<meta name=\"twitter:card\" content=\"summary_large_image\" \/>\n<meta name=\"twitter:label1\" content=\"Est. reading time\" \/>\n\t<meta name=\"twitter:data1\" content=\"3 minutes\" \/>\n<script type=\"application\/ld+json\" class=\"yoast-schema-graph\">{\"@context\":\"https:\/\/schema.org\",\"@graph\":[{\"@type\":\"WebPage\",\"@id\":\"https:\/\/test.esolutions.free2move.com\/eu\/en_def\/company\/\",\"url\":\"https:\/\/test.esolutions.free2move.com\/eu\/en_def\/company\/\",\"name\":\"Our Entreprise | Free2move eSolutions\",\"isPartOf\":{\"@id\":\"https:\/\/test.esolutions.free2move.com\/eu\/en_it\/#website\"},\"datePublished\":\"2024-03-18T11:34:21+00:00\",\"description\":\"Nous concevons des technologies innovantes pour mener la transition vers la mobilit\u00e9 \u00e9lectrique en proposant des solutions et services de recharge qui feront ce changement.\",\"breadcrumb\":{\"@id\":\"https:\/\/test.esolutions.free2move.com\/eu\/en_def\/company\/#breadcrumb\"},\"inLanguage\":\"fr-lu\",\"potentialAction\":[{\"@type\":\"ReadAction\",\"target\":[\"https:\/\/test.esolutions.free2move.com\/eu\/en_def\/company\/\"]}]},{\"@type\":\"BreadcrumbList\",\"@id\":\"https:\/\/test.esolutions.free2move.com\/eu\/en_def\/company\/#breadcrumb\",\"itemListElement\":[{\"@type\":\"ListItem\",\"position\":1,\"name\":\"Home\",\"item\":\"https:\/\/test.esolutions.free2move.com\/eu\/fr_lu\/\"},{\"@type\":\"ListItem\",\"position\":2,\"name\":\"Entreprise\"}]},{\"@type\":\"WebSite\",\"@id\":\"https:\/\/test.esolutions.free2move.com\/eu\/en_it\/#website\",\"url\":\"https:\/\/test.esolutions.free2move.com\/eu\/en_it\/\",\"name\":\"eSolutions europe\",\"description\":\"\",\"publisher\":{\"@id\":\"https:\/\/test.esolutions.free2move.com\/eu\/en_it\/#organization\"},\"potentialAction\":[{\"@type\":\"SearchAction\",\"target\":{\"@type\":\"EntryPoint\",\"urlTemplate\":\"https:\/\/test.esolutions.free2move.com\/eu\/en_it\/?s={search_term_string}\"},\"query-input\":{\"@type\":\"PropertyValueSpecification\",\"valueRequired\":true,\"valueName\":\"search_term_string\"}}],\"inLanguage\":\"fr-lu\"},{\"@type\":\"Organization\",\"@id\":\"https:\/\/test.esolutions.free2move.com\/eu\/en_it\/#organization\",\"name\":\"eSolutions europe\",\"url\":\"https:\/\/test.esolutions.free2move.com\/eu\/en_it\/\",\"logo\":{\"@type\":\"ImageObject\",\"inLanguage\":\"fr-lu\",\"@id\":\"https:\/\/test.esolutions.free2move.com\/eu\/en_it\/#\/schema\/logo\/image\/\",\"url\":\"https:\/\/www.esolutions.free2move.com\/eu\/wp-content\/uploads\/2024\/03\/logo-f2m-horizontal-1-1-1.png\",\"contentUrl\":\"https:\/\/www.esolutions.free2move.com\/eu\/wp-content\/uploads\/2024\/03\/logo-f2m-horizontal-1-1-1.png\",\"width\":865,\"height\":218,\"caption\":\"eSolutions europe\"},\"image\":{\"@id\":\"https:\/\/test.esolutions.free2move.com\/eu\/en_it\/#\/schema\/logo\/image\/\"}}]}<\/script>\n<!-- \/ Yoast SEO plugin. -->","yoast_head_json":{"title":"Our Entreprise | Free2move eSolutions","description":"Nous concevons des technologies innovantes pour mener la transition vers la mobilit\u00e9 \u00e9lectrique en proposant des solutions et services de recharge qui feront ce changement.","robots":{"index":"index","follow":"follow","max-snippet":"max-snippet:-1","max-image-preview":"max-image-preview:large","max-video-preview":"max-video-preview:-1"},"canonical":"https:\/\/test.esolutions.free2move.com\/eu\/en_def\/company\/","og_locale":"fr_FR","og_type":"article","og_title":"Our Entreprise | Free2move eSolutions","og_description":"Nous concevons des technologies innovantes pour mener la transition vers la mobilit\u00e9 \u00e9lectrique en proposant des solutions et services de recharge qui feront ce changement.","og_url":"https:\/\/test.esolutions.free2move.com\/eu\/en_def\/company\/","og_site_name":"eSolution europe","twitter_card":"summary_large_image","twitter_misc":{"Est. reading time":"3 minutes"},"schema":{"@context":"https:\/\/schema.org","@graph":[{"@type":"WebPage","@id":"https:\/\/test.esolutions.free2move.com\/eu\/en_def\/company\/","url":"https:\/\/test.esolutions.free2move.com\/eu\/en_def\/company\/","name":"Our Entreprise | Free2move eSolutions","isPartOf":{"@id":"https:\/\/test.esolutions.free2move.com\/eu\/en_it\/#website"},"datePublished":"2024-03-18T11:34:21+00:00","description":"Nous concevons des technologies innovantes pour mener la transition vers la mobilit\u00e9 \u00e9lectrique en proposant des solutions et services de recharge qui feront ce changement.","breadcrumb":{"@id":"https:\/\/test.esolutions.free2move.com\/eu\/en_def\/company\/#breadcrumb"},"inLanguage":"fr-lu","potentialAction":[{"@type":"ReadAction","target":["https:\/\/test.esolutions.free2move.com\/eu\/en_def\/company\/"]}]},{"@type":"BreadcrumbList","@id":"https:\/\/test.esolutions.free2move.com\/eu\/en_def\/company\/#breadcrumb","itemListElement":[{"@type":"ListItem","position":1,"name":"Home","item":"https:\/\/test.esolutions.free2move.com\/eu\/fr_lu\/"},{"@type":"ListItem","position":2,"name":"Entreprise"}]},{"@type":"WebSite","@id":"https:\/\/test.esolutions.free2move.com\/eu\/en_it\/#website","url":"https:\/\/test.esolutions.free2move.com\/eu\/en_it\/","name":"eSolutions europe","description":"","publisher":{"@id":"https:\/\/test.esolutions.free2move.com\/eu\/en_it\/#organization"},"potentialAction":[{"@type":"SearchAction","target":{"@type":"EntryPoint","urlTemplate":"https:\/\/test.esolutions.free2move.com\/eu\/en_it\/?s={search_term_string}"},"query-input":{"@type":"PropertyValueSpecification","valueRequired":true,"valueName":"search_term_string"}}],"inLanguage":"fr-lu"},{"@type":"Organization","@id":"https:\/\/test.esolutions.free2move.com\/eu\/en_it\/#organization","name":"eSolutions europe","url":"https:\/\/test.esolutions.free2move.com\/eu\/en_it\/","logo":{"@type":"ImageObject","inLanguage":"fr-lu","@id":"https:\/\/test.esolutions.free2move.com\/eu\/en_it\/#\/schema\/logo\/image\/","url":"https:\/\/www.esolutions.free2move.com\/eu\/wp-content\/uploads\/2024\/03\/logo-f2m-horizontal-1-1-1.png","contentUrl":"https:\/\/www.esolutions.free2move.com\/eu\/wp-content\/uploads\/2024\/03\/logo-f2m-horizontal-1-1-1.png","width":865,"height":218,"caption":"eSolutions europe"},"image":{"@id":"https:\/\/test.esolutions.free2move.com\/eu\/en_it\/#\/schema\/logo\/image\/"}}]}},"_links":{"self":[{"href":"https:\/\/test.esolutions.free2move.com\/eu\/fr_lu\/wp-json\/wp\/v2\/pages\/22886","targetHints":{"allow":["GET"]}}],"collection":[{"href":"https:\/\/test.esolutions.free2move.com\/eu\/fr_lu\/wp-json\/wp\/v2\/pages"}],"about":[{"href":"https:\/\/test.esolutions.free2move.com\/eu\/fr_lu\/wp-json\/wp\/v2\/types\/page"}],"author":[{"embeddable":true,"href":"https:\/\/test.esolutions.free2move.com\/eu\/fr_lu\/wp-json\/wp\/v2\/users\/1"}],"replies":[{"embeddable":true,"href":"https:\/\/test.esolutions.free2move.com\/eu\/fr_lu\/wp-json\/wp\/v2\/comments?post=22886"}],"version-history":[{"count":0,"href":"https:\/\/test.esolutions.free2move.com\/eu\/fr_lu\/wp-json\/wp\/v2\/pages\/22886\/revisions"}],"wp:attachment":[{"href":"https:\/\/test.esolutions.free2move.com\/eu\/fr_lu\/wp-json\/wp\/v2\/media?parent=22886"}],"curies":[{"name":"wp","href":"https:\/\/api.w.org\/{rel}","templated":true}]}}