{"id":23111,"date":"2024-03-19T11:42:13","date_gmt":"2024-03-19T11:42:13","guid":{"rendered":"https:\/\/test.esolutions.free2move.com\/eu\/avviso-legale\/"},"modified":"2024-03-19T11:42:13","modified_gmt":"2024-03-19T11:42:13","slug":"avviso-legale","status":"publish","type":"page","link":"https:\/\/test.esolutions.free2move.com\/eu\/it_ch\/avviso-legale\/","title":{"rendered":"Avviso legale"},"content":{"rendered":"<div id=\"cs-content\" class=\"cs-content\"><nav class=\"x-crumbs e12858-e1 m9x6-0\" role=\"navigation\"><ol class=\"x-crumbs-list\" itemscope=\"\" itemtype=\"http:\/\/schema.org\/BreadcrumbList\" aria-label=\"Breadcrumb Navigation\"><li class=\"x-crumbs-list-item\" itemprop=\"itemListElement\" itemscope itemtype=\"http:\/\/schema.org\/ListItem\"><a class=\"x-crumbs-current x-crumbs-link\" itemtype=\"http:\/\/schema.org\/Thing\" itemprop=\"item\" href=\"https:\/\/test.esolutions.free2move.com\/eu\/it_ch\/\" title=\"You Are Here\"><span itemprop=\"name\">Home<\/span><\/a><meta itemprop=\"position\" content=\"1\"><\/li><\/ol><\/nav><div class=\"x-section e12858-e2 m9x6-1\"><div class=\"x-row x-container max width e12858-e3 m9x6-2 m9x6-3 m9x6-5 m9x6-6\"><div class=\"x-row-inner\"><div class=\"x-col e12858-e4 m9x6-8 m9x6-9 es_gap\"><div class=\"x-row e12858-e5 m9x6-3 m9x6-4 m9x6-5 m9x6-7\"><div class=\"x-row-inner\"><div class=\"x-col e12858-e6 m9x6-8 m9x6-a es_gap\"><div class=\"x-text x-text-headline e12858-e7 m9x6-b\"><div class=\"x-text-content\"><div class=\"x-text-content-text\"><h2 class=\"x-text-content-text-primary\">Avviso legale<\/h2><\/div><\/div><\/div><div class=\"x-text x-content e12858-e8 m9x6-c\"><p>Benvenuti nel sito web&nbsp;<a href=\"https:\/\/esolutions.free2move.com\/\">\n  <strong>https:\/\/esolutions.free2move.com<\/strong>\n<\/a>&nbsp;(di seguito il \"<strong>Sito<\/strong>\"). Ai sensi di legge, vi invitiamo a leggere le presenti condizioni di utilizzo (di seguito le \"&nbsp;<strong>Condizioni<\/strong>\"), nonch\u00e9 qualsiasi condizione specifica che appaia sulle pagine del Sito e che disciplini l'utilizzo del Sito da parte dell'utente.&nbsp;<strong>Le presenti Condizioni si riferiscono ai diritti e alle responsabilit\u00e0 legali dell'utente applicabili quando naviga sul Sito.<\/strong><\/p>\n<p>Prima di utilizzare questo sito web, leggere le nostre politiche: l'Informativa sulla privacy spiega come trattiamo i dati personali e l'Informativa sui cookie spiega come utilizziamo i cookie. L'utilizzo di questo sito web implica l'accettazione di queste politiche.<\/p>\n<p>Il Sito \u00e8 messo a disposizione dell'utente a titolo gratuito (escluse le spese di connessione al Sito) per uso personale, a condizione che vengano rispettate le seguenti Condizioni.<\/p>\n<p>Accedendo o utilizzando il Sito, l'utente dichiara di aver letto, compreso e accettato di essere vincolato dalle presenti Condizioni, nonch\u00e9 di rispettare tutte le leggi e i regolamenti applicabili. Se non si accettano le presenti Condizioni, si prega di non utilizzare il Sito.<\/p>\n<p>L'utente accetta di accedere alle informazioni del Sito solo per uso personale e non commerciale.<\/p>\n<p>\u00c8 possibile utilizzare il Sito solo per uno scopo legittimo; non \u00e8 autorizzato alcun uso o deviazione, in particolare per scopi contrari all'ordine pubblico e al buon costume.<\/p>\n<p>Free2move eSolutions S.p.A. (\"eSolutions\" o la \"Societ\u00e0\") si riserva il diritto, a sua esclusiva discrezione, di modificare o aggiornare le presenti Condizioni nonch\u00e9 qualsiasi elemento del Sito in qualsiasi momento senza la necessit\u00e0 di informare preventivamente gli utenti. Vi invitiamo pertanto a consultarli con grande regolarit\u00e0.<\/p>\n<p>Il Sito \u00e8 pubblicato da Free2move eSolutions S.p.A., con un Capitale Sociale di 32.755.531 euro e REA MI-2605587, la cui sede legale si trova in Piazzale Lodi, 3 - 20137 Milano, Italia (indirizzo e-mail: f2m-esolutions@legalmail.it ).<\/p>\n<p>Il direttore della pubblicazione del Sito \u00e8 il sig. Roberto Di Stefano.<\/p>\n<p>&nbsp;<\/p>\n<p><strong>Limitazione di responsabilit\u00e0 ed esclusione di garanzia<\/strong><\/p>\n<p>In qualit\u00e0 di utente del Sito, l'utente riconosce di possedere le competenze e i mezzi necessari per accedervi e utilizzarlo.<\/p>\n<p>eSolutions si impegna a garantire che le informazioni visualizzate sul Sito siano accurate e aggiornate, riservandosi il diritto di modificarne il contenuto in qualsiasi momento e senza preavviso. Tuttavia, non possono garantire che tali informazioni siano complete o che non vengano modificate da terzi (hacking, virus). eSolutions e i suoi collaboratori declinano inoltre qualsiasi responsabilit\u00e0 (diretta o indiretta) in caso di ritardo, errore o omissione in relazione al contenuto, alle informazioni e alle dichiarazioni contenute nelle pagine del Sito e al loro utilizzo, nonch\u00e9 in caso di interruzione o indisponibilit\u00e0 del servizio e\/o del Sito.<\/p>\n<p>L'utente riconosce di essere stato informato che il Sito \u00e8 accessibile 24 ore su 24, 7 giorni su 7, salvo casi di forza maggiore, difficolt\u00e0 informatiche, difficolt\u00e0 legate alla struttura delle reti di telecomunicazione o altre difficolt\u00e0 tecniche. Per motivi di manutenzione, eSolutions pu\u00f2 interrompere il Sito in qualsiasi momento. eSolutions non \u00e8 responsabile di ritardi, difficolt\u00e0 di utilizzo o incompatibilit\u00e0 tra il Sito e i file, il browser o qualsiasi altro programma di accesso al Sito.<\/p>\n<p>eSolutions non si assume alcuna responsabilit\u00e0 di qualsiasi tipo in relazione all'accesso degli utenti al Sito o al loro utilizzo dei contenuti del Sito. Di conseguenza eSolutions e i suoi funzionari, direttori, dipendenti o agenti escludono ogni responsabilit\u00e0 per qualsiasi importo o tipo di perdita o danno che possa derivare all'utente o a terzi (inclusi, senza limitazioni, perdite o danni diretti, indiretti, punitivi o consequenziali, o perdite di reddito, profitti, avviamento, dati, contratti, uso di denaro, o perdite o danni derivanti da o connessi in qualsiasi modo all'interruzione dell'attivit\u00e0, e sia in torto (inclusi, senza limitazioni, negligenza, contratto o altro) in relazione al Sito in qualsiasi modo o in relazione all'uso, all'impossibilit\u00e0 di usare o ai risultati dell'uso del Sito, di qualsiasi sito web collegato al Sito o del materiale presente su tali siti web, compresi, a titolo esemplificativo ma non esaustivo, perdite o danni dovuti a virus che possono infettare le apparecchiature informatiche, il software, i dati o altre propriet\u00e0 dell'utente a causa dell'accesso, dell'uso o della navigazione del Sito o del download di qualsiasi materiale dal Sito o da qualsiasi sito web collegato al Sito.<\/p>\n<p>eSolutions si impegna a garantire al meglio l'accuratezza e l'aggiornamento delle informazioni pubblicate sul Sito, il cui contenuto si riserva il diritto di correggere in qualsiasi momento e senza preavviso. Tuttavia, eSolutions e i suoi collaboratori non forniscono alcuna garanzia n\u00e9 si assumono alcuna responsabilit\u00e0, in nessun caso, circa l'adeguatezza, la sequenza, l'accuratezza, l'assenza di errori, la veridicit\u00e0, la novit\u00e0, il carattere leale e commerciale, la qualit\u00e0, il merito e la disponibilit\u00e0 delle informazioni contenute nel Sito. Ogni utente di Internet si assume pienamente i rischi legati al credito che concede a queste informazioni. Si possono riscontrare informazioni errate o omissioni dovute in particolare a errori tipografici o di impaginazione. Se riscontrate degli errori, siete invitati a segnalarceli in modo da poter apportare le opportune correzioni.<\/p>\n<p>Gli elementi del Sito sono forniti \"cos\u00ec come sono\" senza alcuna garanzia di alcun tipo, implicita o esplicita.<\/p>\n<p>Qualsiasi informazione datata pubblicata sul Sito si applica solo alla data specificata.<\/p>\n<p>Si ricorda inoltre che la segretezza della corrispondenza non \u00e8 garantita in rete e che spetta a ciascun utente di Internet adottare tutte le misure opportune al fine di proteggere i propri dati e\/o software dalla contaminazione di eventuali virus circolanti in rete.<\/p>\n<p>&nbsp;<\/p>\n<p><strong>Propriet\u00e0 intellettuale<\/strong><\/p>\n<p>Tutti i contenuti del Sito - compresi i marchi citati o visualizzati sul Sito, i disegni e i brevetti relativi ai prodotti presenti sul Sito - sono soggetti al diritto d'autore e alle altre normative applicabili in materia di tutela della propriet\u00e0 intellettuale e industriale di eSolutions o di terzi titolari di diritti, video, suoni, know-how, animazioni, database e, pi\u00f9 in generale, tutte le informazioni e i contenuti che compaiono sul Sito sono di propriet\u00e0 di eSolutions o sono soggetti a un diritto di utilizzo o sfruttamento e non possono pertanto essere riprodotti, modificati o utilizzati, in tutto o in parte, senza il previo consenso scritto di eSolutions o dei titolari dei diritti.<\/p>\n<p>Le presenti Condizioni non concedono all'utente alcuna licenza o diritto di utilizzare tutto o parte del Sito. Qualsiasi rappresentazione, modifica, riproduzione, travisamento, totale o parziale, di tutto o parte del Sito o del suo contenuto, con qualsiasi procedimento e su qualsiasi supporto, pu\u00f2 costituire una violazione punibile civilmente o penalmente.<\/p>\n<p>Nel caso in cui l'utente desideri utilizzare uno o pi\u00f9 contenuti del Sito (testi, immagini, ecc.), dovr\u00e0 ottenere l'espressa autorizzazione scritta di eSolutions, scrivendo al seguente indirizzo:&nbsp;<a href=\"mailto:communication-esolutions@f2m-esolutions.com\"><u>communication-esolutions@f2m-esolutions.com<\/u> &nbsp;<\/a>.<\/p>\n<p>&nbsp;<\/p>\n<p><strong>Propriet\u00e0 intellettuale di terzi<\/strong><\/p>\n<p>Questo Sito \u00e8 gestito da eSolutions. eSolutions rispetta i diritti di propriet\u00e0 intellettuale di terzi. Alcuni materiali del Sito possono essere pubblicati e resi disponibili sul Sito da terzi senza l'autorizzazione di eSolutions. La politica di eSolutions non consente la permanenza sul Sito di materiali che violano i diritti di terzi e gli account degli utenti che violano tali diritti saranno cancellati una volta che la violazione sar\u00e0 portata all'attenzione di eSolutions.<\/p>\n<p>Se un utente ritiene che uno dei materiali presenti sul Sito violi i suoi diritti, deve inviare una nota a eSolutions contenente le seguenti informazioni:<\/p>\n<p>i. l'identificazione del diritto violato o, in caso di violazioni multiple, un elenco di tutte le violazioni individuate;<\/p>\n<p>ii. l'identificazione del materiale contenuto nel Sito che viola il\/i diritto\/i di cui sopra e di cui chiede la rimozione o la disabilitazione, accompagnata da informazioni che consentano a eSolutions di identificare l'oggetto della\/e violazione\/i;<\/p>\n<p>iii. dati necessari per contattare il titolare del\/i diritto\/i violato\/i, compresi indirizzo, numero di telefono e, se disponibile, e-mail;<\/p>\n<p>iv. una dichiarazione che attesti che l'uso del materiale in questione non \u00e8 stato autorizzato dal titolare del\/i diritto\/i, dai suoi agenti o dai suoi legali rappresentanti<\/p>\n<p>v. una dichiarazione che attesti l'esattezza delle informazioni fornite a Free2move eSolutions e che, nella consapevolezza di incorrere in sanzioni penali in caso di dichiarazioni false, sia in possesso dell'autorizzazione ad agire per conto del titolare del diritto o dei diritti violati<\/p>\n<p>vi. una firma, reale o elettronica, della persona autorizzata ad agire per conto del titolare del\/i diritto\/i violato\/i.<\/p>\n<p>La suddetta nota dovr\u00e0 essere inviata a mezzo raccomandata al seguente indirizzo:&nbsp;<a href=\"mailto:f2m-esolutions@legalmail.it\">\n  <u>f2m-esolutions@legalmail.it<\/u>\n<\/a><\/p>\n<p>&nbsp;<\/p>\n<p><a name=\"_heading=h.gjdgxs\"><\/a><strong>Materiale e comportamento dei visitatori<\/strong><\/p>\n<p>Ad eccezione delle informazioni di identificazione personale, che sono coperte dalla Politica sulla privacy di eSolutions, qualsiasi materiale trasmesso o pubblicato sul Sito sar\u00e0 considerato non riservato e non di propriet\u00e0. eSolutions non avr\u00e0 alcun obbligo in merito a tale materiale. eSolutions e i suoi incaricati saranno liberi di copiare, divulgare, distribuire, incorporare e utilizzare in altro modo tale materiale e i dati, le immagini, i suoni, i testi e altri elementi in esso contenuti per qualsiasi scopo.<\/p>\n<p>All'utente \u00e8 vietato pubblicare o trasmettere al o dal Sito qualsiasi materiale:<\/p>\n<p>(a) che siano minacciosi, diffamatori, osceni, indecenti, sediziosi, offensivi, pornografici, abusivi, suscettibili di incitare all'odio razziale, discriminatori, minacciosi, scandalosi, infiammatori, blasfemi, che violino la fiducia, la privacy o che possano arrecare fastidio o disagio; oppure<\/p>\n<p>(b) per i quali non avete ottenuto tutte le licenze e\/o le approvazioni necessarie; oppure<\/p>\n<p>(c) che costituisce o incoraggia una condotta che sarebbe considerata un reato penale, che darebbe luogo a responsabilit\u00e0 civile o che sarebbe altrimenti contraria alla legge o violerebbe i diritti di terzi, in qualsiasi paese del mondo; oppure<\/p>\n<p>(d) che sia tecnicamente dannoso (inclusi, a titolo esemplificativo, virus informatici, bombe logiche, cavalli di Troia, worm, componenti dannosi, dati corrotti o altri software dannosi o dati nocivi).<\/p>\n<p>L'utente non pu\u00f2 fare un uso improprio del Sito (incluso, a titolo esemplificativo, l'hacking).<\/p>\n<p>eSolutions collaborer\u00e0 pienamente con le autorit\u00e0 preposte all'applicazione della legge o con i tribunali che richiedano o ordinino a eSolutions di rivelare l'identit\u00e0 o di localizzare chiunque pubblichi materiale in violazione del presente codice.<\/p>\n<p>&nbsp;<\/p>\n<p><strong>Prodotti e servizi<\/strong><\/p>\n<p>Le informazioni e le immagini - compresi i colori dei prodotti - relative alle dotazioni, all'aspetto esteriore, alle prestazioni, alle dimensioni e ai pesi, ai prezzi, ai costi di gestione, ecc. relative ai prodotti\/servizi presenti sul Sito sono soggette a continui aggiornamenti e possono descrivere accessori e dotazioni opzionali che non fanno parte della dotazione standard. Questi dati devono quindi essere considerati solo approssimativi e soggetti a errori e imprecisioni.<\/p>\n<p>eSolutions pu\u00f2 in qualsiasi momento, a sua esclusiva discrezione, apportare modifiche strutturali o formali ai prodotti\/servizi descritti sul Sito, o al colore, alle caratteristiche o alla dotazione standard.<\/p>\n<p>Le informazioni relative ai prodotti\/servizi elencati sul Sito non sono vincolanti in quanto hanno un mero scopo informativo.<\/p>\n<p>&nbsp;<\/p>\n<p><strong>Collegamenti ipertestuali<\/strong><\/p>\n<p>I collegamenti ipertestuali creati verso altre applicazioni o siti web non possono impegnare la responsabilit\u00e0 di eSolutions, in particolare per quanto riguarda il contenuto di tali siti e applicazioni.<\/p>\n<p>eSolutions non \u00e8 responsabile dei collegamenti ipertestuali che conducono al Sito.<\/p>\n<p>&nbsp;<\/p>\n<p><strong>Legge applicabile e giurisdizione competente<\/strong><\/p>\n<p>Il mancato esercizio da parte di eSolutions o dell'utente (di seguito \"le Parti\") di un diritto o di un'azione legale ai sensi delle presenti Condizioni non pu\u00f2 essere considerato come una rinuncia a tale diritto o a tale azione.<\/p>\n<p>Fatti salvi eventuali altri diritti di cui gli utenti beneficiano in virt\u00f9 di altre leggi nazionali o internazionali, il Sito \u00e8 disciplinato dalla legge italiana. Le presenti Condizioni saranno regolate dalla legge italiana e interpretate in conformit\u00e0 alla legge italiana. In caso di controversia, le Parti devono trovare una soluzione amichevole prima di qualsiasi rinvio. In assenza di una soluzione amichevole, i tribunali competenti a conoscere della controversia saranno i tribunali italiani materialmente e territorialmente competenti.<\/p>\n<p>Se, per qualsiasi motivo, un tribunale competente ritiene che una disposizione delle presenti Condizioni sia invalida, l'invalidit\u00e0 di tale disposizione non pregiudicher\u00e0 in alcun modo la validit\u00e0 del resto delle Condizioni, che rimarranno in vigore.<\/p><\/div><\/div><\/div><\/div><\/div><\/div><\/div><\/div><\/div>\n","protected":false},"excerpt":{"rendered":"<p>HomeAvviso legaleBenvenuti nel sito web&nbsp; https:\/\/esolutions.free2move.com &nbsp;(di seguito il &#8220;Sito&#8221;). Ai sensi di legge, vi invitiamo a leggere le presenti condizioni di utilizzo (di seguito le &#8221;&nbsp;Condizioni&#8221;), nonch\u00e9 qualsiasi condizione specifica che appaia sulle pagine del Sito e che disciplini l&#8217;utilizzo del Sito da parte dell&#8217;utente.&nbsp;Le presenti Condizioni si riferiscono ai diritti e alle responsabilit\u00e0 legali dell&#8217;utente applicabili quando naviga &#8230; <\/p>\n<div><a href=\"https:\/\/test.esolutions.free2move.com\/eu\/it_ch\/avviso-legale\/\" class=\"more-link\">Read More<\/a><\/div>\n","protected":false},"author":1,"featured_media":0,"parent":0,"menu_order":0,"comment_status":"closed","ping_status":"closed","template":"template-blank-4.php","meta":{"_acf_changed":false,"inline_featured_image":false,"footnotes":""},"class_list":["post-23111","page","type-page","status-publish","hentry","no-post-thumbnail"],"acf":[],"yoast_head":"<!-- This site is optimized with the Yoast SEO plugin v24.4 - https:\/\/yoast.com\/wordpress\/plugins\/seo\/ -->\n<title>Avviso legale - eSolution europe<\/title>\n<meta name=\"robots\" content=\"index, follow, max-snippet:-1, max-image-preview:large, max-video-preview:-1\" \/>\n<link rel=\"canonical\" href=\"https:\/\/test.esolutions.free2move.com\/eu\/en_def\/legal-notice\/\" \/>\n<meta property=\"og:locale\" content=\"it_IT\" \/>\n<meta property=\"og:type\" content=\"article\" \/>\n<meta property=\"og:title\" content=\"Avviso legale - eSolution europe\" \/>\n<meta property=\"og:description\" content=\"HomeAvviso legaleBenvenuti nel sito web&nbsp; https:\/\/esolutions.free2move.com &nbsp;(di seguito il &quot;Sito&quot;). Ai sensi di legge, vi invitiamo a leggere le presenti condizioni di utilizzo (di seguito le &quot;&nbsp;Condizioni&quot;), nonch\u00e9 qualsiasi condizione specifica che appaia sulle pagine del Sito e che disciplini l&#039;utilizzo del Sito da parte dell&#039;utente.&nbsp;Le presenti Condizioni si riferiscono ai diritti e alle responsabilit\u00e0 legali dell&#039;utente applicabili quando naviga ... Read More\" \/>\n<meta property=\"og:url\" content=\"https:\/\/test.esolutions.free2move.com\/eu\/en_def\/legal-notice\/\" \/>\n<meta property=\"og:site_name\" content=\"eSolution europe\" \/>\n<meta name=\"twitter:card\" content=\"summary_large_image\" \/>\n<meta name=\"twitter:label1\" content=\"Est. reading time\" \/>\n\t<meta name=\"twitter:data1\" content=\"10 minutes\" \/>\n<script type=\"application\/ld+json\" class=\"yoast-schema-graph\">{\"@context\":\"https:\/\/schema.org\",\"@graph\":[{\"@type\":\"WebPage\",\"@id\":\"https:\/\/test.esolutions.free2move.com\/eu\/en_def\/legal-notice\/\",\"url\":\"https:\/\/test.esolutions.free2move.com\/eu\/en_def\/legal-notice\/\",\"name\":\"Avviso legale - eSolution europe\",\"isPartOf\":{\"@id\":\"https:\/\/test.esolutions.free2move.com\/eu\/en_it\/#website\"},\"datePublished\":\"2024-03-19T11:42:13+00:00\",\"breadcrumb\":{\"@id\":\"https:\/\/test.esolutions.free2move.com\/eu\/en_def\/legal-notice\/#breadcrumb\"},\"inLanguage\":\"it-ch\",\"potentialAction\":[{\"@type\":\"ReadAction\",\"target\":[\"https:\/\/test.esolutions.free2move.com\/eu\/en_def\/legal-notice\/\"]}]},{\"@type\":\"BreadcrumbList\",\"@id\":\"https:\/\/test.esolutions.free2move.com\/eu\/en_def\/legal-notice\/#breadcrumb\",\"itemListElement\":[{\"@type\":\"ListItem\",\"position\":1,\"name\":\"Home\",\"item\":\"https:\/\/test.esolutions.free2move.com\/eu\/it_ch\/\"},{\"@type\":\"ListItem\",\"position\":2,\"name\":\"Avviso legale\"}]},{\"@type\":\"WebSite\",\"@id\":\"https:\/\/test.esolutions.free2move.com\/eu\/en_it\/#website\",\"url\":\"https:\/\/test.esolutions.free2move.com\/eu\/en_it\/\",\"name\":\"eSolutions europe\",\"description\":\"\",\"publisher\":{\"@id\":\"https:\/\/test.esolutions.free2move.com\/eu\/en_it\/#organization\"},\"potentialAction\":[{\"@type\":\"SearchAction\",\"target\":{\"@type\":\"EntryPoint\",\"urlTemplate\":\"https:\/\/test.esolutions.free2move.com\/eu\/en_it\/?s={search_term_string}\"},\"query-input\":{\"@type\":\"PropertyValueSpecification\",\"valueRequired\":true,\"valueName\":\"search_term_string\"}}],\"inLanguage\":\"it-ch\"},{\"@type\":\"Organization\",\"@id\":\"https:\/\/test.esolutions.free2move.com\/eu\/en_it\/#organization\",\"name\":\"eSolutions europe\",\"url\":\"https:\/\/test.esolutions.free2move.com\/eu\/en_it\/\",\"logo\":{\"@type\":\"ImageObject\",\"inLanguage\":\"it-ch\",\"@id\":\"https:\/\/test.esolutions.free2move.com\/eu\/en_it\/#\/schema\/logo\/image\/\",\"url\":\"https:\/\/www.esolutions.free2move.com\/eu\/wp-content\/uploads\/2024\/03\/logo-f2m-horizontal-1-1-1.png\",\"contentUrl\":\"https:\/\/www.esolutions.free2move.com\/eu\/wp-content\/uploads\/2024\/03\/logo-f2m-horizontal-1-1-1.png\",\"width\":865,\"height\":218,\"caption\":\"eSolutions europe\"},\"image\":{\"@id\":\"https:\/\/test.esolutions.free2move.com\/eu\/en_it\/#\/schema\/logo\/image\/\"}}]}<\/script>\n<!-- \/ Yoast SEO plugin. -->","yoast_head_json":{"title":"Avviso legale - eSolution europe","robots":{"index":"index","follow":"follow","max-snippet":"max-snippet:-1","max-image-preview":"max-image-preview:large","max-video-preview":"max-video-preview:-1"},"canonical":"https:\/\/test.esolutions.free2move.com\/eu\/en_def\/legal-notice\/","og_locale":"it_IT","og_type":"article","og_title":"Avviso legale - eSolution europe","og_description":"HomeAvviso legaleBenvenuti nel sito web&nbsp; https:\/\/esolutions.free2move.com &nbsp;(di seguito il \"Sito\"). Ai sensi di legge, vi invitiamo a leggere le presenti condizioni di utilizzo (di seguito le \"&nbsp;Condizioni\"), nonch\u00e9 qualsiasi condizione specifica che appaia sulle pagine del Sito e che disciplini l'utilizzo del Sito da parte dell'utente.&nbsp;Le presenti Condizioni si riferiscono ai diritti e alle responsabilit\u00e0 legali dell'utente applicabili quando naviga ... Read More","og_url":"https:\/\/test.esolutions.free2move.com\/eu\/en_def\/legal-notice\/","og_site_name":"eSolution europe","twitter_card":"summary_large_image","twitter_misc":{"Est. reading time":"10 minutes"},"schema":{"@context":"https:\/\/schema.org","@graph":[{"@type":"WebPage","@id":"https:\/\/test.esolutions.free2move.com\/eu\/en_def\/legal-notice\/","url":"https:\/\/test.esolutions.free2move.com\/eu\/en_def\/legal-notice\/","name":"Avviso legale - eSolution europe","isPartOf":{"@id":"https:\/\/test.esolutions.free2move.com\/eu\/en_it\/#website"},"datePublished":"2024-03-19T11:42:13+00:00","breadcrumb":{"@id":"https:\/\/test.esolutions.free2move.com\/eu\/en_def\/legal-notice\/#breadcrumb"},"inLanguage":"it-ch","potentialAction":[{"@type":"ReadAction","target":["https:\/\/test.esolutions.free2move.com\/eu\/en_def\/legal-notice\/"]}]},{"@type":"BreadcrumbList","@id":"https:\/\/test.esolutions.free2move.com\/eu\/en_def\/legal-notice\/#breadcrumb","itemListElement":[{"@type":"ListItem","position":1,"name":"Home","item":"https:\/\/test.esolutions.free2move.com\/eu\/it_ch\/"},{"@type":"ListItem","position":2,"name":"Avviso legale"}]},{"@type":"WebSite","@id":"https:\/\/test.esolutions.free2move.com\/eu\/en_it\/#website","url":"https:\/\/test.esolutions.free2move.com\/eu\/en_it\/","name":"eSolutions europe","description":"","publisher":{"@id":"https:\/\/test.esolutions.free2move.com\/eu\/en_it\/#organization"},"potentialAction":[{"@type":"SearchAction","target":{"@type":"EntryPoint","urlTemplate":"https:\/\/test.esolutions.free2move.com\/eu\/en_it\/?s={search_term_string}"},"query-input":{"@type":"PropertyValueSpecification","valueRequired":true,"valueName":"search_term_string"}}],"inLanguage":"it-ch"},{"@type":"Organization","@id":"https:\/\/test.esolutions.free2move.com\/eu\/en_it\/#organization","name":"eSolutions europe","url":"https:\/\/test.esolutions.free2move.com\/eu\/en_it\/","logo":{"@type":"ImageObject","inLanguage":"it-ch","@id":"https:\/\/test.esolutions.free2move.com\/eu\/en_it\/#\/schema\/logo\/image\/","url":"https:\/\/www.esolutions.free2move.com\/eu\/wp-content\/uploads\/2024\/03\/logo-f2m-horizontal-1-1-1.png","contentUrl":"https:\/\/www.esolutions.free2move.com\/eu\/wp-content\/uploads\/2024\/03\/logo-f2m-horizontal-1-1-1.png","width":865,"height":218,"caption":"eSolutions europe"},"image":{"@id":"https:\/\/test.esolutions.free2move.com\/eu\/en_it\/#\/schema\/logo\/image\/"}}]}},"_links":{"self":[{"href":"https:\/\/test.esolutions.free2move.com\/eu\/it_ch\/wp-json\/wp\/v2\/pages\/23111","targetHints":{"allow":["GET"]}}],"collection":[{"href":"https:\/\/test.esolutions.free2move.com\/eu\/it_ch\/wp-json\/wp\/v2\/pages"}],"about":[{"href":"https:\/\/test.esolutions.free2move.com\/eu\/it_ch\/wp-json\/wp\/v2\/types\/page"}],"author":[{"embeddable":true,"href":"https:\/\/test.esolutions.free2move.com\/eu\/it_ch\/wp-json\/wp\/v2\/users\/1"}],"replies":[{"embeddable":true,"href":"https:\/\/test.esolutions.free2move.com\/eu\/it_ch\/wp-json\/wp\/v2\/comments?post=23111"}],"version-history":[{"count":0,"href":"https:\/\/test.esolutions.free2move.com\/eu\/it_ch\/wp-json\/wp\/v2\/pages\/23111\/revisions"}],"wp:attachment":[{"href":"https:\/\/test.esolutions.free2move.com\/eu\/it_ch\/wp-json\/wp\/v2\/media?parent=23111"}],"curies":[{"name":"wp","href":"https:\/\/api.w.org\/{rel}","templated":true}]}}