{"id":23112,"date":"2024-03-19T11:41:27","date_gmt":"2024-03-19T11:41:27","guid":{"rendered":"https:\/\/test.esolutions.free2move.com\/eu\/politica-sui-cookie\/"},"modified":"2024-03-19T11:41:27","modified_gmt":"2024-03-19T11:41:27","slug":"politica-sui-cookie","status":"publish","type":"page","link":"https:\/\/test.esolutions.free2move.com\/eu\/it_ch\/politica-sui-cookie\/","title":{"rendered":"Politica sui cookie"},"content":{"rendered":"<div id=\"cs-content\" class=\"cs-content\"><nav class=\"x-crumbs e12525-e1 m9nx-0\" role=\"navigation\"><ol class=\"x-crumbs-list\" itemscope=\"\" itemtype=\"http:\/\/schema.org\/BreadcrumbList\" aria-label=\"Breadcrumb Navigation\"><li class=\"x-crumbs-list-item\" itemprop=\"itemListElement\" itemscope itemtype=\"http:\/\/schema.org\/ListItem\"><a class=\"x-crumbs-current x-crumbs-link\" itemtype=\"http:\/\/schema.org\/Thing\" itemprop=\"item\" href=\"https:\/\/test.esolutions.free2move.com\/eu\/it_ch\/\" title=\"You Are Here\"><span itemprop=\"name\">Home<\/span><\/a><meta itemprop=\"position\" content=\"1\"><\/li><\/ol><\/nav><div class=\"x-section e12525-e2 m9nx-1\"><div class=\"x-row x-container max width e12525-e3 m9nx-2 m9nx-3 m9nx-5 m9nx-6\"><div class=\"x-row-inner\"><div class=\"x-col e12525-e4 m9nx-8 m9nx-9 es_gap\"><div class=\"x-row e12525-e5 m9nx-3 m9nx-4 m9nx-5 m9nx-7\"><div class=\"x-row-inner\"><div class=\"x-col e12525-e6 m9nx-8 m9nx-a es_gap\"><div class=\"x-text x-text-headline e12525-e7 m9nx-b\"><div class=\"x-text-content\"><div class=\"x-text-content-text\"><h2 class=\"x-text-content-text-primary\">Informativa sui cookie<\/h2><\/div><\/div><\/div><div class=\"x-text x-content e12525-e8 m9nx-c\"><p><strong>Che cosa sono i cookie?<\/strong><br>I cookie sono piccoli file di testo memorizzati sul vostro computer o dispositivo mobile quando visitate il nostro sito web.<\/p>\n<p><strong>Perch\u00e9 utilizziamo i cookie<\/strong><br>Utilizziamo i cookie per garantirvi la migliore esperienza sul nostro sito web. Il nostro sito web utilizza cookie, che potrebbero includere anche cookie di terze parti, per inviare pubblicit\u00e0 rilevanti per l'utente.<\/p>\n<p><strong>I biscotti sono tutti uguali?<\/strong><br>I cookie possono essere classificati come segue.<\/p>\n<ul>\n<li><em>Cookie di sessione.&nbsp;<\/em>Questi cookie vengono cancellati automaticamente alla chiusura del browser.<\/li>\n<li><em>Cookie persistenti.<\/em>&nbsp;Questi cookie rimangono sul vostro dispositivo fino alla loro scadenza (in termini di minuti, giorni o anni dalla creazione\/aggiornamento del cookie).<\/li>\n<li><em>Cookie di terze parti.&nbsp;<\/em>Questi cookie sono memorizzati per conto di terze parti.<br>I cookie possono essere gestiti e cancellati impostando il browser. Tuttavia, ci\u00f2 potrebbe impedirvi di utilizzare correttamente alcune funzioni del nostro sito web.<\/li>\n<\/ul>\n<p>Per ulteriori informazioni, visitare&nbsp;<a href=\"http:\/\/www.aboutcookies.org\/\" target=\"_blank\" rel=\"noopener\">www.aboutcookies.org&nbsp;<\/a>o&nbsp;<a href=\"http:\/\/www.allaboutcookies.org\/\" target=\"_blank\" rel=\"noopener\">www.allaboutcookies.org&nbsp;<\/a>.<\/p>\n<p><strong>Come potete contattarci?<\/strong><em><br><\/em>I dati di contatto del titolare del trattamento e i dati contrattuali del responsabile della protezione dei dati sono riportati nell'Informativa sulla privacy del nostro sito web.<\/p>\n<p><strong>Come saperne di pi\u00f9 sul trattamento dei dati personali nel sito web<\/strong><br>Per saperne di pi\u00f9 sul trattamento dei dati personali \u00e8 possibile accedere alla Privacy policy del sito.<\/p>\n<p><strong>Come gestire i cookie utilizzando il nostro sito web<\/strong><em>\n  <br>\n<\/em>Per offrirvi la migliore esperienza sul fronte della gestione dei cookie, classifichiamo i cookie di questo sito web in quattro categorie, in base al loro scopo: tecnicamente necessario, comfort, performance, pubblicit\u00e0.<\/p>\n<p>Potete attivare e disattivare direttamente da questo sito web ciascuna delle categorie di cookie di cui sopra (con l'unica eccezione dei cookie tecnicamente necessari, che sono strettamente necessari). Nel caso di cookie di terze parti, questo sito web non li utilizzer\u00e0 pi\u00f9 dopo averli disabilitati (non possiamo cancellarli).<\/p>\n<ul>\n<li>Tecnicamente necessari: Questi cookie sono essenziali per il corretto funzionamento dei siti web e delle loro funzioni. Ad esempio: cookie di autenticazione.<\/li>\n<li>Comfort: Questi cookie ci permettono di migliorare il comfort e l'usabilit\u00e0 dei siti web e di fornire varie funzionalit\u00e0. Ad esempio: i cookie di funzionalit\u00e0 possono essere utilizzati per memorizzare i risultati della ricerca, la lingua, le dimensioni dei caratteri.<\/li>\n<li>Prestazioni: Questi cookie raccolgono informazioni sulle modalit\u00e0 di utilizzo dei siti web. I cookie di prestazione ci aiutano, ad esempio, a identificare le aree particolarmente frequentate del nostro sito web. In questo modo, possiamo adattare il contenuto dei nostri siti web in modo pi\u00f9 specifico alle vostre esigenze.<\/li>\n<li>Pubblicit\u00e0: Questi cookie vengono utilizzati per inviare informazioni pubblicitarie e promozionali rilevanti per l'utente, ad esempio in base alle pagine web visitate.<\/li>\n<\/ul><\/div><\/div><\/div><\/div><\/div><\/div><\/div><\/div><\/div>\n","protected":false},"excerpt":{"rendered":"<p>HomeInformativa sui cookieChe cosa sono i cookie?I cookie sono piccoli file di testo memorizzati sul vostro computer o dispositivo mobile quando visitate il nostro sito web. Perch\u00e9 utilizziamo i cookieUtilizziamo i cookie per garantirvi la migliore esperienza sul nostro sito web. Il nostro sito web utilizza cookie, che potrebbero includere anche cookie di terze parti, per inviare pubblicit\u00e0 rilevanti per &#8230; <\/p>\n<div><a href=\"https:\/\/test.esolutions.free2move.com\/eu\/it_ch\/politica-sui-cookie\/\" class=\"more-link\">Read More<\/a><\/div>\n","protected":false},"author":1,"featured_media":0,"parent":0,"menu_order":0,"comment_status":"closed","ping_status":"closed","template":"template-blank-4.php","meta":{"_acf_changed":false,"inline_featured_image":false,"footnotes":""},"class_list":["post-23112","page","type-page","status-publish","hentry","no-post-thumbnail"],"acf":[],"yoast_head":"<!-- This site is optimized with the Yoast SEO plugin v24.4 - https:\/\/yoast.com\/wordpress\/plugins\/seo\/ -->\n<title>Politica sui cookie | Free2move eSolutions<\/title>\n<meta name=\"robots\" content=\"index, follow, max-snippet:-1, max-image-preview:large, max-video-preview:-1\" \/>\n<link rel=\"canonical\" href=\"https:\/\/test.esolutions.free2move.com\/eu\/en_def\/cookie-policy\/\" \/>\n<meta property=\"og:locale\" content=\"it_IT\" \/>\n<meta property=\"og:type\" content=\"article\" \/>\n<meta property=\"og:title\" content=\"Politica sui cookie | Free2move eSolutions\" \/>\n<meta property=\"og:description\" content=\"HomeInformativa sui cookieChe cosa sono i cookie?I cookie sono piccoli file di testo memorizzati sul vostro computer o dispositivo mobile quando visitate il nostro sito web. Perch\u00e9 utilizziamo i cookieUtilizziamo i cookie per garantirvi la migliore esperienza sul nostro sito web. Il nostro sito web utilizza cookie, che potrebbero includere anche cookie di terze parti, per inviare pubblicit\u00e0 rilevanti per ... Read More\" \/>\n<meta property=\"og:url\" content=\"https:\/\/test.esolutions.free2move.com\/eu\/en_def\/cookie-policy\/\" \/>\n<meta property=\"og:site_name\" content=\"eSolution europe\" \/>\n<meta name=\"twitter:card\" content=\"summary_large_image\" \/>\n<meta name=\"twitter:label1\" content=\"Est. reading time\" \/>\n\t<meta name=\"twitter:data1\" content=\"3 minutes\" \/>\n<script type=\"application\/ld+json\" class=\"yoast-schema-graph\">{\"@context\":\"https:\/\/schema.org\",\"@graph\":[{\"@type\":\"WebPage\",\"@id\":\"https:\/\/test.esolutions.free2move.com\/eu\/en_def\/cookie-policy\/\",\"url\":\"https:\/\/test.esolutions.free2move.com\/eu\/en_def\/cookie-policy\/\",\"name\":\"Politica sui cookie | Free2move eSolutions\",\"isPartOf\":{\"@id\":\"https:\/\/test.esolutions.free2move.com\/eu\/en_it\/#website\"},\"datePublished\":\"2024-03-19T11:41:27+00:00\",\"breadcrumb\":{\"@id\":\"https:\/\/test.esolutions.free2move.com\/eu\/en_def\/cookie-policy\/#breadcrumb\"},\"inLanguage\":\"it-ch\",\"potentialAction\":[{\"@type\":\"ReadAction\",\"target\":[\"https:\/\/test.esolutions.free2move.com\/eu\/en_def\/cookie-policy\/\"]}]},{\"@type\":\"BreadcrumbList\",\"@id\":\"https:\/\/test.esolutions.free2move.com\/eu\/en_def\/cookie-policy\/#breadcrumb\",\"itemListElement\":[{\"@type\":\"ListItem\",\"position\":1,\"name\":\"Home\",\"item\":\"https:\/\/test.esolutions.free2move.com\/eu\/it_ch\/\"},{\"@type\":\"ListItem\",\"position\":2,\"name\":\"Politica sui cookie\"}]},{\"@type\":\"WebSite\",\"@id\":\"https:\/\/test.esolutions.free2move.com\/eu\/en_it\/#website\",\"url\":\"https:\/\/test.esolutions.free2move.com\/eu\/en_it\/\",\"name\":\"eSolutions europe\",\"description\":\"\",\"publisher\":{\"@id\":\"https:\/\/test.esolutions.free2move.com\/eu\/en_it\/#organization\"},\"potentialAction\":[{\"@type\":\"SearchAction\",\"target\":{\"@type\":\"EntryPoint\",\"urlTemplate\":\"https:\/\/test.esolutions.free2move.com\/eu\/en_it\/?s={search_term_string}\"},\"query-input\":{\"@type\":\"PropertyValueSpecification\",\"valueRequired\":true,\"valueName\":\"search_term_string\"}}],\"inLanguage\":\"it-ch\"},{\"@type\":\"Organization\",\"@id\":\"https:\/\/test.esolutions.free2move.com\/eu\/en_it\/#organization\",\"name\":\"eSolutions europe\",\"url\":\"https:\/\/test.esolutions.free2move.com\/eu\/en_it\/\",\"logo\":{\"@type\":\"ImageObject\",\"inLanguage\":\"it-ch\",\"@id\":\"https:\/\/test.esolutions.free2move.com\/eu\/en_it\/#\/schema\/logo\/image\/\",\"url\":\"https:\/\/www.esolutions.free2move.com\/eu\/wp-content\/uploads\/2024\/03\/logo-f2m-horizontal-1-1-1.png\",\"contentUrl\":\"https:\/\/www.esolutions.free2move.com\/eu\/wp-content\/uploads\/2024\/03\/logo-f2m-horizontal-1-1-1.png\",\"width\":865,\"height\":218,\"caption\":\"eSolutions europe\"},\"image\":{\"@id\":\"https:\/\/test.esolutions.free2move.com\/eu\/en_it\/#\/schema\/logo\/image\/\"}}]}<\/script>\n<!-- \/ Yoast SEO plugin. -->","yoast_head_json":{"title":"Politica sui cookie | Free2move eSolutions","robots":{"index":"index","follow":"follow","max-snippet":"max-snippet:-1","max-image-preview":"max-image-preview:large","max-video-preview":"max-video-preview:-1"},"canonical":"https:\/\/test.esolutions.free2move.com\/eu\/en_def\/cookie-policy\/","og_locale":"it_IT","og_type":"article","og_title":"Politica sui cookie | Free2move eSolutions","og_description":"HomeInformativa sui cookieChe cosa sono i cookie?I cookie sono piccoli file di testo memorizzati sul vostro computer o dispositivo mobile quando visitate il nostro sito web. Perch\u00e9 utilizziamo i cookieUtilizziamo i cookie per garantirvi la migliore esperienza sul nostro sito web. Il nostro sito web utilizza cookie, che potrebbero includere anche cookie di terze parti, per inviare pubblicit\u00e0 rilevanti per ... Read More","og_url":"https:\/\/test.esolutions.free2move.com\/eu\/en_def\/cookie-policy\/","og_site_name":"eSolution europe","twitter_card":"summary_large_image","twitter_misc":{"Est. reading time":"3 minutes"},"schema":{"@context":"https:\/\/schema.org","@graph":[{"@type":"WebPage","@id":"https:\/\/test.esolutions.free2move.com\/eu\/en_def\/cookie-policy\/","url":"https:\/\/test.esolutions.free2move.com\/eu\/en_def\/cookie-policy\/","name":"Politica sui cookie | Free2move eSolutions","isPartOf":{"@id":"https:\/\/test.esolutions.free2move.com\/eu\/en_it\/#website"},"datePublished":"2024-03-19T11:41:27+00:00","breadcrumb":{"@id":"https:\/\/test.esolutions.free2move.com\/eu\/en_def\/cookie-policy\/#breadcrumb"},"inLanguage":"it-ch","potentialAction":[{"@type":"ReadAction","target":["https:\/\/test.esolutions.free2move.com\/eu\/en_def\/cookie-policy\/"]}]},{"@type":"BreadcrumbList","@id":"https:\/\/test.esolutions.free2move.com\/eu\/en_def\/cookie-policy\/#breadcrumb","itemListElement":[{"@type":"ListItem","position":1,"name":"Home","item":"https:\/\/test.esolutions.free2move.com\/eu\/it_ch\/"},{"@type":"ListItem","position":2,"name":"Politica sui cookie"}]},{"@type":"WebSite","@id":"https:\/\/test.esolutions.free2move.com\/eu\/en_it\/#website","url":"https:\/\/test.esolutions.free2move.com\/eu\/en_it\/","name":"eSolutions europe","description":"","publisher":{"@id":"https:\/\/test.esolutions.free2move.com\/eu\/en_it\/#organization"},"potentialAction":[{"@type":"SearchAction","target":{"@type":"EntryPoint","urlTemplate":"https:\/\/test.esolutions.free2move.com\/eu\/en_it\/?s={search_term_string}"},"query-input":{"@type":"PropertyValueSpecification","valueRequired":true,"valueName":"search_term_string"}}],"inLanguage":"it-ch"},{"@type":"Organization","@id":"https:\/\/test.esolutions.free2move.com\/eu\/en_it\/#organization","name":"eSolutions europe","url":"https:\/\/test.esolutions.free2move.com\/eu\/en_it\/","logo":{"@type":"ImageObject","inLanguage":"it-ch","@id":"https:\/\/test.esolutions.free2move.com\/eu\/en_it\/#\/schema\/logo\/image\/","url":"https:\/\/www.esolutions.free2move.com\/eu\/wp-content\/uploads\/2024\/03\/logo-f2m-horizontal-1-1-1.png","contentUrl":"https:\/\/www.esolutions.free2move.com\/eu\/wp-content\/uploads\/2024\/03\/logo-f2m-horizontal-1-1-1.png","width":865,"height":218,"caption":"eSolutions europe"},"image":{"@id":"https:\/\/test.esolutions.free2move.com\/eu\/en_it\/#\/schema\/logo\/image\/"}}]}},"_links":{"self":[{"href":"https:\/\/test.esolutions.free2move.com\/eu\/it_ch\/wp-json\/wp\/v2\/pages\/23112","targetHints":{"allow":["GET"]}}],"collection":[{"href":"https:\/\/test.esolutions.free2move.com\/eu\/it_ch\/wp-json\/wp\/v2\/pages"}],"about":[{"href":"https:\/\/test.esolutions.free2move.com\/eu\/it_ch\/wp-json\/wp\/v2\/types\/page"}],"author":[{"embeddable":true,"href":"https:\/\/test.esolutions.free2move.com\/eu\/it_ch\/wp-json\/wp\/v2\/users\/1"}],"replies":[{"embeddable":true,"href":"https:\/\/test.esolutions.free2move.com\/eu\/it_ch\/wp-json\/wp\/v2\/comments?post=23112"}],"version-history":[{"count":0,"href":"https:\/\/test.esolutions.free2move.com\/eu\/it_ch\/wp-json\/wp\/v2\/pages\/23112\/revisions"}],"wp:attachment":[{"href":"https:\/\/test.esolutions.free2move.com\/eu\/it_ch\/wp-json\/wp\/v2\/media?parent=23112"}],"curies":[{"name":"wp","href":"https:\/\/api.w.org\/{rel}","templated":true}]}}