{"id":23122,"date":"2024-03-18T14:48:14","date_gmt":"2024-03-18T14:48:14","guid":{"rendered":"https:\/\/test.esolutions.free2move.com\/eu\/giovanni-ravina\/"},"modified":"2024-03-18T14:48:14","modified_gmt":"2024-03-18T14:48:14","slug":"giovanni-ravina","status":"publish","type":"page","link":"https:\/\/test.esolutions.free2move.com\/eu\/it_ch\/governance-ed-etica\/giovanni-ravina\/","title":{"rendered":"Giovanni Ravina"},"content":{"rendered":"<div id=\"cs-content\" class=\"cs-content\"><nav class=\"x-crumbs e12621-e1 m9ql-0\" role=\"navigation\"><ol class=\"x-crumbs-list\" itemscope=\"\" itemtype=\"http:\/\/schema.org\/BreadcrumbList\" aria-label=\"Breadcrumb Navigation\"><li class=\"x-crumbs-list-item\" itemprop=\"itemListElement\" itemscope itemtype=\"http:\/\/schema.org\/ListItem\"><a class=\"x-crumbs-current x-crumbs-link\" itemtype=\"http:\/\/schema.org\/Thing\" itemprop=\"item\" href=\"https:\/\/test.esolutions.free2move.com\/eu\/it_ch\/\" title=\"You Are Here\"><span itemprop=\"name\">Home<\/span><\/a><meta itemprop=\"position\" content=\"1\"><\/li><\/ol><\/nav><div class=\"x-section e12621-e2 m9ql-1\"><div class=\"x-row x-container max width e12621-e3 m9ql-2 m9ql-3 m9ql-5 m9ql-6\"><div class=\"x-row-inner\"><div class=\"x-col e12621-e4 m9ql-8 m9ql-9 m9ql-a m9ql-b\"><span class=\"x-image e12621-e5 m9ql-f\"><img decoding=\"async\" src=\"https:\/\/test.esolutions.free2move.com\/eu\/wp-content\/uploads\/2024\/03\/GovernanceEthics_Giovanni-Ravina-copia.jpg\" width=\"146\" height=\"134\" alt=\"Image\" loading=\"lazy\"><\/span><\/div><div class=\"x-col e12621-e6 m9ql-8 m9ql-a m9ql-c m9ql-d es_gap\"><div class=\"x-row e12621-e7 m9ql-3 m9ql-4 m9ql-5 m9ql-7\"><div class=\"x-row-inner\"><div class=\"x-col e12621-e8 m9ql-8 m9ql-9 m9ql-d m9ql-e es_gap\"><div class=\"x-text x-text-headline e12621-e9 m9ql-g\"><div class=\"x-text-content\"><div class=\"x-text-content-text\"><h2 class=\"x-text-content-text-primary\">Giovanni Ravina<\/h2><\/div><\/div><\/div><div class=\"x-text x-content e12621-e10 m9ql-h\"><div class=\"ewa-rteLine\">\n<div class=\"ewa-rteLine\">\n<div class=\"ewa-rteLine\"><strong>Direttore esecutivo<\/strong><\/div>\n<div class=\"ewa-rteLine\">&nbsp;<\/div>\n<div class=\"ewa-rteLine\">Giovanni Ravina \u00e8 entrato a far parte di NHOA (ex-Engie EPS) nel 2018 ed \u00e8 ora Amministratore Delegato di Atlante Iberia. \u00c8 anche Consigliere di Amministrazione di Tiko Italia, Mentore di TechStars e membro del Comitato Consultivo di SocialFare.<\/div>\n<div class=\"ewa-rteLine\">Prima di entrare in NHOA, Giovanni Ravina \u00e8 stato membro del Consiglio di Amministrazione di StreetLight Data e Opus One Solutions e ha avuto una lunga e consistente esperienza in Engie, dove ha ricoperto diverse posizioni. Ha iniziato nella sede parigina del gruppo occupandosi di investimenti VC, facendo anche parte del team fondatore di ENGIE Corporate VC (ENGIE New Ventures), ha creato l'ufficio ENGIE New Ventures di San Francisco e ha guidato e gestito con successo investimenti in 5 paesi e 3 diversi continenti. Ha poi proseguito la sua carriera in Engie come Executive Business Developer Green Mobility.<\/div>\n<div class=\"ewa-rteLine\">Giovanni Ravina ha conseguito un doppio master in Produzione Industriale e Innovazione presso il Politecnico di Torino e l'Universitat International de Catalunya, e un master in Management\/Dipl\u00f4me de Grande Ecole presso ESCP Europe.<\/div>\n<\/div>\n<\/div><\/div><\/div><\/div><\/div><\/div><\/div><\/div><\/div><\/div>\n","protected":false},"excerpt":{"rendered":"<p>HomeGiovanni Ravina Direttore esecutivo &nbsp; Giovanni Ravina \u00e8 entrato a far parte di NHOA (ex-Engie EPS) nel 2018 ed \u00e8 ora Amministratore Delegato di Atlante Iberia. \u00c8 anche Consigliere di Amministrazione di Tiko Italia, Mentore di TechStars e membro del Comitato Consultivo di SocialFare. Prima di entrare in NHOA, Giovanni Ravina \u00e8 stato membro del Consiglio di Amministrazione di StreetLight &#8230; <\/p>\n<div><a href=\"https:\/\/test.esolutions.free2move.com\/eu\/it_ch\/governance-ed-etica\/giovanni-ravina\/\" class=\"more-link\">Read More<\/a><\/div>\n","protected":false},"author":1,"featured_media":0,"parent":23129,"menu_order":0,"comment_status":"closed","ping_status":"closed","template":"template-blank-4.php","meta":{"_acf_changed":false,"inline_featured_image":false,"footnotes":""},"class_list":["post-23122","page","type-page","status-publish","hentry","no-post-thumbnail"],"acf":[],"yoast_head":"<!-- This site is optimized with the Yoast SEO plugin v24.4 - https:\/\/yoast.com\/wordpress\/plugins\/seo\/ -->\n<title>Giovanni Ravina - eSolution europe<\/title>\n<meta name=\"robots\" content=\"index, follow, max-snippet:-1, max-image-preview:large, max-video-preview:-1\" \/>\n<link rel=\"canonical\" href=\"https:\/\/test.esolutions.free2move.com\/eu\/en_def\/governance-ethics\/giovanni-ravina\/\" \/>\n<meta property=\"og:locale\" content=\"it_IT\" \/>\n<meta property=\"og:type\" content=\"article\" \/>\n<meta property=\"og:title\" content=\"Giovanni Ravina - eSolution europe\" \/>\n<meta property=\"og:description\" content=\"HomeGiovanni Ravina Direttore esecutivo &nbsp; Giovanni Ravina \u00e8 entrato a far parte di NHOA (ex-Engie EPS) nel 2018 ed \u00e8 ora Amministratore Delegato di Atlante Iberia. \u00c8 anche Consigliere di Amministrazione di Tiko Italia, Mentore di TechStars e membro del Comitato Consultivo di SocialFare. Prima di entrare in NHOA, Giovanni Ravina \u00e8 stato membro del Consiglio di Amministrazione di StreetLight ... Read More\" \/>\n<meta property=\"og:url\" content=\"https:\/\/test.esolutions.free2move.com\/eu\/en_def\/governance-ethics\/giovanni-ravina\/\" \/>\n<meta property=\"og:site_name\" content=\"eSolution europe\" \/>\n<meta name=\"twitter:card\" content=\"summary_large_image\" \/>\n<meta name=\"twitter:label1\" content=\"Est. reading time\" \/>\n\t<meta name=\"twitter:data1\" content=\"1 minute\" \/>\n<script type=\"application\/ld+json\" class=\"yoast-schema-graph\">{\"@context\":\"https:\/\/schema.org\",\"@graph\":[{\"@type\":\"WebPage\",\"@id\":\"https:\/\/test.esolutions.free2move.com\/eu\/en_def\/governance-ethics\/giovanni-ravina\/\",\"url\":\"https:\/\/test.esolutions.free2move.com\/eu\/en_def\/governance-ethics\/giovanni-ravina\/\",\"name\":\"Giovanni Ravina - eSolution europe\",\"isPartOf\":{\"@id\":\"https:\/\/test.esolutions.free2move.com\/eu\/en_it\/#website\"},\"datePublished\":\"2024-03-18T14:48:14+00:00\",\"breadcrumb\":{\"@id\":\"https:\/\/test.esolutions.free2move.com\/eu\/en_def\/governance-ethics\/giovanni-ravina\/#breadcrumb\"},\"inLanguage\":\"it-ch\",\"potentialAction\":[{\"@type\":\"ReadAction\",\"target\":[\"https:\/\/test.esolutions.free2move.com\/eu\/en_def\/governance-ethics\/giovanni-ravina\/\"]}]},{\"@type\":\"BreadcrumbList\",\"@id\":\"https:\/\/test.esolutions.free2move.com\/eu\/en_def\/governance-ethics\/giovanni-ravina\/#breadcrumb\",\"itemListElement\":[{\"@type\":\"ListItem\",\"position\":1,\"name\":\"Home\",\"item\":\"https:\/\/test.esolutions.free2move.com\/eu\/it_ch\/\"},{\"@type\":\"ListItem\",\"position\":2,\"name\":\"Governance ed etica\",\"item\":\"https:\/\/test.esolutions.free2move.com\/eu\/en_def\/governance-ethics\/\"},{\"@type\":\"ListItem\",\"position\":3,\"name\":\"Giovanni Ravina\"}]},{\"@type\":\"WebSite\",\"@id\":\"https:\/\/test.esolutions.free2move.com\/eu\/en_it\/#website\",\"url\":\"https:\/\/test.esolutions.free2move.com\/eu\/en_it\/\",\"name\":\"eSolutions europe\",\"description\":\"\",\"publisher\":{\"@id\":\"https:\/\/test.esolutions.free2move.com\/eu\/en_it\/#organization\"},\"potentialAction\":[{\"@type\":\"SearchAction\",\"target\":{\"@type\":\"EntryPoint\",\"urlTemplate\":\"https:\/\/test.esolutions.free2move.com\/eu\/en_it\/?s={search_term_string}\"},\"query-input\":{\"@type\":\"PropertyValueSpecification\",\"valueRequired\":true,\"valueName\":\"search_term_string\"}}],\"inLanguage\":\"it-ch\"},{\"@type\":\"Organization\",\"@id\":\"https:\/\/test.esolutions.free2move.com\/eu\/en_it\/#organization\",\"name\":\"eSolutions europe\",\"url\":\"https:\/\/test.esolutions.free2move.com\/eu\/en_it\/\",\"logo\":{\"@type\":\"ImageObject\",\"inLanguage\":\"it-ch\",\"@id\":\"https:\/\/test.esolutions.free2move.com\/eu\/en_it\/#\/schema\/logo\/image\/\",\"url\":\"https:\/\/www.esolutions.free2move.com\/eu\/wp-content\/uploads\/2024\/03\/logo-f2m-horizontal-1-1-1.png\",\"contentUrl\":\"https:\/\/www.esolutions.free2move.com\/eu\/wp-content\/uploads\/2024\/03\/logo-f2m-horizontal-1-1-1.png\",\"width\":865,\"height\":218,\"caption\":\"eSolutions europe\"},\"image\":{\"@id\":\"https:\/\/test.esolutions.free2move.com\/eu\/en_it\/#\/schema\/logo\/image\/\"}}]}<\/script>\n<!-- \/ Yoast SEO plugin. -->","yoast_head_json":{"title":"Giovanni Ravina - eSolution europe","robots":{"index":"index","follow":"follow","max-snippet":"max-snippet:-1","max-image-preview":"max-image-preview:large","max-video-preview":"max-video-preview:-1"},"canonical":"https:\/\/test.esolutions.free2move.com\/eu\/en_def\/governance-ethics\/giovanni-ravina\/","og_locale":"it_IT","og_type":"article","og_title":"Giovanni Ravina - eSolution europe","og_description":"HomeGiovanni Ravina Direttore esecutivo &nbsp; Giovanni Ravina \u00e8 entrato a far parte di NHOA (ex-Engie EPS) nel 2018 ed \u00e8 ora Amministratore Delegato di Atlante Iberia. \u00c8 anche Consigliere di Amministrazione di Tiko Italia, Mentore di TechStars e membro del Comitato Consultivo di SocialFare. Prima di entrare in NHOA, Giovanni Ravina \u00e8 stato membro del Consiglio di Amministrazione di StreetLight ... Read More","og_url":"https:\/\/test.esolutions.free2move.com\/eu\/en_def\/governance-ethics\/giovanni-ravina\/","og_site_name":"eSolution europe","twitter_card":"summary_large_image","twitter_misc":{"Est. reading time":"1 minute"},"schema":{"@context":"https:\/\/schema.org","@graph":[{"@type":"WebPage","@id":"https:\/\/test.esolutions.free2move.com\/eu\/en_def\/governance-ethics\/giovanni-ravina\/","url":"https:\/\/test.esolutions.free2move.com\/eu\/en_def\/governance-ethics\/giovanni-ravina\/","name":"Giovanni Ravina - eSolution europe","isPartOf":{"@id":"https:\/\/test.esolutions.free2move.com\/eu\/en_it\/#website"},"datePublished":"2024-03-18T14:48:14+00:00","breadcrumb":{"@id":"https:\/\/test.esolutions.free2move.com\/eu\/en_def\/governance-ethics\/giovanni-ravina\/#breadcrumb"},"inLanguage":"it-ch","potentialAction":[{"@type":"ReadAction","target":["https:\/\/test.esolutions.free2move.com\/eu\/en_def\/governance-ethics\/giovanni-ravina\/"]}]},{"@type":"BreadcrumbList","@id":"https:\/\/test.esolutions.free2move.com\/eu\/en_def\/governance-ethics\/giovanni-ravina\/#breadcrumb","itemListElement":[{"@type":"ListItem","position":1,"name":"Home","item":"https:\/\/test.esolutions.free2move.com\/eu\/it_ch\/"},{"@type":"ListItem","position":2,"name":"Governance ed etica","item":"https:\/\/test.esolutions.free2move.com\/eu\/en_def\/governance-ethics\/"},{"@type":"ListItem","position":3,"name":"Giovanni Ravina"}]},{"@type":"WebSite","@id":"https:\/\/test.esolutions.free2move.com\/eu\/en_it\/#website","url":"https:\/\/test.esolutions.free2move.com\/eu\/en_it\/","name":"eSolutions europe","description":"","publisher":{"@id":"https:\/\/test.esolutions.free2move.com\/eu\/en_it\/#organization"},"potentialAction":[{"@type":"SearchAction","target":{"@type":"EntryPoint","urlTemplate":"https:\/\/test.esolutions.free2move.com\/eu\/en_it\/?s={search_term_string}"},"query-input":{"@type":"PropertyValueSpecification","valueRequired":true,"valueName":"search_term_string"}}],"inLanguage":"it-ch"},{"@type":"Organization","@id":"https:\/\/test.esolutions.free2move.com\/eu\/en_it\/#organization","name":"eSolutions europe","url":"https:\/\/test.esolutions.free2move.com\/eu\/en_it\/","logo":{"@type":"ImageObject","inLanguage":"it-ch","@id":"https:\/\/test.esolutions.free2move.com\/eu\/en_it\/#\/schema\/logo\/image\/","url":"https:\/\/www.esolutions.free2move.com\/eu\/wp-content\/uploads\/2024\/03\/logo-f2m-horizontal-1-1-1.png","contentUrl":"https:\/\/www.esolutions.free2move.com\/eu\/wp-content\/uploads\/2024\/03\/logo-f2m-horizontal-1-1-1.png","width":865,"height":218,"caption":"eSolutions europe"},"image":{"@id":"https:\/\/test.esolutions.free2move.com\/eu\/en_it\/#\/schema\/logo\/image\/"}}]}},"_links":{"self":[{"href":"https:\/\/test.esolutions.free2move.com\/eu\/it_ch\/wp-json\/wp\/v2\/pages\/23122","targetHints":{"allow":["GET"]}}],"collection":[{"href":"https:\/\/test.esolutions.free2move.com\/eu\/it_ch\/wp-json\/wp\/v2\/pages"}],"about":[{"href":"https:\/\/test.esolutions.free2move.com\/eu\/it_ch\/wp-json\/wp\/v2\/types\/page"}],"author":[{"embeddable":true,"href":"https:\/\/test.esolutions.free2move.com\/eu\/it_ch\/wp-json\/wp\/v2\/users\/1"}],"replies":[{"embeddable":true,"href":"https:\/\/test.esolutions.free2move.com\/eu\/it_ch\/wp-json\/wp\/v2\/comments?post=23122"}],"version-history":[{"count":0,"href":"https:\/\/test.esolutions.free2move.com\/eu\/it_ch\/wp-json\/wp\/v2\/pages\/23122\/revisions"}],"up":[{"embeddable":true,"href":"https:\/\/test.esolutions.free2move.com\/eu\/it_ch\/wp-json\/wp\/v2\/pages\/23129"}],"wp:attachment":[{"href":"https:\/\/test.esolutions.free2move.com\/eu\/it_ch\/wp-json\/wp\/v2\/media?parent=23122"}],"curies":[{"name":"wp","href":"https:\/\/api.w.org\/{rel}","templated":true}]}}