{"id":23123,"date":"2024-03-18T14:46:46","date_gmt":"2024-03-18T14:46:46","guid":{"rendered":"https:\/\/test.esolutions.free2move.com\/eu\/luigi-michi\/"},"modified":"2024-03-18T14:46:46","modified_gmt":"2024-03-18T14:46:46","slug":"luigi-michi","status":"publish","type":"page","link":"https:\/\/test.esolutions.free2move.com\/eu\/it_ch\/governance-ed-etica\/luigi-michi\/","title":{"rendered":"Luigi Michi"},"content":{"rendered":"<div id=\"cs-content\" class=\"cs-content\"><nav class=\"x-crumbs e12633-e1 m9qx-0\" role=\"navigation\"><ol class=\"x-crumbs-list\" itemscope=\"\" itemtype=\"http:\/\/schema.org\/BreadcrumbList\" aria-label=\"Breadcrumb Navigation\"><li class=\"x-crumbs-list-item\" itemprop=\"itemListElement\" itemscope itemtype=\"http:\/\/schema.org\/ListItem\"><a class=\"x-crumbs-current x-crumbs-link\" itemtype=\"http:\/\/schema.org\/Thing\" itemprop=\"item\" href=\"https:\/\/test.esolutions.free2move.com\/eu\/it_ch\/\" title=\"You Are Here\"><span itemprop=\"name\">Home<\/span><\/a><meta itemprop=\"position\" content=\"1\"><\/li><\/ol><\/nav><div class=\"x-section e12633-e2 m9qx-1\"><div class=\"x-row x-container max width e12633-e3 m9qx-2 m9qx-3 m9qx-5 m9qx-6\"><div class=\"x-row-inner\"><div class=\"x-col e12633-e4 m9qx-8 m9qx-9 m9qx-a m9qx-b\"><span class=\"x-image e12633-e5 m9qx-f\"><img decoding=\"async\" src=\"https:\/\/test.esolutions.free2move.com\/eu\/wp-content\/uploads\/2024\/03\/GovernanceEthics_Luigi-Michi-copia.jpg\" width=\"146\" height=\"134\" alt=\"Image\" loading=\"lazy\"><\/span><\/div><div class=\"x-col e12633-e6 m9qx-8 m9qx-a m9qx-c m9qx-d es_gap\"><div class=\"x-row e12633-e7 m9qx-3 m9qx-4 m9qx-5 m9qx-7\"><div class=\"x-row-inner\"><div class=\"x-col e12633-e8 m9qx-8 m9qx-9 m9qx-d m9qx-e es_gap\"><div class=\"x-text x-text-headline e12633-e9 m9qx-g\"><div class=\"x-text-content\"><div class=\"x-text-content-text\"><h2 class=\"x-text-content-text-primary\">Luigi Michi<\/h2><\/div><\/div><\/div><div class=\"x-text x-content e12633-e10 m9qx-h\"><div class=\"ewa-rteLine\">\n<div class=\"ewa-rteLine\"><strong>Direttore<\/strong><\/div>\n<div class=\"ewa-rteLine\">&nbsp;<\/div>\n<div class=\"ewa-rteLine\">Luigi Michi, nato in Italia nel 1958, si \u00e8 laureato cum laudae in Ingegneria elettrica. Recentemente \u00e8 stato nominato Senior Advisor di \"Key to energy\", una societ\u00e0 di consulenza energetica esperta e preparata, che si occupa di un'ampia gamma di argomenti relativi all'elettricit\u00e0 e al gas nel settore energetico.<\/div>\n<div class=\"ewa-rteLine\">Con una significativa esperienza ultratrentennale nel settore dell'energia, dove ha ricoperto diversi ruoli dal 1985, Luigi \u00e8 un esperto \"a tutto tondo\" di mercati energetici e di sistemi elettrici complessi, essendo oggi intensamente coinvolto nell'attuale transizione energetica.<\/div>\n<div class=\"ewa-rteLine\">Fino alla fine del 2019 ha ricoperto il ruolo di Responsabile Strategia, Sviluppo e System Operation in Terna Spa, il Gestore della rete di trasmissione italiana, con particolare responsabilit\u00e0 per gli affari regolatori, la pianificazione della rete, l'analisi di mercato e le attivit\u00e0 di dispacciamento.<\/div>\n<div class=\"ewa-rteLine\">\u00c8 entrato in Terna nel 2015, dopo una lunga e profonda esperienza in Enel come Executive Vice President, Responsabile dell'Area di Business Energy Management, impegnato nella gestione e nel dispacciamento dell'intero portafoglio di generazione italiano, oltre a svolgere attivit\u00e0 di commodity trading sui mercati europei.<\/div>\n<div class=\"ewa-rteLine\">Prima di entrare nel settore della generazione, dal 1988 ha svolto diverse attivit\u00e0 nel campo delle reti e delle linee di trasmissione (progettazione, costruzione, controllo). Dal 1984 al 1987 \u00e8 entrato a far parte del gruppo ENI, occupandosi della progettazione di centrali a turbogas e della gestione di commesse (contratti chiavi in mano).<\/div>\n<div class=\"ewa-rteLine\">Luigi Michi si \u00e8 laureato cum laudae in Ingegneria Elettrica all'Universit\u00e0 di Pisa nel 1983. Negli anni successivi ha frequentato diversi programmi aziendali per dirigenti (Columbia University, Harvard, IESE).<\/div>\n<div class=\"ewa-rteLine\">Il signor Michi \u00e8 sposato e ha tre figli. Ama trascorrere il tempo libero fotografando e occupandosi di progetti audiovisivi.<\/div>\n<\/div><\/div><\/div><\/div><\/div><\/div><\/div><\/div><\/div><\/div>\n","protected":false},"excerpt":{"rendered":"<p>HomeLuigi Michi Direttore &nbsp; Luigi Michi, nato in Italia nel 1958, si \u00e8 laureato cum laudae in Ingegneria elettrica. Recentemente \u00e8 stato nominato Senior Advisor di &#8220;Key to energy&#8221;, una societ\u00e0 di consulenza energetica esperta e preparata, che si occupa di un&#8217;ampia gamma di argomenti relativi all&#8217;elettricit\u00e0 e al gas nel settore energetico. Con una significativa esperienza ultratrentennale nel settore &#8230; <\/p>\n<div><a href=\"https:\/\/test.esolutions.free2move.com\/eu\/it_ch\/governance-ed-etica\/luigi-michi\/\" class=\"more-link\">Read More<\/a><\/div>\n","protected":false},"author":1,"featured_media":0,"parent":23129,"menu_order":0,"comment_status":"closed","ping_status":"closed","template":"template-blank-4.php","meta":{"_acf_changed":false,"inline_featured_image":false,"footnotes":""},"class_list":["post-23123","page","type-page","status-publish","hentry","no-post-thumbnail"],"acf":[],"yoast_head":"<!-- This site is optimized with the Yoast SEO plugin v24.4 - https:\/\/yoast.com\/wordpress\/plugins\/seo\/ -->\n<title>Luigi Michi - eSolution europe<\/title>\n<meta name=\"robots\" content=\"index, follow, max-snippet:-1, max-image-preview:large, max-video-preview:-1\" \/>\n<link rel=\"canonical\" href=\"https:\/\/test.esolutions.free2move.com\/eu\/en_def\/governance-ethics\/luigi-michi\/\" \/>\n<meta property=\"og:locale\" content=\"it_IT\" \/>\n<meta property=\"og:type\" content=\"article\" \/>\n<meta property=\"og:title\" content=\"Luigi Michi - eSolution europe\" \/>\n<meta property=\"og:description\" content=\"HomeLuigi Michi Direttore &nbsp; Luigi Michi, nato in Italia nel 1958, si \u00e8 laureato cum laudae in Ingegneria elettrica. Recentemente \u00e8 stato nominato Senior Advisor di &quot;Key to energy&quot;, una societ\u00e0 di consulenza energetica esperta e preparata, che si occupa di un&#039;ampia gamma di argomenti relativi all&#039;elettricit\u00e0 e al gas nel settore energetico. Con una significativa esperienza ultratrentennale nel settore ... Read More\" \/>\n<meta property=\"og:url\" content=\"https:\/\/test.esolutions.free2move.com\/eu\/en_def\/governance-ethics\/luigi-michi\/\" \/>\n<meta property=\"og:site_name\" content=\"eSolution europe\" \/>\n<meta name=\"twitter:card\" content=\"summary_large_image\" \/>\n<meta name=\"twitter:label1\" content=\"Est. reading time\" \/>\n\t<meta name=\"twitter:data1\" content=\"2 minutes\" \/>\n<script type=\"application\/ld+json\" class=\"yoast-schema-graph\">{\"@context\":\"https:\/\/schema.org\",\"@graph\":[{\"@type\":\"WebPage\",\"@id\":\"https:\/\/test.esolutions.free2move.com\/eu\/en_def\/governance-ethics\/luigi-michi\/\",\"url\":\"https:\/\/test.esolutions.free2move.com\/eu\/en_def\/governance-ethics\/luigi-michi\/\",\"name\":\"Luigi Michi - eSolution europe\",\"isPartOf\":{\"@id\":\"https:\/\/test.esolutions.free2move.com\/eu\/en_it\/#website\"},\"datePublished\":\"2024-03-18T14:46:46+00:00\",\"breadcrumb\":{\"@id\":\"https:\/\/test.esolutions.free2move.com\/eu\/en_def\/governance-ethics\/luigi-michi\/#breadcrumb\"},\"inLanguage\":\"it-ch\",\"potentialAction\":[{\"@type\":\"ReadAction\",\"target\":[\"https:\/\/test.esolutions.free2move.com\/eu\/en_def\/governance-ethics\/luigi-michi\/\"]}]},{\"@type\":\"BreadcrumbList\",\"@id\":\"https:\/\/test.esolutions.free2move.com\/eu\/en_def\/governance-ethics\/luigi-michi\/#breadcrumb\",\"itemListElement\":[{\"@type\":\"ListItem\",\"position\":1,\"name\":\"Home\",\"item\":\"https:\/\/test.esolutions.free2move.com\/eu\/it_ch\/\"},{\"@type\":\"ListItem\",\"position\":2,\"name\":\"Governance ed etica\",\"item\":\"https:\/\/test.esolutions.free2move.com\/eu\/en_def\/governance-ethics\/\"},{\"@type\":\"ListItem\",\"position\":3,\"name\":\"Luigi Michi\"}]},{\"@type\":\"WebSite\",\"@id\":\"https:\/\/test.esolutions.free2move.com\/eu\/en_it\/#website\",\"url\":\"https:\/\/test.esolutions.free2move.com\/eu\/en_it\/\",\"name\":\"eSolutions europe\",\"description\":\"\",\"publisher\":{\"@id\":\"https:\/\/test.esolutions.free2move.com\/eu\/en_it\/#organization\"},\"potentialAction\":[{\"@type\":\"SearchAction\",\"target\":{\"@type\":\"EntryPoint\",\"urlTemplate\":\"https:\/\/test.esolutions.free2move.com\/eu\/en_it\/?s={search_term_string}\"},\"query-input\":{\"@type\":\"PropertyValueSpecification\",\"valueRequired\":true,\"valueName\":\"search_term_string\"}}],\"inLanguage\":\"it-ch\"},{\"@type\":\"Organization\",\"@id\":\"https:\/\/test.esolutions.free2move.com\/eu\/en_it\/#organization\",\"name\":\"eSolutions europe\",\"url\":\"https:\/\/test.esolutions.free2move.com\/eu\/en_it\/\",\"logo\":{\"@type\":\"ImageObject\",\"inLanguage\":\"it-ch\",\"@id\":\"https:\/\/test.esolutions.free2move.com\/eu\/en_it\/#\/schema\/logo\/image\/\",\"url\":\"https:\/\/www.esolutions.free2move.com\/eu\/wp-content\/uploads\/2024\/03\/logo-f2m-horizontal-1-1-1.png\",\"contentUrl\":\"https:\/\/www.esolutions.free2move.com\/eu\/wp-content\/uploads\/2024\/03\/logo-f2m-horizontal-1-1-1.png\",\"width\":865,\"height\":218,\"caption\":\"eSolutions europe\"},\"image\":{\"@id\":\"https:\/\/test.esolutions.free2move.com\/eu\/en_it\/#\/schema\/logo\/image\/\"}}]}<\/script>\n<!-- \/ Yoast SEO plugin. -->","yoast_head_json":{"title":"Luigi Michi - eSolution europe","robots":{"index":"index","follow":"follow","max-snippet":"max-snippet:-1","max-image-preview":"max-image-preview:large","max-video-preview":"max-video-preview:-1"},"canonical":"https:\/\/test.esolutions.free2move.com\/eu\/en_def\/governance-ethics\/luigi-michi\/","og_locale":"it_IT","og_type":"article","og_title":"Luigi Michi - eSolution europe","og_description":"HomeLuigi Michi Direttore &nbsp; Luigi Michi, nato in Italia nel 1958, si \u00e8 laureato cum laudae in Ingegneria elettrica. Recentemente \u00e8 stato nominato Senior Advisor di \"Key to energy\", una societ\u00e0 di consulenza energetica esperta e preparata, che si occupa di un'ampia gamma di argomenti relativi all'elettricit\u00e0 e al gas nel settore energetico. Con una significativa esperienza ultratrentennale nel settore ... Read More","og_url":"https:\/\/test.esolutions.free2move.com\/eu\/en_def\/governance-ethics\/luigi-michi\/","og_site_name":"eSolution europe","twitter_card":"summary_large_image","twitter_misc":{"Est. reading time":"2 minutes"},"schema":{"@context":"https:\/\/schema.org","@graph":[{"@type":"WebPage","@id":"https:\/\/test.esolutions.free2move.com\/eu\/en_def\/governance-ethics\/luigi-michi\/","url":"https:\/\/test.esolutions.free2move.com\/eu\/en_def\/governance-ethics\/luigi-michi\/","name":"Luigi Michi - eSolution europe","isPartOf":{"@id":"https:\/\/test.esolutions.free2move.com\/eu\/en_it\/#website"},"datePublished":"2024-03-18T14:46:46+00:00","breadcrumb":{"@id":"https:\/\/test.esolutions.free2move.com\/eu\/en_def\/governance-ethics\/luigi-michi\/#breadcrumb"},"inLanguage":"it-ch","potentialAction":[{"@type":"ReadAction","target":["https:\/\/test.esolutions.free2move.com\/eu\/en_def\/governance-ethics\/luigi-michi\/"]}]},{"@type":"BreadcrumbList","@id":"https:\/\/test.esolutions.free2move.com\/eu\/en_def\/governance-ethics\/luigi-michi\/#breadcrumb","itemListElement":[{"@type":"ListItem","position":1,"name":"Home","item":"https:\/\/test.esolutions.free2move.com\/eu\/it_ch\/"},{"@type":"ListItem","position":2,"name":"Governance ed etica","item":"https:\/\/test.esolutions.free2move.com\/eu\/en_def\/governance-ethics\/"},{"@type":"ListItem","position":3,"name":"Luigi Michi"}]},{"@type":"WebSite","@id":"https:\/\/test.esolutions.free2move.com\/eu\/en_it\/#website","url":"https:\/\/test.esolutions.free2move.com\/eu\/en_it\/","name":"eSolutions europe","description":"","publisher":{"@id":"https:\/\/test.esolutions.free2move.com\/eu\/en_it\/#organization"},"potentialAction":[{"@type":"SearchAction","target":{"@type":"EntryPoint","urlTemplate":"https:\/\/test.esolutions.free2move.com\/eu\/en_it\/?s={search_term_string}"},"query-input":{"@type":"PropertyValueSpecification","valueRequired":true,"valueName":"search_term_string"}}],"inLanguage":"it-ch"},{"@type":"Organization","@id":"https:\/\/test.esolutions.free2move.com\/eu\/en_it\/#organization","name":"eSolutions europe","url":"https:\/\/test.esolutions.free2move.com\/eu\/en_it\/","logo":{"@type":"ImageObject","inLanguage":"it-ch","@id":"https:\/\/test.esolutions.free2move.com\/eu\/en_it\/#\/schema\/logo\/image\/","url":"https:\/\/www.esolutions.free2move.com\/eu\/wp-content\/uploads\/2024\/03\/logo-f2m-horizontal-1-1-1.png","contentUrl":"https:\/\/www.esolutions.free2move.com\/eu\/wp-content\/uploads\/2024\/03\/logo-f2m-horizontal-1-1-1.png","width":865,"height":218,"caption":"eSolutions europe"},"image":{"@id":"https:\/\/test.esolutions.free2move.com\/eu\/en_it\/#\/schema\/logo\/image\/"}}]}},"_links":{"self":[{"href":"https:\/\/test.esolutions.free2move.com\/eu\/it_ch\/wp-json\/wp\/v2\/pages\/23123","targetHints":{"allow":["GET"]}}],"collection":[{"href":"https:\/\/test.esolutions.free2move.com\/eu\/it_ch\/wp-json\/wp\/v2\/pages"}],"about":[{"href":"https:\/\/test.esolutions.free2move.com\/eu\/it_ch\/wp-json\/wp\/v2\/types\/page"}],"author":[{"embeddable":true,"href":"https:\/\/test.esolutions.free2move.com\/eu\/it_ch\/wp-json\/wp\/v2\/users\/1"}],"replies":[{"embeddable":true,"href":"https:\/\/test.esolutions.free2move.com\/eu\/it_ch\/wp-json\/wp\/v2\/comments?post=23123"}],"version-history":[{"count":0,"href":"https:\/\/test.esolutions.free2move.com\/eu\/it_ch\/wp-json\/wp\/v2\/pages\/23123\/revisions"}],"up":[{"embeddable":true,"href":"https:\/\/test.esolutions.free2move.com\/eu\/it_ch\/wp-json\/wp\/v2\/pages\/23129"}],"wp:attachment":[{"href":"https:\/\/test.esolutions.free2move.com\/eu\/it_ch\/wp-json\/wp\/v2\/media?parent=23123"}],"curies":[{"name":"wp","href":"https:\/\/api.w.org\/{rel}","templated":true}]}}