{"id":23126,"date":"2024-03-18T14:40:52","date_gmt":"2024-03-18T14:40:52","guid":{"rendered":"https:\/\/test.esolutions.free2move.com\/eu\/brigitte-courtehoux\/"},"modified":"2024-03-18T14:40:52","modified_gmt":"2024-03-18T14:40:52","slug":"brigitte-courtehoux","status":"publish","type":"page","link":"https:\/\/test.esolutions.free2move.com\/eu\/it_ch\/governance-ed-etica\/brigitte-courtehoux\/","title":{"rendered":"Brigitte Courtehoux"},"content":{"rendered":"<div id=\"cs-content\" class=\"cs-content\"><nav class=\"x-crumbs e12583-e1 m9pj-0\" role=\"navigation\"><ol class=\"x-crumbs-list\" itemscope=\"\" itemtype=\"http:\/\/schema.org\/BreadcrumbList\" aria-label=\"Breadcrumb Navigation\"><li class=\"x-crumbs-list-item\" itemprop=\"itemListElement\" itemscope itemtype=\"http:\/\/schema.org\/ListItem\"><a class=\"x-crumbs-current x-crumbs-link\" itemtype=\"http:\/\/schema.org\/Thing\" itemprop=\"item\" href=\"https:\/\/test.esolutions.free2move.com\/eu\/it_ch\/\" title=\"You Are Here\"><span itemprop=\"name\">Home<\/span><\/a><meta itemprop=\"position\" content=\"1\"><\/li><\/ol><\/nav><div class=\"x-section e12583-e2 m9pj-1\"><div class=\"x-row x-container max width e12583-e3 m9pj-2 m9pj-3 m9pj-5 m9pj-6\"><div class=\"x-row-inner\"><div class=\"x-col e12583-e4 m9pj-8 m9pj-9 m9pj-a m9pj-b\"><span class=\"x-image e12583-e5 m9pj-f\"><img decoding=\"async\" src=\"https:\/\/test.esolutions.free2move.com\/eu\/wp-content\/uploads\/2024\/03\/GovernanceEthics_Brigitte-Courtehou-copia-1.jpg\" width=\"146\" height=\"134\" alt=\"Image\" loading=\"lazy\"><\/span><\/div><div class=\"x-col e12583-e6 m9pj-8 m9pj-a m9pj-c m9pj-d es_gap\"><div class=\"x-row e12583-e7 m9pj-3 m9pj-4 m9pj-5 m9pj-7\"><div class=\"x-row-inner\"><div class=\"x-col e12583-e8 m9pj-8 m9pj-9 m9pj-d m9pj-e es_gap\"><div class=\"x-text x-text-headline e12583-e9 m9pj-g\"><div class=\"x-text-content\"><div class=\"x-text-content-text\"><h2 class=\"x-text-content-text-primary\">Brigitte Courtehoux<\/h2><\/div><\/div><\/div><\/div><\/div><\/div><div class=\"x-text x-content e12583-e10 m9pj-h\"><div class=\"ewa-rteLine\"><strong>Direttore<\/strong><\/div>\n<div class=\"ewa-rteLine\"><\/div>\n<div class=\"ewa-rteLine\">Brigitte Courtehoux \u00e8 amministratore delegato di Free2move e membro del Top Executive Team di Stellantis.<br>\nLa sua carriera si \u00e8 sviluppata dapprima in 3 anni presso \"Electricit\u00e9 de France\", poi nel 1998 \u00e8 entrata nell'industria automobilistica presso Groupe PSA e ha ricoperto ruoli di responsabile della pianificazione e della qualit\u00e0 in diversi progetti automobilistici.<br>\nNel 2008 e nel 2009 \u00e8 stata Vicepresidente responsabile della Torre di Controllo Qualit\u00e0 mondiale.<br>\nTra il 2010 e il 2013, in qualit\u00e0 di Global Project Director, ha gestito e lanciato con successo il crossover Peugeot \"2008\" nei mercati europeo, latinoamericano e cinese.<br>\nNel settembre 2013 \u00e8 stata nominata Vicepresidente senior, responsabile della Business Unit Mobilit\u00e0 e servizi correlati. Nel settembre 2016 ha lanciato il marchio Free2move.<br>\nNel 2018 \u00e8 diventata Vicepresidente esecutivo e membro del Comitato esecutivo globale di Groupe PSA e nel gennaio 2021 del Top Executive Team di Stellantis.<br>\nBrigitte Courtehoux ha conseguito una laurea in ingegneria presso l'Institut National Polytechnique de Grenoble e un Executive MBA presso la HEC Paris Business School.<\/div><\/div><\/div><\/div><\/div><\/div><\/div>\n","protected":false},"excerpt":{"rendered":"<p>HomeBrigitte CourtehouxDirettore Brigitte Courtehoux \u00e8 amministratore delegato di Free2move e membro del Top Executive Team di Stellantis. La sua carriera si \u00e8 sviluppata dapprima in 3 anni presso &#8220;Electricit\u00e9 de France&#8221;, poi nel 1998 \u00e8 entrata nell&#8217;industria automobilistica presso Groupe PSA e ha ricoperto ruoli di responsabile della pianificazione e della qualit\u00e0 in diversi progetti automobilistici. Nel 2008 e nel &#8230; <\/p>\n<div><a href=\"https:\/\/test.esolutions.free2move.com\/eu\/it_ch\/governance-ed-etica\/brigitte-courtehoux\/\" class=\"more-link\">Read More<\/a><\/div>\n","protected":false},"author":1,"featured_media":0,"parent":23129,"menu_order":0,"comment_status":"closed","ping_status":"closed","template":"template-blank-4.php","meta":{"_acf_changed":false,"inline_featured_image":false,"footnotes":""},"class_list":["post-23126","page","type-page","status-publish","hentry","no-post-thumbnail"],"acf":[],"yoast_head":"<!-- This site is optimized with the Yoast SEO plugin v24.4 - https:\/\/yoast.com\/wordpress\/plugins\/seo\/ -->\n<title>Brigitte Courtehoux - eSolution europe<\/title>\n<meta name=\"robots\" content=\"index, follow, max-snippet:-1, max-image-preview:large, max-video-preview:-1\" \/>\n<link rel=\"canonical\" href=\"https:\/\/test.esolutions.free2move.com\/eu\/en_def\/governance-ethics\/brigitte-courtehoux\/\" \/>\n<meta property=\"og:locale\" content=\"it_IT\" \/>\n<meta property=\"og:type\" content=\"article\" \/>\n<meta property=\"og:title\" content=\"Brigitte Courtehoux - eSolution europe\" \/>\n<meta property=\"og:description\" content=\"HomeBrigitte CourtehouxDirettore Brigitte Courtehoux \u00e8 amministratore delegato di Free2move e membro del Top Executive Team di Stellantis. La sua carriera si \u00e8 sviluppata dapprima in 3 anni presso &quot;Electricit\u00e9 de France&quot;, poi nel 1998 \u00e8 entrata nell&#039;industria automobilistica presso Groupe PSA e ha ricoperto ruoli di responsabile della pianificazione e della qualit\u00e0 in diversi progetti automobilistici. Nel 2008 e nel ... Read More\" \/>\n<meta property=\"og:url\" content=\"https:\/\/test.esolutions.free2move.com\/eu\/en_def\/governance-ethics\/brigitte-courtehoux\/\" \/>\n<meta property=\"og:site_name\" content=\"eSolution europe\" \/>\n<meta name=\"twitter:card\" content=\"summary_large_image\" \/>\n<meta name=\"twitter:label1\" content=\"Est. reading time\" \/>\n\t<meta name=\"twitter:data1\" content=\"1 minute\" \/>\n<script type=\"application\/ld+json\" class=\"yoast-schema-graph\">{\"@context\":\"https:\/\/schema.org\",\"@graph\":[{\"@type\":\"WebPage\",\"@id\":\"https:\/\/test.esolutions.free2move.com\/eu\/en_def\/governance-ethics\/brigitte-courtehoux\/\",\"url\":\"https:\/\/test.esolutions.free2move.com\/eu\/en_def\/governance-ethics\/brigitte-courtehoux\/\",\"name\":\"Brigitte Courtehoux - eSolution europe\",\"isPartOf\":{\"@id\":\"https:\/\/test.esolutions.free2move.com\/eu\/en_it\/#website\"},\"datePublished\":\"2024-03-18T14:40:52+00:00\",\"breadcrumb\":{\"@id\":\"https:\/\/test.esolutions.free2move.com\/eu\/en_def\/governance-ethics\/brigitte-courtehoux\/#breadcrumb\"},\"inLanguage\":\"it-ch\",\"potentialAction\":[{\"@type\":\"ReadAction\",\"target\":[\"https:\/\/test.esolutions.free2move.com\/eu\/en_def\/governance-ethics\/brigitte-courtehoux\/\"]}]},{\"@type\":\"BreadcrumbList\",\"@id\":\"https:\/\/test.esolutions.free2move.com\/eu\/en_def\/governance-ethics\/brigitte-courtehoux\/#breadcrumb\",\"itemListElement\":[{\"@type\":\"ListItem\",\"position\":1,\"name\":\"Home\",\"item\":\"https:\/\/test.esolutions.free2move.com\/eu\/it_ch\/\"},{\"@type\":\"ListItem\",\"position\":2,\"name\":\"Governance ed etica\",\"item\":\"https:\/\/test.esolutions.free2move.com\/eu\/en_def\/governance-ethics\/\"},{\"@type\":\"ListItem\",\"position\":3,\"name\":\"Brigitte Courtehoux\"}]},{\"@type\":\"WebSite\",\"@id\":\"https:\/\/test.esolutions.free2move.com\/eu\/en_it\/#website\",\"url\":\"https:\/\/test.esolutions.free2move.com\/eu\/en_it\/\",\"name\":\"eSolutions europe\",\"description\":\"\",\"publisher\":{\"@id\":\"https:\/\/test.esolutions.free2move.com\/eu\/en_it\/#organization\"},\"potentialAction\":[{\"@type\":\"SearchAction\",\"target\":{\"@type\":\"EntryPoint\",\"urlTemplate\":\"https:\/\/test.esolutions.free2move.com\/eu\/en_it\/?s={search_term_string}\"},\"query-input\":{\"@type\":\"PropertyValueSpecification\",\"valueRequired\":true,\"valueName\":\"search_term_string\"}}],\"inLanguage\":\"it-ch\"},{\"@type\":\"Organization\",\"@id\":\"https:\/\/test.esolutions.free2move.com\/eu\/en_it\/#organization\",\"name\":\"eSolutions europe\",\"url\":\"https:\/\/test.esolutions.free2move.com\/eu\/en_it\/\",\"logo\":{\"@type\":\"ImageObject\",\"inLanguage\":\"it-ch\",\"@id\":\"https:\/\/test.esolutions.free2move.com\/eu\/en_it\/#\/schema\/logo\/image\/\",\"url\":\"https:\/\/www.esolutions.free2move.com\/eu\/wp-content\/uploads\/2024\/03\/logo-f2m-horizontal-1-1-1.png\",\"contentUrl\":\"https:\/\/www.esolutions.free2move.com\/eu\/wp-content\/uploads\/2024\/03\/logo-f2m-horizontal-1-1-1.png\",\"width\":865,\"height\":218,\"caption\":\"eSolutions europe\"},\"image\":{\"@id\":\"https:\/\/test.esolutions.free2move.com\/eu\/en_it\/#\/schema\/logo\/image\/\"}}]}<\/script>\n<!-- \/ Yoast SEO plugin. -->","yoast_head_json":{"title":"Brigitte Courtehoux - eSolution europe","robots":{"index":"index","follow":"follow","max-snippet":"max-snippet:-1","max-image-preview":"max-image-preview:large","max-video-preview":"max-video-preview:-1"},"canonical":"https:\/\/test.esolutions.free2move.com\/eu\/en_def\/governance-ethics\/brigitte-courtehoux\/","og_locale":"it_IT","og_type":"article","og_title":"Brigitte Courtehoux - eSolution europe","og_description":"HomeBrigitte CourtehouxDirettore Brigitte Courtehoux \u00e8 amministratore delegato di Free2move e membro del Top Executive Team di Stellantis. La sua carriera si \u00e8 sviluppata dapprima in 3 anni presso \"Electricit\u00e9 de France\", poi nel 1998 \u00e8 entrata nell'industria automobilistica presso Groupe PSA e ha ricoperto ruoli di responsabile della pianificazione e della qualit\u00e0 in diversi progetti automobilistici. Nel 2008 e nel ... Read More","og_url":"https:\/\/test.esolutions.free2move.com\/eu\/en_def\/governance-ethics\/brigitte-courtehoux\/","og_site_name":"eSolution europe","twitter_card":"summary_large_image","twitter_misc":{"Est. reading time":"1 minute"},"schema":{"@context":"https:\/\/schema.org","@graph":[{"@type":"WebPage","@id":"https:\/\/test.esolutions.free2move.com\/eu\/en_def\/governance-ethics\/brigitte-courtehoux\/","url":"https:\/\/test.esolutions.free2move.com\/eu\/en_def\/governance-ethics\/brigitte-courtehoux\/","name":"Brigitte Courtehoux - eSolution europe","isPartOf":{"@id":"https:\/\/test.esolutions.free2move.com\/eu\/en_it\/#website"},"datePublished":"2024-03-18T14:40:52+00:00","breadcrumb":{"@id":"https:\/\/test.esolutions.free2move.com\/eu\/en_def\/governance-ethics\/brigitte-courtehoux\/#breadcrumb"},"inLanguage":"it-ch","potentialAction":[{"@type":"ReadAction","target":["https:\/\/test.esolutions.free2move.com\/eu\/en_def\/governance-ethics\/brigitte-courtehoux\/"]}]},{"@type":"BreadcrumbList","@id":"https:\/\/test.esolutions.free2move.com\/eu\/en_def\/governance-ethics\/brigitte-courtehoux\/#breadcrumb","itemListElement":[{"@type":"ListItem","position":1,"name":"Home","item":"https:\/\/test.esolutions.free2move.com\/eu\/it_ch\/"},{"@type":"ListItem","position":2,"name":"Governance ed etica","item":"https:\/\/test.esolutions.free2move.com\/eu\/en_def\/governance-ethics\/"},{"@type":"ListItem","position":3,"name":"Brigitte Courtehoux"}]},{"@type":"WebSite","@id":"https:\/\/test.esolutions.free2move.com\/eu\/en_it\/#website","url":"https:\/\/test.esolutions.free2move.com\/eu\/en_it\/","name":"eSolutions europe","description":"","publisher":{"@id":"https:\/\/test.esolutions.free2move.com\/eu\/en_it\/#organization"},"potentialAction":[{"@type":"SearchAction","target":{"@type":"EntryPoint","urlTemplate":"https:\/\/test.esolutions.free2move.com\/eu\/en_it\/?s={search_term_string}"},"query-input":{"@type":"PropertyValueSpecification","valueRequired":true,"valueName":"search_term_string"}}],"inLanguage":"it-ch"},{"@type":"Organization","@id":"https:\/\/test.esolutions.free2move.com\/eu\/en_it\/#organization","name":"eSolutions europe","url":"https:\/\/test.esolutions.free2move.com\/eu\/en_it\/","logo":{"@type":"ImageObject","inLanguage":"it-ch","@id":"https:\/\/test.esolutions.free2move.com\/eu\/en_it\/#\/schema\/logo\/image\/","url":"https:\/\/www.esolutions.free2move.com\/eu\/wp-content\/uploads\/2024\/03\/logo-f2m-horizontal-1-1-1.png","contentUrl":"https:\/\/www.esolutions.free2move.com\/eu\/wp-content\/uploads\/2024\/03\/logo-f2m-horizontal-1-1-1.png","width":865,"height":218,"caption":"eSolutions europe"},"image":{"@id":"https:\/\/test.esolutions.free2move.com\/eu\/en_it\/#\/schema\/logo\/image\/"}}]}},"_links":{"self":[{"href":"https:\/\/test.esolutions.free2move.com\/eu\/it_ch\/wp-json\/wp\/v2\/pages\/23126","targetHints":{"allow":["GET"]}}],"collection":[{"href":"https:\/\/test.esolutions.free2move.com\/eu\/it_ch\/wp-json\/wp\/v2\/pages"}],"about":[{"href":"https:\/\/test.esolutions.free2move.com\/eu\/it_ch\/wp-json\/wp\/v2\/types\/page"}],"author":[{"embeddable":true,"href":"https:\/\/test.esolutions.free2move.com\/eu\/it_ch\/wp-json\/wp\/v2\/users\/1"}],"replies":[{"embeddable":true,"href":"https:\/\/test.esolutions.free2move.com\/eu\/it_ch\/wp-json\/wp\/v2\/comments?post=23126"}],"version-history":[{"count":0,"href":"https:\/\/test.esolutions.free2move.com\/eu\/it_ch\/wp-json\/wp\/v2\/pages\/23126\/revisions"}],"up":[{"embeddable":true,"href":"https:\/\/test.esolutions.free2move.com\/eu\/it_ch\/wp-json\/wp\/v2\/pages\/23129"}],"wp:attachment":[{"href":"https:\/\/test.esolutions.free2move.com\/eu\/it_ch\/wp-json\/wp\/v2\/media?parent=23126"}],"curies":[{"name":"wp","href":"https:\/\/api.w.org\/{rel}","templated":true}]}}