{"id":23128,"date":"2024-03-18T13:45:26","date_gmt":"2024-03-18T13:45:26","guid":{"rendered":"https:\/\/test.esolutions.free2move.com\/eu\/lavora-con-noi\/"},"modified":"2024-03-18T13:45:26","modified_gmt":"2024-03-18T13:45:26","slug":"lavora-con-noi","status":"publish","type":"page","link":"https:\/\/test.esolutions.free2move.com\/eu\/it_ch\/lavora-con-noi\/","title":{"rendered":"Lavora con noi"},"content":{"rendered":"<div id=\"cs-content\" class=\"cs-content\"><nav class=\"x-crumbs e12800-e1 m9vk-0\" role=\"navigation\"><ol class=\"x-crumbs-list\" itemscope=\"\" itemtype=\"http:\/\/schema.org\/BreadcrumbList\" aria-label=\"Breadcrumb Navigation\"><li class=\"x-crumbs-list-item\" itemprop=\"itemListElement\" itemscope itemtype=\"http:\/\/schema.org\/ListItem\"><a class=\"x-crumbs-current x-crumbs-link\" itemtype=\"http:\/\/schema.org\/Thing\" itemprop=\"item\" href=\"https:\/\/test.esolutions.free2move.com\/eu\/it_ch\/\" title=\"You Are Here\"><span itemprop=\"name\">Home<\/span><\/a><meta itemprop=\"position\" content=\"1\"><\/li><\/ol><\/nav><div class=\"x-section e12800-e2 m9vk-1 m9vk-2 m9vk-3 m9vk-4\"><div class=\"x-row x-container max width e12800-e3 m9vk-8 m9vk-9 m9vk-a m9vk-f\"><div class=\"x-row-inner\"><div class=\"x-col e12800-e4 m9vk-q m9vk-r m9vk-s m9vk-t m9vk-u m9vk-v m9vk-w m9vk-x es_gap\"><div class=\"x-div e12800-e5 m9vk-14 m9vk-15 m9vk-16 m9vk-17 m9vk-18\"><div class=\"x-text x-text-headline e12800-e6 m9vk-1e m9vk-1f m9vk-1g m9vk-1h\"><div class=\"x-text-content\"><div class=\"x-text-content-text\"><h2 class=\"x-text-content-text-primary\">Lavora con noi<\/h2><\/div><\/div><\/div><div class=\"x-text x-content e12800-e7 m9vk-1l m9vk-1m m9vk-1n m9vk-1o m9vk-1p m9vk-1q m9vk-1r m9vk-1s\"><p>Unisciti al movimento per il cambiamento con Free2move eSolutions!<\/p><\/div><\/div><\/div><div class=\"x-col e12800-e8 m9vk-v m9vk-w m9vk-x\"><span class=\"x-image e12800-e9 m9vk-23 m9vk-24\"><img decoding=\"async\" src=\"https:\/\/test.esolutions.free2move.com\/eu\/wp-content\/uploads\/2024\/04\/AdobeStock_583892761-scaled.jpeg\" width=\"2560\" height=\"1414\" alt=\"Image\" loading=\"lazy\"><\/span><\/div><\/div><\/div><\/div><div class=\"x-section e12800-e10 m9vk-1 m9vk-5\"><div class=\"x-row x-container max width e12800-e11 m9vk-8 m9vk-9 m9vk-b m9vk-g m9vk-h\"><div class=\"x-row-inner\"><div class=\"x-col e12800-e12 m9vk-q m9vk-r m9vk-s m9vk-t m9vk-u m9vk-w m9vk-x m9vk-y mobile_hidden\"><hr class=\"x-line e12800-e13 m9vk-28\"\/><\/div><div class=\"x-col e12800-e14 m9vk-w m9vk-x m9vk-y es_gap\"><div class=\"x-row e12800-e15 m9vk-8 m9vk-9 m9vk-b m9vk-g m9vk-i\"><div class=\"x-row-inner\"><div class=\"x-col e12800-e16 m9vk-w m9vk-x m9vk-y\"><div class=\"x-text x-content e12800-e17 m9vk-1m m9vk-1p m9vk-1q m9vk-1r m9vk-1t m9vk-1u\"><p>La nostra missione \u00e8 rivoluzionare il settore della mobilit\u00e0 elettrica e abbiamo bisogno di persone appassionate come te che ci aiutino a realizzarlo. In Free2move eSolutions valorizziamo e potenziamo i nostri diversi talenti, promuovendo una cultura di eccellenza, innovazione e leadership.<\/p><\/div><\/div><\/div><\/div><\/div><\/div><\/div><\/div><div class=\"x-section e12800-e18 m9vk-1 m9vk-2 m9vk-3 m9vk-4 m9vk-6\"><div class=\"x-div e12800-e19 m9vk-14 m9vk-15 m9vk-17 m9vk-18 m9vk-19 es_full_container\"><div class=\"x-text x-text-headline e12800-e20 m9vk-1f m9vk-1h m9vk-1i m9vk-1j\"><div class=\"x-text-content\"><div class=\"x-text-content-text\"><h3 class=\"x-text-content-text-primary\">I nostri punti di forza<\/h3><\/div><\/div><\/div><div class=\"x-row e12800-e21 m9vk-8 m9vk-b m9vk-c m9vk-d m9vk-g m9vk-j es_card_container\"><div class=\"x-row-inner\"><div class=\"x-col e12800-e22 m9vk-q m9vk-r m9vk-v m9vk-w m9vk-x m9vk-z m9vk-10 e_home_card\"><div class=\"x-div e12800-e23 m9vk-15 m9vk-16 m9vk-17 m9vk-1a m9vk-1b m9vk-1c text-l\"><span class=\"x-image e12800-e24 m9vk-23 m9vk-25 m9vk-26\"><img decoding=\"async\" src=\"https:\/\/test.esolutions.free2move.com\/eu\/wp-content\/uploads\/2024\/04\/Icon-27.svg\" width=\"71\" height=\"71\" alt=\"Image\" loading=\"lazy\"><\/span><div class=\"x-text x-content e12800-e25 m9vk-1m m9vk-1o m9vk-1p m9vk-1q m9vk-1s m9vk-1v m9vk-1w m9vk-1x\"><p>Apprendimento continuo<\/p><\/div><div class=\"x-text x-content e12800-e26 m9vk-1m m9vk-1n m9vk-1o m9vk-1s m9vk-1w m9vk-1x m9vk-1y m9vk-1z\"><div class=\"col col-md-4 col-xxl mb-3 mx-0 mx-xxl-2 text-center\">Accedi al nostro eLearning Hub, una piattaforma all'avanguardia condivisa con il Gruppo Stellantis, che offre opportunit\u00e0 di apprendimento scalabili e orientate al futuro, disponibili 24 ore su 24, 7 giorni su 7.<\/div><\/div><\/div><\/div><div class=\"x-col e12800-e27 m9vk-q m9vk-r m9vk-v m9vk-w m9vk-x m9vk-z m9vk-10 e_home_card\"><div class=\"x-div e12800-e28 m9vk-15 m9vk-16 m9vk-17 m9vk-1a m9vk-1b m9vk-1c text-l\"><span class=\"x-image e12800-e29 m9vk-23 m9vk-25 m9vk-26\"><img decoding=\"async\" src=\"https:\/\/test.esolutions.free2move.com\/eu\/wp-content\/uploads\/2024\/04\/Icon-18.svg\" width=\"71\" height=\"71\" alt=\"Image\" loading=\"lazy\"><\/span><div class=\"x-text x-content e12800-e30 m9vk-1m m9vk-1o m9vk-1p m9vk-1q m9vk-1s m9vk-1v m9vk-1w m9vk-1x\"><p>Tecnologia<\/p><\/div><div class=\"x-text x-content e12800-e31 m9vk-1m m9vk-1n m9vk-1s m9vk-1w m9vk-1x m9vk-1y m9vk-1z m9vk-20\"><div class=\"col col-md-4 col-xxl mb-3 mx-0 mx-xxl-2 text-center\">Goditi la collaborazione virtuale e workstation professionali di prim'ordine per alimentare la tua creativit\u00e0 e produttivit\u00e0.<\/div><\/div><\/div><\/div><div class=\"x-col e12800-e32 m9vk-q m9vk-r m9vk-v m9vk-w m9vk-x m9vk-z m9vk-10 e_home_card\"><div class=\"x-div e12800-e33 m9vk-15 m9vk-16 m9vk-17 m9vk-1a m9vk-1b m9vk-1c text-l\"><span class=\"x-image e12800-e34 m9vk-23 m9vk-25 m9vk-26\"><img decoding=\"async\" src=\"https:\/\/test.esolutions.free2move.com\/eu\/wp-content\/uploads\/2024\/04\/Icon-59.svg\" width=\"71\" height=\"71\" alt=\"Image\" loading=\"lazy\"><\/span><div class=\"x-text x-content e12800-e35 m9vk-1m m9vk-1o m9vk-1p m9vk-1q m9vk-1s m9vk-1v m9vk-1w m9vk-1x\"><p>Lavoro familiare<\/p><\/div><div class=\"x-text x-content e12800-e36 m9vk-1m m9vk-1n m9vk-1o m9vk-1s m9vk-1w m9vk-1x m9vk-1y m9vk-1z\"><div class=\"col col-md-4 col-xxl mb-3 mx-0 mx-xxl-2 text-center\">Sperimenta un approccio rivoluzionario all'equilibrio tra lavoro e vita privata, con la famiglia al centro della nostra cultura.<\/div><\/div><\/div><\/div><div class=\"x-col e12800-e37 m9vk-q m9vk-r m9vk-v m9vk-w m9vk-x m9vk-z m9vk-10 e_home_card\"><div class=\"x-div e12800-e38 m9vk-15 m9vk-16 m9vk-17 m9vk-1a m9vk-1b m9vk-1c text-l\"><span class=\"x-image e12800-e39 m9vk-23 m9vk-25 m9vk-26\"><img decoding=\"async\" src=\"https:\/\/test.esolutions.free2move.com\/eu\/wp-content\/uploads\/2024\/03\/Icon-6.svg\" width=\"71\" height=\"71\" alt=\"Image\" loading=\"lazy\"><\/span><div class=\"x-text x-content e12800-e40 m9vk-1m m9vk-1o m9vk-1p m9vk-1q m9vk-1s m9vk-1v m9vk-1w m9vk-1x\"><p>Flessibilit\u00e0 del lavoro<\/p><\/div><div class=\"x-text x-content e12800-e41 m9vk-1m m9vk-1n m9vk-1o m9vk-1s m9vk-1w m9vk-1x m9vk-1y m9vk-1z\"><div class=\"col col-md-4 col-xxl mb-3 mx-0 mx-xxl-2 text-center\">Con la nostra programmazione flessibile e il lavoro agile, puoi gestire il tuo orario di lavoro bilanciando le tue esigenze con quelle aziendali.<\/div><\/div><\/div><\/div><div class=\"x-col e12800-e42 m9vk-q m9vk-r m9vk-v m9vk-w m9vk-x m9vk-z m9vk-10 e_home_card\"><div class=\"x-div e12800-e43 m9vk-15 m9vk-16 m9vk-17 m9vk-1a m9vk-1b m9vk-1c text-l\"><span class=\"x-image e12800-e44 m9vk-23 m9vk-25 m9vk-26\"><img decoding=\"async\" src=\"https:\/\/test.esolutions.free2move.com\/eu\/wp-content\/uploads\/2024\/04\/Icon-10.svg\" width=\"71\" height=\"71\" alt=\"Image\" loading=\"lazy\"><\/span><div class=\"x-text x-content e12800-e45 m9vk-1m m9vk-1o m9vk-1p m9vk-1q m9vk-1s m9vk-1v m9vk-1w m9vk-1x\">Benessere<\/div><div class=\"x-text x-content e12800-e46 m9vk-1m m9vk-1n m9vk-1o m9vk-1s m9vk-1w m9vk-1x m9vk-1y m9vk-1z\"><div class=\"container fondo-verde\">\n<div class=\"internal_white_box\">\n<div class=\"row row_product mt-0\">\n<div class=\"col-md-12 pb-0\">\n<div class=\"strength_blocks\">\n<div class=\"row d-flex justify-content-center\">\n<div class=\"col col-md-4 col-xxl mb-3 mx-0 mx-xxl-2 text-center\">Utilizza la nostra app per il benessere per misurare e migliorare il tuo impegno, motivazione e livelli di stress.<\/div>\n<\/div>\n<\/div>\n<\/div>\n<\/div>\n<\/div>\n<\/div><\/div><\/div><\/div><div class=\"x-col e12800-e47 m9vk-q m9vk-r m9vk-v m9vk-w m9vk-x m9vk-z m9vk-10 e_home_card\"><div class=\"x-div e12800-e48 m9vk-15 m9vk-16 m9vk-17 m9vk-1a m9vk-1b m9vk-1c text-l\"><span class=\"x-image e12800-e49 m9vk-23 m9vk-25 m9vk-26\"><img decoding=\"async\" src=\"https:\/\/test.esolutions.free2move.com\/eu\/wp-content\/uploads\/2024\/03\/Icon-23.svg\" width=\"71\" height=\"71\" alt=\"Image\" loading=\"lazy\"><\/span><div class=\"x-text x-content e12800-e50 m9vk-1m m9vk-1o m9vk-1p m9vk-1q m9vk-1s m9vk-1v m9vk-1w m9vk-1x\"><p>Piano di welfare<\/p><\/div><div class=\"x-text x-content e12800-e51 m9vk-1m m9vk-1n m9vk-1o m9vk-1s m9vk-1w m9vk-1x m9vk-1y m9vk-1z\"><div class=\"container fondo-verde\">\n<div class=\"internal_white_box\">\n<div class=\"row row_product mt-0\">\n<div class=\"col-md-12 pb-0\">\n<div class=\"strength_blocks\">\n<div class=\"row d-flex justify-content-center\">\n<div class=\"col col-md-4 col-xxl mb-3 mx-0 mx-xxl-2 text-center\">Approfitta di un insieme completo di iniziative e vantaggi pensati per migliorare la qualit\u00e0 della tua vita e il tuo benessere, per te e la tua famiglia.<\/div>\n<\/div>\n<\/div>\n<\/div>\n<\/div>\n<\/div>\n<\/div><\/div><\/div><\/div><\/div><\/div><\/div><\/div><div class=\"x-section e12800-e52 m9vk-1 m9vk-2 m9vk-4\"><div class=\"x-row x-container max width e12800-e53 m9vk-8 m9vk-9 m9vk-b m9vk-e m9vk-g m9vk-k\"><div class=\"x-row-inner\"><div class=\"x-col e12800-e54 m9vk-q m9vk-r m9vk-s m9vk-t m9vk-u m9vk-w m9vk-x m9vk-y es_gap\"><div class=\"x-row e12800-e55 m9vk-8 m9vk-9 m9vk-b m9vk-g m9vk-l\"><div class=\"x-row-inner\"><div class=\"x-col e12800-e56 m9vk-w m9vk-x m9vk-y\"><div class=\"x-text x-content e12800-e57 m9vk-1m m9vk-1p m9vk-1t m9vk-1u m9vk-1x text-l\"><p>Unirti al nostro team? Ti assistiamo con il nostro efficace programma di onboarding, garantendo una transizione e un'integrazione fluide nella nostra cultura aziendale. Durante i tuoi primi 6 mesi presso Free2move eSolutions svolgerai una serie di attivit\u00e0 per supportarti meglio nell'acquisizione della cultura eSolutions. <br>Ti integrerai rapidamente in ogni ambiente e conoscerai ogni parte di eSolutions cos\u00ec potrai sentire fin dall'inizio di appartenere a questo posto. Parte delle attivit\u00e0 sono supportarti nella conoscenza dei nostri processi, nella conoscenza approfondita dei nostri prodotti sia hardware che digitali e nella condivisione dei valori aziendali.<\/p><\/div><\/div><\/div><\/div><\/div><\/div><\/div><\/div><div class=\"x-section e12800-e58 m9vk-1 m9vk-4 m9vk-7\"><div class=\"x-row x-container max width e12800-e59 m9vk-8 m9vk-9 m9vk-b m9vk-e m9vk-g m9vk-m\"><div class=\"x-row-inner\"><div class=\"x-col e12800-e60 m9vk-q m9vk-s m9vk-u m9vk-w m9vk-x m9vk-y m9vk-11 m9vk-12\"><span class=\"x-image e12800-e61 m9vk-23 m9vk-26 m9vk-27\"><img decoding=\"async\" src=\"https:\/\/test.esolutions.free2move.com\/eu\/wp-content\/uploads\/2024\/03\/Icon-13-2.png\" width=\"142\" height=\"142\" alt=\"Image\" loading=\"lazy\"><\/span><\/div><div class=\"x-col e12800-e62 m9vk-q m9vk-r m9vk-s m9vk-t m9vk-u m9vk-w m9vk-x m9vk-y es_gap\"><div class=\"x-row e12800-e63 m9vk-8 m9vk-9 m9vk-b m9vk-c m9vk-g m9vk-n\"><div class=\"x-row-inner\"><div class=\"x-col e12800-e64 m9vk-q m9vk-t m9vk-u m9vk-w m9vk-y m9vk-10 m9vk-11 m9vk-13 es_gap\"><div class=\"x-text x-text-headline e12800-e65 m9vk-1f m9vk-1g m9vk-1j m9vk-1k\"><div class=\"x-text-content\"><div class=\"x-text-content-text\"><h4 class=\"x-text-content-text-primary\"><strong>Pronto a far parte di qualcosa di pi\u00f9 grande? Siamo sempre alla ricerca di talenti!<\/strong><\/h4><\/div><\/div><\/div><div class=\"x-text x-content e12800-e66 m9vk-1m m9vk-1o m9vk-1p m9vk-1q m9vk-1r m9vk-1s m9vk-1t m9vk-21\"><div class=\"ewa-rteLine\">Esplora le nostre posizioni aperte e unisciti alla nostra community di talenti. Noi di Free2move eSolutions celebriamo la diversit\u00e0 e l'inclusivit\u00e0. Crediamo che ogni voce sia importante e cerchiamo attivamente persone di ogni provenienza che si uniscano al nostro team. Indipendentemente dalla tua cultura, sesso, abilit\u00e0 o identit\u00e0, qui troverai pari opportunit\u00e0 e una comunit\u00e0 accogliente.<\/div><\/div><div class=\"x-div e12800-e67 m9vk-14 m9vk-15 m9vk-16 m9vk-17 m9vk-18 m9vk-1a m9vk-1b\"><a class=\"x-div e12800-e68 m9vk-14 m9vk-15 m9vk-16 m9vk-1a m9vk-1d es_button_hover\" href=\"https:\/\/www.linkedin.com\/jobs\/search?keywords=Esolutions&amp;location=Italy&amp;locationId=&amp;geoId=103350119&amp;f_TPR=&amp;f_C=77398905&amp;position=1&amp;pageNum=0\" target=\"_blank\"><div class=\"x-text x-content e12800-e69 m9vk-1m m9vk-1o m9vk-1t m9vk-1x m9vk-1z m9vk-22\"><p>Per saperne di pi\u00f9<\/p><\/div><\/a><\/div><\/div><\/div><\/div><\/div><\/div><\/div><\/div><div class=\"x-section e12800-e70 m9vk-1 m9vk-4 m9vk-7\"><div class=\"x-row x-container max width e12800-e71 m9vk-8 m9vk-9 m9vk-b m9vk-e m9vk-g m9vk-o\"><div class=\"x-row-inner\"><div class=\"x-col e12800-e72 m9vk-q m9vk-s m9vk-u m9vk-w m9vk-x m9vk-y m9vk-11 m9vk-12\"><span class=\"x-image e12800-e73 m9vk-23 m9vk-26 m9vk-27\"><img decoding=\"async\" src=\"https:\/\/test.esolutions.free2move.com\/eu\/wp-content\/uploads\/2024\/03\/Icon-14-1.png\" width=\"142\" height=\"142\" alt=\"Image\" loading=\"lazy\"><\/span><\/div><div class=\"x-col e12800-e74 m9vk-q m9vk-r m9vk-s m9vk-t m9vk-u m9vk-w m9vk-x m9vk-y es_gap\"><div class=\"x-row e12800-e75 m9vk-8 m9vk-9 m9vk-b m9vk-c m9vk-g m9vk-p\"><div class=\"x-row-inner\"><div class=\"x-col e12800-e76 m9vk-q m9vk-t m9vk-u m9vk-w m9vk-y m9vk-10 m9vk-11 m9vk-13 es_gap\"><div class=\"x-text x-text-headline e12800-e77 m9vk-1f m9vk-1g m9vk-1j m9vk-1k\"><div class=\"x-text-content\"><div class=\"x-text-content-text\"><h4 class=\"x-text-content-text-primary\"><strong>Candidatura spontanea<\/strong><\/h4><\/div><\/div><\/div><div class=\"x-text x-content e12800-e78 m9vk-1m m9vk-1o m9vk-1p m9vk-1q m9vk-1r m9vk-1s m9vk-1t m9vk-21\"><div class=\"ewa-rteLine\">Anche se al momento non c'\u00e8 una posizione specifica per te, accogliamo candidature spontanee sia da giovani laureati che da professionisti esperti. Il tuo viaggio verso un futuro pi\u00f9 luminoso inizia qui da Free2move eSolutions!<\/div><\/div><div class=\"x-div e12800-e79 m9vk-14 m9vk-15 m9vk-16 m9vk-17 m9vk-18 m9vk-1a m9vk-1b\"><a class=\"x-div e12800-e80 m9vk-14 m9vk-15 m9vk-16 m9vk-1a m9vk-1d es_button_hover\" href=\".\/general-application\" target=\"_blank\"><div class=\"x-text x-content e12800-e81 m9vk-1m m9vk-1o m9vk-1t m9vk-1x m9vk-1z m9vk-22\"><p>Fare domanda a<\/p><\/div><\/a><\/div><\/div><\/div><\/div><\/div><\/div><\/div><\/div><\/div>\n","protected":false},"excerpt":{"rendered":"<p>HomeLavora con noiUnisciti al movimento per il cambiamento con Free2move eSolutions!La nostra missione \u00e8 rivoluzionare il settore della mobilit\u00e0 elettrica e abbiamo bisogno di persone appassionate come te che ci aiutino a realizzarlo. In Free2move eSolutions valorizziamo e potenziamo i nostri diversi talenti, promuovendo una cultura di eccellenza, innovazione e leadership.I nostri punti di forzaApprendimento continuoAccedi al nostro eLearning Hub, &#8230; <\/p>\n<div><a href=\"https:\/\/test.esolutions.free2move.com\/eu\/it_ch\/lavora-con-noi\/\" class=\"more-link\">Read More<\/a><\/div>\n","protected":false},"author":1,"featured_media":0,"parent":0,"menu_order":0,"comment_status":"closed","ping_status":"closed","template":"template-blank-4.php","meta":{"_acf_changed":false,"inline_featured_image":false,"footnotes":""},"class_list":["post-23128","page","type-page","status-publish","hentry","no-post-thumbnail"],"acf":[],"yoast_head":"<!-- This site is optimized with the Yoast SEO plugin v24.4 - https:\/\/yoast.com\/wordpress\/plugins\/seo\/ -->\n<title>Lavora con noi | Free2move eSolutions<\/title>\n<meta name=\"description\" content=\"Unisciti al nostro team di Free2move eSolutions e partecipa alla nostra missione per rivoluzionare il futuro della ricarica dei veicoli elettrici. Esplora subito le opportunit\u00e0 di carriera!\" \/>\n<meta name=\"robots\" content=\"index, follow, max-snippet:-1, max-image-preview:large, max-video-preview:-1\" \/>\n<link rel=\"canonical\" href=\"https:\/\/test.esolutions.free2move.com\/eu\/en_def\/work-with-us\/\" \/>\n<meta property=\"og:locale\" content=\"it_IT\" \/>\n<meta property=\"og:type\" content=\"article\" \/>\n<meta property=\"og:title\" content=\"Lavora con noi | Free2move eSolutions\" \/>\n<meta property=\"og:description\" content=\"Unisciti al nostro team di Free2move eSolutions e partecipa alla nostra missione per rivoluzionare il futuro della ricarica dei veicoli elettrici. Esplora subito le opportunit\u00e0 di carriera!\" \/>\n<meta property=\"og:url\" content=\"https:\/\/test.esolutions.free2move.com\/eu\/en_def\/work-with-us\/\" \/>\n<meta property=\"og:site_name\" content=\"eSolution europe\" \/>\n<meta name=\"twitter:card\" content=\"summary_large_image\" \/>\n<meta name=\"twitter:label1\" content=\"Est. reading time\" \/>\n\t<meta name=\"twitter:data1\" content=\"6 minutes\" \/>\n<script type=\"application\/ld+json\" class=\"yoast-schema-graph\">{\"@context\":\"https:\/\/schema.org\",\"@graph\":[{\"@type\":\"WebPage\",\"@id\":\"https:\/\/test.esolutions.free2move.com\/eu\/en_def\/work-with-us\/\",\"url\":\"https:\/\/test.esolutions.free2move.com\/eu\/en_def\/work-with-us\/\",\"name\":\"Lavora con noi | Free2move eSolutions\",\"isPartOf\":{\"@id\":\"https:\/\/test.esolutions.free2move.com\/eu\/en_it\/#website\"},\"datePublished\":\"2024-03-18T13:45:26+00:00\",\"description\":\"Unisciti al nostro team di Free2move eSolutions e partecipa alla nostra missione per rivoluzionare il futuro della ricarica dei veicoli elettrici. Esplora subito le opportunit\u00e0 di carriera!\",\"breadcrumb\":{\"@id\":\"https:\/\/test.esolutions.free2move.com\/eu\/en_def\/work-with-us\/#breadcrumb\"},\"inLanguage\":\"it-ch\",\"potentialAction\":[{\"@type\":\"ReadAction\",\"target\":[\"https:\/\/test.esolutions.free2move.com\/eu\/en_def\/work-with-us\/\"]}]},{\"@type\":\"BreadcrumbList\",\"@id\":\"https:\/\/test.esolutions.free2move.com\/eu\/en_def\/work-with-us\/#breadcrumb\",\"itemListElement\":[{\"@type\":\"ListItem\",\"position\":1,\"name\":\"Home\",\"item\":\"https:\/\/test.esolutions.free2move.com\/eu\/it_ch\/\"},{\"@type\":\"ListItem\",\"position\":2,\"name\":\"Lavora con noi\"}]},{\"@type\":\"WebSite\",\"@id\":\"https:\/\/test.esolutions.free2move.com\/eu\/en_it\/#website\",\"url\":\"https:\/\/test.esolutions.free2move.com\/eu\/en_it\/\",\"name\":\"eSolutions europe\",\"description\":\"\",\"publisher\":{\"@id\":\"https:\/\/test.esolutions.free2move.com\/eu\/en_it\/#organization\"},\"potentialAction\":[{\"@type\":\"SearchAction\",\"target\":{\"@type\":\"EntryPoint\",\"urlTemplate\":\"https:\/\/test.esolutions.free2move.com\/eu\/en_it\/?s={search_term_string}\"},\"query-input\":{\"@type\":\"PropertyValueSpecification\",\"valueRequired\":true,\"valueName\":\"search_term_string\"}}],\"inLanguage\":\"it-ch\"},{\"@type\":\"Organization\",\"@id\":\"https:\/\/test.esolutions.free2move.com\/eu\/en_it\/#organization\",\"name\":\"eSolutions europe\",\"url\":\"https:\/\/test.esolutions.free2move.com\/eu\/en_it\/\",\"logo\":{\"@type\":\"ImageObject\",\"inLanguage\":\"it-ch\",\"@id\":\"https:\/\/test.esolutions.free2move.com\/eu\/en_it\/#\/schema\/logo\/image\/\",\"url\":\"https:\/\/www.esolutions.free2move.com\/eu\/wp-content\/uploads\/2024\/03\/logo-f2m-horizontal-1-1-1.png\",\"contentUrl\":\"https:\/\/www.esolutions.free2move.com\/eu\/wp-content\/uploads\/2024\/03\/logo-f2m-horizontal-1-1-1.png\",\"width\":865,\"height\":218,\"caption\":\"eSolutions europe\"},\"image\":{\"@id\":\"https:\/\/test.esolutions.free2move.com\/eu\/en_it\/#\/schema\/logo\/image\/\"}}]}<\/script>\n<!-- \/ Yoast SEO plugin. -->","yoast_head_json":{"title":"Lavora con noi | Free2move eSolutions","description":"Unisciti al nostro team di Free2move eSolutions e partecipa alla nostra missione per rivoluzionare il futuro della ricarica dei veicoli elettrici. Esplora subito le opportunit\u00e0 di carriera!","robots":{"index":"index","follow":"follow","max-snippet":"max-snippet:-1","max-image-preview":"max-image-preview:large","max-video-preview":"max-video-preview:-1"},"canonical":"https:\/\/test.esolutions.free2move.com\/eu\/en_def\/work-with-us\/","og_locale":"it_IT","og_type":"article","og_title":"Lavora con noi | Free2move eSolutions","og_description":"Unisciti al nostro team di Free2move eSolutions e partecipa alla nostra missione per rivoluzionare il futuro della ricarica dei veicoli elettrici. Esplora subito le opportunit\u00e0 di carriera!","og_url":"https:\/\/test.esolutions.free2move.com\/eu\/en_def\/work-with-us\/","og_site_name":"eSolution europe","twitter_card":"summary_large_image","twitter_misc":{"Est. reading time":"6 minutes"},"schema":{"@context":"https:\/\/schema.org","@graph":[{"@type":"WebPage","@id":"https:\/\/test.esolutions.free2move.com\/eu\/en_def\/work-with-us\/","url":"https:\/\/test.esolutions.free2move.com\/eu\/en_def\/work-with-us\/","name":"Lavora con noi | Free2move eSolutions","isPartOf":{"@id":"https:\/\/test.esolutions.free2move.com\/eu\/en_it\/#website"},"datePublished":"2024-03-18T13:45:26+00:00","description":"Unisciti al nostro team di Free2move eSolutions e partecipa alla nostra missione per rivoluzionare il futuro della ricarica dei veicoli elettrici. Esplora subito le opportunit\u00e0 di carriera!","breadcrumb":{"@id":"https:\/\/test.esolutions.free2move.com\/eu\/en_def\/work-with-us\/#breadcrumb"},"inLanguage":"it-ch","potentialAction":[{"@type":"ReadAction","target":["https:\/\/test.esolutions.free2move.com\/eu\/en_def\/work-with-us\/"]}]},{"@type":"BreadcrumbList","@id":"https:\/\/test.esolutions.free2move.com\/eu\/en_def\/work-with-us\/#breadcrumb","itemListElement":[{"@type":"ListItem","position":1,"name":"Home","item":"https:\/\/test.esolutions.free2move.com\/eu\/it_ch\/"},{"@type":"ListItem","position":2,"name":"Lavora con noi"}]},{"@type":"WebSite","@id":"https:\/\/test.esolutions.free2move.com\/eu\/en_it\/#website","url":"https:\/\/test.esolutions.free2move.com\/eu\/en_it\/","name":"eSolutions europe","description":"","publisher":{"@id":"https:\/\/test.esolutions.free2move.com\/eu\/en_it\/#organization"},"potentialAction":[{"@type":"SearchAction","target":{"@type":"EntryPoint","urlTemplate":"https:\/\/test.esolutions.free2move.com\/eu\/en_it\/?s={search_term_string}"},"query-input":{"@type":"PropertyValueSpecification","valueRequired":true,"valueName":"search_term_string"}}],"inLanguage":"it-ch"},{"@type":"Organization","@id":"https:\/\/test.esolutions.free2move.com\/eu\/en_it\/#organization","name":"eSolutions europe","url":"https:\/\/test.esolutions.free2move.com\/eu\/en_it\/","logo":{"@type":"ImageObject","inLanguage":"it-ch","@id":"https:\/\/test.esolutions.free2move.com\/eu\/en_it\/#\/schema\/logo\/image\/","url":"https:\/\/www.esolutions.free2move.com\/eu\/wp-content\/uploads\/2024\/03\/logo-f2m-horizontal-1-1-1.png","contentUrl":"https:\/\/www.esolutions.free2move.com\/eu\/wp-content\/uploads\/2024\/03\/logo-f2m-horizontal-1-1-1.png","width":865,"height":218,"caption":"eSolutions europe"},"image":{"@id":"https:\/\/test.esolutions.free2move.com\/eu\/en_it\/#\/schema\/logo\/image\/"}}]}},"_links":{"self":[{"href":"https:\/\/test.esolutions.free2move.com\/eu\/it_ch\/wp-json\/wp\/v2\/pages\/23128","targetHints":{"allow":["GET"]}}],"collection":[{"href":"https:\/\/test.esolutions.free2move.com\/eu\/it_ch\/wp-json\/wp\/v2\/pages"}],"about":[{"href":"https:\/\/test.esolutions.free2move.com\/eu\/it_ch\/wp-json\/wp\/v2\/types\/page"}],"author":[{"embeddable":true,"href":"https:\/\/test.esolutions.free2move.com\/eu\/it_ch\/wp-json\/wp\/v2\/users\/1"}],"replies":[{"embeddable":true,"href":"https:\/\/test.esolutions.free2move.com\/eu\/it_ch\/wp-json\/wp\/v2\/comments?post=23128"}],"version-history":[{"count":0,"href":"https:\/\/test.esolutions.free2move.com\/eu\/it_ch\/wp-json\/wp\/v2\/pages\/23128\/revisions"}],"wp:attachment":[{"href":"https:\/\/test.esolutions.free2move.com\/eu\/it_ch\/wp-json\/wp\/v2\/media?parent=23128"}],"curies":[{"name":"wp","href":"https:\/\/api.w.org\/{rel}","templated":true}]}}