{"id":23129,"date":"2024-03-18T13:33:25","date_gmt":"2024-03-18T13:33:25","guid":{"rendered":"https:\/\/test.esolutions.free2move.com\/eu\/governance-ed-etica\/"},"modified":"2024-03-18T13:33:25","modified_gmt":"2024-03-18T13:33:25","slug":"governance-ed-etica","status":"publish","type":"page","link":"https:\/\/test.esolutions.free2move.com\/eu\/it_ch\/governance-ed-etica\/","title":{"rendered":"Governance ed etica"},"content":{"rendered":"<div id=\"cs-content\" class=\"cs-content\"><nav class=\"x-crumbs e12567-e1 m9p3-0\" role=\"navigation\"><ol class=\"x-crumbs-list\" itemscope=\"\" itemtype=\"http:\/\/schema.org\/BreadcrumbList\" aria-label=\"Breadcrumb Navigation\"><li class=\"x-crumbs-list-item\" itemprop=\"itemListElement\" itemscope itemtype=\"http:\/\/schema.org\/ListItem\"><a class=\"x-crumbs-current x-crumbs-link\" itemtype=\"http:\/\/schema.org\/Thing\" itemprop=\"item\" href=\"https:\/\/test.esolutions.free2move.com\/eu\/it_ch\/\" title=\"You Are Here\"><span itemprop=\"name\">Home<\/span><\/a><meta itemprop=\"position\" content=\"1\"><\/li><\/ol><\/nav><div class=\"x-section e12567-e2 m9p3-1 m9p3-2 m9p3-3\"><div class=\"x-row x-container max width e12567-e3 m9p3-6 m9p3-7 m9p3-8 m9p3-9 m9p3-e\"><div class=\"x-row-inner\"><div class=\"x-col e12567-e4 m9p3-y m9p3-z m9p3-10 es_gap\"><div class=\"x-div e12567-e5 m9p3-12 m9p3-13\"><div class=\"x-text x-text-headline e12567-e6 m9p3-19 m9p3-1a m9p3-1b m9p3-1c m9p3-1d\"><div class=\"x-text-content\"><div class=\"x-text-content-text\"><h2 class=\"x-text-content-text-primary\">Governance ed etica<\/h2><\/div><\/div><\/div><div class=\"x-text x-content e12567-e7 m9p3-1i m9p3-1j m9p3-1k m9p3-1l m9p3-1m m9p3-1n m9p3-1o\"><p>Scopri di pi\u00f9 sul nostro &nbsp;<strong>Consiglio di Amministrazione<\/strong>&nbsp;, wpml_nbsp, fortemente impegnato nel supervisionare la nostra strategia aziendale e i nostri elevati standard etici basati sull'integrit\u00e0 come mandato guida di tutte le nostre scelte.<\/p><\/div><\/div><\/div><div class=\"x-col e12567-e8 m9p3-z m9p3-10\"><span class=\"x-image e12567-e9 m9p3-1y m9p3-1z\"><img decoding=\"async\" src=\"https:\/\/test.esolutions.free2move.com\/eu\/wp-content\/uploads\/2024\/03\/iStock-1010836150.jpg\" width=\"1382\" height=\"936\" alt=\"Image\" loading=\"lazy\"><\/span><\/div><\/div><\/div><\/div><div class=\"x-section e12567-e10 m9p3-1 m9p3-2 m9p3-4\"><div class=\"x-text x-text-headline e12567-e11 m9p3-1a m9p3-1b m9p3-1d m9p3-1e m9p3-1f\"><div class=\"x-text-content\"><div class=\"x-text-content-text\"><h3 class=\"x-text-content-text-primary\">Consiglio di amministrazione<\/h3><\/div><\/div><\/div><div class=\"x-row x-container max width e12567-e12 m9p3-6 m9p3-7 m9p3-a m9p3-b m9p3-c m9p3-f m9p3-g\"><div class=\"x-row-inner\"><div class=\"x-col e12567-e13 m9p3-10 m9p3-11\"><div class=\"x-row e12567-e14 m9p3-6 m9p3-7 m9p3-8 m9p3-b m9p3-c m9p3-f m9p3-h\"><div class=\"x-row-inner\"><div class=\"x-col e12567-e15 m9p3-10 m9p3-11\"><span class=\"x-image e12567-e16 m9p3-1y m9p3-20\"><img decoding=\"async\" src=\"https:\/\/test.esolutions.free2move.com\/eu\/wp-content\/uploads\/2024\/03\/GovernanceEthics_Carlalberto-Guglielminotti-copia.jpg\" width=\"146\" height=\"134\" alt=\"Image\" loading=\"lazy\"><\/span><\/div><\/div><\/div><div class=\"x-row e12567-e17 m9p3-6 m9p3-8 m9p3-c m9p3-d m9p3-f m9p3-i\"><div class=\"x-row-inner\"><div class=\"x-col e12567-e18 m9p3-10 m9p3-11\"><div class=\"x-text x-content e12567-e19 m9p3-1j m9p3-1k m9p3-1m m9p3-1o m9p3-1p m9p3-1q\"><h5>Carlalberto Guglielminotti<\/h5><\/div><div class=\"x-text x-content e12567-e20 m9p3-1j m9p3-1k m9p3-1l m9p3-1m m9p3-1q m9p3-1r m9p3-1s\"><h6>Presidente esecutivo<\/h6><\/div><div class=\"x-div e12567-e21 m9p3-12 m9p3-13\"><a class=\"x-div e12567-e22 m9p3-12 m9p3-14 m9p3-15 m9p3-16 es_button_hover\" href=\".\/carlalberto-guglielminotti\/\"><div class=\"x-text x-content e12567-e23 m9p3-1j m9p3-1k m9p3-1p m9p3-1q m9p3-1s m9p3-1t m9p3-1u\"><strong>Per saperne di pi\u00f9<\/strong><\/div><\/a><\/div><\/div><\/div><\/div><\/div><div class=\"x-col e12567-e24 m9p3-10 m9p3-11\"><div class=\"x-row e12567-e25 m9p3-6 m9p3-7 m9p3-8 m9p3-b m9p3-c m9p3-f m9p3-j\"><div class=\"x-row-inner\"><div class=\"x-col e12567-e26 m9p3-10 m9p3-11\"><span class=\"x-image e12567-e27 m9p3-1y m9p3-20\"><img decoding=\"async\" src=\"https:\/\/test.esolutions.free2move.com\/eu\/wp-content\/uploads\/2024\/03\/MATHILDE_LHEUREUX.jpg\" width=\"146\" height=\"134\" alt=\"Image\" loading=\"lazy\"><\/span><\/div><\/div><\/div><div class=\"x-row e12567-e28 m9p3-6 m9p3-8 m9p3-c m9p3-d m9p3-f m9p3-k\"><div class=\"x-row-inner\"><div class=\"x-col e12567-e29 m9p3-10 m9p3-11\"><div class=\"x-text x-content e12567-e30 m9p3-1j m9p3-1k m9p3-1m m9p3-1o m9p3-1p m9p3-1q\"><h5>Mathilde Lheureux<\/h5><\/div><div class=\"x-text x-content e12567-e31 m9p3-1j m9p3-1k m9p3-1l m9p3-1m m9p3-1q m9p3-1r m9p3-1s\"><h6>Amministratore delegato<\/h6><\/div><div class=\"x-div e12567-e32 m9p3-12 m9p3-13\"><a class=\"x-div e12567-e33 m9p3-12 m9p3-14 m9p3-15 m9p3-16 es_button_hover\" href=\".\/mathilde-lheureux\/\"><div class=\"x-text x-content e12567-e34 m9p3-1j m9p3-1k m9p3-1p m9p3-1q m9p3-1s m9p3-1u m9p3-1v\"><strong>Per saperne di pi\u00f9<\/strong><\/div><\/a><\/div><\/div><\/div><\/div><\/div><div class=\"x-col e12567-e35 m9p3-10 m9p3-11\"><div class=\"x-row e12567-e36 m9p3-6 m9p3-7 m9p3-8 m9p3-b m9p3-c m9p3-f m9p3-l\"><div class=\"x-row-inner\"><div class=\"x-col e12567-e37 m9p3-10 m9p3-11\"><span class=\"x-image e12567-e38 m9p3-1y m9p3-20\"><img decoding=\"async\" src=\"https:\/\/test.esolutions.free2move.com\/eu\/wp-content\/uploads\/2024\/03\/GovernanceEthics_Brigitte-Courtehou-copia-1.jpg\" width=\"146\" height=\"134\" alt=\"Image\" loading=\"lazy\"><\/span><\/div><\/div><\/div><div class=\"x-row e12567-e39 m9p3-6 m9p3-8 m9p3-c m9p3-d m9p3-f m9p3-m\"><div class=\"x-row-inner\"><div class=\"x-col e12567-e40 m9p3-10 m9p3-11\"><div class=\"x-text x-content e12567-e41 m9p3-1j m9p3-1k m9p3-1m m9p3-1o m9p3-1p m9p3-1q\"><h5>Brigitte Courtehoux<\/h5><\/div><div class=\"x-text x-content e12567-e42 m9p3-1j m9p3-1k m9p3-1l m9p3-1m m9p3-1q m9p3-1r m9p3-1s\"><h6>Direttore<\/h6><\/div><div class=\"x-div e12567-e43 m9p3-12 m9p3-13\"><a class=\"x-div e12567-e44 m9p3-12 m9p3-14 m9p3-15 m9p3-17 es_button_hover\" href=\".\/brigitte-courtehoux\/\"><div class=\"x-text x-content e12567-e45 m9p3-1j m9p3-1k m9p3-1p m9p3-1q m9p3-1s m9p3-1t m9p3-1u\"><p><strong>Per saperne di pi\u00f9<\/strong><\/p><\/div><\/a><\/div><\/div><\/div><\/div><\/div><div class=\"x-col e12567-e46 m9p3-10 m9p3-11\"><div class=\"x-row e12567-e47 m9p3-6 m9p3-7 m9p3-8 m9p3-b m9p3-c m9p3-f m9p3-n\"><div class=\"x-row-inner\"><div class=\"x-col e12567-e48 m9p3-10 m9p3-11\"><span class=\"x-image e12567-e49 m9p3-1y m9p3-20 m9p3-21\"><img decoding=\"async\" src=\"https:\/\/test.esolutions.free2move.com\/eu\/wp-content\/uploads\/2024\/03\/GovernanceEthics_Davide-Mele-copia.jpg\" width=\"146\" height=\"134\" alt=\"Image\" loading=\"lazy\"><\/span><\/div><\/div><\/div><div class=\"x-row e12567-e50 m9p3-6 m9p3-8 m9p3-c m9p3-d m9p3-f m9p3-o\"><div class=\"x-row-inner\"><div class=\"x-col e12567-e51 m9p3-10 m9p3-11\"><div class=\"x-text x-content e12567-e52 m9p3-1j m9p3-1k m9p3-1m m9p3-1o m9p3-1p m9p3-1q\"><h5>Davide Mele<\/h5><\/div><div class=\"x-text x-content e12567-e53 m9p3-1j m9p3-1k m9p3-1l m9p3-1m m9p3-1q m9p3-1r m9p3-1s\"><h6>Direttore<\/h6><\/div><div class=\"x-div e12567-e54 m9p3-12 m9p3-13\"><a class=\"x-div e12567-e55 m9p3-12 m9p3-14 m9p3-15 m9p3-16 es_button_hover\" href=\".\/davide-mele\/\"><div class=\"x-text x-content e12567-e56 m9p3-1j m9p3-1k m9p3-1p m9p3-1q m9p3-1s m9p3-1t m9p3-1u\"><strong>Per saperne di pi\u00f9<\/strong><\/div><\/a><\/div><\/div><\/div><\/div><\/div><div class=\"x-col e12567-e57 m9p3-10 m9p3-11\"><div class=\"x-row e12567-e58 m9p3-6 m9p3-7 m9p3-8 m9p3-b m9p3-c m9p3-f m9p3-p\"><div class=\"x-row-inner\"><div class=\"x-col e12567-e59 m9p3-10 m9p3-11\"><span class=\"x-image e12567-e60 m9p3-1y m9p3-20\"><img decoding=\"async\" src=\"https:\/\/test.esolutions.free2move.com\/eu\/wp-content\/uploads\/2024\/03\/GovernanceEthics_Luigi-Michi-copia.jpg\" width=\"146\" height=\"134\" alt=\"Image\" loading=\"lazy\"><\/span><\/div><\/div><\/div><div class=\"x-row e12567-e61 m9p3-6 m9p3-8 m9p3-c m9p3-d m9p3-f m9p3-q\"><div class=\"x-row-inner\"><div class=\"x-col e12567-e62 m9p3-10 m9p3-11\"><div class=\"x-text x-content e12567-e63 m9p3-1j m9p3-1k m9p3-1m m9p3-1o m9p3-1p m9p3-1q\"><h5>Luigi Michi<\/h5><\/div><div class=\"x-text x-content e12567-e64 m9p3-1j m9p3-1k m9p3-1l m9p3-1m m9p3-1q m9p3-1r m9p3-1s\"><h6>Direttore<\/h6><\/div><div class=\"x-div e12567-e65 m9p3-12 m9p3-13\"><a class=\"x-div e12567-e66 m9p3-12 m9p3-14 m9p3-15 m9p3-17 es_button_hover\" href=\".\/luigi-michi\/\"><div class=\"x-text x-content e12567-e67 m9p3-1j m9p3-1k m9p3-1p m9p3-1q m9p3-1u m9p3-1v m9p3-1w\"><strong>Per saperne di pi\u00f9<\/strong><\/div><\/a><\/div><\/div><\/div><\/div><\/div><div class=\"x-col e12567-e68 m9p3-10 m9p3-11\"><div class=\"x-row e12567-e69 m9p3-6 m9p3-7 m9p3-8 m9p3-b m9p3-c m9p3-f m9p3-r\"><div class=\"x-row-inner\"><div class=\"x-col e12567-e70 m9p3-10 m9p3-11\"><span class=\"x-image e12567-e71 m9p3-1y m9p3-20\"><img decoding=\"async\" src=\"https:\/\/test.esolutions.free2move.com\/eu\/wp-content\/uploads\/2024\/03\/GovernanceEthics_Giovanni-Ravina-copia.jpg\" width=\"146\" height=\"134\" alt=\"Image\" loading=\"lazy\"><\/span><\/div><\/div><\/div><div class=\"x-row e12567-e72 m9p3-6 m9p3-8 m9p3-c m9p3-d m9p3-f m9p3-s\"><div class=\"x-row-inner\"><div class=\"x-col e12567-e73 m9p3-10 m9p3-11\"><div class=\"x-text x-content e12567-e74 m9p3-1j m9p3-1k m9p3-1m m9p3-1o m9p3-1p m9p3-1q\"><h5>Giovanni Ravina<\/h5><\/div><div class=\"x-text x-content e12567-e75 m9p3-1j m9p3-1k m9p3-1l m9p3-1m m9p3-1q m9p3-1r m9p3-1s\"><h6>Direttore esecutivo<\/h6><\/div><div class=\"x-div e12567-e76 m9p3-12 m9p3-13\"><a class=\"x-div e12567-e77 m9p3-12 m9p3-14 m9p3-15 m9p3-16 es_button_hover\" href=\".\/giovanni-ravina\/\"><div class=\"x-text x-content e12567-e78 m9p3-1j m9p3-1k m9p3-1p m9p3-1q m9p3-1s m9p3-1t m9p3-1u\"><strong>Per saperne di pi\u00f9<\/strong><\/div><\/a><\/div><\/div><\/div><\/div><\/div><\/div><\/div><\/div><div class=\"x-section e12567-e79 m9p3-1 m9p3-5\"><div class=\"x-row x-container max width e12567-e80 m9p3-6 m9p3-7 m9p3-8 m9p3-b m9p3-c m9p3-f m9p3-t\"><div class=\"x-row-inner\"><div class=\"x-col e12567-e81 m9p3-10 m9p3-11\"><div class=\"x-text x-text-headline e12567-e82 m9p3-1a m9p3-1b m9p3-1c m9p3-1f m9p3-1g\"><div class=\"x-text-content\"><div class=\"x-text-content-text\"><h5 class=\"x-text-content-text-primary\">Codice etico<\/h5><\/div><\/div><\/div><div class=\"x-text x-content e12567-e83 m9p3-1k m9p3-1m m9p3-1n m9p3-1o m9p3-1p m9p3-1x\"><div class=\"ewa-rteLine\">Il nostro codice etico si basa sull'integrit\u00e0 come mandato guida di tutte le nostre scelte e questo ci ha portato a integrare, personalizzare e potenziare la compliance, senza particolari oneri per la struttura.<\/div><\/div><a class=\"x-div e12567-e84 m9p3-12 m9p3-14 m9p3-16 m9p3-18 es_button_hover\" href=\"https:\/\/test.esolutions.free2move.com\/eu\/it_ch\/\/pdf_code-of-ethics\/\" target=\"_blank\"><div class=\"x-text x-content e12567-e85 m9p3-1j m9p3-1k m9p3-1m m9p3-1p m9p3-1q m9p3-1s m9p3-1u\">Scaricare<\/div><\/a><\/div><\/div><\/div><\/div><div class=\"x-section e12567-e86 m9p3-1 m9p3-5\"><div class=\"x-row x-container max width e12567-e87 m9p3-6 m9p3-7 m9p3-8 m9p3-b m9p3-c m9p3-f m9p3-u\"><div class=\"x-row-inner\"><div class=\"x-col e12567-e88 m9p3-10 m9p3-11\"><div class=\"x-text x-text-headline e12567-e89 m9p3-1a m9p3-1b m9p3-1c m9p3-1f m9p3-1g\"><div class=\"x-text-content\"><div class=\"x-text-content-text\"><h5 class=\"x-text-content-text-primary\">Free2Move eSolutions S.p.A \"Modello di Organizzazione, Gestione e Controllo ai sensi del D.Lgs. 231\/2001\"<\/h5><\/div><\/div><\/div><div class=\"x-text x-content e12567-e90 m9p3-1k m9p3-1m m9p3-1n m9p3-1o m9p3-1p m9p3-1x\"><div class=\"ewa-rteLine\">Il Decreto \u00e8 stato emesso l'8 giugno 2001 in esecuzione della delega di cui all'articolo 11 della Legge n. 300 del 29 settembre 2000.<\/div><\/div><a class=\"x-div e12567-e91 m9p3-12 m9p3-14 m9p3-16 m9p3-18 es_button_hover\" href=\"https:\/\/test.esolutions.free2move.com\/eu\/it_ch\/\/pdf_mog-231_free2move-esolutions-eng\/\" target=\"_blank\"><div class=\"x-text x-content e12567-e92 m9p3-1j m9p3-1k m9p3-1m m9p3-1p m9p3-1q m9p3-1s m9p3-1u\"><p>Scaricare<\/p><\/div><\/a><\/div><\/div><\/div><\/div><div class=\"x-section e12567-e93 m9p3-1 m9p3-5\"><div class=\"x-row x-container max width e12567-e94 m9p3-6 m9p3-7 m9p3-8 m9p3-b m9p3-c m9p3-f m9p3-v\"><div class=\"x-row-inner\"><div class=\"x-col e12567-e95 m9p3-10 m9p3-11\"><div class=\"x-text x-text-headline e12567-e96 m9p3-1a m9p3-1b m9p3-1c m9p3-1f m9p3-1g\"><div class=\"x-text-content\"><div class=\"x-text-content-text\"><h5 class=\"x-text-content-text-primary\">Politica anticorruzione<\/h5><\/div><\/div><\/div><div class=\"x-text x-content e12567-e97 m9p3-1k m9p3-1m m9p3-1n m9p3-1o m9p3-1p m9p3-1x\"><div class=\"ewa-rteLine\">Le Linee guida hanno lo scopo di garantire che Free2move eSolutions e i suoi stakeholder rispettino la Carta etica e le leggi anticorruzione. Il presente documento fornisce un quadro sistematico relativo al divieto di pratiche di corruzione per il personale e gli stakeholder di Free2move eSolutions.<\/div><\/div><a class=\"x-div e12567-e98 m9p3-12 m9p3-14 m9p3-16 m9p3-18 es_button_hover\" href=\"https:\/\/test.esolutions.free2move.com\/eu\/it_ch\/\/pdf_free2move-esolutions_anticorruption-guidelines_eng\/\" target=\"_blank\"><div class=\"x-text x-content e12567-e99 m9p3-1j m9p3-1k m9p3-1m m9p3-1p m9p3-1q m9p3-1s m9p3-1u\"><p>Scaricare<\/p><\/div><\/a><\/div><\/div><\/div><\/div><div class=\"x-section e12567-e100 m9p3-1 m9p3-5\"><div class=\"x-row x-container max width e12567-e101 m9p3-6 m9p3-7 m9p3-8 m9p3-b m9p3-c m9p3-f m9p3-w\"><div class=\"x-row-inner\"><div class=\"x-col e12567-e102 m9p3-10 m9p3-11\"><div class=\"x-text x-text-headline e12567-e103 m9p3-1a m9p3-1b m9p3-1c m9p3-1f m9p3-1g\"><div class=\"x-text-content\"><div class=\"x-text-content-text\"><h5 class=\"x-text-content-text-primary\">Politica di Whistleblowing<\/h5><\/div><\/div><\/div><div class=\"x-text x-content e12567-e104 m9p3-1k m9p3-1m m9p3-1n m9p3-1o m9p3-1p m9p3-1x\"><div class=\"ewa-rteLine\">La Politica di Whistleblowing stabilisce il sistema di segnalazione interna di Free2move eSolutions e regola il processo di archiviazione e gestione delle segnalazioni.<\/div><\/div><a class=\"x-div e12567-e105 m9p3-12 m9p3-14 m9p3-16 m9p3-18 es_button_hover\" href=\"https:\/\/test.esolutions.free2move.com\/eu\/it_ch\/\/pdf_f2mes_whistleblowing-policy\/\" target=\"_blank\"><div class=\"x-text x-content e12567-e106 m9p3-1j m9p3-1k m9p3-1m m9p3-1p m9p3-1q m9p3-1s m9p3-1u\"><p>Scaricare<\/p><\/div><\/a><\/div><\/div><\/div><\/div><div class=\"x-section e12567-e107 m9p3-1 m9p3-5\"><div class=\"x-row x-container max width e12567-e108 m9p3-6 m9p3-7 m9p3-8 m9p3-b m9p3-c m9p3-f m9p3-x\"><div class=\"x-row-inner\"><div class=\"x-col e12567-e109 m9p3-10 m9p3-11\"><div class=\"x-text x-text-headline e12567-e110 m9p3-1a m9p3-1c m9p3-1f m9p3-1g m9p3-1h\"><div class=\"x-text-content\"><div class=\"x-text-content-text\"><h5 class=\"x-text-content-text-primary\">Linea Integrit\u00e0\n<\/h5><\/div><\/div><\/div><a class=\"x-div e12567-e111 m9p3-12 m9p3-14 m9p3-16 m9p3-18 es_button_hover\" href=\"https:\/\/free2move.integrityline.com\/frontpage\" target=\"_blank\"><div class=\"x-text x-content e12567-e112 m9p3-1j m9p3-1k m9p3-1m m9p3-1p m9p3-1q m9p3-1s m9p3-1u\"><p>Effettuare una segnalazione<\/p><\/div><\/a><\/div><\/div><\/div><\/div><\/div>\n","protected":false},"excerpt":{"rendered":"<p>HomeGovernance ed eticaScopri di pi\u00f9 sul nostro &nbsp;Consiglio di Amministrazione&nbsp;, wpml_nbsp, fortemente impegnato nel supervisionare la nostra strategia aziendale e i nostri elevati standard etici basati sull&#8217;integrit\u00e0 come mandato guida di tutte le nostre scelte.Consiglio di amministrazioneCarlalberto GuglielminottiPresidente esecutivoPer saperne di pi\u00f9Mathilde LheureuxAmministratore delegatoPer saperne di pi\u00f9Brigitte CourtehouxDirettorePer saperne di pi\u00f9Davide MeleDirettorePer saperne di pi\u00f9Luigi MichiDirettorePer saperne di pi\u00f9Giovanni RavinaDirettore &#8230; <\/p>\n<div><a href=\"https:\/\/test.esolutions.free2move.com\/eu\/it_ch\/governance-ed-etica\/\" class=\"more-link\">Read More<\/a><\/div>\n","protected":false},"author":1,"featured_media":0,"parent":0,"menu_order":0,"comment_status":"closed","ping_status":"closed","template":"template-blank-4.php","meta":{"_acf_changed":false,"inline_featured_image":false,"footnotes":""},"class_list":["post-23129","page","type-page","status-publish","hentry","no-post-thumbnail"],"acf":[],"yoast_head":"<!-- This site is optimized with the Yoast SEO plugin v24.4 - https:\/\/yoast.com\/wordpress\/plugins\/seo\/ -->\n<title>Governance ed etica | Free2move eSolutions<\/title>\n<meta name=\"description\" content=\"Esplora il nostro Consiglio impegnato che supervisiona la strategia e sostiene elevati standard etici guidati dall&#039;integrit\u00e0 in tutte le decisioni.\" \/>\n<meta name=\"robots\" content=\"index, follow, max-snippet:-1, max-image-preview:large, max-video-preview:-1\" \/>\n<link rel=\"canonical\" href=\"https:\/\/test.esolutions.free2move.com\/eu\/en_def\/governance-ethics\/\" \/>\n<meta property=\"og:locale\" content=\"it_IT\" \/>\n<meta property=\"og:type\" content=\"article\" \/>\n<meta property=\"og:title\" content=\"Governance ed etica | Free2move eSolutions\" \/>\n<meta property=\"og:description\" content=\"Esplora il nostro Consiglio impegnato che supervisiona la strategia e sostiene elevati standard etici guidati dall&#039;integrit\u00e0 in tutte le decisioni.\" \/>\n<meta property=\"og:url\" content=\"https:\/\/test.esolutions.free2move.com\/eu\/en_def\/governance-ethics\/\" \/>\n<meta property=\"og:site_name\" content=\"eSolution europe\" \/>\n<meta name=\"twitter:card\" content=\"summary_large_image\" \/>\n<meta name=\"twitter:label1\" content=\"Est. reading time\" \/>\n\t<meta name=\"twitter:data1\" content=\"7 minutes\" \/>\n<script type=\"application\/ld+json\" class=\"yoast-schema-graph\">{\"@context\":\"https:\/\/schema.org\",\"@graph\":[{\"@type\":\"WebPage\",\"@id\":\"https:\/\/test.esolutions.free2move.com\/eu\/en_def\/governance-ethics\/\",\"url\":\"https:\/\/test.esolutions.free2move.com\/eu\/en_def\/governance-ethics\/\",\"name\":\"Governance ed etica | Free2move eSolutions\",\"isPartOf\":{\"@id\":\"https:\/\/test.esolutions.free2move.com\/eu\/en_it\/#website\"},\"datePublished\":\"2024-03-18T13:33:25+00:00\",\"description\":\"Esplora il nostro Consiglio impegnato che supervisiona la strategia e sostiene elevati standard etici guidati dall'integrit\u00e0 in tutte le decisioni.\",\"breadcrumb\":{\"@id\":\"https:\/\/test.esolutions.free2move.com\/eu\/en_def\/governance-ethics\/#breadcrumb\"},\"inLanguage\":\"it-ch\",\"potentialAction\":[{\"@type\":\"ReadAction\",\"target\":[\"https:\/\/test.esolutions.free2move.com\/eu\/en_def\/governance-ethics\/\"]}]},{\"@type\":\"BreadcrumbList\",\"@id\":\"https:\/\/test.esolutions.free2move.com\/eu\/en_def\/governance-ethics\/#breadcrumb\",\"itemListElement\":[{\"@type\":\"ListItem\",\"position\":1,\"name\":\"Home\",\"item\":\"https:\/\/test.esolutions.free2move.com\/eu\/it_ch\/\"},{\"@type\":\"ListItem\",\"position\":2,\"name\":\"Governance ed etica\"}]},{\"@type\":\"WebSite\",\"@id\":\"https:\/\/test.esolutions.free2move.com\/eu\/en_it\/#website\",\"url\":\"https:\/\/test.esolutions.free2move.com\/eu\/en_it\/\",\"name\":\"eSolutions europe\",\"description\":\"\",\"publisher\":{\"@id\":\"https:\/\/test.esolutions.free2move.com\/eu\/en_it\/#organization\"},\"potentialAction\":[{\"@type\":\"SearchAction\",\"target\":{\"@type\":\"EntryPoint\",\"urlTemplate\":\"https:\/\/test.esolutions.free2move.com\/eu\/en_it\/?s={search_term_string}\"},\"query-input\":{\"@type\":\"PropertyValueSpecification\",\"valueRequired\":true,\"valueName\":\"search_term_string\"}}],\"inLanguage\":\"it-ch\"},{\"@type\":\"Organization\",\"@id\":\"https:\/\/test.esolutions.free2move.com\/eu\/en_it\/#organization\",\"name\":\"eSolutions europe\",\"url\":\"https:\/\/test.esolutions.free2move.com\/eu\/en_it\/\",\"logo\":{\"@type\":\"ImageObject\",\"inLanguage\":\"it-ch\",\"@id\":\"https:\/\/test.esolutions.free2move.com\/eu\/en_it\/#\/schema\/logo\/image\/\",\"url\":\"https:\/\/www.esolutions.free2move.com\/eu\/wp-content\/uploads\/2024\/03\/logo-f2m-horizontal-1-1-1.png\",\"contentUrl\":\"https:\/\/www.esolutions.free2move.com\/eu\/wp-content\/uploads\/2024\/03\/logo-f2m-horizontal-1-1-1.png\",\"width\":865,\"height\":218,\"caption\":\"eSolutions europe\"},\"image\":{\"@id\":\"https:\/\/test.esolutions.free2move.com\/eu\/en_it\/#\/schema\/logo\/image\/\"}}]}<\/script>\n<!-- \/ Yoast SEO plugin. -->","yoast_head_json":{"title":"Governance ed etica | Free2move eSolutions","description":"Esplora il nostro Consiglio impegnato che supervisiona la strategia e sostiene elevati standard etici guidati dall'integrit\u00e0 in tutte le decisioni.","robots":{"index":"index","follow":"follow","max-snippet":"max-snippet:-1","max-image-preview":"max-image-preview:large","max-video-preview":"max-video-preview:-1"},"canonical":"https:\/\/test.esolutions.free2move.com\/eu\/en_def\/governance-ethics\/","og_locale":"it_IT","og_type":"article","og_title":"Governance ed etica | Free2move eSolutions","og_description":"Esplora il nostro Consiglio impegnato che supervisiona la strategia e sostiene elevati standard etici guidati dall'integrit\u00e0 in tutte le decisioni.","og_url":"https:\/\/test.esolutions.free2move.com\/eu\/en_def\/governance-ethics\/","og_site_name":"eSolution europe","twitter_card":"summary_large_image","twitter_misc":{"Est. reading time":"7 minutes"},"schema":{"@context":"https:\/\/schema.org","@graph":[{"@type":"WebPage","@id":"https:\/\/test.esolutions.free2move.com\/eu\/en_def\/governance-ethics\/","url":"https:\/\/test.esolutions.free2move.com\/eu\/en_def\/governance-ethics\/","name":"Governance ed etica | Free2move eSolutions","isPartOf":{"@id":"https:\/\/test.esolutions.free2move.com\/eu\/en_it\/#website"},"datePublished":"2024-03-18T13:33:25+00:00","description":"Esplora il nostro Consiglio impegnato che supervisiona la strategia e sostiene elevati standard etici guidati dall'integrit\u00e0 in tutte le decisioni.","breadcrumb":{"@id":"https:\/\/test.esolutions.free2move.com\/eu\/en_def\/governance-ethics\/#breadcrumb"},"inLanguage":"it-ch","potentialAction":[{"@type":"ReadAction","target":["https:\/\/test.esolutions.free2move.com\/eu\/en_def\/governance-ethics\/"]}]},{"@type":"BreadcrumbList","@id":"https:\/\/test.esolutions.free2move.com\/eu\/en_def\/governance-ethics\/#breadcrumb","itemListElement":[{"@type":"ListItem","position":1,"name":"Home","item":"https:\/\/test.esolutions.free2move.com\/eu\/it_ch\/"},{"@type":"ListItem","position":2,"name":"Governance ed etica"}]},{"@type":"WebSite","@id":"https:\/\/test.esolutions.free2move.com\/eu\/en_it\/#website","url":"https:\/\/test.esolutions.free2move.com\/eu\/en_it\/","name":"eSolutions europe","description":"","publisher":{"@id":"https:\/\/test.esolutions.free2move.com\/eu\/en_it\/#organization"},"potentialAction":[{"@type":"SearchAction","target":{"@type":"EntryPoint","urlTemplate":"https:\/\/test.esolutions.free2move.com\/eu\/en_it\/?s={search_term_string}"},"query-input":{"@type":"PropertyValueSpecification","valueRequired":true,"valueName":"search_term_string"}}],"inLanguage":"it-ch"},{"@type":"Organization","@id":"https:\/\/test.esolutions.free2move.com\/eu\/en_it\/#organization","name":"eSolutions europe","url":"https:\/\/test.esolutions.free2move.com\/eu\/en_it\/","logo":{"@type":"ImageObject","inLanguage":"it-ch","@id":"https:\/\/test.esolutions.free2move.com\/eu\/en_it\/#\/schema\/logo\/image\/","url":"https:\/\/www.esolutions.free2move.com\/eu\/wp-content\/uploads\/2024\/03\/logo-f2m-horizontal-1-1-1.png","contentUrl":"https:\/\/www.esolutions.free2move.com\/eu\/wp-content\/uploads\/2024\/03\/logo-f2m-horizontal-1-1-1.png","width":865,"height":218,"caption":"eSolutions europe"},"image":{"@id":"https:\/\/test.esolutions.free2move.com\/eu\/en_it\/#\/schema\/logo\/image\/"}}]}},"_links":{"self":[{"href":"https:\/\/test.esolutions.free2move.com\/eu\/it_ch\/wp-json\/wp\/v2\/pages\/23129","targetHints":{"allow":["GET"]}}],"collection":[{"href":"https:\/\/test.esolutions.free2move.com\/eu\/it_ch\/wp-json\/wp\/v2\/pages"}],"about":[{"href":"https:\/\/test.esolutions.free2move.com\/eu\/it_ch\/wp-json\/wp\/v2\/types\/page"}],"author":[{"embeddable":true,"href":"https:\/\/test.esolutions.free2move.com\/eu\/it_ch\/wp-json\/wp\/v2\/users\/1"}],"replies":[{"embeddable":true,"href":"https:\/\/test.esolutions.free2move.com\/eu\/it_ch\/wp-json\/wp\/v2\/comments?post=23129"}],"version-history":[{"count":0,"href":"https:\/\/test.esolutions.free2move.com\/eu\/it_ch\/wp-json\/wp\/v2\/pages\/23129\/revisions"}],"wp:attachment":[{"href":"https:\/\/test.esolutions.free2move.com\/eu\/it_ch\/wp-json\/wp\/v2\/media?parent=23129"}],"curies":[{"name":"wp","href":"https:\/\/api.w.org\/{rel}","templated":true}]}}