{"id":23130,"date":"2024-03-18T13:17:47","date_gmt":"2024-03-18T13:17:47","guid":{"rendered":"https:\/\/test.esolutions.free2move.com\/eu\/progetto-drossone-v2g\/"},"modified":"2024-03-18T13:17:47","modified_gmt":"2024-03-18T13:17:47","slug":"progetto-drossone-v2g","status":"publish","type":"page","link":"https:\/\/test.esolutions.free2move.com\/eu\/it_ch\/progetto-drossone-v2g\/","title":{"rendered":"PROGETTO DROSSONE V2G"},"content":{"rendered":"<div id=\"cs-content\" class=\"cs-content\"><nav class=\"x-crumbs e12537-e1 m9o9-0\" role=\"navigation\"><ol class=\"x-crumbs-list\" itemscope=\"\" itemtype=\"http:\/\/schema.org\/BreadcrumbList\" aria-label=\"Breadcrumb Navigation\"><li class=\"x-crumbs-list-item\" itemprop=\"itemListElement\" itemscope itemtype=\"http:\/\/schema.org\/ListItem\"><a class=\"x-crumbs-current x-crumbs-link\" itemtype=\"http:\/\/schema.org\/Thing\" itemprop=\"item\" href=\"https:\/\/test.esolutions.free2move.com\/eu\/it_ch\/\" title=\"You Are Here\"><span itemprop=\"name\">Home<\/span><\/a><meta itemprop=\"position\" content=\"1\"><\/li><\/ol><\/nav><div class=\"x-section e12537-e2 m9o9-1 m9o9-2 m9o9-3\"><div class=\"x-row x-container max width e12537-e3 m9o9-5 m9o9-6 m9o9-a\"><div class=\"x-row-inner\"><div class=\"x-col e12537-e4 m9o9-m m9o9-n m9o9-o m9o9-p m9o9-q m9o9-r m9o9-s es_gap\"><div class=\"x-div e12537-e5 m9o9-x\"><div class=\"x-text x-text-headline e12537-e6 m9o9-y m9o9-z\"><div class=\"x-text-content\"><div class=\"x-text-content-text\"><h2 class=\"x-text-content-text-primary\">PROGETTO DROSSONE V2G<\/h2><\/div><\/div><\/div><\/div><\/div><div class=\"x-col e12537-e7 m9o9-q m9o9-r m9o9-s\"><div class=\"x-frame x-frame-video-player e12537-e8 m9o9-11 m9o9-12\"><div class=\"x-frame-inner\"><div class=\"x-video x-video-player hide-controls autoplay loop muted\" data-x-element-mejs=\"{&quot;poster&quot;:&quot;&quot;,&quot;options&quot;:{&quot;pause_out_of_view&quot;:false}}\"><video class=\"x-mejs\" poster=\"\" preload=\"metadata\" options=\"\" loop=\"\" muted=\"\"><source src=\"https:\/\/test.esolutions.free2move.com\/eu\/it_ch\/\/drosso_pannelli-solari\"><source src=\"https:\/\/test.esolutions.free2move.com\/eu\/it_ch\/\/drosso_pannelli-solari\" type=\"video\/quicktime\"><source src=\"https:\/\/test.esolutions.free2move.com\/eu\/it_ch\/\/drosso_pannelli-solari\" type=\"video\/mp4\"><\/video><\/div><\/div><\/div><\/div><\/div><\/div><\/div><div class=\"x-section e12537-e9 m9o9-1 m9o9-4\"><div class=\"x-row x-container max width e12537-e10 m9o9-5 m9o9-7 m9o9-8 m9o9-b m9o9-c\"><div class=\"x-row-inner\"><div class=\"x-col e12537-e11 m9o9-m m9o9-n m9o9-o m9o9-p m9o9-r m9o9-s m9o9-t mobile_hidden\"><hr class=\"x-line e12537-e12 m9o9-13\"\/><\/div><div class=\"x-col e12537-e13 m9o9-m m9o9-n m9o9-o m9o9-p m9o9-r m9o9-s m9o9-t es_gap\"><div class=\"x-row e12537-e14 m9o9-5 m9o9-8 m9o9-b m9o9-d\"><div class=\"x-row-inner\"><div class=\"x-col e12537-e15 m9o9-r m9o9-s m9o9-t\"><div class=\"x-text x-content e12537-e16 m9o9-14 m9o9-15 text-l\"><p>Il <strong>progetto DrossOne V2G Parking<\/strong> \u00e8 un sistema vehicle-to-grid (V2G) su larga scala con accumulo di energia integrato, sviluppato con il sostegno del <strong>Fondo per l'innovazione della Commissione europea.<\/strong> Il progetto DrossOne si trova a Mirafiori, Torino, Italia ed \u00e8 sviluppato da <strong>Free2move eSolutions <\/strong>e <strong>Stellantis<\/strong>.<\/p><\/div><\/div><\/div><\/div><\/div><\/div><\/div><\/div><div class=\"x-section e12537-e17 m9o9-1 m9o9-2\"><div class=\"x-row x-container max width e12537-e18 m9o9-5 m9o9-7 m9o9-8 m9o9-b m9o9-e\"><div class=\"x-row-inner\"><div class=\"x-col e12537-e19 m9o9-m m9o9-n m9o9-o m9o9-p m9o9-r m9o9-s m9o9-t mobile_hidden\"><span class=\"x-image e12537-e20 m9o9-17\"><img decoding=\"async\" src=\"https:\/\/test.esolutions.free2move.com\/eu\/wp-content\/uploads\/2024\/03\/eu_co_funded_en.jpg\" width=\"550\" height=\"115\" alt=\"Image\" loading=\"lazy\"><\/span><\/div><div class=\"x-col e12537-e21 m9o9-m m9o9-n m9o9-o m9o9-p m9o9-r m9o9-s m9o9-t es_gap\"><div class=\"x-row e12537-e22 m9o9-5 m9o9-8 m9o9-b m9o9-f\"><div class=\"x-row-inner\"><div class=\"x-col e12537-e23 m9o9-r m9o9-s m9o9-t\"><div class=\"x-text x-content e12537-e24 m9o9-14 m9o9-15 text-l\"><p>Parcheggio V2G DrossOne<br>GA n \u00b0 101038849 - un progetto finanziato dal Fondo per l'innovazione<\/p><\/div><\/div><\/div><\/div><\/div><\/div><\/div><\/div><div class=\"x-section e12537-e25 m9o9-1 m9o9-2 m9o9-3\"><div class=\"x-row x-container max width e12537-e26 m9o9-5 m9o9-7 m9o9-8 m9o9-b m9o9-g\"><div class=\"x-row-inner\"><div class=\"x-col e12537-e27 m9o9-m m9o9-o m9o9-r m9o9-s m9o9-t m9o9-u m9o9-v\"><span class=\"x-image e12537-e28 m9o9-17 m9o9-18\"><img decoding=\"async\" src=\"https:\/\/test.esolutions.free2move.com\/eu\/wp-content\/uploads\/2024\/04\/DJI_0491-scaled.jpg\" width=\"1280\" height=\"852\" alt=\"Image\" loading=\"lazy\"><\/span><\/div><div class=\"x-col e12537-e29 m9o9-m m9o9-n m9o9-o m9o9-p m9o9-r m9o9-s m9o9-t es_gap\"><div class=\"x-row e12537-e30 m9o9-5 m9o9-8 m9o9-9 m9o9-b m9o9-h\"><div class=\"x-row-inner\"><div class=\"x-col e12537-e31 m9o9-m m9o9-p m9o9-r m9o9-t m9o9-u m9o9-w es_gap\"><div class=\"x-text x-text-headline e12537-e32 m9o9-z m9o9-10\"><div class=\"x-text-content\"><div class=\"x-text-content-text\"><h4 class=\"x-text-content-text-primary\"><strong>Il progetto<\/strong><\/h4><\/div><\/div><\/div><div class=\"x-text x-content e12537-e33 m9o9-14 m9o9-16\"><div class=\"ewa-rteLine\">Il vehicle-to-grid promuove un cambiamento di paradigma che rende i veicoli elettrici una preziosa fonte di flessibilit\u00e0 per la rete.<\/div>\n<div class=\"ewa-rteLine\">&nbsp;<\/div>\n<div class=\"ewa-rteLine\">Il progetto dimostrer\u00e0 la fattibilit\u00e0 di un sistema di ricarica V2G centralizzato su larga scala utilizzando l'accumulo stazionario associato ai veicoli elettrici (EV) nel parcheggio di Stellantis (prima di essere spediti alle concessionarie) e un'unit\u00e0 di accumulo stazionario basata su batterie di seconda vita.<\/div>\n<div class=\"ewa-rteLine\">&nbsp;<\/div>\n<div class=\"ewa-rteLine\">Il progetto DrossOne fornir\u00e0 anche servizi ausiliari di riserva rapida all'operatore di rete (come il bilanciamento, la regolazione della frequenza e della potenza) e servizi in tempo reale utilizzando un sistema con caricatori rapidi bidirezionali.<\/div><\/div><\/div><\/div><\/div><\/div><\/div><\/div><\/div><div class=\"x-section e12537-e34 m9o9-1 m9o9-2 m9o9-3\"><div class=\"x-row x-container max width e12537-e35 m9o9-5 m9o9-7 m9o9-8 m9o9-b m9o9-i\"><div class=\"x-row-inner\"><div class=\"x-col e12537-e36 m9o9-m m9o9-o m9o9-r m9o9-s m9o9-t m9o9-u m9o9-v\"><span class=\"x-image e12537-e37 m9o9-17\"><img decoding=\"async\" src=\"https:\/\/test.esolutions.free2move.com\/eu\/wp-content\/uploads\/2024\/04\/DJI_0539-scaled.jpg\" width=\"1280\" height=\"852\" alt=\"Image\" loading=\"lazy\"><\/span><\/div><div class=\"x-col e12537-e38 m9o9-m m9o9-n m9o9-o m9o9-p m9o9-r m9o9-s m9o9-t es_gap\"><div class=\"x-row e12537-e39 m9o9-5 m9o9-8 m9o9-9 m9o9-b m9o9-j\"><div class=\"x-row-inner\"><div class=\"x-col e12537-e40 m9o9-m m9o9-p m9o9-r m9o9-t m9o9-u m9o9-w es_gap\"><div class=\"x-text x-text-headline e12537-e41 m9o9-z m9o9-10\"><div class=\"x-text-content\"><div class=\"x-text-content-text\"><h4 class=\"x-text-content-text-primary\"><strong>La tecnologia<\/strong><\/h4><\/div><\/div><\/div><div class=\"x-text x-content e12537-e42 m9o9-14 m9o9-16\"><div class=\"ewa-rteLine\">\n<div class=\"ewa-rteLine\">Il progetto \u00e8 il <strong>primo V2G bidirezionale centralizzato commerciale su larga scala di questo tipo<\/strong>, grazie alla tecnologia innovativa applicata all'hardware, ovvero all'aggiunta di un convertitore corrente continua-corrente continua (DC-DC).<\/div>\n<div class=\"ewa-rteLine\">Il software \u00e8 un altro punto chiave per l'innovazione, grazie alla nuova piattaforma software di aggregazione che emula e controlla le flotte come un'unica \"risorsa di accumulo di energia\" centralizzata con un'unica interfaccia con la rete.<\/div>\n<div class=\"ewa-rteLine\">&nbsp;<\/div>\n<div class=\"ewa-rteLine\">Infine, un modello di business innovativo che genera valore dalla capacit\u00e0 di stoccaggio inutilizzata dei veicoli elettrici parcheggiati, offrendo servizi di stabilit\u00e0 della rete all'operatore del sistema di trasmissione italiano (TSO).<\/div>\n<\/div><\/div><\/div><\/div><\/div><\/div><\/div><\/div><\/div><div class=\"x-section e12537-e43 m9o9-1 m9o9-2 m9o9-3\"><div class=\"x-row x-container max width e12537-e44 m9o9-5 m9o9-7 m9o9-8 m9o9-b m9o9-k\"><div class=\"x-row-inner\"><div class=\"x-col e12537-e45 m9o9-m m9o9-o m9o9-r m9o9-s m9o9-t m9o9-u m9o9-v\"><span class=\"x-image e12537-e46 m9o9-17\"><img decoding=\"async\" src=\"https:\/\/test.esolutions.free2move.com\/eu\/wp-content\/uploads\/2024\/04\/DJI_0474-scaled.jpg\" width=\"1280\" height=\"852\" alt=\"Image\" loading=\"lazy\"><\/span><\/div><div class=\"x-col e12537-e47 m9o9-m m9o9-n m9o9-o m9o9-p m9o9-r m9o9-s m9o9-t es_gap\"><div class=\"x-row e12537-e48 m9o9-5 m9o9-8 m9o9-9 m9o9-b m9o9-l\"><div class=\"x-row-inner\"><div class=\"x-col e12537-e49 m9o9-m m9o9-p m9o9-r m9o9-t m9o9-u m9o9-w es_gap\"><div class=\"x-text x-text-headline e12537-e50 m9o9-z m9o9-10\"><div class=\"x-text-content\"><div class=\"x-text-content-text\"><h4 class=\"x-text-content-text-primary\">Contribuire alla transizione energetica<\/h4><\/div><\/div><\/div><div class=\"x-text x-content e12537-e51 m9o9-14 m9o9-16\"><div class=\"ewa-rteLine\">\n<div class=\"ewa-rteLine\">Il progetto di parcheggio V2G di DrossOne fornir\u00e0 una capacit\u00e0 nominale di 25MW di servizi di riserva ultraveloci tra il 2023 e il 2027, contribuendo cos\u00ec a ridurre il fabbisogno di centrali elettriche a combustibili fossili da parte dei TSO.<br><br>L'accumulo di energia e le flotte di veicoli elettrici possono contribuire a un futuro pi\u00f9 sostenibile e neutrale dal punto di vista delle emissioni di carbonio, in quanto ridurranno la necessit\u00e0 di centrali elettriche di picco a combustibili fossili per fornire servizi ausiliari di rete e quindi ridurranno le emissioni di gas serra legate a tali centrali.<\/div>\n<\/div><\/div><\/div><\/div><\/div><\/div><\/div><\/div><\/div><\/div>\n","protected":false},"excerpt":{"rendered":"<p>HomePROGETTO DROSSONE V2GIl progetto DrossOne V2G Parking \u00e8 un sistema vehicle-to-grid (V2G) su larga scala con accumulo di energia integrato, sviluppato con il sostegno del Fondo per l&#8217;innovazione della Commissione europea. Il progetto DrossOne si trova a Mirafiori, Torino, Italia ed \u00e8 sviluppato da Free2move eSolutions e Stellantis.Parcheggio V2G DrossOneGA n \u00b0 101038849 &#8211; un progetto finanziato dal Fondo per &#8230; <\/p>\n<div><a href=\"https:\/\/test.esolutions.free2move.com\/eu\/it_ch\/progetto-drossone-v2g\/\" class=\"more-link\">Read More<\/a><\/div>\n","protected":false},"author":1,"featured_media":0,"parent":0,"menu_order":0,"comment_status":"closed","ping_status":"closed","template":"template-blank-4.php","meta":{"_acf_changed":false,"inline_featured_image":false,"footnotes":""},"class_list":["post-23130","page","type-page","status-publish","hentry","no-post-thumbnail"],"acf":[],"yoast_head":"<!-- This site is optimized with the Yoast SEO plugin v24.4 - https:\/\/yoast.com\/wordpress\/plugins\/seo\/ -->\n<title>PROGETTO DROSSONE V2G | Free2move eSolutions<\/title>\n<meta name=\"description\" content=\"Il progetto DrossOne V2G Parking \u00e8 un sistema Vehicle-to-Grid (V2G) su larga scala con accumulo integrato di energia sviluppato con il supporto del Fondo per l&#039;Innovazione della Commissione Europea. Il progetto DrossOne si trova a Mirafiori, Torino, Italia ed \u00e8 sviluppato da Free2move eSolutions e Stellantis.\" \/>\n<meta name=\"robots\" content=\"index, follow, max-snippet:-1, max-image-preview:large, max-video-preview:-1\" \/>\n<link rel=\"canonical\" href=\"https:\/\/test.esolutions.free2move.com\/eu\/en_def\/drossone-v2g-project\/\" \/>\n<meta property=\"og:locale\" content=\"it_IT\" \/>\n<meta property=\"og:type\" content=\"article\" \/>\n<meta property=\"og:title\" content=\"PROGETTO DROSSONE V2G | Free2move eSolutions\" \/>\n<meta property=\"og:description\" content=\"Il progetto DrossOne V2G Parking \u00e8 un sistema Vehicle-to-Grid (V2G) su larga scala con accumulo integrato di energia sviluppato con il supporto del Fondo per l&#039;Innovazione della Commissione Europea. Il progetto DrossOne si trova a Mirafiori, Torino, Italia ed \u00e8 sviluppato da Free2move eSolutions e Stellantis.\" \/>\n<meta property=\"og:url\" content=\"https:\/\/test.esolutions.free2move.com\/eu\/en_def\/drossone-v2g-project\/\" \/>\n<meta property=\"og:site_name\" content=\"eSolution europe\" \/>\n<meta name=\"twitter:card\" content=\"summary_large_image\" \/>\n<meta name=\"twitter:label1\" content=\"Est. reading time\" \/>\n\t<meta name=\"twitter:data1\" content=\"4 minutes\" \/>\n<script type=\"application\/ld+json\" class=\"yoast-schema-graph\">{\"@context\":\"https:\/\/schema.org\",\"@graph\":[{\"@type\":\"WebPage\",\"@id\":\"https:\/\/test.esolutions.free2move.com\/eu\/en_def\/drossone-v2g-project\/\",\"url\":\"https:\/\/test.esolutions.free2move.com\/eu\/en_def\/drossone-v2g-project\/\",\"name\":\"PROGETTO DROSSONE V2G | Free2move eSolutions\",\"isPartOf\":{\"@id\":\"https:\/\/test.esolutions.free2move.com\/eu\/en_it\/#website\"},\"datePublished\":\"2024-03-18T13:17:47+00:00\",\"description\":\"Il progetto DrossOne V2G Parking \u00e8 un sistema Vehicle-to-Grid (V2G) su larga scala con accumulo integrato di energia sviluppato con il supporto del Fondo per l'Innovazione della Commissione Europea. Il progetto DrossOne si trova a Mirafiori, Torino, Italia ed \u00e8 sviluppato da Free2move eSolutions e Stellantis.\",\"breadcrumb\":{\"@id\":\"https:\/\/test.esolutions.free2move.com\/eu\/en_def\/drossone-v2g-project\/#breadcrumb\"},\"inLanguage\":\"it-ch\",\"potentialAction\":[{\"@type\":\"ReadAction\",\"target\":[\"https:\/\/test.esolutions.free2move.com\/eu\/en_def\/drossone-v2g-project\/\"]}]},{\"@type\":\"BreadcrumbList\",\"@id\":\"https:\/\/test.esolutions.free2move.com\/eu\/en_def\/drossone-v2g-project\/#breadcrumb\",\"itemListElement\":[{\"@type\":\"ListItem\",\"position\":1,\"name\":\"Home\",\"item\":\"https:\/\/test.esolutions.free2move.com\/eu\/it_ch\/\"},{\"@type\":\"ListItem\",\"position\":2,\"name\":\"PROGETTO DROSSONE V2G\"}]},{\"@type\":\"WebSite\",\"@id\":\"https:\/\/test.esolutions.free2move.com\/eu\/en_it\/#website\",\"url\":\"https:\/\/test.esolutions.free2move.com\/eu\/en_it\/\",\"name\":\"eSolutions europe\",\"description\":\"\",\"publisher\":{\"@id\":\"https:\/\/test.esolutions.free2move.com\/eu\/en_it\/#organization\"},\"potentialAction\":[{\"@type\":\"SearchAction\",\"target\":{\"@type\":\"EntryPoint\",\"urlTemplate\":\"https:\/\/test.esolutions.free2move.com\/eu\/en_it\/?s={search_term_string}\"},\"query-input\":{\"@type\":\"PropertyValueSpecification\",\"valueRequired\":true,\"valueName\":\"search_term_string\"}}],\"inLanguage\":\"it-ch\"},{\"@type\":\"Organization\",\"@id\":\"https:\/\/test.esolutions.free2move.com\/eu\/en_it\/#organization\",\"name\":\"eSolutions europe\",\"url\":\"https:\/\/test.esolutions.free2move.com\/eu\/en_it\/\",\"logo\":{\"@type\":\"ImageObject\",\"inLanguage\":\"it-ch\",\"@id\":\"https:\/\/test.esolutions.free2move.com\/eu\/en_it\/#\/schema\/logo\/image\/\",\"url\":\"https:\/\/www.esolutions.free2move.com\/eu\/wp-content\/uploads\/2024\/03\/logo-f2m-horizontal-1-1-1.png\",\"contentUrl\":\"https:\/\/www.esolutions.free2move.com\/eu\/wp-content\/uploads\/2024\/03\/logo-f2m-horizontal-1-1-1.png\",\"width\":865,\"height\":218,\"caption\":\"eSolutions europe\"},\"image\":{\"@id\":\"https:\/\/test.esolutions.free2move.com\/eu\/en_it\/#\/schema\/logo\/image\/\"}}]}<\/script>\n<!-- \/ Yoast SEO plugin. -->","yoast_head_json":{"title":"PROGETTO DROSSONE V2G | Free2move eSolutions","description":"Il progetto DrossOne V2G Parking \u00e8 un sistema Vehicle-to-Grid (V2G) su larga scala con accumulo integrato di energia sviluppato con il supporto del Fondo per l'Innovazione della Commissione Europea. Il progetto DrossOne si trova a Mirafiori, Torino, Italia ed \u00e8 sviluppato da Free2move eSolutions e Stellantis.","robots":{"index":"index","follow":"follow","max-snippet":"max-snippet:-1","max-image-preview":"max-image-preview:large","max-video-preview":"max-video-preview:-1"},"canonical":"https:\/\/test.esolutions.free2move.com\/eu\/en_def\/drossone-v2g-project\/","og_locale":"it_IT","og_type":"article","og_title":"PROGETTO DROSSONE V2G | Free2move eSolutions","og_description":"Il progetto DrossOne V2G Parking \u00e8 un sistema Vehicle-to-Grid (V2G) su larga scala con accumulo integrato di energia sviluppato con il supporto del Fondo per l'Innovazione della Commissione Europea. Il progetto DrossOne si trova a Mirafiori, Torino, Italia ed \u00e8 sviluppato da Free2move eSolutions e Stellantis.","og_url":"https:\/\/test.esolutions.free2move.com\/eu\/en_def\/drossone-v2g-project\/","og_site_name":"eSolution europe","twitter_card":"summary_large_image","twitter_misc":{"Est. reading time":"4 minutes"},"schema":{"@context":"https:\/\/schema.org","@graph":[{"@type":"WebPage","@id":"https:\/\/test.esolutions.free2move.com\/eu\/en_def\/drossone-v2g-project\/","url":"https:\/\/test.esolutions.free2move.com\/eu\/en_def\/drossone-v2g-project\/","name":"PROGETTO DROSSONE V2G | Free2move eSolutions","isPartOf":{"@id":"https:\/\/test.esolutions.free2move.com\/eu\/en_it\/#website"},"datePublished":"2024-03-18T13:17:47+00:00","description":"Il progetto DrossOne V2G Parking \u00e8 un sistema Vehicle-to-Grid (V2G) su larga scala con accumulo integrato di energia sviluppato con il supporto del Fondo per l'Innovazione della Commissione Europea. Il progetto DrossOne si trova a Mirafiori, Torino, Italia ed \u00e8 sviluppato da Free2move eSolutions e Stellantis.","breadcrumb":{"@id":"https:\/\/test.esolutions.free2move.com\/eu\/en_def\/drossone-v2g-project\/#breadcrumb"},"inLanguage":"it-ch","potentialAction":[{"@type":"ReadAction","target":["https:\/\/test.esolutions.free2move.com\/eu\/en_def\/drossone-v2g-project\/"]}]},{"@type":"BreadcrumbList","@id":"https:\/\/test.esolutions.free2move.com\/eu\/en_def\/drossone-v2g-project\/#breadcrumb","itemListElement":[{"@type":"ListItem","position":1,"name":"Home","item":"https:\/\/test.esolutions.free2move.com\/eu\/it_ch\/"},{"@type":"ListItem","position":2,"name":"PROGETTO DROSSONE V2G"}]},{"@type":"WebSite","@id":"https:\/\/test.esolutions.free2move.com\/eu\/en_it\/#website","url":"https:\/\/test.esolutions.free2move.com\/eu\/en_it\/","name":"eSolutions europe","description":"","publisher":{"@id":"https:\/\/test.esolutions.free2move.com\/eu\/en_it\/#organization"},"potentialAction":[{"@type":"SearchAction","target":{"@type":"EntryPoint","urlTemplate":"https:\/\/test.esolutions.free2move.com\/eu\/en_it\/?s={search_term_string}"},"query-input":{"@type":"PropertyValueSpecification","valueRequired":true,"valueName":"search_term_string"}}],"inLanguage":"it-ch"},{"@type":"Organization","@id":"https:\/\/test.esolutions.free2move.com\/eu\/en_it\/#organization","name":"eSolutions europe","url":"https:\/\/test.esolutions.free2move.com\/eu\/en_it\/","logo":{"@type":"ImageObject","inLanguage":"it-ch","@id":"https:\/\/test.esolutions.free2move.com\/eu\/en_it\/#\/schema\/logo\/image\/","url":"https:\/\/www.esolutions.free2move.com\/eu\/wp-content\/uploads\/2024\/03\/logo-f2m-horizontal-1-1-1.png","contentUrl":"https:\/\/www.esolutions.free2move.com\/eu\/wp-content\/uploads\/2024\/03\/logo-f2m-horizontal-1-1-1.png","width":865,"height":218,"caption":"eSolutions europe"},"image":{"@id":"https:\/\/test.esolutions.free2move.com\/eu\/en_it\/#\/schema\/logo\/image\/"}}]}},"_links":{"self":[{"href":"https:\/\/test.esolutions.free2move.com\/eu\/it_ch\/wp-json\/wp\/v2\/pages\/23130","targetHints":{"allow":["GET"]}}],"collection":[{"href":"https:\/\/test.esolutions.free2move.com\/eu\/it_ch\/wp-json\/wp\/v2\/pages"}],"about":[{"href":"https:\/\/test.esolutions.free2move.com\/eu\/it_ch\/wp-json\/wp\/v2\/types\/page"}],"author":[{"embeddable":true,"href":"https:\/\/test.esolutions.free2move.com\/eu\/it_ch\/wp-json\/wp\/v2\/users\/1"}],"replies":[{"embeddable":true,"href":"https:\/\/test.esolutions.free2move.com\/eu\/it_ch\/wp-json\/wp\/v2\/comments?post=23130"}],"version-history":[{"count":0,"href":"https:\/\/test.esolutions.free2move.com\/eu\/it_ch\/wp-json\/wp\/v2\/pages\/23130\/revisions"}],"wp:attachment":[{"href":"https:\/\/test.esolutions.free2move.com\/eu\/it_ch\/wp-json\/wp\/v2\/media?parent=23130"}],"curies":[{"name":"wp","href":"https:\/\/api.w.org\/{rel}","templated":true}]}}