{"id":50744,"date":"2024-03-18T14:43:47","date_gmt":"2024-03-18T14:43:47","guid":{"rendered":"https:\/\/test.esolutions.free2move.com\/eu\/carlalberto-guglielminotti\/"},"modified":"2024-03-18T14:43:47","modified_gmt":"2024-03-18T14:43:47","slug":"carlalberto-guglielminotti","status":"publish","type":"page","link":"https:\/\/test.esolutions.free2move.com\/eu\/it_it\/governance-ed-etica\/carlalberto-guglielminotti\/","title":{"rendered":"Carlalberto Guglielminotti"},"content":{"rendered":"<div id=\"cs-content\" class=\"cs-content\"><nav class=\"x-crumbs e12595-e1 m9pv-0\" role=\"navigation\"><ol class=\"x-crumbs-list\" itemscope=\"\" itemtype=\"http:\/\/schema.org\/BreadcrumbList\" aria-label=\"Breadcrumb Navigation\"><li class=\"x-crumbs-list-item\" itemprop=\"itemListElement\" itemscope itemtype=\"http:\/\/schema.org\/ListItem\"><a class=\"x-crumbs-current x-crumbs-link\" itemtype=\"http:\/\/schema.org\/Thing\" itemprop=\"item\" href=\"https:\/\/test.esolutions.free2move.com\/eu\/it_it\/\" title=\"You Are Here\"><span itemprop=\"name\">Home<\/span><\/a><meta itemprop=\"position\" content=\"1\"><\/li><\/ol><\/nav><div class=\"x-section e12595-e2 m9pv-1\"><div class=\"x-row x-container max width e12595-e3 m9pv-2 m9pv-3 m9pv-5 m9pv-6\"><div class=\"x-row-inner\"><div class=\"x-col e12595-e4 m9pv-8 m9pv-9 m9pv-a m9pv-b\"><span class=\"x-image e12595-e5 m9pv-f\"><img decoding=\"async\" src=\"https:\/\/test.esolutions.free2move.com\/eu\/wp-content\/uploads\/2024\/03\/GovernanceEthics_Carlalberto-Guglielminotti-copia-1.jpg\" width=\"146\" height=\"134\" alt=\"Image\" loading=\"lazy\"><\/span><\/div><div class=\"x-col e12595-e6 m9pv-8 m9pv-a m9pv-c m9pv-d es_gap\"><div class=\"x-row e12595-e7 m9pv-3 m9pv-4 m9pv-5 m9pv-7\"><div class=\"x-row-inner\"><div class=\"x-col e12595-e8 m9pv-8 m9pv-9 m9pv-d m9pv-e es_gap\"><div class=\"x-text x-text-headline e12595-e9 m9pv-g\"><div class=\"x-text-content\"><div class=\"x-text-content-text\"><h2 class=\"x-text-content-text-primary\">Carlalberto Guglielminotti<\/h2><\/div><\/div><\/div><div class=\"x-text x-content e12595-e10 m9pv-h\"><div class=\"ewa-rteLine\"><strong>Presidente esecutivo<\/strong><\/div>\n<div class=\"ewa-rteLine\">&nbsp;<\/div>\n<div class=\"ewa-rteLine\">\n<div class=\"ewa-rteLine\">Carlalberto Guglielminotti \u00e8 Amministratore delegato di NHOA (NHOA.PA), ex Engie EPS, e da maggio 2021 \u00e8 anche Presidente esecutivo di Free2move eSolutions.<\/div>\n<div class=\"ewa-rteLine\">\u00c8 Young Global Leader del World Economic Forum 2020, Ambasciatore della Fondazione Theodora e Segretario Generale della Fondazione Ciolina.<\/div>\n<div class=\"ewa-rteLine\">\u00c8 inoltre presidente di Atlante, membro del Consiglio di amministrazione dell'Istituto per gli studi di politica internazionale (ISPI) e del Comitato scientifico di Leadersel Innotech ESG (Ersel). Inoltre, \u00e8 partner e presidente del consiglio di amministrazione di 360 Capital, societ\u00e0 di venture capital con 400 milioni di euro di asset in gestione.<\/div>\n<div class=\"ewa-rteLine\">Guglielminotti ha conseguito un MBA presso la SDA Bocconi, si \u00e8 specializzato negli Stati Uniti (Stanford University e European School of Economics), in Israele in Filosofia (Haifa University), in Francia con un LL.B (Universit\u00e9 Paris V) e in Italia con un JD summa cum laude (Universit\u00e0 di Torino).<\/div>\n<\/div><\/div><\/div><\/div><\/div><\/div><\/div><\/div><\/div><\/div>\n","protected":false},"excerpt":{"rendered":"<p>HomeCarlalberto GuglielminottiPresidente esecutivo &nbsp; Carlalberto Guglielminotti \u00e8 Amministratore delegato di NHOA (NHOA.PA), ex Engie EPS, e da maggio 2021 \u00e8 anche Presidente esecutivo di Free2move eSolutions. \u00c8 Young Global Leader del World Economic Forum 2020, Ambasciatore della Fondazione Theodora e Segretario Generale della Fondazione Ciolina. \u00c8 inoltre presidente di Atlante, membro del Consiglio di amministrazione dell&#8217;Istituto per gli studi di &#8230; <\/p>\n<div><a href=\"https:\/\/test.esolutions.free2move.com\/eu\/it_it\/governance-ed-etica\/carlalberto-guglielminotti\/\" class=\"more-link\">Read More<\/a><\/div>\n","protected":false},"author":1,"featured_media":0,"parent":50748,"menu_order":0,"comment_status":"closed","ping_status":"closed","template":"template-blank-4.php","meta":{"_acf_changed":false,"inline_featured_image":false,"footnotes":""},"class_list":["post-50744","page","type-page","status-publish","hentry","no-post-thumbnail"],"acf":[],"yoast_head":"<!-- This site is optimized with the Yoast SEO plugin v24.4 - https:\/\/yoast.com\/wordpress\/plugins\/seo\/ -->\n<title>Carlalberto Guglielminotti - eSolution europe<\/title>\n<meta name=\"robots\" content=\"index, follow, max-snippet:-1, max-image-preview:large, max-video-preview:-1\" \/>\n<link rel=\"canonical\" href=\"https:\/\/test.esolutions.free2move.com\/eu\/it_it\/carlalberto-guglielminotti\/\" \/>\n<meta property=\"og:locale\" content=\"it_IT\" \/>\n<meta property=\"og:type\" content=\"article\" \/>\n<meta property=\"og:title\" content=\"Carlalberto Guglielminotti - eSolution europe\" \/>\n<meta property=\"og:description\" content=\"HomeCarlalberto GuglielminottiPresidente esecutivo &nbsp; Carlalberto Guglielminotti \u00e8 Amministratore delegato di NHOA (NHOA.PA), ex Engie EPS, e da maggio 2021 \u00e8 anche Presidente esecutivo di Free2move eSolutions. \u00c8 Young Global Leader del World Economic Forum 2020, Ambasciatore della Fondazione Theodora e Segretario Generale della Fondazione Ciolina. \u00c8 inoltre presidente di Atlante, membro del Consiglio di amministrazione dell&#039;Istituto per gli studi di ... Read More\" \/>\n<meta property=\"og:url\" content=\"https:\/\/test.esolutions.free2move.com\/eu\/it_it\/carlalberto-guglielminotti\/\" \/>\n<meta property=\"og:site_name\" content=\"eSolution europe\" \/>\n<meta name=\"twitter:card\" content=\"summary_large_image\" \/>\n<meta name=\"twitter:label1\" content=\"Est. reading time\" \/>\n\t<meta name=\"twitter:data1\" content=\"1 minute\" \/>\n<script type=\"application\/ld+json\" class=\"yoast-schema-graph\">{\"@context\":\"https:\/\/schema.org\",\"@graph\":[{\"@type\":\"WebPage\",\"@id\":\"https:\/\/test.esolutions.free2move.com\/eu\/it_it\/carlalberto-guglielminotti\/\",\"url\":\"https:\/\/test.esolutions.free2move.com\/eu\/it_it\/carlalberto-guglielminotti\/\",\"name\":\"Carlalberto Guglielminotti - eSolution europe\",\"isPartOf\":{\"@id\":\"https:\/\/test.esolutions.free2move.com\/eu\/en_it\/#website\"},\"datePublished\":\"2024-03-18T14:43:47+00:00\",\"breadcrumb\":{\"@id\":\"https:\/\/test.esolutions.free2move.com\/eu\/it_it\/carlalberto-guglielminotti\/#breadcrumb\"},\"inLanguage\":\"it-it\",\"potentialAction\":[{\"@type\":\"ReadAction\",\"target\":[\"https:\/\/test.esolutions.free2move.com\/eu\/it_it\/carlalberto-guglielminotti\/\"]}]},{\"@type\":\"BreadcrumbList\",\"@id\":\"https:\/\/test.esolutions.free2move.com\/eu\/it_it\/carlalberto-guglielminotti\/#breadcrumb\",\"itemListElement\":[{\"@type\":\"ListItem\",\"position\":1,\"name\":\"Home\",\"item\":\"https:\/\/test.esolutions.free2move.com\/eu\/it_it\/\"},{\"@type\":\"ListItem\",\"position\":2,\"name\":\"Carlalberto Guglielminotti\"}]},{\"@type\":\"WebSite\",\"@id\":\"https:\/\/test.esolutions.free2move.com\/eu\/en_it\/#website\",\"url\":\"https:\/\/test.esolutions.free2move.com\/eu\/en_it\/\",\"name\":\"eSolutions europe\",\"description\":\"\",\"publisher\":{\"@id\":\"https:\/\/test.esolutions.free2move.com\/eu\/en_it\/#organization\"},\"potentialAction\":[{\"@type\":\"SearchAction\",\"target\":{\"@type\":\"EntryPoint\",\"urlTemplate\":\"https:\/\/test.esolutions.free2move.com\/eu\/en_it\/?s={search_term_string}\"},\"query-input\":{\"@type\":\"PropertyValueSpecification\",\"valueRequired\":true,\"valueName\":\"search_term_string\"}}],\"inLanguage\":\"it-it\"},{\"@type\":\"Organization\",\"@id\":\"https:\/\/test.esolutions.free2move.com\/eu\/en_it\/#organization\",\"name\":\"eSolutions europe\",\"url\":\"https:\/\/test.esolutions.free2move.com\/eu\/en_it\/\",\"logo\":{\"@type\":\"ImageObject\",\"inLanguage\":\"it-it\",\"@id\":\"https:\/\/test.esolutions.free2move.com\/eu\/en_it\/#\/schema\/logo\/image\/\",\"url\":\"https:\/\/www.esolutions.free2move.com\/eu\/wp-content\/uploads\/2024\/03\/logo-f2m-horizontal-1-1-1.png\",\"contentUrl\":\"https:\/\/www.esolutions.free2move.com\/eu\/wp-content\/uploads\/2024\/03\/logo-f2m-horizontal-1-1-1.png\",\"width\":865,\"height\":218,\"caption\":\"eSolutions europe\"},\"image\":{\"@id\":\"https:\/\/test.esolutions.free2move.com\/eu\/en_it\/#\/schema\/logo\/image\/\"}}]}<\/script>\n<!-- \/ Yoast SEO plugin. -->","yoast_head_json":{"title":"Carlalberto Guglielminotti - eSolution europe","robots":{"index":"index","follow":"follow","max-snippet":"max-snippet:-1","max-image-preview":"max-image-preview:large","max-video-preview":"max-video-preview:-1"},"canonical":"https:\/\/test.esolutions.free2move.com\/eu\/it_it\/carlalberto-guglielminotti\/","og_locale":"it_IT","og_type":"article","og_title":"Carlalberto Guglielminotti - eSolution europe","og_description":"HomeCarlalberto GuglielminottiPresidente esecutivo &nbsp; Carlalberto Guglielminotti \u00e8 Amministratore delegato di NHOA (NHOA.PA), ex Engie EPS, e da maggio 2021 \u00e8 anche Presidente esecutivo di Free2move eSolutions. \u00c8 Young Global Leader del World Economic Forum 2020, Ambasciatore della Fondazione Theodora e Segretario Generale della Fondazione Ciolina. \u00c8 inoltre presidente di Atlante, membro del Consiglio di amministrazione dell'Istituto per gli studi di ... Read More","og_url":"https:\/\/test.esolutions.free2move.com\/eu\/it_it\/carlalberto-guglielminotti\/","og_site_name":"eSolution europe","twitter_card":"summary_large_image","twitter_misc":{"Est. reading time":"1 minute"},"schema":{"@context":"https:\/\/schema.org","@graph":[{"@type":"WebPage","@id":"https:\/\/test.esolutions.free2move.com\/eu\/it_it\/carlalberto-guglielminotti\/","url":"https:\/\/test.esolutions.free2move.com\/eu\/it_it\/carlalberto-guglielminotti\/","name":"Carlalberto Guglielminotti - eSolution europe","isPartOf":{"@id":"https:\/\/test.esolutions.free2move.com\/eu\/en_it\/#website"},"datePublished":"2024-03-18T14:43:47+00:00","breadcrumb":{"@id":"https:\/\/test.esolutions.free2move.com\/eu\/it_it\/carlalberto-guglielminotti\/#breadcrumb"},"inLanguage":"it-it","potentialAction":[{"@type":"ReadAction","target":["https:\/\/test.esolutions.free2move.com\/eu\/it_it\/carlalberto-guglielminotti\/"]}]},{"@type":"BreadcrumbList","@id":"https:\/\/test.esolutions.free2move.com\/eu\/it_it\/carlalberto-guglielminotti\/#breadcrumb","itemListElement":[{"@type":"ListItem","position":1,"name":"Home","item":"https:\/\/test.esolutions.free2move.com\/eu\/it_it\/"},{"@type":"ListItem","position":2,"name":"Carlalberto Guglielminotti"}]},{"@type":"WebSite","@id":"https:\/\/test.esolutions.free2move.com\/eu\/en_it\/#website","url":"https:\/\/test.esolutions.free2move.com\/eu\/en_it\/","name":"eSolutions europe","description":"","publisher":{"@id":"https:\/\/test.esolutions.free2move.com\/eu\/en_it\/#organization"},"potentialAction":[{"@type":"SearchAction","target":{"@type":"EntryPoint","urlTemplate":"https:\/\/test.esolutions.free2move.com\/eu\/en_it\/?s={search_term_string}"},"query-input":{"@type":"PropertyValueSpecification","valueRequired":true,"valueName":"search_term_string"}}],"inLanguage":"it-it"},{"@type":"Organization","@id":"https:\/\/test.esolutions.free2move.com\/eu\/en_it\/#organization","name":"eSolutions europe","url":"https:\/\/test.esolutions.free2move.com\/eu\/en_it\/","logo":{"@type":"ImageObject","inLanguage":"it-it","@id":"https:\/\/test.esolutions.free2move.com\/eu\/en_it\/#\/schema\/logo\/image\/","url":"https:\/\/www.esolutions.free2move.com\/eu\/wp-content\/uploads\/2024\/03\/logo-f2m-horizontal-1-1-1.png","contentUrl":"https:\/\/www.esolutions.free2move.com\/eu\/wp-content\/uploads\/2024\/03\/logo-f2m-horizontal-1-1-1.png","width":865,"height":218,"caption":"eSolutions europe"},"image":{"@id":"https:\/\/test.esolutions.free2move.com\/eu\/en_it\/#\/schema\/logo\/image\/"}}]}},"_links":{"self":[{"href":"https:\/\/test.esolutions.free2move.com\/eu\/it_it\/wp-json\/wp\/v2\/pages\/50744","targetHints":{"allow":["GET"]}}],"collection":[{"href":"https:\/\/test.esolutions.free2move.com\/eu\/it_it\/wp-json\/wp\/v2\/pages"}],"about":[{"href":"https:\/\/test.esolutions.free2move.com\/eu\/it_it\/wp-json\/wp\/v2\/types\/page"}],"author":[{"embeddable":true,"href":"https:\/\/test.esolutions.free2move.com\/eu\/it_it\/wp-json\/wp\/v2\/users\/1"}],"replies":[{"embeddable":true,"href":"https:\/\/test.esolutions.free2move.com\/eu\/it_it\/wp-json\/wp\/v2\/comments?post=50744"}],"version-history":[{"count":0,"href":"https:\/\/test.esolutions.free2move.com\/eu\/it_it\/wp-json\/wp\/v2\/pages\/50744\/revisions"}],"up":[{"embeddable":true,"href":"https:\/\/test.esolutions.free2move.com\/eu\/it_it\/wp-json\/wp\/v2\/pages\/50748"}],"wp:attachment":[{"href":"https:\/\/test.esolutions.free2move.com\/eu\/it_it\/wp-json\/wp\/v2\/media?parent=50744"}],"curies":[{"name":"wp","href":"https:\/\/api.w.org\/{rel}","templated":true}]}}