{"id":50369,"date":"2024-03-19T11:41:27","date_gmt":"2024-03-19T11:41:27","guid":{"rendered":"https:\/\/test.esolutions.free2move.com\/eu\/politica-de-cookies\/"},"modified":"2024-03-19T11:41:27","modified_gmt":"2024-03-19T11:41:27","slug":"politica-de-cookies","status":"publish","type":"page","link":"https:\/\/test.esolutions.free2move.com\/eu\/pt_pt\/politica-de-cookies\/","title":{"rendered":"Pol\u00edtica de cookies"},"content":{"rendered":"<div id=\"cs-content\" class=\"cs-content\"><nav class=\"x-crumbs e12527-e1 m9nz-0\" role=\"navigation\"><ol class=\"x-crumbs-list\" itemscope=\"\" itemtype=\"http:\/\/schema.org\/BreadcrumbList\" aria-label=\"Breadcrumb Navigation\"><li class=\"x-crumbs-list-item\" itemprop=\"itemListElement\" itemscope itemtype=\"http:\/\/schema.org\/ListItem\"><a class=\"x-crumbs-current x-crumbs-link\" itemtype=\"http:\/\/schema.org\/Thing\" itemprop=\"item\" href=\"https:\/\/test.esolutions.free2move.com\/eu\/pt_pt\/\" title=\"You Are Here\"><span itemprop=\"name\">Home<\/span><\/a><meta itemprop=\"position\" content=\"1\"><\/li><\/ol><\/nav><div class=\"x-section e12527-e2 m9nz-1\"><div class=\"x-row x-container max width e12527-e3 m9nz-2 m9nz-3 m9nz-5 m9nz-6\"><div class=\"x-row-inner\"><div class=\"x-col e12527-e4 m9nz-8 m9nz-9 es_gap\"><div class=\"x-row e12527-e5 m9nz-3 m9nz-4 m9nz-5 m9nz-7\"><div class=\"x-row-inner\"><div class=\"x-col e12527-e6 m9nz-8 m9nz-a es_gap\"><div class=\"x-text x-text-headline e12527-e7 m9nz-b\"><div class=\"x-text-content\"><div class=\"x-text-content-text\"><h2 class=\"x-text-content-text-primary\">Pol\u00edtica de cookies<\/h2><\/div><\/div><\/div><div class=\"x-text x-content e12527-e8 m9nz-c\"><p><strong>O que s\u00e3o bolachas?<\/strong><br>Os cookies s\u00e3o pequenos ficheiros de texto armazenados no seu computador ou dispositivo m\u00f3vel quando visita o nosso s\u00edtio Web.<\/p>\n<p><strong>Porque \u00e9 que utilizamos cookies<\/strong><br>Utilizamos cookies para garantir que lhe proporcionamos a melhor experi\u00eancia no nosso s\u00edtio Web. O nosso s\u00edtio Web utiliza cookies, que podem incluir tamb\u00e9m cookies de terceiros, para enviar publicidade relevante para o utilizador.<\/p>\n<p><strong>As bolachas s\u00e3o todas iguais?<\/strong><br>Os cookies podem ser classificados da seguinte forma.<\/p>\n<ul>\n<li><em>Cookies de sess\u00e3o.&nbsp;<\/em>Estes cookies s\u00e3o automaticamente apagados quando fecha o seu browser.<\/li>\n<li><em>Cookies persistentes.<\/em>&nbsp;Estes cookies permanecem no seu dispositivo at\u00e9 expirarem (em termos de minutos, dias ou anos desde a cria\u00e7\u00e3o\/atualiza\u00e7\u00e3o do cookie).<\/li>\n<li><em>Cookies de terceiros.&nbsp;<\/em>Estes cookies s\u00e3o armazenados em nome de terceiros.<br>Os cookies podem ser geridos e eliminados atrav\u00e9s da configura\u00e7\u00e3o do seu browser. No entanto, isto pode impedir o utilizador de utilizar corretamente determinadas funcionalidades do nosso s\u00edtio Web.<\/li>\n<\/ul>\n<p>Para mais informa\u00e7\u00f5es, consultar&nbsp;<a href=\"http:\/\/www.aboutcookies.org\/\" target=\"_blank\" rel=\"noopener\">www.aboutcookies.org&nbsp;<\/a>ou&nbsp;<a href=\"http:\/\/www.allaboutcookies.org\/\" target=\"_blank\" rel=\"noopener\">www.allaboutcookies.org&nbsp;<\/a>.<\/p>\n<p><strong>Como nos pode contactar?<\/strong><em><br><\/em>Os dados de contacto do respons\u00e1vel pelo tratamento e os dados contratuais do respons\u00e1vel pela prote\u00e7\u00e3o de dados podem ser consultados na Pol\u00edtica de Privacidade do nosso s\u00edtio Web.<\/p>\n<p><strong>Como saber mais sobre o tratamento de dados pessoais no s\u00edtio Web<\/strong><br>Para obter mais informa\u00e7\u00f5es sobre o tratamento de dados pessoais, pode aceder \u00e0 pol\u00edtica de privacidade do s\u00edtio Web.<\/p>\n<p><strong>Como gerir os cookies no nosso s\u00edtio Web<\/strong><em>\n  <br>\n<\/em>Para lhe proporcionar a melhor experi\u00eancia em termos de gest\u00e3o de cookies, classificamos os cookies deste s\u00edtio Web em quatro categorias, com base na sua finalidade: tecnicamente necess\u00e1rios, conforto, desempenho, publicidade.<\/p>\n<p>Pode ativar e desativar diretamente a partir deste s\u00edtio Web cada uma das categorias de cookies acima referidas (com a \u00fanica exce\u00e7\u00e3o dos cookies tecnicamente necess\u00e1rios, que s\u00e3o estritamente necess\u00e1rios). No caso de cookies de terceiros, este s\u00edtio Web n\u00e3o os utilizar\u00e1 ap\u00f3s a sua desativa\u00e7\u00e3o (n\u00e3o os podemos apagar).<\/p>\n<ul>\n<li>Tecnicamente necess\u00e1rios: Estes cookies s\u00e3o essenciais para que os s\u00edtios Web e as suas funcionalidades funcionem corretamente. Por exemplo: cookies de autentica\u00e7\u00e3o.<\/li>\n<li>Conforto: Estes cookies permitem-nos melhorar o conforto e a usabilidade dos s\u00edtios Web e fornecer v\u00e1rias funcionalidades. Por exemplo: os cookies de funcionalidade podem ser utilizados para armazenar resultados de pesquisa, l\u00edngua, dimens\u00f5es de caracteres.<\/li>\n<li>Desempenho: Estes cookies recolhem informa\u00e7\u00f5es sobre a forma como o utilizador utiliza os s\u00edtios Web. Os cookies de desempenho ajudam-nos, por exemplo, a identificar \u00e1reas especialmente populares do nosso s\u00edtio Web. Desta forma, podemos adaptar o conte\u00fado dos nossos s\u00edtios Web mais especificamente \u00e0s suas necessidades.<\/li>\n<li>Publicidade: Estes cookies s\u00e3o utilizados para enviar publicidade e informa\u00e7\u00f5es promocionais relevantes para o utilizador, por exemplo, com base nas p\u00e1ginas Web que visitou.<\/li>\n<\/ul><\/div><\/div><\/div><\/div><\/div><\/div><\/div><\/div><\/div>\n","protected":false},"excerpt":{"rendered":"<p>HomePol\u00edtica de cookiesO que s\u00e3o bolachas?Os cookies s\u00e3o pequenos ficheiros de texto armazenados no seu computador ou dispositivo m\u00f3vel quando visita o nosso s\u00edtio Web. Porque \u00e9 que utilizamos cookiesUtilizamos cookies para garantir que lhe proporcionamos a melhor experi\u00eancia no nosso s\u00edtio Web. O nosso s\u00edtio Web utiliza cookies, que podem incluir tamb\u00e9m cookies de terceiros, para enviar publicidade relevante &#8230; <\/p>\n<div><a href=\"https:\/\/test.esolutions.free2move.com\/eu\/pt_pt\/politica-de-cookies\/\" class=\"more-link\">Read More<\/a><\/div>\n","protected":false},"author":1,"featured_media":0,"parent":0,"menu_order":0,"comment_status":"closed","ping_status":"closed","template":"template-blank-4.php","meta":{"_acf_changed":false,"inline_featured_image":false,"footnotes":""},"class_list":["post-50369","page","type-page","status-publish","hentry","no-post-thumbnail"],"acf":[],"yoast_head":"<!-- This site is optimized with the Yoast SEO plugin v24.4 - https:\/\/yoast.com\/wordpress\/plugins\/seo\/ -->\n<title>Pol\u00edtica de cookies - eSolution europe<\/title>\n<meta name=\"robots\" content=\"index, follow, max-snippet:-1, max-image-preview:large, max-video-preview:-1\" \/>\n<link rel=\"canonical\" href=\"https:\/\/test.esolutions.free2move.com\/eu\/pt_pt\/politica-de-cookies\/\" \/>\n<meta property=\"og:locale\" content=\"pt_PT\" \/>\n<meta property=\"og:type\" content=\"article\" \/>\n<meta property=\"og:title\" content=\"Pol\u00edtica de cookies - eSolution europe\" \/>\n<meta property=\"og:description\" content=\"HomePol\u00edtica de cookiesO que s\u00e3o bolachas?Os cookies s\u00e3o pequenos ficheiros de texto armazenados no seu computador ou dispositivo m\u00f3vel quando visita o nosso s\u00edtio Web. Porque \u00e9 que utilizamos cookiesUtilizamos cookies para garantir que lhe proporcionamos a melhor experi\u00eancia no nosso s\u00edtio Web. O nosso s\u00edtio Web utiliza cookies, que podem incluir tamb\u00e9m cookies de terceiros, para enviar publicidade relevante ... Read More\" \/>\n<meta property=\"og:url\" content=\"https:\/\/test.esolutions.free2move.com\/eu\/pt_pt\/politica-de-cookies\/\" \/>\n<meta property=\"og:site_name\" content=\"eSolution europe\" \/>\n<meta name=\"twitter:card\" content=\"summary_large_image\" \/>\n<meta name=\"twitter:label1\" content=\"Est. reading time\" \/>\n\t<meta name=\"twitter:data1\" content=\"3 minutes\" \/>\n<script type=\"application\/ld+json\" class=\"yoast-schema-graph\">{\"@context\":\"https:\/\/schema.org\",\"@graph\":[{\"@type\":\"WebPage\",\"@id\":\"https:\/\/test.esolutions.free2move.com\/eu\/pt_pt\/politica-de-cookies\/\",\"url\":\"https:\/\/test.esolutions.free2move.com\/eu\/pt_pt\/politica-de-cookies\/\",\"name\":\"Pol\u00edtica de cookies - eSolution europe\",\"isPartOf\":{\"@id\":\"https:\/\/test.esolutions.free2move.com\/eu\/en_it\/#website\"},\"datePublished\":\"2024-03-19T11:41:27+00:00\",\"breadcrumb\":{\"@id\":\"https:\/\/test.esolutions.free2move.com\/eu\/pt_pt\/politica-de-cookies\/#breadcrumb\"},\"inLanguage\":\"pt-pt\",\"potentialAction\":[{\"@type\":\"ReadAction\",\"target\":[\"https:\/\/test.esolutions.free2move.com\/eu\/pt_pt\/politica-de-cookies\/\"]}]},{\"@type\":\"BreadcrumbList\",\"@id\":\"https:\/\/test.esolutions.free2move.com\/eu\/pt_pt\/politica-de-cookies\/#breadcrumb\",\"itemListElement\":[{\"@type\":\"ListItem\",\"position\":1,\"name\":\"Home\",\"item\":\"https:\/\/test.esolutions.free2move.com\/eu\/pt_pt\/\"},{\"@type\":\"ListItem\",\"position\":2,\"name\":\"Pol\u00edtica de cookies\"}]},{\"@type\":\"WebSite\",\"@id\":\"https:\/\/test.esolutions.free2move.com\/eu\/en_it\/#website\",\"url\":\"https:\/\/test.esolutions.free2move.com\/eu\/en_it\/\",\"name\":\"eSolutions europe\",\"description\":\"\",\"publisher\":{\"@id\":\"https:\/\/test.esolutions.free2move.com\/eu\/en_it\/#organization\"},\"potentialAction\":[{\"@type\":\"SearchAction\",\"target\":{\"@type\":\"EntryPoint\",\"urlTemplate\":\"https:\/\/test.esolutions.free2move.com\/eu\/en_it\/?s={search_term_string}\"},\"query-input\":{\"@type\":\"PropertyValueSpecification\",\"valueRequired\":true,\"valueName\":\"search_term_string\"}}],\"inLanguage\":\"pt-pt\"},{\"@type\":\"Organization\",\"@id\":\"https:\/\/test.esolutions.free2move.com\/eu\/en_it\/#organization\",\"name\":\"eSolutions europe\",\"url\":\"https:\/\/test.esolutions.free2move.com\/eu\/en_it\/\",\"logo\":{\"@type\":\"ImageObject\",\"inLanguage\":\"pt-pt\",\"@id\":\"https:\/\/test.esolutions.free2move.com\/eu\/en_it\/#\/schema\/logo\/image\/\",\"url\":\"https:\/\/www.esolutions.free2move.com\/eu\/wp-content\/uploads\/2024\/03\/logo-f2m-horizontal-1-1-1.png\",\"contentUrl\":\"https:\/\/www.esolutions.free2move.com\/eu\/wp-content\/uploads\/2024\/03\/logo-f2m-horizontal-1-1-1.png\",\"width\":865,\"height\":218,\"caption\":\"eSolutions europe\"},\"image\":{\"@id\":\"https:\/\/test.esolutions.free2move.com\/eu\/en_it\/#\/schema\/logo\/image\/\"}}]}<\/script>\n<!-- \/ Yoast SEO plugin. -->","yoast_head_json":{"title":"Pol\u00edtica de cookies - eSolution europe","robots":{"index":"index","follow":"follow","max-snippet":"max-snippet:-1","max-image-preview":"max-image-preview:large","max-video-preview":"max-video-preview:-1"},"canonical":"https:\/\/test.esolutions.free2move.com\/eu\/pt_pt\/politica-de-cookies\/","og_locale":"pt_PT","og_type":"article","og_title":"Pol\u00edtica de cookies - eSolution europe","og_description":"HomePol\u00edtica de cookiesO que s\u00e3o bolachas?Os cookies s\u00e3o pequenos ficheiros de texto armazenados no seu computador ou dispositivo m\u00f3vel quando visita o nosso s\u00edtio Web. Porque \u00e9 que utilizamos cookiesUtilizamos cookies para garantir que lhe proporcionamos a melhor experi\u00eancia no nosso s\u00edtio Web. O nosso s\u00edtio Web utiliza cookies, que podem incluir tamb\u00e9m cookies de terceiros, para enviar publicidade relevante ... Read More","og_url":"https:\/\/test.esolutions.free2move.com\/eu\/pt_pt\/politica-de-cookies\/","og_site_name":"eSolution europe","twitter_card":"summary_large_image","twitter_misc":{"Est. reading time":"3 minutes"},"schema":{"@context":"https:\/\/schema.org","@graph":[{"@type":"WebPage","@id":"https:\/\/test.esolutions.free2move.com\/eu\/pt_pt\/politica-de-cookies\/","url":"https:\/\/test.esolutions.free2move.com\/eu\/pt_pt\/politica-de-cookies\/","name":"Pol\u00edtica de cookies - eSolution europe","isPartOf":{"@id":"https:\/\/test.esolutions.free2move.com\/eu\/en_it\/#website"},"datePublished":"2024-03-19T11:41:27+00:00","breadcrumb":{"@id":"https:\/\/test.esolutions.free2move.com\/eu\/pt_pt\/politica-de-cookies\/#breadcrumb"},"inLanguage":"pt-pt","potentialAction":[{"@type":"ReadAction","target":["https:\/\/test.esolutions.free2move.com\/eu\/pt_pt\/politica-de-cookies\/"]}]},{"@type":"BreadcrumbList","@id":"https:\/\/test.esolutions.free2move.com\/eu\/pt_pt\/politica-de-cookies\/#breadcrumb","itemListElement":[{"@type":"ListItem","position":1,"name":"Home","item":"https:\/\/test.esolutions.free2move.com\/eu\/pt_pt\/"},{"@type":"ListItem","position":2,"name":"Pol\u00edtica de cookies"}]},{"@type":"WebSite","@id":"https:\/\/test.esolutions.free2move.com\/eu\/en_it\/#website","url":"https:\/\/test.esolutions.free2move.com\/eu\/en_it\/","name":"eSolutions europe","description":"","publisher":{"@id":"https:\/\/test.esolutions.free2move.com\/eu\/en_it\/#organization"},"potentialAction":[{"@type":"SearchAction","target":{"@type":"EntryPoint","urlTemplate":"https:\/\/test.esolutions.free2move.com\/eu\/en_it\/?s={search_term_string}"},"query-input":{"@type":"PropertyValueSpecification","valueRequired":true,"valueName":"search_term_string"}}],"inLanguage":"pt-pt"},{"@type":"Organization","@id":"https:\/\/test.esolutions.free2move.com\/eu\/en_it\/#organization","name":"eSolutions europe","url":"https:\/\/test.esolutions.free2move.com\/eu\/en_it\/","logo":{"@type":"ImageObject","inLanguage":"pt-pt","@id":"https:\/\/test.esolutions.free2move.com\/eu\/en_it\/#\/schema\/logo\/image\/","url":"https:\/\/www.esolutions.free2move.com\/eu\/wp-content\/uploads\/2024\/03\/logo-f2m-horizontal-1-1-1.png","contentUrl":"https:\/\/www.esolutions.free2move.com\/eu\/wp-content\/uploads\/2024\/03\/logo-f2m-horizontal-1-1-1.png","width":865,"height":218,"caption":"eSolutions europe"},"image":{"@id":"https:\/\/test.esolutions.free2move.com\/eu\/en_it\/#\/schema\/logo\/image\/"}}]}},"_links":{"self":[{"href":"https:\/\/test.esolutions.free2move.com\/eu\/pt_pt\/wp-json\/wp\/v2\/pages\/50369","targetHints":{"allow":["GET"]}}],"collection":[{"href":"https:\/\/test.esolutions.free2move.com\/eu\/pt_pt\/wp-json\/wp\/v2\/pages"}],"about":[{"href":"https:\/\/test.esolutions.free2move.com\/eu\/pt_pt\/wp-json\/wp\/v2\/types\/page"}],"author":[{"embeddable":true,"href":"https:\/\/test.esolutions.free2move.com\/eu\/pt_pt\/wp-json\/wp\/v2\/users\/1"}],"replies":[{"embeddable":true,"href":"https:\/\/test.esolutions.free2move.com\/eu\/pt_pt\/wp-json\/wp\/v2\/comments?post=50369"}],"version-history":[{"count":0,"href":"https:\/\/test.esolutions.free2move.com\/eu\/pt_pt\/wp-json\/wp\/v2\/pages\/50369\/revisions"}],"wp:attachment":[{"href":"https:\/\/test.esolutions.free2move.com\/eu\/pt_pt\/wp-json\/wp\/v2\/media?parent=50369"}],"curies":[{"name":"wp","href":"https:\/\/api.w.org\/{rel}","templated":true}]}}