{"id":50379,"date":"2024-03-18T14:48:14","date_gmt":"2024-03-18T14:48:14","guid":{"rendered":"https:\/\/test.esolutions.free2move.com\/eu\/giovanni-ravina\/"},"modified":"2024-03-18T14:48:14","modified_gmt":"2024-03-18T14:48:14","slug":"giovanni-ravina","status":"publish","type":"page","link":"https:\/\/test.esolutions.free2move.com\/eu\/pt_pt\/governacao-e-etica\/giovanni-ravina\/","title":{"rendered":"Giovanni Ravina"},"content":{"rendered":"<div id=\"cs-content\" class=\"cs-content\"><nav class=\"x-crumbs e12623-e1 m9qn-0\" role=\"navigation\"><ol class=\"x-crumbs-list\" itemscope=\"\" itemtype=\"http:\/\/schema.org\/BreadcrumbList\" aria-label=\"Breadcrumb Navigation\"><li class=\"x-crumbs-list-item\" itemprop=\"itemListElement\" itemscope itemtype=\"http:\/\/schema.org\/ListItem\"><a class=\"x-crumbs-current x-crumbs-link\" itemtype=\"http:\/\/schema.org\/Thing\" itemprop=\"item\" href=\"https:\/\/test.esolutions.free2move.com\/eu\/pt_pt\/\" title=\"You Are Here\"><span itemprop=\"name\">Home<\/span><\/a><meta itemprop=\"position\" content=\"1\"><\/li><\/ol><\/nav><div class=\"x-section e12623-e2 m9qn-1\"><div class=\"x-row x-container max width e12623-e3 m9qn-2 m9qn-3 m9qn-5 m9qn-6\"><div class=\"x-row-inner\"><div class=\"x-col e12623-e4 m9qn-8 m9qn-9 m9qn-a m9qn-b\"><span class=\"x-image e12623-e5 m9qn-f\"><img decoding=\"async\" src=\"https:\/\/test.esolutions.free2move.com\/eu\/wp-content\/uploads\/2024\/03\/GovernanceEthics_Giovanni-Ravina-copia.jpg\" width=\"146\" height=\"134\" alt=\"Image\" loading=\"lazy\"><\/span><\/div><div class=\"x-col e12623-e6 m9qn-8 m9qn-a m9qn-c m9qn-d es_gap\"><div class=\"x-row e12623-e7 m9qn-3 m9qn-4 m9qn-5 m9qn-7\"><div class=\"x-row-inner\"><div class=\"x-col e12623-e8 m9qn-8 m9qn-9 m9qn-d m9qn-e es_gap\"><div class=\"x-text x-text-headline e12623-e9 m9qn-g\"><div class=\"x-text-content\"><div class=\"x-text-content-text\"><h2 class=\"x-text-content-text-primary\">Giovanni Ravina<\/h2><\/div><\/div><\/div><div class=\"x-text x-content e12623-e10 m9qn-h\"><div class=\"ewa-rteLine\">\n<div class=\"ewa-rteLine\">\n<div class=\"ewa-rteLine\"><strong>Diretor Executivo<\/strong><\/div>\n<div class=\"ewa-rteLine\">&nbsp;<\/div>\n<div class=\"ewa-rteLine\">Giovanni Ravina juntou-se \u00e0 NHOA (ex-Engie EPS) em 2018 e \u00e9 agora Diretor Executivo da Atlante Iberia. \u00c9 tamb\u00e9m membro do Conselho de Administra\u00e7\u00e3o da Tiko Italy, mentor da TechStars e membro do Conselho Consultivo da SocialFare.<\/div>\n<div class=\"ewa-rteLine\">Antes de se juntar \u00e0 NHOA, Giovanni Ravina foi membro do Conselho de Administra\u00e7\u00e3o da StreetLight Data e da Opus One Solutions e teve uma longa e consistente experi\u00eancia na Engie, onde ocupou diferentes cargos. Come\u00e7ou na sede parisiense do grupo a lidar com investimentos de capital de risco, fazendo tamb\u00e9m parte da equipa fundadora da ENGIE Corporate VC (ENGIE New Ventures), criou o escrit\u00f3rio de S\u00e3o Francisco da ENGIE New Ventures e liderou e geriu com sucesso investimentos em 5 pa\u00edses e 3 continentes diferentes. Prosseguiu depois a sua carreira na Engie como Executive Business Developer Green Mobility.<\/div>\n<div class=\"ewa-rteLine\">Giovanni Ravina possui um duplo mestrado em Produ\u00e7\u00e3o Industrial e Inova\u00e7\u00e3o pelo Polit\u00e9cnico de Turim e pela Universidade Internacional da Catalunha e um mestrado em Gest\u00e3o\/Dipl\u00f4me de Grande Ecole na ESCP Europe.<\/div>\n<\/div>\n<\/div><\/div><\/div><\/div><\/div><\/div><\/div><\/div><\/div><\/div>\n","protected":false},"excerpt":{"rendered":"<p>HomeGiovanni Ravina Diretor Executivo &nbsp; Giovanni Ravina juntou-se \u00e0 NHOA (ex-Engie EPS) em 2018 e \u00e9 agora Diretor Executivo da Atlante Iberia. \u00c9 tamb\u00e9m membro do Conselho de Administra\u00e7\u00e3o da Tiko Italy, mentor da TechStars e membro do Conselho Consultivo da SocialFare. Antes de se juntar \u00e0 NHOA, Giovanni Ravina foi membro do Conselho de Administra\u00e7\u00e3o da StreetLight Data e &#8230; <\/p>\n<div><a href=\"https:\/\/test.esolutions.free2move.com\/eu\/pt_pt\/governacao-e-etica\/giovanni-ravina\/\" class=\"more-link\">Read More<\/a><\/div>\n","protected":false},"author":1,"featured_media":0,"parent":50386,"menu_order":0,"comment_status":"closed","ping_status":"closed","template":"template-blank-4.php","meta":{"_acf_changed":false,"inline_featured_image":false,"footnotes":""},"class_list":["post-50379","page","type-page","status-publish","hentry","no-post-thumbnail"],"acf":[],"yoast_head":"<!-- This site is optimized with the Yoast SEO plugin v24.4 - https:\/\/yoast.com\/wordpress\/plugins\/seo\/ -->\n<title>Giovanni Ravina - eSolution europe<\/title>\n<meta name=\"robots\" content=\"index, follow, max-snippet:-1, max-image-preview:large, max-video-preview:-1\" \/>\n<link rel=\"canonical\" href=\"https:\/\/test.esolutions.free2move.com\/eu\/pt_pt\/giovanni-ravina\/\" \/>\n<meta property=\"og:locale\" content=\"pt_PT\" \/>\n<meta property=\"og:type\" content=\"article\" \/>\n<meta property=\"og:title\" content=\"Giovanni Ravina - eSolution europe\" \/>\n<meta property=\"og:description\" content=\"HomeGiovanni Ravina Diretor Executivo &nbsp; Giovanni Ravina juntou-se \u00e0 NHOA (ex-Engie EPS) em 2018 e \u00e9 agora Diretor Executivo da Atlante Iberia. \u00c9 tamb\u00e9m membro do Conselho de Administra\u00e7\u00e3o da Tiko Italy, mentor da TechStars e membro do Conselho Consultivo da SocialFare. Antes de se juntar \u00e0 NHOA, Giovanni Ravina foi membro do Conselho de Administra\u00e7\u00e3o da StreetLight Data e ... Read More\" \/>\n<meta property=\"og:url\" content=\"https:\/\/test.esolutions.free2move.com\/eu\/pt_pt\/giovanni-ravina\/\" \/>\n<meta property=\"og:site_name\" content=\"eSolution europe\" \/>\n<meta name=\"twitter:card\" content=\"summary_large_image\" \/>\n<meta name=\"twitter:label1\" content=\"Est. reading time\" \/>\n\t<meta name=\"twitter:data1\" content=\"1 minute\" \/>\n<script type=\"application\/ld+json\" class=\"yoast-schema-graph\">{\"@context\":\"https:\/\/schema.org\",\"@graph\":[{\"@type\":\"WebPage\",\"@id\":\"https:\/\/test.esolutions.free2move.com\/eu\/pt_pt\/giovanni-ravina\/\",\"url\":\"https:\/\/test.esolutions.free2move.com\/eu\/pt_pt\/giovanni-ravina\/\",\"name\":\"Giovanni Ravina - eSolution europe\",\"isPartOf\":{\"@id\":\"https:\/\/test.esolutions.free2move.com\/eu\/en_it\/#website\"},\"datePublished\":\"2024-03-18T14:48:14+00:00\",\"breadcrumb\":{\"@id\":\"https:\/\/test.esolutions.free2move.com\/eu\/pt_pt\/giovanni-ravina\/#breadcrumb\"},\"inLanguage\":\"pt-pt\",\"potentialAction\":[{\"@type\":\"ReadAction\",\"target\":[\"https:\/\/test.esolutions.free2move.com\/eu\/pt_pt\/giovanni-ravina\/\"]}]},{\"@type\":\"BreadcrumbList\",\"@id\":\"https:\/\/test.esolutions.free2move.com\/eu\/pt_pt\/giovanni-ravina\/#breadcrumb\",\"itemListElement\":[{\"@type\":\"ListItem\",\"position\":1,\"name\":\"Home\",\"item\":\"https:\/\/test.esolutions.free2move.com\/eu\/pt_pt\/\"},{\"@type\":\"ListItem\",\"position\":2,\"name\":\"Giovanni Ravina\"}]},{\"@type\":\"WebSite\",\"@id\":\"https:\/\/test.esolutions.free2move.com\/eu\/en_it\/#website\",\"url\":\"https:\/\/test.esolutions.free2move.com\/eu\/en_it\/\",\"name\":\"eSolutions europe\",\"description\":\"\",\"publisher\":{\"@id\":\"https:\/\/test.esolutions.free2move.com\/eu\/en_it\/#organization\"},\"potentialAction\":[{\"@type\":\"SearchAction\",\"target\":{\"@type\":\"EntryPoint\",\"urlTemplate\":\"https:\/\/test.esolutions.free2move.com\/eu\/en_it\/?s={search_term_string}\"},\"query-input\":{\"@type\":\"PropertyValueSpecification\",\"valueRequired\":true,\"valueName\":\"search_term_string\"}}],\"inLanguage\":\"pt-pt\"},{\"@type\":\"Organization\",\"@id\":\"https:\/\/test.esolutions.free2move.com\/eu\/en_it\/#organization\",\"name\":\"eSolutions europe\",\"url\":\"https:\/\/test.esolutions.free2move.com\/eu\/en_it\/\",\"logo\":{\"@type\":\"ImageObject\",\"inLanguage\":\"pt-pt\",\"@id\":\"https:\/\/test.esolutions.free2move.com\/eu\/en_it\/#\/schema\/logo\/image\/\",\"url\":\"https:\/\/www.esolutions.free2move.com\/eu\/wp-content\/uploads\/2024\/03\/logo-f2m-horizontal-1-1-1.png\",\"contentUrl\":\"https:\/\/www.esolutions.free2move.com\/eu\/wp-content\/uploads\/2024\/03\/logo-f2m-horizontal-1-1-1.png\",\"width\":865,\"height\":218,\"caption\":\"eSolutions europe\"},\"image\":{\"@id\":\"https:\/\/test.esolutions.free2move.com\/eu\/en_it\/#\/schema\/logo\/image\/\"}}]}<\/script>\n<!-- \/ Yoast SEO plugin. -->","yoast_head_json":{"title":"Giovanni Ravina - eSolution europe","robots":{"index":"index","follow":"follow","max-snippet":"max-snippet:-1","max-image-preview":"max-image-preview:large","max-video-preview":"max-video-preview:-1"},"canonical":"https:\/\/test.esolutions.free2move.com\/eu\/pt_pt\/giovanni-ravina\/","og_locale":"pt_PT","og_type":"article","og_title":"Giovanni Ravina - eSolution europe","og_description":"HomeGiovanni Ravina Diretor Executivo &nbsp; Giovanni Ravina juntou-se \u00e0 NHOA (ex-Engie EPS) em 2018 e \u00e9 agora Diretor Executivo da Atlante Iberia. \u00c9 tamb\u00e9m membro do Conselho de Administra\u00e7\u00e3o da Tiko Italy, mentor da TechStars e membro do Conselho Consultivo da SocialFare. Antes de se juntar \u00e0 NHOA, Giovanni Ravina foi membro do Conselho de Administra\u00e7\u00e3o da StreetLight Data e ... Read More","og_url":"https:\/\/test.esolutions.free2move.com\/eu\/pt_pt\/giovanni-ravina\/","og_site_name":"eSolution europe","twitter_card":"summary_large_image","twitter_misc":{"Est. reading time":"1 minute"},"schema":{"@context":"https:\/\/schema.org","@graph":[{"@type":"WebPage","@id":"https:\/\/test.esolutions.free2move.com\/eu\/pt_pt\/giovanni-ravina\/","url":"https:\/\/test.esolutions.free2move.com\/eu\/pt_pt\/giovanni-ravina\/","name":"Giovanni Ravina - eSolution europe","isPartOf":{"@id":"https:\/\/test.esolutions.free2move.com\/eu\/en_it\/#website"},"datePublished":"2024-03-18T14:48:14+00:00","breadcrumb":{"@id":"https:\/\/test.esolutions.free2move.com\/eu\/pt_pt\/giovanni-ravina\/#breadcrumb"},"inLanguage":"pt-pt","potentialAction":[{"@type":"ReadAction","target":["https:\/\/test.esolutions.free2move.com\/eu\/pt_pt\/giovanni-ravina\/"]}]},{"@type":"BreadcrumbList","@id":"https:\/\/test.esolutions.free2move.com\/eu\/pt_pt\/giovanni-ravina\/#breadcrumb","itemListElement":[{"@type":"ListItem","position":1,"name":"Home","item":"https:\/\/test.esolutions.free2move.com\/eu\/pt_pt\/"},{"@type":"ListItem","position":2,"name":"Giovanni Ravina"}]},{"@type":"WebSite","@id":"https:\/\/test.esolutions.free2move.com\/eu\/en_it\/#website","url":"https:\/\/test.esolutions.free2move.com\/eu\/en_it\/","name":"eSolutions europe","description":"","publisher":{"@id":"https:\/\/test.esolutions.free2move.com\/eu\/en_it\/#organization"},"potentialAction":[{"@type":"SearchAction","target":{"@type":"EntryPoint","urlTemplate":"https:\/\/test.esolutions.free2move.com\/eu\/en_it\/?s={search_term_string}"},"query-input":{"@type":"PropertyValueSpecification","valueRequired":true,"valueName":"search_term_string"}}],"inLanguage":"pt-pt"},{"@type":"Organization","@id":"https:\/\/test.esolutions.free2move.com\/eu\/en_it\/#organization","name":"eSolutions europe","url":"https:\/\/test.esolutions.free2move.com\/eu\/en_it\/","logo":{"@type":"ImageObject","inLanguage":"pt-pt","@id":"https:\/\/test.esolutions.free2move.com\/eu\/en_it\/#\/schema\/logo\/image\/","url":"https:\/\/www.esolutions.free2move.com\/eu\/wp-content\/uploads\/2024\/03\/logo-f2m-horizontal-1-1-1.png","contentUrl":"https:\/\/www.esolutions.free2move.com\/eu\/wp-content\/uploads\/2024\/03\/logo-f2m-horizontal-1-1-1.png","width":865,"height":218,"caption":"eSolutions europe"},"image":{"@id":"https:\/\/test.esolutions.free2move.com\/eu\/en_it\/#\/schema\/logo\/image\/"}}]}},"_links":{"self":[{"href":"https:\/\/test.esolutions.free2move.com\/eu\/pt_pt\/wp-json\/wp\/v2\/pages\/50379","targetHints":{"allow":["GET"]}}],"collection":[{"href":"https:\/\/test.esolutions.free2move.com\/eu\/pt_pt\/wp-json\/wp\/v2\/pages"}],"about":[{"href":"https:\/\/test.esolutions.free2move.com\/eu\/pt_pt\/wp-json\/wp\/v2\/types\/page"}],"author":[{"embeddable":true,"href":"https:\/\/test.esolutions.free2move.com\/eu\/pt_pt\/wp-json\/wp\/v2\/users\/1"}],"replies":[{"embeddable":true,"href":"https:\/\/test.esolutions.free2move.com\/eu\/pt_pt\/wp-json\/wp\/v2\/comments?post=50379"}],"version-history":[{"count":0,"href":"https:\/\/test.esolutions.free2move.com\/eu\/pt_pt\/wp-json\/wp\/v2\/pages\/50379\/revisions"}],"up":[{"embeddable":true,"href":"https:\/\/test.esolutions.free2move.com\/eu\/pt_pt\/wp-json\/wp\/v2\/pages\/50386"}],"wp:attachment":[{"href":"https:\/\/test.esolutions.free2move.com\/eu\/pt_pt\/wp-json\/wp\/v2\/media?parent=50379"}],"curies":[{"name":"wp","href":"https:\/\/api.w.org\/{rel}","templated":true}]}}