{"id":50380,"date":"2024-03-18T14:46:46","date_gmt":"2024-03-18T14:46:46","guid":{"rendered":"https:\/\/test.esolutions.free2move.com\/eu\/luigi-michi\/"},"modified":"2024-03-18T14:46:46","modified_gmt":"2024-03-18T14:46:46","slug":"luigi-michi","status":"publish","type":"page","link":"https:\/\/test.esolutions.free2move.com\/eu\/pt_pt\/governacao-e-etica\/luigi-michi\/","title":{"rendered":"Luigi Michi"},"content":{"rendered":"<div id=\"cs-content\" class=\"cs-content\"><nav class=\"x-crumbs e12635-e1 m9qz-0\" role=\"navigation\"><ol class=\"x-crumbs-list\" itemscope=\"\" itemtype=\"http:\/\/schema.org\/BreadcrumbList\" aria-label=\"Breadcrumb Navigation\"><li class=\"x-crumbs-list-item\" itemprop=\"itemListElement\" itemscope itemtype=\"http:\/\/schema.org\/ListItem\"><a class=\"x-crumbs-current x-crumbs-link\" itemtype=\"http:\/\/schema.org\/Thing\" itemprop=\"item\" href=\"https:\/\/test.esolutions.free2move.com\/eu\/pt_pt\/\" title=\"You Are Here\"><span itemprop=\"name\">Home<\/span><\/a><meta itemprop=\"position\" content=\"1\"><\/li><\/ol><\/nav><div class=\"x-section e12635-e2 m9qz-1\"><div class=\"x-row x-container max width e12635-e3 m9qz-2 m9qz-3 m9qz-5 m9qz-6\"><div class=\"x-row-inner\"><div class=\"x-col e12635-e4 m9qz-8 m9qz-9 m9qz-a m9qz-b\"><span class=\"x-image e12635-e5 m9qz-f\"><img decoding=\"async\" src=\"https:\/\/test.esolutions.free2move.com\/eu\/wp-content\/uploads\/2024\/03\/GovernanceEthics_Luigi-Michi-copia.jpg\" width=\"146\" height=\"134\" alt=\"Image\" loading=\"lazy\"><\/span><\/div><div class=\"x-col e12635-e6 m9qz-8 m9qz-a m9qz-c m9qz-d es_gap\"><div class=\"x-row e12635-e7 m9qz-3 m9qz-4 m9qz-5 m9qz-7\"><div class=\"x-row-inner\"><div class=\"x-col e12635-e8 m9qz-8 m9qz-9 m9qz-d m9qz-e es_gap\"><div class=\"x-text x-text-headline e12635-e9 m9qz-g\"><div class=\"x-text-content\"><div class=\"x-text-content-text\"><h2 class=\"x-text-content-text-primary\">Luigi Michi<\/h2><\/div><\/div><\/div><div class=\"x-text x-content e12635-e10 m9qz-h\"><div class=\"ewa-rteLine\">\n<div class=\"ewa-rteLine\"><strong>Diretor<\/strong><\/div>\n<div class=\"ewa-rteLine\">&nbsp;<\/div>\n<div class=\"ewa-rteLine\">Luigi Michi, nascido em It\u00e1lia em 1958, obteve uma licenciatura cum laudae em Engenharia Eletrot\u00e9cnica. Foi recentemente nomeado consultor s\u00e9nior da \"Key to energy\", uma empresa de consultoria energ\u00e9tica competente e bem fundamentada, que trata de uma vasta gama de temas relacionados com a eletricidade e o g\u00e1s no sector da energia.<\/div>\n<div class=\"ewa-rteLine\">Com uma experi\u00eancia significativa de mais de trinta anos no sector da energia, onde tem desempenhado diferentes fun\u00e7\u00f5es desde 1985, Luigi \u00e9 um especialista \"de pleno direito\" em mercados de energia e sistemas el\u00e9ctricos complexos, estando agora intensamente envolvido na atual transi\u00e7\u00e3o energ\u00e9tica.<\/div>\n<div class=\"ewa-rteLine\">At\u00e9 ao final de 2019, foi chefe de estrat\u00e9gia, desenvolvimento e opera\u00e7\u00e3o do sistema na Terna Spa, o operador italiano da rede de transporte, sendo particularmente respons\u00e1vel por assuntos regulamentares, planeamento da rede, an\u00e1lise de mercado e atividades de despacho.<\/div>\n<div class=\"ewa-rteLine\">Entrou para a Terna em 2015, depois de uma longa e profunda experi\u00eancia na Enel como Vice-Presidente Executivo, Chefe da \u00c1rea de Neg\u00f3cios de Gest\u00e3o de Energia, envolvido na gest\u00e3o e despacho de toda a carteira de gera\u00e7\u00e3o italiana, bem como na realiza\u00e7\u00e3o de actividades de negocia\u00e7\u00e3o de mercadorias nos mercados europeus.<\/div>\n<div class=\"ewa-rteLine\">Antes de entrar no sector da produ\u00e7\u00e3o, exerceu v\u00e1rias actividades relacionadas com o dom\u00ednio das redes e linhas de transporte de energia (conce\u00e7\u00e3o, constru\u00e7\u00e3o, controlo), desde 1988. De 1984 a 1987, integrou o grupo ENI, ocupando-se da conce\u00e7\u00e3o de centrais el\u00e9ctricas a turbog\u00e1s e da gest\u00e3o de obras (contratos chave-na-m\u00e3o).<\/div>\n<div class=\"ewa-rteLine\">Luigi Michi licenciou-se cum laudae em Engenharia Eletrot\u00e9cnica na Universidade de Pisa em 1983. Durante os anos seguintes, frequentou v\u00e1rios programas para executivos seniores (Universidade de Columbia, Harvard, IESE).<\/div>\n<div class=\"ewa-rteLine\">O Sr. Michi \u00e9 casado e tem tr\u00eas filhos. Adora passar os seus tempos livres a fotografar e a tratar de projectos audiovisuais.<\/div>\n<\/div><\/div><\/div><\/div><\/div><\/div><\/div><\/div><\/div><\/div>\n","protected":false},"excerpt":{"rendered":"<p>HomeLuigi Michi Diretor &nbsp; Luigi Michi, nascido em It\u00e1lia em 1958, obteve uma licenciatura cum laudae em Engenharia Eletrot\u00e9cnica. Foi recentemente nomeado consultor s\u00e9nior da &#8220;Key to energy&#8221;, uma empresa de consultoria energ\u00e9tica competente e bem fundamentada, que trata de uma vasta gama de temas relacionados com a eletricidade e o g\u00e1s no sector da energia. Com uma experi\u00eancia significativa &#8230; <\/p>\n<div><a href=\"https:\/\/test.esolutions.free2move.com\/eu\/pt_pt\/governacao-e-etica\/luigi-michi\/\" class=\"more-link\">Read More<\/a><\/div>\n","protected":false},"author":1,"featured_media":0,"parent":50386,"menu_order":0,"comment_status":"closed","ping_status":"closed","template":"template-blank-4.php","meta":{"_acf_changed":false,"inline_featured_image":false,"footnotes":""},"class_list":["post-50380","page","type-page","status-publish","hentry","no-post-thumbnail"],"acf":[],"yoast_head":"<!-- This site is optimized with the Yoast SEO plugin v24.4 - https:\/\/yoast.com\/wordpress\/plugins\/seo\/ -->\n<title>Luigi Michi - eSolution europe<\/title>\n<meta name=\"robots\" content=\"index, follow, max-snippet:-1, max-image-preview:large, max-video-preview:-1\" \/>\n<link rel=\"canonical\" href=\"https:\/\/test.esolutions.free2move.com\/eu\/pt_pt\/luigi-michi\/\" \/>\n<meta property=\"og:locale\" content=\"pt_PT\" \/>\n<meta property=\"og:type\" content=\"article\" \/>\n<meta property=\"og:title\" content=\"Luigi Michi - eSolution europe\" \/>\n<meta property=\"og:description\" content=\"HomeLuigi Michi Diretor &nbsp; Luigi Michi, nascido em It\u00e1lia em 1958, obteve uma licenciatura cum laudae em Engenharia Eletrot\u00e9cnica. Foi recentemente nomeado consultor s\u00e9nior da &quot;Key to energy&quot;, uma empresa de consultoria energ\u00e9tica competente e bem fundamentada, que trata de uma vasta gama de temas relacionados com a eletricidade e o g\u00e1s no sector da energia. Com uma experi\u00eancia significativa ... Read More\" \/>\n<meta property=\"og:url\" content=\"https:\/\/test.esolutions.free2move.com\/eu\/pt_pt\/luigi-michi\/\" \/>\n<meta property=\"og:site_name\" content=\"eSolution europe\" \/>\n<meta name=\"twitter:card\" content=\"summary_large_image\" \/>\n<meta name=\"twitter:label1\" content=\"Est. reading time\" \/>\n\t<meta name=\"twitter:data1\" content=\"2 minutes\" \/>\n<script type=\"application\/ld+json\" class=\"yoast-schema-graph\">{\"@context\":\"https:\/\/schema.org\",\"@graph\":[{\"@type\":\"WebPage\",\"@id\":\"https:\/\/test.esolutions.free2move.com\/eu\/pt_pt\/luigi-michi\/\",\"url\":\"https:\/\/test.esolutions.free2move.com\/eu\/pt_pt\/luigi-michi\/\",\"name\":\"Luigi Michi - eSolution europe\",\"isPartOf\":{\"@id\":\"https:\/\/test.esolutions.free2move.com\/eu\/en_it\/#website\"},\"datePublished\":\"2024-03-18T14:46:46+00:00\",\"breadcrumb\":{\"@id\":\"https:\/\/test.esolutions.free2move.com\/eu\/pt_pt\/luigi-michi\/#breadcrumb\"},\"inLanguage\":\"pt-pt\",\"potentialAction\":[{\"@type\":\"ReadAction\",\"target\":[\"https:\/\/test.esolutions.free2move.com\/eu\/pt_pt\/luigi-michi\/\"]}]},{\"@type\":\"BreadcrumbList\",\"@id\":\"https:\/\/test.esolutions.free2move.com\/eu\/pt_pt\/luigi-michi\/#breadcrumb\",\"itemListElement\":[{\"@type\":\"ListItem\",\"position\":1,\"name\":\"Home\",\"item\":\"https:\/\/test.esolutions.free2move.com\/eu\/pt_pt\/\"},{\"@type\":\"ListItem\",\"position\":2,\"name\":\"Luigi Michi\"}]},{\"@type\":\"WebSite\",\"@id\":\"https:\/\/test.esolutions.free2move.com\/eu\/en_it\/#website\",\"url\":\"https:\/\/test.esolutions.free2move.com\/eu\/en_it\/\",\"name\":\"eSolutions europe\",\"description\":\"\",\"publisher\":{\"@id\":\"https:\/\/test.esolutions.free2move.com\/eu\/en_it\/#organization\"},\"potentialAction\":[{\"@type\":\"SearchAction\",\"target\":{\"@type\":\"EntryPoint\",\"urlTemplate\":\"https:\/\/test.esolutions.free2move.com\/eu\/en_it\/?s={search_term_string}\"},\"query-input\":{\"@type\":\"PropertyValueSpecification\",\"valueRequired\":true,\"valueName\":\"search_term_string\"}}],\"inLanguage\":\"pt-pt\"},{\"@type\":\"Organization\",\"@id\":\"https:\/\/test.esolutions.free2move.com\/eu\/en_it\/#organization\",\"name\":\"eSolutions europe\",\"url\":\"https:\/\/test.esolutions.free2move.com\/eu\/en_it\/\",\"logo\":{\"@type\":\"ImageObject\",\"inLanguage\":\"pt-pt\",\"@id\":\"https:\/\/test.esolutions.free2move.com\/eu\/en_it\/#\/schema\/logo\/image\/\",\"url\":\"https:\/\/www.esolutions.free2move.com\/eu\/wp-content\/uploads\/2024\/03\/logo-f2m-horizontal-1-1-1.png\",\"contentUrl\":\"https:\/\/www.esolutions.free2move.com\/eu\/wp-content\/uploads\/2024\/03\/logo-f2m-horizontal-1-1-1.png\",\"width\":865,\"height\":218,\"caption\":\"eSolutions europe\"},\"image\":{\"@id\":\"https:\/\/test.esolutions.free2move.com\/eu\/en_it\/#\/schema\/logo\/image\/\"}}]}<\/script>\n<!-- \/ Yoast SEO plugin. -->","yoast_head_json":{"title":"Luigi Michi - eSolution europe","robots":{"index":"index","follow":"follow","max-snippet":"max-snippet:-1","max-image-preview":"max-image-preview:large","max-video-preview":"max-video-preview:-1"},"canonical":"https:\/\/test.esolutions.free2move.com\/eu\/pt_pt\/luigi-michi\/","og_locale":"pt_PT","og_type":"article","og_title":"Luigi Michi - eSolution europe","og_description":"HomeLuigi Michi Diretor &nbsp; Luigi Michi, nascido em It\u00e1lia em 1958, obteve uma licenciatura cum laudae em Engenharia Eletrot\u00e9cnica. Foi recentemente nomeado consultor s\u00e9nior da \"Key to energy\", uma empresa de consultoria energ\u00e9tica competente e bem fundamentada, que trata de uma vasta gama de temas relacionados com a eletricidade e o g\u00e1s no sector da energia. Com uma experi\u00eancia significativa ... Read More","og_url":"https:\/\/test.esolutions.free2move.com\/eu\/pt_pt\/luigi-michi\/","og_site_name":"eSolution europe","twitter_card":"summary_large_image","twitter_misc":{"Est. reading time":"2 minutes"},"schema":{"@context":"https:\/\/schema.org","@graph":[{"@type":"WebPage","@id":"https:\/\/test.esolutions.free2move.com\/eu\/pt_pt\/luigi-michi\/","url":"https:\/\/test.esolutions.free2move.com\/eu\/pt_pt\/luigi-michi\/","name":"Luigi Michi - eSolution europe","isPartOf":{"@id":"https:\/\/test.esolutions.free2move.com\/eu\/en_it\/#website"},"datePublished":"2024-03-18T14:46:46+00:00","breadcrumb":{"@id":"https:\/\/test.esolutions.free2move.com\/eu\/pt_pt\/luigi-michi\/#breadcrumb"},"inLanguage":"pt-pt","potentialAction":[{"@type":"ReadAction","target":["https:\/\/test.esolutions.free2move.com\/eu\/pt_pt\/luigi-michi\/"]}]},{"@type":"BreadcrumbList","@id":"https:\/\/test.esolutions.free2move.com\/eu\/pt_pt\/luigi-michi\/#breadcrumb","itemListElement":[{"@type":"ListItem","position":1,"name":"Home","item":"https:\/\/test.esolutions.free2move.com\/eu\/pt_pt\/"},{"@type":"ListItem","position":2,"name":"Luigi Michi"}]},{"@type":"WebSite","@id":"https:\/\/test.esolutions.free2move.com\/eu\/en_it\/#website","url":"https:\/\/test.esolutions.free2move.com\/eu\/en_it\/","name":"eSolutions europe","description":"","publisher":{"@id":"https:\/\/test.esolutions.free2move.com\/eu\/en_it\/#organization"},"potentialAction":[{"@type":"SearchAction","target":{"@type":"EntryPoint","urlTemplate":"https:\/\/test.esolutions.free2move.com\/eu\/en_it\/?s={search_term_string}"},"query-input":{"@type":"PropertyValueSpecification","valueRequired":true,"valueName":"search_term_string"}}],"inLanguage":"pt-pt"},{"@type":"Organization","@id":"https:\/\/test.esolutions.free2move.com\/eu\/en_it\/#organization","name":"eSolutions europe","url":"https:\/\/test.esolutions.free2move.com\/eu\/en_it\/","logo":{"@type":"ImageObject","inLanguage":"pt-pt","@id":"https:\/\/test.esolutions.free2move.com\/eu\/en_it\/#\/schema\/logo\/image\/","url":"https:\/\/www.esolutions.free2move.com\/eu\/wp-content\/uploads\/2024\/03\/logo-f2m-horizontal-1-1-1.png","contentUrl":"https:\/\/www.esolutions.free2move.com\/eu\/wp-content\/uploads\/2024\/03\/logo-f2m-horizontal-1-1-1.png","width":865,"height":218,"caption":"eSolutions europe"},"image":{"@id":"https:\/\/test.esolutions.free2move.com\/eu\/en_it\/#\/schema\/logo\/image\/"}}]}},"_links":{"self":[{"href":"https:\/\/test.esolutions.free2move.com\/eu\/pt_pt\/wp-json\/wp\/v2\/pages\/50380","targetHints":{"allow":["GET"]}}],"collection":[{"href":"https:\/\/test.esolutions.free2move.com\/eu\/pt_pt\/wp-json\/wp\/v2\/pages"}],"about":[{"href":"https:\/\/test.esolutions.free2move.com\/eu\/pt_pt\/wp-json\/wp\/v2\/types\/page"}],"author":[{"embeddable":true,"href":"https:\/\/test.esolutions.free2move.com\/eu\/pt_pt\/wp-json\/wp\/v2\/users\/1"}],"replies":[{"embeddable":true,"href":"https:\/\/test.esolutions.free2move.com\/eu\/pt_pt\/wp-json\/wp\/v2\/comments?post=50380"}],"version-history":[{"count":0,"href":"https:\/\/test.esolutions.free2move.com\/eu\/pt_pt\/wp-json\/wp\/v2\/pages\/50380\/revisions"}],"up":[{"embeddable":true,"href":"https:\/\/test.esolutions.free2move.com\/eu\/pt_pt\/wp-json\/wp\/v2\/pages\/50386"}],"wp:attachment":[{"href":"https:\/\/test.esolutions.free2move.com\/eu\/pt_pt\/wp-json\/wp\/v2\/media?parent=50380"}],"curies":[{"name":"wp","href":"https:\/\/api.w.org\/{rel}","templated":true}]}}