{"id":50381,"date":"2024-03-18T14:45:39","date_gmt":"2024-03-18T14:45:39","guid":{"rendered":"https:\/\/test.esolutions.free2move.com\/eu\/davide-mele\/"},"modified":"2024-03-18T14:45:39","modified_gmt":"2024-03-18T14:45:39","slug":"davide-mele","status":"publish","type":"page","link":"https:\/\/test.esolutions.free2move.com\/eu\/pt_pt\/governacao-e-etica\/davide-mele\/","title":{"rendered":"Davide Mele"},"content":{"rendered":"<div id=\"cs-content\" class=\"cs-content\"><nav class=\"x-crumbs e12611-e1 m9qb-0\" role=\"navigation\"><ol class=\"x-crumbs-list\" itemscope=\"\" itemtype=\"http:\/\/schema.org\/BreadcrumbList\" aria-label=\"Breadcrumb Navigation\"><li class=\"x-crumbs-list-item\" itemprop=\"itemListElement\" itemscope itemtype=\"http:\/\/schema.org\/ListItem\"><a class=\"x-crumbs-current x-crumbs-link\" itemtype=\"http:\/\/schema.org\/Thing\" itemprop=\"item\" href=\"https:\/\/test.esolutions.free2move.com\/eu\/pt_pt\/\" title=\"You Are Here\"><span itemprop=\"name\">Home<\/span><\/a><meta itemprop=\"position\" content=\"1\"><\/li><\/ol><\/nav><div class=\"x-section e12611-e2 m9qb-1\"><div class=\"x-row x-container max width e12611-e3 m9qb-2 m9qb-3 m9qb-5 m9qb-6\"><div class=\"x-row-inner\"><div class=\"x-col e12611-e4 m9qb-8 m9qb-9 m9qb-a m9qb-b\"><span class=\"x-image e12611-e5 m9qb-f\"><img decoding=\"async\" src=\"https:\/\/test.esolutions.free2move.com\/eu\/wp-content\/uploads\/2024\/03\/GovernanceEthics_Davide-Mele-copia.jpg\" width=\"146\" height=\"134\" alt=\"Image\" loading=\"lazy\"><\/span><\/div><div class=\"x-col e12611-e6 m9qb-8 m9qb-a m9qb-c m9qb-d es_gap\"><div class=\"x-row e12611-e7 m9qb-3 m9qb-4 m9qb-5 m9qb-7\"><div class=\"x-row-inner\"><div class=\"x-col e12611-e8 m9qb-8 m9qb-9 m9qb-d m9qb-e es_gap\"><div class=\"x-text x-text-headline e12611-e9 m9qb-g\"><div class=\"x-text-content\"><div class=\"x-text-content-text\"><h2 class=\"x-text-content-text-primary\">Davide Mele<\/h2><\/div><\/div><\/div><div class=\"x-text x-content e12611-e10 m9qb-h\"><div class=\"ewa-rteLine\"><strong>Diretor<\/strong><\/div>\n<div class=\"ewa-rteLine\">&nbsp;<\/div>\n<div class=\"ewa-rteLine\">\n<div class=\"ewa-rteLine\">\n<div class=\"ewa-rteLine\">Davide Mele foi nomeado diretor de opera\u00e7\u00f5es adjunto (COO) para a Europa alargada e membro da equipa executiva de topo da Stellantis em janeiro de 2021.<\/div>\n<div class=\"ewa-rteLine\">Ingressou no Grupo Fiat em 2001 e desempenhou v\u00e1rias fun\u00e7\u00f5es de responsabilidade crescente no sector financeiro, tendo sido respons\u00e1vel pelo Planeamento e An\u00e1lise Financeira do Grupo e pelas Plataformas Financeiras e CapEx do Grupo, Controlador - Grupo Autom\u00f3veis de Passageiros; Diretor Financeiro e Diretor de Desenvolvimento Empresarial para a regi\u00e3o LATAM.<\/div>\n<div class=\"ewa-rteLine\">Em janeiro de 2017, foi nomeado COO Adjunto para a regi\u00e3o LATAM da FCA; em abril de 2018, foi nomeado COO Adjunto para a regi\u00e3o EMEA da FCA.<\/div>\n<div class=\"ewa-rteLine\">Mele \u00e9 licenciado em engenharia pela Universidade Polit\u00e9cnica de Turim (It\u00e1lia).<\/div>\n<\/div>\n<\/div><\/div><\/div><\/div><\/div><\/div><\/div><\/div><\/div><\/div>\n","protected":false},"excerpt":{"rendered":"<p>HomeDavide MeleDiretor &nbsp; Davide Mele foi nomeado diretor de opera\u00e7\u00f5es adjunto (COO) para a Europa alargada e membro da equipa executiva de topo da Stellantis em janeiro de 2021. Ingressou no Grupo Fiat em 2001 e desempenhou v\u00e1rias fun\u00e7\u00f5es de responsabilidade crescente no sector financeiro, tendo sido respons\u00e1vel pelo Planeamento e An\u00e1lise Financeira do Grupo e pelas Plataformas Financeiras e &#8230; <\/p>\n<div><a href=\"https:\/\/test.esolutions.free2move.com\/eu\/pt_pt\/governacao-e-etica\/davide-mele\/\" class=\"more-link\">Read More<\/a><\/div>\n","protected":false},"author":1,"featured_media":0,"parent":50386,"menu_order":0,"comment_status":"closed","ping_status":"closed","template":"template-blank-4.php","meta":{"_acf_changed":false,"inline_featured_image":false,"footnotes":""},"class_list":["post-50381","page","type-page","status-publish","hentry","no-post-thumbnail"],"acf":[],"yoast_head":"<!-- This site is optimized with the Yoast SEO plugin v24.4 - https:\/\/yoast.com\/wordpress\/plugins\/seo\/ -->\n<title>Davide Mele - eSolution europe<\/title>\n<meta name=\"robots\" content=\"index, follow, max-snippet:-1, max-image-preview:large, max-video-preview:-1\" \/>\n<link rel=\"canonical\" href=\"https:\/\/test.esolutions.free2move.com\/eu\/pt_pt\/davide-mele\/\" \/>\n<meta property=\"og:locale\" content=\"pt_PT\" \/>\n<meta property=\"og:type\" content=\"article\" \/>\n<meta property=\"og:title\" content=\"Davide Mele - eSolution europe\" \/>\n<meta property=\"og:description\" content=\"HomeDavide MeleDiretor &nbsp; Davide Mele foi nomeado diretor de opera\u00e7\u00f5es adjunto (COO) para a Europa alargada e membro da equipa executiva de topo da Stellantis em janeiro de 2021. Ingressou no Grupo Fiat em 2001 e desempenhou v\u00e1rias fun\u00e7\u00f5es de responsabilidade crescente no sector financeiro, tendo sido respons\u00e1vel pelo Planeamento e An\u00e1lise Financeira do Grupo e pelas Plataformas Financeiras e ... Read More\" \/>\n<meta property=\"og:url\" content=\"https:\/\/test.esolutions.free2move.com\/eu\/pt_pt\/davide-mele\/\" \/>\n<meta property=\"og:site_name\" content=\"eSolution europe\" \/>\n<meta name=\"twitter:card\" content=\"summary_large_image\" \/>\n<meta name=\"twitter:label1\" content=\"Est. reading time\" \/>\n\t<meta name=\"twitter:data1\" content=\"1 minute\" \/>\n<script type=\"application\/ld+json\" class=\"yoast-schema-graph\">{\"@context\":\"https:\/\/schema.org\",\"@graph\":[{\"@type\":\"WebPage\",\"@id\":\"https:\/\/test.esolutions.free2move.com\/eu\/pt_pt\/davide-mele\/\",\"url\":\"https:\/\/test.esolutions.free2move.com\/eu\/pt_pt\/davide-mele\/\",\"name\":\"Davide Mele - eSolution europe\",\"isPartOf\":{\"@id\":\"https:\/\/test.esolutions.free2move.com\/eu\/en_it\/#website\"},\"datePublished\":\"2024-03-18T14:45:39+00:00\",\"breadcrumb\":{\"@id\":\"https:\/\/test.esolutions.free2move.com\/eu\/pt_pt\/davide-mele\/#breadcrumb\"},\"inLanguage\":\"pt-pt\",\"potentialAction\":[{\"@type\":\"ReadAction\",\"target\":[\"https:\/\/test.esolutions.free2move.com\/eu\/pt_pt\/davide-mele\/\"]}]},{\"@type\":\"BreadcrumbList\",\"@id\":\"https:\/\/test.esolutions.free2move.com\/eu\/pt_pt\/davide-mele\/#breadcrumb\",\"itemListElement\":[{\"@type\":\"ListItem\",\"position\":1,\"name\":\"Home\",\"item\":\"https:\/\/test.esolutions.free2move.com\/eu\/pt_pt\/\"},{\"@type\":\"ListItem\",\"position\":2,\"name\":\"Davide Mele\"}]},{\"@type\":\"WebSite\",\"@id\":\"https:\/\/test.esolutions.free2move.com\/eu\/en_it\/#website\",\"url\":\"https:\/\/test.esolutions.free2move.com\/eu\/en_it\/\",\"name\":\"eSolutions europe\",\"description\":\"\",\"publisher\":{\"@id\":\"https:\/\/test.esolutions.free2move.com\/eu\/en_it\/#organization\"},\"potentialAction\":[{\"@type\":\"SearchAction\",\"target\":{\"@type\":\"EntryPoint\",\"urlTemplate\":\"https:\/\/test.esolutions.free2move.com\/eu\/en_it\/?s={search_term_string}\"},\"query-input\":{\"@type\":\"PropertyValueSpecification\",\"valueRequired\":true,\"valueName\":\"search_term_string\"}}],\"inLanguage\":\"pt-pt\"},{\"@type\":\"Organization\",\"@id\":\"https:\/\/test.esolutions.free2move.com\/eu\/en_it\/#organization\",\"name\":\"eSolutions europe\",\"url\":\"https:\/\/test.esolutions.free2move.com\/eu\/en_it\/\",\"logo\":{\"@type\":\"ImageObject\",\"inLanguage\":\"pt-pt\",\"@id\":\"https:\/\/test.esolutions.free2move.com\/eu\/en_it\/#\/schema\/logo\/image\/\",\"url\":\"https:\/\/www.esolutions.free2move.com\/eu\/wp-content\/uploads\/2024\/03\/logo-f2m-horizontal-1-1-1.png\",\"contentUrl\":\"https:\/\/www.esolutions.free2move.com\/eu\/wp-content\/uploads\/2024\/03\/logo-f2m-horizontal-1-1-1.png\",\"width\":865,\"height\":218,\"caption\":\"eSolutions europe\"},\"image\":{\"@id\":\"https:\/\/test.esolutions.free2move.com\/eu\/en_it\/#\/schema\/logo\/image\/\"}}]}<\/script>\n<!-- \/ Yoast SEO plugin. -->","yoast_head_json":{"title":"Davide Mele - eSolution europe","robots":{"index":"index","follow":"follow","max-snippet":"max-snippet:-1","max-image-preview":"max-image-preview:large","max-video-preview":"max-video-preview:-1"},"canonical":"https:\/\/test.esolutions.free2move.com\/eu\/pt_pt\/davide-mele\/","og_locale":"pt_PT","og_type":"article","og_title":"Davide Mele - eSolution europe","og_description":"HomeDavide MeleDiretor &nbsp; Davide Mele foi nomeado diretor de opera\u00e7\u00f5es adjunto (COO) para a Europa alargada e membro da equipa executiva de topo da Stellantis em janeiro de 2021. Ingressou no Grupo Fiat em 2001 e desempenhou v\u00e1rias fun\u00e7\u00f5es de responsabilidade crescente no sector financeiro, tendo sido respons\u00e1vel pelo Planeamento e An\u00e1lise Financeira do Grupo e pelas Plataformas Financeiras e ... Read More","og_url":"https:\/\/test.esolutions.free2move.com\/eu\/pt_pt\/davide-mele\/","og_site_name":"eSolution europe","twitter_card":"summary_large_image","twitter_misc":{"Est. reading time":"1 minute"},"schema":{"@context":"https:\/\/schema.org","@graph":[{"@type":"WebPage","@id":"https:\/\/test.esolutions.free2move.com\/eu\/pt_pt\/davide-mele\/","url":"https:\/\/test.esolutions.free2move.com\/eu\/pt_pt\/davide-mele\/","name":"Davide Mele - eSolution europe","isPartOf":{"@id":"https:\/\/test.esolutions.free2move.com\/eu\/en_it\/#website"},"datePublished":"2024-03-18T14:45:39+00:00","breadcrumb":{"@id":"https:\/\/test.esolutions.free2move.com\/eu\/pt_pt\/davide-mele\/#breadcrumb"},"inLanguage":"pt-pt","potentialAction":[{"@type":"ReadAction","target":["https:\/\/test.esolutions.free2move.com\/eu\/pt_pt\/davide-mele\/"]}]},{"@type":"BreadcrumbList","@id":"https:\/\/test.esolutions.free2move.com\/eu\/pt_pt\/davide-mele\/#breadcrumb","itemListElement":[{"@type":"ListItem","position":1,"name":"Home","item":"https:\/\/test.esolutions.free2move.com\/eu\/pt_pt\/"},{"@type":"ListItem","position":2,"name":"Davide Mele"}]},{"@type":"WebSite","@id":"https:\/\/test.esolutions.free2move.com\/eu\/en_it\/#website","url":"https:\/\/test.esolutions.free2move.com\/eu\/en_it\/","name":"eSolutions europe","description":"","publisher":{"@id":"https:\/\/test.esolutions.free2move.com\/eu\/en_it\/#organization"},"potentialAction":[{"@type":"SearchAction","target":{"@type":"EntryPoint","urlTemplate":"https:\/\/test.esolutions.free2move.com\/eu\/en_it\/?s={search_term_string}"},"query-input":{"@type":"PropertyValueSpecification","valueRequired":true,"valueName":"search_term_string"}}],"inLanguage":"pt-pt"},{"@type":"Organization","@id":"https:\/\/test.esolutions.free2move.com\/eu\/en_it\/#organization","name":"eSolutions europe","url":"https:\/\/test.esolutions.free2move.com\/eu\/en_it\/","logo":{"@type":"ImageObject","inLanguage":"pt-pt","@id":"https:\/\/test.esolutions.free2move.com\/eu\/en_it\/#\/schema\/logo\/image\/","url":"https:\/\/www.esolutions.free2move.com\/eu\/wp-content\/uploads\/2024\/03\/logo-f2m-horizontal-1-1-1.png","contentUrl":"https:\/\/www.esolutions.free2move.com\/eu\/wp-content\/uploads\/2024\/03\/logo-f2m-horizontal-1-1-1.png","width":865,"height":218,"caption":"eSolutions europe"},"image":{"@id":"https:\/\/test.esolutions.free2move.com\/eu\/en_it\/#\/schema\/logo\/image\/"}}]}},"_links":{"self":[{"href":"https:\/\/test.esolutions.free2move.com\/eu\/pt_pt\/wp-json\/wp\/v2\/pages\/50381","targetHints":{"allow":["GET"]}}],"collection":[{"href":"https:\/\/test.esolutions.free2move.com\/eu\/pt_pt\/wp-json\/wp\/v2\/pages"}],"about":[{"href":"https:\/\/test.esolutions.free2move.com\/eu\/pt_pt\/wp-json\/wp\/v2\/types\/page"}],"author":[{"embeddable":true,"href":"https:\/\/test.esolutions.free2move.com\/eu\/pt_pt\/wp-json\/wp\/v2\/users\/1"}],"replies":[{"embeddable":true,"href":"https:\/\/test.esolutions.free2move.com\/eu\/pt_pt\/wp-json\/wp\/v2\/comments?post=50381"}],"version-history":[{"count":0,"href":"https:\/\/test.esolutions.free2move.com\/eu\/pt_pt\/wp-json\/wp\/v2\/pages\/50381\/revisions"}],"up":[{"embeddable":true,"href":"https:\/\/test.esolutions.free2move.com\/eu\/pt_pt\/wp-json\/wp\/v2\/pages\/50386"}],"wp:attachment":[{"href":"https:\/\/test.esolutions.free2move.com\/eu\/pt_pt\/wp-json\/wp\/v2\/media?parent=50381"}],"curies":[{"name":"wp","href":"https:\/\/api.w.org\/{rel}","templated":true}]}}