{"id":50382,"date":"2024-03-18T14:43:47","date_gmt":"2024-03-18T14:43:47","guid":{"rendered":"https:\/\/test.esolutions.free2move.com\/eu\/carlalberto-guglielminotti\/"},"modified":"2024-03-18T14:43:47","modified_gmt":"2024-03-18T14:43:47","slug":"carlalberto-guglielminotti","status":"publish","type":"page","link":"https:\/\/test.esolutions.free2move.com\/eu\/pt_pt\/governacao-e-etica\/carlalberto-guglielminotti\/","title":{"rendered":"Carlalberto Guglielminotti"},"content":{"rendered":"<div id=\"cs-content\" class=\"cs-content\"><nav class=\"x-crumbs e12597-e1 m9px-0\" role=\"navigation\"><ol class=\"x-crumbs-list\" itemscope=\"\" itemtype=\"http:\/\/schema.org\/BreadcrumbList\" aria-label=\"Breadcrumb Navigation\"><li class=\"x-crumbs-list-item\" itemprop=\"itemListElement\" itemscope itemtype=\"http:\/\/schema.org\/ListItem\"><a class=\"x-crumbs-current x-crumbs-link\" itemtype=\"http:\/\/schema.org\/Thing\" itemprop=\"item\" href=\"https:\/\/test.esolutions.free2move.com\/eu\/pt_pt\/\" title=\"You Are Here\"><span itemprop=\"name\">Home<\/span><\/a><meta itemprop=\"position\" content=\"1\"><\/li><\/ol><\/nav><div class=\"x-section e12597-e2 m9px-1\"><div class=\"x-row x-container max width e12597-e3 m9px-2 m9px-3 m9px-5 m9px-6\"><div class=\"x-row-inner\"><div class=\"x-col e12597-e4 m9px-8 m9px-9 m9px-a m9px-b\"><span class=\"x-image e12597-e5 m9px-f\"><img decoding=\"async\" src=\"https:\/\/test.esolutions.free2move.com\/eu\/wp-content\/uploads\/2024\/03\/GovernanceEthics_Carlalberto-Guglielminotti-copia-1.jpg\" width=\"146\" height=\"134\" alt=\"Image\" loading=\"lazy\"><\/span><\/div><div class=\"x-col e12597-e6 m9px-8 m9px-a m9px-c m9px-d es_gap\"><div class=\"x-row e12597-e7 m9px-3 m9px-4 m9px-5 m9px-7\"><div class=\"x-row-inner\"><div class=\"x-col e12597-e8 m9px-8 m9px-9 m9px-d m9px-e es_gap\"><div class=\"x-text x-text-headline e12597-e9 m9px-g\"><div class=\"x-text-content\"><div class=\"x-text-content-text\"><h2 class=\"x-text-content-text-primary\">Carlalberto Guglielminotti<\/h2><\/div><\/div><\/div><div class=\"x-text x-content e12597-e10 m9px-h\"><div class=\"ewa-rteLine\"><strong>Presidente Executivo<\/strong><\/div>\n<div class=\"ewa-rteLine\">&nbsp;<\/div>\n<div class=\"ewa-rteLine\">\n<div class=\"ewa-rteLine\">Carlalberto Guglielminotti \u00e9 Diretor Executivo da NHOA (NHOA.PA), anteriormente Engie EPS, e desde maio de 2021 \u00e9 tamb\u00e9m Presidente Executivo da Free2move eSolutions.<\/div>\n<div class=\"ewa-rteLine\">\u00c9 um Jovem L\u00edder Global do F\u00f3rum Econ\u00f3mico Mundial 2020, Embaixador da Funda\u00e7\u00e3o Theodora e Secret\u00e1rio-Geral da Funda\u00e7\u00e3o Ciolina.<\/div>\n<div class=\"ewa-rteLine\">\u00c9 tamb\u00e9m Presidente da Atlante, membro do Conselho de Administra\u00e7\u00e3o do Instituto de Estudos Pol\u00edticos Internacionais (ISPI) e do Comit\u00e9 Cient\u00edfico do Leadersel Innotech ESG (Ersel). Al\u00e9m disso, \u00e9 S\u00f3cio e Presidente do Conselho da Sociedade Consultiva da 360 Capital, empresa de capital de risco com 400 milh\u00f5es de euros de activos sob gest\u00e3o.<\/div>\n<div class=\"ewa-rteLine\">Guglielminotti possui um MBA da SDA Bocconi, especializou-se nos EUA (Stanford University e European School of Economics), em Israel em Filosofia (Haifa University), em Fran\u00e7a com um LL.B (Universit\u00e9 Paris V) e em It\u00e1lia com um JD summa cum laude (Universidade de Turim).<\/div>\n<\/div><\/div><\/div><\/div><\/div><\/div><\/div><\/div><\/div><\/div>\n","protected":false},"excerpt":{"rendered":"<p>HomeCarlalberto GuglielminottiPresidente Executivo &nbsp; Carlalberto Guglielminotti \u00e9 Diretor Executivo da NHOA (NHOA.PA), anteriormente Engie EPS, e desde maio de 2021 \u00e9 tamb\u00e9m Presidente Executivo da Free2move eSolutions. \u00c9 um Jovem L\u00edder Global do F\u00f3rum Econ\u00f3mico Mundial 2020, Embaixador da Funda\u00e7\u00e3o Theodora e Secret\u00e1rio-Geral da Funda\u00e7\u00e3o Ciolina. \u00c9 tamb\u00e9m Presidente da Atlante, membro do Conselho de Administra\u00e7\u00e3o do Instituto de Estudos &#8230; <\/p>\n<div><a href=\"https:\/\/test.esolutions.free2move.com\/eu\/pt_pt\/governacao-e-etica\/carlalberto-guglielminotti\/\" class=\"more-link\">Read More<\/a><\/div>\n","protected":false},"author":1,"featured_media":0,"parent":50386,"menu_order":0,"comment_status":"closed","ping_status":"closed","template":"template-blank-4.php","meta":{"_acf_changed":false,"inline_featured_image":false,"footnotes":""},"class_list":["post-50382","page","type-page","status-publish","hentry","no-post-thumbnail"],"acf":[],"yoast_head":"<!-- This site is optimized with the Yoast SEO plugin v24.4 - https:\/\/yoast.com\/wordpress\/plugins\/seo\/ -->\n<title>Carlalberto Guglielminotti - eSolution europe<\/title>\n<meta name=\"robots\" content=\"index, follow, max-snippet:-1, max-image-preview:large, max-video-preview:-1\" \/>\n<link rel=\"canonical\" href=\"https:\/\/test.esolutions.free2move.com\/eu\/pt_pt\/carlalberto-guglielminotti\/\" \/>\n<meta property=\"og:locale\" content=\"pt_PT\" \/>\n<meta property=\"og:type\" content=\"article\" \/>\n<meta property=\"og:title\" content=\"Carlalberto Guglielminotti - eSolution europe\" \/>\n<meta property=\"og:description\" content=\"HomeCarlalberto GuglielminottiPresidente Executivo &nbsp; Carlalberto Guglielminotti \u00e9 Diretor Executivo da NHOA (NHOA.PA), anteriormente Engie EPS, e desde maio de 2021 \u00e9 tamb\u00e9m Presidente Executivo da Free2move eSolutions. \u00c9 um Jovem L\u00edder Global do F\u00f3rum Econ\u00f3mico Mundial 2020, Embaixador da Funda\u00e7\u00e3o Theodora e Secret\u00e1rio-Geral da Funda\u00e7\u00e3o Ciolina. \u00c9 tamb\u00e9m Presidente da Atlante, membro do Conselho de Administra\u00e7\u00e3o do Instituto de Estudos ... Read More\" \/>\n<meta property=\"og:url\" content=\"https:\/\/test.esolutions.free2move.com\/eu\/pt_pt\/carlalberto-guglielminotti\/\" \/>\n<meta property=\"og:site_name\" content=\"eSolution europe\" \/>\n<meta name=\"twitter:card\" content=\"summary_large_image\" \/>\n<meta name=\"twitter:label1\" content=\"Est. reading time\" \/>\n\t<meta name=\"twitter:data1\" content=\"1 minute\" \/>\n<script type=\"application\/ld+json\" class=\"yoast-schema-graph\">{\"@context\":\"https:\/\/schema.org\",\"@graph\":[{\"@type\":\"WebPage\",\"@id\":\"https:\/\/test.esolutions.free2move.com\/eu\/pt_pt\/carlalberto-guglielminotti\/\",\"url\":\"https:\/\/test.esolutions.free2move.com\/eu\/pt_pt\/carlalberto-guglielminotti\/\",\"name\":\"Carlalberto Guglielminotti - eSolution europe\",\"isPartOf\":{\"@id\":\"https:\/\/test.esolutions.free2move.com\/eu\/en_it\/#website\"},\"datePublished\":\"2024-03-18T14:43:47+00:00\",\"breadcrumb\":{\"@id\":\"https:\/\/test.esolutions.free2move.com\/eu\/pt_pt\/carlalberto-guglielminotti\/#breadcrumb\"},\"inLanguage\":\"pt-pt\",\"potentialAction\":[{\"@type\":\"ReadAction\",\"target\":[\"https:\/\/test.esolutions.free2move.com\/eu\/pt_pt\/carlalberto-guglielminotti\/\"]}]},{\"@type\":\"BreadcrumbList\",\"@id\":\"https:\/\/test.esolutions.free2move.com\/eu\/pt_pt\/carlalberto-guglielminotti\/#breadcrumb\",\"itemListElement\":[{\"@type\":\"ListItem\",\"position\":1,\"name\":\"Home\",\"item\":\"https:\/\/test.esolutions.free2move.com\/eu\/pt_pt\/\"},{\"@type\":\"ListItem\",\"position\":2,\"name\":\"Carlalberto Guglielminotti\"}]},{\"@type\":\"WebSite\",\"@id\":\"https:\/\/test.esolutions.free2move.com\/eu\/en_it\/#website\",\"url\":\"https:\/\/test.esolutions.free2move.com\/eu\/en_it\/\",\"name\":\"eSolutions europe\",\"description\":\"\",\"publisher\":{\"@id\":\"https:\/\/test.esolutions.free2move.com\/eu\/en_it\/#organization\"},\"potentialAction\":[{\"@type\":\"SearchAction\",\"target\":{\"@type\":\"EntryPoint\",\"urlTemplate\":\"https:\/\/test.esolutions.free2move.com\/eu\/en_it\/?s={search_term_string}\"},\"query-input\":{\"@type\":\"PropertyValueSpecification\",\"valueRequired\":true,\"valueName\":\"search_term_string\"}}],\"inLanguage\":\"pt-pt\"},{\"@type\":\"Organization\",\"@id\":\"https:\/\/test.esolutions.free2move.com\/eu\/en_it\/#organization\",\"name\":\"eSolutions europe\",\"url\":\"https:\/\/test.esolutions.free2move.com\/eu\/en_it\/\",\"logo\":{\"@type\":\"ImageObject\",\"inLanguage\":\"pt-pt\",\"@id\":\"https:\/\/test.esolutions.free2move.com\/eu\/en_it\/#\/schema\/logo\/image\/\",\"url\":\"https:\/\/www.esolutions.free2move.com\/eu\/wp-content\/uploads\/2024\/03\/logo-f2m-horizontal-1-1-1.png\",\"contentUrl\":\"https:\/\/www.esolutions.free2move.com\/eu\/wp-content\/uploads\/2024\/03\/logo-f2m-horizontal-1-1-1.png\",\"width\":865,\"height\":218,\"caption\":\"eSolutions europe\"},\"image\":{\"@id\":\"https:\/\/test.esolutions.free2move.com\/eu\/en_it\/#\/schema\/logo\/image\/\"}}]}<\/script>\n<!-- \/ Yoast SEO plugin. -->","yoast_head_json":{"title":"Carlalberto Guglielminotti - eSolution europe","robots":{"index":"index","follow":"follow","max-snippet":"max-snippet:-1","max-image-preview":"max-image-preview:large","max-video-preview":"max-video-preview:-1"},"canonical":"https:\/\/test.esolutions.free2move.com\/eu\/pt_pt\/carlalberto-guglielminotti\/","og_locale":"pt_PT","og_type":"article","og_title":"Carlalberto Guglielminotti - eSolution europe","og_description":"HomeCarlalberto GuglielminottiPresidente Executivo &nbsp; Carlalberto Guglielminotti \u00e9 Diretor Executivo da NHOA (NHOA.PA), anteriormente Engie EPS, e desde maio de 2021 \u00e9 tamb\u00e9m Presidente Executivo da Free2move eSolutions. \u00c9 um Jovem L\u00edder Global do F\u00f3rum Econ\u00f3mico Mundial 2020, Embaixador da Funda\u00e7\u00e3o Theodora e Secret\u00e1rio-Geral da Funda\u00e7\u00e3o Ciolina. \u00c9 tamb\u00e9m Presidente da Atlante, membro do Conselho de Administra\u00e7\u00e3o do Instituto de Estudos ... Read More","og_url":"https:\/\/test.esolutions.free2move.com\/eu\/pt_pt\/carlalberto-guglielminotti\/","og_site_name":"eSolution europe","twitter_card":"summary_large_image","twitter_misc":{"Est. reading time":"1 minute"},"schema":{"@context":"https:\/\/schema.org","@graph":[{"@type":"WebPage","@id":"https:\/\/test.esolutions.free2move.com\/eu\/pt_pt\/carlalberto-guglielminotti\/","url":"https:\/\/test.esolutions.free2move.com\/eu\/pt_pt\/carlalberto-guglielminotti\/","name":"Carlalberto Guglielminotti - eSolution europe","isPartOf":{"@id":"https:\/\/test.esolutions.free2move.com\/eu\/en_it\/#website"},"datePublished":"2024-03-18T14:43:47+00:00","breadcrumb":{"@id":"https:\/\/test.esolutions.free2move.com\/eu\/pt_pt\/carlalberto-guglielminotti\/#breadcrumb"},"inLanguage":"pt-pt","potentialAction":[{"@type":"ReadAction","target":["https:\/\/test.esolutions.free2move.com\/eu\/pt_pt\/carlalberto-guglielminotti\/"]}]},{"@type":"BreadcrumbList","@id":"https:\/\/test.esolutions.free2move.com\/eu\/pt_pt\/carlalberto-guglielminotti\/#breadcrumb","itemListElement":[{"@type":"ListItem","position":1,"name":"Home","item":"https:\/\/test.esolutions.free2move.com\/eu\/pt_pt\/"},{"@type":"ListItem","position":2,"name":"Carlalberto Guglielminotti"}]},{"@type":"WebSite","@id":"https:\/\/test.esolutions.free2move.com\/eu\/en_it\/#website","url":"https:\/\/test.esolutions.free2move.com\/eu\/en_it\/","name":"eSolutions europe","description":"","publisher":{"@id":"https:\/\/test.esolutions.free2move.com\/eu\/en_it\/#organization"},"potentialAction":[{"@type":"SearchAction","target":{"@type":"EntryPoint","urlTemplate":"https:\/\/test.esolutions.free2move.com\/eu\/en_it\/?s={search_term_string}"},"query-input":{"@type":"PropertyValueSpecification","valueRequired":true,"valueName":"search_term_string"}}],"inLanguage":"pt-pt"},{"@type":"Organization","@id":"https:\/\/test.esolutions.free2move.com\/eu\/en_it\/#organization","name":"eSolutions europe","url":"https:\/\/test.esolutions.free2move.com\/eu\/en_it\/","logo":{"@type":"ImageObject","inLanguage":"pt-pt","@id":"https:\/\/test.esolutions.free2move.com\/eu\/en_it\/#\/schema\/logo\/image\/","url":"https:\/\/www.esolutions.free2move.com\/eu\/wp-content\/uploads\/2024\/03\/logo-f2m-horizontal-1-1-1.png","contentUrl":"https:\/\/www.esolutions.free2move.com\/eu\/wp-content\/uploads\/2024\/03\/logo-f2m-horizontal-1-1-1.png","width":865,"height":218,"caption":"eSolutions europe"},"image":{"@id":"https:\/\/test.esolutions.free2move.com\/eu\/en_it\/#\/schema\/logo\/image\/"}}]}},"_links":{"self":[{"href":"https:\/\/test.esolutions.free2move.com\/eu\/pt_pt\/wp-json\/wp\/v2\/pages\/50382","targetHints":{"allow":["GET"]}}],"collection":[{"href":"https:\/\/test.esolutions.free2move.com\/eu\/pt_pt\/wp-json\/wp\/v2\/pages"}],"about":[{"href":"https:\/\/test.esolutions.free2move.com\/eu\/pt_pt\/wp-json\/wp\/v2\/types\/page"}],"author":[{"embeddable":true,"href":"https:\/\/test.esolutions.free2move.com\/eu\/pt_pt\/wp-json\/wp\/v2\/users\/1"}],"replies":[{"embeddable":true,"href":"https:\/\/test.esolutions.free2move.com\/eu\/pt_pt\/wp-json\/wp\/v2\/comments?post=50382"}],"version-history":[{"count":0,"href":"https:\/\/test.esolutions.free2move.com\/eu\/pt_pt\/wp-json\/wp\/v2\/pages\/50382\/revisions"}],"up":[{"embeddable":true,"href":"https:\/\/test.esolutions.free2move.com\/eu\/pt_pt\/wp-json\/wp\/v2\/pages\/50386"}],"wp:attachment":[{"href":"https:\/\/test.esolutions.free2move.com\/eu\/pt_pt\/wp-json\/wp\/v2\/media?parent=50382"}],"curies":[{"name":"wp","href":"https:\/\/api.w.org\/{rel}","templated":true}]}}