{"id":50383,"date":"2024-03-18T14:40:52","date_gmt":"2024-03-18T14:40:52","guid":{"rendered":"https:\/\/test.esolutions.free2move.com\/eu\/brigitte-courtehoux\/"},"modified":"2024-03-18T14:40:52","modified_gmt":"2024-03-18T14:40:52","slug":"brigitte-courtehoux","status":"publish","type":"page","link":"https:\/\/test.esolutions.free2move.com\/eu\/pt_pt\/governacao-e-etica\/brigitte-courtehoux\/","title":{"rendered":"Brigitte Courtehoux"},"content":{"rendered":"<div id=\"cs-content\" class=\"cs-content\"><nav class=\"x-crumbs e12585-e1 m9pl-0\" role=\"navigation\"><ol class=\"x-crumbs-list\" itemscope=\"\" itemtype=\"http:\/\/schema.org\/BreadcrumbList\" aria-label=\"Breadcrumb Navigation\"><li class=\"x-crumbs-list-item\" itemprop=\"itemListElement\" itemscope itemtype=\"http:\/\/schema.org\/ListItem\"><a class=\"x-crumbs-current x-crumbs-link\" itemtype=\"http:\/\/schema.org\/Thing\" itemprop=\"item\" href=\"https:\/\/test.esolutions.free2move.com\/eu\/pt_pt\/\" title=\"You Are Here\"><span itemprop=\"name\">Home<\/span><\/a><meta itemprop=\"position\" content=\"1\"><\/li><\/ol><\/nav><div class=\"x-section e12585-e2 m9pl-1\"><div class=\"x-row x-container max width e12585-e3 m9pl-2 m9pl-3 m9pl-5 m9pl-6\"><div class=\"x-row-inner\"><div class=\"x-col e12585-e4 m9pl-8 m9pl-9 m9pl-a m9pl-b\"><span class=\"x-image e12585-e5 m9pl-f\"><img decoding=\"async\" src=\"https:\/\/test.esolutions.free2move.com\/eu\/wp-content\/uploads\/2024\/03\/GovernanceEthics_Brigitte-Courtehou-copia-1.jpg\" width=\"146\" height=\"134\" alt=\"Image\" loading=\"lazy\"><\/span><\/div><div class=\"x-col e12585-e6 m9pl-8 m9pl-a m9pl-c m9pl-d es_gap\"><div class=\"x-row e12585-e7 m9pl-3 m9pl-4 m9pl-5 m9pl-7\"><div class=\"x-row-inner\"><div class=\"x-col e12585-e8 m9pl-8 m9pl-9 m9pl-d m9pl-e es_gap\"><div class=\"x-text x-text-headline e12585-e9 m9pl-g\"><div class=\"x-text-content\"><div class=\"x-text-content-text\"><h2 class=\"x-text-content-text-primary\">Brigitte Courtehoux<\/h2><\/div><\/div><\/div><\/div><\/div><\/div><div class=\"x-text x-content e12585-e10 m9pl-h\"><div class=\"ewa-rteLine\"><strong>Diretor<\/strong><\/div>\n<div class=\"ewa-rteLine\"><\/div>\n<div class=\"ewa-rteLine\">Brigitte Courtehoux \u00e9 directora executiva da Free2move e membro da equipa executiva de topo da Stellantis.<br>\nA sua carreira desenvolveu-se ao longo de 3 anos na \"Electricit\u00e9 de France\", depois, em 1998, entrou para a ind\u00fastria autom\u00f3vel no Grupo PSA e ocupou cargos de Gestora de Planeamento e Qualidade em v\u00e1rios projectos autom\u00f3veis.<br>\nEm 2008 e 2009, foi Vice-Presidente respons\u00e1vel pela Torre de Controlo de Qualidade Mundial.<br>\nEntre 2010 e 2013, como Directora de Projeto Global, geriu e lan\u00e7ou com sucesso o crossover Peugeot \"2008\" nos mercados europeu, latino-americano e chin\u00eas.<br>\nEm setembro de 2013, foi nomeada Vice-Presidente S\u00e9nior, respons\u00e1vel pela Unidade de Neg\u00f3cio de Mobilidade e Servi\u00e7os Relacionados. Em setembro de 2016, lan\u00e7ou a marca Free2move.<br>\nEm 2018, tornou-se Vice-Presidente Executiva e membro do Comit\u00e9 Executivo Global do Groupe PSA e, em janeiro de 2021, da Equipa Executiva de Topo da Stellantis.<br>\nBrigitte Courtehoux \u00e9 licenciada em engenharia pelo Institut National Polytechnique de Grenoble e tem um MBA executivo da HEC Paris Business School.<\/div><\/div><\/div><\/div><\/div><\/div><\/div>\n","protected":false},"excerpt":{"rendered":"<p>HomeBrigitte CourtehouxDiretor Brigitte Courtehoux \u00e9 directora executiva da Free2move e membro da equipa executiva de topo da Stellantis. A sua carreira desenvolveu-se ao longo de 3 anos na &#8220;Electricit\u00e9 de France&#8221;, depois, em 1998, entrou para a ind\u00fastria autom\u00f3vel no Grupo PSA e ocupou cargos de Gestora de Planeamento e Qualidade em v\u00e1rios projectos autom\u00f3veis. Em 2008 e 2009, foi &#8230; <\/p>\n<div><a href=\"https:\/\/test.esolutions.free2move.com\/eu\/pt_pt\/governacao-e-etica\/brigitte-courtehoux\/\" class=\"more-link\">Read More<\/a><\/div>\n","protected":false},"author":1,"featured_media":0,"parent":50386,"menu_order":0,"comment_status":"closed","ping_status":"closed","template":"template-blank-4.php","meta":{"_acf_changed":false,"inline_featured_image":false,"footnotes":""},"class_list":["post-50383","page","type-page","status-publish","hentry","no-post-thumbnail"],"acf":[],"yoast_head":"<!-- This site is optimized with the Yoast SEO plugin v24.4 - https:\/\/yoast.com\/wordpress\/plugins\/seo\/ -->\n<title>Brigitte Courtehoux - eSolution europe<\/title>\n<meta name=\"robots\" content=\"index, follow, max-snippet:-1, max-image-preview:large, max-video-preview:-1\" \/>\n<link rel=\"canonical\" href=\"https:\/\/test.esolutions.free2move.com\/eu\/pt_pt\/brigitte-courtehoux\/\" \/>\n<meta property=\"og:locale\" content=\"pt_PT\" \/>\n<meta property=\"og:type\" content=\"article\" \/>\n<meta property=\"og:title\" content=\"Brigitte Courtehoux - eSolution europe\" \/>\n<meta property=\"og:description\" content=\"HomeBrigitte CourtehouxDiretor Brigitte Courtehoux \u00e9 directora executiva da Free2move e membro da equipa executiva de topo da Stellantis. A sua carreira desenvolveu-se ao longo de 3 anos na &quot;Electricit\u00e9 de France&quot;, depois, em 1998, entrou para a ind\u00fastria autom\u00f3vel no Grupo PSA e ocupou cargos de Gestora de Planeamento e Qualidade em v\u00e1rios projectos autom\u00f3veis. Em 2008 e 2009, foi ... Read More\" \/>\n<meta property=\"og:url\" content=\"https:\/\/test.esolutions.free2move.com\/eu\/pt_pt\/brigitte-courtehoux\/\" \/>\n<meta property=\"og:site_name\" content=\"eSolution europe\" \/>\n<meta name=\"twitter:card\" content=\"summary_large_image\" \/>\n<meta name=\"twitter:label1\" content=\"Est. reading time\" \/>\n\t<meta name=\"twitter:data1\" content=\"1 minute\" \/>\n<script type=\"application\/ld+json\" class=\"yoast-schema-graph\">{\"@context\":\"https:\/\/schema.org\",\"@graph\":[{\"@type\":\"WebPage\",\"@id\":\"https:\/\/test.esolutions.free2move.com\/eu\/pt_pt\/brigitte-courtehoux\/\",\"url\":\"https:\/\/test.esolutions.free2move.com\/eu\/pt_pt\/brigitte-courtehoux\/\",\"name\":\"Brigitte Courtehoux - eSolution europe\",\"isPartOf\":{\"@id\":\"https:\/\/test.esolutions.free2move.com\/eu\/en_it\/#website\"},\"datePublished\":\"2024-03-18T14:40:52+00:00\",\"breadcrumb\":{\"@id\":\"https:\/\/test.esolutions.free2move.com\/eu\/pt_pt\/brigitte-courtehoux\/#breadcrumb\"},\"inLanguage\":\"pt-pt\",\"potentialAction\":[{\"@type\":\"ReadAction\",\"target\":[\"https:\/\/test.esolutions.free2move.com\/eu\/pt_pt\/brigitte-courtehoux\/\"]}]},{\"@type\":\"BreadcrumbList\",\"@id\":\"https:\/\/test.esolutions.free2move.com\/eu\/pt_pt\/brigitte-courtehoux\/#breadcrumb\",\"itemListElement\":[{\"@type\":\"ListItem\",\"position\":1,\"name\":\"Home\",\"item\":\"https:\/\/test.esolutions.free2move.com\/eu\/pt_pt\/\"},{\"@type\":\"ListItem\",\"position\":2,\"name\":\"Brigitte Courtehoux\"}]},{\"@type\":\"WebSite\",\"@id\":\"https:\/\/test.esolutions.free2move.com\/eu\/en_it\/#website\",\"url\":\"https:\/\/test.esolutions.free2move.com\/eu\/en_it\/\",\"name\":\"eSolutions europe\",\"description\":\"\",\"publisher\":{\"@id\":\"https:\/\/test.esolutions.free2move.com\/eu\/en_it\/#organization\"},\"potentialAction\":[{\"@type\":\"SearchAction\",\"target\":{\"@type\":\"EntryPoint\",\"urlTemplate\":\"https:\/\/test.esolutions.free2move.com\/eu\/en_it\/?s={search_term_string}\"},\"query-input\":{\"@type\":\"PropertyValueSpecification\",\"valueRequired\":true,\"valueName\":\"search_term_string\"}}],\"inLanguage\":\"pt-pt\"},{\"@type\":\"Organization\",\"@id\":\"https:\/\/test.esolutions.free2move.com\/eu\/en_it\/#organization\",\"name\":\"eSolutions europe\",\"url\":\"https:\/\/test.esolutions.free2move.com\/eu\/en_it\/\",\"logo\":{\"@type\":\"ImageObject\",\"inLanguage\":\"pt-pt\",\"@id\":\"https:\/\/test.esolutions.free2move.com\/eu\/en_it\/#\/schema\/logo\/image\/\",\"url\":\"https:\/\/www.esolutions.free2move.com\/eu\/wp-content\/uploads\/2024\/03\/logo-f2m-horizontal-1-1-1.png\",\"contentUrl\":\"https:\/\/www.esolutions.free2move.com\/eu\/wp-content\/uploads\/2024\/03\/logo-f2m-horizontal-1-1-1.png\",\"width\":865,\"height\":218,\"caption\":\"eSolutions europe\"},\"image\":{\"@id\":\"https:\/\/test.esolutions.free2move.com\/eu\/en_it\/#\/schema\/logo\/image\/\"}}]}<\/script>\n<!-- \/ Yoast SEO plugin. -->","yoast_head_json":{"title":"Brigitte Courtehoux - eSolution europe","robots":{"index":"index","follow":"follow","max-snippet":"max-snippet:-1","max-image-preview":"max-image-preview:large","max-video-preview":"max-video-preview:-1"},"canonical":"https:\/\/test.esolutions.free2move.com\/eu\/pt_pt\/brigitte-courtehoux\/","og_locale":"pt_PT","og_type":"article","og_title":"Brigitte Courtehoux - eSolution europe","og_description":"HomeBrigitte CourtehouxDiretor Brigitte Courtehoux \u00e9 directora executiva da Free2move e membro da equipa executiva de topo da Stellantis. A sua carreira desenvolveu-se ao longo de 3 anos na \"Electricit\u00e9 de France\", depois, em 1998, entrou para a ind\u00fastria autom\u00f3vel no Grupo PSA e ocupou cargos de Gestora de Planeamento e Qualidade em v\u00e1rios projectos autom\u00f3veis. Em 2008 e 2009, foi ... Read More","og_url":"https:\/\/test.esolutions.free2move.com\/eu\/pt_pt\/brigitte-courtehoux\/","og_site_name":"eSolution europe","twitter_card":"summary_large_image","twitter_misc":{"Est. reading time":"1 minute"},"schema":{"@context":"https:\/\/schema.org","@graph":[{"@type":"WebPage","@id":"https:\/\/test.esolutions.free2move.com\/eu\/pt_pt\/brigitte-courtehoux\/","url":"https:\/\/test.esolutions.free2move.com\/eu\/pt_pt\/brigitte-courtehoux\/","name":"Brigitte Courtehoux - eSolution europe","isPartOf":{"@id":"https:\/\/test.esolutions.free2move.com\/eu\/en_it\/#website"},"datePublished":"2024-03-18T14:40:52+00:00","breadcrumb":{"@id":"https:\/\/test.esolutions.free2move.com\/eu\/pt_pt\/brigitte-courtehoux\/#breadcrumb"},"inLanguage":"pt-pt","potentialAction":[{"@type":"ReadAction","target":["https:\/\/test.esolutions.free2move.com\/eu\/pt_pt\/brigitte-courtehoux\/"]}]},{"@type":"BreadcrumbList","@id":"https:\/\/test.esolutions.free2move.com\/eu\/pt_pt\/brigitte-courtehoux\/#breadcrumb","itemListElement":[{"@type":"ListItem","position":1,"name":"Home","item":"https:\/\/test.esolutions.free2move.com\/eu\/pt_pt\/"},{"@type":"ListItem","position":2,"name":"Brigitte Courtehoux"}]},{"@type":"WebSite","@id":"https:\/\/test.esolutions.free2move.com\/eu\/en_it\/#website","url":"https:\/\/test.esolutions.free2move.com\/eu\/en_it\/","name":"eSolutions europe","description":"","publisher":{"@id":"https:\/\/test.esolutions.free2move.com\/eu\/en_it\/#organization"},"potentialAction":[{"@type":"SearchAction","target":{"@type":"EntryPoint","urlTemplate":"https:\/\/test.esolutions.free2move.com\/eu\/en_it\/?s={search_term_string}"},"query-input":{"@type":"PropertyValueSpecification","valueRequired":true,"valueName":"search_term_string"}}],"inLanguage":"pt-pt"},{"@type":"Organization","@id":"https:\/\/test.esolutions.free2move.com\/eu\/en_it\/#organization","name":"eSolutions europe","url":"https:\/\/test.esolutions.free2move.com\/eu\/en_it\/","logo":{"@type":"ImageObject","inLanguage":"pt-pt","@id":"https:\/\/test.esolutions.free2move.com\/eu\/en_it\/#\/schema\/logo\/image\/","url":"https:\/\/www.esolutions.free2move.com\/eu\/wp-content\/uploads\/2024\/03\/logo-f2m-horizontal-1-1-1.png","contentUrl":"https:\/\/www.esolutions.free2move.com\/eu\/wp-content\/uploads\/2024\/03\/logo-f2m-horizontal-1-1-1.png","width":865,"height":218,"caption":"eSolutions europe"},"image":{"@id":"https:\/\/test.esolutions.free2move.com\/eu\/en_it\/#\/schema\/logo\/image\/"}}]}},"_links":{"self":[{"href":"https:\/\/test.esolutions.free2move.com\/eu\/pt_pt\/wp-json\/wp\/v2\/pages\/50383","targetHints":{"allow":["GET"]}}],"collection":[{"href":"https:\/\/test.esolutions.free2move.com\/eu\/pt_pt\/wp-json\/wp\/v2\/pages"}],"about":[{"href":"https:\/\/test.esolutions.free2move.com\/eu\/pt_pt\/wp-json\/wp\/v2\/types\/page"}],"author":[{"embeddable":true,"href":"https:\/\/test.esolutions.free2move.com\/eu\/pt_pt\/wp-json\/wp\/v2\/users\/1"}],"replies":[{"embeddable":true,"href":"https:\/\/test.esolutions.free2move.com\/eu\/pt_pt\/wp-json\/wp\/v2\/comments?post=50383"}],"version-history":[{"count":0,"href":"https:\/\/test.esolutions.free2move.com\/eu\/pt_pt\/wp-json\/wp\/v2\/pages\/50383\/revisions"}],"up":[{"embeddable":true,"href":"https:\/\/test.esolutions.free2move.com\/eu\/pt_pt\/wp-json\/wp\/v2\/pages\/50386"}],"wp:attachment":[{"href":"https:\/\/test.esolutions.free2move.com\/eu\/pt_pt\/wp-json\/wp\/v2\/media?parent=50383"}],"curies":[{"name":"wp","href":"https:\/\/api.w.org\/{rel}","templated":true}]}}