{"id":50385,"date":"2024-03-18T13:45:26","date_gmt":"2024-03-18T13:45:26","guid":{"rendered":"https:\/\/test.esolutions.free2move.com\/eu\/trabalhe-conosco\/"},"modified":"2024-03-18T13:45:26","modified_gmt":"2024-03-18T13:45:26","slug":"trabalhe-conosco","status":"publish","type":"page","link":"https:\/\/test.esolutions.free2move.com\/eu\/pt_pt\/trabalhe-conosco\/","title":{"rendered":"Trabalhe Conosco"},"content":{"rendered":"<div id=\"cs-content\" class=\"cs-content\"><nav class=\"x-crumbs e12804-e1 m9vo-0\" role=\"navigation\"><ol class=\"x-crumbs-list\" itemscope=\"\" itemtype=\"http:\/\/schema.org\/BreadcrumbList\" aria-label=\"Breadcrumb Navigation\"><li class=\"x-crumbs-list-item\" itemprop=\"itemListElement\" itemscope itemtype=\"http:\/\/schema.org\/ListItem\"><a class=\"x-crumbs-current x-crumbs-link\" itemtype=\"http:\/\/schema.org\/Thing\" itemprop=\"item\" href=\"https:\/\/test.esolutions.free2move.com\/eu\/pt_pt\/\" title=\"You Are Here\"><span itemprop=\"name\">Home<\/span><\/a><meta itemprop=\"position\" content=\"1\"><\/li><\/ol><\/nav><div class=\"x-section e12804-e2 m9vo-1 m9vo-2 m9vo-3 m9vo-4\"><div class=\"x-row x-container max width e12804-e3 m9vo-8 m9vo-9 m9vo-a m9vo-f\"><div class=\"x-row-inner\"><div class=\"x-col e12804-e4 m9vo-q m9vo-r m9vo-s m9vo-t m9vo-u m9vo-v m9vo-w m9vo-x es_gap\"><div class=\"x-div e12804-e5 m9vo-14 m9vo-15 m9vo-16 m9vo-17 m9vo-18\"><div class=\"x-text x-text-headline e12804-e6 m9vo-1e m9vo-1f m9vo-1g m9vo-1h\"><div class=\"x-text-content\"><div class=\"x-text-content-text\"><h2 class=\"x-text-content-text-primary\">Trabalhe Conosco<\/h2><\/div><\/div><\/div><div class=\"x-text x-content e12804-e7 m9vo-1l m9vo-1m m9vo-1n m9vo-1o m9vo-1p m9vo-1q m9vo-1r m9vo-1s\"><p>Junte-se ao movimento pela mudan\u00e7a na Free2move eSolutions!<\/p><\/div><\/div><\/div><div class=\"x-col e12804-e8 m9vo-v m9vo-w m9vo-x\"><span class=\"x-image e12804-e9 m9vo-23 m9vo-24\"><img decoding=\"async\" src=\"https:\/\/test.esolutions.free2move.com\/eu\/wp-content\/uploads\/2024\/04\/AdobeStock_583892761-scaled.jpeg\" width=\"2560\" height=\"1414\" alt=\"Image\" loading=\"lazy\"><\/span><\/div><\/div><\/div><\/div><div class=\"x-section e12804-e10 m9vo-1 m9vo-5\"><div class=\"x-row x-container max width e12804-e11 m9vo-8 m9vo-9 m9vo-b m9vo-g m9vo-h\"><div class=\"x-row-inner\"><div class=\"x-col e12804-e12 m9vo-q m9vo-r m9vo-s m9vo-t m9vo-u m9vo-w m9vo-x m9vo-y mobile_hidden\"><hr class=\"x-line e12804-e13 m9vo-28\"\/><\/div><div class=\"x-col e12804-e14 m9vo-w m9vo-x m9vo-y es_gap\"><div class=\"x-row e12804-e15 m9vo-8 m9vo-9 m9vo-b m9vo-g m9vo-i\"><div class=\"x-row-inner\"><div class=\"x-col e12804-e16 m9vo-w m9vo-x m9vo-y\"><div class=\"x-text x-content e12804-e17 m9vo-1m m9vo-1p m9vo-1q m9vo-1r m9vo-1t m9vo-1u\"><p>Temos a miss\u00e3o de revolucionar o setor da mobilidade el\u00e9trica e precisamos de pessoas apaixonadas como voc\u00ea para nos ajudar a fazer isso acontecer. Na Free2move eSolutions valorizamos e capacitamos os nossos diversos talentos, promovendo uma cultura de excel\u00eancia, inova\u00e7\u00e3o e lideran\u00e7a.<\/p><\/div><\/div><\/div><\/div><\/div><\/div><\/div><\/div><div class=\"x-section e12804-e18 m9vo-1 m9vo-2 m9vo-3 m9vo-4 m9vo-6\"><div class=\"x-div e12804-e19 m9vo-14 m9vo-15 m9vo-17 m9vo-18 m9vo-19 es_full_container\"><div class=\"x-text x-text-headline e12804-e20 m9vo-1f m9vo-1h m9vo-1i m9vo-1j\"><div class=\"x-text-content\"><div class=\"x-text-content-text\"><h3 class=\"x-text-content-text-primary\">Nossos pontos fortes<\/h3><\/div><\/div><\/div><div class=\"x-row e12804-e21 m9vo-8 m9vo-b m9vo-c m9vo-d m9vo-g m9vo-j es_card_container\"><div class=\"x-row-inner\"><div class=\"x-col e12804-e22 m9vo-q m9vo-r m9vo-v m9vo-w m9vo-x m9vo-z m9vo-10 e_home_card\"><div class=\"x-div e12804-e23 m9vo-15 m9vo-16 m9vo-17 m9vo-1a m9vo-1b m9vo-1c text-l\"><span class=\"x-image e12804-e24 m9vo-23 m9vo-25 m9vo-26\"><img decoding=\"async\" src=\"https:\/\/test.esolutions.free2move.com\/eu\/wp-content\/uploads\/2024\/04\/Icon-27.svg\" width=\"71\" height=\"71\" alt=\"Image\" loading=\"lazy\"><\/span><div class=\"x-text x-content e12804-e25 m9vo-1m m9vo-1o m9vo-1p m9vo-1q m9vo-1s m9vo-1v m9vo-1w m9vo-1x\"><p>Aprendizado cont\u00ednuo<\/p><\/div><div class=\"x-text x-content e12804-e26 m9vo-1m m9vo-1n m9vo-1o m9vo-1s m9vo-1w m9vo-1x m9vo-1y m9vo-1z\"><div class=\"col col-md-4 col-xxl mb-3 mx-0 mx-xxl-2 text-center\">Acesse nosso eLearning Hub, uma plataforma de ponta compartilhada com o Grupo Stellantis, que oferece oportunidades de aprendizagem escalon\u00e1veis e voltadas para o futuro, dispon\u00edveis 24 horas por dia, 7 dias por semana.<\/div><\/div><\/div><\/div><div class=\"x-col e12804-e27 m9vo-q m9vo-r m9vo-v m9vo-w m9vo-x m9vo-z m9vo-10 e_home_card\"><div class=\"x-div e12804-e28 m9vo-15 m9vo-16 m9vo-17 m9vo-1a m9vo-1b m9vo-1c text-l\"><span class=\"x-image e12804-e29 m9vo-23 m9vo-25 m9vo-26\"><img decoding=\"async\" src=\"https:\/\/test.esolutions.free2move.com\/eu\/wp-content\/uploads\/2024\/04\/Icon-18.svg\" width=\"71\" height=\"71\" alt=\"Image\" loading=\"lazy\"><\/span><div class=\"x-text x-content e12804-e30 m9vo-1m m9vo-1o m9vo-1p m9vo-1q m9vo-1s m9vo-1v m9vo-1w m9vo-1x\"><p>Tecnologia<\/p><\/div><div class=\"x-text x-content e12804-e31 m9vo-1m m9vo-1n m9vo-1s m9vo-1w m9vo-1x m9vo-1y m9vo-1z m9vo-20\"><div class=\"col col-md-4 col-xxl mb-3 mx-0 mx-xxl-2 text-center\">Aproveite a colabora\u00e7\u00e3o virtual e esta\u00e7\u00f5es de trabalho profissionais de alto n\u00edvel para estimular sua criatividade e produtividade.<\/div><\/div><\/div><\/div><div class=\"x-col e12804-e32 m9vo-q m9vo-r m9vo-v m9vo-w m9vo-x m9vo-z m9vo-10 e_home_card\"><div class=\"x-div e12804-e33 m9vo-15 m9vo-16 m9vo-17 m9vo-1a m9vo-1b m9vo-1c text-l\"><span class=\"x-image e12804-e34 m9vo-23 m9vo-25 m9vo-26\"><img decoding=\"async\" src=\"https:\/\/test.esolutions.free2move.com\/eu\/wp-content\/uploads\/2024\/04\/Icon-59.svg\" width=\"71\" height=\"71\" alt=\"Image\" loading=\"lazy\"><\/span><div class=\"x-text x-content e12804-e35 m9vo-1m m9vo-1o m9vo-1p m9vo-1q m9vo-1s m9vo-1v m9vo-1w m9vo-1x\"><p>Trabalho Familiar<\/p><\/div><div class=\"x-text x-content e12804-e36 m9vo-1m m9vo-1n m9vo-1o m9vo-1s m9vo-1w m9vo-1x m9vo-1y m9vo-1z\"><div class=\"col col-md-4 col-xxl mb-3 mx-0 mx-xxl-2 text-center\">Experimente uma abordagem inovadora para o equil\u00edbrio entre vida pessoal e profissional, com a fam\u00edlia no centro da nossa cultura.<\/div><\/div><\/div><\/div><div class=\"x-col e12804-e37 m9vo-q m9vo-r m9vo-v m9vo-w m9vo-x m9vo-z m9vo-10 e_home_card\"><div class=\"x-div e12804-e38 m9vo-15 m9vo-16 m9vo-17 m9vo-1a m9vo-1b m9vo-1c text-l\"><span class=\"x-image e12804-e39 m9vo-23 m9vo-25 m9vo-26\"><img decoding=\"async\" src=\"https:\/\/test.esolutions.free2move.com\/eu\/wp-content\/uploads\/2024\/03\/Icon-6.svg\" width=\"71\" height=\"71\" alt=\"Image\" loading=\"lazy\"><\/span><div class=\"x-text x-content e12804-e40 m9vo-1m m9vo-1o m9vo-1p m9vo-1q m9vo-1s m9vo-1v m9vo-1w m9vo-1x\"><p>Flexibilidade de trabalho<\/p><\/div><div class=\"x-text x-content e12804-e41 m9vo-1m m9vo-1n m9vo-1o m9vo-1s m9vo-1w m9vo-1x m9vo-1y m9vo-1z\"><div class=\"col col-md-4 col-xxl mb-3 mx-0 mx-xxl-2 text-center\">Com nosso hor\u00e1rio flex\u00edvel e trabalho \u00e1gil, voc\u00ea pode gerenciar seu hor\u00e1rio de trabalho equilibrando suas necessidades com as da empresa.<\/div><\/div><\/div><\/div><div class=\"x-col e12804-e42 m9vo-q m9vo-r m9vo-v m9vo-w m9vo-x m9vo-z m9vo-10 e_home_card\"><div class=\"x-div e12804-e43 m9vo-15 m9vo-16 m9vo-17 m9vo-1a m9vo-1b m9vo-1c text-l\"><span class=\"x-image e12804-e44 m9vo-23 m9vo-25 m9vo-26\"><img decoding=\"async\" src=\"https:\/\/test.esolutions.free2move.com\/eu\/wp-content\/uploads\/2024\/04\/Icon-10.svg\" width=\"71\" height=\"71\" alt=\"Image\" loading=\"lazy\"><\/span><div class=\"x-text x-content e12804-e45 m9vo-1m m9vo-1o m9vo-1p m9vo-1q m9vo-1s m9vo-1v m9vo-1w m9vo-1x\">Bem-estar<\/div><div class=\"x-text x-content e12804-e46 m9vo-1m m9vo-1n m9vo-1o m9vo-1s m9vo-1w m9vo-1x m9vo-1y m9vo-1z\"><div class=\"container fondo-verde\">\n<div class=\"internal_white_box\">\n<div class=\"row row_product mt-0\">\n<div class=\"col-md-12 pb-0\">\n<div class=\"strength_blocks\">\n<div class=\"row d-flex justify-content-center\">\n<div class=\"col col-md-4 col-xxl mb-3 mx-0 mx-xxl-2 text-center\">Utilize nosso aplicativo de bem-estar para medir e melhorar seus n\u00edveis de engajamento, motiva\u00e7\u00e3o e estresse.<\/div>\n<\/div>\n<\/div>\n<\/div>\n<\/div>\n<\/div>\n<\/div><\/div><\/div><\/div><div class=\"x-col e12804-e47 m9vo-q m9vo-r m9vo-v m9vo-w m9vo-x m9vo-z m9vo-10 e_home_card\"><div class=\"x-div e12804-e48 m9vo-15 m9vo-16 m9vo-17 m9vo-1a m9vo-1b m9vo-1c text-l\"><span class=\"x-image e12804-e49 m9vo-23 m9vo-25 m9vo-26\"><img decoding=\"async\" src=\"https:\/\/test.esolutions.free2move.com\/eu\/wp-content\/uploads\/2024\/03\/Icon-23.svg\" width=\"71\" height=\"71\" alt=\"Image\" loading=\"lazy\"><\/span><div class=\"x-text x-content e12804-e50 m9vo-1m m9vo-1o m9vo-1p m9vo-1q m9vo-1s m9vo-1v m9vo-1w m9vo-1x\"><p>Plano de Bem-Estar<\/p><\/div><div class=\"x-text x-content e12804-e51 m9vo-1m m9vo-1n m9vo-1o m9vo-1s m9vo-1w m9vo-1x m9vo-1y m9vo-1z\"><div class=\"container fondo-verde\">\n<div class=\"internal_white_box\">\n<div class=\"row row_product mt-0\">\n<div class=\"col-md-12 pb-0\">\n<div class=\"strength_blocks\">\n<div class=\"row d-flex justify-content-center\">\n<div class=\"col col-md-4 col-xxl mb-3 mx-0 mx-xxl-2 text-center\">Aproveite um conjunto abrangente de iniciativas e benef\u00edcios concebidos para melhorar a sua qualidade de vida e bem-estar, para si e para a sua fam\u00edlia.<\/div>\n<\/div>\n<\/div>\n<\/div>\n<\/div>\n<\/div>\n<\/div><\/div><\/div><\/div><\/div><\/div><\/div><\/div><div class=\"x-section e12804-e52 m9vo-1 m9vo-2 m9vo-4\"><div class=\"x-row x-container max width e12804-e53 m9vo-8 m9vo-9 m9vo-b m9vo-e m9vo-g m9vo-k\"><div class=\"x-row-inner\"><div class=\"x-col e12804-e54 m9vo-q m9vo-r m9vo-s m9vo-t m9vo-u m9vo-w m9vo-x m9vo-y es_gap\"><div class=\"x-row e12804-e55 m9vo-8 m9vo-9 m9vo-b m9vo-g m9vo-l\"><div class=\"x-row-inner\"><div class=\"x-col e12804-e56 m9vo-w m9vo-x m9vo-y\"><div class=\"x-text x-content e12804-e57 m9vo-1m m9vo-1p m9vo-1t m9vo-1u m9vo-1x text-l\"><p>Juntando-se \u00e0 nossa equipe? N\u00f3s ajudamos voc\u00ea com nosso programa de integra\u00e7\u00e3o eficaz, garantindo uma transi\u00e7\u00e3o tranquila e integra\u00e7\u00e3o \u00e0 cultura de nossa empresa. Durante seus primeiros 6 meses na Free2move eSolutions voc\u00ea realizar\u00e1 uma s\u00e9rie de atividades para melhor apoi\u00e1-lo na aquisi\u00e7\u00e3o da cultura eSolutions. <br>Voc\u00ea ser\u00e1 rapidamente integrado em todos os ambientes e conhecer\u00e1 cada parte do eSolutions para que possa sentir desde o in\u00edcio que pertence a este lugar. Parte das atividades \u00e9 apoi\u00e1-lo no conhecimento de nossos processos, conhecimento profundo de nossos produtos tanto hardware quanto digital e compartilhar os valores de nossa empresa.<\/p><\/div><\/div><\/div><\/div><\/div><\/div><\/div><\/div><div class=\"x-section e12804-e58 m9vo-1 m9vo-4 m9vo-7\"><div class=\"x-row x-container max width e12804-e59 m9vo-8 m9vo-9 m9vo-b m9vo-e m9vo-g m9vo-m\"><div class=\"x-row-inner\"><div class=\"x-col e12804-e60 m9vo-q m9vo-s m9vo-u m9vo-w m9vo-x m9vo-y m9vo-11 m9vo-12\"><span class=\"x-image e12804-e61 m9vo-23 m9vo-26 m9vo-27\"><img decoding=\"async\" src=\"https:\/\/test.esolutions.free2move.com\/eu\/wp-content\/uploads\/2024\/03\/Icon-13-2.png\" width=\"142\" height=\"142\" alt=\"Image\" loading=\"lazy\"><\/span><\/div><div class=\"x-col e12804-e62 m9vo-q m9vo-r m9vo-s m9vo-t m9vo-u m9vo-w m9vo-x m9vo-y es_gap\"><div class=\"x-row e12804-e63 m9vo-8 m9vo-9 m9vo-b m9vo-c m9vo-g m9vo-n\"><div class=\"x-row-inner\"><div class=\"x-col e12804-e64 m9vo-q m9vo-t m9vo-u m9vo-w m9vo-y m9vo-10 m9vo-11 m9vo-13 es_gap\"><div class=\"x-text x-text-headline e12804-e65 m9vo-1f m9vo-1g m9vo-1j m9vo-1k\"><div class=\"x-text-content\"><div class=\"x-text-content-text\"><h4 class=\"x-text-content-text-primary\"><strong>Pronto para fazer parte de algo maior? Estamos sempre em busca de talentos!<\/strong><\/h4><\/div><\/div><\/div><div class=\"x-text x-content e12804-e66 m9vo-1m m9vo-1o m9vo-1p m9vo-1q m9vo-1r m9vo-1s m9vo-1t m9vo-21\"><div class=\"ewa-rteLine\">Explore nossas vagas abertas e junte-se \u00e0 nossa comunidade de talentos. Na Free2move eSolutions, celebramos a diversidade e a inclus\u00e3o. Acreditamos que cada voz \u00e9 importante e procuramos ativamente indiv\u00edduos de todas as origens para se juntarem \u00e0 nossa equipa. Independentemente da sua cultura, g\u00eanero, habilidades ou identidade, voc\u00ea encontrar\u00e1 aqui oportunidades iguais e uma comunidade acolhedora.<\/div><\/div><div class=\"x-div e12804-e67 m9vo-14 m9vo-15 m9vo-16 m9vo-17 m9vo-18 m9vo-1a m9vo-1b\"><a class=\"x-div e12804-e68 m9vo-14 m9vo-15 m9vo-16 m9vo-1a m9vo-1d es_button_hover\" href=\"https:\/\/www.linkedin.com\/jobs\/search?keywords=Esolutions&amp;location=Italy&amp;locationId=&amp;geoId=103350119&amp;f_TPR=&amp;f_C=77398905&amp;position=1&amp;pageNum=0\" target=\"_blank\"><div class=\"x-text x-content e12804-e69 m9vo-1m m9vo-1o m9vo-1t m9vo-1x m9vo-1z m9vo-22\"><p>Saiba mais<\/p><\/div><\/a><\/div><\/div><\/div><\/div><\/div><\/div><\/div><\/div><div class=\"x-section e12804-e70 m9vo-1 m9vo-4 m9vo-7\"><div class=\"x-row x-container max width e12804-e71 m9vo-8 m9vo-9 m9vo-b m9vo-e m9vo-g m9vo-o\"><div class=\"x-row-inner\"><div class=\"x-col e12804-e72 m9vo-q m9vo-s m9vo-u m9vo-w m9vo-x m9vo-y m9vo-11 m9vo-12\"><span class=\"x-image e12804-e73 m9vo-23 m9vo-26 m9vo-27\"><img decoding=\"async\" src=\"https:\/\/test.esolutions.free2move.com\/eu\/wp-content\/uploads\/2024\/03\/Icon-14-1.png\" width=\"142\" height=\"142\" alt=\"Image\" loading=\"lazy\"><\/span><\/div><div class=\"x-col e12804-e74 m9vo-q m9vo-r m9vo-s m9vo-t m9vo-u m9vo-w m9vo-x m9vo-y es_gap\"><div class=\"x-row e12804-e75 m9vo-8 m9vo-9 m9vo-b m9vo-c m9vo-g m9vo-p\"><div class=\"x-row-inner\"><div class=\"x-col e12804-e76 m9vo-q m9vo-t m9vo-u m9vo-w m9vo-y m9vo-10 m9vo-11 m9vo-13 es_gap\"><div class=\"x-text x-text-headline e12804-e77 m9vo-1f m9vo-1g m9vo-1j m9vo-1k\"><div class=\"x-text-content\"><div class=\"x-text-content-text\"><h4 class=\"x-text-content-text-primary\"><strong>Aplica\u00e7\u00e3o espont\u00e2nea<\/strong><\/h4><\/div><\/div><\/div><div class=\"x-text x-content e12804-e78 m9vo-1m m9vo-1o m9vo-1p m9vo-1q m9vo-1r m9vo-1s m9vo-1t m9vo-21\"><div class=\"ewa-rteLine\">Mesmo que n\u00e3o haja uma fun\u00e7\u00e3o espec\u00edfica para voc\u00ea no momento, aceitamos inscri\u00e7\u00f5es espont\u00e2neas de jovens graduados e profissionais experientes. Sua jornada para um futuro melhor come\u00e7a aqui na Free2move eSolutions!<\/div><\/div><div class=\"x-div e12804-e79 m9vo-14 m9vo-15 m9vo-16 m9vo-17 m9vo-18 m9vo-1a m9vo-1b\"><a class=\"x-div e12804-e80 m9vo-14 m9vo-15 m9vo-16 m9vo-1a m9vo-1d es_button_hover\" href=\".\/general-application\" target=\"_blank\"><div class=\"x-text x-content e12804-e81 m9vo-1m m9vo-1o m9vo-1t m9vo-1x m9vo-1z m9vo-22\"><p>Aplicar<\/p><\/div><\/a><\/div><\/div><\/div><\/div><\/div><\/div><\/div><\/div><\/div>\n","protected":false},"excerpt":{"rendered":"<p>HomeTrabalhe ConoscoJunte-se ao movimento pela mudan\u00e7a na Free2move eSolutions!Temos a miss\u00e3o de revolucionar o setor da mobilidade el\u00e9trica e precisamos de pessoas apaixonadas como voc\u00ea para nos ajudar a fazer isso acontecer. Na Free2move eSolutions valorizamos e capacitamos os nossos diversos talentos, promovendo uma cultura de excel\u00eancia, inova\u00e7\u00e3o e lideran\u00e7a.Nossos pontos fortesAprendizado cont\u00ednuoAcesse nosso eLearning Hub, uma plataforma de ponta &#8230; <\/p>\n<div><a href=\"https:\/\/test.esolutions.free2move.com\/eu\/pt_pt\/trabalhe-conosco\/\" class=\"more-link\">Read More<\/a><\/div>\n","protected":false},"author":1,"featured_media":0,"parent":0,"menu_order":0,"comment_status":"closed","ping_status":"closed","template":"template-blank-4.php","meta":{"_acf_changed":false,"inline_featured_image":false,"footnotes":""},"class_list":["post-50385","page","type-page","status-publish","hentry","no-post-thumbnail"],"acf":[],"yoast_head":"<!-- This site is optimized with the Yoast SEO plugin v24.4 - https:\/\/yoast.com\/wordpress\/plugins\/seo\/ -->\n<title>Trabalhe Conosco - eSolution europe<\/title>\n<meta name=\"robots\" content=\"index, follow, max-snippet:-1, max-image-preview:large, max-video-preview:-1\" \/>\n<link rel=\"canonical\" href=\"https:\/\/test.esolutions.free2move.com\/eu\/pt_pt\/trabalhe-conosco\/\" \/>\n<meta property=\"og:locale\" content=\"pt_PT\" \/>\n<meta property=\"og:type\" content=\"article\" \/>\n<meta property=\"og:title\" content=\"Trabalhe Conosco - eSolution europe\" \/>\n<meta property=\"og:description\" content=\"HomeTrabalhe ConoscoJunte-se ao movimento pela mudan\u00e7a na Free2move eSolutions!Temos a miss\u00e3o de revolucionar o setor da mobilidade el\u00e9trica e precisamos de pessoas apaixonadas como voc\u00ea para nos ajudar a fazer isso acontecer. Na Free2move eSolutions valorizamos e capacitamos os nossos diversos talentos, promovendo uma cultura de excel\u00eancia, inova\u00e7\u00e3o e lideran\u00e7a.Nossos pontos fortesAprendizado cont\u00ednuoAcesse nosso eLearning Hub, uma plataforma de ponta ... Read More\" \/>\n<meta property=\"og:url\" content=\"https:\/\/test.esolutions.free2move.com\/eu\/pt_pt\/trabalhe-conosco\/\" \/>\n<meta property=\"og:site_name\" content=\"eSolution europe\" \/>\n<meta name=\"twitter:card\" content=\"summary_large_image\" \/>\n<meta name=\"twitter:label1\" content=\"Est. reading time\" \/>\n\t<meta name=\"twitter:data1\" content=\"6 minutes\" \/>\n<script type=\"application\/ld+json\" class=\"yoast-schema-graph\">{\"@context\":\"https:\/\/schema.org\",\"@graph\":[{\"@type\":\"WebPage\",\"@id\":\"https:\/\/test.esolutions.free2move.com\/eu\/pt_pt\/trabalhe-conosco\/\",\"url\":\"https:\/\/test.esolutions.free2move.com\/eu\/pt_pt\/trabalhe-conosco\/\",\"name\":\"Trabalhe Conosco - eSolution europe\",\"isPartOf\":{\"@id\":\"https:\/\/test.esolutions.free2move.com\/eu\/en_it\/#website\"},\"datePublished\":\"2024-03-18T13:45:26+00:00\",\"breadcrumb\":{\"@id\":\"https:\/\/test.esolutions.free2move.com\/eu\/pt_pt\/trabalhe-conosco\/#breadcrumb\"},\"inLanguage\":\"pt-pt\",\"potentialAction\":[{\"@type\":\"ReadAction\",\"target\":[\"https:\/\/test.esolutions.free2move.com\/eu\/pt_pt\/trabalhe-conosco\/\"]}]},{\"@type\":\"BreadcrumbList\",\"@id\":\"https:\/\/test.esolutions.free2move.com\/eu\/pt_pt\/trabalhe-conosco\/#breadcrumb\",\"itemListElement\":[{\"@type\":\"ListItem\",\"position\":1,\"name\":\"Home\",\"item\":\"https:\/\/test.esolutions.free2move.com\/eu\/pt_pt\/\"},{\"@type\":\"ListItem\",\"position\":2,\"name\":\"Trabalhe Conosco\"}]},{\"@type\":\"WebSite\",\"@id\":\"https:\/\/test.esolutions.free2move.com\/eu\/en_it\/#website\",\"url\":\"https:\/\/test.esolutions.free2move.com\/eu\/en_it\/\",\"name\":\"eSolutions europe\",\"description\":\"\",\"publisher\":{\"@id\":\"https:\/\/test.esolutions.free2move.com\/eu\/en_it\/#organization\"},\"potentialAction\":[{\"@type\":\"SearchAction\",\"target\":{\"@type\":\"EntryPoint\",\"urlTemplate\":\"https:\/\/test.esolutions.free2move.com\/eu\/en_it\/?s={search_term_string}\"},\"query-input\":{\"@type\":\"PropertyValueSpecification\",\"valueRequired\":true,\"valueName\":\"search_term_string\"}}],\"inLanguage\":\"pt-pt\"},{\"@type\":\"Organization\",\"@id\":\"https:\/\/test.esolutions.free2move.com\/eu\/en_it\/#organization\",\"name\":\"eSolutions europe\",\"url\":\"https:\/\/test.esolutions.free2move.com\/eu\/en_it\/\",\"logo\":{\"@type\":\"ImageObject\",\"inLanguage\":\"pt-pt\",\"@id\":\"https:\/\/test.esolutions.free2move.com\/eu\/en_it\/#\/schema\/logo\/image\/\",\"url\":\"https:\/\/www.esolutions.free2move.com\/eu\/wp-content\/uploads\/2024\/03\/logo-f2m-horizontal-1-1-1.png\",\"contentUrl\":\"https:\/\/www.esolutions.free2move.com\/eu\/wp-content\/uploads\/2024\/03\/logo-f2m-horizontal-1-1-1.png\",\"width\":865,\"height\":218,\"caption\":\"eSolutions europe\"},\"image\":{\"@id\":\"https:\/\/test.esolutions.free2move.com\/eu\/en_it\/#\/schema\/logo\/image\/\"}}]}<\/script>\n<!-- \/ Yoast SEO plugin. -->","yoast_head_json":{"title":"Trabalhe Conosco - eSolution europe","robots":{"index":"index","follow":"follow","max-snippet":"max-snippet:-1","max-image-preview":"max-image-preview:large","max-video-preview":"max-video-preview:-1"},"canonical":"https:\/\/test.esolutions.free2move.com\/eu\/pt_pt\/trabalhe-conosco\/","og_locale":"pt_PT","og_type":"article","og_title":"Trabalhe Conosco - eSolution europe","og_description":"HomeTrabalhe ConoscoJunte-se ao movimento pela mudan\u00e7a na Free2move eSolutions!Temos a miss\u00e3o de revolucionar o setor da mobilidade el\u00e9trica e precisamos de pessoas apaixonadas como voc\u00ea para nos ajudar a fazer isso acontecer. Na Free2move eSolutions valorizamos e capacitamos os nossos diversos talentos, promovendo uma cultura de excel\u00eancia, inova\u00e7\u00e3o e lideran\u00e7a.Nossos pontos fortesAprendizado cont\u00ednuoAcesse nosso eLearning Hub, uma plataforma de ponta ... Read More","og_url":"https:\/\/test.esolutions.free2move.com\/eu\/pt_pt\/trabalhe-conosco\/","og_site_name":"eSolution europe","twitter_card":"summary_large_image","twitter_misc":{"Est. reading time":"6 minutes"},"schema":{"@context":"https:\/\/schema.org","@graph":[{"@type":"WebPage","@id":"https:\/\/test.esolutions.free2move.com\/eu\/pt_pt\/trabalhe-conosco\/","url":"https:\/\/test.esolutions.free2move.com\/eu\/pt_pt\/trabalhe-conosco\/","name":"Trabalhe Conosco - eSolution europe","isPartOf":{"@id":"https:\/\/test.esolutions.free2move.com\/eu\/en_it\/#website"},"datePublished":"2024-03-18T13:45:26+00:00","breadcrumb":{"@id":"https:\/\/test.esolutions.free2move.com\/eu\/pt_pt\/trabalhe-conosco\/#breadcrumb"},"inLanguage":"pt-pt","potentialAction":[{"@type":"ReadAction","target":["https:\/\/test.esolutions.free2move.com\/eu\/pt_pt\/trabalhe-conosco\/"]}]},{"@type":"BreadcrumbList","@id":"https:\/\/test.esolutions.free2move.com\/eu\/pt_pt\/trabalhe-conosco\/#breadcrumb","itemListElement":[{"@type":"ListItem","position":1,"name":"Home","item":"https:\/\/test.esolutions.free2move.com\/eu\/pt_pt\/"},{"@type":"ListItem","position":2,"name":"Trabalhe Conosco"}]},{"@type":"WebSite","@id":"https:\/\/test.esolutions.free2move.com\/eu\/en_it\/#website","url":"https:\/\/test.esolutions.free2move.com\/eu\/en_it\/","name":"eSolutions europe","description":"","publisher":{"@id":"https:\/\/test.esolutions.free2move.com\/eu\/en_it\/#organization"},"potentialAction":[{"@type":"SearchAction","target":{"@type":"EntryPoint","urlTemplate":"https:\/\/test.esolutions.free2move.com\/eu\/en_it\/?s={search_term_string}"},"query-input":{"@type":"PropertyValueSpecification","valueRequired":true,"valueName":"search_term_string"}}],"inLanguage":"pt-pt"},{"@type":"Organization","@id":"https:\/\/test.esolutions.free2move.com\/eu\/en_it\/#organization","name":"eSolutions europe","url":"https:\/\/test.esolutions.free2move.com\/eu\/en_it\/","logo":{"@type":"ImageObject","inLanguage":"pt-pt","@id":"https:\/\/test.esolutions.free2move.com\/eu\/en_it\/#\/schema\/logo\/image\/","url":"https:\/\/www.esolutions.free2move.com\/eu\/wp-content\/uploads\/2024\/03\/logo-f2m-horizontal-1-1-1.png","contentUrl":"https:\/\/www.esolutions.free2move.com\/eu\/wp-content\/uploads\/2024\/03\/logo-f2m-horizontal-1-1-1.png","width":865,"height":218,"caption":"eSolutions europe"},"image":{"@id":"https:\/\/test.esolutions.free2move.com\/eu\/en_it\/#\/schema\/logo\/image\/"}}]}},"_links":{"self":[{"href":"https:\/\/test.esolutions.free2move.com\/eu\/pt_pt\/wp-json\/wp\/v2\/pages\/50385","targetHints":{"allow":["GET"]}}],"collection":[{"href":"https:\/\/test.esolutions.free2move.com\/eu\/pt_pt\/wp-json\/wp\/v2\/pages"}],"about":[{"href":"https:\/\/test.esolutions.free2move.com\/eu\/pt_pt\/wp-json\/wp\/v2\/types\/page"}],"author":[{"embeddable":true,"href":"https:\/\/test.esolutions.free2move.com\/eu\/pt_pt\/wp-json\/wp\/v2\/users\/1"}],"replies":[{"embeddable":true,"href":"https:\/\/test.esolutions.free2move.com\/eu\/pt_pt\/wp-json\/wp\/v2\/comments?post=50385"}],"version-history":[{"count":0,"href":"https:\/\/test.esolutions.free2move.com\/eu\/pt_pt\/wp-json\/wp\/v2\/pages\/50385\/revisions"}],"wp:attachment":[{"href":"https:\/\/test.esolutions.free2move.com\/eu\/pt_pt\/wp-json\/wp\/v2\/media?parent=50385"}],"curies":[{"name":"wp","href":"https:\/\/api.w.org\/{rel}","templated":true}]}}