{"id":50386,"date":"2024-03-18T13:33:25","date_gmt":"2024-03-18T13:33:25","guid":{"rendered":"https:\/\/test.esolutions.free2move.com\/eu\/governacao-e-etica\/"},"modified":"2024-03-18T13:33:25","modified_gmt":"2024-03-18T13:33:25","slug":"governacao-e-etica","status":"publish","type":"page","link":"https:\/\/test.esolutions.free2move.com\/eu\/pt_pt\/governacao-e-etica\/","title":{"rendered":"Governa\u00e7\u00e3o e \u00e9tica"},"content":{"rendered":"<div id=\"cs-content\" class=\"cs-content\"><nav class=\"x-crumbs e12569-e1 m9p5-0\" role=\"navigation\"><ol class=\"x-crumbs-list\" itemscope=\"\" itemtype=\"http:\/\/schema.org\/BreadcrumbList\" aria-label=\"Breadcrumb Navigation\"><li class=\"x-crumbs-list-item\" itemprop=\"itemListElement\" itemscope itemtype=\"http:\/\/schema.org\/ListItem\"><a class=\"x-crumbs-current x-crumbs-link\" itemtype=\"http:\/\/schema.org\/Thing\" itemprop=\"item\" href=\"https:\/\/test.esolutions.free2move.com\/eu\/pt_pt\/\" title=\"You Are Here\"><span itemprop=\"name\">Home<\/span><\/a><meta itemprop=\"position\" content=\"1\"><\/li><\/ol><\/nav><div class=\"x-section e12569-e2 m9p5-1 m9p5-2 m9p5-3\"><div class=\"x-row x-container max width e12569-e3 m9p5-6 m9p5-7 m9p5-8 m9p5-9 m9p5-e\"><div class=\"x-row-inner\"><div class=\"x-col e12569-e4 m9p5-y m9p5-z m9p5-10 es_gap\"><div class=\"x-div e12569-e5 m9p5-12 m9p5-13\"><div class=\"x-text x-text-headline e12569-e6 m9p5-19 m9p5-1a m9p5-1b m9p5-1c m9p5-1d\"><div class=\"x-text-content\"><div class=\"x-text-content-text\"><h2 class=\"x-text-content-text-primary\">Governa\u00e7\u00e3o e \u00e9tica<\/h2><\/div><\/div><\/div><div class=\"x-text x-content e12569-e7 m9p5-1i m9p5-1j m9p5-1k m9p5-1l m9p5-1m m9p5-1n m9p5-1o\"><p>Saiba mais sobre o nosso&nbsp;<strong>Conselho de Administra\u00e7\u00e3o<\/strong>&nbsp;altamente empenhado em supervisionar a nossa estrat\u00e9gia empresarial e os nossos elevados padr\u00f5es \u00e9ticos baseados na integridade como mandato orientador de todas as nossas escolhas.<\/p><\/div><\/div><\/div><div class=\"x-col e12569-e8 m9p5-z m9p5-10\"><span class=\"x-image e12569-e9 m9p5-1y m9p5-1z\"><img decoding=\"async\" src=\"https:\/\/test.esolutions.free2move.com\/eu\/wp-content\/uploads\/2024\/03\/iStock-1010836150.jpg\" width=\"1382\" height=\"936\" alt=\"Image\" loading=\"lazy\"><\/span><\/div><\/div><\/div><\/div><div class=\"x-section e12569-e10 m9p5-1 m9p5-2 m9p5-4\"><div class=\"x-text x-text-headline e12569-e11 m9p5-1a m9p5-1b m9p5-1d m9p5-1e m9p5-1f\"><div class=\"x-text-content\"><div class=\"x-text-content-text\"><h3 class=\"x-text-content-text-primary\">Conselho de Administra\u00e7\u00e3o<\/h3><\/div><\/div><\/div><div class=\"x-row x-container max width e12569-e12 m9p5-6 m9p5-7 m9p5-a m9p5-b m9p5-c m9p5-f m9p5-g\"><div class=\"x-row-inner\"><div class=\"x-col e12569-e13 m9p5-10 m9p5-11\"><div class=\"x-row e12569-e14 m9p5-6 m9p5-7 m9p5-8 m9p5-b m9p5-c m9p5-f m9p5-h\"><div class=\"x-row-inner\"><div class=\"x-col e12569-e15 m9p5-10 m9p5-11\"><span class=\"x-image e12569-e16 m9p5-1y m9p5-20\"><img decoding=\"async\" src=\"https:\/\/test.esolutions.free2move.com\/eu\/wp-content\/uploads\/2024\/03\/GovernanceEthics_Carlalberto-Guglielminotti-copia.jpg\" width=\"146\" height=\"134\" alt=\"Image\" loading=\"lazy\"><\/span><\/div><\/div><\/div><div class=\"x-row e12569-e17 m9p5-6 m9p5-8 m9p5-c m9p5-d m9p5-f m9p5-i\"><div class=\"x-row-inner\"><div class=\"x-col e12569-e18 m9p5-10 m9p5-11\"><div class=\"x-text x-content e12569-e19 m9p5-1j m9p5-1k m9p5-1m m9p5-1o m9p5-1p m9p5-1q\"><h5>Carlalberto Guglielminotti<\/h5><\/div><div class=\"x-text x-content e12569-e20 m9p5-1j m9p5-1k m9p5-1l m9p5-1m m9p5-1q m9p5-1r m9p5-1s\"><h6>Presidente Executivo<\/h6><\/div><div class=\"x-div e12569-e21 m9p5-12 m9p5-13\"><a class=\"x-div e12569-e22 m9p5-12 m9p5-14 m9p5-15 m9p5-16 es_button_hover\" href=\".\/carlalberto-guglielminotti\/\"><div class=\"x-text x-content e12569-e23 m9p5-1j m9p5-1k m9p5-1p m9p5-1q m9p5-1s m9p5-1t m9p5-1u\"><strong>Saiba mais<\/strong><\/div><\/a><\/div><\/div><\/div><\/div><\/div><div class=\"x-col e12569-e24 m9p5-10 m9p5-11\"><div class=\"x-row e12569-e25 m9p5-6 m9p5-7 m9p5-8 m9p5-b m9p5-c m9p5-f m9p5-j\"><div class=\"x-row-inner\"><div class=\"x-col e12569-e26 m9p5-10 m9p5-11\"><span class=\"x-image e12569-e27 m9p5-1y m9p5-20\"><img decoding=\"async\" src=\"https:\/\/test.esolutions.free2move.com\/eu\/wp-content\/uploads\/2024\/03\/MATHILDE_LHEUREUX.jpg\" width=\"146\" height=\"134\" alt=\"Image\" loading=\"lazy\"><\/span><\/div><\/div><\/div><div class=\"x-row e12569-e28 m9p5-6 m9p5-8 m9p5-c m9p5-d m9p5-f m9p5-k\"><div class=\"x-row-inner\"><div class=\"x-col e12569-e29 m9p5-10 m9p5-11\"><div class=\"x-text x-content e12569-e30 m9p5-1j m9p5-1k m9p5-1m m9p5-1o m9p5-1p m9p5-1q\"><h5>Mathilde Lheureux<\/h5><\/div><div class=\"x-text x-content e12569-e31 m9p5-1j m9p5-1k m9p5-1l m9p5-1m m9p5-1q m9p5-1r m9p5-1s\"><h6>Diretor Executivo<\/h6><\/div><div class=\"x-div e12569-e32 m9p5-12 m9p5-13\"><a class=\"x-div e12569-e33 m9p5-12 m9p5-14 m9p5-15 m9p5-16 es_button_hover\" href=\".\/mathilde-lheureux\/\"><div class=\"x-text x-content e12569-e34 m9p5-1j m9p5-1k m9p5-1p m9p5-1q m9p5-1s m9p5-1u m9p5-1v\"><strong>Saiba mais<\/strong><\/div><\/a><\/div><\/div><\/div><\/div><\/div><div class=\"x-col e12569-e35 m9p5-10 m9p5-11\"><div class=\"x-row e12569-e36 m9p5-6 m9p5-7 m9p5-8 m9p5-b m9p5-c m9p5-f m9p5-l\"><div class=\"x-row-inner\"><div class=\"x-col e12569-e37 m9p5-10 m9p5-11\"><span class=\"x-image e12569-e38 m9p5-1y m9p5-20\"><img decoding=\"async\" src=\"https:\/\/test.esolutions.free2move.com\/eu\/wp-content\/uploads\/2024\/03\/GovernanceEthics_Brigitte-Courtehou-copia-1.jpg\" width=\"146\" height=\"134\" alt=\"Image\" loading=\"lazy\"><\/span><\/div><\/div><\/div><div class=\"x-row e12569-e39 m9p5-6 m9p5-8 m9p5-c m9p5-d m9p5-f m9p5-m\"><div class=\"x-row-inner\"><div class=\"x-col e12569-e40 m9p5-10 m9p5-11\"><div class=\"x-text x-content e12569-e41 m9p5-1j m9p5-1k m9p5-1m m9p5-1o m9p5-1p m9p5-1q\"><h5>Brigitte Courtehoux<\/h5><\/div><div class=\"x-text x-content e12569-e42 m9p5-1j m9p5-1k m9p5-1l m9p5-1m m9p5-1q m9p5-1r m9p5-1s\"><h6>Diretor<\/h6><\/div><div class=\"x-div e12569-e43 m9p5-12 m9p5-13\"><a class=\"x-div e12569-e44 m9p5-12 m9p5-14 m9p5-15 m9p5-17 es_button_hover\" href=\".\/brigitte-courtehoux\/\"><div class=\"x-text x-content e12569-e45 m9p5-1j m9p5-1k m9p5-1p m9p5-1q m9p5-1s m9p5-1t m9p5-1u\"><p><strong>Saiba mais<\/strong><\/p><\/div><\/a><\/div><\/div><\/div><\/div><\/div><div class=\"x-col e12569-e46 m9p5-10 m9p5-11\"><div class=\"x-row e12569-e47 m9p5-6 m9p5-7 m9p5-8 m9p5-b m9p5-c m9p5-f m9p5-n\"><div class=\"x-row-inner\"><div class=\"x-col e12569-e48 m9p5-10 m9p5-11\"><span class=\"x-image e12569-e49 m9p5-1y m9p5-20 m9p5-21\"><img decoding=\"async\" src=\"https:\/\/test.esolutions.free2move.com\/eu\/wp-content\/uploads\/2024\/03\/GovernanceEthics_Davide-Mele-copia.jpg\" width=\"146\" height=\"134\" alt=\"Image\" loading=\"lazy\"><\/span><\/div><\/div><\/div><div class=\"x-row e12569-e50 m9p5-6 m9p5-8 m9p5-c m9p5-d m9p5-f m9p5-o\"><div class=\"x-row-inner\"><div class=\"x-col e12569-e51 m9p5-10 m9p5-11\"><div class=\"x-text x-content e12569-e52 m9p5-1j m9p5-1k m9p5-1m m9p5-1o m9p5-1p m9p5-1q\"><h5>Davide Mele<\/h5><\/div><div class=\"x-text x-content e12569-e53 m9p5-1j m9p5-1k m9p5-1l m9p5-1m m9p5-1q m9p5-1r m9p5-1s\"><h6>Diretor<\/h6><\/div><div class=\"x-div e12569-e54 m9p5-12 m9p5-13\"><a class=\"x-div e12569-e55 m9p5-12 m9p5-14 m9p5-15 m9p5-16 es_button_hover\" href=\".\/davide-mele\/\"><div class=\"x-text x-content e12569-e56 m9p5-1j m9p5-1k m9p5-1p m9p5-1q m9p5-1s m9p5-1t m9p5-1u\"><strong>Saiba mais<\/strong><\/div><\/a><\/div><\/div><\/div><\/div><\/div><div class=\"x-col e12569-e57 m9p5-10 m9p5-11\"><div class=\"x-row e12569-e58 m9p5-6 m9p5-7 m9p5-8 m9p5-b m9p5-c m9p5-f m9p5-p\"><div class=\"x-row-inner\"><div class=\"x-col e12569-e59 m9p5-10 m9p5-11\"><span class=\"x-image e12569-e60 m9p5-1y m9p5-20\"><img decoding=\"async\" src=\"https:\/\/test.esolutions.free2move.com\/eu\/wp-content\/uploads\/2024\/03\/GovernanceEthics_Luigi-Michi-copia.jpg\" width=\"146\" height=\"134\" alt=\"Image\" loading=\"lazy\"><\/span><\/div><\/div><\/div><div class=\"x-row e12569-e61 m9p5-6 m9p5-8 m9p5-c m9p5-d m9p5-f m9p5-q\"><div class=\"x-row-inner\"><div class=\"x-col e12569-e62 m9p5-10 m9p5-11\"><div class=\"x-text x-content e12569-e63 m9p5-1j m9p5-1k m9p5-1m m9p5-1o m9p5-1p m9p5-1q\"><h5>Luigi Michi<\/h5><\/div><div class=\"x-text x-content e12569-e64 m9p5-1j m9p5-1k m9p5-1l m9p5-1m m9p5-1q m9p5-1r m9p5-1s\"><h6>Diretor<\/h6><\/div><div class=\"x-div e12569-e65 m9p5-12 m9p5-13\"><a class=\"x-div e12569-e66 m9p5-12 m9p5-14 m9p5-15 m9p5-17 es_button_hover\" href=\".\/luigi-michi\/\"><div class=\"x-text x-content e12569-e67 m9p5-1j m9p5-1k m9p5-1p m9p5-1q m9p5-1u m9p5-1v m9p5-1w\"><strong>Saiba mais<\/strong><\/div><\/a><\/div><\/div><\/div><\/div><\/div><div class=\"x-col e12569-e68 m9p5-10 m9p5-11\"><div class=\"x-row e12569-e69 m9p5-6 m9p5-7 m9p5-8 m9p5-b m9p5-c m9p5-f m9p5-r\"><div class=\"x-row-inner\"><div class=\"x-col e12569-e70 m9p5-10 m9p5-11\"><span class=\"x-image e12569-e71 m9p5-1y m9p5-20\"><img decoding=\"async\" src=\"https:\/\/test.esolutions.free2move.com\/eu\/wp-content\/uploads\/2024\/03\/GovernanceEthics_Giovanni-Ravina-copia.jpg\" width=\"146\" height=\"134\" alt=\"Image\" loading=\"lazy\"><\/span><\/div><\/div><\/div><div class=\"x-row e12569-e72 m9p5-6 m9p5-8 m9p5-c m9p5-d m9p5-f m9p5-s\"><div class=\"x-row-inner\"><div class=\"x-col e12569-e73 m9p5-10 m9p5-11\"><div class=\"x-text x-content e12569-e74 m9p5-1j m9p5-1k m9p5-1m m9p5-1o m9p5-1p m9p5-1q\"><h5>Giovanni Ravina<\/h5><\/div><div class=\"x-text x-content e12569-e75 m9p5-1j m9p5-1k m9p5-1l m9p5-1m m9p5-1q m9p5-1r m9p5-1s\"><h6>Diretor Executivo<\/h6><\/div><div class=\"x-div e12569-e76 m9p5-12 m9p5-13\"><a class=\"x-div e12569-e77 m9p5-12 m9p5-14 m9p5-15 m9p5-16 es_button_hover\" href=\".\/giovanni-ravina\/\"><div class=\"x-text x-content e12569-e78 m9p5-1j m9p5-1k m9p5-1p m9p5-1q m9p5-1s m9p5-1t m9p5-1u\"><strong>Saiba mais<\/strong><\/div><\/a><\/div><\/div><\/div><\/div><\/div><\/div><\/div><\/div><div class=\"x-section e12569-e79 m9p5-1 m9p5-5\"><div class=\"x-row x-container max width e12569-e80 m9p5-6 m9p5-7 m9p5-8 m9p5-b m9p5-c m9p5-f m9p5-t\"><div class=\"x-row-inner\"><div class=\"x-col e12569-e81 m9p5-10 m9p5-11\"><div class=\"x-text x-text-headline e12569-e82 m9p5-1a m9p5-1b m9p5-1c m9p5-1f m9p5-1g\"><div class=\"x-text-content\"><div class=\"x-text-content-text\"><h5 class=\"x-text-content-text-primary\">C\u00f3digo de \u00c9tica<\/h5><\/div><\/div><\/div><div class=\"x-text x-content e12569-e83 m9p5-1k m9p5-1m m9p5-1n m9p5-1o m9p5-1p m9p5-1x\"><div class=\"ewa-rteLine\">O nosso c\u00f3digo de \u00e9tica baseia-se na integridade como mandato orientador de todas as nossas escolhas, o que nos levou a integrar, personalizar e refor\u00e7ar a conformidade, sem qualquer encargo especial para a estrutura.<\/div><\/div><a class=\"x-div e12569-e84 m9p5-12 m9p5-14 m9p5-16 m9p5-18 es_button_hover\" href=\"https:\/\/test.esolutions.free2move.com\/eu\/pt_pt\/\/pdf_code-of-ethics\/\" target=\"_blank\"><div class=\"x-text x-content e12569-e85 m9p5-1j m9p5-1k m9p5-1m m9p5-1p m9p5-1q m9p5-1s m9p5-1u\">Descarregar<\/div><\/a><\/div><\/div><\/div><\/div><div class=\"x-section e12569-e86 m9p5-1 m9p5-5\"><div class=\"x-row x-container max width e12569-e87 m9p5-6 m9p5-7 m9p5-8 m9p5-b m9p5-c m9p5-f m9p5-u\"><div class=\"x-row-inner\"><div class=\"x-col e12569-e88 m9p5-10 m9p5-11\"><div class=\"x-text x-text-headline e12569-e89 m9p5-1a m9p5-1b m9p5-1c m9p5-1f m9p5-1g\"><div class=\"x-text-content\"><div class=\"x-text-content-text\"><h5 class=\"x-text-content-text-primary\">Free2Move eSolutions S.p.A \"Modelo de Organiza\u00e7\u00e3o, Gest\u00e3o e Controlo nos termos do Decreto Legislativo 231\/2001\"<\/h5><\/div><\/div><\/div><div class=\"x-text x-content e12569-e90 m9p5-1k m9p5-1m m9p5-1n m9p5-1o m9p5-1p m9p5-1x\"><div class=\"ewa-rteLine\">O decreto foi publicado em 8 de junho de 2001, em execu\u00e7\u00e3o da delega\u00e7\u00e3o de poderes prevista no artigo 11.o da Lei n.o 300 de 29 de setembro de 2000.<\/div><\/div><a class=\"x-div e12569-e91 m9p5-12 m9p5-14 m9p5-16 m9p5-18 es_button_hover\" href=\"https:\/\/test.esolutions.free2move.com\/eu\/pt_pt\/\/pdf_mog-231_free2move-esolutions-eng\/\" target=\"_blank\"><div class=\"x-text x-content e12569-e92 m9p5-1j m9p5-1k m9p5-1m m9p5-1p m9p5-1q m9p5-1s m9p5-1u\"><p>Descarregar<\/p><\/div><\/a><\/div><\/div><\/div><\/div><div class=\"x-section e12569-e93 m9p5-1 m9p5-5\"><div class=\"x-row x-container max width e12569-e94 m9p5-6 m9p5-7 m9p5-8 m9p5-b m9p5-c m9p5-f m9p5-v\"><div class=\"x-row-inner\"><div class=\"x-col e12569-e95 m9p5-10 m9p5-11\"><div class=\"x-text x-text-headline e12569-e96 m9p5-1a m9p5-1b m9p5-1c m9p5-1f m9p5-1g\"><div class=\"x-text-content\"><div class=\"x-text-content-text\"><h5 class=\"x-text-content-text-primary\">Pol\u00edtica anti-corrup\u00e7\u00e3o<\/h5><\/div><\/div><\/div><div class=\"x-text x-content e12569-e97 m9p5-1k m9p5-1m m9p5-1n m9p5-1o m9p5-1p m9p5-1x\"><div class=\"ewa-rteLine\">As Directrizes destinam-se a assegurar que a Free2move eSolutions e as suas partes interessadas cumprem a Carta de \u00c9tica e as Leis Anti-Corrup\u00e7\u00e3o. Este documento fornece um quadro sistem\u00e1tico relativo \u00e0 proibi\u00e7\u00e3o de pr\u00e1ticas de corrup\u00e7\u00e3o para o pessoal e as partes interessadas da Free2move eSolutions.<\/div><\/div><a class=\"x-div e12569-e98 m9p5-12 m9p5-14 m9p5-16 m9p5-18 es_button_hover\" href=\"https:\/\/test.esolutions.free2move.com\/eu\/pt_pt\/\/pdf_free2move-esolutions_anticorruption-guidelines_eng\/\" target=\"_blank\"><div class=\"x-text x-content e12569-e99 m9p5-1j m9p5-1k m9p5-1m m9p5-1p m9p5-1q m9p5-1s m9p5-1u\"><p>Descarregar<\/p><\/div><\/a><\/div><\/div><\/div><\/div><div class=\"x-section e12569-e100 m9p5-1 m9p5-5\"><div class=\"x-row x-container max width e12569-e101 m9p5-6 m9p5-7 m9p5-8 m9p5-b m9p5-c m9p5-f m9p5-w\"><div class=\"x-row-inner\"><div class=\"x-col e12569-e102 m9p5-10 m9p5-11\"><div class=\"x-text x-text-headline e12569-e103 m9p5-1a m9p5-1b m9p5-1c m9p5-1f m9p5-1g\"><div class=\"x-text-content\"><div class=\"x-text-content-text\"><h5 class=\"x-text-content-text-primary\">Pol\u00edtica de den\u00fancia de irregularidades<\/h5><\/div><\/div><\/div><div class=\"x-text x-content e12569-e104 m9p5-1k m9p5-1m m9p5-1n m9p5-1o m9p5-1p m9p5-1x\"><div class=\"ewa-rteLine\">A Pol\u00edtica de den\u00fancia de irregularidades estabelece o sistema de comunica\u00e7\u00e3o interna da Free2move eSolutions e rege o processo de apresenta\u00e7\u00e3o e gest\u00e3o de den\u00fancias.<\/div><\/div><a class=\"x-div e12569-e105 m9p5-12 m9p5-14 m9p5-16 m9p5-18 es_button_hover\" href=\"https:\/\/test.esolutions.free2move.com\/eu\/pt_pt\/\/pdf_f2mes_whistleblowing-policy\/\" target=\"_blank\"><div class=\"x-text x-content e12569-e106 m9p5-1j m9p5-1k m9p5-1m m9p5-1p m9p5-1q m9p5-1s m9p5-1u\"><p>Descarregar<\/p><\/div><\/a><\/div><\/div><\/div><\/div><div class=\"x-section e12569-e107 m9p5-1 m9p5-5\"><div class=\"x-row x-container max width e12569-e108 m9p5-6 m9p5-7 m9p5-8 m9p5-b m9p5-c m9p5-f m9p5-x\"><div class=\"x-row-inner\"><div class=\"x-col e12569-e109 m9p5-10 m9p5-11\"><div class=\"x-text x-text-headline e12569-e110 m9p5-1a m9p5-1c m9p5-1f m9p5-1g m9p5-1h\"><div class=\"x-text-content\"><div class=\"x-text-content-text\"><h5 class=\"x-text-content-text-primary\">Linha de integridade\n<\/h5><\/div><\/div><\/div><a class=\"x-div e12569-e111 m9p5-12 m9p5-14 m9p5-16 m9p5-18 es_button_hover\" href=\"https:\/\/free2move.integrityline.com\/frontpage\" target=\"_blank\"><div class=\"x-text x-content e12569-e112 m9p5-1j m9p5-1k m9p5-1m m9p5-1p m9p5-1q m9p5-1s m9p5-1u\"><p>Fazer um relat\u00f3rio<\/p><\/div><\/a><\/div><\/div><\/div><\/div><\/div>\n","protected":false},"excerpt":{"rendered":"<p>HomeGoverna\u00e7\u00e3o e \u00e9ticaSaiba mais sobre o nosso&nbsp;Conselho de Administra\u00e7\u00e3o&nbsp;altamente empenhado em supervisionar a nossa estrat\u00e9gia empresarial e os nossos elevados padr\u00f5es \u00e9ticos baseados na integridade como mandato orientador de todas as nossas escolhas.Conselho de Administra\u00e7\u00e3oCarlalberto GuglielminottiPresidente ExecutivoSaiba maisMathilde LheureuxDiretor ExecutivoSaiba maisBrigitte CourtehouxDiretorSaiba maisDavide MeleDiretorSaiba maisLuigi MichiDiretorSaiba maisGiovanni RavinaDiretor ExecutivoSaiba maisC\u00f3digo de \u00c9ticaO nosso c\u00f3digo de \u00e9tica baseia-se na integridade como &#8230; <\/p>\n<div><a href=\"https:\/\/test.esolutions.free2move.com\/eu\/pt_pt\/governacao-e-etica\/\" class=\"more-link\">Read More<\/a><\/div>\n","protected":false},"author":1,"featured_media":0,"parent":0,"menu_order":0,"comment_status":"closed","ping_status":"closed","template":"template-blank-4.php","meta":{"_acf_changed":false,"inline_featured_image":false,"footnotes":""},"class_list":["post-50386","page","type-page","status-publish","hentry","no-post-thumbnail"],"acf":[],"yoast_head":"<!-- This site is optimized with the Yoast SEO plugin v24.4 - https:\/\/yoast.com\/wordpress\/plugins\/seo\/ -->\n<title>Governa\u00e7\u00e3o e \u00e9tica - eSolution europe<\/title>\n<meta name=\"robots\" content=\"index, follow, max-snippet:-1, max-image-preview:large, max-video-preview:-1\" \/>\n<link rel=\"canonical\" href=\"https:\/\/test.esolutions.free2move.com\/eu\/pt_pt\/governacao-e-etica\/\" \/>\n<meta property=\"og:locale\" content=\"pt_PT\" \/>\n<meta property=\"og:type\" content=\"article\" \/>\n<meta property=\"og:title\" content=\"Governa\u00e7\u00e3o e \u00e9tica - eSolution europe\" \/>\n<meta property=\"og:description\" content=\"HomeGoverna\u00e7\u00e3o e \u00e9ticaSaiba mais sobre o nosso&nbsp;Conselho de Administra\u00e7\u00e3o&nbsp;altamente empenhado em supervisionar a nossa estrat\u00e9gia empresarial e os nossos elevados padr\u00f5es \u00e9ticos baseados na integridade como mandato orientador de todas as nossas escolhas.Conselho de Administra\u00e7\u00e3oCarlalberto GuglielminottiPresidente ExecutivoSaiba maisMathilde LheureuxDiretor ExecutivoSaiba maisBrigitte CourtehouxDiretorSaiba maisDavide MeleDiretorSaiba maisLuigi MichiDiretorSaiba maisGiovanni RavinaDiretor ExecutivoSaiba maisC\u00f3digo de \u00c9ticaO nosso c\u00f3digo de \u00e9tica baseia-se na integridade como ... Read More\" \/>\n<meta property=\"og:url\" content=\"https:\/\/test.esolutions.free2move.com\/eu\/pt_pt\/governacao-e-etica\/\" \/>\n<meta property=\"og:site_name\" content=\"eSolution europe\" \/>\n<meta name=\"twitter:card\" content=\"summary_large_image\" \/>\n<meta name=\"twitter:label1\" content=\"Est. reading time\" \/>\n\t<meta name=\"twitter:data1\" content=\"7 minutes\" \/>\n<script type=\"application\/ld+json\" class=\"yoast-schema-graph\">{\"@context\":\"https:\/\/schema.org\",\"@graph\":[{\"@type\":\"WebPage\",\"@id\":\"https:\/\/test.esolutions.free2move.com\/eu\/pt_pt\/governacao-e-etica\/\",\"url\":\"https:\/\/test.esolutions.free2move.com\/eu\/pt_pt\/governacao-e-etica\/\",\"name\":\"Governa\u00e7\u00e3o e \u00e9tica - eSolution europe\",\"isPartOf\":{\"@id\":\"https:\/\/test.esolutions.free2move.com\/eu\/en_it\/#website\"},\"datePublished\":\"2024-03-18T13:33:25+00:00\",\"breadcrumb\":{\"@id\":\"https:\/\/test.esolutions.free2move.com\/eu\/pt_pt\/governacao-e-etica\/#breadcrumb\"},\"inLanguage\":\"pt-pt\",\"potentialAction\":[{\"@type\":\"ReadAction\",\"target\":[\"https:\/\/test.esolutions.free2move.com\/eu\/pt_pt\/governacao-e-etica\/\"]}]},{\"@type\":\"BreadcrumbList\",\"@id\":\"https:\/\/test.esolutions.free2move.com\/eu\/pt_pt\/governacao-e-etica\/#breadcrumb\",\"itemListElement\":[{\"@type\":\"ListItem\",\"position\":1,\"name\":\"Home\",\"item\":\"https:\/\/test.esolutions.free2move.com\/eu\/pt_pt\/\"},{\"@type\":\"ListItem\",\"position\":2,\"name\":\"Governa\u00e7\u00e3o e \u00e9tica\"}]},{\"@type\":\"WebSite\",\"@id\":\"https:\/\/test.esolutions.free2move.com\/eu\/en_it\/#website\",\"url\":\"https:\/\/test.esolutions.free2move.com\/eu\/en_it\/\",\"name\":\"eSolutions europe\",\"description\":\"\",\"publisher\":{\"@id\":\"https:\/\/test.esolutions.free2move.com\/eu\/en_it\/#organization\"},\"potentialAction\":[{\"@type\":\"SearchAction\",\"target\":{\"@type\":\"EntryPoint\",\"urlTemplate\":\"https:\/\/test.esolutions.free2move.com\/eu\/en_it\/?s={search_term_string}\"},\"query-input\":{\"@type\":\"PropertyValueSpecification\",\"valueRequired\":true,\"valueName\":\"search_term_string\"}}],\"inLanguage\":\"pt-pt\"},{\"@type\":\"Organization\",\"@id\":\"https:\/\/test.esolutions.free2move.com\/eu\/en_it\/#organization\",\"name\":\"eSolutions europe\",\"url\":\"https:\/\/test.esolutions.free2move.com\/eu\/en_it\/\",\"logo\":{\"@type\":\"ImageObject\",\"inLanguage\":\"pt-pt\",\"@id\":\"https:\/\/test.esolutions.free2move.com\/eu\/en_it\/#\/schema\/logo\/image\/\",\"url\":\"https:\/\/www.esolutions.free2move.com\/eu\/wp-content\/uploads\/2024\/03\/logo-f2m-horizontal-1-1-1.png\",\"contentUrl\":\"https:\/\/www.esolutions.free2move.com\/eu\/wp-content\/uploads\/2024\/03\/logo-f2m-horizontal-1-1-1.png\",\"width\":865,\"height\":218,\"caption\":\"eSolutions europe\"},\"image\":{\"@id\":\"https:\/\/test.esolutions.free2move.com\/eu\/en_it\/#\/schema\/logo\/image\/\"}}]}<\/script>\n<!-- \/ Yoast SEO plugin. -->","yoast_head_json":{"title":"Governa\u00e7\u00e3o e \u00e9tica - eSolution europe","robots":{"index":"index","follow":"follow","max-snippet":"max-snippet:-1","max-image-preview":"max-image-preview:large","max-video-preview":"max-video-preview:-1"},"canonical":"https:\/\/test.esolutions.free2move.com\/eu\/pt_pt\/governacao-e-etica\/","og_locale":"pt_PT","og_type":"article","og_title":"Governa\u00e7\u00e3o e \u00e9tica - eSolution europe","og_description":"HomeGoverna\u00e7\u00e3o e \u00e9ticaSaiba mais sobre o nosso&nbsp;Conselho de Administra\u00e7\u00e3o&nbsp;altamente empenhado em supervisionar a nossa estrat\u00e9gia empresarial e os nossos elevados padr\u00f5es \u00e9ticos baseados na integridade como mandato orientador de todas as nossas escolhas.Conselho de Administra\u00e7\u00e3oCarlalberto GuglielminottiPresidente ExecutivoSaiba maisMathilde LheureuxDiretor ExecutivoSaiba maisBrigitte CourtehouxDiretorSaiba maisDavide MeleDiretorSaiba maisLuigi MichiDiretorSaiba maisGiovanni RavinaDiretor ExecutivoSaiba maisC\u00f3digo de \u00c9ticaO nosso c\u00f3digo de \u00e9tica baseia-se na integridade como ... Read More","og_url":"https:\/\/test.esolutions.free2move.com\/eu\/pt_pt\/governacao-e-etica\/","og_site_name":"eSolution europe","twitter_card":"summary_large_image","twitter_misc":{"Est. reading time":"7 minutes"},"schema":{"@context":"https:\/\/schema.org","@graph":[{"@type":"WebPage","@id":"https:\/\/test.esolutions.free2move.com\/eu\/pt_pt\/governacao-e-etica\/","url":"https:\/\/test.esolutions.free2move.com\/eu\/pt_pt\/governacao-e-etica\/","name":"Governa\u00e7\u00e3o e \u00e9tica - eSolution europe","isPartOf":{"@id":"https:\/\/test.esolutions.free2move.com\/eu\/en_it\/#website"},"datePublished":"2024-03-18T13:33:25+00:00","breadcrumb":{"@id":"https:\/\/test.esolutions.free2move.com\/eu\/pt_pt\/governacao-e-etica\/#breadcrumb"},"inLanguage":"pt-pt","potentialAction":[{"@type":"ReadAction","target":["https:\/\/test.esolutions.free2move.com\/eu\/pt_pt\/governacao-e-etica\/"]}]},{"@type":"BreadcrumbList","@id":"https:\/\/test.esolutions.free2move.com\/eu\/pt_pt\/governacao-e-etica\/#breadcrumb","itemListElement":[{"@type":"ListItem","position":1,"name":"Home","item":"https:\/\/test.esolutions.free2move.com\/eu\/pt_pt\/"},{"@type":"ListItem","position":2,"name":"Governa\u00e7\u00e3o e \u00e9tica"}]},{"@type":"WebSite","@id":"https:\/\/test.esolutions.free2move.com\/eu\/en_it\/#website","url":"https:\/\/test.esolutions.free2move.com\/eu\/en_it\/","name":"eSolutions europe","description":"","publisher":{"@id":"https:\/\/test.esolutions.free2move.com\/eu\/en_it\/#organization"},"potentialAction":[{"@type":"SearchAction","target":{"@type":"EntryPoint","urlTemplate":"https:\/\/test.esolutions.free2move.com\/eu\/en_it\/?s={search_term_string}"},"query-input":{"@type":"PropertyValueSpecification","valueRequired":true,"valueName":"search_term_string"}}],"inLanguage":"pt-pt"},{"@type":"Organization","@id":"https:\/\/test.esolutions.free2move.com\/eu\/en_it\/#organization","name":"eSolutions europe","url":"https:\/\/test.esolutions.free2move.com\/eu\/en_it\/","logo":{"@type":"ImageObject","inLanguage":"pt-pt","@id":"https:\/\/test.esolutions.free2move.com\/eu\/en_it\/#\/schema\/logo\/image\/","url":"https:\/\/www.esolutions.free2move.com\/eu\/wp-content\/uploads\/2024\/03\/logo-f2m-horizontal-1-1-1.png","contentUrl":"https:\/\/www.esolutions.free2move.com\/eu\/wp-content\/uploads\/2024\/03\/logo-f2m-horizontal-1-1-1.png","width":865,"height":218,"caption":"eSolutions europe"},"image":{"@id":"https:\/\/test.esolutions.free2move.com\/eu\/en_it\/#\/schema\/logo\/image\/"}}]}},"_links":{"self":[{"href":"https:\/\/test.esolutions.free2move.com\/eu\/pt_pt\/wp-json\/wp\/v2\/pages\/50386","targetHints":{"allow":["GET"]}}],"collection":[{"href":"https:\/\/test.esolutions.free2move.com\/eu\/pt_pt\/wp-json\/wp\/v2\/pages"}],"about":[{"href":"https:\/\/test.esolutions.free2move.com\/eu\/pt_pt\/wp-json\/wp\/v2\/types\/page"}],"author":[{"embeddable":true,"href":"https:\/\/test.esolutions.free2move.com\/eu\/pt_pt\/wp-json\/wp\/v2\/users\/1"}],"replies":[{"embeddable":true,"href":"https:\/\/test.esolutions.free2move.com\/eu\/pt_pt\/wp-json\/wp\/v2\/comments?post=50386"}],"version-history":[{"count":0,"href":"https:\/\/test.esolutions.free2move.com\/eu\/pt_pt\/wp-json\/wp\/v2\/pages\/50386\/revisions"}],"wp:attachment":[{"href":"https:\/\/test.esolutions.free2move.com\/eu\/pt_pt\/wp-json\/wp\/v2\/media?parent=50386"}],"curies":[{"name":"wp","href":"https:\/\/api.w.org\/{rel}","templated":true}]}}