{"id":50387,"date":"2024-03-18T13:17:47","date_gmt":"2024-03-18T13:17:47","guid":{"rendered":"https:\/\/test.esolutions.free2move.com\/eu\/projecto-drossone-v2g\/"},"modified":"2024-03-18T13:17:47","modified_gmt":"2024-03-18T13:17:47","slug":"projecto-drossone-v2g","status":"publish","type":"page","link":"https:\/\/test.esolutions.free2move.com\/eu\/pt_pt\/projecto-drossone-v2g\/","title":{"rendered":"PROJECTO DROSSONE V2G"},"content":{"rendered":"<div id=\"cs-content\" class=\"cs-content\"><nav class=\"x-crumbs e12539-e1 m9ob-0\" role=\"navigation\"><ol class=\"x-crumbs-list\" itemscope=\"\" itemtype=\"http:\/\/schema.org\/BreadcrumbList\" aria-label=\"Breadcrumb Navigation\"><li class=\"x-crumbs-list-item\" itemprop=\"itemListElement\" itemscope itemtype=\"http:\/\/schema.org\/ListItem\"><a class=\"x-crumbs-current x-crumbs-link\" itemtype=\"http:\/\/schema.org\/Thing\" itemprop=\"item\" href=\"https:\/\/test.esolutions.free2move.com\/eu\/pt_pt\/\" title=\"You Are Here\"><span itemprop=\"name\">Home<\/span><\/a><meta itemprop=\"position\" content=\"1\"><\/li><\/ol><\/nav><div class=\"x-section e12539-e2 m9ob-1 m9ob-2 m9ob-3\"><div class=\"x-row x-container max width e12539-e3 m9ob-5 m9ob-6 m9ob-a\"><div class=\"x-row-inner\"><div class=\"x-col e12539-e4 m9ob-m m9ob-n m9ob-o m9ob-p m9ob-q m9ob-r m9ob-s es_gap\"><div class=\"x-div e12539-e5 m9ob-x\"><div class=\"x-text x-text-headline e12539-e6 m9ob-y m9ob-z\"><div class=\"x-text-content\"><div class=\"x-text-content-text\"><h2 class=\"x-text-content-text-primary\">PROJECTO DROSSONE V2G<\/h2><\/div><\/div><\/div><\/div><\/div><div class=\"x-col e12539-e7 m9ob-q m9ob-r m9ob-s\"><div class=\"x-frame x-frame-video-player e12539-e8 m9ob-11 m9ob-12\"><div class=\"x-frame-inner\"><div class=\"x-video x-video-player hide-controls autoplay loop muted\" data-x-element-mejs=\"{&quot;poster&quot;:&quot;&quot;,&quot;options&quot;:{&quot;pause_out_of_view&quot;:false}}\"><video class=\"x-mejs\" poster=\"\" preload=\"metadata\" options=\"\" loop=\"\" muted=\"\"><source src=\"https:\/\/test.esolutions.free2move.com\/eu\/pt_pt\/\/drosso_pannelli-solari\"><source src=\"https:\/\/test.esolutions.free2move.com\/eu\/pt_pt\/\/drosso_pannelli-solari\" type=\"video\/quicktime\"><source src=\"https:\/\/test.esolutions.free2move.com\/eu\/pt_pt\/\/drosso_pannelli-solari\" type=\"video\/mp4\"><\/video><\/div><\/div><\/div><\/div><\/div><\/div><\/div><div class=\"x-section e12539-e9 m9ob-1 m9ob-4\"><div class=\"x-row x-container max width e12539-e10 m9ob-5 m9ob-7 m9ob-8 m9ob-b m9ob-c\"><div class=\"x-row-inner\"><div class=\"x-col e12539-e11 m9ob-m m9ob-n m9ob-o m9ob-p m9ob-r m9ob-s m9ob-t mobile_hidden\"><hr class=\"x-line e12539-e12 m9ob-13\"\/><\/div><div class=\"x-col e12539-e13 m9ob-m m9ob-n m9ob-o m9ob-p m9ob-r m9ob-s m9ob-t es_gap\"><div class=\"x-row e12539-e14 m9ob-5 m9ob-8 m9ob-b m9ob-d\"><div class=\"x-row-inner\"><div class=\"x-col e12539-e15 m9ob-r m9ob-s m9ob-t\"><div class=\"x-text x-content e12539-e16 m9ob-14 m9ob-15 text-l\"><p>O <strong>projeto de estacionamento V2G DrossOne<\/strong> \u00e9 um sistema V2G (vehicle-to-grid) de grande escala com armazenamento de energia integrado, desenvolvido com o apoio do <strong>Fundo de Inova\u00e7\u00e3o da Comiss\u00e3o Europeia.<\/strong> O projeto DrossOne est\u00e1 localizado em Mirafiori, Turim, It\u00e1lia, e \u00e9 desenvolvido pela <strong>Free2move eSolutions <\/strong>e pela <strong>Stellantis<\/strong>.<\/p><\/div><\/div><\/div><\/div><\/div><\/div><\/div><\/div><div class=\"x-section e12539-e17 m9ob-1 m9ob-2\"><div class=\"x-row x-container max width e12539-e18 m9ob-5 m9ob-7 m9ob-8 m9ob-b m9ob-e\"><div class=\"x-row-inner\"><div class=\"x-col e12539-e19 m9ob-m m9ob-n m9ob-o m9ob-p m9ob-r m9ob-s m9ob-t mobile_hidden\"><span class=\"x-image e12539-e20 m9ob-17\"><img decoding=\"async\" src=\"https:\/\/test.esolutions.free2move.com\/eu\/wp-content\/uploads\/2024\/03\/eu_co_funded_en.jpg\" width=\"550\" height=\"115\" alt=\"Image\" loading=\"lazy\"><\/span><\/div><div class=\"x-col e12539-e21 m9ob-m m9ob-n m9ob-o m9ob-p m9ob-r m9ob-s m9ob-t es_gap\"><div class=\"x-row e12539-e22 m9ob-5 m9ob-8 m9ob-b m9ob-f\"><div class=\"x-row-inner\"><div class=\"x-col e12539-e23 m9ob-r m9ob-s m9ob-t\"><div class=\"x-text x-content e12539-e24 m9ob-14 m9ob-15 text-l\"><p>Estacionamento V2G DrossOne<br>GA n \u00b0 101038849 - um projeto financiado pelo Fundo de Inova\u00e7\u00e3o<\/p><\/div><\/div><\/div><\/div><\/div><\/div><\/div><\/div><div class=\"x-section e12539-e25 m9ob-1 m9ob-2 m9ob-3\"><div class=\"x-row x-container max width e12539-e26 m9ob-5 m9ob-7 m9ob-8 m9ob-b m9ob-g\"><div class=\"x-row-inner\"><div class=\"x-col e12539-e27 m9ob-m m9ob-o m9ob-r m9ob-s m9ob-t m9ob-u m9ob-v\"><span class=\"x-image e12539-e28 m9ob-17 m9ob-18\"><img decoding=\"async\" src=\"https:\/\/test.esolutions.free2move.com\/eu\/wp-content\/uploads\/2024\/04\/DJI_0491-scaled.jpg\" width=\"1280\" height=\"852\" alt=\"Image\" loading=\"lazy\"><\/span><\/div><div class=\"x-col e12539-e29 m9ob-m m9ob-n m9ob-o m9ob-p m9ob-r m9ob-s m9ob-t es_gap\"><div class=\"x-row e12539-e30 m9ob-5 m9ob-8 m9ob-9 m9ob-b m9ob-h\"><div class=\"x-row-inner\"><div class=\"x-col e12539-e31 m9ob-m m9ob-p m9ob-r m9ob-t m9ob-u m9ob-w es_gap\"><div class=\"x-text x-text-headline e12539-e32 m9ob-z m9ob-10\"><div class=\"x-text-content\"><div class=\"x-text-content-text\"><h4 class=\"x-text-content-text-primary\"><strong>O projeto<\/strong><\/h4><\/div><\/div><\/div><div class=\"x-text x-content e12539-e33 m9ob-14 m9ob-16\"><div class=\"ewa-rteLine\">A liga\u00e7\u00e3o do ve\u00edculo \u00e0 rede promove uma mudan\u00e7a de paradigma que torna os VE numa valiosa fonte de flexibilidade para a rede.<\/div>\n<div class=\"ewa-rteLine\">&nbsp;<\/div>\n<div class=\"ewa-rteLine\">O projeto demonstrar\u00e1 a viabilidade de um sistema de carregamento V2G centralizado em grande escala, utilizando o armazenamento estacion\u00e1rio associado aos ve\u00edculos el\u00e9ctricos (VE) no parque de estacionamento do Stellantis (antes de serem enviados para os concession\u00e1rios de autom\u00f3veis) e uma unidade de armazenamento estacion\u00e1rio baseada em baterias de segunda vida.<\/div>\n<div class=\"ewa-rteLine\">&nbsp;<\/div>\n<div class=\"ewa-rteLine\">O projeto DrossOne fornecer\u00e1 tamb\u00e9m servi\u00e7os auxiliares de reserva r\u00e1pida ao operador da rede (como a regula\u00e7\u00e3o do equil\u00edbrio, da frequ\u00eancia e da pot\u00eancia), bem como servi\u00e7os em tempo real, utilizando um sistema com carregadores r\u00e1pidos bidireccionais.<\/div><\/div><\/div><\/div><\/div><\/div><\/div><\/div><\/div><div class=\"x-section e12539-e34 m9ob-1 m9ob-2 m9ob-3\"><div class=\"x-row x-container max width e12539-e35 m9ob-5 m9ob-7 m9ob-8 m9ob-b m9ob-i\"><div class=\"x-row-inner\"><div class=\"x-col e12539-e36 m9ob-m m9ob-o m9ob-r m9ob-s m9ob-t m9ob-u m9ob-v\"><span class=\"x-image e12539-e37 m9ob-17\"><img decoding=\"async\" src=\"https:\/\/test.esolutions.free2move.com\/eu\/wp-content\/uploads\/2024\/04\/DJI_0539-scaled.jpg\" width=\"1280\" height=\"852\" alt=\"Image\" loading=\"lazy\"><\/span><\/div><div class=\"x-col e12539-e38 m9ob-m m9ob-n m9ob-o m9ob-p m9ob-r m9ob-s m9ob-t es_gap\"><div class=\"x-row e12539-e39 m9ob-5 m9ob-8 m9ob-9 m9ob-b m9ob-j\"><div class=\"x-row-inner\"><div class=\"x-col e12539-e40 m9ob-m m9ob-p m9ob-r m9ob-t m9ob-u m9ob-w es_gap\"><div class=\"x-text x-text-headline e12539-e41 m9ob-z m9ob-10\"><div class=\"x-text-content\"><div class=\"x-text-content-text\"><h4 class=\"x-text-content-text-primary\"><strong>A tecnologia<\/strong><\/h4><\/div><\/div><\/div><div class=\"x-text x-content e12539-e42 m9ob-14 m9ob-16\"><div class=\"ewa-rteLine\">\n<div class=\"ewa-rteLine\">O projeto \u00e9 o <strong>primeiro V2G bidirecional centralizado em grande escala comercial do seu g\u00e9nero<\/strong> e isso deve-se \u00e0 tecnologia inovadora aplicada ao seu hardware, ou seja, com a adi\u00e7\u00e3o de um conversor de corrente cont\u00ednua-corrente cont\u00ednua (DC-DC).<\/div>\n<div class=\"ewa-rteLine\">O software \u00e9 outro ponto-chave para a inova\u00e7\u00e3o gra\u00e7as \u00e0 nova plataforma de software agregador que emula e controla as frotas como um \"recurso de armazenamento de energia\" centralizado com uma \u00fanica interface para a rede.<\/div>\n<div class=\"ewa-rteLine\">&nbsp;<\/div>\n<div class=\"ewa-rteLine\">Por \u00faltimo, um modelo de neg\u00f3cio inovador que gera valor a partir da capacidade de armazenamento n\u00e3o utilizada dos VEs estacionados, oferecendo servi\u00e7os de estabilidade da rede ao operador do sistema de transmiss\u00e3o italiano (TSO).<\/div>\n<\/div><\/div><\/div><\/div><\/div><\/div><\/div><\/div><\/div><div class=\"x-section e12539-e43 m9ob-1 m9ob-2 m9ob-3\"><div class=\"x-row x-container max width e12539-e44 m9ob-5 m9ob-7 m9ob-8 m9ob-b m9ob-k\"><div class=\"x-row-inner\"><div class=\"x-col e12539-e45 m9ob-m m9ob-o m9ob-r m9ob-s m9ob-t m9ob-u m9ob-v\"><span class=\"x-image e12539-e46 m9ob-17\"><img decoding=\"async\" src=\"https:\/\/test.esolutions.free2move.com\/eu\/wp-content\/uploads\/2024\/04\/DJI_0474-scaled.jpg\" width=\"1280\" height=\"852\" alt=\"Image\" loading=\"lazy\"><\/span><\/div><div class=\"x-col e12539-e47 m9ob-m m9ob-n m9ob-o m9ob-p m9ob-r m9ob-s m9ob-t es_gap\"><div class=\"x-row e12539-e48 m9ob-5 m9ob-8 m9ob-9 m9ob-b m9ob-l\"><div class=\"x-row-inner\"><div class=\"x-col e12539-e49 m9ob-m m9ob-p m9ob-r m9ob-t m9ob-u m9ob-w es_gap\"><div class=\"x-text x-text-headline e12539-e50 m9ob-z m9ob-10\"><div class=\"x-text-content\"><div class=\"x-text-content-text\"><h4 class=\"x-text-content-text-primary\">Contribuir para a transi\u00e7\u00e3o energ\u00e9tica<\/h4><\/div><\/div><\/div><div class=\"x-text x-content e12539-e51 m9ob-14 m9ob-16\"><div class=\"ewa-rteLine\">\n<div class=\"ewa-rteLine\">O projeto DrossOne V2G Parking fornecer\u00e1 uma capacidade nominal de 25 MW de servi\u00e7os de reserva ultra-r\u00e1pidos entre 2023 e 2027, contribuindo assim para reduzir a necessidade de centrais el\u00e9ctricas baseadas em combust\u00edveis f\u00f3sseis por parte dos ORT.<br><br>O armazenamento de energia e as frotas de ve\u00edculos el\u00e9ctricos podem contribuir para um futuro mais sustent\u00e1vel e neutro em termos de carbono, uma vez que reduzir\u00e3o a necessidade de centrais el\u00e9ctricas alimentadas a combust\u00edveis f\u00f3sseis para prestar servi\u00e7os auxiliares \u00e0 rede e, por conseguinte, reduzir as emiss\u00f5es de gases com efeito de estufa associadas a essas centrais.<\/div>\n<\/div><\/div><\/div><\/div><\/div><\/div><\/div><\/div><\/div><\/div>\n","protected":false},"excerpt":{"rendered":"<p>HomePROJECTO DROSSONE V2GO projeto de estacionamento V2G DrossOne \u00e9 um sistema V2G (vehicle-to-grid) de grande escala com armazenamento de energia integrado, desenvolvido com o apoio do Fundo de Inova\u00e7\u00e3o da Comiss\u00e3o Europeia. O projeto DrossOne est\u00e1 localizado em Mirafiori, Turim, It\u00e1lia, e \u00e9 desenvolvido pela Free2move eSolutions e pela Stellantis.Estacionamento V2G DrossOneGA n \u00b0 101038849 &#8211; um projeto financiado pelo &#8230; <\/p>\n<div><a href=\"https:\/\/test.esolutions.free2move.com\/eu\/pt_pt\/projecto-drossone-v2g\/\" class=\"more-link\">Read More<\/a><\/div>\n","protected":false},"author":1,"featured_media":0,"parent":0,"menu_order":0,"comment_status":"closed","ping_status":"closed","template":"template-blank-4.php","meta":{"_acf_changed":false,"inline_featured_image":false,"footnotes":""},"class_list":["post-50387","page","type-page","status-publish","hentry","no-post-thumbnail"],"acf":[],"yoast_head":"<!-- This site is optimized with the Yoast SEO plugin v24.4 - https:\/\/yoast.com\/wordpress\/plugins\/seo\/ -->\n<title>PROJECTO DROSSONE V2G - eSolution europe<\/title>\n<meta name=\"robots\" content=\"index, follow, max-snippet:-1, max-image-preview:large, max-video-preview:-1\" \/>\n<link rel=\"canonical\" href=\"https:\/\/test.esolutions.free2move.com\/eu\/pt_pt\/projecto-drossone-v2g\/\" \/>\n<meta property=\"og:locale\" content=\"pt_PT\" \/>\n<meta property=\"og:type\" content=\"article\" \/>\n<meta property=\"og:title\" content=\"PROJECTO DROSSONE V2G - eSolution europe\" \/>\n<meta property=\"og:description\" content=\"HomePROJECTO DROSSONE V2GO projeto de estacionamento V2G DrossOne \u00e9 um sistema V2G (vehicle-to-grid) de grande escala com armazenamento de energia integrado, desenvolvido com o apoio do Fundo de Inova\u00e7\u00e3o da Comiss\u00e3o Europeia. O projeto DrossOne est\u00e1 localizado em Mirafiori, Turim, It\u00e1lia, e \u00e9 desenvolvido pela Free2move eSolutions e pela Stellantis.Estacionamento V2G DrossOneGA n \u00b0 101038849 - um projeto financiado pelo ... Read More\" \/>\n<meta property=\"og:url\" content=\"https:\/\/test.esolutions.free2move.com\/eu\/pt_pt\/projecto-drossone-v2g\/\" \/>\n<meta property=\"og:site_name\" content=\"eSolution europe\" \/>\n<meta name=\"twitter:card\" content=\"summary_large_image\" \/>\n<meta name=\"twitter:label1\" content=\"Est. reading time\" \/>\n\t<meta name=\"twitter:data1\" content=\"4 minutes\" \/>\n<script type=\"application\/ld+json\" class=\"yoast-schema-graph\">{\"@context\":\"https:\/\/schema.org\",\"@graph\":[{\"@type\":\"WebPage\",\"@id\":\"https:\/\/test.esolutions.free2move.com\/eu\/pt_pt\/projecto-drossone-v2g\/\",\"url\":\"https:\/\/test.esolutions.free2move.com\/eu\/pt_pt\/projecto-drossone-v2g\/\",\"name\":\"PROJECTO DROSSONE V2G - eSolution europe\",\"isPartOf\":{\"@id\":\"https:\/\/test.esolutions.free2move.com\/eu\/en_it\/#website\"},\"datePublished\":\"2024-03-18T13:17:47+00:00\",\"breadcrumb\":{\"@id\":\"https:\/\/test.esolutions.free2move.com\/eu\/pt_pt\/projecto-drossone-v2g\/#breadcrumb\"},\"inLanguage\":\"pt-pt\",\"potentialAction\":[{\"@type\":\"ReadAction\",\"target\":[\"https:\/\/test.esolutions.free2move.com\/eu\/pt_pt\/projecto-drossone-v2g\/\"]}]},{\"@type\":\"BreadcrumbList\",\"@id\":\"https:\/\/test.esolutions.free2move.com\/eu\/pt_pt\/projecto-drossone-v2g\/#breadcrumb\",\"itemListElement\":[{\"@type\":\"ListItem\",\"position\":1,\"name\":\"Home\",\"item\":\"https:\/\/test.esolutions.free2move.com\/eu\/pt_pt\/\"},{\"@type\":\"ListItem\",\"position\":2,\"name\":\"PROJECTO DROSSONE V2G\"}]},{\"@type\":\"WebSite\",\"@id\":\"https:\/\/test.esolutions.free2move.com\/eu\/en_it\/#website\",\"url\":\"https:\/\/test.esolutions.free2move.com\/eu\/en_it\/\",\"name\":\"eSolutions europe\",\"description\":\"\",\"publisher\":{\"@id\":\"https:\/\/test.esolutions.free2move.com\/eu\/en_it\/#organization\"},\"potentialAction\":[{\"@type\":\"SearchAction\",\"target\":{\"@type\":\"EntryPoint\",\"urlTemplate\":\"https:\/\/test.esolutions.free2move.com\/eu\/en_it\/?s={search_term_string}\"},\"query-input\":{\"@type\":\"PropertyValueSpecification\",\"valueRequired\":true,\"valueName\":\"search_term_string\"}}],\"inLanguage\":\"pt-pt\"},{\"@type\":\"Organization\",\"@id\":\"https:\/\/test.esolutions.free2move.com\/eu\/en_it\/#organization\",\"name\":\"eSolutions europe\",\"url\":\"https:\/\/test.esolutions.free2move.com\/eu\/en_it\/\",\"logo\":{\"@type\":\"ImageObject\",\"inLanguage\":\"pt-pt\",\"@id\":\"https:\/\/test.esolutions.free2move.com\/eu\/en_it\/#\/schema\/logo\/image\/\",\"url\":\"https:\/\/www.esolutions.free2move.com\/eu\/wp-content\/uploads\/2024\/03\/logo-f2m-horizontal-1-1-1.png\",\"contentUrl\":\"https:\/\/www.esolutions.free2move.com\/eu\/wp-content\/uploads\/2024\/03\/logo-f2m-horizontal-1-1-1.png\",\"width\":865,\"height\":218,\"caption\":\"eSolutions europe\"},\"image\":{\"@id\":\"https:\/\/test.esolutions.free2move.com\/eu\/en_it\/#\/schema\/logo\/image\/\"}}]}<\/script>\n<!-- \/ Yoast SEO plugin. -->","yoast_head_json":{"title":"PROJECTO DROSSONE V2G - eSolution europe","robots":{"index":"index","follow":"follow","max-snippet":"max-snippet:-1","max-image-preview":"max-image-preview:large","max-video-preview":"max-video-preview:-1"},"canonical":"https:\/\/test.esolutions.free2move.com\/eu\/pt_pt\/projecto-drossone-v2g\/","og_locale":"pt_PT","og_type":"article","og_title":"PROJECTO DROSSONE V2G - eSolution europe","og_description":"HomePROJECTO DROSSONE V2GO projeto de estacionamento V2G DrossOne \u00e9 um sistema V2G (vehicle-to-grid) de grande escala com armazenamento de energia integrado, desenvolvido com o apoio do Fundo de Inova\u00e7\u00e3o da Comiss\u00e3o Europeia. O projeto DrossOne est\u00e1 localizado em Mirafiori, Turim, It\u00e1lia, e \u00e9 desenvolvido pela Free2move eSolutions e pela Stellantis.Estacionamento V2G DrossOneGA n \u00b0 101038849 - um projeto financiado pelo ... Read More","og_url":"https:\/\/test.esolutions.free2move.com\/eu\/pt_pt\/projecto-drossone-v2g\/","og_site_name":"eSolution europe","twitter_card":"summary_large_image","twitter_misc":{"Est. reading time":"4 minutes"},"schema":{"@context":"https:\/\/schema.org","@graph":[{"@type":"WebPage","@id":"https:\/\/test.esolutions.free2move.com\/eu\/pt_pt\/projecto-drossone-v2g\/","url":"https:\/\/test.esolutions.free2move.com\/eu\/pt_pt\/projecto-drossone-v2g\/","name":"PROJECTO DROSSONE V2G - eSolution europe","isPartOf":{"@id":"https:\/\/test.esolutions.free2move.com\/eu\/en_it\/#website"},"datePublished":"2024-03-18T13:17:47+00:00","breadcrumb":{"@id":"https:\/\/test.esolutions.free2move.com\/eu\/pt_pt\/projecto-drossone-v2g\/#breadcrumb"},"inLanguage":"pt-pt","potentialAction":[{"@type":"ReadAction","target":["https:\/\/test.esolutions.free2move.com\/eu\/pt_pt\/projecto-drossone-v2g\/"]}]},{"@type":"BreadcrumbList","@id":"https:\/\/test.esolutions.free2move.com\/eu\/pt_pt\/projecto-drossone-v2g\/#breadcrumb","itemListElement":[{"@type":"ListItem","position":1,"name":"Home","item":"https:\/\/test.esolutions.free2move.com\/eu\/pt_pt\/"},{"@type":"ListItem","position":2,"name":"PROJECTO DROSSONE V2G"}]},{"@type":"WebSite","@id":"https:\/\/test.esolutions.free2move.com\/eu\/en_it\/#website","url":"https:\/\/test.esolutions.free2move.com\/eu\/en_it\/","name":"eSolutions europe","description":"","publisher":{"@id":"https:\/\/test.esolutions.free2move.com\/eu\/en_it\/#organization"},"potentialAction":[{"@type":"SearchAction","target":{"@type":"EntryPoint","urlTemplate":"https:\/\/test.esolutions.free2move.com\/eu\/en_it\/?s={search_term_string}"},"query-input":{"@type":"PropertyValueSpecification","valueRequired":true,"valueName":"search_term_string"}}],"inLanguage":"pt-pt"},{"@type":"Organization","@id":"https:\/\/test.esolutions.free2move.com\/eu\/en_it\/#organization","name":"eSolutions europe","url":"https:\/\/test.esolutions.free2move.com\/eu\/en_it\/","logo":{"@type":"ImageObject","inLanguage":"pt-pt","@id":"https:\/\/test.esolutions.free2move.com\/eu\/en_it\/#\/schema\/logo\/image\/","url":"https:\/\/www.esolutions.free2move.com\/eu\/wp-content\/uploads\/2024\/03\/logo-f2m-horizontal-1-1-1.png","contentUrl":"https:\/\/www.esolutions.free2move.com\/eu\/wp-content\/uploads\/2024\/03\/logo-f2m-horizontal-1-1-1.png","width":865,"height":218,"caption":"eSolutions europe"},"image":{"@id":"https:\/\/test.esolutions.free2move.com\/eu\/en_it\/#\/schema\/logo\/image\/"}}]}},"_links":{"self":[{"href":"https:\/\/test.esolutions.free2move.com\/eu\/pt_pt\/wp-json\/wp\/v2\/pages\/50387","targetHints":{"allow":["GET"]}}],"collection":[{"href":"https:\/\/test.esolutions.free2move.com\/eu\/pt_pt\/wp-json\/wp\/v2\/pages"}],"about":[{"href":"https:\/\/test.esolutions.free2move.com\/eu\/pt_pt\/wp-json\/wp\/v2\/types\/page"}],"author":[{"embeddable":true,"href":"https:\/\/test.esolutions.free2move.com\/eu\/pt_pt\/wp-json\/wp\/v2\/users\/1"}],"replies":[{"embeddable":true,"href":"https:\/\/test.esolutions.free2move.com\/eu\/pt_pt\/wp-json\/wp\/v2\/comments?post=50387"}],"version-history":[{"count":0,"href":"https:\/\/test.esolutions.free2move.com\/eu\/pt_pt\/wp-json\/wp\/v2\/pages\/50387\/revisions"}],"wp:attachment":[{"href":"https:\/\/test.esolutions.free2move.com\/eu\/pt_pt\/wp-json\/wp\/v2\/media?parent=50387"}],"curies":[{"name":"wp","href":"https:\/\/api.w.org\/{rel}","templated":true}]}}