{"id":50389,"date":"2024-03-18T11:52:16","date_gmt":"2024-03-18T11:52:16","guid":{"rendered":"https:\/\/test.esolutions.free2move.com\/eu\/contactar-nos\/"},"modified":"2024-03-18T11:52:16","modified_gmt":"2024-03-18T11:52:16","slug":"contactar-nos","status":"publish","type":"page","link":"https:\/\/test.esolutions.free2move.com\/eu\/pt_pt\/contactar-nos\/","title":{"rendered":"Contactar-nos"},"content":{"rendered":"<div id=\"cs-content\" class=\"cs-content\"><nav class=\"x-crumbs e12515-e1 m9nn-0\" role=\"navigation\"><ol class=\"x-crumbs-list\" itemscope=\"\" itemtype=\"http:\/\/schema.org\/BreadcrumbList\" aria-label=\"Breadcrumb Navigation\"><li class=\"x-crumbs-list-item\" itemprop=\"itemListElement\" itemscope itemtype=\"http:\/\/schema.org\/ListItem\"><a class=\"x-crumbs-current x-crumbs-link\" itemtype=\"http:\/\/schema.org\/Thing\" itemprop=\"item\" href=\"https:\/\/test.esolutions.free2move.com\/eu\/pt_pt\/\" title=\"You Are Here\"><span itemprop=\"name\">Home<\/span><\/a><meta itemprop=\"position\" content=\"1\"><\/li><\/ol><\/nav><div class=\"x-section e12515-e2 m9nn-1 m9nn-2 m9nn-3\"><div class=\"x-row x-container max width e12515-e3 m9nn-6 m9nn-7 m9nn-9\"><div class=\"x-row-inner\"><div class=\"x-col e12515-e4 m9nn-i m9nn-j m9nn-k m9nn-l m9nn-m m9nn-n es_gap\"><div class=\"x-div e12515-e5 m9nn-t m9nn-u\"><div class=\"x-text x-text-headline e12515-e6 m9nn-w m9nn-x\"><div class=\"x-text-content\"><div class=\"x-text-content-text\"><h2 class=\"x-text-content-text-primary\">Contactar-nos<\/h2><\/div><\/div><\/div><div class=\"x-text x-content e12515-e7 m9nn-z m9nn-10 m9nn-11 m9nn-12\"><p>Se tiver alguma d\u00favida ou se pretender receber mais informa\u00e7\u00f5es sobre a Free2move eSolutions, teremos todo o gosto em contact\u00e1-lo!<\/p><\/div><\/div><\/div><div class=\"x-col e12515-e8 m9nn-k m9nn-l m9nn-m m9nn-n\"><span class=\"x-image e12515-e9 m9nn-1a m9nn-1b\"><img decoding=\"async\" src=\"https:\/\/test.esolutions.free2move.com\/eu\/wp-content\/uploads\/2024\/03\/AdobeStock_583892761-scaled.jpeg\" width=\"2560\" height=\"1414\" alt=\"Image\" loading=\"lazy\"><\/span><\/div><\/div><\/div><\/div><div class=\"x-section e12515-e10 m9nn-1 m9nn-4\"><div class=\"x-row x-container max width e12515-e11 m9nn-6 m9nn-8 m9nn-a m9nn-b\"><div class=\"x-row-inner\"><div class=\"x-col e12515-e12 m9nn-i m9nn-j m9nn-l m9nn-m m9nn-n m9nn-o mobile_hidden\"><hr class=\"x-line e12515-e13 m9nn-1d\"\/><\/div><div class=\"x-col e12515-e14 m9nn-l m9nn-m m9nn-n m9nn-o es_gap\"><div class=\"x-row e12515-e15 m9nn-6 m9nn-8 m9nn-a m9nn-c\"><div class=\"x-row-inner\"><div class=\"x-col e12515-e16 m9nn-l m9nn-m m9nn-n m9nn-o\"><div class=\"x-text x-content e12515-e17 m9nn-10 m9nn-12 m9nn-13 m9nn-14 m9nn-15\"><p>Contactar-nos \u00e9 f\u00e1cil, pode escrever-nos um e-mail ou telefonar-nos, um dos nossos representantes responder\u00e1 a todas as suas perguntas.<\/p><\/div><\/div><\/div><\/div><div class=\"x-row e12515-e18 m9nn-6 m9nn-8 m9nn-a m9nn-d\"><div class=\"x-row-inner\"><div class=\"x-col e12515-e19 m9nn-i m9nn-l m9nn-m m9nn-o m9nn-p m9nn-q es_gap\"><div class=\"x-div e12515-e20 m9nn-t m9nn-u\"><a class=\"x-div e12515-e21 m9nn-t m9nn-v\" href=\"https:\/\/www.esolutionscharging.com\/en_IT\/write-us\" target=\"_blank\"><div class=\"x-text x-content e12515-e22 m9nn-10 m9nn-13 m9nn-16 m9nn-17 text-md\"><p>Contactar-nos<\/p><\/div><\/a><\/div><\/div><\/div><\/div><\/div><\/div><\/div><\/div><div class=\"x-section e12515-e23 m9nn-1 m9nn-2\"><div class=\"x-row x-container max width e12515-e24 m9nn-6 m9nn-8 m9nn-a m9nn-e\"><div class=\"x-row-inner\"><div class=\"x-col e12515-e25 m9nn-l m9nn-m m9nn-o m9nn-q m9nn-r\"><div class=\"x-text x-text-headline e12515-e26 m9nn-x m9nn-y\"><div class=\"x-text-content\"><div class=\"x-text-content-text\"><h1 class=\"x-text-content-text-primary\">Localiza\u00e7\u00f5es<\/h1><\/div><\/div><\/div><\/div><\/div><\/div><div class=\"x-row x-container max width e12515-e27 m9nn-6 m9nn-8 m9nn-a m9nn-f\"><div class=\"x-row-inner\"><div class=\"x-col e12515-e28 m9nn-l m9nn-m m9nn-n m9nn-o\"><div class=\"x-row e12515-e29 m9nn-6 m9nn-8 m9nn-a m9nn-g\"><div class=\"x-row-inner\"><div class=\"x-col e12515-e30 m9nn-i m9nn-j m9nn-l m9nn-m m9nn-n m9nn-o\"><span class=\"x-image e12515-e31 m9nn-1a m9nn-1c\"><img decoding=\"async\" src=\"https:\/\/test.esolutions.free2move.com\/eu\/wp-content\/uploads\/2024\/03\/bg-row-3.png\" width=\"375\" height=\"280\" alt=\"Image\" loading=\"lazy\"><\/span><\/div><div class=\"x-col e12515-e32 m9nn-l m9nn-o m9nn-s\"><span class=\"x-image e12515-e33 m9nn-1a m9nn-1c\"><img decoding=\"async\" src=\"https:\/\/test.esolutions.free2move.com\/eu\/wp-content\/uploads\/2024\/03\/Vector-3-1-1.png\" width=\"34\" height=\"40\" alt=\"Image\" loading=\"lazy\"><\/span><div class=\"x-text x-content e12515-e34 m9nn-10 m9nn-11 m9nn-15 m9nn-16 m9nn-18 text-l\"><p>Mil\u00e3o<\/p><\/div><div class=\"x-text x-content e12515-e35 m9nn-10 m9nn-13 m9nn-16 m9nn-19 m9nn-5 text-md\"><p><a href=\"https:\/\/www.google.it\/maps\/place\/Piazzale+Lodi,+3,+20137+Milano+MI\/@45.4475972,9.2081837,17z\/data=!3m1!4b1!4m6!3m5!1s0x4786c42526688eb1:0x6fb0875cb44e3e06!8m2!3d45.4475935!4d9.2107586!16s%2Fg%2F11c27j_g0r?entry=ttu\">Piazzale Lodi, 3<br>20137 Mil\u00e3o<br>It\u00e1lia<\/a><\/p><\/div><\/div><\/div><\/div><\/div><div class=\"x-col e12515-e36 m9nn-l m9nn-m m9nn-n m9nn-o\"><div class=\"x-row e12515-e37 m9nn-6 m9nn-8 m9nn-a m9nn-h\"><div class=\"x-row-inner\"><div class=\"x-col e12515-e38 m9nn-i m9nn-j m9nn-l m9nn-m m9nn-n m9nn-o\"><span class=\"x-image e12515-e39 m9nn-1a m9nn-1c\"><img decoding=\"async\" src=\"https:\/\/test.esolutions.free2move.com\/eu\/wp-content\/uploads\/2024\/03\/bg-row-1-2.png\" width=\"375\" height=\"280\" alt=\"Image\" loading=\"lazy\"><\/span><\/div><div class=\"x-col e12515-e40 m9nn-l m9nn-o m9nn-s\"><span class=\"x-image e12515-e41 m9nn-1a m9nn-1c\"><img decoding=\"async\" src=\"https:\/\/test.esolutions.free2move.com\/eu\/wp-content\/uploads\/2024\/03\/Vector-3-1-1.png\" width=\"34\" height=\"40\" alt=\"Image\" loading=\"lazy\"><\/span><div class=\"x-text x-content e12515-e42 m9nn-10 m9nn-11 m9nn-15 m9nn-16 m9nn-18 text-l\"><p>Turim<\/p><\/div><div class=\"x-text x-content e12515-e43 m9nn-10 m9nn-13 m9nn-16 m9nn-19 m9nn-5 text-md\"><a href=\"https:\/\/www.google.it\/maps\/place\/C.so+Orbassano,+367,+10137+Torino+TO\/@45.0335519,7.6199158,17z\/data=!3m1!4b1!4m6!3m5!1s0x478813477e5fd6a5:0xcfe700ddd231cc93!8m2!3d45.0335481!4d7.6224907!16s%2Fg%2F11b8ym_prw?entry=ttu\">Mirafiori Posta 12,<br>\nC.so Orbassano 367<br>\n10137 Turim<br>\nIt\u00e1lia<\/a><\/div><\/div><\/div><\/div><\/div><\/div><\/div><\/div><\/div>\n","protected":false},"excerpt":{"rendered":"<p>HomeContactar-nosSe tiver alguma d\u00favida ou se pretender receber mais informa\u00e7\u00f5es sobre a Free2move eSolutions, teremos todo o gosto em contact\u00e1-lo!Contactar-nos \u00e9 f\u00e1cil, pode escrever-nos um e-mail ou telefonar-nos, um dos nossos representantes responder\u00e1 a todas as suas perguntas.Contactar-nosLocaliza\u00e7\u00f5esMil\u00e3oPiazzale Lodi, 320137 Mil\u00e3oIt\u00e1liaTurimMirafiori Posta 12, C.so Orbassano 367 10137 Turim It\u00e1lia<\/p>\n","protected":false},"author":1,"featured_media":0,"parent":0,"menu_order":0,"comment_status":"closed","ping_status":"closed","template":"template-blank-4.php","meta":{"_acf_changed":false,"inline_featured_image":false,"footnotes":""},"class_list":["post-50389","page","type-page","status-publish","hentry","no-post-thumbnail"],"acf":[],"yoast_head":"<!-- This site is optimized with the Yoast SEO plugin v24.4 - https:\/\/yoast.com\/wordpress\/plugins\/seo\/ -->\n<title>Contactar-nos - eSolution europe<\/title>\n<meta name=\"robots\" content=\"index, follow, max-snippet:-1, max-image-preview:large, max-video-preview:-1\" \/>\n<link rel=\"canonical\" href=\"https:\/\/test.esolutions.free2move.com\/eu\/pt_pt\/contactar-nos\/\" \/>\n<meta property=\"og:locale\" content=\"pt_PT\" \/>\n<meta property=\"og:type\" content=\"article\" \/>\n<meta property=\"og:title\" content=\"Contactar-nos - eSolution europe\" \/>\n<meta property=\"og:description\" content=\"HomeContactar-nosSe tiver alguma d\u00favida ou se pretender receber mais informa\u00e7\u00f5es sobre a Free2move eSolutions, teremos todo o gosto em contact\u00e1-lo!Contactar-nos \u00e9 f\u00e1cil, pode escrever-nos um e-mail ou telefonar-nos, um dos nossos representantes responder\u00e1 a todas as suas perguntas.Contactar-nosLocaliza\u00e7\u00f5esMil\u00e3oPiazzale Lodi, 320137 Mil\u00e3oIt\u00e1liaTurimMirafiori Posta 12, C.so Orbassano 367 10137 Turim It\u00e1lia\" \/>\n<meta property=\"og:url\" content=\"https:\/\/test.esolutions.free2move.com\/eu\/pt_pt\/contactar-nos\/\" \/>\n<meta property=\"og:site_name\" content=\"eSolution europe\" \/>\n<meta name=\"twitter:card\" content=\"summary_large_image\" \/>\n<meta name=\"twitter:label1\" content=\"Est. reading time\" \/>\n\t<meta name=\"twitter:data1\" content=\"2 minutes\" \/>\n<script type=\"application\/ld+json\" class=\"yoast-schema-graph\">{\"@context\":\"https:\/\/schema.org\",\"@graph\":[{\"@type\":\"WebPage\",\"@id\":\"https:\/\/test.esolutions.free2move.com\/eu\/pt_pt\/contactar-nos\/\",\"url\":\"https:\/\/test.esolutions.free2move.com\/eu\/pt_pt\/contactar-nos\/\",\"name\":\"Contactar-nos - eSolution europe\",\"isPartOf\":{\"@id\":\"https:\/\/test.esolutions.free2move.com\/eu\/en_it\/#website\"},\"datePublished\":\"2024-03-18T11:52:16+00:00\",\"breadcrumb\":{\"@id\":\"https:\/\/test.esolutions.free2move.com\/eu\/pt_pt\/contactar-nos\/#breadcrumb\"},\"inLanguage\":\"pt-pt\",\"potentialAction\":[{\"@type\":\"ReadAction\",\"target\":[\"https:\/\/test.esolutions.free2move.com\/eu\/pt_pt\/contactar-nos\/\"]}]},{\"@type\":\"BreadcrumbList\",\"@id\":\"https:\/\/test.esolutions.free2move.com\/eu\/pt_pt\/contactar-nos\/#breadcrumb\",\"itemListElement\":[{\"@type\":\"ListItem\",\"position\":1,\"name\":\"Home\",\"item\":\"https:\/\/test.esolutions.free2move.com\/eu\/pt_pt\/\"},{\"@type\":\"ListItem\",\"position\":2,\"name\":\"Contactar-nos\"}]},{\"@type\":\"WebSite\",\"@id\":\"https:\/\/test.esolutions.free2move.com\/eu\/en_it\/#website\",\"url\":\"https:\/\/test.esolutions.free2move.com\/eu\/en_it\/\",\"name\":\"eSolutions europe\",\"description\":\"\",\"publisher\":{\"@id\":\"https:\/\/test.esolutions.free2move.com\/eu\/en_it\/#organization\"},\"potentialAction\":[{\"@type\":\"SearchAction\",\"target\":{\"@type\":\"EntryPoint\",\"urlTemplate\":\"https:\/\/test.esolutions.free2move.com\/eu\/en_it\/?s={search_term_string}\"},\"query-input\":{\"@type\":\"PropertyValueSpecification\",\"valueRequired\":true,\"valueName\":\"search_term_string\"}}],\"inLanguage\":\"pt-pt\"},{\"@type\":\"Organization\",\"@id\":\"https:\/\/test.esolutions.free2move.com\/eu\/en_it\/#organization\",\"name\":\"eSolutions europe\",\"url\":\"https:\/\/test.esolutions.free2move.com\/eu\/en_it\/\",\"logo\":{\"@type\":\"ImageObject\",\"inLanguage\":\"pt-pt\",\"@id\":\"https:\/\/test.esolutions.free2move.com\/eu\/en_it\/#\/schema\/logo\/image\/\",\"url\":\"https:\/\/www.esolutions.free2move.com\/eu\/wp-content\/uploads\/2024\/03\/logo-f2m-horizontal-1-1-1.png\",\"contentUrl\":\"https:\/\/www.esolutions.free2move.com\/eu\/wp-content\/uploads\/2024\/03\/logo-f2m-horizontal-1-1-1.png\",\"width\":865,\"height\":218,\"caption\":\"eSolutions europe\"},\"image\":{\"@id\":\"https:\/\/test.esolutions.free2move.com\/eu\/en_it\/#\/schema\/logo\/image\/\"}}]}<\/script>\n<!-- \/ Yoast SEO plugin. -->","yoast_head_json":{"title":"Contactar-nos - eSolution europe","robots":{"index":"index","follow":"follow","max-snippet":"max-snippet:-1","max-image-preview":"max-image-preview:large","max-video-preview":"max-video-preview:-1"},"canonical":"https:\/\/test.esolutions.free2move.com\/eu\/pt_pt\/contactar-nos\/","og_locale":"pt_PT","og_type":"article","og_title":"Contactar-nos - eSolution europe","og_description":"HomeContactar-nosSe tiver alguma d\u00favida ou se pretender receber mais informa\u00e7\u00f5es sobre a Free2move eSolutions, teremos todo o gosto em contact\u00e1-lo!Contactar-nos \u00e9 f\u00e1cil, pode escrever-nos um e-mail ou telefonar-nos, um dos nossos representantes responder\u00e1 a todas as suas perguntas.Contactar-nosLocaliza\u00e7\u00f5esMil\u00e3oPiazzale Lodi, 320137 Mil\u00e3oIt\u00e1liaTurimMirafiori Posta 12, C.so Orbassano 367 10137 Turim It\u00e1lia","og_url":"https:\/\/test.esolutions.free2move.com\/eu\/pt_pt\/contactar-nos\/","og_site_name":"eSolution europe","twitter_card":"summary_large_image","twitter_misc":{"Est. reading time":"2 minutes"},"schema":{"@context":"https:\/\/schema.org","@graph":[{"@type":"WebPage","@id":"https:\/\/test.esolutions.free2move.com\/eu\/pt_pt\/contactar-nos\/","url":"https:\/\/test.esolutions.free2move.com\/eu\/pt_pt\/contactar-nos\/","name":"Contactar-nos - eSolution europe","isPartOf":{"@id":"https:\/\/test.esolutions.free2move.com\/eu\/en_it\/#website"},"datePublished":"2024-03-18T11:52:16+00:00","breadcrumb":{"@id":"https:\/\/test.esolutions.free2move.com\/eu\/pt_pt\/contactar-nos\/#breadcrumb"},"inLanguage":"pt-pt","potentialAction":[{"@type":"ReadAction","target":["https:\/\/test.esolutions.free2move.com\/eu\/pt_pt\/contactar-nos\/"]}]},{"@type":"BreadcrumbList","@id":"https:\/\/test.esolutions.free2move.com\/eu\/pt_pt\/contactar-nos\/#breadcrumb","itemListElement":[{"@type":"ListItem","position":1,"name":"Home","item":"https:\/\/test.esolutions.free2move.com\/eu\/pt_pt\/"},{"@type":"ListItem","position":2,"name":"Contactar-nos"}]},{"@type":"WebSite","@id":"https:\/\/test.esolutions.free2move.com\/eu\/en_it\/#website","url":"https:\/\/test.esolutions.free2move.com\/eu\/en_it\/","name":"eSolutions europe","description":"","publisher":{"@id":"https:\/\/test.esolutions.free2move.com\/eu\/en_it\/#organization"},"potentialAction":[{"@type":"SearchAction","target":{"@type":"EntryPoint","urlTemplate":"https:\/\/test.esolutions.free2move.com\/eu\/en_it\/?s={search_term_string}"},"query-input":{"@type":"PropertyValueSpecification","valueRequired":true,"valueName":"search_term_string"}}],"inLanguage":"pt-pt"},{"@type":"Organization","@id":"https:\/\/test.esolutions.free2move.com\/eu\/en_it\/#organization","name":"eSolutions europe","url":"https:\/\/test.esolutions.free2move.com\/eu\/en_it\/","logo":{"@type":"ImageObject","inLanguage":"pt-pt","@id":"https:\/\/test.esolutions.free2move.com\/eu\/en_it\/#\/schema\/logo\/image\/","url":"https:\/\/www.esolutions.free2move.com\/eu\/wp-content\/uploads\/2024\/03\/logo-f2m-horizontal-1-1-1.png","contentUrl":"https:\/\/www.esolutions.free2move.com\/eu\/wp-content\/uploads\/2024\/03\/logo-f2m-horizontal-1-1-1.png","width":865,"height":218,"caption":"eSolutions europe"},"image":{"@id":"https:\/\/test.esolutions.free2move.com\/eu\/en_it\/#\/schema\/logo\/image\/"}}]}},"_links":{"self":[{"href":"https:\/\/test.esolutions.free2move.com\/eu\/pt_pt\/wp-json\/wp\/v2\/pages\/50389","targetHints":{"allow":["GET"]}}],"collection":[{"href":"https:\/\/test.esolutions.free2move.com\/eu\/pt_pt\/wp-json\/wp\/v2\/pages"}],"about":[{"href":"https:\/\/test.esolutions.free2move.com\/eu\/pt_pt\/wp-json\/wp\/v2\/types\/page"}],"author":[{"embeddable":true,"href":"https:\/\/test.esolutions.free2move.com\/eu\/pt_pt\/wp-json\/wp\/v2\/users\/1"}],"replies":[{"embeddable":true,"href":"https:\/\/test.esolutions.free2move.com\/eu\/pt_pt\/wp-json\/wp\/v2\/comments?post=50389"}],"version-history":[{"count":0,"href":"https:\/\/test.esolutions.free2move.com\/eu\/pt_pt\/wp-json\/wp\/v2\/pages\/50389\/revisions"}],"wp:attachment":[{"href":"https:\/\/test.esolutions.free2move.com\/eu\/pt_pt\/wp-json\/wp\/v2\/media?parent=50389"}],"curies":[{"name":"wp","href":"https:\/\/api.w.org\/{rel}","templated":true}]}}