{"id":50390,"date":"2024-03-18T11:34:21","date_gmt":"2024-03-18T11:34:21","guid":{"rendered":"https:\/\/test.esolutions.free2move.com\/eu\/empresa\/"},"modified":"2024-03-18T11:34:21","modified_gmt":"2024-03-18T11:34:21","slug":"empresa","status":"publish","type":"page","link":"https:\/\/test.esolutions.free2move.com\/eu\/pt_pt\/empresa\/","title":{"rendered":"Empresa"},"content":{"rendered":"<div id=\"cs-content\" class=\"cs-content\"><nav class=\"x-crumbs e12503-e1 m9nb-0\" role=\"navigation\"><ol class=\"x-crumbs-list\" itemscope=\"\" itemtype=\"http:\/\/schema.org\/BreadcrumbList\" aria-label=\"Breadcrumb Navigation\"><li class=\"x-crumbs-list-item\" itemprop=\"itemListElement\" itemscope itemtype=\"http:\/\/schema.org\/ListItem\"><a class=\"x-crumbs-current x-crumbs-link\" itemtype=\"http:\/\/schema.org\/Thing\" itemprop=\"item\" href=\"https:\/\/test.esolutions.free2move.com\/eu\/pt_pt\/\" title=\"You Are Here\"><span itemprop=\"name\">Home<\/span><\/a><meta itemprop=\"position\" content=\"1\"><\/li><\/ol><\/nav><div class=\"x-section e12503-e2 m9nb-1 m9nb-2 m9nb-3 m9nb-4\"><div class=\"x-row x-container max width e12503-e3 m9nb-8 m9nb-9 m9nb-a m9nb-b m9nb-h\"><div class=\"x-row-inner\"><div class=\"x-col e12503-e4 m9nb-r m9nb-s m9nb-t m9nb-u m9nb-v es_gap\"><div class=\"x-div e12503-e5 m9nb-11\"><div class=\"x-text x-text-headline e12503-e6 m9nb-12\"><div class=\"x-text-content\"><div class=\"x-text-content-text\"><h2 class=\"x-text-content-text-primary\">Free2move eSolutions<\/h2><\/div><\/div><\/div><div class=\"x-text x-content e12503-e7 m9nb-13 m9nb-14 m9nb-15 m9nb-16\"><div class=\"ewa-rteLine\"><strong>Liberdade de carregamento<\/strong><\/div><\/div><\/div><\/div><div class=\"x-col e12503-e8 m9nb-t m9nb-u m9nb-v\"><span class=\"x-image e12503-e9 m9nb-19 m9nb-1a\"><img decoding=\"async\" src=\"https:\/\/test.esolutions.free2move.com\/eu\/wp-content\/uploads\/2024\/04\/AdobeStock_295114965-scaled.jpeg\" width=\"2560\" height=\"1677\" alt=\"Image\" loading=\"lazy\"><\/span><\/div><\/div><\/div><\/div><div class=\"x-section e12503-e10 m9nb-1 m9nb-4 m9nb-5\"><div class=\"x-row x-container max width e12503-e11 m9nb-8 m9nb-9 m9nb-a m9nb-c m9nb-d m9nb-i m9nb-j\"><div class=\"x-row-inner\"><div class=\"x-col x-hide-md x-hide-sm x-hide-xs e12503-e12 m9nb-u m9nb-v m9nb-w\"><hr class=\"x-line e12503-e13 m9nb-1c\"\/><\/div><div class=\"x-col e12503-e14 m9nb-r m9nb-s m9nb-u m9nb-v m9nb-w es_gap\"><div class=\"x-row e12503-e15 m9nb-8 m9nb-9 m9nb-a m9nb-d m9nb-i m9nb-k\"><div class=\"x-row-inner\"><div class=\"x-col e12503-e16 m9nb-u m9nb-v m9nb-w\"><div class=\"x-text x-content e12503-e17 m9nb-14 m9nb-16 m9nb-17 text-l\"><div class=\"ewa-rteLine\">Dedicamo-nos a conceber e produzir esta\u00e7\u00f5es de carregamento inteligentes e servi\u00e7os digitais para simplificar a vida dos condutores el\u00e9ctricos. Apoiamos a transi\u00e7\u00e3o para a mobilidade el\u00e9ctrica sustent\u00e1vel, oferecendo solu\u00e7\u00f5es simples de utilizar que tornar\u00e3o esta mudan\u00e7a intuitiva e sem problemas.<\/div><\/div><\/div><\/div><\/div><\/div><\/div><\/div><\/div><div class=\"x-section e12503-e18 m9nb-1 m9nb-2 m9nb-6\"><div class=\"x-row x-container max width e12503-e19 m9nb-8 m9nb-9 m9nb-d m9nb-e m9nb-i m9nb-l row_reverse\"><div class=\"x-row-inner\"><div class=\"x-col e12503-e20 m9nb-r m9nb-t m9nb-u m9nb-x m9nb-y mobile-unset\"><div class=\"x-row e12503-e21 m9nb-8 m9nb-9 m9nb-a m9nb-d m9nb-f m9nb-i m9nb-m\"><div class=\"x-row-inner\"><div class=\"x-col e12503-e22 m9nb-u m9nb-v m9nb-w m9nb-z\"><div class=\"x-text x-text-headline e12503-e23 m9nb-12\"><div class=\"x-text-content\"><div class=\"x-text-content-text\"><h2 class=\"x-text-content-text-primary\">Sobre n\u00f3s<\/h2><\/div><\/div><\/div><div class=\"x-text x-content e12503-e24 m9nb-14 m9nb-15 m9nb-18\">Gra\u00e7as \u00e0 nossa paix\u00e3o pela mudan\u00e7a e \u00e0 nossa cont\u00ednua inova\u00e7\u00e3o tecnol\u00f3gica, digitaliza\u00e7\u00e3o e abordagem pioneira ao desenvolvimento, produ\u00e7\u00e3o e oferta, simplificamos a abordagem e a transi\u00e7\u00e3o para a mobilidade do futuro, criando produtos eficientes e simples de utilizar.<\/div><a class=\"x-anchor x-anchor-button e12503-e25 m9nb-1d es_button_hover\" tabindex=\"0\" href=\".\/about-us\"><div class=\"x-anchor-content\"><div class=\"x-anchor-text\"><span class=\"x-anchor-text-primary\">Saiba mais<\/span><\/div><\/div><\/a><\/div><\/div><\/div><\/div><div class=\"x-col e12503-e26 m9nb-r m9nb-u m9nb-v m9nb-w m9nb-x m9nb-10\"><span class=\"x-image e12503-e27 m9nb-19 m9nb-1b\"><img decoding=\"async\" src=\"https:\/\/test.esolutions.free2move.com\/eu\/wp-content\/uploads\/2024\/03\/eSolutions-Charging-06a.jpg\" width=\"7952\" height=\"5304\" alt=\"Image\" loading=\"lazy\"><\/span><\/div><\/div><\/div><\/div><div class=\"x-section e12503-e28 m9nb-1 m9nb-7\"><div class=\"x-row x-container max width e12503-e29 m9nb-8 m9nb-d m9nb-e m9nb-g m9nb-i m9nb-n row_reverse\"><div class=\"x-row-inner\"><div class=\"x-col e12503-e30 m9nb-r m9nb-t m9nb-u m9nb-x m9nb-y mobile-unset\"><div class=\"x-row e12503-e31 m9nb-8 m9nb-9 m9nb-a m9nb-d m9nb-f m9nb-i m9nb-o\"><div class=\"x-row-inner\"><div class=\"x-col e12503-e32 m9nb-u m9nb-v m9nb-w m9nb-z\"><div class=\"x-text x-text-headline e12503-e33 m9nb-12\"><div class=\"x-text-content\"><div class=\"x-text-content-text\"><h2 class=\"x-text-content-text-primary\">Governa\u00e7\u00e3o e \u00e9tica<\/h2><\/div><\/div><\/div><div class=\"x-text x-content e12503-e34 m9nb-14 m9nb-15 m9nb-18\"><p>Saiba mais sobre o nosso <b>Conselho de Administra\u00e7\u00e3o<\/b> altamente empenhado em supervisionar a nossa estrat\u00e9gia empresarial e os nossos elevados padr\u00f5es \u00e9ticos baseados na integridade como mandato orientador de todas as nossas escolhas.<\/p><\/div><a class=\"x-anchor x-anchor-button e12503-e35 m9nb-1d es_button_hover\" tabindex=\"0\" href=\".\/governance-ethics\"><div class=\"x-anchor-content\"><div class=\"x-anchor-text\"><span class=\"x-anchor-text-primary\">Saiba mais<\/span><\/div><\/div><\/a><\/div><\/div><\/div><\/div><div class=\"x-col e12503-e36 m9nb-r m9nb-u m9nb-v m9nb-w m9nb-x m9nb-10\"><span class=\"x-image e12503-e37 m9nb-19 m9nb-1b\"><img decoding=\"async\" src=\"https:\/\/test.esolutions.free2move.com\/eu\/wp-content\/uploads\/2024\/03\/iStock-1010836150-1-1.jpg\" width=\"1398\" height=\"850\" alt=\"Image\" loading=\"lazy\"><\/span><\/div><\/div><\/div><\/div><div class=\"x-section e12503-e38 m9nb-1 m9nb-4 m9nb-5\"><div class=\"x-row x-container max width e12503-e39 m9nb-8 m9nb-9 m9nb-d m9nb-e m9nb-i m9nb-p row_reverse\"><div class=\"x-row-inner\"><div class=\"x-col e12503-e40 m9nb-r m9nb-t m9nb-u m9nb-x m9nb-y mobile-unset\"><div class=\"x-row e12503-e41 m9nb-8 m9nb-9 m9nb-a m9nb-d m9nb-f m9nb-i m9nb-q\"><div class=\"x-row-inner\"><div class=\"x-col e12503-e42 m9nb-u m9nb-v m9nb-w m9nb-z\"><div class=\"x-text x-text-headline e12503-e43 m9nb-12\"><div class=\"x-text-content\"><div class=\"x-text-content-text\"><h2 class=\"x-text-content-text-primary\">Projeto DrossOne V2G<\/h2><\/div><\/div><\/div><div class=\"x-text x-content e12503-e44 m9nb-14 m9nb-15 m9nb-18\"><p>O <b>projeto DrossOne V2G Parking<\/b> \u00e9 um sistema V2G (vehicle-to-grid) de grande escala com armazenamento de energia integrado, desenvolvido com o apoio do Fundo de Inova\u00e7\u00e3o da Comiss\u00e3o Europeia.<\/p><\/div><a class=\"x-anchor x-anchor-button e12503-e45 m9nb-1d es_button_hover\" tabindex=\"0\" href=\".\/drossone-v2g-project\"><div class=\"x-anchor-content\"><div class=\"x-anchor-text\"><span class=\"x-anchor-text-primary\">Saiba mais<\/span><\/div><\/div><\/a><\/div><\/div><\/div><\/div><div class=\"x-col e12503-e46 m9nb-r m9nb-u m9nb-v m9nb-w m9nb-x m9nb-10\"><span class=\"x-image e12503-e47 m9nb-19 m9nb-1b\"><img decoding=\"async\" src=\"https:\/\/test.esolutions.free2move.com\/eu\/wp-content\/uploads\/2024\/04\/DJI_0533-scaled.jpg\" width=\"2560\" height=\"1705\" alt=\"Image\" loading=\"lazy\"><\/span><\/div><\/div><\/div><\/div><\/div>\n","protected":false},"excerpt":{"rendered":"<p>HomeFree2move eSolutionsLiberdade de carregamentoDedicamo-nos a conceber e produzir esta\u00e7\u00f5es de carregamento inteligentes e servi\u00e7os digitais para simplificar a vida dos condutores el\u00e9ctricos. Apoiamos a transi\u00e7\u00e3o para a mobilidade el\u00e9ctrica sustent\u00e1vel, oferecendo solu\u00e7\u00f5es simples de utilizar que tornar\u00e3o esta mudan\u00e7a intuitiva e sem problemas.Sobre n\u00f3sGra\u00e7as \u00e0 nossa paix\u00e3o pela mudan\u00e7a e \u00e0 nossa cont\u00ednua inova\u00e7\u00e3o tecnol\u00f3gica, digitaliza\u00e7\u00e3o e abordagem pioneira ao &#8230; <\/p>\n<div><a href=\"https:\/\/test.esolutions.free2move.com\/eu\/pt_pt\/empresa\/\" class=\"more-link\">Read More<\/a><\/div>\n","protected":false},"author":1,"featured_media":0,"parent":0,"menu_order":0,"comment_status":"closed","ping_status":"closed","template":"template-blank-4.php","meta":{"_acf_changed":false,"inline_featured_image":false,"footnotes":""},"class_list":["post-50390","page","type-page","status-publish","hentry","no-post-thumbnail"],"acf":[],"yoast_head":"<!-- This site is optimized with the Yoast SEO plugin v24.4 - https:\/\/yoast.com\/wordpress\/plugins\/seo\/ -->\n<title>Empresa - eSolution europe<\/title>\n<meta name=\"robots\" content=\"index, follow, max-snippet:-1, max-image-preview:large, max-video-preview:-1\" \/>\n<link rel=\"canonical\" href=\"https:\/\/test.esolutions.free2move.com\/eu\/pt_pt\/empresa\/\" \/>\n<meta property=\"og:locale\" content=\"pt_PT\" \/>\n<meta property=\"og:type\" content=\"article\" \/>\n<meta property=\"og:title\" content=\"Empresa - eSolution europe\" \/>\n<meta property=\"og:description\" content=\"HomeFree2move eSolutionsLiberdade de carregamentoDedicamo-nos a conceber e produzir esta\u00e7\u00f5es de carregamento inteligentes e servi\u00e7os digitais para simplificar a vida dos condutores el\u00e9ctricos. Apoiamos a transi\u00e7\u00e3o para a mobilidade el\u00e9ctrica sustent\u00e1vel, oferecendo solu\u00e7\u00f5es simples de utilizar que tornar\u00e3o esta mudan\u00e7a intuitiva e sem problemas.Sobre n\u00f3sGra\u00e7as \u00e0 nossa paix\u00e3o pela mudan\u00e7a e \u00e0 nossa cont\u00ednua inova\u00e7\u00e3o tecnol\u00f3gica, digitaliza\u00e7\u00e3o e abordagem pioneira ao ... Read More\" \/>\n<meta property=\"og:url\" content=\"https:\/\/test.esolutions.free2move.com\/eu\/pt_pt\/empresa\/\" \/>\n<meta property=\"og:site_name\" content=\"eSolution europe\" \/>\n<meta name=\"twitter:card\" content=\"summary_large_image\" \/>\n<meta name=\"twitter:label1\" content=\"Est. reading time\" \/>\n\t<meta name=\"twitter:data1\" content=\"3 minutes\" \/>\n<script type=\"application\/ld+json\" class=\"yoast-schema-graph\">{\"@context\":\"https:\/\/schema.org\",\"@graph\":[{\"@type\":\"WebPage\",\"@id\":\"https:\/\/test.esolutions.free2move.com\/eu\/pt_pt\/empresa\/\",\"url\":\"https:\/\/test.esolutions.free2move.com\/eu\/pt_pt\/empresa\/\",\"name\":\"Empresa - eSolution europe\",\"isPartOf\":{\"@id\":\"https:\/\/test.esolutions.free2move.com\/eu\/en_it\/#website\"},\"datePublished\":\"2024-03-18T11:34:21+00:00\",\"breadcrumb\":{\"@id\":\"https:\/\/test.esolutions.free2move.com\/eu\/pt_pt\/empresa\/#breadcrumb\"},\"inLanguage\":\"pt-pt\",\"potentialAction\":[{\"@type\":\"ReadAction\",\"target\":[\"https:\/\/test.esolutions.free2move.com\/eu\/pt_pt\/empresa\/\"]}]},{\"@type\":\"BreadcrumbList\",\"@id\":\"https:\/\/test.esolutions.free2move.com\/eu\/pt_pt\/empresa\/#breadcrumb\",\"itemListElement\":[{\"@type\":\"ListItem\",\"position\":1,\"name\":\"Home\",\"item\":\"https:\/\/test.esolutions.free2move.com\/eu\/pt_pt\/\"},{\"@type\":\"ListItem\",\"position\":2,\"name\":\"Empresa\"}]},{\"@type\":\"WebSite\",\"@id\":\"https:\/\/test.esolutions.free2move.com\/eu\/en_it\/#website\",\"url\":\"https:\/\/test.esolutions.free2move.com\/eu\/en_it\/\",\"name\":\"eSolutions europe\",\"description\":\"\",\"publisher\":{\"@id\":\"https:\/\/test.esolutions.free2move.com\/eu\/en_it\/#organization\"},\"potentialAction\":[{\"@type\":\"SearchAction\",\"target\":{\"@type\":\"EntryPoint\",\"urlTemplate\":\"https:\/\/test.esolutions.free2move.com\/eu\/en_it\/?s={search_term_string}\"},\"query-input\":{\"@type\":\"PropertyValueSpecification\",\"valueRequired\":true,\"valueName\":\"search_term_string\"}}],\"inLanguage\":\"pt-pt\"},{\"@type\":\"Organization\",\"@id\":\"https:\/\/test.esolutions.free2move.com\/eu\/en_it\/#organization\",\"name\":\"eSolutions europe\",\"url\":\"https:\/\/test.esolutions.free2move.com\/eu\/en_it\/\",\"logo\":{\"@type\":\"ImageObject\",\"inLanguage\":\"pt-pt\",\"@id\":\"https:\/\/test.esolutions.free2move.com\/eu\/en_it\/#\/schema\/logo\/image\/\",\"url\":\"https:\/\/www.esolutions.free2move.com\/eu\/wp-content\/uploads\/2024\/03\/logo-f2m-horizontal-1-1-1.png\",\"contentUrl\":\"https:\/\/www.esolutions.free2move.com\/eu\/wp-content\/uploads\/2024\/03\/logo-f2m-horizontal-1-1-1.png\",\"width\":865,\"height\":218,\"caption\":\"eSolutions europe\"},\"image\":{\"@id\":\"https:\/\/test.esolutions.free2move.com\/eu\/en_it\/#\/schema\/logo\/image\/\"}}]}<\/script>\n<!-- \/ Yoast SEO plugin. -->","yoast_head_json":{"title":"Empresa - eSolution europe","robots":{"index":"index","follow":"follow","max-snippet":"max-snippet:-1","max-image-preview":"max-image-preview:large","max-video-preview":"max-video-preview:-1"},"canonical":"https:\/\/test.esolutions.free2move.com\/eu\/pt_pt\/empresa\/","og_locale":"pt_PT","og_type":"article","og_title":"Empresa - eSolution europe","og_description":"HomeFree2move eSolutionsLiberdade de carregamentoDedicamo-nos a conceber e produzir esta\u00e7\u00f5es de carregamento inteligentes e servi\u00e7os digitais para simplificar a vida dos condutores el\u00e9ctricos. Apoiamos a transi\u00e7\u00e3o para a mobilidade el\u00e9ctrica sustent\u00e1vel, oferecendo solu\u00e7\u00f5es simples de utilizar que tornar\u00e3o esta mudan\u00e7a intuitiva e sem problemas.Sobre n\u00f3sGra\u00e7as \u00e0 nossa paix\u00e3o pela mudan\u00e7a e \u00e0 nossa cont\u00ednua inova\u00e7\u00e3o tecnol\u00f3gica, digitaliza\u00e7\u00e3o e abordagem pioneira ao ... Read More","og_url":"https:\/\/test.esolutions.free2move.com\/eu\/pt_pt\/empresa\/","og_site_name":"eSolution europe","twitter_card":"summary_large_image","twitter_misc":{"Est. reading time":"3 minutes"},"schema":{"@context":"https:\/\/schema.org","@graph":[{"@type":"WebPage","@id":"https:\/\/test.esolutions.free2move.com\/eu\/pt_pt\/empresa\/","url":"https:\/\/test.esolutions.free2move.com\/eu\/pt_pt\/empresa\/","name":"Empresa - eSolution europe","isPartOf":{"@id":"https:\/\/test.esolutions.free2move.com\/eu\/en_it\/#website"},"datePublished":"2024-03-18T11:34:21+00:00","breadcrumb":{"@id":"https:\/\/test.esolutions.free2move.com\/eu\/pt_pt\/empresa\/#breadcrumb"},"inLanguage":"pt-pt","potentialAction":[{"@type":"ReadAction","target":["https:\/\/test.esolutions.free2move.com\/eu\/pt_pt\/empresa\/"]}]},{"@type":"BreadcrumbList","@id":"https:\/\/test.esolutions.free2move.com\/eu\/pt_pt\/empresa\/#breadcrumb","itemListElement":[{"@type":"ListItem","position":1,"name":"Home","item":"https:\/\/test.esolutions.free2move.com\/eu\/pt_pt\/"},{"@type":"ListItem","position":2,"name":"Empresa"}]},{"@type":"WebSite","@id":"https:\/\/test.esolutions.free2move.com\/eu\/en_it\/#website","url":"https:\/\/test.esolutions.free2move.com\/eu\/en_it\/","name":"eSolutions europe","description":"","publisher":{"@id":"https:\/\/test.esolutions.free2move.com\/eu\/en_it\/#organization"},"potentialAction":[{"@type":"SearchAction","target":{"@type":"EntryPoint","urlTemplate":"https:\/\/test.esolutions.free2move.com\/eu\/en_it\/?s={search_term_string}"},"query-input":{"@type":"PropertyValueSpecification","valueRequired":true,"valueName":"search_term_string"}}],"inLanguage":"pt-pt"},{"@type":"Organization","@id":"https:\/\/test.esolutions.free2move.com\/eu\/en_it\/#organization","name":"eSolutions europe","url":"https:\/\/test.esolutions.free2move.com\/eu\/en_it\/","logo":{"@type":"ImageObject","inLanguage":"pt-pt","@id":"https:\/\/test.esolutions.free2move.com\/eu\/en_it\/#\/schema\/logo\/image\/","url":"https:\/\/www.esolutions.free2move.com\/eu\/wp-content\/uploads\/2024\/03\/logo-f2m-horizontal-1-1-1.png","contentUrl":"https:\/\/www.esolutions.free2move.com\/eu\/wp-content\/uploads\/2024\/03\/logo-f2m-horizontal-1-1-1.png","width":865,"height":218,"caption":"eSolutions europe"},"image":{"@id":"https:\/\/test.esolutions.free2move.com\/eu\/en_it\/#\/schema\/logo\/image\/"}}]}},"_links":{"self":[{"href":"https:\/\/test.esolutions.free2move.com\/eu\/pt_pt\/wp-json\/wp\/v2\/pages\/50390","targetHints":{"allow":["GET"]}}],"collection":[{"href":"https:\/\/test.esolutions.free2move.com\/eu\/pt_pt\/wp-json\/wp\/v2\/pages"}],"about":[{"href":"https:\/\/test.esolutions.free2move.com\/eu\/pt_pt\/wp-json\/wp\/v2\/types\/page"}],"author":[{"embeddable":true,"href":"https:\/\/test.esolutions.free2move.com\/eu\/pt_pt\/wp-json\/wp\/v2\/users\/1"}],"replies":[{"embeddable":true,"href":"https:\/\/test.esolutions.free2move.com\/eu\/pt_pt\/wp-json\/wp\/v2\/comments?post=50390"}],"version-history":[{"count":0,"href":"https:\/\/test.esolutions.free2move.com\/eu\/pt_pt\/wp-json\/wp\/v2\/pages\/50390\/revisions"}],"wp:attachment":[{"href":"https:\/\/test.esolutions.free2move.com\/eu\/pt_pt\/wp-json\/wp\/v2\/media?parent=50390"}],"curies":[{"name":"wp","href":"https:\/\/api.w.org\/{rel}","templated":true}]}}